{"id":206,"date":"2024-05-23T22:51:40","date_gmt":"2024-05-23T22:51:40","guid":{"rendered":"https:\/\/www.ub.edu\/gametheory\/?page_id=206"},"modified":"2025-09-23T12:53:36","modified_gmt":"2025-09-23T12:53:36","slug":"working-papers","status":"publish","type":"page","link":"https:\/\/www.ub.edu\/gametheory\/publications\/working-papers\/","title":{"rendered":"Working Papers"},"content":{"rendered":"\n<p>Here, you can find working papers that have not yet undergone peer review for publication in a journal.<\/p>\n\n\n\n<h2 class=\"wp-block-heading\" id=\"h.gu3n21nblnri_l\"><a href=\"https:\/\/sites.google.com\/view\/ubgtam\/publications\/working-papers?authuser=0#h.gu3n21nblnri\"><\/a><a href=\"https:\/\/sites.google.com\/view\/ubgtam\/publications\/working-papers?authuser=0#h.gu3n21nblnri\"><\/a>2025<\/h2>\n\n\n\n<ul class=\"wp-block-list\">\n<li>Will be updated by October 1st. Apologies for the delays.<\/li>\n<\/ul>\n\n\n\n<p><\/p>\n\n\n\n<h2 class=\"wp-block-heading\" id=\"h.gu3n21nblnri_l\"><a href=\"https:\/\/sites.google.com\/view\/ubgtam\/publications\/working-papers?authuser=0#h.gu3n21nblnri\"><\/a><a href=\"https:\/\/sites.google.com\/view\/ubgtam\/publications\/working-papers?authuser=0#h.gu3n21nblnri\"><\/a>2024<\/h2>\n\n\n\n<ul class=\"wp-block-list\">\n<li><a href=\"https:\/\/diposit.ub.edu\/dspace\/bitstream\/2445\/215607\/1\/WP_473_Alvarez_Mozos.pdf\" data-type=\"link\" data-id=\"https:\/\/diposit.ub.edu\/dspace\/bitstream\/2445\/215607\/1\/WP_473_Alvarez_Mozos.pdf\" target=\"_blank\" rel=\"noreferrer noopener\">The Partition Lattice Value for Global Cooperative Games<\/a>. Jos\u00e9 Mar\u00eda Alonso Meijide, Mikel \u00c1lvarez-Mozos, Gloria Fiestras Janeiro, Andr\u00e9s Jim\u00e9nez-Losada. UB Economics \u2013 Working Papers, E24\/473.<\/li>\n\n\n\n<li><a href=\"https:\/\/bse.eu\/sites\/default\/files\/working_paper_pdfs\/1427.pdf\" data-type=\"link\" data-id=\"https:\/\/bse.eu\/sites\/default\/files\/working_paper_pdfs\/1427.pdf\" target=\"_blank\" rel=\"noreferrer noopener\">Sequential creation of surplus and the Shapley value<\/a>. Mikel \u00c1lvarez-Mozos, In\u00e9s Macho-Stadler, David P\u00e9rez-Castrillo. BSE Working Paper 1427.<\/li>\n\n\n\n<li><a href=\"https:\/\/arxiv.org\/abs\/2404.04847v1\" data-type=\"link\" data-id=\"https:\/\/arxiv.org\/abs\/2404.04847v1\" target=\"_blank\" rel=\"noreferrer noopener\">A many-to-one job market: more about the core and the competitive salaries<\/a>. Ata Atay, Marina N\u00fa\u00f1ez, Tam\u00e1s Solymosi. arXiv:2404.04847.<\/li>\n\n\n\n<li><a href=\"https:\/\/arxiv.org\/abs\/2403.01442v1\" data-type=\"link\" data-id=\"https:\/\/arxiv.org\/abs\/2403.01442v1\" target=\"_blank\" rel=\"noreferrer noopener\">Optimistic and pessimistic approaches for cooperative games<\/a>. Ata Atay, Christian Trudeau. arXiv:2403.01442.<\/li>\n\n\n\n<li><a href=\"https:\/\/papers.ssrn.com\/sol3\/papers.cfm?abstract_id=4847354\" data-type=\"link\" data-id=\"https:\/\/papers.ssrn.com\/sol3\/papers.cfm?abstract_id=4847354\" target=\"_blank\" rel=\"noreferrer noopener\">Self-consistency for multi-valued solutions and the core<\/a>. Pedro Calleja, Francesc Llerena, Peter Sudh\u00f6lter. SSRN: 4847354.<\/li>\n\n\n\n<li><a href=\"https:\/\/diposit.ub.edu\/dspace\/bitstream\/2445\/215608\/1\/WP_475_De_Frutos_Cachorro.pdf\" data-type=\"link\" data-id=\"https:\/\/diposit.ub.edu\/dspace\/bitstream\/2445\/215608\/1\/WP_475_De_Frutos_Cachorro.pdf\" target=\"_blank\" rel=\"noreferrer noopener\">Farmers&#8217; adaptive investments and groundwater resource impact in a changing climate<\/a>. Julia de Frutos, Lucia Sbragia. UB Economics \u2013 Working Papers, E24\/475.<\/li>\n\n\n\n<li><a href=\"https:\/\/diposit.ub.edu\/dspace\/bitstream\/2445\/214879\/1\/E24-470_Izquierdo.pdf\" target=\"_blank\" rel=\"noreferrer noopener\">An egalitarian approach for the adjudication of conflicting claims<\/a>. Josep Maria Izquierdo, Carles Rafels. UB Economics \u2013 Working Papers, E24\/470.<\/li>\n\n\n\n<li><a href=\"https:\/\/papers.ssrn.com\/sol3\/papers.cfm?abstract_id=4744447\" target=\"_blank\" rel=\"noreferrer noopener\">Information acquisition, networks and voting<\/a>. Gerard Dom\u00e8nech, Caio Lorecchio, Oriol Tejada. SSRN: 4744447.<\/li>\n\n\n\n<li><a href=\"https:\/\/papers.ssrn.com\/sol3\/papers.cfm?abstract_id=4759227\" data-type=\"link\" data-id=\"https:\/\/papers.ssrn.com\/sol3\/papers.cfm?abstract_id=4759227\" target=\"_blank\" rel=\"noreferrer noopener\">Optimal democratic mechanisms: Should minorities propose first?<\/a> Hans Gersbach, Stephan Imhof, Oriol Tejada. SSRN: 4759227.<\/li>\n\n\n\n<li><a href=\"https:\/\/papers.ssrn.com\/sol3\/papers.cfm?abstract_id=4759201\" target=\"_blank\" rel=\"noreferrer noopener\">Curbing Polarization with Re-Election Hurdles.<\/a> Hans Gersbach, Philippe Muller, Oriol Tejada. SSRN: 4759201.<\/li>\n\n\n\n<li><a href=\"https:\/\/papers.ssrn.com\/sol3\/papers.cfm?abstract_id=4841878\" data-type=\"link\" data-id=\"https:\/\/papers.ssrn.com\/sol3\/papers.cfm?abstract_id=4841878\">Maximum and minimum core payoffs for supermodular multisided assignment games<\/a>. Javier Mart\u00ednez-de-Albeniz, Carles Rafels, Neus Ybern. SSRN: 4841878.<\/li>\n<\/ul>\n\n\n\n<p><\/p>\n\n\n\n<h2 class=\"wp-block-heading\" id=\"h.gu3n21nblnri_l\"><a href=\"https:\/\/sites.google.com\/view\/ubgtam\/publications\/working-papers?authuser=0#h.gu3n21nblnri\"><\/a><a href=\"https:\/\/sites.google.com\/view\/ubgtam\/publications\/working-papers?authuser=0#h.gu3n21nblnri\"><\/a>2023<\/h2>\n\n\n\n<ul class=\"wp-block-list\">\n<li><a href=\"https:\/\/diposit.ub.edu\/dspace\/bitstream\/2445\/193061\/1\/E23-441_Jane%2bBallarin.pdf\" target=\"_blank\" rel=\"noreferrer noopener\">The complexity of power indices in voting games with incompatible players<\/a>. Mart\u00ed Jan\u00e9 Ballar\u00edn.&nbsp;<em>Universitat de Barcelona. Facultat d&#8217;Economia i Empresa. UB School of Economics &#8211; Working Papers [WP E-Eco23\/441]<\/em>.<\/li>\n\n\n\n<li><a href=\"https:\/\/papers.ssrn.com\/sol3\/papers.cfm?abstract_id=4369524\" target=\"_blank\" rel=\"noreferrer noopener\">Extreme Core Points in Multisided Assignment Problems<\/a>.&nbsp;Javier&nbsp;Mart\u00ednez-de-Albeniz, Carlos Rafels, Neus Ybern.&nbsp;<em>Available at SSRN 4369524<\/em>.<\/li>\n\n\n\n<li><a href=\"https:\/\/dial.uclouvain.be\/pr\/boreal\/en\/object\/boreal%3A274287\/datastream\/PDF_01\/view\" target=\"_blank\" rel=\"noreferrer noopener\">Matching markets with farsighted couples<\/a>. Ata Atay, Sylvain Funck, Ana Mauleon, Vincent Vannetelbosch.&nbsp;<em>LIDAM Discussion Paper CORE 2023 \/ 11.<\/em><\/li>\n\n\n\n<li><a href=\"https:\/\/arxiv.org\/pdf\/2308.14689.pdf\" target=\"_blank\" rel=\"noreferrer noopener\">Complementarities in childcare allocation under priorities<\/a>. Ata Atay, Antonio Romero-Medina. arXiv:2308.14689.<\/li>\n<\/ul>\n\n\n\n<p><\/p>\n\n\n\n<h2 class=\"wp-block-heading\">2022<\/h2>\n\n\n\n<p><\/p>\n\n\n\n<ul class=\"wp-block-list\">\n<li><a href=\"https:\/\/diposit.ub.edu\/dspace\/bitstream\/2445\/188595\/1\/E22-428_Alonso%20et%20al.pdf\" target=\"_blank\" rel=\"noreferrer noopener\">Two families of values for global games<\/a>.&nbsp;Jos\u00e9 Mar\u00eda Alonso-Meijide, Mikel \u00c1lvarez-Mozos, Maria Gloria Fiestras-Janeiro, Andres Jim\u00e9nez-Losada.&nbsp;<em>UB School of Economics &#8211; Working Papers [WP E-Eco22\/428].<\/em><\/li>\n\n\n\n<li><a href=\"https:\/\/diposit.ub.edu\/dspace\/bitstream\/2445\/188596\/1\/E22-429_Atay%2bTrudeau.pdf\" target=\"_blank\" rel=\"noreferrer noopener\">Queueing games with an endogenous number of machines<\/a>.&nbsp; Ata Atay, Christian Trudeau.&nbsp;<em>UB School of Economics &#8211; Working Papers [WP E-Eco22\/429].<\/em><\/li>\n\n\n\n<li><a href=\"https:\/\/diposit.ub.edu\/dspace\/bitstream\/2445\/189520\/1\/E22-431_Futos%2bMartin%2bTidball.pdf\" target=\"_blank\" rel=\"noreferrer noopener\">Stackelberg competition in groundwater resources with multiple uses<\/a>. Julia de Frutos Cachorro, Guiomar Mart\u00edn-Herr\u00e1n, Mabel Tidball.&nbsp;<em>UB School of Economics &#8211; Working Papers [WP E-Eco22\/431], 2022.<\/em><\/li>\n\n\n\n<li><a href=\"https:\/\/diposit.ub.edu\/dspace\/bitstream\/2445\/191605\/1\/E22-437_Atay%20et%20al.pdf\" target=\"_blank\" rel=\"noreferrer noopener\">School choice with farsighted students<\/a>.&nbsp;Ata Atay, Ana Mauleon, Vincent Vannetelbosch.&nbsp;<em>Universitat de Barcelona. Facultat d&#8217;Economia i Empresa. UB School of Economics &#8211; Working Papers [WP E-Eco22\/437]<\/em><em>.<\/em><\/li>\n\n\n\n<li><a href=\"https:\/\/diposit.ub.edu\/dspace\/bitstream\/2445\/191574\/5\/E22-438_Atay%20et%20al-2.pdf\" target=\"_blank\" rel=\"noreferrer noopener\">Limited farsightedness in priority-based matching<\/a>.&nbsp;Ata Atay,&nbsp;Ana Mauleon,&nbsp;Vincent Vannetelbosch.&nbsp;<em>UB School of Economics &#8211; Working Papers&nbsp;<\/em><em>[WP E-Eco22\/438].<\/em><\/li>\n\n\n\n<li><a href=\"https:\/\/papers.ssrn.com\/sol3\/papers.cfm?abstract_id=4188347\" target=\"_blank\" rel=\"noreferrer noopener\">Policy Reforms and the Amount of Checks &amp; Balances<\/a>.&nbsp;Hans Gersbach, Oriol Tejada, Julia Wagner.&nbsp;<em>Available at SSRN 4188347.<\/em><\/li>\n<\/ul>\n\n\n\n<p><\/p>\n\n\n\n<h2 class=\"wp-block-heading\" id=\"h.ao8p8eutlcuj_l\"><a href=\"https:\/\/sites.google.com\/view\/ubgtam\/publications\/working-papers?authuser=0#h.ao8p8eutlcuj\"><\/a><a href=\"https:\/\/sites.google.com\/view\/ubgtam\/publications\/working-papers?authuser=0#h.ao8p8eutlcuj\"><\/a>2021<\/h2>\n\n\n\n<ul class=\"wp-block-list\">\n<li><a href=\"https:\/\/papers.ssrn.com\/sol3\/papers.cfm?abstract_id=4024220\" target=\"_blank\" rel=\"noreferrer noopener\">On manipulability in financial systems<\/a>. Pedro Calleja, Francesc Llerena, Peter Sudh\u00f6lter.&nbsp;<em>Discussion Papers on Economics, University of Southern Denmark, 8\/2021.<\/em><\/li>\n\n\n\n<li><a href=\"https:\/\/papers.ssrn.com\/sol3\/papers.cfm?abstract_id=4086480\" target=\"_blank\" rel=\"noreferrer noopener\">Externalities and the (Pre) nucleolus<\/a>.&nbsp;Mikel \u00c1lvarez-Mozos, Lars Ehlers.&nbsp;<em>Available at SSRN 4086480<\/em>.<\/li>\n\n\n\n<li><a href=\"https:\/\/papers.ssrn.com\/sol3\/papers.cfm?abstract_id=3239342\" target=\"_blank\" rel=\"noreferrer noopener\">On the Concentration of Talent: A General Result on Superstar Effects and Matching<\/a>.&nbsp;Ulrich Schetter, Oriol Tejada. A<em>vailable at SSRN 3239342<\/em>.<\/li>\n<\/ul>\n\n\n\n<p><\/p>\n\n\n\n<h2 class=\"wp-block-heading\" id=\"h.hrc4504r9876_l\"><a href=\"https:\/\/sites.google.com\/view\/ubgtam\/publications\/working-papers?authuser=0#h.hrc4504r9876\"><\/a><a href=\"https:\/\/sites.google.com\/view\/ubgtam\/publications\/working-papers?authuser=0#h.hrc4504r9876\"><\/a>2020<\/h2>\n\n\n\n<ul class=\"wp-block-list\">\n<li><a href=\"https:\/\/papers.ssrn.com\/sol3\/papers.cfm?abstract_id=3355484\" target=\"_blank\" rel=\"noreferrer noopener\">Welfare egalitarianism in surplus-sharing problems and convex games<\/a>. Pedro Calleja, Francesc Llerena, Peter Sudh\u00f6lter.&nbsp;<em>Discussion Papers on Business and Economics No. 6\/2019<\/em>.<\/li>\n\n\n\n<li><a href=\"https:\/\/ethz.ch\/content\/dam\/ethz\/special-interest\/mtec\/cer-eth\/cer-eth-dam\/documents\/working-papers\/WP-17-272.pdf\" target=\"_blank\" rel=\"noreferrer noopener\">Semi-Flexible Majority Rules for Public Good Provision<\/a>.&nbsp;Hans Gersbach, Oriol Tejada.&nbsp;<em>CEPR Discussion Paper No. DP15099.<\/em><\/li>\n\n\n\n<li><a href=\"https:\/\/papers.ssrn.com\/sol3\/papers.cfm?abstract_id=3824653\" target=\"_blank\" rel=\"noreferrer noopener\">Re-election Hurdles with Costly Policy Changes<\/a>. Hans Gersbach, Philippe Muller, Oriol Tejada.&nbsp;<a href=\"https:\/\/papers.ssrn.com\/sol3\/papers.cfm?abstract_id=3846124#\" target=\"_blank\" rel=\"noreferrer noopener\"><em>CEPR Discussion Paper No. DP16037<\/em><\/a><em>.<\/em><\/li>\n\n\n\n<li><a href=\"https:\/\/papers.ssrn.com\/sol3\/papers.cfm?abstract_id=3615407\" target=\"_blank\" rel=\"noreferrer noopener\">Optimal Term-length and the Structure of Democracy<\/a>. Hans Gersbach, Matthew Jackson, Oriol Tejada.&nbsp;&nbsp;<em>Available at SSRN 3615407.<\/em><\/li>\n<\/ul>\n","protected":false},"excerpt":{"rendered":"<p>Here, you can find working papers that have not yet undergone peer review for publication in a journal. 2025 2024 2023 2022 2021 2020<\/p>\n","protected":false},"author":1,"featured_media":0,"parent":196,"menu_order":0,"comment_status":"closed","ping_status":"closed","template":"","meta":{"footnotes":""},"class_list":["post-206","page","type-page","status-publish","hentry"],"_links":{"self":[{"href":"https:\/\/www.ub.edu\/gametheory\/wp-json\/wp\/v2\/pages\/206","targetHints":{"allow":["GET"]}}],"collection":[{"href":"https:\/\/www.ub.edu\/gametheory\/wp-json\/wp\/v2\/pages"}],"about":[{"href":"https:\/\/www.ub.edu\/gametheory\/wp-json\/wp\/v2\/types\/page"}],"author":[{"embeddable":true,"href":"https:\/\/www.ub.edu\/gametheory\/wp-json\/wp\/v2\/users\/1"}],"replies":[{"embeddable":true,"href":"https:\/\/www.ub.edu\/gametheory\/wp-json\/wp\/v2\/comments?post=206"}],"version-history":[{"count":12,"href":"https:\/\/www.ub.edu\/gametheory\/wp-json\/wp\/v2\/pages\/206\/revisions"}],"predecessor-version":[{"id":383,"href":"https:\/\/www.ub.edu\/gametheory\/wp-json\/wp\/v2\/pages\/206\/revisions\/383"}],"up":[{"embeddable":true,"href":"https:\/\/www.ub.edu\/gametheory\/wp-json\/wp\/v2\/pages\/196"}],"wp:attachment":[{"href":"https:\/\/www.ub.edu\/gametheory\/wp-json\/wp\/v2\/media?parent=206"}],"curies":[{"name":"wp","href":"https:\/\/api.w.org\/{rel}","templated":true}]}}