{"id":1006,"date":"2021-02-05T12:47:45","date_gmt":"2021-02-05T12:47:45","guid":{"rendered":"https:\/\/www.ub.edu\/gapp\/?page_id=1006"},"modified":"2021-02-11T18:26:18","modified_gmt":"2021-02-11T18:26:18","slug":"darrer-llibre","status":"publish","type":"page","link":"https:\/\/www.ub.edu\/gapp\/darrer-llibre\/","title":{"rendered":"Darrer llibre coordinat per GAPP"},"content":{"rendered":"<p>[et_pb_section fb_built=\u00bb1&#8243; _builder_version=\u00bb4.8.1&#8243; _module_preset=\u00bbdefault\u00bb background_image=\u00bbhttps:\/\/www.ub.edu\/gapp\/wp-content\/uploads\/2021\/01\/cabcera-imagen-milans.jpg\u00bb background_position=\u00bbbottom_left\u00bb][et_pb_row column_structure=\u00bb1_2,1_2&#8243; _builder_version=\u00bb4.8.1&#8243; _module_preset=\u00bbdefault\u00bb custom_margin=\u00bb50px||||false|false\u00bb custom_css_main_element=\u00bbdisplay: flex;||align-items:center;\u00bb custom_css_main_element_last_edited=\u00bbon|desktop\u00bb custom_css_main_element_tablet=\u00bb \u00ab][et_pb_column type=\u00bb1_2&#8243; _builder_version=\u00bb4.8.1&#8243; _module_preset=\u00bbdefault\u00bb][et_pb_text _builder_version=\u00bb4.8.2&#8243; _module_preset=\u00bbdefault\u00bb transform_scale_linked=\u00bboff\u00bb transform_translate_tablet=\u00bb0px|0%\u00bb transform_translate_phone=\u00bb0px|0%\u00bb transform_translate_last_edited=\u00bbon|tablet\u00bb transform_translate_linked=\u00bboff\u00bb custom_margin=\u00bb||||false|false\u00bb custom_margin_tablet=\u00bb||||false|false\u00bb custom_margin_phone=\u00bb\u00bb custom_margin_last_edited=\u00bbon|tablet\u00bb custom_css_main_element=\u00bb||\u00bb]<\/p>\n<h1>DARRER LLIBRE COORDINAT PER GAPP<\/h1>\n<p>[\/et_pb_text][\/et_pb_column][et_pb_column type=\u00bb1_2&#8243; _builder_version=\u00bb4.8.1&#8243; _module_preset=\u00bbdefault\u00bb][et_pb_text _builder_version=\u00bb4.8.2&#8243; _module_preset=\u00bbdefault\u00bb text_text_color=\u00bb#FFFFFF\u00bb background_color=\u00bb#0B280B\u00bb text_orientation=\u00bbcenter\u00bb width=\u00bb40px\u00bb module_alignment=\u00bbleft\u00bb min_height=\u00bb40px\u00bb animation_style=\u00bbzoom\u00bb custom_css_main_element=\u00bbdisplay:flex;||flex-direction: column;||justify-content: center;\u00bb border_radii=\u00bbon|100%|100%|100%|100%\u00bb]<\/p>\n<p>CA<\/p>\n<p>[\/et_pb_text][et_pb_text _builder_version=\u00bb4.8.1&#8243; _module_preset=\u00bbdefault\u00bb]<\/p>\n<p>21 Assajos al voltant del Patrimoni Cultural<\/p>\n<p>[\/et_pb_text][et_pb_text _builder_version=\u00bb4.8.2&#8243; _module_preset=\u00bbdefault\u00bb text_text_color=\u00bb#FFFFFF\u00bb background_color=\u00bb#0B280B\u00bb text_orientation=\u00bbcenter\u00bb width=\u00bb40px\u00bb module_alignment=\u00bbleft\u00bb min_height=\u00bb40px\u00bb animation_style=\u00bbzoom\u00bb custom_css_main_element=\u00bbdisplay:flex;||flex-direction: column;||justify-content: center;\u00bb border_radii=\u00bbon|100%|100%|100%|100%\u00bb]<\/p>\n<p>ES<\/p>\n<p>[\/et_pb_text][et_pb_text _builder_version=\u00bb4.8.1&#8243; _module_preset=\u00bbdefault\u00bb]<\/p>\n<p>21 Ensayos sobre el Patrimonio Cultural<\/p>\n<p>[\/et_pb_text][et_pb_text _builder_version=\u00bb4.8.2&#8243; _module_preset=\u00bbdefault\u00bb text_text_color=\u00bb#FFFFFF\u00bb background_color=\u00bb#0B280B\u00bb text_orientation=\u00bbcenter\u00bb width=\u00bb40px\u00bb module_alignment=\u00bbleft\u00bb min_height=\u00bb40px\u00bb animation_style=\u00bbzoom\u00bb custom_css_main_element=\u00bbdisplay:flex;||flex-direction: column;||justify-content: center;\u00bb border_radii=\u00bbon|100%|100%|100%|100%\u00bb]<\/p>\n<p>EN<\/p>\n<p>[\/et_pb_text][et_pb_text _builder_version=\u00bb4.8.2&#8243; _module_preset=\u00bbdefault\u00bb]<\/p>\n<p>21 Essays on Cultural Heritage<\/p>\n<p>[\/et_pb_text][\/et_pb_column][\/et_pb_row][\/et_pb_section][et_pb_section fb_built=\u00bb1&#8243; specialty=\u00bbon\u00bb _builder_version=\u00bb4.8.1&#8243; _module_preset=\u00bbdefault\u00bb custom_padding=\u00bb||||false|false\u00bb][et_pb_column type=\u00bb1_2&#8243; _builder_version=\u00bb3.25&#8243; custom_padding=\u00bb|||\u00bb custom_padding__hover=\u00bb|||\u00bb][et_pb_image src=\u00bbhttps:\/\/www.ub.edu\/gapp\/wp-content\/uploads\/2021\/02\/portada_libro-1.jpg\u00bb alt=\u00bb21 Assajos al voltant del Patrimoni Cultural\u00bb title_text=\u00bb21 Assajos al voltant del Patrimoni Cultural\u00bb align=\u00bbcenter\u00bb src_tablet=\u00bbhttps:\/\/www.ub.edu\/gapp\/wp-content\/uploads\/2021\/02\/portada_libro-1.jpg\u00bb src_phone=\u00bbhttps:\/\/www.ub.edu\/gapp\/wp-content\/uploads\/2021\/02\/portada_libro-1.jpg\u00bb src_last_edited=\u00bbon|tablet\u00bb _builder_version=\u00bb4.8.1&#8243; _module_preset=\u00bbdefault\u00bb][\/et_pb_image][et_pb_text _builder_version=\u00bb4.8.1&#8243; _module_preset=\u00bbdefault\u00bb]<\/p>\n<p>Citas\/citas\/citas: Pastor P\u00e9rez, A., Picas, M., y Ruiz Mart\u00ednez, A. (Eds.). (2020). 21 Assajos al voltant del Patrimoni Cultural. 21 Ensayos sobre el Patrimonio Cultural. JAS Arqueolog\u00eda: Madrid. DOI. https:\/\/doi.org\/10.23914\/book.001.<\/p>\n<p>[\/et_pb_text][\/et_pb_column][et_pb_column type=\u00bb1_2&#8243; specialty_columns=\u00bb2&#8243; _builder_version=\u00bb3.25&#8243; custom_padding=\u00bb|||\u00bb custom_padding__hover=\u00bb|||\u00bb][et_pb_row_inner column_structure=\u00bb1_2,1_2&#8243; _builder_version=\u00bb4.8.1&#8243; _module_preset=\u00bbdefault\u00bb][et_pb_column_inner type=\u00bb1_2&#8243; saved_specialty_column_type=\u00bb1_2&#8243; _builder_version=\u00bb4.8.1&#8243; _module_preset=\u00bbdefault\u00bb][et_pb_text _builder_version=\u00bb4.8.2&#8243; _module_preset=\u00bbdefault\u00bb text_text_color=\u00bb#FFFFFF\u00bb background_color=\u00bb#0B280B\u00bb text_orientation=\u00bbcenter\u00bb width=\u00bb40px\u00bb module_alignment=\u00bbleft\u00bb min_height=\u00bb40px\u00bb animation_style=\u00bbzoom\u00bb custom_css_main_element=\u00bbdisplay:flex;||flex-direction: column;||justify-content: center;\u00bb border_radii=\u00bbon|100%|100%|100%|100%\u00bb]<\/p>\n<p>CA<\/p>\n<p>[\/et_pb_text][\/et_pb_column_inner][et_pb_column_inner type=\u00bb1_2&#8243; saved_specialty_column_type=\u00bb1_2&#8243; _builder_version=\u00bb4.8.1&#8243; _module_preset=\u00bbdefault\u00bb custom_padding=\u00bb|||0px|false|false\u00bb][et_pb_text _builder_version=\u00bb4.8.1&#8243; _module_preset=\u00bbdefault\u00bb custom_margin=\u00bb|||-90%|false|false\u00bb custom_margin_tablet=\u00bb|||-90%|false|false\u00bb custom_margin_phone=\u00bb|||0px|false|false\u00bb custom_margin_last_edited=\u00bbon|phone\u00bb]<\/p>\n<p>El Grup d\u2019Arqueologia P\u00fablica i Patrimoni us informa de la sortida del seu nou llibre\u00a021 Assajos al voltant del Patrimoni Cultural\/ 21 Ensayos sobre el Patrimonio Cultural\u00a0publicat per JAS Arqueologia. Aquest compendi recull algunes de les veus que hem sentit en les \u201cconverses patrimonials\u201d que venim organitzant des de l\u2019any 2015 com a Grup d\u2019 Arqueologia P\u00fablica i Patrimoni\u201d (GAPP) de la Universitat de Barcelona a trav\u00e9s de vint textos cr\u00edtics i un foto-assaig a manera d\u2019ep\u00edleg. El volum compta a m\u00e9s amb un pr\u00f2leg de Margarita D\u00edaz-Andreu directora del GAPP (ICREA-UB).<\/p>\n<p>[\/et_pb_text][\/et_pb_column_inner][\/et_pb_row_inner][et_pb_row_inner column_structure=\u00bb1_2,1_2&#8243; _builder_version=\u00bb4.8.1&#8243; _module_preset=\u00bbdefault\u00bb][et_pb_column_inner type=\u00bb1_2&#8243; saved_specialty_column_type=\u00bb1_2&#8243; _builder_version=\u00bb4.8.1&#8243; _module_preset=\u00bbdefault\u00bb][et_pb_text _builder_version=\u00bb4.8.2&#8243; _module_preset=\u00bbdefault\u00bb text_text_color=\u00bb#FFFFFF\u00bb background_color=\u00bb#0B280B\u00bb text_orientation=\u00bbcenter\u00bb width=\u00bb40px\u00bb module_alignment=\u00bbleft\u00bb min_height=\u00bb40px\u00bb animation_style=\u00bbzoom\u00bb custom_css_main_element=\u00bbdisplay:flex;||flex-direction: column;||justify-content: center;\u00bb border_radii=\u00bbon|100%|100%|100%|100%\u00bb]<\/p>\n<p>ES<\/p>\n<p>[\/et_pb_text][\/et_pb_column_inner][et_pb_column_inner type=\u00bb1_2&#8243; saved_specialty_column_type=\u00bb1_2&#8243; _builder_version=\u00bb4.8.1&#8243; _module_preset=\u00bbdefault\u00bb custom_padding=\u00bb|||0px|false|false\u00bb][et_pb_text _builder_version=\u00bb4.8.1&#8243; _module_preset=\u00bbdefault\u00bb custom_margin=\u00bb|||-90%|false|false\u00bb custom_margin_tablet=\u00bb|||-90%|false|false\u00bb custom_margin_phone=\u00bb|||0px|false|false\u00bb custom_margin_last_edited=\u00bbon|phone\u00bb]<\/p>\n<p>El Grup d\u2019Arqueologia P\u00fablica i Patrimoni les informa de la salida de su nuevo libro\u00a021 Assajos al Voltant del Patrimoni Cultural\/ 21 Ensayos sobre Patrimonio Cultural\u00a0publicado por JAS Arqueolog\u00eda . Este compendio recoge algunas de las voces que hemos sentido en las \u201cconverses patrimonials\u201d que venimos organizando desde el a\u00f1o 2015 en el Grup d\u2019Arqueologia P\u00fablica i Patrimoni\u201d (GAPP) de la Universitat de Barcelona a trav\u00e9s de veinte textos cr\u00edticos y un foto ensayo a modo de ep\u00edlogo. El volumen cuenta adem\u00e1s con un pr\u00f3logo de Margarita D\u00edaz-Andreu directora del grupo (ICREA-UB).<\/p>\n<p>[\/et_pb_text][\/et_pb_column_inner][\/et_pb_row_inner][et_pb_row_inner column_structure=\u00bb1_2,1_2&#8243; _builder_version=\u00bb4.8.1&#8243; _module_preset=\u00bbdefault\u00bb][et_pb_column_inner type=\u00bb1_2&#8243; saved_specialty_column_type=\u00bb1_2&#8243; _builder_version=\u00bb4.8.1&#8243; _module_preset=\u00bbdefault\u00bb][et_pb_text _builder_version=\u00bb4.8.2&#8243; _module_preset=\u00bbdefault\u00bb text_text_color=\u00bb#FFFFFF\u00bb background_color=\u00bb#0B280B\u00bb text_orientation=\u00bbcenter\u00bb width=\u00bb40px\u00bb module_alignment=\u00bbleft\u00bb min_height=\u00bb40px\u00bb animation_style=\u00bbzoom\u00bb custom_css_main_element=\u00bbdisplay:flex;||flex-direction: column;||justify-content: center;\u00bb border_radii=\u00bbon|100%|100%|100%|100%\u00bb]<\/p>\n<p>EN<\/p>\n<p>[\/et_pb_text][\/et_pb_column_inner][et_pb_column_inner type=\u00bb1_2&#8243; saved_specialty_column_type=\u00bb1_2&#8243; _builder_version=\u00bb4.8.1&#8243; _module_preset=\u00bbdefault\u00bb custom_padding=\u00bb|||0px|false|false\u00bb][et_pb_text _builder_version=\u00bb4.8.2&#8243; _module_preset=\u00bbdefault\u00bb custom_margin=\u00bb|||-90%|false|false\u00bb custom_margin_tablet=\u00bb|||-90%|false|false\u00bb custom_margin_phone=\u00bb|||0px|false|false\u00bb custom_margin_last_edited=\u00bbon|phone\u00bb]<\/p>\n<p>The Grup d\u2019Arqueologia P\u00fablica i Patrimoni (University of Barcelona) informs you of the release of its new book\u00a021 Assajos al Voltant del Patrimoni Cultural \/ 21 Essays on Cultural Heritage\u00a0published by JAS Arqueolog\u00eda. This compendium reunites some of the voices that have participated in the \u201cheritage converses\u201d that the group has organized since 2015. The book is composed of twenty critical texts and a photo essay as an epilogue. The volume also has a foreword by Margarita D\u00edaz-Andreu, director of the group (ICREA-UB).<\/p>\n<p>[\/et_pb_text][\/et_pb_column_inner][\/et_pb_row_inner][\/et_pb_column][\/et_pb_section][et_pb_section fb_built=\u00bb1&#8243; _builder_version=\u00bb4.8.1&#8243; _module_preset=\u00bbdefault\u00bb background_color=\u00bb#C8AB37&#8243;][et_pb_row column_structure=\u00bb1_3,1_3,1_3&#8243; _builder_version=\u00bb4.8.1&#8243; _module_preset=\u00bbdefault\u00bb][et_pb_column type=\u00bb1_3&#8243; _builder_version=\u00bb4.8.1&#8243; _module_preset=\u00bbdefault\u00bb][et_pb_text _builder_version=\u00bb4.8.2&#8243; _module_preset=\u00bbdefault\u00bb text_text_color=\u00bb#FFFFFF\u00bb background_color=\u00bb#0B280B\u00bb text_orientation=\u00bbcenter\u00bb width=\u00bb40px\u00bb module_alignment=\u00bbleft\u00bb min_height=\u00bb40px\u00bb animation_style=\u00bbzoom\u00bb custom_css_main_element=\u00bbdisplay:flex;||flex-direction: column;||justify-content: center;\u00bb border_radii=\u00bbon|100%|100%|100%|100%\u00bb]<\/p>\n<p>CA<\/p>\n<p>[\/et_pb_text][et_pb_text _builder_version=\u00bb4.8.1&#8243; _module_preset=\u00bbdefault\u00bb]<\/p>\n<p>Els treballs presentats versen sobre tem\u00e0tiques diverses associades al patrimoni cultural: gesti\u00f3 de patrimoni, participaci\u00f3, mapatges col\u00b7lectius, restauraci\u00f3, museologia, conservaci\u00f3, reflexions cr\u00edtiques des de l\u2019\u00e0mbit de la filosofia o el dret. No es tracta merament d\u2019una exposici\u00f3 acad\u00e8mica sobre una tem\u00e0tica concreta, sin\u00f3 que tamb\u00e9 es pret\u00e9n convidar a les nostres lectores i lectors a participar en un di\u00e0leg reflexiu que les i els faci q\u00fcestionar-se la seva pr\u00f2pia visi\u00f3 sobre el tema. Hem intentat que les autores i autors transfereixin al p\u00fablic lector l\u2019ess\u00e8ncia dels di\u00e0legs a trav\u00e9s del format assag\u00edstic, mitjan\u00e7ant textos breus i amb algunes imatges que donin suport als discursos narratius.<\/p>\n<p>[\/et_pb_text][\/et_pb_column][et_pb_column type=\u00bb1_3&#8243; _builder_version=\u00bb4.8.1&#8243; _module_preset=\u00bbdefault\u00bb][et_pb_text _builder_version=\u00bb4.8.2&#8243; _module_preset=\u00bbdefault\u00bb text_text_color=\u00bb#FFFFFF\u00bb background_color=\u00bb#0B280B\u00bb text_orientation=\u00bbcenter\u00bb width=\u00bb40px\u00bb module_alignment=\u00bbleft\u00bb min_height=\u00bb40px\u00bb animation_style=\u00bbzoom\u00bb custom_css_main_element=\u00bbdisplay:flex;||flex-direction: column;||justify-content: center;\u00bb border_radii=\u00bbon|100%|100%|100%|100%\u00bb]<\/p>\n<p>ES<\/p>\n<p>[\/et_pb_text][et_pb_text _builder_version=\u00bb4.8.1&#8243; _module_preset=\u00bbdefault\u00bb]<\/p>\n<p>Los trabajos presentados versan en torno a tem\u00e1ticas diversas asociadas al patrimonio cultural: gesti\u00f3n, participaci\u00f3n, mapeos colectivos, restauraci\u00f3n, museolog\u00eda, conservaci\u00f3n, reflexiones cr\u00edticas desde la filosof\u00eda o el derecho. No se trata meramente de una exposici\u00f3n acad\u00e9mica acerca de una tem\u00e1tica concreta sino de acercar a nuestras lectoras y lectores a participar en un di\u00e1logo reflexivo que les haga cuestionarse su propia visi\u00f3n acerca del tema. Hemos intentado que las autoras y autores transfieran al p\u00fablico lector la esencia de los di\u00e1logos a trav\u00e9s del formato ensay\u00edstico, breves y con algunas im\u00e1genes que apoyen los discursos narrativos de los mismos.<\/p>\n<p>[\/et_pb_text][\/et_pb_column][et_pb_column type=\u00bb1_3&#8243; _builder_version=\u00bb4.8.1&#8243; _module_preset=\u00bbdefault\u00bb][et_pb_text _builder_version=\u00bb4.8.2&#8243; _module_preset=\u00bbdefault\u00bb text_text_color=\u00bb#FFFFFF\u00bb background_color=\u00bb#0B280B\u00bb text_orientation=\u00bbcenter\u00bb width=\u00bb40px\u00bb module_alignment=\u00bbleft\u00bb min_height=\u00bb40px\u00bb animation_style=\u00bbzoom\u00bb custom_css_main_element=\u00bbdisplay:flex;||flex-direction: column;||justify-content: center;\u00bb border_radii=\u00bbon|100%|100%|100%|100%\u00bb]<\/p>\n<p>EN<\/p>\n<p>[\/et_pb_text][et_pb_text _builder_version=\u00bb4.8.1&#8243; _module_preset=\u00bbdefault\u00bb]<\/p>\n<p>The papers presented deal with several themes associated with discussions about cultural heritage: heritage management, participation, collective mapping, restoration, museology, conservation, and critical reflections from philosophy or law. It is not merely an academic discussion about a specific topic but rather a book that aims to bring the readers to participate in a reflective dialogue and fosters a questioning of existing visions about the subject. Using the essay format and some images to accompany the narratives we have tried to encourage the authors to transfer the essence of the dialogues to the readers.<\/p>\n<p>[\/et_pb_text][\/et_pb_column][\/et_pb_row][et_pb_row _builder_version=\u00bb4.8.1&#8243; _module_preset=\u00bbdefault\u00bb][et_pb_column type=\u00bb4_4&#8243; _builder_version=\u00bb4.8.1&#8243; _module_preset=\u00bbdefault\u00bb][et_pb_button button_text=\u00bbDownload e-book\u00bb button_alignment=\u00bbcenter\u00bb _builder_version=\u00bb4.8.1&#8243; _module_preset=\u00bbdefault\u00bb][\/et_pb_button][\/et_pb_column][\/et_pb_row][\/et_pb_section][et_pb_section fb_built=\u00bb1&#8243; _builder_version=\u00bb4.8.1&#8243; _module_preset=\u00bbdefault\u00bb][et_pb_row _builder_version=\u00bb4.8.1&#8243; _module_preset=\u00bbdefault\u00bb][et_pb_column type=\u00bb4_4&#8243; _builder_version=\u00bb4.8.1&#8243; _module_preset=\u00bbdefault\u00bb][et_pb_text _builder_version=\u00bb4.8.1&#8243; _module_preset=\u00bbdefault\u00bb custom_padding=\u00bb21px|||||\u00bb]<\/p>\n<p>Contribuciones\/contribuciones\/contribuciones: Margarita D\u00edaz-Andreu, Joan Menchon Bes, Natalia Hern\u00e1ndez Tangarife, Paloma Gonz\u00e1lez Marc\u00e9n, Alfonso Monsalve Romera, Gonzalo de Pedro Andr\u00e9s, Roger Alc\u00e0ntara, Adri\u00e0 Breu, Ivan Giron\u00e8s, Andreu Monforte-Barber\u00e1n, Sara Santaella, Quim Sisa-L\u00f3pez de Pablo, David Gonz\u00e1lez-\u00c1lvarez, Juansebasti\u00e1n Vel\u00e1squez Pel\u00e1ez, Jes\u00fas Mart\u00edn Alonso, Guillermo Palomero L\u00f3pez, B\u00e1rbara Molina Neira, Ana Pastor P\u00e9rez, Apen Ruiz Mart\u00ednez, Isidre Pastor Batalla, Cristina Vidal Lorenzo, Camila Opazo-Sep\u00falveda, Esraa Fathy Alhadad, Leslie F. Zubieta, Sendy Ghirardi, Marina Skarpeti, Margarita G\u00f3mez Salas, Jaime Almansa-S\u00e1nchez, Eva Parga-Dans, Pablo Alonso Gonz\u00e1lez, Ana-Mar\u00eda Alarc\u00f3n-Jim\u00e9nez i Laura Coltofean-Arizancu.<\/p>\n<p>[\/et_pb_text][\/et_pb_column][\/et_pb_row][\/et_pb_section]<\/p>\n","protected":false},"excerpt":{"rendered":"<p>DARRER LLIBRE COORDINAT PER GAPPCA21 Assajos al voltant del Patrimoni CulturalES21 Ensayos sobre el Patrimonio CulturalEN21 Essays on Cultural HeritageCitas\/citas\/citas: Pastor P\u00e9rez, A., Picas, M., y Ruiz Mart\u00ednez, A. (Eds.). (2020). 21 Assajos al voltant del Patrimoni Cultural. 21 Ensayos sobre el Patrimonio Cultural. JAS Arqueolog\u00eda: Madrid. DOI. https:\/\/doi.org\/10.23914\/book.001.CAEl Grup d\u2019Arqueologia P\u00fablica i Patrimoni us [&hellip;]<\/p>\n","protected":false},"author":3,"featured_media":0,"parent":0,"menu_order":0,"comment_status":"closed","ping_status":"closed","template":"","meta":{"_et_pb_use_builder":"on","_et_pb_old_content":"","_et_gb_content_width":"","footnotes":""},"class_list":["post-1006","page","type-page","status-publish","hentry"],"yoast_head":"<!-- This site is optimized with the Yoast SEO plugin v16.1.1 - https:\/\/yoast.com\/wordpress\/plugins\/seo\/ -->\n<title>Darrer llibre coordinat per GAPP - GAPP<\/title>\n<link rel=\"canonical\" href=\"https:\/\/www.ub.edu\/gapp\/darrer-llibre\/\" \/>\n<meta property=\"og:locale\" content=\"es_ES\" \/>\n<meta property=\"og:type\" content=\"article\" \/>\n<meta property=\"og:title\" content=\"Darrer llibre coordinat per GAPP - GAPP\" \/>\n<meta property=\"og:description\" content=\"DARRER LLIBRE COORDINAT PER GAPPCA21 Assajos al voltant del Patrimoni CulturalES21 Ensayos sobre el Patrimonio CulturalEN21 Essays on Cultural HeritageCitas\/citas\/citas: Pastor P\u00e9rez, A., Picas, M., y Ruiz Mart\u00ednez, A. (Eds.). (2020). 21 Assajos al voltant del Patrimoni Cultural. 21 Ensayos sobre el Patrimonio Cultural. JAS Arqueolog\u00eda: Madrid. DOI. https:\/\/doi.org\/10.23914\/book.001.CAEl Grup d\u2019Arqueologia P\u00fablica i Patrimoni us [&hellip;]\" \/>\n<meta property=\"og:url\" content=\"https:\/\/www.ub.edu\/gapp\/darrer-llibre\/\" \/>\n<meta property=\"og:site_name\" content=\"GAPP\" \/>\n<meta property=\"article:modified_time\" content=\"2021-02-11T18:26:18+00:00\" \/>\n<meta name=\"twitter:card\" content=\"summary_large_image\" \/>\n<meta name=\"twitter:label1\" content=\"Tiempo de lectura\">\n\t<meta name=\"twitter:data1\" content=\"10 minutos\">\n<script type=\"application\/ld+json\" class=\"yoast-schema-graph\">{\"@context\":\"https:\/\/schema.org\",\"@graph\":[{\"@type\":\"WebSite\",\"@id\":\"https:\/\/www.ub.edu\/gapp\/#website\",\"url\":\"https:\/\/www.ub.edu\/gapp\/\",\"name\":\"GAPP\",\"description\":\"Grup d\\u2019Arqueologia P\\u00fablica i Patrimoni\",\"potentialAction\":[{\"@type\":\"SearchAction\",\"target\":\"https:\/\/www.ub.edu\/gapp\/?s={search_term_string}\",\"query-input\":\"required name=search_term_string\"}],\"inLanguage\":\"es\"},{\"@type\":\"WebPage\",\"@id\":\"https:\/\/www.ub.edu\/gapp\/darrer-llibre\/#webpage\",\"url\":\"https:\/\/www.ub.edu\/gapp\/darrer-llibre\/\",\"name\":\"Darrer llibre coordinat per GAPP - GAPP\",\"isPartOf\":{\"@id\":\"https:\/\/www.ub.edu\/gapp\/#website\"},\"datePublished\":\"2021-02-05T12:47:45+00:00\",\"dateModified\":\"2021-02-11T18:26:18+00:00\",\"breadcrumb\":{\"@id\":\"https:\/\/www.ub.edu\/gapp\/darrer-llibre\/#breadcrumb\"},\"inLanguage\":\"es\",\"potentialAction\":[{\"@type\":\"ReadAction\",\"target\":[\"https:\/\/www.ub.edu\/gapp\/darrer-llibre\/\"]}]},{\"@type\":\"BreadcrumbList\",\"@id\":\"https:\/\/www.ub.edu\/gapp\/darrer-llibre\/#breadcrumb\",\"itemListElement\":[{\"@type\":\"ListItem\",\"position\":1,\"item\":{\"@type\":\"WebPage\",\"@id\":\"https:\/\/www.ub.edu\/gapp\/\",\"url\":\"https:\/\/www.ub.edu\/gapp\/\",\"name\":\"Portada\"}},{\"@type\":\"ListItem\",\"position\":2,\"item\":{\"@type\":\"WebPage\",\"@id\":\"https:\/\/www.ub.edu\/gapp\/darrer-llibre\/\",\"url\":\"https:\/\/www.ub.edu\/gapp\/darrer-llibre\/\",\"name\":\"Darrer llibre coordinat per GAPP\"}}]}]}<\/script>\n<!-- \/ Yoast SEO plugin. -->","_links":{"self":[{"href":"https:\/\/www.ub.edu\/gapp\/wp-json\/wp\/v2\/pages\/1006","targetHints":{"allow":["GET"]}}],"collection":[{"href":"https:\/\/www.ub.edu\/gapp\/wp-json\/wp\/v2\/pages"}],"about":[{"href":"https:\/\/www.ub.edu\/gapp\/wp-json\/wp\/v2\/types\/page"}],"author":[{"embeddable":true,"href":"https:\/\/www.ub.edu\/gapp\/wp-json\/wp\/v2\/users\/3"}],"replies":[{"embeddable":true,"href":"https:\/\/www.ub.edu\/gapp\/wp-json\/wp\/v2\/comments?post=1006"}],"version-history":[{"count":12,"href":"https:\/\/www.ub.edu\/gapp\/wp-json\/wp\/v2\/pages\/1006\/revisions"}],"predecessor-version":[{"id":1550,"href":"https:\/\/www.ub.edu\/gapp\/wp-json\/wp\/v2\/pages\/1006\/revisions\/1550"}],"wp:attachment":[{"href":"https:\/\/www.ub.edu\/gapp\/wp-json\/wp\/v2\/media?parent=1006"}],"curies":[{"name":"wp","href":"https:\/\/api.w.org\/{rel}","templated":true}]}}