{"id":112,"date":"2021-02-03T09:43:55","date_gmt":"2021-02-03T09:43:55","guid":{"rendered":"https:\/\/www.ub.edu\/gapp\/?page_id=112"},"modified":"2022-09-20T08:13:28","modified_gmt":"2022-09-20T08:13:28","slug":"xile","status":"publish","type":"page","link":"https:\/\/www.ub.edu\/gapp\/recerca\/xile\/","title":{"rendered":"Xile"},"content":{"rendered":"<p>[et_pb_section fb_built=\u00bb1&#8243; _builder_version=\u00bb4.8.1&#8243; _module_preset=\u00bbdefault\u00bb background_image=\u00bbhttps:\/\/www.ub.edu\/gapp\/wp-content\/uploads\/2021\/01\/cabcera-imagen-milans.jpg\u00bb background_position=\u00bbbottom_left\u00bb][et_pb_row column_structure=\u00bb1_2,1_2&#8243; _builder_version=\u00bb4.8.1&#8243; _module_preset=\u00bbdefault\u00bb custom_margin=\u00bb||||false|false\u00bb custom_css_main_element=\u00bbdisplay: flex;||align-items:center;\u00bb custom_css_main_element_last_edited=\u00bbon|tablet\u00bb custom_css_main_element_tablet=\u00bb \u00ab][et_pb_column type=\u00bb1_2&#8243; _builder_version=\u00bb4.8.1&#8243; _module_preset=\u00bbdefault\u00bb][et_pb_text _builder_version=\u00bb4.8.2&#8243; _module_preset=\u00bbdefault\u00bb transform_scale_linked=\u00bboff\u00bb transform_translate_tablet=\u00bb0px|0%\u00bb transform_translate_phone=\u00bb0px|0%\u00bb transform_translate_last_edited=\u00bbon|tablet\u00bb transform_translate_linked=\u00bboff\u00bb custom_margin=\u00bb||||false|false\u00bb custom_margin_tablet=\u00bb||||false|false\u00bb custom_margin_phone=\u00bb\u00bb custom_margin_last_edited=\u00bbon|tablet\u00bb custom_css_main_element=\u00bb||\u00bb]<\/p>\n<h1>Xile<\/h1>\n<p>[\/et_pb_text][\/et_pb_column][et_pb_column type=\u00bb1_2&#8243; _builder_version=\u00bb4.8.1&#8243; _module_preset=\u00bbdefault\u00bb][et_pb_text _builder_version=\u00bb4.9.4&#8243; _module_preset=\u00bbdefault\u00bb text_text_color=\u00bb#FFFFFF\u00bb background_color=\u00bb#0B280B\u00bb text_orientation=\u00bbcenter\u00bb width=\u00bb40px\u00bb module_alignment=\u00bbleft\u00bb min_height=\u00bb40px\u00bb animation_style=\u00bbzoom\u00bb hover_enabled=\u00bb0&#8243; custom_css_main_element=\u00bbdisplay:flex;||flex-direction: column;||justify-content: center;\u00bb border_radii=\u00bbon|100%|100%|100%|100%\u00bb sticky_enabled=\u00bb0&#8243;]<\/p>\n<p>CAT<\/p>\n<p>[\/et_pb_text][et_pb_text _builder_version=\u00bb4.8.2&#8243; _module_preset=\u00bbdefault\u00bb]<\/p>\n<p>La gesti\u00f3 del patrimoni ind\u00edgena als museus de Xile. El cas del Museu Hist\u00f2ric Nacional (1990-2020).<\/p>\n<p>[\/et_pb_text][et_pb_text _builder_version=\u00bb4.8.2&#8243; _module_preset=\u00bbdefault\u00bb text_text_color=\u00bb#FFFFFF\u00bb background_color=\u00bb#0B280B\u00bb text_orientation=\u00bbcenter\u00bb width=\u00bb40px\u00bb module_alignment=\u00bbleft\u00bb min_height=\u00bb40px\u00bb animation_style=\u00bbzoom\u00bb custom_css_main_element=\u00bbdisplay:flex;||flex-direction: column;||justify-content: center;\u00bb border_radii=\u00bbon|100%|100%|100%|100%\u00bb]<\/p>\n<p>ES<\/p>\n<p>[\/et_pb_text][et_pb_text _builder_version=\u00bb4.8.2&#8243; _module_preset=\u00bbdefault\u00bb]<\/p>\n<p>La gesti\u00f3n del patrimonio ind\u00edgena en los museos de Chile. El caso del Museo Hist\u00f3rico Nacional (1990-2020).<\/p>\n<p>[\/et_pb_text][et_pb_text _builder_version=\u00bb4.8.2&#8243; _module_preset=\u00bbdefault\u00bb text_text_color=\u00bb#FFFFFF\u00bb background_color=\u00bb#0B280B\u00bb text_orientation=\u00bbcenter\u00bb width=\u00bb40px\u00bb module_alignment=\u00bbleft\u00bb min_height=\u00bb40px\u00bb animation_style=\u00bbzoom\u00bb custom_css_main_element=\u00bbdisplay:flex;||flex-direction: column;||justify-content: center;\u00bb border_radii=\u00bbon|100%|100%|100%|100%\u00bb]<\/p>\n<p>EN<\/p>\n<p>[\/et_pb_text][et_pb_text _builder_version=\u00bb4.8.2&#8243; _module_preset=\u00bbdefault\u00bb]<\/p>\n<p>The management of indigenous heritage in Chilean museums. The case of the National Historical Museum (1990-2020).<\/p>\n<p>[\/et_pb_text][\/et_pb_column][\/et_pb_row][\/et_pb_section][et_pb_section fb_built=\u00bb1&#8243; _builder_version=\u00bb4.8.0&#8243; _module_preset=\u00bbdefault\u00bb][et_pb_row column_structure=\u00bb1_3,1_3,1_3&#8243; _builder_version=\u00bb4.9.4&#8243; _module_preset=\u00bbdefault\u00bb][et_pb_column type=\u00bb1_3&#8243; _builder_version=\u00bb4.9.4&#8243; _module_preset=\u00bbdefault\u00bb][et_pb_text _builder_version=\u00bb4.9.4&#8243; _module_preset=\u00bbdefault\u00bb text_text_color=\u00bb#FFFFFF\u00bb background_color=\u00bb#0B280B\u00bb text_orientation=\u00bbcenter\u00bb width=\u00bb40px\u00bb module_alignment=\u00bbleft\u00bb min_height=\u00bb40px\u00bb animation_style=\u00bbzoom\u00bb custom_css_main_element=\u00bbdisplay:flex;||flex-direction: column;||justify-content: center;\u00bb border_radii=\u00bbon|100%|100%|100%|100%\u00bb]<\/p>\n<p>CAT<\/p>\n<p>[\/et_pb_text][et_pb_text _builder_version=\u00bb4.9.4&#8243; _module_preset=\u00bbdefault\u00bb]<\/p>\n<div>\n<p style=\"text-align: left;\"><span lang=\"CA\">La inclusi\u00f3 de la diversitat cultural a les identitats nacionals ha sigut un dels projectes que ha caracteritzat les pol\u00edtiques culturals de diversos estats en el marc del multiculturalisme. Els museus,<span class=\"apple-converted-space\">\u00a0<\/span><\/span><span>com a<\/span><span class=\"apple-converted-space\"><span>\u00a0<\/span>institucions estatals que representen la identitat, han tingut la important missi\u00f3 d&#8217;incorporar als seus relats i exposicions a grups culturals que abans havien sigut exclosos d&#8217;aquests espais. En els \u00faltims anys, els pobles ind\u00edgenes comen\u00e7aren a tenir major visibilitat en aquestes institucions i les seves demandes per administrar els seus patrimonis han repercutit de forma\u00a0<\/span><span>rellevant<\/span><span class=\"apple-converted-space\"><span>\u00a0<\/span>en les pr\u00e0ctiques de gesti\u00f3 que elles desenvolupen. La investigaci\u00f3 realitzada en el marc del seu m\u00e0ster per Camila\u00a0<\/span><span class=\"hiddenspellerror\"><span>Opazo<\/span><\/span><span>-Sep\u00falveda<span class=\"apple-converted-space\">\u00a0<\/span><\/span><span>t\u00e9<\/span><span class=\"apple-converted-space\"><span>\u00a0<\/span>per objectiu analitzar les transformacions que els museus de Xile han\u00a0<\/span><span>dut a terme<\/span><span class=\"apple-converted-space\"><span>\u00a0<\/span>en els \u00faltims trenta anys per a incorporar als pobles ind\u00edgenes al relat identitari nacional, centrant la seva atenci\u00f3 particularment en el Museu Hist\u00f2ric Nacional i en les activitats col\u00b7laboratives que\u00a0<\/span><span>aquesta instituci\u00f3<\/span><span class=\"apple-converted-space\"><span>\u00a0<\/span>ha desenvolupat amb el poble maputxe en els \u00faltims anys. A trav\u00e9s del seu treball es busca contribuir al debat de la participaci\u00f3 ind\u00edgena en la gesti\u00f3 patrimonial en els museus, apuntant des\u00a0<\/span><span>d&#8217;una<\/span><span class=\"apple-converted-space\"><span>\u00a0<\/span>mirada critica a la seva descolonitzaci\u00f3.<\/span><span lang=\"CA\"><o:p><\/o:p><\/span><\/p>\n<\/div>\n<p>[\/et_pb_text][et_pb_text _builder_version=\u00bb4.9.4&#8243; _module_preset=\u00bbdefault\u00bb]<\/p>\n<p><strong>Continguts Relacionats<\/strong><\/p>\n<p>[\/et_pb_text][et_pb_text _builder_version=\u00bb4.8.0&#8243; _module_preset=\u00bbdefault\u00bb]<\/p>\n<p>Conversatorio: El MHN entre la globalizaci\u00f3n y el multiculturalismo<br \/><a href=\"https:\/\/www.youtube.com\/watch?v=xMDhwxps17o\" target=\"_blank\" rel=\"noopener\">https:\/\/www.youtube.com\/watch?v=xMDhwxps17o<\/a><\/p>\n<p>[\/et_pb_text][\/et_pb_column][et_pb_column type=\u00bb1_3&#8243; _builder_version=\u00bb4.9.4&#8243; _module_preset=\u00bbdefault\u00bb][et_pb_text _builder_version=\u00bb4.8.2&#8243; _module_preset=\u00bbdefault\u00bb text_text_color=\u00bb#FFFFFF\u00bb background_color=\u00bb#0B280B\u00bb text_orientation=\u00bbcenter\u00bb width=\u00bb40px\u00bb module_alignment=\u00bbleft\u00bb min_height=\u00bb40px\u00bb animation_style=\u00bbzoom\u00bb custom_css_main_element=\u00bbdisplay:flex;||flex-direction: column;||justify-content: center;\u00bb border_radii=\u00bbon|100%|100%|100%|100%\u00bb]<\/p>\n<p>ES<\/p>\n<p>[\/et_pb_text][et_pb_text _builder_version=\u00bb4.8.0&#8243; _module_preset=\u00bbdefault\u00bb]<\/p>\n<p>La inclusi\u00f3n de la diversidad cultural a las identidades nacionales ha sido uno de los proyectos que ha caracterizado a las pol\u00edticas culturales de diversos estados en el marco del multiculturalismo. Los museos, como instituciones estatales que representan la identidad, han tenido la importante misi\u00f3n de incorporar a sus relatos y exposiciones a grupos culturales que antes hab\u00edan sido excluidos de estos espacios. En los \u00faltimos a\u00f1os, los pueblos ind\u00edgenas comenzaron a tener mayor visibilidad en estas instituciones y sus demandas por administrar sus patrimonios ha repercutido de manera importante en las pr\u00e1cticas de gesti\u00f3n que ellas desarrollan. La investigaci\u00f3n realizada en el marco de su master por Camila Opazo-Sep\u00falveda tiene por objetivo analizar las transformaciones que los museos de Chile han desarrollado en los \u00faltimos treinta a\u00f1os para incorporar a los pueblos ind\u00edgenas al relato identitario nacional, centrando su atenci\u00f3n particularmente en el Museo Hist\u00f3rico Nacional y en las actividades colaborativas que dicha instituci\u00f3n ha desarrollado con el pueblo mapuche en los \u00faltimos a\u00f1os. A trav\u00e9s de su trabajo se busca contribuir al debate de la participaci\u00f3n ind\u00edgena en la gesti\u00f3n patrimonial en los museos, apuntando desde una mirada cr\u00edtica a su descolonizaci\u00f3n.<\/p>\n<p>[\/et_pb_text][et_pb_text _builder_version=\u00bb4.8.1&#8243; _module_preset=\u00bbdefault\u00bb]<\/p>\n<p><strong>Contenidos Relacionados<\/strong><\/p>\n<p>[\/et_pb_text][et_pb_text _builder_version=\u00bb4.8.0&#8243; _module_preset=\u00bbdefault\u00bb]<\/p>\n<p>Conversatorio: El MHN entre la globalizaci\u00f3n y el multiculturalismo<br \/><a href=\"https:\/\/www.youtube.com\/watch?v=xMDhwxps17o\" target=\"_blank\" rel=\"noopener\">https:\/\/www.youtube.com\/watch?v=xMDhwxps17o<\/a><\/p>\n<p>[\/et_pb_text][\/et_pb_column][et_pb_column type=\u00bb1_3&#8243; _builder_version=\u00bb4.8.0&#8243; _module_preset=\u00bbdefault\u00bb][et_pb_text _builder_version=\u00bb4.8.2&#8243; _module_preset=\u00bbdefault\u00bb text_text_color=\u00bb#FFFFFF\u00bb background_color=\u00bb#0B280B\u00bb text_orientation=\u00bbcenter\u00bb width=\u00bb40px\u00bb module_alignment=\u00bbleft\u00bb min_height=\u00bb40px\u00bb animation_style=\u00bbzoom\u00bb custom_css_main_element=\u00bbdisplay:flex;||flex-direction: column;||justify-content: center;\u00bb border_radii=\u00bbon|100%|100%|100%|100%\u00bb]<\/p>\n<p>EN<\/p>\n<p>[\/et_pb_text][et_pb_text _builder_version=\u00bb4.8.0&#8243; _module_preset=\u00bbdefault\u00bb]<\/p>\n<p>The inclusion of cultural diversity in national identities has been one of the projects that has characterized the cultural policies of various states in the multicultural scenario. Museums, as state institutions that represent identity, have had the important mission of incorporating cultural groups that had previously been excluded from these spaces into their stories and exhibitions. In recent years, indigenous people began to have greater visibility in these institutions, and their demands to manage their heritage have had a significant impact on their management practices. Camila Opazo-Sepulveda\u2019s master research aims to analyze the transformations that Chilean museums have developed over the past thirty years to incorporate indigenous peoples into the national identity narrative, focusing particularly on the National Historical Museum and the collaborative activities that this institution has developed with the\u00a0Mapuche\u00a0people in recent years. Through her work, she seeks to make a contribution to the debate on indigenous participation in heritage management in museums\u00a0 from a critical view to their decolonization.<\/p>\n<p>[\/et_pb_text][et_pb_text _builder_version=\u00bb4.8.1&#8243; _module_preset=\u00bbdefault\u00bb]<\/p>\n<p><strong>Related Contents<\/strong><\/p>\n<p>[\/et_pb_text][et_pb_text _builder_version=\u00bb4.8.0&#8243; _module_preset=\u00bbdefault\u00bb]<\/p>\n<p>Conversatorio: El MHN entre la globalizaci\u00f3n y el multiculturalismo<br \/><a href=\"https:\/\/www.youtube.com\/watch?v=xMDhwxps17o\" target=\"_blank\" rel=\"noopener\">https:\/\/www.youtube.com\/watch?v=xMDhwxps17o<\/a><\/p>\n<p>[\/et_pb_text][\/et_pb_column][\/et_pb_row][et_pb_row _builder_version=\u00bb4.8.1&#8243; _module_preset=\u00bbdefault\u00bb][et_pb_column type=\u00bb4_4&#8243; _builder_version=\u00bb4.8.1&#8243; _module_preset=\u00bbdefault\u00bb][et_pb_image src=\u00bbhttps:\/\/www.ub.edu\/gapp\/wp-content\/uploads\/2021\/02\/chile-recerca.jpg\u00bb alt=\u00bbMuseo Hist\u00f3rico Nacional\u00bb title_text=\u00bbMuseo Hist\u00f3rico Nacional\u00bb align_tablet=\u00bbcenter\u00bb align_phone=\u00bb\u00bb align_last_edited=\u00bbon|tablet\u00bb _builder_version=\u00bb4.8.1&#8243; _module_preset=\u00bbdefault\u00bb][\/et_pb_image][et_pb_image src=\u00bbhttps:\/\/www.ub.edu\/gapp\/wp-content\/uploads\/2021\/02\/chile-recerca-reloj.jpg\u00bb alt=\u00bbMuseo Hist\u00f3rico Nacional detalle\u00bb title_text=\u00bbMuseo Hist\u00f3rico Nacional detalle\u00bb align=\u00bbright\u00bb align_tablet=\u00bbcenter\u00bb align_phone=\u00bb\u00bb align_last_edited=\u00bbon|tablet\u00bb _builder_version=\u00bb4.8.1&#8243; _module_preset=\u00bbdefault\u00bb][\/et_pb_image][\/et_pb_column][\/et_pb_row][\/et_pb_section][et_pb_section fb_built=\u00bb1&#8243; _builder_version=\u00bb4.8.0&#8243; _module_preset=\u00bbdefault\u00bb locked=\u00bboff\u00bb][et_pb_row _builder_version=\u00bb4.8.0&#8243; _module_preset=\u00bbdefault\u00bb][et_pb_column type=\u00bb4_4&#8243; _builder_version=\u00bb4.8.0&#8243; _module_preset=\u00bbdefault\u00bb][et_pb_text _builder_version=\u00bb4.8.2&#8243; _module_preset=\u00bbdefault\u00bb animation_style=\u00bbfade\u00bb animation_duration=\u00bb1500ms\u00bb animation_delay=\u00bb500ms\u00bb]<\/p>\n<h2>Publicacions\u00a0<\/h2>\n<p>[\/et_pb_text][et_pb_divider color=\u00bb#C8AB37&#8243; divider_weight=\u00bb3px\u00bb _builder_version=\u00bb4.8.1&#8243; _module_preset=\u00bbdefault\u00bb width=\u00bb225px\u00bb animation_style=\u00bbslide\u00bb animation_direction=\u00bbleft\u00bb][\/et_pb_divider][\/et_pb_column][\/et_pb_row][et_pb_row column_structure=\u00bb1_4,3_4&#8243; use_custom_gutter=\u00bbon\u00bb gutter_width=\u00bb2&#8243; _builder_version=\u00bb4.8.1&#8243; _module_preset=\u00bbdefault\u00bb locked=\u00bboff\u00bb][et_pb_column type=\u00bb1_4&#8243; _builder_version=\u00bb4.8.1&#8243; _module_preset=\u00bbdefault\u00bb][et_pb_image src=\u00bbhttps:\/\/www.ub.edu\/gapp\/wp-content\/uploads\/2021\/02\/universitat-barcelona.jpg\u00bb alt=\u00bbUniversitat de Barcelona\u00bb title_text=\u00bbUniversitat de Barcelona\u00bb _builder_version=\u00bb4.8.1&#8243; _module_preset=\u00bbdefault\u00bb locked=\u00bboff\u00bb][\/et_pb_image][\/et_pb_column][et_pb_column type=\u00bb3_4&#8243; _builder_version=\u00bb4.8.1&#8243; _module_preset=\u00bbdefault\u00bb][et_pb_text _builder_version=\u00bb4.9.4&#8243; _module_preset=\u00bb0e0bc4e0-cb0d-449e-b059-a12dcf3338ce\u00bb]<\/p>\n<h3>La gesti\u00f3n del patrimonio ind\u00edgena en los museos de Chile. El caso del museo hist\u00f3rico nacional (1990-2020) \/h3>[\/et_pb_text][et_pb_text _builder_version=\u00bb4.9.4&#8243; _module_preset=\u00bbdefault\u00bb]<\/p>\n<p><strong> Opazo-Sep\u00falveda, C. <\/strong> 2020 [Trabaj Final de Master]\u00a0<\/p>\n<p>[\/et_pb_text][et_pb_text _builder_version=\u00bb4.9.4&#8243; _module_preset=\u00bbdefault\u00bb]<\/p>\n<p><a href=\"http:\/\/diposit.ub.edu\/dspace\/handle\/2445\/176448\" target=\"_blank\" rel=\"noopener\">Link<\/a><\/p>\n<p>[\/et_pb_text][\/et_pb_column][\/et_pb_row][et_pb_row column_structure=\u00bb1_4,3_4&#8243; use_custom_gutter=\u00bbon\u00bb gutter_width=\u00bb2&#8243; _builder_version=\u00bb4.8.1&#8243; _module_preset=\u00bbdefault\u00bb locked=\u00bboff\u00bb][et_pb_column type=\u00bb1_4&#8243; _builder_version=\u00bb4.8.1&#8243; _module_preset=\u00bbdefault\u00bb][et_pb_image src=\u00bbhttps:\/\/www.ub.edu\/gapp\/wp-content\/uploads\/2021\/02\/portada_libro.jpg\u00bb alt=\u00bb21 Assajos al voltant del Patrimoni Cultural\u00bb title_text=\u00bb21 Assajos al voltant del Patrimoni Cultural\u00bb _builder_version=\u00bb4.8.1&#8243; _module_preset=\u00bbdefault\u00bb][\/et_pb_image][\/et_pb_column][et_pb_column type=\u00bb3_4&#8243; _builder_version=\u00bb4.8.1&#8243; _module_preset=\u00bbdefault\u00bb][et_pb_text _builder_version=\u00bb4.8.1&#8243; _module_preset=\u00bb0e0bc4e0-cb0d-449e-b059-a12dcf3338ce\u00bb]<\/p>\n<h3>21 Assajos al Voltant del Patrimoni Cultural \/ 21 ensayos sobre el Patrimonio Cultural.<\/h3>\n<p>[\/et_pb_text][et_pb_text _builder_version=\u00bb4.8.1&#8243; _module_preset=\u00bbdefault\u00bb]<\/p>\n<p><strong>Pastor P\u00e9rez, A<\/strong>.,\u00a0<strong>Picas, M.<\/strong>\u00a0y\u00a0<strong>Ruiz, A.<\/strong> (eds.) 2020\u00a0<\/p>\n<p>[\/et_pb_text][et_pb_text _builder_version=\u00bb4.8.2&#8243; _module_preset=\u00bbdefault\u00bb]<\/p>\n<p>With these Articles:<\/p>\n<ul>\n<li><strong>Opazo-Sep\u00falveda<\/strong>, C. 2020. Construcci\u00f3n de narrativas identitarias en el desierto de Atacama. Experiencias y reflexiones de una arque\u00f3loga feminista decolonial: 81-84.<\/li>\n<li><strong>Pastor P\u00e9rez<\/strong>, A.,\u00a0<strong>Picas<\/strong>, M.\u00a0y\u00a0<strong>Ruiz Mart\u00ednez<\/strong>, A.\u00a02020. Introducci\u00f3n: 8-15.<\/li>\n<\/ul>\n<p>[\/et_pb_text][et_pb_text _builder_version=\u00bb4.8.2&#8243; _module_preset=\u00bbdefault\u00bb]<\/p>\n<p><a href=\"http:\/\/tienda.jasarqueologia.es\/es\/inicio\/77-21-assajos-al-voltant-del-patrimoni-cultural.html\" target=\"_blank\" rel=\"noopener\">Link<\/a><\/p>\n<p>[\/et_pb_text][\/et_pb_column][\/et_pb_row][et_pb_row column_structure=\u00bb1_4,3_4&#8243; use_custom_gutter=\u00bbon\u00bb gutter_width=\u00bb2&#8243; _builder_version=\u00bb4.8.1&#8243; _module_preset=\u00bbdefault\u00bb locked=\u00bboff\u00bb][et_pb_column type=\u00bb1_4&#8243; _builder_version=\u00bb4.8.1&#8243; _module_preset=\u00bbdefault\u00bb][et_pb_image src=\u00bbhttps:\/\/www.ub.edu\/gapp\/wp-content\/uploads\/2021\/02\/universitat-barcelona.jpg\u00bb alt=\u00bbUniversitat de Barcelona\u00bb title_text=\u00bbUniversitat de Barcelona\u00bb _builder_version=\u00bb4.8.1&#8243; _module_preset=\u00bbdefault\u00bb][\/et_pb_image][\/et_pb_column][et_pb_column type=\u00bb3_4&#8243; _builder_version=\u00bb4.8.1&#8243; _module_preset=\u00bbdefault\u00bb][et_pb_text _builder_version=\u00bb4.8.1&#8243; _module_preset=\u00bb0e0bc4e0-cb0d-449e-b059-a12dcf3338ce\u00bb]<\/p>\n<h3>Social participation in the conservation of the Archaeological Heritage of the Atacama Desert (Chile): A mass dissemination co-creation experience in the Santiago Metro.<\/h3>\n<p>[\/et_pb_text][et_pb_text _builder_version=\u00bb4.8.1&#8243; _module_preset=\u00bbdefault\u00bb]<\/p>\n<p><strong>Opazo<\/strong>, C. 2019<\/p>\n<p>[\/et_pb_text][et_pb_text _builder_version=\u00bb4.8.1&#8243; _module_preset=\u00bbdefault\u00bb]<\/p>\n<p><a href=\"https:\/\/www.researchgate.net\/publication\/331261582_Social_participation_in_the_conservation_of_the_Archaeological_Heritage_of_the_Atacama_Desert_Chile_A_mass_dissemination_co-creation_experience_in_the_Santiago_Metro\" target=\"_blank\" rel=\"noopener\">Poster presentado en ACCOMPLISSH CO-Creaction Summit Conference, Barcelona<\/a><\/p>\n<p>[\/et_pb_text][\/et_pb_column][\/et_pb_row][\/et_pb_section]<\/p>\n","protected":false},"excerpt":{"rendered":"<p>XileCATLa gesti\u00f3 del patrimoni ind\u00edgena als museus de Xile. El cas del Museu Hist\u00f2ric Nacional (1990-2020).ESLa gesti\u00f3n del patrimonio ind\u00edgena en los museos de Chile. El caso del Museo Hist\u00f3rico Nacional (1990-2020).ENThe management of indigenous heritage in Chilean museums. The case of the National Historical Museum (1990-2020).CAT La inclusi\u00f3 de la diversitat cultural a les [&hellip;]<\/p>\n","protected":false},"author":3,"featured_media":0,"parent":84,"menu_order":0,"comment_status":"closed","ping_status":"closed","template":"","meta":{"_et_pb_use_builder":"on","_et_pb_old_content":"","_et_gb_content_width":"","footnotes":""},"class_list":["post-112","page","type-page","status-publish","hentry"],"yoast_head":"<!-- This site is optimized with the Yoast SEO plugin v16.1.1 - https:\/\/yoast.com\/wordpress\/plugins\/seo\/ -->\n<title>Xile - GAPP<\/title>\n<link rel=\"canonical\" href=\"https:\/\/www.ub.edu\/gapp\/recerca\/xile\/\" \/>\n<meta property=\"og:locale\" content=\"es_ES\" \/>\n<meta property=\"og:type\" content=\"article\" \/>\n<meta property=\"og:title\" content=\"Xile - GAPP\" \/>\n<meta property=\"og:description\" content=\"XileCATLa gesti\u00f3 del patrimoni ind\u00edgena als museus de Xile. El cas del Museu Hist\u00f2ric Nacional (1990-2020).ESLa gesti\u00f3n del patrimonio ind\u00edgena en los museos de Chile. El caso del Museo Hist\u00f3rico Nacional (1990-2020).ENThe management of indigenous heritage in Chilean museums. The case of the National Historical Museum (1990-2020).CAT La inclusi\u00f3 de la diversitat cultural a les [&hellip;]\" \/>\n<meta property=\"og:url\" content=\"https:\/\/www.ub.edu\/gapp\/recerca\/xile\/\" \/>\n<meta property=\"og:site_name\" content=\"GAPP\" \/>\n<meta property=\"article:modified_time\" content=\"2022-09-20T08:13:28+00:00\" \/>\n<meta name=\"twitter:card\" content=\"summary_large_image\" \/>\n<meta name=\"twitter:label1\" content=\"Tiempo de lectura\">\n\t<meta name=\"twitter:data1\" content=\"10 minutos\">\n<script type=\"application\/ld+json\" class=\"yoast-schema-graph\">{\"@context\":\"https:\/\/schema.org\",\"@graph\":[{\"@type\":\"WebSite\",\"@id\":\"https:\/\/www.ub.edu\/gapp\/#website\",\"url\":\"https:\/\/www.ub.edu\/gapp\/\",\"name\":\"GAPP\",\"description\":\"Grup d\\u2019Arqueologia P\\u00fablica i Patrimoni\",\"potentialAction\":[{\"@type\":\"SearchAction\",\"target\":\"https:\/\/www.ub.edu\/gapp\/?s={search_term_string}\",\"query-input\":\"required name=search_term_string\"}],\"inLanguage\":\"es\"},{\"@type\":\"WebPage\",\"@id\":\"https:\/\/www.ub.edu\/gapp\/recerca\/xile\/#webpage\",\"url\":\"https:\/\/www.ub.edu\/gapp\/recerca\/xile\/\",\"name\":\"Xile - GAPP\",\"isPartOf\":{\"@id\":\"https:\/\/www.ub.edu\/gapp\/#website\"},\"datePublished\":\"2021-02-03T09:43:55+00:00\",\"dateModified\":\"2022-09-20T08:13:28+00:00\",\"breadcrumb\":{\"@id\":\"https:\/\/www.ub.edu\/gapp\/recerca\/xile\/#breadcrumb\"},\"inLanguage\":\"es\",\"potentialAction\":[{\"@type\":\"ReadAction\",\"target\":[\"https:\/\/www.ub.edu\/gapp\/recerca\/xile\/\"]}]},{\"@type\":\"BreadcrumbList\",\"@id\":\"https:\/\/www.ub.edu\/gapp\/recerca\/xile\/#breadcrumb\",\"itemListElement\":[{\"@type\":\"ListItem\",\"position\":1,\"item\":{\"@type\":\"WebPage\",\"@id\":\"https:\/\/www.ub.edu\/gapp\/\",\"url\":\"https:\/\/www.ub.edu\/gapp\/\",\"name\":\"Portada\"}},{\"@type\":\"ListItem\",\"position\":2,\"item\":{\"@type\":\"WebPage\",\"@id\":\"https:\/\/www.ub.edu\/gapp\/recerca\/\",\"url\":\"https:\/\/www.ub.edu\/gapp\/recerca\/\",\"name\":\"Recerca\"}},{\"@type\":\"ListItem\",\"position\":3,\"item\":{\"@type\":\"WebPage\",\"@id\":\"https:\/\/www.ub.edu\/gapp\/recerca\/xile\/\",\"url\":\"https:\/\/www.ub.edu\/gapp\/recerca\/xile\/\",\"name\":\"Xile\"}}]}]}<\/script>\n<!-- \/ Yoast SEO plugin. -->","_links":{"self":[{"href":"https:\/\/www.ub.edu\/gapp\/wp-json\/wp\/v2\/pages\/112","targetHints":{"allow":["GET"]}}],"collection":[{"href":"https:\/\/www.ub.edu\/gapp\/wp-json\/wp\/v2\/pages"}],"about":[{"href":"https:\/\/www.ub.edu\/gapp\/wp-json\/wp\/v2\/types\/page"}],"author":[{"embeddable":true,"href":"https:\/\/www.ub.edu\/gapp\/wp-json\/wp\/v2\/users\/3"}],"replies":[{"embeddable":true,"href":"https:\/\/www.ub.edu\/gapp\/wp-json\/wp\/v2\/comments?post=112"}],"version-history":[{"count":15,"href":"https:\/\/www.ub.edu\/gapp\/wp-json\/wp\/v2\/pages\/112\/revisions"}],"predecessor-version":[{"id":2304,"href":"https:\/\/www.ub.edu\/gapp\/wp-json\/wp\/v2\/pages\/112\/revisions\/2304"}],"up":[{"embeddable":true,"href":"https:\/\/www.ub.edu\/gapp\/wp-json\/wp\/v2\/pages\/84"}],"wp:attachment":[{"href":"https:\/\/www.ub.edu\/gapp\/wp-json\/wp\/v2\/media?parent=112"}],"curies":[{"name":"wp","href":"https:\/\/api.w.org\/{rel}","templated":true}]}}