{"id":2051,"date":"2021-10-25T18:58:14","date_gmt":"2021-10-25T18:58:14","guid":{"rendered":"https:\/\/www.ub.edu\/gapp\/?page_id=2051"},"modified":"2025-03-13T10:20:11","modified_gmt":"2025-03-13T10:20:11","slug":"social-value","status":"publish","type":"page","link":"https:\/\/www.ub.edu\/gapp\/recerca\/social-value\/","title":{"rendered":"Social Value"},"content":{"rendered":"<p>[et_pb_section fb_built=\u00bb1&#8243; _builder_version=\u00bb4.8.1&#8243; _module_preset=\u00bbdefault\u00bb background_image=\u00bbhttps:\/\/www.ub.edu\/gapp\/wp-content\/uploads\/2021\/01\/cabcera-imagen-milans.jpg\u00bb background_position=\u00bbbottom_left\u00bb][et_pb_row column_structure=\u00bb1_2,1_2&#8243; _builder_version=\u00bb4.8.1&#8243; _module_preset=\u00bbdefault\u00bb custom_margin=\u00bb||||false|false\u00bb custom_css_main_element=\u00bbdisplay: flex;||align-items:center;\u00bb custom_css_main_element_last_edited=\u00bbon|tablet\u00bb custom_css_main_element_tablet=\u00bb \u00ab][et_pb_column type=\u00bb1_2&#8243; _builder_version=\u00bb4.8.1&#8243; _module_preset=\u00bbdefault\u00bb][et_pb_text _builder_version=\u00bb4.9.4&#8243; _module_preset=\u00bbdefault\u00bb transform_scale_linked=\u00bboff\u00bb transform_translate_tablet=\u00bb0px|0%\u00bb transform_translate_phone=\u00bb0px|0%\u00bb transform_translate_last_edited=\u00bbon|tablet\u00bb transform_translate_linked=\u00bboff\u00bb custom_margin=\u00bb||||false|false\u00bb custom_margin_tablet=\u00bb||||false|false\u00bb custom_margin_phone=\u00bb\u00bb custom_margin_last_edited=\u00bbon|tablet\u00bb hover_enabled=\u00bb0&#8243; custom_css_main_element=\u00bb||\u00bb sticky_enabled=\u00bb0&#8243;]<\/p>\n<h1>Social Value<\/h1>\n<p>[\/et_pb_text][\/et_pb_column][et_pb_column type=\u00bb1_2&#8243; _builder_version=\u00bb4.8.1&#8243; _module_preset=\u00bbdefault\u00bb][et_pb_text _builder_version=\u00bb4.9.4&#8243; _module_preset=\u00bbdefault\u00bb text_text_color=\u00bb#FFFFFF\u00bb background_color=\u00bb#0B280B\u00bb text_orientation=\u00bbcenter\u00bb width=\u00bb40px\u00bb module_alignment=\u00bbleft\u00bb min_height=\u00bb40px\u00bb animation_style=\u00bbzoom\u00bb custom_css_main_element=\u00bbdisplay:flex;||flex-direction: column;||justify-content: center;\u00bb border_radii=\u00bbon|100%|100%|100%|100%\u00bb]<\/p>\n<p>CAT<\/p>\n<p>[\/et_pb_text][et_pb_text _builder_version=\u00bb4.9.4&#8243; _module_preset=\u00bbdefault\u00bb]<\/p>\n<p>Els Valors del Patrimoni: una recerca sobre els Llocs Prehist\u00f2rics d&#8217;Art Rupestre del Vale de Rio C\u00f4a i de Siega Verde<\/p>\n<p>[\/et_pb_text][et_pb_text _builder_version=\u00bb4.8.2&#8243; _module_preset=\u00bbdefault\u00bb text_text_color=\u00bb#FFFFFF\u00bb background_color=\u00bb#0B280B\u00bb text_orientation=\u00bbcenter\u00bb width=\u00bb40px\u00bb module_alignment=\u00bbleft\u00bb min_height=\u00bb40px\u00bb animation_style=\u00bbzoom\u00bb custom_css_main_element=\u00bbdisplay:flex;||flex-direction: column;||justify-content: center;\u00bb border_radii=\u00bbon|100%|100%|100%|100%\u00bb]<\/p>\n<p>ES<\/p>\n<p>[\/et_pb_text][et_pb_text _builder_version=\u00bb4.9.4&#8243; _module_preset=\u00bbdefault\u00bb]<\/p>\n<p> Los valores del patrimonio: una investigaci\u00f3n sobre los Sitios de arte rupestre prehist\u00f3rico del Valle del C\u00f4a y de Siega Verde<\/p>\n<p>[\/et_pb_text][et_pb_text _builder_version=\u00bb4.8.2&#8243; _module_preset=\u00bbdefault\u00bb text_text_color=\u00bb#FFFFFF\u00bb background_color=\u00bb#0B280B\u00bb text_orientation=\u00bbcenter\u00bb width=\u00bb40px\u00bb module_alignment=\u00bbleft\u00bb min_height=\u00bb40px\u00bb animation_style=\u00bbzoom\u00bb custom_css_main_element=\u00bbdisplay:flex;||flex-direction: column;||justify-content: center;\u00bb border_radii=\u00bbon|100%|100%|100%|100%\u00bb]<\/p>\n<p>EN<\/p>\n<p>[\/et_pb_text][et_pb_text _builder_version=\u00bb4.9.4&#8243; _module_preset=\u00bbdefault\u00bb]<\/p>\n<p>Heritage Values: an investigation on thePrehistoric Rock Art Sites in the C\u00f4a Valley and Siega Verde<\/p>\n<p>[\/et_pb_text][\/et_pb_column][\/et_pb_row][\/et_pb_section][et_pb_section fb_built=\u00bb1&#8243; _builder_version=\u00bb4.8.0&#8243; _module_preset=\u00bbdefault\u00bb][et_pb_row column_structure=\u00bb1_3,1_3,1_3&#8243; _builder_version=\u00bb4.9.4&#8243; _module_preset=\u00bbdefault\u00bb][et_pb_column type=\u00bb1_3&#8243; _builder_version=\u00bb4.8.0&#8243; _module_preset=\u00bbdefault\u00bb][et_pb_text _builder_version=\u00bb4.9.4&#8243; _module_preset=\u00bbdefault\u00bb text_text_color=\u00bb#FFFFFF\u00bb background_color=\u00bb#0B280B\u00bb text_orientation=\u00bbcenter\u00bb width=\u00bb40px\u00bb module_alignment=\u00bbleft\u00bb min_height=\u00bb40px\u00bb animation_style=\u00bbzoom\u00bb custom_css_main_element=\u00bbdisplay:flex;||flex-direction: column;||justify-content: center;\u00bb border_radii=\u00bbon|100%|100%|100%|100%\u00bb locked=\u00bboff\u00bb]<\/p>\n<p>CAT<\/p>\n<p>[\/et_pb_text][et_pb_text _builder_version=\u00bb4.9.4&#8243; _module_preset=\u00bbdefault\u00bb]<\/p>\n<p>L\u2019objectiu general d\u2019aquest projecte \u00e9s investigar i analitzar el valor social dels llocs d\u2019art rupestre prehist\u00f2ric del Valle del C\u00f4a i de Siega Verde. Generar coneixement sobre all\u00f2 que han significat i generat en termes socials des del seu descobriment fins a l\u2019actualitat, contrastar l\u2019actual model de gesti\u00f3 d\u2019aquests llocs amb all\u00f2 establert a les Directrius Operatives per a l\u2019Aplicaci\u00f3 de la Convenci\u00f3 del Patrimoni Mundial en mat\u00e8ria de participaci\u00f3 social, i identificar els valors patrimonials que caldria incloure en un Pla de Gesti\u00f3 dels Llocs d\u2019art rupestre prehist\u00f2ric del Valle del C\u00f4a i de Siega Verde.<br \/>\nAquesta recerca la du a terme Jos\u00e9 Paulo Francisco com a part de la seva tesi doctoral.<\/p>\n<p>[\/et_pb_text][\/et_pb_column][et_pb_column type=\u00bb1_3&#8243; _builder_version=\u00bb4.8.0&#8243; _module_preset=\u00bbdefault\u00bb][et_pb_text _builder_version=\u00bb4.8.2&#8243; _module_preset=\u00bbdefault\u00bb text_text_color=\u00bb#FFFFFF\u00bb background_color=\u00bb#0B280B\u00bb text_orientation=\u00bbcenter\u00bb width=\u00bb40px\u00bb module_alignment=\u00bbleft\u00bb min_height=\u00bb40px\u00bb animation_style=\u00bbzoom\u00bb custom_css_main_element=\u00bbdisplay:flex;||flex-direction: column;||justify-content: center;\u00bb border_radii=\u00bbon|100%|100%|100%|100%\u00bb]<\/p>\n<p>ES<\/p>\n<p>[\/et_pb_text][et_pb_text _builder_version=\u00bb4.9.4&#8243; _module_preset=\u00bbdefault\u00bb]<\/p>\n<p>El objetivo general de este proyecto es investigar y analizar el valor social de los sitios de arte rupestre prehist\u00f3rico del Valle del C\u00f4a y de Siega Verde. Generar conocimiento sobre lo que han significado y generado en t\u00e9rminos sociales desde su descubrimiento hasta la actualidad, contrastar el actual modelo de gesti\u00f3n de estos sitios con el establecido en las Directrices Operativas para la Aplicaci\u00f3n de la Convenci\u00f3n del Patrimonio Mundial en materia de participaci\u00f3n social e identificar los valores patrimoniales que deber\u00edan incluirse en un Plan de Gesti\u00f3n de los Sitios de arte rupestre prehist\u00f3rico del Valle del C\u00f4a y de Siega Verde. Esta investigaci\u00f3n la lleva a cabo Jos\u00e9 Paulo Francisco como parte de su tesis doctoral.\n<\/p>\n<p>[\/et_pb_text][\/et_pb_column][et_pb_column type=\u00bb1_3&#8243; _builder_version=\u00bb4.8.0&#8243; _module_preset=\u00bbdefault\u00bb][et_pb_text _builder_version=\u00bb4.8.2&#8243; _module_preset=\u00bbdefault\u00bb text_text_color=\u00bb#FFFFFF\u00bb background_color=\u00bb#0B280B\u00bb text_orientation=\u00bbcenter\u00bb width=\u00bb40px\u00bb module_alignment=\u00bbleft\u00bb min_height=\u00bb40px\u00bb animation_style=\u00bbzoom\u00bb custom_css_main_element=\u00bbdisplay:flex;||flex-direction: column;||justify-content: center;\u00bb border_radii=\u00bbon|100%|100%|100%|100%\u00bb]<\/p>\n<p>EN<\/p>\n<p>[\/et_pb_text][et_pb_text _builder_version=\u00bb4.9.4&#8243; _module_preset=\u00bbdefault\u00bb]<\/p>\n<p>The aim of this research project is to investigate and analyse the social value of the Prehistoric Rock Art Sites in the C\u00f4a Valley and Siega Verde. The objectives are, first, to generate knowledge about what these sites have meant and generated in social terms since their discovery until today. Secondly, this research seeks to contrast the current management model of both sites with the guidelines established in the Operational Guidelines for the Implementation of the World Heritage Convention concerning social participation. The third objective of this investigation is to identify the heritage values that should be included in a Management Plan for the Prehistoric Rock Art Sites in the C\u00f4a Valley and Siega Verde. This research is carried out by Jos\u00e9 Paulo Francisco as part of his PhD thesis.<\/p>\n<p>[\/et_pb_text][\/et_pb_column][\/et_pb_row][et_pb_row column_structure=\u00bb1_2,1_2&#8243; _builder_version=\u00bb4.9.4&#8243; _module_preset=\u00bbdefault\u00bb][et_pb_column type=\u00bb1_2&#8243; _builder_version=\u00bb4.8.1&#8243; _module_preset=\u00bbdefault\u00bb][et_pb_image src=\u00bbhttps:\/\/www.ub.edu\/gapp\/wp-content\/uploads\/2021\/10\/SiegaVerde-scaled.jpg\u00bb title_text=\u00bbSiegaVerde\u00bb _builder_version=\u00bb4.9.4&#8243; _module_preset=\u00bbdefault\u00bb height=\u00bb343px\u00bb max_height=\u00bb1000px\u00bb][\/et_pb_image][\/et_pb_column][et_pb_column type=\u00bb1_2&#8243; _builder_version=\u00bb4.8.1&#8243; _module_preset=\u00bbdefault\u00bb][et_pb_image src=\u00bbhttps:\/\/www.ub.edu\/gapp\/wp-content\/uploads\/2021\/10\/ParqueArqueologicoValedoCoa2.jpg\u00bb title_text=\u00bbParqueArqueologicoValedoCoa2&#8243; _builder_version=\u00bb4.9.4&#8243; _module_preset=\u00bbdefault\u00bb][\/et_pb_image][\/et_pb_column][\/et_pb_row][\/et_pb_section][et_pb_section fb_built=\u00bb1&#8243; _builder_version=\u00bb4.8.0&#8243; _module_preset=\u00bbdefault\u00bb locked=\u00bboff\u00bb][et_pb_row _builder_version=\u00bb4.8.0&#8243; _module_preset=\u00bbdefault\u00bb][et_pb_column type=\u00bb4_4&#8243; _builder_version=\u00bb4.8.0&#8243; _module_preset=\u00bbdefault\u00bb][et_pb_text _builder_version=\u00bb4.8.2&#8243; _module_preset=\u00bbdefault\u00bb animation_style=\u00bbfade\u00bb animation_duration=\u00bb1500ms\u00bb animation_delay=\u00bb500ms\u00bb]<\/p>\n<h2>Publicacions\u00a0<\/h2>\n<p>[\/et_pb_text][et_pb_divider color=\u00bb#C8AB37&#8243; divider_weight=\u00bb3px\u00bb _builder_version=\u00bb4.8.1&#8243; _module_preset=\u00bbdefault\u00bb width=\u00bb225px\u00bb animation_style=\u00bbslide\u00bb animation_direction=\u00bbleft\u00bb][\/et_pb_divider][\/et_pb_column][\/et_pb_row][et_pb_row column_structure=\u00bb1_4,3_4&#8243; use_custom_gutter=\u00bbon\u00bb gutter_width=\u00bb2&#8243; _builder_version=\u00bb4.8.1&#8243; _module_preset=\u00bbdefault\u00bb locked=\u00bboff\u00bb][et_pb_column type=\u00bb1_4&#8243; _builder_version=\u00bb4.8.1&#8243; _module_preset=\u00bbdefault\u00bb][et_pb_image src=\u00bbhttps:\/\/www.ub.edu\/gapp\/wp-content\/uploads\/2024\/03\/FranciscoJP_2023_Arq_en_Portugal.jpg\u00bb alt=\u00bbUniversitat de Barcelona\u00bb title_text=\u00bbFranciscoJP_2023_Arq_en_Portugal\u00bb _builder_version=\u00bb4.9.4&#8243; _module_preset=\u00bbdefault\u00bb locked=\u00bboff\u00bb][\/et_pb_image][\/et_pb_column][et_pb_column type=\u00bb3_4&#8243; _builder_version=\u00bb4.8.1&#8243; _module_preset=\u00bbdefault\u00bb][et_pb_text _builder_version=\u00bb4.9.4&#8243; _module_preset=\u00bb0e0bc4e0-cb0d-449e-b059-a12dcf3338ce\u00bb]<\/p>\n<p>Francisco, J. P. 2023. Patrim\u00f3nio Mundial e Valor Social: Uma Investiga\u00e7\u00e3o Sobre os S\u00edtios Pr\u00e9-hist\u00f3ricos de Arte Rupestre do Vale do Rio C\u00f4a e de Siega Verde. In J. M. Arnaud, C. Neves, &amp; A. Martins (Eds.), <em>Arqueologia em Portugal: 2023 \u2013 estado da quest\u00e3o<\/em> (pp. 1923-1930). Associa\u00e7\u00e3o dos Arque\u00f3logos Portugueses, CEAACP, CEIS20 e IA-FLUC.<\/p>\n<p>[\/et_pb_text][\/et_pb_column][\/et_pb_row][et_pb_row column_structure=\u00bb1_4,3_4&#8243; use_custom_gutter=\u00bbon\u00bb gutter_width=\u00bb2&#8243; _builder_version=\u00bb4.8.1&#8243; _module_preset=\u00bbdefault\u00bb locked=\u00bboff\u00bb][et_pb_column type=\u00bb1_4&#8243; _builder_version=\u00bb4.8.1&#8243; _module_preset=\u00bbdefault\u00bb][et_pb_image src=\u00bbhttps:\/\/www.ub.edu\/gapp\/wp-content\/uploads\/2025\/01\/2020.jpg\u00bb alt=\u00bblogo-Al-Madan\u00bb title_text=\u00bb2020&#8243; _builder_version=\u00bb4.9.4&#8243; _module_preset=\u00bbdefault\u00bb locked=\u00bboff\u00bb][\/et_pb_image][\/et_pb_column][et_pb_column type=\u00bb3_4&#8243; _builder_version=\u00bb4.8.1&#8243; _module_preset=\u00bbdefault\u00bb][et_pb_text _builder_version=\u00bb4.9.4&#8243; _module_preset=\u00bb0e0bc4e0-cb0d-449e-b059-a12dcf3338ce\u00bb]<\/p>\n<p>Francisco, J. P. 2020. Os valores do Patrim\u00f3nio: uma investiga\u00e7\u00e3o sobre os S\u00edtios Pr\u00e9-hist\u00f3ricos de Arte Rupestre do Vale do Rio C\u00f4a e de Siega Verde. In J. M. Arnaud, C. Neves, &amp; A. Martins (Eds.), <em>Arqueologia em Portugal<\/em> (pp. 179-202). Associa\u00e7\u00e3o dos Arque\u00f3logos Portugueses e CITCEM.<\/p>\n<p>[\/et_pb_text][\/et_pb_column][\/et_pb_row][et_pb_row column_structure=\u00bb1_4,3_4&#8243; use_custom_gutter=\u00bbon\u00bb gutter_width=\u00bb2&#8243; _builder_version=\u00bb4.8.1&#8243; _module_preset=\u00bbdefault\u00bb locked=\u00bboff\u00bb][et_pb_column type=\u00bb1_4&#8243; _builder_version=\u00bb4.8.1&#8243; _module_preset=\u00bbdefault\u00bb][et_pb_image src=\u00bbhttps:\/\/www.ub.edu\/gapp\/wp-content\/uploads\/2021\/02\/logo-almadantiff.jpg\u00bb alt=\u00bblogo-Al-Madan\u00bb title_text=\u00bblogo-Al-Madan\u00bb _builder_version=\u00bb4.9.4&#8243; _module_preset=\u00bbdefault\u00bb locked=\u00bboff\u00bb][\/et_pb_image][\/et_pb_column][et_pb_column type=\u00bb3_4&#8243; _builder_version=\u00bb4.8.1&#8243; _module_preset=\u00bbdefault\u00bb][et_pb_text _builder_version=\u00bb4.9.4&#8243; _module_preset=\u00bb0e0bc4e0-cb0d-449e-b059-a12dcf3338ce\u00bb]<\/p>\n<p>Francisco, J. P. 2020. Os Valores do patrimonio: uma investiga\u00e7\u00e3o sobre os sitios pr\u00e9-hist\u00f3ricos de arte rupestre do Vale do Rio C\u00f4a e de Siega Verde. <em>Al-Madan<\/em>,<em> 23<\/em>(1), 99-113.<\/p>\n<p>[\/et_pb_text][\/et_pb_column][\/et_pb_row][et_pb_row column_structure=\u00bb1_4,3_4&#8243; use_custom_gutter=\u00bbon\u00bb gutter_width=\u00bb2&#8243; _builder_version=\u00bb4.8.1&#8243; _module_preset=\u00bbdefault\u00bb locked=\u00bboff\u00bb][et_pb_column type=\u00bb1_4&#8243; _builder_version=\u00bb4.8.1&#8243; _module_preset=\u00bbdefault\u00bb][et_pb_image src=\u00bbhttps:\/\/www.ub.edu\/gapp\/wp-content\/uploads\/2021\/02\/logo-almadantiff.jpg\u00bb alt=\u00bblogo-Al-Madan\u00bb title_text=\u00bblogo-Al-Madan\u00bb _builder_version=\u00bb4.9.4&#8243; _module_preset=\u00bbdefault\u00bb locked=\u00bboff\u00bb][\/et_pb_image][\/et_pb_column][et_pb_column type=\u00bb3_4&#8243; _builder_version=\u00bb4.8.1&#8243; _module_preset=\u00bbdefault\u00bb][et_pb_text _builder_version=\u00bb4.9.4&#8243; _module_preset=\u00bb0e0bc4e0-cb0d-449e-b059-a12dcf3338ce\u00bb]<\/p>\n<p>Francisco, J. P. 2018. Museu do C\u00f4a: do discurso institucional ao museu participativo. <em>Al-Madan on Line, serie II<\/em>,<em> 22<\/em>(1), 86-97.<\/p>\n<p>[\/et_pb_text][\/et_pb_column][\/et_pb_row][et_pb_row column_structure=\u00bb1_4,3_4&#8243; use_custom_gutter=\u00bbon\u00bb gutter_width=\u00bb2&#8243; _builder_version=\u00bb4.8.1&#8243; _module_preset=\u00bbdefault\u00bb locked=\u00bboff\u00bb][et_pb_column type=\u00bb1_4&#8243; _builder_version=\u00bb4.8.1&#8243; _module_preset=\u00bbdefault\u00bb][et_pb_image src=\u00bbhttps:\/\/www.ub.edu\/gapp\/wp-content\/uploads\/2022\/10\/largepreview-3-e1665041854101.png\u00bb alt=\u00bbUniversitat de Barcelona\u00bb title_text=\u00bblargepreview-3&#8243; _builder_version=\u00bb4.9.4&#8243; _module_preset=\u00bbdefault\u00bb locked=\u00bboff\u00bb][\/et_pb_image][\/et_pb_column][et_pb_column type=\u00bb3_4&#8243; _builder_version=\u00bb4.8.1&#8243; _module_preset=\u00bbdefault\u00bb][et_pb_text _builder_version=\u00bb4.9.4&#8243; _module_preset=\u00bb0e0bc4e0-cb0d-449e-b059-a12dcf3338ce\u00bb]<\/p>\n<p>Francisco, J. P., &amp; Gil, T. 2017. Depois de duas d\u00e9cadas de Arqueologia P\u00fablica no Vale do C\u00f4a ter\u00e1 chegado a hora de uma Arqueologia participativa!? <em>C\u00f4aVis\u00e3o<\/em>,<em> 19<\/em>, 43-56.<\/p>\n<p>[\/et_pb_text][\/et_pb_column][\/et_pb_row][\/et_pb_section]<\/p>\n","protected":false},"excerpt":{"rendered":"<p>Social ValueCATEls Valors del Patrimoni: una recerca sobre els Llocs Prehist\u00f2rics d&#8217;Art Rupestre del Vale de Rio C\u00f4a i de Siega VerdeES Los valores del patrimonio: una investigaci\u00f3n sobre los Sitios de arte rupestre prehist\u00f3rico del Valle del C\u00f4a y de Siega VerdeENHeritage Values: an investigation on thePrehistoric Rock Art Sites in the C\u00f4a Valley [&hellip;]<\/p>\n","protected":false},"author":3,"featured_media":0,"parent":84,"menu_order":0,"comment_status":"closed","ping_status":"closed","template":"","meta":{"_et_pb_use_builder":"on","_et_pb_old_content":"","_et_gb_content_width":"","footnotes":""},"class_list":["post-2051","page","type-page","status-publish","hentry"],"yoast_head":"<!-- This site is optimized with the Yoast SEO plugin v16.1.1 - https:\/\/yoast.com\/wordpress\/plugins\/seo\/ -->\n<title>Social Value - GAPP<\/title>\n<link rel=\"canonical\" href=\"https:\/\/www.ub.edu\/gapp\/recerca\/social-value\/\" \/>\n<meta property=\"og:locale\" content=\"es_ES\" \/>\n<meta property=\"og:type\" content=\"article\" \/>\n<meta property=\"og:title\" content=\"Social Value - GAPP\" \/>\n<meta property=\"og:description\" content=\"Social ValueCATEls Valors del Patrimoni: una recerca sobre els Llocs Prehist\u00f2rics d&#039;Art Rupestre del Vale de Rio C\u00f4a i de Siega VerdeES Los valores del patrimonio: una investigaci\u00f3n sobre los Sitios de arte rupestre prehist\u00f3rico del Valle del C\u00f4a y de Siega VerdeENHeritage Values: an investigation on thePrehistoric Rock Art Sites in the C\u00f4a Valley [&hellip;]\" \/>\n<meta property=\"og:url\" content=\"https:\/\/www.ub.edu\/gapp\/recerca\/social-value\/\" \/>\n<meta property=\"og:site_name\" content=\"GAPP\" \/>\n<meta property=\"article:modified_time\" content=\"2025-03-13T10:20:11+00:00\" \/>\n<meta name=\"twitter:card\" content=\"summary_large_image\" \/>\n<meta name=\"twitter:label1\" content=\"Tiempo de lectura\">\n\t<meta name=\"twitter:data1\" content=\"9 minutos\">\n<script type=\"application\/ld+json\" class=\"yoast-schema-graph\">{\"@context\":\"https:\/\/schema.org\",\"@graph\":[{\"@type\":\"WebSite\",\"@id\":\"https:\/\/www.ub.edu\/gapp\/#website\",\"url\":\"https:\/\/www.ub.edu\/gapp\/\",\"name\":\"GAPP\",\"description\":\"Grup d\\u2019Arqueologia P\\u00fablica i Patrimoni\",\"potentialAction\":[{\"@type\":\"SearchAction\",\"target\":\"https:\/\/www.ub.edu\/gapp\/?s={search_term_string}\",\"query-input\":\"required name=search_term_string\"}],\"inLanguage\":\"es\"},{\"@type\":\"WebPage\",\"@id\":\"https:\/\/www.ub.edu\/gapp\/recerca\/social-value\/#webpage\",\"url\":\"https:\/\/www.ub.edu\/gapp\/recerca\/social-value\/\",\"name\":\"Social Value - GAPP\",\"isPartOf\":{\"@id\":\"https:\/\/www.ub.edu\/gapp\/#website\"},\"datePublished\":\"2021-10-25T18:58:14+00:00\",\"dateModified\":\"2025-03-13T10:20:11+00:00\",\"breadcrumb\":{\"@id\":\"https:\/\/www.ub.edu\/gapp\/recerca\/social-value\/#breadcrumb\"},\"inLanguage\":\"es\",\"potentialAction\":[{\"@type\":\"ReadAction\",\"target\":[\"https:\/\/www.ub.edu\/gapp\/recerca\/social-value\/\"]}]},{\"@type\":\"BreadcrumbList\",\"@id\":\"https:\/\/www.ub.edu\/gapp\/recerca\/social-value\/#breadcrumb\",\"itemListElement\":[{\"@type\":\"ListItem\",\"position\":1,\"item\":{\"@type\":\"WebPage\",\"@id\":\"https:\/\/www.ub.edu\/gapp\/\",\"url\":\"https:\/\/www.ub.edu\/gapp\/\",\"name\":\"Portada\"}},{\"@type\":\"ListItem\",\"position\":2,\"item\":{\"@type\":\"WebPage\",\"@id\":\"https:\/\/www.ub.edu\/gapp\/recerca\/\",\"url\":\"https:\/\/www.ub.edu\/gapp\/recerca\/\",\"name\":\"Recerca\"}},{\"@type\":\"ListItem\",\"position\":3,\"item\":{\"@type\":\"WebPage\",\"@id\":\"https:\/\/www.ub.edu\/gapp\/recerca\/social-value\/\",\"url\":\"https:\/\/www.ub.edu\/gapp\/recerca\/social-value\/\",\"name\":\"Social Value\"}}]}]}<\/script>\n<!-- \/ Yoast SEO plugin. -->","_links":{"self":[{"href":"https:\/\/www.ub.edu\/gapp\/wp-json\/wp\/v2\/pages\/2051","targetHints":{"allow":["GET"]}}],"collection":[{"href":"https:\/\/www.ub.edu\/gapp\/wp-json\/wp\/v2\/pages"}],"about":[{"href":"https:\/\/www.ub.edu\/gapp\/wp-json\/wp\/v2\/types\/page"}],"author":[{"embeddable":true,"href":"https:\/\/www.ub.edu\/gapp\/wp-json\/wp\/v2\/users\/3"}],"replies":[{"embeddable":true,"href":"https:\/\/www.ub.edu\/gapp\/wp-json\/wp\/v2\/comments?post=2051"}],"version-history":[{"count":13,"href":"https:\/\/www.ub.edu\/gapp\/wp-json\/wp\/v2\/pages\/2051\/revisions"}],"predecessor-version":[{"id":3137,"href":"https:\/\/www.ub.edu\/gapp\/wp-json\/wp\/v2\/pages\/2051\/revisions\/3137"}],"up":[{"embeddable":true,"href":"https:\/\/www.ub.edu\/gapp\/wp-json\/wp\/v2\/pages\/84"}],"wp:attachment":[{"href":"https:\/\/www.ub.edu\/gapp\/wp-json\/wp\/v2\/media?parent=2051"}],"curies":[{"name":"wp","href":"https:\/\/api.w.org\/{rel}","templated":true}]}}