{"id":2241,"date":"2022-05-30T17:43:47","date_gmt":"2022-05-30T17:43:47","guid":{"rendered":"https:\/\/www.ub.edu\/gapp\/?page_id=2241"},"modified":"2022-10-11T21:18:56","modified_gmt":"2022-10-11T21:18:56","slug":"maria-gabriela-navas-perrone","status":"publish","type":"page","link":"https:\/\/www.ub.edu\/gapp\/membres\/maria-gabriela-navas-perrone\/","title":{"rendered":"Mar\u00eda Gabriela Navas Perrone"},"content":{"rendered":"<p>[et_pb_section fb_built=\u00bb1&#8243; _builder_version=\u00bb4.8.1&#8243; _module_preset=\u00bb56ecb4cf-0a75-49b3-8895-39ab01b122c8&#8243;][et_pb_row column_structure=\u00bb2_3,1_3&#8243; _builder_version=\u00bb4.8.1&#8243; _module_preset=\u00bbdefault\u00bb][et_pb_column type=\u00bb2_3&#8243; _builder_version=\u00bb4.8.0&#8243; _module_preset=\u00bbdefault\u00bb][et_pb_text _builder_version=\u00bb4.9.4&#8243; _module_preset=\u00bbdefault\u00bb]<\/p>\n<h1>Mar\u00eda Gabriela Navas Perrone<\/h1>\n<p>[\/et_pb_text][et_pb_text _builder_version=\u00bb4.9.4&#8243; _module_preset=\u00bbdefault\u00bb]<\/p>\n<h3>Post-doctoral researcher, Universitat de Barcelona<\/h3>\n<p>[\/et_pb_text][et_pb_text _builder_version=\u00bb4.9.4&#8243; _module_preset=\u00bbdefault\u00bb]<strong>Professional Social Networks:<\/strong> <a href=\"https:\/\/barcelona.academia.edu\/GABRIELANAVAS\"><span>\u00a0Academia.edu<\/span><\/a><span >, <\/span><a href=\"https:\/\/orcid.org\/\"><span>ORCID<\/span><\/a><span>, <\/span><a href=\"https:\/\/www.linkedin.com\/in\/mar%C3%ADa-gabriela-navas-perrone-137260185\/?midToken=AQGRh1tbtpv06A&amp;midSig=3grljAAfmttqg1&amp;trk=eml-jobs_jymbii_digest-header-84-profile&amp;trkEmail=eml-jobs_jymbii_digest-header-84-profile-null-c3xc57%7El3iscdlj%7Ev2-null-neptune%2Fprofile%7Evanity%2Eview\"><span>Lindekin<\/span><\/a><span>, <\/span><a href=\"https:\/\/www.antiarq.org\/\"><span>Antiarq<\/span><\/a>[\/et_pb_text][et_pb_text _builder_version=\u00bb4.9.4&#8243; _module_preset=\u00bbdefault\u00bb]<\/p>\n<p><strong>Email:<\/strong><a href=\"mailto:m.diaz-andreu@ub.edu\" target=\"_blank\" rel=\"noopener\"><span> gabriela.navas<\/span> <span >@ub.edu \/\u00a0 etnoproyecto@gmail.com<\/span><\/a><\/p>\n<p>[\/et_pb_text][\/et_pb_column][et_pb_column type=\u00bb1_3&#8243; _builder_version=\u00bb4.8.0&#8243; _module_preset=\u00bbdefault\u00bb][et_pb_image src=\u00bbhttps:\/\/www.ub.edu\/gapp\/wp-content\/uploads\/2022\/09\/foto_Gabriela_.jpg\u00bb alt=\u00bbMagarita D\u00edaz Andreu. ICREA Research Professor.\u00bb title_text=\u00bbfoto_Gabriela_\u00bb align_tablet=\u00bbcenter\u00bb align_phone=\u00bb\u00bb align_last_edited=\u00bbon|phone\u00bb _builder_version=\u00bb4.9.4&#8243; _module_preset=\u00bbdefault\u00bb hover_enabled=\u00bb0&#8243; sticky_enabled=\u00bb0&#8243;][\/et_pb_image][\/et_pb_column][\/et_pb_row][\/et_pb_section][et_pb_section fb_built=\u00bb1&#8243; _builder_version=\u00bb4.8.0&#8243; _module_preset=\u00bbdefault\u00bb][et_pb_row column_structure=\u00bb1_2,1_2&#8243; _builder_version=\u00bb4.8.1&#8243; _module_preset=\u00bbdefault\u00bb][et_pb_column type=\u00bb1_2&#8243; _builder_version=\u00bb4.8.0&#8243; _module_preset=\u00bbdefault\u00bb][et_pb_text _builder_version=\u00bb4.8.2&#8243; _module_preset=\u00bbdefault\u00bb text_text_color=\u00bb#FFFFFF\u00bb background_color=\u00bb#0B280B\u00bb text_orientation=\u00bbcenter\u00bb width=\u00bb40px\u00bb module_alignment=\u00bbleft\u00bb min_height=\u00bb40px\u00bb animation_style=\u00bbzoom\u00bb custom_css_main_element=\u00bbdisplay:flex;||flex-direction: column;||justify-content: center;\u00bb border_radii=\u00bbon|100%|100%|100%|100%\u00bb]<\/p>\n<p>ES<\/p>\n<p>[\/et_pb_text][et_pb_text _builder_version=\u00bb4.9.4&#8243; _module_preset=\u00bbdefault\u00bb]<\/p>\n<p>Mar\u00eda Gabriela Navas Perrone, es arquitecta y doctora en Antropolog\u00eda Social por la Universitat de Barcelona.  Su principal l\u00ednea de investigaci\u00f3n explora la interdisciplinariedad entre la arquitectura y la etnograf\u00eda para estudiar la producci\u00f3n del espacio urbano.  Desde esta perspectiva, coordina el Grupo de Investigaci\u00f3n en Antropolog\u00eda y Arquitectura (GRANAR) del Instituto Catal\u00e1n de Antropolog\u00eda (ICA). Gabriela tambi\u00e9n es miembro del \u00abObservatorio de Antropolog\u00eda del Conflicto Urbano\u00bb (OACU), y del \u00abGrupo de Investigaci\u00f3n sobre Control y Exclusi\u00f3n Social\u00bb (GRECS) de la Universidad de Barcelona.  Es presidenta y socia fundadora de la asociaci\u00f3n ANTIARQ, en donde ha coordinado diversas actividades de formaci\u00f3n que exploran la dimensi\u00f3n humana de las ciudades. Ha colaborado como miembro del equipo de investigaci\u00f3n en el proyecto de I+D \u00abMOVER. Movilidades desbordadas: Un estudio comparativo de las nuevas movilidades urbanas\u00bb. En la actualidad, dirige el curso de postgrado \u00abAntropolog\u00eda y Arquitectura. La vida social del entorno construido\u00bb impartido por la Universidad de Barcelona y es investigadora postdoctoral en el Departamento de Historia y Arqueolog\u00eda de la misma universidad, para el proyecto europeo Curbatheri-Deep Cities.<br \/>\nHa participado en proyectos de investigaci\u00f3n que abordan la econom\u00eda pol\u00edtica de la producci\u00f3n arquitect\u00f3nica, los impactos sociales de las transformaciones urbanas, el urbanismo con perspectiva de g\u00e9nero y, recientemente, cuestiones de patrimonio y movilidades urbanas en ciudades post-pandemia.\n<\/p>\n<p>[\/et_pb_text][\/et_pb_column][et_pb_column type=\u00bb1_2&#8243; _builder_version=\u00bb4.8.0&#8243; _module_preset=\u00bbdefault\u00bb][et_pb_text _builder_version=\u00bb4.8.2&#8243; _module_preset=\u00bbdefault\u00bb text_text_color=\u00bb#FFFFFF\u00bb background_color=\u00bb#0B280B\u00bb text_orientation=\u00bbcenter\u00bb width=\u00bb40px\u00bb module_alignment=\u00bbleft\u00bb min_height=\u00bb40px\u00bb animation_style=\u00bbzoom\u00bb custom_css_main_element=\u00bbdisplay:flex;||flex-direction: column;||justify-content: center;\u00bb border_radii=\u00bbon|100%|100%|100%|100%\u00bb]<\/p>\n<p>EN<\/p>\n<p>[\/et_pb_text][et_pb_text _builder_version=\u00bb4.9.4&#8243; _module_preset=\u00bbdefault\u00bb]<\/p>\n<p>Mar\u00eda Gabriela Navas Perrone, is an architect and holds a PhD in Social Anthropology by University of Barcelona.  Her main line of research explores the interdisciplinary approach between architecture and ethnography to study the production of urban space.  From this perspective, she is the coordinator of the \u201cResearch Group in Anthropology and Architecture\u201d (GRANAR) of the Catalan Institute of Anthropology (ICA).  Gabriela is also member of the \u201cObservatory of Anthropology of Urban Conflict\u201d (OACU), and of the \u201cResearch Group on Control and Social Exclusion\u201d (GRECS) of the University of Barcelona.  Is the president and founding partner of the association ANTIARQ, where has coordinated various training activities that explore the human dimension of cities. She has collaborated as member of the research team in the I+D \u201cMOVER. Overflowing mobilities: A comparative study of new urban mobilities\u201d. At present, she leads the postgraduate course \u201cAnthropology and Architecture. The social life of the built environment\u201d offered by the University of Barcelona, and is a post-doctoral researcher at the Department of History and Archaeology of the same university, for the European project Curbatheri-Deep Cities.<br \/>\nEventually, she has participated in research projects that address the political economy of architectural production, the social impacts of urban transformations, urbanism with a gender perspective, and recently, issues of heritage and urban mobilities in post-pandemic cities.\n<\/p>\n<p>[\/et_pb_text][\/et_pb_column][\/et_pb_row][\/et_pb_section]<\/p>\n","protected":false},"excerpt":{"rendered":"<p>Mar\u00eda Gabriela Navas PerronePost-doctoral researcher, Universitat de BarcelonaProfessional Social Networks: \u00a0Academia.edu, ORCID, Lindekin, AntiarqEmail: gabriela.navas @ub.edu \/\u00a0 etnoproyecto@gmail.comESMar\u00eda Gabriela Navas Perrone, es arquitecta y doctora en Antropolog\u00eda Social por la Universitat de Barcelona. Su principal l\u00ednea de investigaci\u00f3n explora la interdisciplinariedad entre la arquitectura y la etnograf\u00eda para estudiar la producci\u00f3n del espacio urbano. Desde [&hellip;]<\/p>\n","protected":false},"author":3,"featured_media":0,"parent":433,"menu_order":0,"comment_status":"closed","ping_status":"closed","template":"","meta":{"_et_pb_use_builder":"on","_et_pb_old_content":"","_et_gb_content_width":"","footnotes":""},"class_list":["post-2241","page","type-page","status-publish","hentry"],"yoast_head":"<!-- This site is optimized with the Yoast SEO plugin v16.1.1 - https:\/\/yoast.com\/wordpress\/plugins\/seo\/ -->\n<title>Mar\u00eda Gabriela Navas Perrone - GAPP<\/title>\n<link rel=\"canonical\" href=\"https:\/\/www.ub.edu\/gapp\/membres\/maria-gabriela-navas-perrone\/\" \/>\n<meta property=\"og:locale\" content=\"es_ES\" \/>\n<meta property=\"og:type\" content=\"article\" \/>\n<meta property=\"og:title\" content=\"Mar\u00eda Gabriela Navas Perrone - GAPP\" \/>\n<meta property=\"og:description\" content=\"Mar\u00eda Gabriela Navas PerronePost-doctoral researcher, Universitat de BarcelonaProfessional Social Networks: \u00a0Academia.edu, ORCID, Lindekin, AntiarqEmail: gabriela.navas @ub.edu \/\u00a0 etnoproyecto@gmail.comESMar\u00eda Gabriela Navas Perrone, es arquitecta y doctora en Antropolog\u00eda Social por la Universitat de Barcelona. Su principal l\u00ednea de investigaci\u00f3n explora la interdisciplinariedad entre la arquitectura y la etnograf\u00eda para estudiar la producci\u00f3n del espacio urbano. Desde [&hellip;]\" \/>\n<meta property=\"og:url\" content=\"https:\/\/www.ub.edu\/gapp\/membres\/maria-gabriela-navas-perrone\/\" \/>\n<meta property=\"og:site_name\" content=\"GAPP\" \/>\n<meta property=\"article:modified_time\" content=\"2022-10-11T21:18:56+00:00\" \/>\n<meta name=\"twitter:card\" content=\"summary_large_image\" \/>\n<meta name=\"twitter:label1\" content=\"Tiempo de lectura\">\n\t<meta name=\"twitter:data1\" content=\"4 minutos\">\n<script type=\"application\/ld+json\" class=\"yoast-schema-graph\">{\"@context\":\"https:\/\/schema.org\",\"@graph\":[{\"@type\":\"WebSite\",\"@id\":\"https:\/\/www.ub.edu\/gapp\/#website\",\"url\":\"https:\/\/www.ub.edu\/gapp\/\",\"name\":\"GAPP\",\"description\":\"Grup d\\u2019Arqueologia P\\u00fablica i Patrimoni\",\"potentialAction\":[{\"@type\":\"SearchAction\",\"target\":\"https:\/\/www.ub.edu\/gapp\/?s={search_term_string}\",\"query-input\":\"required name=search_term_string\"}],\"inLanguage\":\"es\"},{\"@type\":\"WebPage\",\"@id\":\"https:\/\/www.ub.edu\/gapp\/membres\/maria-gabriela-navas-perrone\/#webpage\",\"url\":\"https:\/\/www.ub.edu\/gapp\/membres\/maria-gabriela-navas-perrone\/\",\"name\":\"Mar\\u00eda Gabriela Navas Perrone - GAPP\",\"isPartOf\":{\"@id\":\"https:\/\/www.ub.edu\/gapp\/#website\"},\"datePublished\":\"2022-05-30T17:43:47+00:00\",\"dateModified\":\"2022-10-11T21:18:56+00:00\",\"breadcrumb\":{\"@id\":\"https:\/\/www.ub.edu\/gapp\/membres\/maria-gabriela-navas-perrone\/#breadcrumb\"},\"inLanguage\":\"es\",\"potentialAction\":[{\"@type\":\"ReadAction\",\"target\":[\"https:\/\/www.ub.edu\/gapp\/membres\/maria-gabriela-navas-perrone\/\"]}]},{\"@type\":\"BreadcrumbList\",\"@id\":\"https:\/\/www.ub.edu\/gapp\/membres\/maria-gabriela-navas-perrone\/#breadcrumb\",\"itemListElement\":[{\"@type\":\"ListItem\",\"position\":1,\"item\":{\"@type\":\"WebPage\",\"@id\":\"https:\/\/www.ub.edu\/gapp\/\",\"url\":\"https:\/\/www.ub.edu\/gapp\/\",\"name\":\"Portada\"}},{\"@type\":\"ListItem\",\"position\":2,\"item\":{\"@type\":\"WebPage\",\"@id\":\"https:\/\/www.ub.edu\/gapp\/membres\/\",\"url\":\"https:\/\/www.ub.edu\/gapp\/membres\/\",\"name\":\"Membres\"}},{\"@type\":\"ListItem\",\"position\":3,\"item\":{\"@type\":\"WebPage\",\"@id\":\"https:\/\/www.ub.edu\/gapp\/membres\/maria-gabriela-navas-perrone\/\",\"url\":\"https:\/\/www.ub.edu\/gapp\/membres\/maria-gabriela-navas-perrone\/\",\"name\":\"Mar\\u00eda Gabriela Navas Perrone\"}}]}]}<\/script>\n<!-- \/ Yoast SEO plugin. -->","_links":{"self":[{"href":"https:\/\/www.ub.edu\/gapp\/wp-json\/wp\/v2\/pages\/2241","targetHints":{"allow":["GET"]}}],"collection":[{"href":"https:\/\/www.ub.edu\/gapp\/wp-json\/wp\/v2\/pages"}],"about":[{"href":"https:\/\/www.ub.edu\/gapp\/wp-json\/wp\/v2\/types\/page"}],"author":[{"embeddable":true,"href":"https:\/\/www.ub.edu\/gapp\/wp-json\/wp\/v2\/users\/3"}],"replies":[{"embeddable":true,"href":"https:\/\/www.ub.edu\/gapp\/wp-json\/wp\/v2\/comments?post=2241"}],"version-history":[{"count":6,"href":"https:\/\/www.ub.edu\/gapp\/wp-json\/wp\/v2\/pages\/2241\/revisions"}],"predecessor-version":[{"id":2503,"href":"https:\/\/www.ub.edu\/gapp\/wp-json\/wp\/v2\/pages\/2241\/revisions\/2503"}],"up":[{"embeddable":true,"href":"https:\/\/www.ub.edu\/gapp\/wp-json\/wp\/v2\/pages\/433"}],"wp:attachment":[{"href":"https:\/\/www.ub.edu\/gapp\/wp-json\/wp\/v2\/media?parent=2241"}],"curies":[{"name":"wp","href":"https:\/\/api.w.org\/{rel}","templated":true}]}}