{"id":3063,"date":"2025-02-04T14:03:07","date_gmt":"2025-02-04T14:03:07","guid":{"rendered":"https:\/\/www.ub.edu\/gapp\/?page_id=3063"},"modified":"2025-12-03T12:41:00","modified_gmt":"2025-12-03T12:41:00","slug":"heritage-digitalization","status":"publish","type":"page","link":"https:\/\/www.ub.edu\/gapp\/recerca\/heritage-digitalization\/","title":{"rendered":"Heritage digitalization"},"content":{"rendered":"<p>[et_pb_section fb_built=\u00bb1&#8243; _builder_version=\u00bb4.8.1&#8243; _module_preset=\u00bbdefault\u00bb background_image=\u00bbhttps:\/\/www.ub.edu\/gapp\/wp-content\/uploads\/2021\/01\/cabcera-imagen-milans.jpg\u00bb background_position=\u00bbbottom_left\u00bb][et_pb_row column_structure=\u00bb1_2,1_2&#8243; _builder_version=\u00bb4.8.1&#8243; _module_preset=\u00bbdefault\u00bb custom_margin=\u00bb||||false|false\u00bb custom_css_main_element=\u00bbdisplay: flex;||align-items:center;\u00bb custom_css_main_element_last_edited=\u00bbon|tablet\u00bb custom_css_main_element_tablet=\u00bb \u00ab][et_pb_column type=\u00bb1_2&#8243; _builder_version=\u00bb4.8.1&#8243; _module_preset=\u00bbdefault\u00bb][et_pb_text _builder_version=\u00bb4.9.4&#8243; _module_preset=\u00bbdefault\u00bb transform_scale_linked=\u00bboff\u00bb transform_translate_tablet=\u00bb0px|0%\u00bb transform_translate_phone=\u00bb0px|0%\u00bb transform_translate_last_edited=\u00bbon|tablet\u00bb transform_translate_linked=\u00bboff\u00bb custom_margin=\u00bb||||false|false\u00bb custom_margin_tablet=\u00bb||||false|false\u00bb custom_margin_phone=\u00bb\u00bb custom_margin_last_edited=\u00bbon|tablet\u00bb custom_css_main_element=\u00bb||\u00bb]<\/p>\n<h1>\u00a0Heritage digitalization<\/h1>\n<p>[\/et_pb_text][\/et_pb_column][et_pb_column type=\u00bb1_2&#8243; _builder_version=\u00bb4.8.1&#8243; _module_preset=\u00bbdefault\u00bb][et_pb_text _builder_version=\u00bb4.9.4&#8243; _module_preset=\u00bbdefault\u00bb text_text_color=\u00bb#FFFFFF\u00bb background_color=\u00bb#0B280B\u00bb text_orientation=\u00bbcenter\u00bb width=\u00bb40px\u00bb module_alignment=\u00bbleft\u00bb min_height=\u00bb40px\u00bb animation_style=\u00bbzoom\u00bb custom_css_main_element=\u00bbdisplay:flex;||flex-direction: column;||justify-content: center;\u00bb border_radii=\u00bbon|100%|100%|100%|100%\u00bb]<\/p>\n<p>CAT<\/p>\n<p>[\/et_pb_text][et_pb_text _builder_version=\u00bb4.9.4&#8243; _module_preset=\u00bbdefault\u00bb]<\/p>\n<p><span>La digitalitzaci\u00f3 del patrimoni: un estudi sobre les estrat\u00e8gies digitals en llocs Patrimoni Mundial de Catalunya<\/span><\/p>\n<p>[\/et_pb_text][et_pb_text _builder_version=\u00bb4.8.2&#8243; _module_preset=\u00bbdefault\u00bb text_text_color=\u00bb#FFFFFF\u00bb background_color=\u00bb#0B280B\u00bb text_orientation=\u00bbcenter\u00bb width=\u00bb40px\u00bb module_alignment=\u00bbleft\u00bb min_height=\u00bb40px\u00bb animation_style=\u00bbzoom\u00bb custom_css_main_element=\u00bbdisplay:flex;||flex-direction: column;||justify-content: center;\u00bb border_radii=\u00bbon|100%|100%|100%|100%\u00bb]<\/p>\n<p>ES<\/p>\n<p>[\/et_pb_text][et_pb_text _builder_version=\u00bb4.9.4&#8243; _module_preset=\u00bbdefault\u00bb]<\/p>\n<p>La digitalizaci\u00f3n del patrimonio: un estudio sobre las estrategias digitales en sitios Patrimonio Mundial de Catalu\u00f1a\u00a0<\/p>\n<p>[\/et_pb_text][et_pb_text _builder_version=\u00bb4.8.2&#8243; _module_preset=\u00bbdefault\u00bb text_text_color=\u00bb#FFFFFF\u00bb background_color=\u00bb#0B280B\u00bb text_orientation=\u00bbcenter\u00bb width=\u00bb40px\u00bb module_alignment=\u00bbleft\u00bb min_height=\u00bb40px\u00bb animation_style=\u00bbzoom\u00bb custom_css_main_element=\u00bbdisplay:flex;||flex-direction: column;||justify-content: center;\u00bb border_radii=\u00bbon|100%|100%|100%|100%\u00bb]<\/p>\n<p>EN<\/p>\n<p>[\/et_pb_text][et_pb_text _builder_version=\u00bb4.9.4&#8243; _module_preset=\u00bbdefault\u00bb]<\/p>\n<p>The Digitalization of Heritage: A Study on Digital Strategies in World Heritage Sites in Catalonia<\/p>\n<p>[\/et_pb_text][\/et_pb_column][\/et_pb_row][\/et_pb_section][et_pb_section fb_built=\u00bb1&#8243; _builder_version=\u00bb4.8.0&#8243; _module_preset=\u00bbdefault\u00bb][et_pb_row column_structure=\u00bb1_3,1_3,1_3&#8243; _builder_version=\u00bb4.9.4&#8243; _module_preset=\u00bbdefault\u00bb][et_pb_column type=\u00bb1_3&#8243; _builder_version=\u00bb4.9.4&#8243; _module_preset=\u00bbdefault\u00bb][et_pb_text _builder_version=\u00bb4.9.4&#8243; _module_preset=\u00bbdefault\u00bb text_text_color=\u00bb#FFFFFF\u00bb background_color=\u00bb#0B280B\u00bb text_orientation=\u00bbcenter\u00bb width=\u00bb40px\u00bb module_alignment=\u00bbleft\u00bb min_height=\u00bb40px\u00bb animation_style=\u00bbzoom\u00bb custom_css_main_element=\u00bbdisplay:flex;||flex-direction: column;||justify-content: center;\u00bb border_radii=\u00bbon|100%|100%|100%|100%\u00bb]<\/p>\n<p>CAT<\/p>\n<p>[\/et_pb_text][et_pb_text _builder_version=\u00bb4.9.4&#8243; _module_preset=\u00bbdefault\u00bb]<\/p>\n<p><span>El turisme cultural ha experimentat transformacions significatives a causa de la globalitzaci\u00f3, la digitalitzaci\u00f3 i la pand\u00e8mia de COVID-19. Dins del turisme cultural, els llocs declarats Patrimoni Mundial per la UNESCO exerceixen un paper clau en la interpretaci\u00f3 i difusi\u00f3 del patrimoni. Aquesta recerca analitza les estrat\u00e8gies digitals implementades en tres llocs de Catalunya: la Casa\u00a0<\/span><span>Batll\u00f3<\/span><span>, la Sagrada Fam\u00edlia i el Vall de Bo\u00ed. Aquestes ubicacions han integrat tecnologies com la realitat augmentada, recorreguts virtuals i mitjans interactius per a millorar l&#8217;experi\u00e8ncia del visitant. A trav\u00e9s d&#8217;un enfocament mixt\u2014combinant enquestes a visitants, entrevistes i an\u00e0lisis de comportament\u2014s&#8217;examina com diferents perfils de p\u00fablic interactuen amb el contingut digital, la seva percepci\u00f3 d&#8217;autenticitat i l&#8217;efectivitat d&#8217;aquestes eines en la interpretaci\u00f3 patrimonial. En comparar experi\u00e8ncies entre els llocs, aquest estudi busca identificar bones pr\u00e0ctiques i proposar recomanacions per a optimitzar les estrat\u00e8gies digitals en el turisme cultural, promovent un major comprom\u00eds i accessibilitat.<\/span><\/p>\n<p>[\/et_pb_text][\/et_pb_column][et_pb_column type=\u00bb1_3&#8243; _builder_version=\u00bb4.9.4&#8243; _module_preset=\u00bbdefault\u00bb][et_pb_text _builder_version=\u00bb4.8.2&#8243; _module_preset=\u00bbdefault\u00bb text_text_color=\u00bb#FFFFFF\u00bb background_color=\u00bb#0B280B\u00bb text_orientation=\u00bbcenter\u00bb width=\u00bb40px\u00bb module_alignment=\u00bbleft\u00bb min_height=\u00bb40px\u00bb animation_style=\u00bbzoom\u00bb custom_css_main_element=\u00bbdisplay:flex;||flex-direction: column;||justify-content: center;\u00bb border_radii=\u00bbon|100%|100%|100%|100%\u00bb]<\/p>\n<p>ES<\/p>\n<p>[\/et_pb_text][et_pb_text _builder_version=\u00bb4.9.4&#8243; _module_preset=\u00bbdefault\u00bb]<\/p>\n<p>El turismo cultural ha experimentado transformaciones significativas debido a la globalizaci\u00f3n, la digitalizaci\u00f3n y la pandemia de COVID-19. Dentro del turismo cultural, los sitios declarados Patrimonio Mundial por la UNESCO desempe\u00f1an un papel clave en la interpretaci\u00f3n y difusi\u00f3n del patrimonio. Esta investigaci\u00f3n analiza las estrategias digitales implementadas en tres sitios de Catalu\u00f1a: la Casa Batll\u00f3, la Sagrada Familia y el Vall de Bo\u00ed. Estas ubicaciones han integrado tecnolog\u00edas como la realidad aumentada, recorridos virtuales y medios interactivos para mejorar la experiencia del visitante. A trav\u00e9s de un enfoque mixto\u2014combinando encuestas a visitantes, entrevistas y an\u00e1lisis de comportamiento\u2014se examina c\u00f3mo distintos perfiles de p\u00fablico interact\u00faan con el contenido digital, su percepci\u00f3n de autenticidad y la efectividad de estas herramientas en la interpretaci\u00f3n patrimonial. Al comparar experiencias entre los sitios, este estudio busca identificar buenas pr\u00e1cticas y proponer recomendaciones para optimizar las estrategias digitales en el turismo cultural, promoviendo un mayor compromiso y accesibilidad.<\/p>\n<p>[\/et_pb_text][\/et_pb_column][et_pb_column type=\u00bb1_3&#8243; _builder_version=\u00bb4.8.0&#8243; _module_preset=\u00bbdefault\u00bb][et_pb_text _builder_version=\u00bb4.8.2&#8243; _module_preset=\u00bbdefault\u00bb text_text_color=\u00bb#FFFFFF\u00bb background_color=\u00bb#0B280B\u00bb text_orientation=\u00bbcenter\u00bb width=\u00bb40px\u00bb module_alignment=\u00bbleft\u00bb min_height=\u00bb40px\u00bb animation_style=\u00bbzoom\u00bb custom_css_main_element=\u00bbdisplay:flex;||flex-direction: column;||justify-content: center;\u00bb border_radii=\u00bbon|100%|100%|100%|100%\u00bb]<\/p>\n<p>EN<\/p>\n<p>[\/et_pb_text][et_pb_text _builder_version=\u00bb4.9.4&#8243; _module_preset=\u00bbdefault\u00bb]<\/p>\n<p>Cultural tourism has evolved significantly, influenced by factors such as globalization, digital transformation, and the COVID-19 pandemic. Within cultural tourism, World Heritage Sites play a key role in fostering engagement and understanding of heritage. This research examines the digital strategies implemented in three UNESCO-listed sites in Catalonia: Casa Batll\u00f3, La Sagrada Familia, and the Vall de Bo\u00ed. These sites have adopted technologies such as augmented reality, virtual tours, and interactive media to enhance visitor experiences. Through a mixed-methods approach\u2014combining visitor surveys, interviews, and behavioral analysis\u2014this study explores how different visitor profiles engage with digital content, their perceptions of authenticity, and the effectiveness of these tools in heritage interpretation. By comparing experiences across sites, this research aims to identify best practices and propose recommendations for optimizing digital strategies in cultural heritage tourism, ultimately fostering deeper visitor engagement and accessibility.<\/p>\n<p>[\/et_pb_text][\/et_pb_column][\/et_pb_row][et_pb_row column_structure=\u00bb1_2,1_2&#8243; _builder_version=\u00bb4.8.1&#8243; _module_preset=\u00bbdefault\u00bb][et_pb_column type=\u00bb1_2&#8243; _builder_version=\u00bb4.8.1&#8243; _module_preset=\u00bbdefault\u00bb][et_pb_image src=\u00bbhttps:\/\/www.ub.edu\/gapp\/wp-content\/uploads\/2025\/02\/Catalun\u0303a-2-scaled.jpg\u00bb alt=\u00bbMuseo Hist\u00f3rico Nacional\u00bb title_text=\u00bbCatalun\u0303a 2&#8243; align=\u00bbcenter\u00bb align_tablet=\u00bbcenter\u00bb align_phone=\u00bb\u00bb align_last_edited=\u00bbon|tablet\u00bb _builder_version=\u00bb4.9.4&#8243; _module_preset=\u00bbdefault\u00bb width=\u00bb100%\u00bb max_width=\u00bb100%\u00bb min_height=\u00bb535px\u00bb height=\u00bb531px\u00bb max_height=\u00bb1000px\u00bb][\/et_pb_image][\/et_pb_column][et_pb_column type=\u00bb1_2&#8243; _builder_version=\u00bb4.8.1&#8243; _module_preset=\u00bbdefault\u00bb][et_pb_image src=\u00bbhttps:\/\/www.ub.edu\/gapp\/wp-content\/uploads\/2025\/02\/Catalun\u0303a-3-scaled.jpg\u00bb title_text=\u00bbCatalun\u0303a 3&#8243; align=\u00bbcenter\u00bb _builder_version=\u00bb4.9.4&#8243; _module_preset=\u00bbdefault\u00bb height=\u00bb535px\u00bb][\/et_pb_image][\/et_pb_column][\/et_pb_row][et_pb_row column_structure=\u00bb1_2,1_2&#8243; _builder_version=\u00bb4.8.1&#8243; _module_preset=\u00bbdefault\u00bb][et_pb_column type=\u00bb1_2&#8243; _builder_version=\u00bb4.8.1&#8243; _module_preset=\u00bbdefault\u00bb][et_pb_image src=\u00bbhttps:\/\/www.ub.edu\/gapp\/wp-content\/uploads\/2025\/02\/Catalun\u0303a-4.png\u00bb alt=\u00bbMuseo Hist\u00f3rico Nacional\u00bb title_text=\u00bbCatalun\u0303a 4&#8243; align=\u00bbcenter\u00bb align_tablet=\u00bbcenter\u00bb align_phone=\u00bb\u00bb align_last_edited=\u00bbon|tablet\u00bb _builder_version=\u00bb4.9.4&#8243; _module_preset=\u00bbdefault\u00bb width=\u00bb100%\u00bb max_width=\u00bb100%\u00bb max_height=\u00bb1000px\u00bb custom_margin=\u00bb11px||||false|false\u00bb][\/et_pb_image][\/et_pb_column][et_pb_column type=\u00bb1_2&#8243; _builder_version=\u00bb4.8.1&#8243; _module_preset=\u00bbdefault\u00bb][et_pb_image src=\u00bbhttps:\/\/www.ub.edu\/gapp\/wp-content\/uploads\/2025\/02\/Catalun\u0303a-6.jpg\u00bb title_text=\u00bbRoman Church of Sant Climent de Taull (Catalonia &#8211; Spain)\u00bb _builder_version=\u00bb4.9.4&#8243; _module_preset=\u00bbdefault\u00bb][\/et_pb_image][\/et_pb_column][\/et_pb_row][et_pb_row column_structure=\u00bb1_2,1_2&#8243; _builder_version=\u00bb4.8.1&#8243; _module_preset=\u00bbdefault\u00bb][et_pb_column type=\u00bb1_2&#8243; _builder_version=\u00bb4.8.1&#8243; _module_preset=\u00bbdefault\u00bb][et_pb_text _builder_version=\u00bb4.9.4&#8243; _module_preset=\u00bbdefault\u00bb text_orientation=\u00bbcenter\u00bb]<\/p>\n<p>Imagen de video mapping de Taull en www.vallboi.cat<\/p>\n<p>[\/et_pb_text][\/et_pb_column][et_pb_column type=\u00bb1_2&#8243; _builder_version=\u00bb4.8.1&#8243; _module_preset=\u00bbdefault\u00bb][et_pb_text _builder_version=\u00bb4.9.4&#8243; _module_preset=\u00bbdefault\u00bb text_orientation=\u00bbcenter\u00bb]<\/p>\n<p>Foto: Iglesia rom\u00e1nica de Sant Climent de Taull. Por KarSol en escapadarural.com<\/p>\n<p>[\/et_pb_text][\/et_pb_column][\/et_pb_row][\/et_pb_section][et_pb_section fb_built=\u00bb1&#8243; _builder_version=\u00bb4.8.0&#8243; _module_preset=\u00bbdefault\u00bb locked=\u00bboff\u00bb][et_pb_row column_structure=\u00bb1_4,3_4&#8243; use_custom_gutter=\u00bbon\u00bb gutter_width=\u00bb2&#8243; _builder_version=\u00bb4.8.1&#8243; _module_preset=\u00bbdefault\u00bb locked=\u00bboff\u00bb][et_pb_column type=\u00bb1_4&#8243; _builder_version=\u00bb4.8.1&#8243; _module_preset=\u00bbdefault\u00bb][\/et_pb_column][et_pb_column type=\u00bb3_4&#8243; _builder_version=\u00bb4.8.1&#8243; _module_preset=\u00bbdefault\u00bb][\/et_pb_column][\/et_pb_row][\/et_pb_section]<\/p>\n","protected":false},"excerpt":{"rendered":"<p>\u00a0Heritage digitalizationCATLa digitalitzaci\u00f3 del patrimoni: un estudi sobre les estrat\u00e8gies digitals en llocs Patrimoni Mundial de CatalunyaESLa digitalizaci\u00f3n del patrimonio: un estudio sobre las estrategias digitales en sitios Patrimonio Mundial de Catalu\u00f1a\u00a0ENThe Digitalization of Heritage: A Study on Digital Strategies in World Heritage Sites in CataloniaCATEl turisme cultural ha experimentat transformacions significatives a causa de [&hellip;]<\/p>\n","protected":false},"author":8,"featured_media":0,"parent":84,"menu_order":0,"comment_status":"closed","ping_status":"closed","template":"","meta":{"_et_pb_use_builder":"on","_et_pb_old_content":"","_et_gb_content_width":"","footnotes":""},"class_list":["post-3063","page","type-page","status-publish","hentry"],"yoast_head":"<!-- This site is optimized with the Yoast SEO plugin v16.1.1 - https:\/\/yoast.com\/wordpress\/plugins\/seo\/ -->\n<title>Heritage digitalization - GAPP<\/title>\n<link rel=\"canonical\" href=\"https:\/\/www.ub.edu\/gapp\/recerca\/heritage-digitalization\/\" \/>\n<meta property=\"og:locale\" content=\"es_ES\" \/>\n<meta property=\"og:type\" content=\"article\" \/>\n<meta property=\"og:title\" content=\"Heritage digitalization - GAPP\" \/>\n<meta property=\"og:description\" content=\"\u00a0Heritage digitalizationCATLa digitalitzaci\u00f3 del patrimoni: un estudi sobre les estrat\u00e8gies digitals en llocs Patrimoni Mundial de CatalunyaESLa digitalizaci\u00f3n del patrimonio: un estudio sobre las estrategias digitales en sitios Patrimonio Mundial de Catalu\u00f1a\u00a0ENThe Digitalization of Heritage: A Study on Digital Strategies in World Heritage Sites in CataloniaCATEl turisme cultural ha experimentat transformacions significatives a causa de [&hellip;]\" \/>\n<meta property=\"og:url\" content=\"https:\/\/www.ub.edu\/gapp\/recerca\/heritage-digitalization\/\" \/>\n<meta property=\"og:site_name\" content=\"GAPP\" \/>\n<meta property=\"article:modified_time\" content=\"2025-12-03T12:41:00+00:00\" \/>\n<meta name=\"twitter:card\" content=\"summary_large_image\" \/>\n<meta name=\"twitter:label1\" content=\"Tiempo de lectura\">\n\t<meta name=\"twitter:data1\" content=\"7 minutos\">\n<script type=\"application\/ld+json\" class=\"yoast-schema-graph\">{\"@context\":\"https:\/\/schema.org\",\"@graph\":[{\"@type\":\"WebSite\",\"@id\":\"https:\/\/www.ub.edu\/gapp\/#website\",\"url\":\"https:\/\/www.ub.edu\/gapp\/\",\"name\":\"GAPP\",\"description\":\"Grup d\\u2019Arqueologia P\\u00fablica i Patrimoni\",\"potentialAction\":[{\"@type\":\"SearchAction\",\"target\":\"https:\/\/www.ub.edu\/gapp\/?s={search_term_string}\",\"query-input\":\"required name=search_term_string\"}],\"inLanguage\":\"es\"},{\"@type\":\"WebPage\",\"@id\":\"https:\/\/www.ub.edu\/gapp\/recerca\/heritage-digitalization\/#webpage\",\"url\":\"https:\/\/www.ub.edu\/gapp\/recerca\/heritage-digitalization\/\",\"name\":\"Heritage digitalization - GAPP\",\"isPartOf\":{\"@id\":\"https:\/\/www.ub.edu\/gapp\/#website\"},\"datePublished\":\"2025-02-04T14:03:07+00:00\",\"dateModified\":\"2025-12-03T12:41:00+00:00\",\"breadcrumb\":{\"@id\":\"https:\/\/www.ub.edu\/gapp\/recerca\/heritage-digitalization\/#breadcrumb\"},\"inLanguage\":\"es\",\"potentialAction\":[{\"@type\":\"ReadAction\",\"target\":[\"https:\/\/www.ub.edu\/gapp\/recerca\/heritage-digitalization\/\"]}]},{\"@type\":\"BreadcrumbList\",\"@id\":\"https:\/\/www.ub.edu\/gapp\/recerca\/heritage-digitalization\/#breadcrumb\",\"itemListElement\":[{\"@type\":\"ListItem\",\"position\":1,\"item\":{\"@type\":\"WebPage\",\"@id\":\"https:\/\/www.ub.edu\/gapp\/\",\"url\":\"https:\/\/www.ub.edu\/gapp\/\",\"name\":\"Portada\"}},{\"@type\":\"ListItem\",\"position\":2,\"item\":{\"@type\":\"WebPage\",\"@id\":\"https:\/\/www.ub.edu\/gapp\/recerca\/\",\"url\":\"https:\/\/www.ub.edu\/gapp\/recerca\/\",\"name\":\"Recerca\"}},{\"@type\":\"ListItem\",\"position\":3,\"item\":{\"@type\":\"WebPage\",\"@id\":\"https:\/\/www.ub.edu\/gapp\/recerca\/heritage-digitalization\/\",\"url\":\"https:\/\/www.ub.edu\/gapp\/recerca\/heritage-digitalization\/\",\"name\":\"Heritage digitalization\"}}]}]}<\/script>\n<!-- \/ Yoast SEO plugin. -->","_links":{"self":[{"href":"https:\/\/www.ub.edu\/gapp\/wp-json\/wp\/v2\/pages\/3063","targetHints":{"allow":["GET"]}}],"collection":[{"href":"https:\/\/www.ub.edu\/gapp\/wp-json\/wp\/v2\/pages"}],"about":[{"href":"https:\/\/www.ub.edu\/gapp\/wp-json\/wp\/v2\/types\/page"}],"author":[{"embeddable":true,"href":"https:\/\/www.ub.edu\/gapp\/wp-json\/wp\/v2\/users\/8"}],"replies":[{"embeddable":true,"href":"https:\/\/www.ub.edu\/gapp\/wp-json\/wp\/v2\/comments?post=3063"}],"version-history":[{"count":16,"href":"https:\/\/www.ub.edu\/gapp\/wp-json\/wp\/v2\/pages\/3063\/revisions"}],"predecessor-version":[{"id":3223,"href":"https:\/\/www.ub.edu\/gapp\/wp-json\/wp\/v2\/pages\/3063\/revisions\/3223"}],"up":[{"embeddable":true,"href":"https:\/\/www.ub.edu\/gapp\/wp-json\/wp\/v2\/pages\/84"}],"wp:attachment":[{"href":"https:\/\/www.ub.edu\/gapp\/wp-json\/wp\/v2\/media?parent=3063"}],"curies":[{"name":"wp","href":"https:\/\/api.w.org\/{rel}","templated":true}]}}