{"id":3138,"date":"2025-03-13T10:25:37","date_gmt":"2025-03-13T10:25:37","guid":{"rendered":"https:\/\/www.ub.edu\/gapp\/?page_id=3138"},"modified":"2025-03-13T13:57:33","modified_gmt":"2025-03-13T13:57:33","slug":"tourism","status":"publish","type":"page","link":"https:\/\/www.ub.edu\/gapp\/recerca\/tourism\/","title":{"rendered":"Tourism"},"content":{"rendered":"<p>[et_pb_section fb_built=\u00bb1&#8243; _builder_version=\u00bb4.8.1&#8243; _module_preset=\u00bbdefault\u00bb background_image=\u00bbhttps:\/\/www.ub.edu\/gapp\/wp-content\/uploads\/2021\/01\/cabcera-imagen-milans.jpg\u00bb background_position=\u00bbbottom_left\u00bb][et_pb_row column_structure=\u00bb3_5,2_5&#8243; _builder_version=\u00bb4.8.1&#8243; _module_preset=\u00bbdefault\u00bb custom_css_main_element=\u00bbdisplay:flex;||align-items: center\u00bb custom_css_main_element_last_edited=\u00bbon|phone\u00bb custom_css_main_element_tablet=\u00bbdisplay:block;\u00bb][et_pb_column type=\u00bb3_5&#8243; _builder_version=\u00bb4.7.4&#8243; _module_preset=\u00bbdefault\u00bb][et_pb_text _builder_version=\u00bb4.9.4&#8243; _module_preset=\u00bbdefault\u00bb custom_margin=\u00bb||||true|false\u00bb]<\/p>\n<h1>Tourism<\/h1>\n<p>[\/et_pb_text][\/et_pb_column][et_pb_column type=\u00bb2_5&#8243; _builder_version=\u00bb4.7.4&#8243; _module_preset=\u00bbdefault\u00bb][et_pb_text _builder_version=\u00bb4.9.4&#8243; _module_preset=\u00bbdefault\u00bb text_text_color=\u00bb#FFFFFF\u00bb background_color=\u00bb#0B280B\u00bb text_orientation=\u00bbcenter\u00bb width=\u00bb40px\u00bb module_alignment=\u00bbleft\u00bb min_height=\u00bb40px\u00bb animation_style=\u00bbzoom\u00bb custom_css_main_element=\u00bbdisplay:flex;||flex-direction: column;||justify-content: center;\u00bb border_radii=\u00bbon|100%|100%|100%|100%\u00bb]<\/p>\n<p>CAT<\/p>\n<p>[\/et_pb_text][et_pb_text _builder_version=\u00bb4.9.4&#8243; _module_preset=\u00bbdefault\u00bb]<\/p>\n<p>.<\/p>\n<p>[\/et_pb_text][et_pb_text _builder_version=\u00bb4.8.2&#8243; _module_preset=\u00bbdefault\u00bb text_text_color=\u00bb#FFFFFF\u00bb background_color=\u00bb#0B280B\u00bb text_orientation=\u00bbcenter\u00bb width=\u00bb40px\u00bb module_alignment=\u00bbleft\u00bb min_height=\u00bb40px\u00bb animation_style=\u00bbzoom\u00bb custom_css_main_element=\u00bbdisplay:flex;||flex-direction: column;||justify-content: center;\u00bb border_radii=\u00bbon|100%|100%|100%|100%\u00bb]<\/p>\n<p>ES<\/p>\n<p>[\/et_pb_text][et_pb_text _builder_version=\u00bb4.9.4&#8243; _module_preset=\u00bbdefault\u00bb]<\/p>\n<p>.<\/p>\n<p>[\/et_pb_text][et_pb_text _builder_version=\u00bb4.8.2&#8243; _module_preset=\u00bbdefault\u00bb text_text_color=\u00bb#FFFFFF\u00bb background_color=\u00bb#0B280B\u00bb text_orientation=\u00bbcenter\u00bb width=\u00bb40px\u00bb module_alignment=\u00bbleft\u00bb min_height=\u00bb40px\u00bb animation_style=\u00bbzoom\u00bb custom_css_main_element=\u00bbdisplay:flex;||flex-direction: column;||justify-content: center;\u00bb border_radii=\u00bbon|100%|100%|100%|100%\u00bb]<\/p>\n<p>EN<\/p>\n<p>[\/et_pb_text][et_pb_text _builder_version=\u00bb4.9.4&#8243; _module_preset=\u00bbdefault\u00bb]<\/p>\n<p>.<\/p>\n<p>[\/et_pb_text][\/et_pb_column][\/et_pb_row][\/et_pb_section][et_pb_section fb_built=\u00bb1&#8243; _builder_version=\u00bb4.8.1&#8243; _module_preset=\u00bbdefault\u00bb][et_pb_row column_structure=\u00bb1_3,1_3,1_3&#8243; _builder_version=\u00bb4.8.0&#8243; _module_preset=\u00bbdefault\u00bb][et_pb_column type=\u00bb1_3&#8243; _builder_version=\u00bb4.8.0&#8243; _module_preset=\u00bbdefault\u00bb][et_pb_text _builder_version=\u00bb4.9.4&#8243; _module_preset=\u00bbdefault\u00bb text_text_color=\u00bb#FFFFFF\u00bb background_color=\u00bb#0B280B\u00bb text_orientation=\u00bbcenter\u00bb width=\u00bb40px\u00bb module_alignment=\u00bbleft\u00bb min_height=\u00bb40px\u00bb animation_style=\u00bbzoom\u00bb custom_css_main_element=\u00bbdisplay:flex;||flex-direction: column;||justify-content: center;\u00bb border_radii=\u00bbon|100%|100%|100%|100%\u00bb]<\/p>\n<p>CAT<\/p>\n<p>[\/et_pb_text][et_pb_text _builder_version=\u00bb4.9.4&#8243; _module_preset=\u00bbdefault\u00bb]<\/p>\n<p style=\"text-align: justify;\">Els arque\u00f2legs sovint han passat per alt les maneres en qu\u00e8 els objectes del passat, els monuments antics i les ru\u00efnes han aconseguit atreure el p\u00fablic no especialitzat durant els \u00faltims tres segles, un proc\u00e9s que va comen\u00e7ar al segle XVIII amb el Grand Tour. Aquest projecte de recerca examina les pr\u00e0ctiques i les institucions que sustenten a aquesta forma d&#8217;oci, explorant una \u00e0mplia gamma d&#8217;elements, des de museus i jaciments arqueol\u00f2gics d&#8217;acc\u00e9s p\u00fablic fins a esdeveniments, guies i souvenirs. Tamb\u00e9 investiga com ha evolucionat el turisme arqueol\u00f2gic al llarg del temps, modelat pels contextos pol\u00edtics, socials i econ\u00f2mics. En les \u00faltimes d\u00e8cades, la gentrificaci\u00f3, el turisme de masses i l&#8217;impacte del neoliberalisme han influ\u00eft significativament en el turisme arqueol\u00f2gic, mentre que les comunitats locals i els drets ind\u00edgenes han adquirit cada cop m\u00e9s import\u00e0ncia en el seu desenvolupament.<\/p>\n<p>[\/et_pb_text][\/et_pb_column][et_pb_column type=\u00bb1_3&#8243; _builder_version=\u00bb4.8.0&#8243; _module_preset=\u00bbdefault\u00bb][et_pb_text _builder_version=\u00bb4.8.2&#8243; _module_preset=\u00bbdefault\u00bb text_text_color=\u00bb#FFFFFF\u00bb background_color=\u00bb#0B280B\u00bb text_orientation=\u00bbcenter\u00bb width=\u00bb40px\u00bb module_alignment=\u00bbleft\u00bb min_height=\u00bb40px\u00bb animation_style=\u00bbzoom\u00bb custom_css_main_element=\u00bbdisplay:flex;||flex-direction: column;||justify-content: center;\u00bb border_radii=\u00bbon|100%|100%|100%|100%\u00bb]<\/p>\n<p>ES<\/p>\n<p>[\/et_pb_text][et_pb_text _builder_version=\u00bb4.9.4&#8243; _module_preset=\u00bbdefault\u00bb]<\/p>\n<p style=\"text-align: justify;\">La arqueolog\u00eda a menudo han pasado por alto el modo en que los objetos del pasado, los monumentos antiguos y las ruinas han logrado atraer al p\u00fablico no especializado durante los \u00faltimos tres siglos, un proceso que comenz\u00f3 en el siglo XVIII con el Grand Tour. Este proyecto de investigaci\u00f3n examina las pr\u00e1cticas e instituciones que sustentan esta forma de ocio, explorando una amplia gama de elementos, desde museos y yacimientos arqueol\u00f3gicos de acceso p\u00fablico hasta eventos, gu\u00edas tur\u00edsticas y souvenirs. Tambi\u00e9n investiga c\u00f3mo ha evolucionado el turismo arqueol\u00f3gico a lo largo del tiempo, moldeado por contextos pol\u00edticos, sociales y econ\u00f3micos. En las \u00faltimas d\u00e9cadas, la gentrificaci\u00f3n, el turismo de masas y el impacto del neoliberalismo han influido significativamente en el turismo arqueol\u00f3gico, mientras que las comunidades locales y los derechos ind\u00edgenas han adquirido cada vez m\u00e1s importancia en su desarrollo.<\/p>\n<p>[\/et_pb_text][\/et_pb_column][et_pb_column type=\u00bb1_3&#8243; _builder_version=\u00bb4.8.0&#8243; _module_preset=\u00bbdefault\u00bb][et_pb_text _builder_version=\u00bb4.8.2&#8243; _module_preset=\u00bbdefault\u00bb text_text_color=\u00bb#FFFFFF\u00bb background_color=\u00bb#0B280B\u00bb text_orientation=\u00bbcenter\u00bb width=\u00bb40px\u00bb module_alignment=\u00bbleft\u00bb min_height=\u00bb40px\u00bb animation_style=\u00bbzoom\u00bb custom_css_main_element=\u00bbdisplay:flex;||flex-direction: column;||justify-content: center;\u00bb border_radii=\u00bbon|100%|100%|100%|100%\u00bb]<\/p>\n<p>EN<\/p>\n<p>[\/et_pb_text][et_pb_text _builder_version=\u00bb4.9.4&#8243; _module_preset=\u00bbdefault\u00bb]<\/p>\n<p style=\"text-align: justify;\">Archaeologists have often overlooked the ways in which past objects, ancient monuments, and ruins have attracted the general public over the last three centuries\u2014a process that began in the 18th century with the Grand Tour. This research project examines the practices and institutions that support this form of leisure, exploring a wide range of elements, from museums and publicly accessible archaeological sites to events, guidebooks, and souvenirs. It also investigates how archaeological tourism has evolved over time, shaped by political, social, and economic contexts. In recent decades, gentrification, mass tourism, and the impact of neoliberalism have significantly influenced archaeological tourism, while local communities and indigenous rights have become increasingly important in its development.<\/p>\n<p>[\/et_pb_text][\/et_pb_column][\/et_pb_row][\/et_pb_section][et_pb_section fb_built=\u00bb1&#8243; _builder_version=\u00bb4.8.1&#8243; _module_preset=\u00bbdefault\u00bb][et_pb_row column_structure=\u00bb1_3,1_3,1_3&#8243; _builder_version=\u00bb4.9.4&#8243; _module_preset=\u00bbdefault\u00bb][et_pb_column type=\u00bb1_3&#8243; _builder_version=\u00bb4.8.1&#8243; _module_preset=\u00bbdefault\u00bb][et_pb_image src=\u00bbhttps:\/\/www.ub.edu\/gapp\/wp-content\/uploads\/2025\/03\/8-Mexico_1985.jpg\u00bb title_text=\u00bb8-Mexico_1985&#8243; _builder_version=\u00bb4.9.4&#8243; _module_preset=\u00bbdefault\u00bb][\/et_pb_image][\/et_pb_column][et_pb_column type=\u00bb1_3&#8243; _builder_version=\u00bb4.8.1&#8243; _module_preset=\u00bbdefault\u00bb][et_pb_image src=\u00bbhttps:\/\/www.ub.edu\/gapp\/wp-content\/uploads\/2025\/03\/3-CookT_-Naples_Gomez_DiazAna_2017-04-03.jpg\u00bb title_text=\u00bb3-Cook,T_&#8211;Naples_Gomez_Diaz,Ana_2017-04-03&#8243; _builder_version=\u00bb4.9.4&#8243; _module_preset=\u00bbdefault\u00bb][\/et_pb_image][\/et_pb_column][et_pb_column type=\u00bb1_3&#8243; _builder_version=\u00bb4.8.1&#8243; _module_preset=\u00bbdefault\u00bb][et_pb_image src=\u00bbhttps:\/\/www.ub.edu\/gapp\/wp-content\/uploads\/2025\/03\/7-1960s_Guide_parlant-Pont_du_Gard.jpg\u00bb title_text=\u00bb7-1960s_Guide_parlant&#8211;Pont_du_Gard\u00bb _builder_version=\u00bb4.9.4&#8243; _module_preset=\u00bbdefault\u00bb][\/et_pb_image][\/et_pb_column][\/et_pb_row][et_pb_row column_structure=\u00bb1_2,1_2&#8243; _builder_version=\u00bb4.9.4&#8243; _module_preset=\u00bbdefault\u00bb][et_pb_column type=\u00bb1_2&#8243; _builder_version=\u00bb4.8.1&#8243; _module_preset=\u00bbdefault\u00bb][et_pb_image src=\u00bbhttps:\/\/www.ub.edu\/gapp\/wp-content\/uploads\/2025\/03\/1-1621_The_Pyramids-SandysG_1621_p128_PEQ.jpg\u00bb title_text=\u00bb1-1621_The_Pyramids&#8211;Sandys,G_1621_p128_PEQ\u00bb _builder_version=\u00bb4.9.4&#8243; _module_preset=\u00bbdefault\u00bb][\/et_pb_image][\/et_pb_column][et_pb_column type=\u00bb1_2&#8243; _builder_version=\u00bb4.9.4&#8243; _module_preset=\u00bbdefault\u00bb][et_pb_image src=\u00bbhttps:\/\/www.ub.edu\/gapp\/wp-content\/uploads\/2025\/03\/6-SchobelG_2002_fig_4_Alfred_Rosenbergs_visit-Pfahlbaumuseum.jpg\u00bb title_text=\u00bb6-Schobel,G_2002_fig_4_Alfred_Rosenberg&#8217;s_visit-Pfahlbaumuseum\u00bb _builder_version=\u00bb4.9.4&#8243; _module_preset=\u00bbdefault\u00bb][\/et_pb_image][\/et_pb_column][\/et_pb_row][et_pb_row column_structure=\u00bb1_2,1_2&#8243; _builder_version=\u00bb4.9.4&#8243; _module_preset=\u00bbdefault\u00bb][et_pb_column type=\u00bb1_2&#8243; _builder_version=\u00bb4.8.1&#8243; _module_preset=\u00bbdefault\u00bb][et_pb_image src=\u00bbhttps:\/\/www.ub.edu\/gapp\/wp-content\/uploads\/2025\/03\/2-Herculaneum_-HackertJacob_Philipp_1794_.jpg\u00bb title_text=\u00bb2-Herculaneum_&#8211;Hackert,Jacob_Philipp_1794_\u00bb _builder_version=\u00bb4.9.4&#8243; _module_preset=\u00bbdefault\u00bb][\/et_pb_image][\/et_pb_column][et_pb_column type=\u00bb1_2&#8243; _builder_version=\u00bb4.9.4&#8243; _module_preset=\u00bbdefault\u00bb][et_pb_image src=\u00bbhttps:\/\/www.ub.edu\/gapp\/wp-content\/uploads\/2025\/03\/4-1913_The_Touring-Club_de_FR_Indo-Chine_guidebook-album-historicvietnam_com.jpg\u00bb title_text=\u00bb4-1913_The_Touring-Club_de_FR_Indo-Chine_guidebook-album&#8211;historicvietnam_com\u00bb _builder_version=\u00bb4.9.4&#8243; _module_preset=\u00bbdefault\u00bb][\/et_pb_image][\/et_pb_column][\/et_pb_row][et_pb_row column_structure=\u00bb1_2,1_2&#8243; _builder_version=\u00bb4.9.4&#8243; _module_preset=\u00bbdefault\u00bb][et_pb_column type=\u00bb1_2&#8243; _builder_version=\u00bb4.8.1&#8243; _module_preset=\u00bbdefault\u00bb][et_pb_image src=\u00bbhttps:\/\/www.ub.edu\/gapp\/wp-content\/uploads\/2025\/03\/5-1930_Delphi_Prometeus-ColoniaR_2006p22-23-scaled.jpg\u00bb title_text=\u00bb5-1930_Delphi_Prometeus&#8211;Colonia,R_2006,p22-23&#8243; _builder_version=\u00bb4.9.4&#8243; _module_preset=\u00bbdefault\u00bb][\/et_pb_image][\/et_pb_column][et_pb_column type=\u00bb1_2&#8243; _builder_version=\u00bb4.9.4&#8243; _module_preset=\u00bbdefault\u00bb][\/et_pb_column][\/et_pb_row][\/et_pb_section][et_pb_section fb_built=\u00bb1&#8243; _builder_version=\u00bb4.8.0&#8243; _module_preset=\u00bbdefault\u00bb][et_pb_row _builder_version=\u00bb4.8.0&#8243; _module_preset=\u00bbdefault\u00bb][et_pb_column type=\u00bb4_4&#8243; _builder_version=\u00bb4.8.0&#8243; _module_preset=\u00bbdefault\u00bb][et_pb_text _builder_version=\u00bb4.8.2&#8243; _module_preset=\u00bbdefault\u00bb animation_style=\u00bbfade\u00bb animation_duration=\u00bb1500ms\u00bb animation_delay=\u00bb500ms\u00bb]<\/p>\n<h2>Publicacions\u00a0<\/h2>\n<p>[\/et_pb_text][et_pb_divider color=\u00bb#C8AB37&#8243; divider_weight=\u00bb3px\u00bb _builder_version=\u00bb4.8.1&#8243; _module_preset=\u00bbdefault\u00bb width=\u00bb225px\u00bb animation_style=\u00bbslide\u00bb animation_direction=\u00bbleft\u00bb][\/et_pb_divider][\/et_pb_column][\/et_pb_row][et_pb_row column_structure=\u00bb1_4,3_4&#8243; use_custom_gutter=\u00bbon\u00bb gutter_width=\u00bb2&#8243; _builder_version=\u00bb4.8.1&#8243; _module_preset=\u00bbdefault\u00bb locked=\u00bboff\u00bb][et_pb_column type=\u00bb1_4&#8243; _builder_version=\u00bb4.8.1&#8243; _module_preset=\u00bbdefault\u00bb][et_pb_image src=\u00bbhttps:\/\/www.ub.edu\/gapp\/wp-content\/uploads\/2025\/03\/Diaz-AndreuM_2024-scaled.jpg\u00bb alt=\u00bbVest\u00edgios-Revista Latino-Americana de Arqueologia Hist\u00f3rica\u00bb title_text=\u00bbDiaz-Andreu,M_2024&#8243; _builder_version=\u00bb4.9.4&#8243; _module_preset=\u00bbdefault\u00bb width=\u00bb70%\u00bb hover_enabled=\u00bb0&#8243; sticky_enabled=\u00bb0&#8243;][\/et_pb_image][\/et_pb_column][et_pb_column type=\u00bb3_4&#8243; _builder_version=\u00bb4.8.1&#8243; _module_preset=\u00bbdefault\u00bb][et_pb_text _builder_version=\u00bb4.9.4&#8243; _module_preset=\u00bb0e0bc4e0-cb0d-449e-b059-a12dcf3338ce\u00bb hover_enabled=\u00bb0&#8243; sticky_enabled=\u00bb0&#8243;]<\/p>\n<p>D\u00edaz-Andreu, M. 2024. Archaeology as leisure: a history of archaeological tourism. In M. D\u00edaz-Andreu &amp; L. Coltofean (Eds.), <em>The Oxford Handbook of the History of Archaeology<\/em> (pp. 857-889). Oxford University Press. <a href=\"https:\/\/doi.org\/https:\/doi.org\/10.1093\/oxfordhb\/9780190092504.013.14\">https:\/\/doi.org\/https:\/\/doi.org\/10.1093\/oxfordhb\/9780190092504.013.14<\/a><\/p>\n<p>[\/et_pb_text][\/et_pb_column][\/et_pb_row][et_pb_row column_structure=\u00bb1_4,3_4&#8243; use_custom_gutter=\u00bbon\u00bb gutter_width=\u00bb2&#8243; _builder_version=\u00bb4.8.1&#8243; _module_preset=\u00bbdefault\u00bb locked=\u00bboff\u00bb][et_pb_column type=\u00bb1_4&#8243; _builder_version=\u00bb4.8.1&#8243; _module_preset=\u00bbdefault\u00bb][et_pb_image src=\u00bbhttps:\/\/www.ub.edu\/gapp\/wp-content\/uploads\/2025\/03\/61MNhcZOGcL._SY466_.jpg\u00bb alt=\u00bbVest\u00edgios-Revista Latino-Americana de Arqueologia Hist\u00f3rica\u00bb title_text=\u00bb61MNhcZOGcL._SY466_\u00bb _builder_version=\u00bb4.9.4&#8243; _module_preset=\u00bbdefault\u00bb width=\u00bb70%\u00bb][\/et_pb_image][\/et_pb_column][et_pb_column type=\u00bb3_4&#8243; _builder_version=\u00bb4.8.1&#8243; _module_preset=\u00bbdefault\u00bb][et_pb_text _builder_version=\u00bb4.9.4&#8243; _module_preset=\u00bb0e0bc4e0-cb0d-449e-b059-a12dcf3338ce\u00bb]<\/p>\n<p>D\u00edaz-Andreu, M. 2020. <em>A History of Archaeological Tourism. Pursuing leisure and knowledge from the eighteenth century to World War II<\/em>. Springer.<\/p>\n<p>&nbsp;<\/p>\n<p>[\/et_pb_text][\/et_pb_column][\/et_pb_row][et_pb_row column_structure=\u00bb1_4,3_4&#8243; use_custom_gutter=\u00bbon\u00bb gutter_width=\u00bb2&#8243; _builder_version=\u00bb4.8.1&#8243; _module_preset=\u00bbdefault\u00bb locked=\u00bboff\u00bb][et_pb_column type=\u00bb1_4&#8243; _builder_version=\u00bb4.8.1&#8243; _module_preset=\u00bbdefault\u00bb][et_pb_image src=\u00bbhttps:\/\/www.ub.edu\/gapp\/wp-content\/uploads\/2025\/03\/cover_issue_3674_es_ES.gif\u00bb alt=\u00bbVest\u00edgios-Revista Latino-Americana de Arqueologia Hist\u00f3rica\u00bb title_text=\u00bbcover_issue_3674_es_ES\u00bb _builder_version=\u00bb4.9.4&#8243; _module_preset=\u00bbdefault\u00bb width=\u00bb84%\u00bb][\/et_pb_image][\/et_pb_column][et_pb_column type=\u00bb3_4&#8243; _builder_version=\u00bb4.8.1&#8243; _module_preset=\u00bbdefault\u00bb][et_pb_text _builder_version=\u00bb4.9.4&#8243; _module_preset=\u00bb0e0bc4e0-cb0d-449e-b059-a12dcf3338ce\u00bb]<\/p>\n<p>D\u00edaz-Andreu, M. 2014. Turismo y Arqueolog\u00eda \u2013 una mirada hist\u00f3rica a una relaci\u00f3n silenciada. <em>Anales de Antropolog\u00eda [special issue: Villalobos, C. (ed.) Turismo y arqueolog\u00eda]<\/em>,<em> 48<\/em>(2), 9-40.<\/p>\n<p>&nbsp;<\/p>\n<p>[\/et_pb_text][\/et_pb_column][\/et_pb_row][et_pb_row column_structure=\u00bb1_4,3_4&#8243; use_custom_gutter=\u00bbon\u00bb gutter_width=\u00bb2&#8243; _builder_version=\u00bb4.8.1&#8243; _module_preset=\u00bbdefault\u00bb locked=\u00bboff\u00bb][et_pb_column type=\u00bb1_4&#8243; _builder_version=\u00bb4.8.1&#8243; _module_preset=\u00bbdefault\u00bb][et_pb_image src=\u00bbhttps:\/\/www.ub.edu\/gapp\/wp-content\/uploads\/2021\/01\/logo-springer.jpg\u00bb alt=\u00bbPublicaci\u00f3n Springer\u00bb title_text=\u00bbPublicaci\u00f3n Springer\u00bb _builder_version=\u00bb4.9.4&#8243; _module_preset=\u00bbdefault\u00bb width=\u00bb84%\u00bb][\/et_pb_image][\/et_pb_column][et_pb_column type=\u00bb3_4&#8243; _builder_version=\u00bb4.8.1&#8243; _module_preset=\u00bbdefault\u00bb][et_pb_text _builder_version=\u00bb4.9.4&#8243; _module_preset=\u00bb0e0bc4e0-cb0d-449e-b059-a12dcf3338ce\u00bb]<\/p>\n<p>D\u00edaz-Andreu, M., &amp; Villalobos Acosta, C. (Eds.). 2013. <em>The ethics of archaeological tourism in Latin America<\/em>. International Journal of Historical Archaeology [special issue] 17 (2): 225-350.<\/p>\n<p>&nbsp;<\/p>\n<p>[\/et_pb_text][\/et_pb_column][\/et_pb_row][et_pb_row column_structure=\u00bb1_4,3_4&#8243; use_custom_gutter=\u00bbon\u00bb gutter_width=\u00bb2&#8243; _builder_version=\u00bb4.8.1&#8243; _module_preset=\u00bbdefault\u00bb locked=\u00bboff\u00bb][et_pb_column type=\u00bb1_4&#8243; _builder_version=\u00bb4.8.1&#8243; _module_preset=\u00bbdefault\u00bb][et_pb_image src=\u00bbhttps:\/\/www.ub.edu\/gapp\/wp-content\/uploads\/2021\/01\/logo-springer.jpg\u00bb alt=\u00bbPublicaci\u00f3n Springer\u00bb title_text=\u00bbPublicaci\u00f3n Springer\u00bb _builder_version=\u00bb4.9.4&#8243; _module_preset=\u00bbdefault\u00bb][\/et_pb_image][\/et_pb_column][et_pb_column type=\u00bb3_4&#8243; _builder_version=\u00bb4.8.1&#8243; _module_preset=\u00bbdefault\u00bb][et_pb_text _builder_version=\u00bb4.9.4&#8243; _module_preset=\u00bb0e0bc4e0-cb0d-449e-b059-a12dcf3338ce\u00bb]<\/p>\n<p>D\u00edaz-Andreu, M. 2013. Ethics and archaeological tourism in Latin America. <em>International Journal of Historical Archaeology [special issue: D\u00edaz-Andreu, M. and Villalobos Acosta, C. (eds.). The ethics of archaeological tourism in Latin America]<\/em>,<em> 17<\/em>(2), 225-244.<\/p>\n<p>[\/et_pb_text][\/et_pb_column][\/et_pb_row][\/et_pb_section]<\/p>\n","protected":false},"excerpt":{"rendered":"<p>TourismCAT.ES.EN.CATEls arque\u00f2legs sovint han passat per alt les maneres en qu\u00e8 els objectes del passat, els monuments antics i les ru\u00efnes han aconseguit atreure el p\u00fablic no especialitzat durant els \u00faltims tres segles, un proc\u00e9s que va comen\u00e7ar al segle XVIII amb el Grand Tour. Aquest projecte de recerca examina les pr\u00e0ctiques i les institucions [&hellip;]<\/p>\n","protected":false},"author":8,"featured_media":0,"parent":84,"menu_order":0,"comment_status":"closed","ping_status":"closed","template":"","meta":{"_et_pb_use_builder":"on","_et_pb_old_content":"","_et_gb_content_width":"","footnotes":""},"class_list":["post-3138","page","type-page","status-publish","hentry"],"yoast_head":"<!-- This site is optimized with the Yoast SEO plugin v16.1.1 - https:\/\/yoast.com\/wordpress\/plugins\/seo\/ -->\n<title>Tourism - GAPP<\/title>\n<link rel=\"canonical\" href=\"https:\/\/www.ub.edu\/gapp\/recerca\/tourism\/\" \/>\n<meta property=\"og:locale\" content=\"es_ES\" \/>\n<meta property=\"og:type\" content=\"article\" \/>\n<meta property=\"og:title\" content=\"Tourism - GAPP\" \/>\n<meta property=\"og:description\" content=\"TourismCAT.ES.EN.CATEls arque\u00f2legs sovint han passat per alt les maneres en qu\u00e8 els objectes del passat, els monuments antics i les ru\u00efnes han aconseguit atreure el p\u00fablic no especialitzat durant els \u00faltims tres segles, un proc\u00e9s que va comen\u00e7ar al segle XVIII amb el Grand Tour. Aquest projecte de recerca examina les pr\u00e0ctiques i les institucions [&hellip;]\" \/>\n<meta property=\"og:url\" content=\"https:\/\/www.ub.edu\/gapp\/recerca\/tourism\/\" \/>\n<meta property=\"og:site_name\" content=\"GAPP\" \/>\n<meta property=\"article:modified_time\" content=\"2025-03-13T13:57:33+00:00\" \/>\n<meta name=\"twitter:card\" content=\"summary_large_image\" \/>\n<meta name=\"twitter:label1\" content=\"Tiempo de lectura\">\n\t<meta name=\"twitter:data1\" content=\"11 minutos\">\n<script type=\"application\/ld+json\" class=\"yoast-schema-graph\">{\"@context\":\"https:\/\/schema.org\",\"@graph\":[{\"@type\":\"WebSite\",\"@id\":\"https:\/\/www.ub.edu\/gapp\/#website\",\"url\":\"https:\/\/www.ub.edu\/gapp\/\",\"name\":\"GAPP\",\"description\":\"Grup d\\u2019Arqueologia P\\u00fablica i Patrimoni\",\"potentialAction\":[{\"@type\":\"SearchAction\",\"target\":\"https:\/\/www.ub.edu\/gapp\/?s={search_term_string}\",\"query-input\":\"required name=search_term_string\"}],\"inLanguage\":\"es\"},{\"@type\":\"WebPage\",\"@id\":\"https:\/\/www.ub.edu\/gapp\/recerca\/tourism\/#webpage\",\"url\":\"https:\/\/www.ub.edu\/gapp\/recerca\/tourism\/\",\"name\":\"Tourism - GAPP\",\"isPartOf\":{\"@id\":\"https:\/\/www.ub.edu\/gapp\/#website\"},\"datePublished\":\"2025-03-13T10:25:37+00:00\",\"dateModified\":\"2025-03-13T13:57:33+00:00\",\"breadcrumb\":{\"@id\":\"https:\/\/www.ub.edu\/gapp\/recerca\/tourism\/#breadcrumb\"},\"inLanguage\":\"es\",\"potentialAction\":[{\"@type\":\"ReadAction\",\"target\":[\"https:\/\/www.ub.edu\/gapp\/recerca\/tourism\/\"]}]},{\"@type\":\"BreadcrumbList\",\"@id\":\"https:\/\/www.ub.edu\/gapp\/recerca\/tourism\/#breadcrumb\",\"itemListElement\":[{\"@type\":\"ListItem\",\"position\":1,\"item\":{\"@type\":\"WebPage\",\"@id\":\"https:\/\/www.ub.edu\/gapp\/\",\"url\":\"https:\/\/www.ub.edu\/gapp\/\",\"name\":\"Portada\"}},{\"@type\":\"ListItem\",\"position\":2,\"item\":{\"@type\":\"WebPage\",\"@id\":\"https:\/\/www.ub.edu\/gapp\/recerca\/\",\"url\":\"https:\/\/www.ub.edu\/gapp\/recerca\/\",\"name\":\"Recerca\"}},{\"@type\":\"ListItem\",\"position\":3,\"item\":{\"@type\":\"WebPage\",\"@id\":\"https:\/\/www.ub.edu\/gapp\/recerca\/tourism\/\",\"url\":\"https:\/\/www.ub.edu\/gapp\/recerca\/tourism\/\",\"name\":\"Tourism\"}}]}]}<\/script>\n<!-- \/ Yoast SEO plugin. -->","_links":{"self":[{"href":"https:\/\/www.ub.edu\/gapp\/wp-json\/wp\/v2\/pages\/3138","targetHints":{"allow":["GET"]}}],"collection":[{"href":"https:\/\/www.ub.edu\/gapp\/wp-json\/wp\/v2\/pages"}],"about":[{"href":"https:\/\/www.ub.edu\/gapp\/wp-json\/wp\/v2\/types\/page"}],"author":[{"embeddable":true,"href":"https:\/\/www.ub.edu\/gapp\/wp-json\/wp\/v2\/users\/8"}],"replies":[{"embeddable":true,"href":"https:\/\/www.ub.edu\/gapp\/wp-json\/wp\/v2\/comments?post=3138"}],"version-history":[{"count":6,"href":"https:\/\/www.ub.edu\/gapp\/wp-json\/wp\/v2\/pages\/3138\/revisions"}],"predecessor-version":[{"id":3162,"href":"https:\/\/www.ub.edu\/gapp\/wp-json\/wp\/v2\/pages\/3138\/revisions\/3162"}],"up":[{"embeddable":true,"href":"https:\/\/www.ub.edu\/gapp\/wp-json\/wp\/v2\/pages\/84"}],"wp:attachment":[{"href":"https:\/\/www.ub.edu\/gapp\/wp-json\/wp\/v2\/media?parent=3138"}],"curies":[{"name":"wp","href":"https:\/\/api.w.org\/{rel}","templated":true}]}}