{"id":433,"date":"2021-01-31T17:28:41","date_gmt":"2021-01-31T17:28:41","guid":{"rendered":"https:\/\/www.ub.edu\/gapp\/?page_id=433"},"modified":"2025-11-26T13:40:15","modified_gmt":"2025-11-26T13:40:15","slug":"membres","status":"publish","type":"page","link":"https:\/\/www.ub.edu\/gapp\/membres\/","title":{"rendered":"Membres"},"content":{"rendered":"<p>[et_pb_section fb_built=\u00bb1&#8243; _builder_version=\u00bb4.8.1&#8243; _module_preset=\u00bbdefault\u00bb background_image=\u00bbhttps:\/\/www.ub.edu\/gapp\/wp-content\/uploads\/2021\/01\/cabcera-imagen-milans.jpg\u00bb background_position=\u00bbbottom_left\u00bb][et_pb_row column_structure=\u00bb1_2,1_2&#8243; _builder_version=\u00bb4.8.1&#8243; _module_preset=\u00bbdefault\u00bb custom_margin=\u00bb||||false|false\u00bb custom_css_main_element=\u00bbdisplay: flex;||align-items:center;\u00bb custom_css_main_element_last_edited=\u00bbon|tablet\u00bb custom_css_main_element_tablet=\u00bb \u00ab][et_pb_column type=\u00bb1_2&#8243; _builder_version=\u00bb4.8.1&#8243; _module_preset=\u00bbdefault\u00bb][et_pb_text _builder_version=\u00bb4.8.1&#8243; _module_preset=\u00bbdefault\u00bb transform_scale_linked=\u00bboff\u00bb transform_translate_tablet=\u00bb0px|0%\u00bb transform_translate_phone=\u00bb0px|0%\u00bb transform_translate_last_edited=\u00bbon|tablet\u00bb transform_translate_linked=\u00bboff\u00bb custom_margin=\u00bb||||false|false\u00bb custom_margin_tablet=\u00bb||||false|false\u00bb custom_margin_phone=\u00bb\u00bb custom_margin_last_edited=\u00bbon|tablet\u00bb custom_css_main_element=\u00bb||\u00bb]<\/p>\n<h1>MEMBRES<\/h1>\n<p>[\/et_pb_text][\/et_pb_column][et_pb_column type=\u00bb1_2&#8243; _builder_version=\u00bb4.8.1&#8243; _module_preset=\u00bbdefault\u00bb][et_pb_text _builder_version=\u00bb4.9.4&#8243; _module_preset=\u00bbdefault\u00bb text_text_color=\u00bb#FFFFFF\u00bb background_color=\u00bb#0B280B\u00bb text_orientation=\u00bbcenter\u00bb width=\u00bb40px\u00bb module_alignment=\u00bbleft\u00bb min_height=\u00bb40px\u00bb animation_style=\u00bbzoom\u00bb custom_css_main_element=\u00bbdisplay:flex;||flex-direction: column;||justify-content: center;\u00bb border_radii=\u00bbon|100%|100%|100%|100%\u00bb]<\/p>\n<p>CAT<\/p>\n<p>[\/et_pb_text][et_pb_text _builder_version=\u00bb4.9.0&#8243; _module_preset=\u00bbdefault\u00bb]<\/p>\n<p>Som especialistes en diferents disciplines relacionades amb l&#8217;arqueologia i el patrimoni, l&#8217;arqueologia p\u00fablica i social, l&#8217;etnografia arqueol\u00f2gica i el patrimoni cultural material i immaterial.<\/p>\n<p>[\/et_pb_text][et_pb_text _builder_version=\u00bb4.8.2&#8243; _module_preset=\u00bbdefault\u00bb text_text_color=\u00bb#FFFFFF\u00bb background_color=\u00bb#0B280B\u00bb text_orientation=\u00bbcenter\u00bb width=\u00bb40px\u00bb module_alignment=\u00bbleft\u00bb min_height=\u00bb40px\u00bb animation_style=\u00bbzoom\u00bb custom_css_main_element=\u00bbdisplay:flex;||flex-direction: column;||justify-content: center;\u00bb border_radii=\u00bbon|100%|100%|100%|100%\u00bb]<\/p>\n<p>ES<\/p>\n<p>[\/et_pb_text][et_pb_text _builder_version=\u00bb4.9.0&#8243; _module_preset=\u00bbdefault\u00bb]<\/p>\n<p>Somos especialistas en diferentes disciplinas relacionadas con la arqueolog\u00eda y el patrimonio, la arqueolog\u00eda p\u00fablica y social, la etnograf\u00eda arqueol\u00f3gica y el patrimonio cultural material e inmaterial.<\/p>\n<p>[\/et_pb_text][et_pb_text _builder_version=\u00bb4.8.2&#8243; _module_preset=\u00bbdefault\u00bb text_text_color=\u00bb#FFFFFF\u00bb background_color=\u00bb#0B280B\u00bb text_orientation=\u00bbcenter\u00bb width=\u00bb40px\u00bb module_alignment=\u00bbleft\u00bb min_height=\u00bb40px\u00bb animation_style=\u00bbzoom\u00bb custom_css_main_element=\u00bbdisplay:flex;||flex-direction: column;||justify-content: center;\u00bb border_radii=\u00bbon|100%|100%|100%|100%\u00bb]<\/p>\n<p>EN<\/p>\n<p>[\/et_pb_text][et_pb_text _builder_version=\u00bb4.9.0&#8243; _module_preset=\u00bbdefault\u00bb]<\/p>\n<p>We are specialists in several disciplines related to archaeology and heritage,public and social archaeology, archaeological ethnography and cultural tangible and intagible heritage.<\/p>\n<p>[\/et_pb_text][\/et_pb_column][\/et_pb_row][\/et_pb_section][et_pb_section fb_built=\u00bb1&#8243; _builder_version=\u00bb4.9.1&#8243; _module_preset=\u00bbdefault\u00bb][et_pb_row column_structure=\u00bb1_3,1_3,1_3&#8243; make_equal=\u00bbon\u00bb _builder_version=\u00bb4.9.1&#8243; _module_preset=\u00bbdefault\u00bb width_tablet=\u00bb65%\u00bb width_phone=\u00bb80%\u00bb width_last_edited=\u00bbon|phone\u00bb][et_pb_column type=\u00bb1_3&#8243; _builder_version=\u00bb4.9.1&#8243; _module_preset=\u00bbdefault\u00bb background_color=\u00bb#EDEDE1&#8243; custom_padding=\u00bb10px|10px|10px|10px|true|true\u00bb custom_padding_tablet=\u00bb\u00bb custom_padding_phone=\u00bb\u00bb custom_padding_last_edited=\u00bbon|tablet\u00bb][et_pb_team_member name=\u00bbMargarita D\u00edaz-Andreu\u00bb position=\u00bbICREA Research Professor. Universitat de Barcelona\u00bb image_url=\u00bbhttps:\/\/www.ub.edu\/gapp\/wp-content\/uploads\/2022\/09\/MDA2.jpg\u00bb _builder_version=\u00bb4.9.4&#8243; _module_preset=\u00bbdefault\u00bb header_text_align=\u00bbcenter\u00bb header_font_size=\u00bb33px\u00bb body_text_align=\u00bbcenter\u00bb position_text_align=\u00bbcenter\u00bb position_text_color=\u00bb#1A1609&#8243; custom_margin=\u00bb|20px||20px|false|true\u00bb custom_margin_tablet=\u00bb|20px||20px|false|true\u00bb custom_margin_phone=\u00bb\u00bb custom_margin_last_edited=\u00bbon|tablet\u00bb header_font_size_tablet=\u00bb\u00bb header_font_size_phone=\u00bb26px\u00bb header_font_size_last_edited=\u00bbon|phone\u00bb custom_css_member_image=\u00bbmargin: 0 auto 30px;\u00bb custom_css_member_position=\u00bbmargin-bottom: 40px\u00bb custom_css_member_image_last_edited=\u00bbon|phone\u00bb custom_css_member_image_tablet=\u00bbmargin: 0 25% 30px 25%;\u00bb custom_css_member_image_phone=\u00bbwidth: 100%;\u00bb]<\/p>\n<p><strong>Experience:<\/strong> Heritage, Identity: gender, ethnicity and nationalism,\u00a0History of Archaeology, Prehistoric Rock Art<\/p>\n<p><strong>Professional Social Networks:\u00a0<\/strong><a href=\"https:\/\/icrea.academia.edu\/MargaritaDiazAndreu\" target=\"_blank\" rel=\"noopener\">Academia.edu<\/a>,\u00a0<a href=\"http:\/\/orcid.org\/0000-0003-1043-2336\" target=\"_blank\" rel=\"noopener\">ORCID<\/a>, <a href=\"https:\/\/www.researchgate.net\/profile\/Margarita_Diaz-Andreu\" target=\"_blank\" rel=\"noopener\">ResearchGate<\/a><\/p>\n<p>[\/et_pb_team_member][et_pb_blurb url_new_window=\u00bbon\u00bb use_icon=\u00bbon\u00bb font_icon=\u00bb%%180%%\u00bb icon_color=\u00bb#0B280B\u00bb content_max_width=\u00bb30px\u00bb use_icon_font_size=\u00bbon\u00bb icon_font_size=\u00bb30px\u00bb _builder_version=\u00bb4.9.4&#8243; _dynamic_attributes=\u00bblink_option_url\u00bb _module_preset=\u00bbdefault\u00bb min_height=\u00bb30px\u00bb height=\u00bb30px\u00bb custom_margin=\u00bb0px||15px||false|false\u00bb custom_padding=\u00bb0px||0px||false|false\u00bb custom_padding_tablet=\u00bb||||false|false\u00bb custom_padding_phone=\u00bb\u00bb custom_padding_last_edited=\u00bbon|phone\u00bb link_option_url=\u00bb@ET-DC@eyJkeW5hbWljIjp0cnVlLCJjb250ZW50IjoicG9zdF9saW5rX3VybF9wYWdlIiwic2V0dGluZ3MiOnsicG9zdF9pZCI6IjEyNSJ9fQ==@\u00bb icon_color__hover_enabled=\u00bbon|desktop\u00bb icon_color__hover=\u00bb#158C6E\u00bb][\/et_pb_blurb][\/et_pb_column][et_pb_column type=\u00bb1_3&#8243; _builder_version=\u00bb4.9.1&#8243; _module_preset=\u00bbdefault\u00bb background_color=\u00bb#EDEDE1&#8243; custom_padding=\u00bb10px|10px|10px|10px|true|true\u00bb custom_padding_tablet=\u00bb\u00bb custom_padding_phone=\u00bb\u00bb custom_padding_last_edited=\u00bbon|tablet\u00bb][et_pb_team_member name=\u00bbJos\u00e9 Paulo Francisco\u00bb position=\u00bbPhD student, Universitat de Barcelona\u00bb image_url=\u00bbhttps:\/\/www.ub.edu\/gapp\/wp-content\/uploads\/2021\/03\/Jose-Paulo-Franciso-th.jpg\u00bb _builder_version=\u00bb4.9.4&#8243; _module_preset=\u00bbdefault\u00bb header_text_align=\u00bbcenter\u00bb header_font_size=\u00bb33px\u00bb body_text_align=\u00bbcenter\u00bb position_text_align=\u00bbcenter\u00bb position_text_color=\u00bb#1A1609&#8243; custom_margin=\u00bb|20px||20px|false|true\u00bb custom_margin_tablet=\u00bb|20px||20px|false|true\u00bb custom_margin_phone=\u00bb\u00bb custom_margin_last_edited=\u00bbon|tablet\u00bb header_font_size_tablet=\u00bb\u00bb header_font_size_phone=\u00bb26px\u00bb header_font_size_last_edited=\u00bbon|phone\u00bb custom_css_member_image=\u00bbmargin: 0 auto 30px;\u00bb custom_css_member_position=\u00bbmargin-bottom: 40px\u00bb custom_css_member_image_last_edited=\u00bbon|phone\u00bb custom_css_member_image_tablet=\u00bbmargin: 0 25% 30px 25%;\u00bb custom_css_member_image_phone=\u00bbwidth: 100%;\u00bb]<\/p>\n<p><strong>Experience<\/strong>: Community Archaeology, Rock art, Heritage management, Community participation, Cultural project<\/p>\n<p>[\/et_pb_team_member][et_pb_blurb url_new_window=\u00bbon\u00bb use_icon=\u00bbon\u00bb font_icon=\u00bb%%180%%\u00bb icon_color=\u00bb#0B280B\u00bb content_max_width=\u00bb30px\u00bb use_icon_font_size=\u00bbon\u00bb icon_font_size=\u00bb30px\u00bb _builder_version=\u00bb4.9.4&#8243; _dynamic_attributes=\u00bblink_option_url\u00bb _module_preset=\u00bbdefault\u00bb min_height=\u00bb30px\u00bb height=\u00bb30px\u00bb custom_margin=\u00bb0px||15px||false|false\u00bb custom_padding=\u00bb0px||0px||false|false\u00bb custom_padding_tablet=\u00bb||||false|false\u00bb custom_padding_phone=\u00bb\u00bb custom_padding_last_edited=\u00bbon|phone\u00bb link_option_url=\u00bb@ET-DC@eyJkeW5hbWljIjp0cnVlLCJjb250ZW50IjoicG9zdF9saW5rX3VybF9wYWdlIiwic2V0dGluZ3MiOnsicG9zdF9pZCI6IjE2OCJ9fQ==@\u00bb icon_color__hover_enabled=\u00bbon|desktop\u00bb icon_color__hover=\u00bb#158C6E\u00bb][\/et_pb_blurb][\/et_pb_column][et_pb_column type=\u00bb1_3&#8243; _builder_version=\u00bb4.9.1&#8243; _module_preset=\u00bbdefault\u00bb background_color=\u00bb#EDEDE1&#8243; custom_padding=\u00bb10px|10px|10px|10px|true|true\u00bb custom_padding_tablet=\u00bb\u00bb custom_padding_phone=\u00bb\u00bb custom_padding_last_edited=\u00bbon|tablet\u00bb][et_pb_team_member name=\u00bbQian Gao\u00bb position=\u00bbAssociate Professor, Durham University\u00bb image_url=\u00bbhttps:\/\/www.ub.edu\/gapp\/wp-content\/uploads\/2021\/03\/Qian-gao-th.jpg\u00bb _builder_version=\u00bb4.9.4&#8243; _module_preset=\u00bbdefault\u00bb header_text_align=\u00bbcenter\u00bb header_font_size=\u00bb33px\u00bb body_text_align=\u00bbcenter\u00bb position_text_align=\u00bbcenter\u00bb position_text_color=\u00bb#1A1609&#8243; custom_margin=\u00bb|20px||20px|false|true\u00bb custom_margin_tablet=\u00bb|20px||20px|false|true\u00bb custom_margin_phone=\u00bb\u00bb custom_margin_last_edited=\u00bbon|tablet\u00bb link_option_url=\u00bbhttps:\/\/www.durham.ac.uk\/staff\/qian-gao\/\u00bb header_font_size_tablet=\u00bb\u00bb header_font_size_phone=\u00bb26px\u00bb header_font_size_last_edited=\u00bbon|phone\u00bb custom_css_member_image=\u00bbmargin: 0 auto 30px;\u00bb custom_css_member_position=\u00bbmargin-bottom: 40px\u00bb custom_css_member_image_last_edited=\u00bbon|phone\u00bb custom_css_member_image_tablet=\u00bbmargin: 0 25% 30px 25%;\u00bb custom_css_member_image_phone=\u00bbwidth: 100%;\u00bb]<\/p>\n<p><strong>Experience<\/strong>: Heritage management, Archaeological tourism, Rock Art<\/p>\n<p><strong>Professional Social Networks<\/strong>:\u00a0<a href=\"https:\/\/stir.academia.edu\/QianGao\" target=\"_blank\" rel=\"noopener\">Academia.edu, <\/a><a href=\"https:\/\/www.facebook.com\/sarah.qian.gao\" target=\"_blank\" rel=\"noopener\">Facebook<\/a><a href=\"mailto:sarahqiangao@gmail.com\" target=\"_blank\" rel=\"noopener\"><\/a><\/p>\n<p>[\/et_pb_team_member][et_pb_blurb url=\u00bbhttps:\/\/www.durham.ac.uk\/staff\/qian-gao\/\u00bb url_new_window=\u00bbon\u00bb use_icon=\u00bbon\u00bb font_icon=\u00bb%%180%%\u00bb icon_color=\u00bb#0B280B\u00bb content_max_width=\u00bb30px\u00bb use_icon_font_size=\u00bbon\u00bb icon_font_size=\u00bb30px\u00bb _builder_version=\u00bb4.9.4&#8243; _dynamic_attributes=\u00bblink_option_url\u00bb _module_preset=\u00bbdefault\u00bb min_height=\u00bb30px\u00bb height=\u00bb30px\u00bb custom_margin=\u00bb0px||15px||false|false\u00bb custom_padding=\u00bb0px||0px||false|false\u00bb custom_padding_tablet=\u00bb||||false|false\u00bb custom_padding_phone=\u00bb\u00bb custom_padding_last_edited=\u00bbon|phone\u00bb link_option_url=\u00bb@ET-DC@eyJkeW5hbWljIjp0cnVlLCJjb250ZW50IjoicG9zdF9saW5rX3VybF9wYWdlIiwic2V0dGluZ3MiOnsicG9zdF9pZCI6IjE2OCJ9fQ==@\u00bb icon_color__hover_enabled=\u00bbon|desktop\u00bb icon_color__hover=\u00bb#158C6E\u00bb][\/et_pb_blurb][\/et_pb_column][\/et_pb_row][et_pb_row column_structure=\u00bb1_3,1_3,1_3&#8243; make_equal=\u00bbon\u00bb _builder_version=\u00bb4.9.1&#8243; _module_preset=\u00bbdefault\u00bb width_tablet=\u00bb65%\u00bb width_phone=\u00bb80%\u00bb width_last_edited=\u00bbon|phone\u00bb][et_pb_column type=\u00bb1_3&#8243; _builder_version=\u00bb4.9.1&#8243; _module_preset=\u00bbdefault\u00bb background_color=\u00bb#EDEDE1&#8243; custom_padding=\u00bb10px|10px|10px|10px|true|true\u00bb custom_padding_tablet=\u00bb\u00bb custom_padding_phone=\u00bb\u00bb custom_padding_last_edited=\u00bbon|tablet\u00bb][et_pb_team_member name=\u00bbFernando Padilla Deza\u00bb image_url=\u00bbhttps:\/\/www.ub.edu\/gapp\/wp-content\/uploads\/2023\/06\/Fernando_Padilla_Deza.jpg\u00bb _builder_version=\u00bb4.9.4&#8243; _module_preset=\u00bbdefault\u00bb header_text_align=\u00bbcenter\u00bb header_font_size=\u00bb33px\u00bb body_text_align=\u00bbcenter\u00bb position_text_align=\u00bbcenter\u00bb position_text_color=\u00bb#1A1609&#8243; custom_margin=\u00bb|20px||20px|false|true\u00bb custom_margin_tablet=\u00bb|20px||20px|false|true\u00bb custom_margin_phone=\u00bb\u00bb custom_margin_last_edited=\u00bbon|tablet\u00bb header_font_size_tablet=\u00bb\u00bb header_font_size_phone=\u00bb26px\u00bb header_font_size_last_edited=\u00bbon|phone\u00bb custom_css_member_image=\u00bbmargin: 0 auto 30px;\u00bb custom_css_member_position=\u00bbmargin-bottom: 40px\u00bb custom_css_member_image_last_edited=\u00bbon|phone\u00bb custom_css_member_image_tablet=\u00bbmargin: 0 25% 30px 25%;\u00bb custom_css_member_image_phone=\u00bbwidth: 100%;\u00bb hover_enabled=\u00bb0&#8243; sticky_enabled=\u00bb0&#8243; position=\u00bbPhD Student, Universitat de Barcelona\u00bb]<\/p>\n<p><strong>Experience<\/strong>: archaeological museology, history of archaeology,Community participation, Cultural project, heritage management<\/p>\n<p><strong>Professional Social Networks<\/strong>: <a href=\"https:\/\/www.linkedin.com\/in\/fernando-padilla-deza-3a3791194\/?originalSubdomain=pe\" target=\"_blank\" rel=\"noopener\">Linkedin<\/a><\/p>\n<p><a href=\"mailto:palomazg16@gmail.com\" target=\"_blank\" rel=\"noopener\"><\/a><\/p>\n<p>[\/et_pb_team_member][\/et_pb_column][et_pb_column type=\u00bb1_3&#8243; _builder_version=\u00bb4.9.1&#8243; _module_preset=\u00bbdefault\u00bb background_color=\u00bb#EDEDE1&#8243; custom_padding=\u00bb10px|10px|10px|10px|true|true\u00bb custom_padding_tablet=\u00bb\u00bb custom_padding_phone=\u00bb\u00bb custom_padding_last_edited=\u00bbon|tablet\u00bb][et_pb_team_member name=\u00bbValentina Valiente\u00bb position=\u00bbPhD Student, Universitat de Barcelona\u00bb image_url=\u00bbhttps:\/\/www.ub.edu\/gapp\/wp-content\/uploads\/2024\/11\/valentina.jpg\u00bb _builder_version=\u00bb4.9.4&#8243; _module_preset=\u00bbdefault\u00bb header_text_align=\u00bbcenter\u00bb header_font_size=\u00bb33px\u00bb body_text_align=\u00bbcenter\u00bb position_text_align=\u00bbcenter\u00bb position_text_color=\u00bb#1A1609&#8243; custom_margin=\u00bb|20px||20px|false|true\u00bb custom_margin_tablet=\u00bb|20px||20px|false|true\u00bb custom_margin_phone=\u00bb\u00bb custom_margin_last_edited=\u00bbon|tablet\u00bb header_font_size_tablet=\u00bb\u00bb header_font_size_phone=\u00bb26px\u00bb header_font_size_last_edited=\u00bbon|phone\u00bb custom_css_member_image=\u00bbmargin: 0 auto 30px;\u00bb custom_css_member_position=\u00bbmargin-bottom: 40px\u00bb custom_css_member_image_last_edited=\u00bbon|phone\u00bb custom_css_member_image_tablet=\u00bbmargin: 0 25% 30px 25%;\u00bb custom_css_member_image_phone=\u00bbwidth: 100%;\u00bb]<\/p>\n<p><strong>Experience<\/strong>: cultural heritage, representation and heritage, cultural heritage and digital technologies, museums, exhibitions, archaeology<\/p>\n<p><strong>Professional Social Networks<\/strong>: <a href=\"http:\/\/www.linkedin.com\/in\/valentinavaliente\" target=\"_blank\" rel=\"noopener\">Linkedin<\/a><\/p>\n<p>[\/et_pb_team_member][et_pb_blurb url_new_window=\u00bbon\u00bb use_icon=\u00bbon\u00bb font_icon=\u00bb%%180%%\u00bb icon_color=\u00bb#0B280B\u00bb content_max_width=\u00bb30px\u00bb use_icon_font_size=\u00bbon\u00bb icon_font_size=\u00bb30px\u00bb _builder_version=\u00bb4.9.4&#8243; _dynamic_attributes=\u00bblink_option_url\u00bb _module_preset=\u00bbdefault\u00bb min_height=\u00bb30px\u00bb height=\u00bb30px\u00bb custom_margin=\u00bb0px||15px||false|false\u00bb custom_padding=\u00bb0px||0px||false|false\u00bb custom_padding_tablet=\u00bb||||false|false\u00bb custom_padding_phone=\u00bb\u00bb custom_padding_last_edited=\u00bbon|phone\u00bb link_option_url=\u00bb@ET-DC@eyJkeW5hbWljIjp0cnVlLCJjb250ZW50IjoicG9zdF9saW5rX3VybF9wYWdlIiwic2V0dGluZ3MiOnsicG9zdF9pZCI6IjI5OTIifX0=@\u00bb icon_color__hover_enabled=\u00bbon|desktop\u00bb icon_color__hover=\u00bb#158C6E\u00bb][\/et_pb_blurb][\/et_pb_column][et_pb_column type=\u00bb1_3&#8243; _builder_version=\u00bb4.9.1&#8243; _module_preset=\u00bbdefault\u00bb background_color=\u00bb#EDEDE1&#8243; custom_padding=\u00bb10px|10px|10px|10px|true|true\u00bb custom_padding_tablet=\u00bb\u00bb custom_padding_phone=\u00bb\u00bb custom_padding_last_edited=\u00bbon|tablet\u00bb][et_pb_team_member name=\u00bbAmilcar Vargas\u00bb position=\u00bbExpert on World Heritage, Casa Batll\u00f3\u00bb image_url=\u00bbhttps:\/\/www.ub.edu\/gapp\/wp-content\/uploads\/2021\/03\/Amilcar-vargas-th.jpg\u00bb _builder_version=\u00bb4.9.4&#8243; _module_preset=\u00bbdefault\u00bb header_text_align=\u00bbcenter\u00bb header_font_size=\u00bb33px\u00bb body_text_align=\u00bbcenter\u00bb position_text_align=\u00bbcenter\u00bb position_text_color=\u00bb#1A1609&#8243; custom_margin=\u00bb|20px||20px|false|true\u00bb custom_margin_tablet=\u00bb|20px||20px|false|true\u00bb custom_margin_phone=\u00bb\u00bb custom_margin_last_edited=\u00bbon|tablet\u00bb header_font_size_tablet=\u00bb\u00bb header_font_size_phone=\u00bb26px\u00bb header_font_size_last_edited=\u00bbon|phone\u00bb custom_css_member_image=\u00bbmargin: 0 auto 30px;\u00bb custom_css_member_position=\u00bbmargin-bottom: 40px\u00bb locked=\u00bboff\u00bb custom_css_member_image_last_edited=\u00bbon|phone\u00bb custom_css_member_image_tablet=\u00bbmargin: 0 25% 30px 25%;\u00bb custom_css_member_image_phone=\u00bbwidth: 100%;\u00bb]<\/p>\n<p><strong>Experience<\/strong>: World Heritage Management, Social Engagement on Cultural Projects, Museums<\/p>\n<p><strong>Professional Social Networks<\/strong>:<br \/><a href=\"https:\/\/barcelona.academia.edu\/AmilcarVargas\" target=\"_blank\" rel=\"noopener\">Academia.edu<\/a>,\u00a0<a href=\"http:\/\/orcid.org\/0000-0002-5669-6460\" target=\"_blank\" rel=\"noopener\">ORCID<\/a>,\u00a0<a href=\"https:\/\/www.researchgate.net\/profile\/Amilcar_Vargas\" target=\"_blank\" rel=\"noopener\">ResearchGate<\/a>,\u00a0<a href=\"https:\/\/twitter.com\/amilcarvargas\" target=\"_blank\" rel=\"noopener\">Twitter<\/a>,\u00a0<a href=\"https:\/\/www.linkedin.com\/in\/amilcarvargas\" target=\"_blank\" rel=\"noopener\">Linkedin<\/a><\/p>\n<p><a href=\"mailto:amilcarvargas@gmail.com\" target=\"_blank\" rel=\"noopener\"><\/a><\/p>\n<p>&nbsp;<\/p>\n<p>[\/et_pb_team_member][\/et_pb_column][\/et_pb_row][\/et_pb_section][et_pb_section fb_built=\u00bb1&#8243; _builder_version=\u00bb4.8.1&#8243; _module_preset=\u00bbdefault\u00bb][et_pb_row _builder_version=\u00bb4.8.1&#8243; _module_preset=\u00bbdefault\u00bb][et_pb_column type=\u00bb4_4&#8243; _builder_version=\u00bb4.8.1&#8243; _module_preset=\u00bbdefault\u00bb][et_pb_text _builder_version=\u00bb4.8.1&#8243; _module_preset=\u00bbdefault\u00bb animation_style=\u00bbfade\u00bb animation_duration=\u00bb1500ms\u00bb animation_delay=\u00bb500ms\u00bb]<\/p>\n<h2>Past Members<\/h2>\n<p>[\/et_pb_text][et_pb_divider color=\u00bb#C8AB37&#8243; divider_weight=\u00bb3px\u00bb _builder_version=\u00bb4.8.1&#8243; _module_preset=\u00bbdefault\u00bb width=\u00bb225px\u00bb animation_style=\u00bbslide\u00bb animation_direction=\u00bbleft\u00bb][\/et_pb_divider][\/et_pb_column][\/et_pb_row][et_pb_row _builder_version=\u00bb4.9.4&#8243; _module_preset=\u00bbdefault\u00bb background_color=\u00bb#EDEDE1&#8243;][et_pb_column type=\u00bb4_4&#8243; _builder_version=\u00bb4.9.4&#8243; _module_preset=\u00bbdefault\u00bb][et_pb_text _builder_version=\u00bb4.9.4&#8243; _module_preset=\u00bbdefault\u00bb]<\/p>\n<p style=\"padding-left: 40px;\">Ana Mar\u00eda Alarc\u00f3n Jim\u00e9nez<\/p>\n<p style=\"padding-left: 40px;\">Mar\u00eda Gabriela Navas Perrone<\/p>\n<p style=\"padding-left: 40px;\">Ana Pastor P\u00e9rez<\/p>\n<p style=\"padding-left: 40px;\">Mathieu Picas<\/p>\n<p style=\"padding-left: 40px;\">Apen Ruiz Mart\u00ednez<\/p>\n<p style=\"padding-left: 40px;\">Neemias Santos da Rosa<\/p>\n<p style=\"padding-left: 40px;\">Camila Opazo-Sep\u00falveda<\/p>\n<p>[\/et_pb_text][\/et_pb_column][\/et_pb_row][\/et_pb_section]<\/p>\n","protected":false},"excerpt":{"rendered":"<p>MEMBRESCATSom especialistes en diferents disciplines relacionades amb l&#8217;arqueologia i el patrimoni, l&#8217;arqueologia p\u00fablica i social, l&#8217;etnografia arqueol\u00f2gica i el patrimoni cultural material i immaterial.ESSomos especialistas en diferentes disciplinas relacionadas con la arqueolog\u00eda y el patrimonio, la arqueolog\u00eda p\u00fablica y social, la etnograf\u00eda arqueol\u00f3gica y el patrimonio cultural material e inmaterial.ENWe are specialists in several disciplines [&hellip;]<\/p>\n","protected":false},"author":3,"featured_media":0,"parent":0,"menu_order":0,"comment_status":"closed","ping_status":"closed","template":"","meta":{"_et_pb_use_builder":"on","_et_pb_old_content":"","_et_gb_content_width":"","footnotes":""},"class_list":["post-433","page","type-page","status-publish","hentry"],"yoast_head":"<!-- This site is optimized with the Yoast SEO plugin v16.1.1 - https:\/\/yoast.com\/wordpress\/plugins\/seo\/ -->\n<title>Membres - GAPP<\/title>\n<link rel=\"canonical\" href=\"https:\/\/www.ub.edu\/gapp\/membres\/\" \/>\n<meta property=\"og:locale\" content=\"es_ES\" \/>\n<meta property=\"og:type\" content=\"article\" \/>\n<meta property=\"og:title\" content=\"Membres - GAPP\" \/>\n<meta property=\"og:description\" content=\"MEMBRESCATSom especialistes en diferents disciplines relacionades amb l&#039;arqueologia i el patrimoni, l&#039;arqueologia p\u00fablica i social, l&#039;etnografia arqueol\u00f2gica i el patrimoni cultural material i immaterial.ESSomos especialistas en diferentes disciplinas relacionadas con la arqueolog\u00eda y el patrimonio, la arqueolog\u00eda p\u00fablica y social, la etnograf\u00eda arqueol\u00f3gica y el patrimonio cultural material e inmaterial.ENWe are specialists in several disciplines [&hellip;]\" \/>\n<meta property=\"og:url\" content=\"https:\/\/www.ub.edu\/gapp\/membres\/\" \/>\n<meta property=\"og:site_name\" content=\"GAPP\" \/>\n<meta property=\"article:modified_time\" content=\"2025-11-26T13:40:15+00:00\" \/>\n<meta name=\"twitter:card\" content=\"summary_large_image\" \/>\n<meta name=\"twitter:label1\" content=\"Tiempo de lectura\">\n\t<meta name=\"twitter:data1\" content=\"8 minutos\">\n<script type=\"application\/ld+json\" class=\"yoast-schema-graph\">{\"@context\":\"https:\/\/schema.org\",\"@graph\":[{\"@type\":\"WebSite\",\"@id\":\"https:\/\/www.ub.edu\/gapp\/#website\",\"url\":\"https:\/\/www.ub.edu\/gapp\/\",\"name\":\"GAPP\",\"description\":\"Grup d\\u2019Arqueologia P\\u00fablica i Patrimoni\",\"potentialAction\":[{\"@type\":\"SearchAction\",\"target\":\"https:\/\/www.ub.edu\/gapp\/?s={search_term_string}\",\"query-input\":\"required name=search_term_string\"}],\"inLanguage\":\"es\"},{\"@type\":\"WebPage\",\"@id\":\"https:\/\/www.ub.edu\/gapp\/membres\/#webpage\",\"url\":\"https:\/\/www.ub.edu\/gapp\/membres\/\",\"name\":\"Membres - GAPP\",\"isPartOf\":{\"@id\":\"https:\/\/www.ub.edu\/gapp\/#website\"},\"datePublished\":\"2021-01-31T17:28:41+00:00\",\"dateModified\":\"2025-11-26T13:40:15+00:00\",\"breadcrumb\":{\"@id\":\"https:\/\/www.ub.edu\/gapp\/membres\/#breadcrumb\"},\"inLanguage\":\"es\",\"potentialAction\":[{\"@type\":\"ReadAction\",\"target\":[\"https:\/\/www.ub.edu\/gapp\/membres\/\"]}]},{\"@type\":\"BreadcrumbList\",\"@id\":\"https:\/\/www.ub.edu\/gapp\/membres\/#breadcrumb\",\"itemListElement\":[{\"@type\":\"ListItem\",\"position\":1,\"item\":{\"@type\":\"WebPage\",\"@id\":\"https:\/\/www.ub.edu\/gapp\/\",\"url\":\"https:\/\/www.ub.edu\/gapp\/\",\"name\":\"Portada\"}},{\"@type\":\"ListItem\",\"position\":2,\"item\":{\"@type\":\"WebPage\",\"@id\":\"https:\/\/www.ub.edu\/gapp\/membres\/\",\"url\":\"https:\/\/www.ub.edu\/gapp\/membres\/\",\"name\":\"Membres\"}}]}]}<\/script>\n<!-- \/ Yoast SEO plugin. -->","_links":{"self":[{"href":"https:\/\/www.ub.edu\/gapp\/wp-json\/wp\/v2\/pages\/433","targetHints":{"allow":["GET"]}}],"collection":[{"href":"https:\/\/www.ub.edu\/gapp\/wp-json\/wp\/v2\/pages"}],"about":[{"href":"https:\/\/www.ub.edu\/gapp\/wp-json\/wp\/v2\/types\/page"}],"author":[{"embeddable":true,"href":"https:\/\/www.ub.edu\/gapp\/wp-json\/wp\/v2\/users\/3"}],"replies":[{"embeddable":true,"href":"https:\/\/www.ub.edu\/gapp\/wp-json\/wp\/v2\/comments?post=433"}],"version-history":[{"count":165,"href":"https:\/\/www.ub.edu\/gapp\/wp-json\/wp\/v2\/pages\/433\/revisions"}],"predecessor-version":[{"id":3212,"href":"https:\/\/www.ub.edu\/gapp\/wp-json\/wp\/v2\/pages\/433\/revisions\/3212"}],"wp:attachment":[{"href":"https:\/\/www.ub.edu\/gapp\/wp-json\/wp\/v2\/media?parent=433"}],"curies":[{"name":"wp","href":"https:\/\/api.w.org\/{rel}","templated":true}]}}