{"id":76,"date":"2021-02-02T17:28:56","date_gmt":"2021-02-02T17:28:56","guid":{"rendered":"https:\/\/www.ub.edu\/gapp\/?page_id=76"},"modified":"2022-09-20T08:27:52","modified_gmt":"2022-09-20T08:27:52","slug":"mexic","status":"publish","type":"page","link":"https:\/\/www.ub.edu\/gapp\/recerca\/mexic\/","title":{"rendered":"M\u00e8xic"},"content":{"rendered":"<p>[et_pb_section fb_built=\u00bb1&#8243; _builder_version=\u00bb4.8.1&#8243; _module_preset=\u00bbdefault\u00bb background_image=\u00bbhttps:\/\/www.ub.edu\/gapp\/wp-content\/uploads\/2021\/01\/cabcera-imagen-milans.jpg\u00bb background_position=\u00bbbottom_left\u00bb][et_pb_row column_structure=\u00bb1_2,1_2&#8243; _builder_version=\u00bb4.8.1&#8243; _module_preset=\u00bbdefault\u00bb custom_margin=\u00bb||||false|false\u00bb custom_css_main_element=\u00bbdisplay: flex;||align-items:center;\u00bb custom_css_main_element_last_edited=\u00bbon|desktop\u00bb custom_css_main_element_tablet=\u00bb \u00ab][et_pb_column type=\u00bb1_2&#8243; _builder_version=\u00bb4.8.1&#8243; _module_preset=\u00bbdefault\u00bb][et_pb_text _builder_version=\u00bb4.8.2&#8243; _module_preset=\u00bbdefault\u00bb transform_scale_linked=\u00bboff\u00bb transform_translate_tablet=\u00bb0px|0%\u00bb transform_translate_phone=\u00bb0px|0%\u00bb transform_translate_last_edited=\u00bbon|tablet\u00bb transform_translate_linked=\u00bboff\u00bb custom_margin=\u00bb||||false|false\u00bb custom_margin_tablet=\u00bb||||false|false\u00bb custom_margin_phone=\u00bb\u00bb custom_margin_last_edited=\u00bbon|tablet\u00bb custom_css_main_element=\u00bb||\u00bb]<\/p>\n<h1>M\u00c8XIC<\/h1>\n<p>[\/et_pb_text][\/et_pb_column][et_pb_column type=\u00bb1_2&#8243; _builder_version=\u00bb4.8.1&#8243; _module_preset=\u00bbdefault\u00bb][et_pb_text _builder_version=\u00bb4.9.4&#8243; _module_preset=\u00bbdefault\u00bb text_text_color=\u00bb#FFFFFF\u00bb background_color=\u00bb#0B280B\u00bb text_orientation=\u00bbcenter\u00bb width=\u00bb40px\u00bb module_alignment=\u00bbleft\u00bb min_height=\u00bb40px\u00bb animation_style=\u00bbzoom\u00bb hover_enabled=\u00bb0&#8243; custom_css_main_element=\u00bbdisplay:flex;||flex-direction: column;||justify-content: center;\u00bb border_radii=\u00bbon|100%|100%|100%|100%\u00bb sticky_enabled=\u00bb0&#8243;]<\/p>\n<p>CAT<\/p>\n<p>[\/et_pb_text][et_pb_text _builder_version=\u00bb4.9.0&#8243; _module_preset=\u00bbdefault\u00bb]<\/p>\n<p>Participaci\u00f3 social en els bens arqueol\u00f2gics Patrimoni Mundial a M\u00e8xic.<\/p>\n<p>[\/et_pb_text][et_pb_text _builder_version=\u00bb4.8.2&#8243; _module_preset=\u00bbdefault\u00bb text_text_color=\u00bb#FFFFFF\u00bb background_color=\u00bb#0B280B\u00bb text_orientation=\u00bbcenter\u00bb width=\u00bb40px\u00bb module_alignment=\u00bbleft\u00bb min_height=\u00bb40px\u00bb animation_style=\u00bbzoom\u00bb custom_css_main_element=\u00bbdisplay:flex;||flex-direction: column;||justify-content: center;\u00bb border_radii=\u00bbon|100%|100%|100%|100%\u00bb]<\/p>\n<p>ES<\/p>\n<p>[\/et_pb_text][et_pb_text _builder_version=\u00bb4.9.0&#8243; _module_preset=\u00bbdefault\u00bb]<\/p>\n<p>Participaci\u00f3n social en los sitios Patrimonio Mundial en M\u00e9xico.<\/p>\n<p>[\/et_pb_text][et_pb_text _builder_version=\u00bb4.8.2&#8243; _module_preset=\u00bbdefault\u00bb text_text_color=\u00bb#FFFFFF\u00bb background_color=\u00bb#0B280B\u00bb text_orientation=\u00bbcenter\u00bb width=\u00bb40px\u00bb module_alignment=\u00bbleft\u00bb min_height=\u00bb40px\u00bb animation_style=\u00bbzoom\u00bb custom_css_main_element=\u00bbdisplay:flex;||flex-direction: column;||justify-content: center;\u00bb border_radii=\u00bbon|100%|100%|100%|100%\u00bb]<\/p>\n<p>EN<\/p>\n<p>[\/et_pb_text][et_pb_text _builder_version=\u00bb4.9.0&#8243; _module_preset=\u00bbdefault\u00bb]<\/p>\n<p>Social participation in the archaeological World Heritage sites in Mexico.<\/p>\n<p>[\/et_pb_text][\/et_pb_column][\/et_pb_row][\/et_pb_section][et_pb_section fb_built=\u00bb1&#8243; _builder_version=\u00bb4.8.0&#8243; _module_preset=\u00bbdefault\u00bb][et_pb_row column_structure=\u00bb1_3,1_3,1_3&#8243; _builder_version=\u00bb4.8.0&#8243; _module_preset=\u00bbdefault\u00bb][et_pb_column type=\u00bb1_3&#8243; _builder_version=\u00bb4.8.0&#8243; _module_preset=\u00bbdefault\u00bb][et_pb_text _builder_version=\u00bb4.9.4&#8243; _module_preset=\u00bbdefault\u00bb text_text_color=\u00bb#FFFFFF\u00bb background_color=\u00bb#0B280B\u00bb text_orientation=\u00bbcenter\u00bb width=\u00bb40px\u00bb module_alignment=\u00bbleft\u00bb min_height=\u00bb40px\u00bb animation_style=\u00bbzoom\u00bb hover_enabled=\u00bb0&#8243; custom_css_main_element=\u00bbdisplay:flex;||flex-direction: column;||justify-content: center;\u00bb border_radii=\u00bbon|100%|100%|100%|100%\u00bb sticky_enabled=\u00bb0&#8243;]<\/p>\n<p>CAT<\/p>\n<p>[\/et_pb_text][et_pb_text _builder_version=\u00bb4.8.1&#8243; _module_preset=\u00bbdefault\u00bb]<\/p>\n<p>Aquesta investigaci\u00f3 t\u00e9 com a objectiu identificar les q\u00fcestions clau per a l\u2019aplicaci\u00f3 de les directrius de la UNESCO relacionades amb la participaci\u00f3 social en la gesti\u00f3 del patrimoni mundial. Se centra en els llocs arqueol\u00f2gics a M\u00e8xic amb un \u00e0mbit d\u2019aplicaci\u00f3 general a Am\u00e8rica Llatina. Tres casos s\u2019estan analitzant en qu\u00e8 la investigaci\u00f3 de camp t\u00e9 com a objectiu observar i documentar com les comunitats locals han participat en els processos de presa de decisions. Aquest estudi intenta avaluar l\u2019impacte de la inclusi\u00f3 dels llocs arqueol\u00f2gics a la llista del patrimoni mundial en les condicions de vida dels habitants locals. Aquesta investigaci\u00f3, dirigida per\u00a0<a href=\"https:\/\/www.ub.edu\/gapp\/membres\/amilcar-vargas-2\/\">Amilcar Vargas<\/a>\u00a0com part de la seva tesi doctoral, est\u00e0 finan\u00e7ant pel\u00a0<a href=\"https:\/\/www.conacyt.mx\/\" target=\"_blank\" rel=\"noopener\">Consell Nacional de Ci\u00e8ncia i Tecnologia de M\u00e8xic<\/a>.<\/p>\n<p>[\/et_pb_text][\/et_pb_column][et_pb_column type=\u00bb1_3&#8243; _builder_version=\u00bb4.8.0&#8243; _module_preset=\u00bbdefault\u00bb][et_pb_text _builder_version=\u00bb4.8.2&#8243; _module_preset=\u00bbdefault\u00bb text_text_color=\u00bb#FFFFFF\u00bb background_color=\u00bb#0B280B\u00bb text_orientation=\u00bbcenter\u00bb width=\u00bb40px\u00bb module_alignment=\u00bbleft\u00bb min_height=\u00bb40px\u00bb animation_style=\u00bbzoom\u00bb custom_css_main_element=\u00bbdisplay:flex;||flex-direction: column;||justify-content: center;\u00bb border_radii=\u00bbon|100%|100%|100%|100%\u00bb]<\/p>\n<p>ES<\/p>\n<p>[\/et_pb_text][et_pb_text _builder_version=\u00bb4.8.1&#8243; _module_preset=\u00bbdefault\u00bb]<\/p>\n<p>Esta investigaci\u00f3n tiene como objetivo identificar las cuestiones clave para la aplicaci\u00f3n de las directrices de la UNESCO relacionadas con la participaci\u00f3n social en la gesti\u00f3n del patrimonio mundial. Se centra en los sitios arqueol\u00f3gicos en M\u00e9xico con un \u00e1mbito de aplicaci\u00f3n general en Am\u00e9rica Latina. Tres casos se est\u00e1n analizando en el que la investigaci\u00f3n de campo tiene como objetivo observar y documentar c\u00f3mo las comunidades locales han participado en los procesos de toma de decisiones. Este estudio intenta evaluar el impacto de la inclusi\u00f3n de los sitios arqueol\u00f3gicos en la lista del patrimonio mundial en las condiciones de vida de los habitantes locales. Esta investigaci\u00f3n, dirigida por\u00a0<a href=\"https:\/\/www.ub.edu\/gapp\/membres\/amilcar-vargas-2\/\">Amilcar Vargas<\/a>\u00a0como parte de su tesis doctoral, est\u00e1 financiando por el\u00a0<a href=\"https:\/\/www.conacyt.mx\/\" target=\"_blank\" rel=\"noopener\">Consejo Nacional de Ciencia y Tecnolog\u00eda de M\u00e9xico<\/a>.<\/p>\n<p>[\/et_pb_text][\/et_pb_column][et_pb_column type=\u00bb1_3&#8243; _builder_version=\u00bb4.8.0&#8243; _module_preset=\u00bbdefault\u00bb][et_pb_text _builder_version=\u00bb4.8.2&#8243; _module_preset=\u00bbdefault\u00bb text_text_color=\u00bb#FFFFFF\u00bb background_color=\u00bb#0B280B\u00bb text_orientation=\u00bbcenter\u00bb width=\u00bb40px\u00bb module_alignment=\u00bbleft\u00bb min_height=\u00bb40px\u00bb animation_style=\u00bbzoom\u00bb custom_css_main_element=\u00bbdisplay:flex;||flex-direction: column;||justify-content: center;\u00bb border_radii=\u00bbon|100%|100%|100%|100%\u00bb]<\/p>\n<p>EN<\/p>\n<p>[\/et_pb_text][et_pb_text _builder_version=\u00bb4.8.1&#8243; _module_preset=\u00bbdefault\u00bb]<\/p>\n<p>This research aims to identify the key issues for the application of UNESCO guidelines related to social participation in World Heritage management. It focuses on archaeological sites in Mexico with a general scope in Latin America. Three cases are being analyzed in which field research aims to observe and document how local communities have been taking part in the decision-making processes. This research endeavors to evaluate the impact of the inclusion of the archaeological sites in the World Heritage List in the living conditions of local inhabitants. This research, led by\u00a0<a href=\"https:\/\/www.ub.edu\/gapp\/membres\/amilcar-vargas-2\/\">Amilcar Vargas<\/a>\u00a0as part of his PhD thesis, is funding by <a href=\"https:\/\/www.conacyt.mx\/\" target=\"_blank\" rel=\"noopener\">the\u00a0National Science and Technology Council of Mexico<\/a>.<\/p>\n<p>[\/et_pb_text][\/et_pb_column][\/et_pb_row][et_pb_row column_structure=\u00bb1_2,1_2&#8243; _builder_version=\u00bb4.8.1&#8243; _module_preset=\u00bbdefault\u00bb][et_pb_column type=\u00bb1_2&#8243; _builder_version=\u00bb4.8.1&#8243; _module_preset=\u00bbdefault\u00bb][et_pb_image src=\u00bbhttps:\/\/www.ub.edu\/gapp\/wp-content\/uploads\/2021\/02\/Palenque-1.jpg\u00bb alt=\u00bbPre-Hispanic City and National Park of Palenque\u00bb title_text=\u00bbPre-Hispanic City and National Park of Palenque\u00bb align_tablet=\u00bbcenter\u00bb align_phone=\u00bb\u00bb align_last_edited=\u00bbon|tablet\u00bb _builder_version=\u00bb4.8.1&#8243; _module_preset=\u00bbdefault\u00bb][\/et_pb_image][et_pb_image src=\u00bbhttps:\/\/www.ub.edu\/gapp\/wp-content\/uploads\/2021\/02\/Palenque-3.jpg\u00bb alt=\u00bbPre-Hispanic City and National Park of Palenque\u00bb title_text=\u00bbPre-Hispanic City and National Park of Palenque\u00bb align_tablet=\u00bbcenter\u00bb align_phone=\u00bb\u00bb align_last_edited=\u00bbon|tablet\u00bb _builder_version=\u00bb4.8.1&#8243; _module_preset=\u00bbdefault\u00bb][\/et_pb_image][\/et_pb_column][et_pb_column type=\u00bb1_2&#8243; _builder_version=\u00bb4.8.1&#8243; _module_preset=\u00bbdefault\u00bb][et_pb_image src=\u00bbhttps:\/\/www.ub.edu\/gapp\/wp-content\/uploads\/2021\/02\/Palenque-2.jpg\u00bb alt=\u00bbPre-Hispanic City and National Park of Palenque\u00bb title_text=\u00bbPre-Hispanic City and National Park of Palenque\u00bb align=\u00bbcenter\u00bb _builder_version=\u00bb4.8.1&#8243; _module_preset=\u00bbdefault\u00bb][\/et_pb_image][et_pb_image src=\u00bbhttps:\/\/www.ub.edu\/gapp\/wp-content\/uploads\/2021\/02\/Palenque-4.jpg\u00bb alt=\u00bbPre-Hispanic City and National Park of Palenque\u00bb title_text=\u00bbPre-Hispanic City and National Park of Palenque\u00bb align_tablet=\u00bbcenter\u00bb align_phone=\u00bb\u00bb align_last_edited=\u00bbon|tablet\u00bb _builder_version=\u00bb4.8.1&#8243; _module_preset=\u00bbdefault\u00bb][\/et_pb_image][\/et_pb_column][\/et_pb_row][\/et_pb_section][et_pb_section fb_built=\u00bb1&#8243; _builder_version=\u00bb4.8.0&#8243; _module_preset=\u00bbdefault\u00bb][et_pb_row _builder_version=\u00bb4.8.0&#8243; _module_preset=\u00bbdefault\u00bb][et_pb_column type=\u00bb4_4&#8243; _builder_version=\u00bb4.8.0&#8243; _module_preset=\u00bbdefault\u00bb][et_pb_text _builder_version=\u00bb4.8.2&#8243; _module_preset=\u00bbdefault\u00bb animation_style=\u00bbfade\u00bb animation_duration=\u00bb1500ms\u00bb animation_delay=\u00bb500ms\u00bb]<\/p>\n<h2>Publicacions\u00a0<\/h2>\n<p>[\/et_pb_text][et_pb_divider color=\u00bb#C8AB37&#8243; divider_weight=\u00bb3px\u00bb _builder_version=\u00bb4.8.1&#8243; _module_preset=\u00bbdefault\u00bb width=\u00bb225px\u00bb animation_style=\u00bbslide\u00bb animation_direction=\u00bbleft\u00bb][\/et_pb_divider][\/et_pb_column][\/et_pb_row][et_pb_row column_structure=\u00bb1_4,3_4&#8243; use_custom_gutter=\u00bbon\u00bb gutter_width=\u00bb2&#8243; _builder_version=\u00bb4.8.1&#8243; _module_preset=\u00bbdefault\u00bb][et_pb_column type=\u00bb1_4&#8243; _builder_version=\u00bb4.8.1&#8243; _module_preset=\u00bbdefault\u00bb][et_pb_image src=\u00bbhttps:\/\/www.ub.edu\/gapp\/wp-content\/uploads\/2021\/02\/universidad-complutense.jpg\u00bb alt=\u00bbUniversidad Complutense de Madrid\u00bb title_text=\u00bbUniversidad Complutense de Madrid\u00bb _builder_version=\u00bb4.8.1&#8243; _module_preset=\u00bbdefault\u00bb][\/et_pb_image][\/et_pb_column][et_pb_column type=\u00bb3_4&#8243; _builder_version=\u00bb4.8.1&#8243; _module_preset=\u00bbdefault\u00bb][et_pb_text _builder_version=\u00bb4.8.1&#8243; _module_preset=\u00bb0e0bc4e0-cb0d-449e-b059-a12dcf3338ce\u00bb]<\/p>\n<h3>Impacto de la inscripci\u00f3n de ciudad maya de Palenque en la Lista del Patrimonio Mundial de la UNESCO.<\/h3>\n<p>[\/et_pb_text][et_pb_text _builder_version=\u00bb4.8.1&#8243; _module_preset=\u00bbdefault\u00bb]<\/p>\n<p>Vargas Vel\u00e1squez, A. 2015<\/p>\n<p>[\/et_pb_text][et_pb_text _builder_version=\u00bb4.8.1&#8243; _module_preset=\u00bbdefault\u00bb]<\/p>\n<p>\u00a0A. Castillo (Ed.), People and Communities. Second International Conference on best practices in World Heritage \/ Personas y comunidades. Segundo Congreso Internacional de Buenas Pr\u00e1cticas en Patrimonio Mundial (pp. 537-559. Online:\u00a0<a href=\"http:\/\/www.congresopatrimoniomundialmenorca.cime.es\/\" target=\"_blank\" rel=\"noopener\">www.congresopatrimoniomundialmenorca.cime.es<\/a>. Madrid: Universidad Complutense de Madrid.<\/p>\n<p>[\/et_pb_text][\/et_pb_column][\/et_pb_row][et_pb_row column_structure=\u00bb1_4,3_4&#8243; use_custom_gutter=\u00bbon\u00bb gutter_width=\u00bb2&#8243; _builder_version=\u00bb4.8.1&#8243; _module_preset=\u00bbdefault\u00bb][et_pb_column type=\u00bb1_4&#8243; _builder_version=\u00bb4.8.1&#8243; _module_preset=\u00bbdefault\u00bb][et_pb_image src=\u00bbhttps:\/\/www.ub.edu\/gapp\/wp-content\/uploads\/2021\/02\/international-journal-of-heritage.jpg\u00bb alt=\u00bbInternational Journal of Heritage Studies\u00bb title_text=\u00bbInternational Journal of Heritage Studies\u00bb _builder_version=\u00bb4.8.1&#8243; _module_preset=\u00bbdefault\u00bb][\/et_pb_image][\/et_pb_column][et_pb_column type=\u00bb3_4&#8243; _builder_version=\u00bb4.8.1&#8243; _module_preset=\u00bbdefault\u00bb][et_pb_text _builder_version=\u00bb4.8.1&#8243; _module_preset=\u00bb0e0bc4e0-cb0d-449e-b059-a12dcf3338ce\u00bb]<\/p>\n<h3>The Tourism and Local Development in World Heritage Context. The Case of the Mayan Site of Palenque, Mexico.<\/h3>\n<p>[\/et_pb_text][et_pb_text _builder_version=\u00bb4.8.1&#8243; _module_preset=\u00bbdefault\u00bb]<\/p>\n<p>Vargas Vel\u00e1squez, A. 2018<\/p>\n<p>[\/et_pb_text][et_pb_text _builder_version=\u00bb4.8.1&#8243; _module_preset=\u00bbdefault\u00bb]<\/p>\n<p>International Journal of Heritage Studies, 24(9), 984-997.<\/p>\n<p>[\/et_pb_text][\/et_pb_column][\/et_pb_row][\/et_pb_section]<\/p>\n","protected":false},"excerpt":{"rendered":"<p>M\u00c8XICCATParticipaci\u00f3 social en els bens arqueol\u00f2gics Patrimoni Mundial a M\u00e8xic.ESParticipaci\u00f3n social en los sitios Patrimonio Mundial en M\u00e9xico.ENSocial participation in the archaeological World Heritage sites in Mexico.CATAquesta investigaci\u00f3 t\u00e9 com a objectiu identificar les q\u00fcestions clau per a l\u2019aplicaci\u00f3 de les directrius de la UNESCO relacionades amb la participaci\u00f3 social en la gesti\u00f3 del patrimoni [&hellip;]<\/p>\n","protected":false},"author":3,"featured_media":0,"parent":84,"menu_order":0,"comment_status":"closed","ping_status":"closed","template":"","meta":{"_et_pb_use_builder":"on","_et_pb_old_content":"","_et_gb_content_width":"","footnotes":""},"class_list":["post-76","page","type-page","status-publish","hentry"],"yoast_head":"<!-- This site is optimized with the Yoast SEO plugin v16.1.1 - https:\/\/yoast.com\/wordpress\/plugins\/seo\/ -->\n<title>M\u00e8xic - GAPP<\/title>\n<link rel=\"canonical\" href=\"https:\/\/www.ub.edu\/gapp\/recerca\/mexic\/\" \/>\n<meta property=\"og:locale\" content=\"es_ES\" \/>\n<meta property=\"og:type\" content=\"article\" \/>\n<meta property=\"og:title\" content=\"M\u00e8xic - GAPP\" \/>\n<meta property=\"og:description\" content=\"M\u00c8XICCATParticipaci\u00f3 social en els bens arqueol\u00f2gics Patrimoni Mundial a M\u00e8xic.ESParticipaci\u00f3n social en los sitios Patrimonio Mundial en M\u00e9xico.ENSocial participation in the archaeological World Heritage sites in Mexico.CATAquesta investigaci\u00f3 t\u00e9 com a objectiu identificar les q\u00fcestions clau per a l\u2019aplicaci\u00f3 de les directrius de la UNESCO relacionades amb la participaci\u00f3 social en la gesti\u00f3 del patrimoni [&hellip;]\" \/>\n<meta property=\"og:url\" content=\"https:\/\/www.ub.edu\/gapp\/recerca\/mexic\/\" \/>\n<meta property=\"og:site_name\" content=\"GAPP\" \/>\n<meta property=\"article:modified_time\" content=\"2022-09-20T08:27:52+00:00\" \/>\n<meta name=\"twitter:card\" content=\"summary_large_image\" \/>\n<meta name=\"twitter:label1\" content=\"Tiempo de lectura\">\n\t<meta name=\"twitter:data1\" content=\"8 minutos\">\n<script type=\"application\/ld+json\" class=\"yoast-schema-graph\">{\"@context\":\"https:\/\/schema.org\",\"@graph\":[{\"@type\":\"WebSite\",\"@id\":\"https:\/\/www.ub.edu\/gapp\/#website\",\"url\":\"https:\/\/www.ub.edu\/gapp\/\",\"name\":\"GAPP\",\"description\":\"Grup d\\u2019Arqueologia P\\u00fablica i Patrimoni\",\"potentialAction\":[{\"@type\":\"SearchAction\",\"target\":\"https:\/\/www.ub.edu\/gapp\/?s={search_term_string}\",\"query-input\":\"required name=search_term_string\"}],\"inLanguage\":\"es\"},{\"@type\":\"WebPage\",\"@id\":\"https:\/\/www.ub.edu\/gapp\/recerca\/mexic\/#webpage\",\"url\":\"https:\/\/www.ub.edu\/gapp\/recerca\/mexic\/\",\"name\":\"M\\u00e8xic - GAPP\",\"isPartOf\":{\"@id\":\"https:\/\/www.ub.edu\/gapp\/#website\"},\"datePublished\":\"2021-02-02T17:28:56+00:00\",\"dateModified\":\"2022-09-20T08:27:52+00:00\",\"breadcrumb\":{\"@id\":\"https:\/\/www.ub.edu\/gapp\/recerca\/mexic\/#breadcrumb\"},\"inLanguage\":\"es\",\"potentialAction\":[{\"@type\":\"ReadAction\",\"target\":[\"https:\/\/www.ub.edu\/gapp\/recerca\/mexic\/\"]}]},{\"@type\":\"BreadcrumbList\",\"@id\":\"https:\/\/www.ub.edu\/gapp\/recerca\/mexic\/#breadcrumb\",\"itemListElement\":[{\"@type\":\"ListItem\",\"position\":1,\"item\":{\"@type\":\"WebPage\",\"@id\":\"https:\/\/www.ub.edu\/gapp\/\",\"url\":\"https:\/\/www.ub.edu\/gapp\/\",\"name\":\"Portada\"}},{\"@type\":\"ListItem\",\"position\":2,\"item\":{\"@type\":\"WebPage\",\"@id\":\"https:\/\/www.ub.edu\/gapp\/recerca\/\",\"url\":\"https:\/\/www.ub.edu\/gapp\/recerca\/\",\"name\":\"Recerca\"}},{\"@type\":\"ListItem\",\"position\":3,\"item\":{\"@type\":\"WebPage\",\"@id\":\"https:\/\/www.ub.edu\/gapp\/recerca\/mexic\/\",\"url\":\"https:\/\/www.ub.edu\/gapp\/recerca\/mexic\/\",\"name\":\"M\\u00e8xic\"}}]}]}<\/script>\n<!-- \/ Yoast SEO plugin. -->","_links":{"self":[{"href":"https:\/\/www.ub.edu\/gapp\/wp-json\/wp\/v2\/pages\/76","targetHints":{"allow":["GET"]}}],"collection":[{"href":"https:\/\/www.ub.edu\/gapp\/wp-json\/wp\/v2\/pages"}],"about":[{"href":"https:\/\/www.ub.edu\/gapp\/wp-json\/wp\/v2\/types\/page"}],"author":[{"embeddable":true,"href":"https:\/\/www.ub.edu\/gapp\/wp-json\/wp\/v2\/users\/3"}],"replies":[{"embeddable":true,"href":"https:\/\/www.ub.edu\/gapp\/wp-json\/wp\/v2\/comments?post=76"}],"version-history":[{"count":23,"href":"https:\/\/www.ub.edu\/gapp\/wp-json\/wp\/v2\/pages\/76\/revisions"}],"predecessor-version":[{"id":2311,"href":"https:\/\/www.ub.edu\/gapp\/wp-json\/wp\/v2\/pages\/76\/revisions\/2311"}],"up":[{"embeddable":true,"href":"https:\/\/www.ub.edu\/gapp\/wp-json\/wp\/v2\/pages\/84"}],"wp:attachment":[{"href":"https:\/\/www.ub.edu\/gapp\/wp-json\/wp\/v2\/media?parent=76"}],"curies":[{"name":"wp","href":"https:\/\/api.w.org\/{rel}","templated":true}]}}