{"id":179,"date":"2025-01-13T19:17:21","date_gmt":"2025-01-13T18:17:21","guid":{"rendered":"https:\/\/www.ub.edu\/gedis\/?page_id=179"},"modified":"2025-03-28T12:04:21","modified_gmt":"2025-03-28T11:04:21","slug":"sobre-gedis","status":"publish","type":"page","link":"https:\/\/www.ub.edu\/gedis\/ca\/sobre-gedis\/","title":{"rendered":"Sobre el projecte GEDIS"},"content":{"rendered":"\n<p>El <strong>projecte GEDIS<\/strong> (Diversitat de G\u00e8nere en Ci\u00e8ncies de la Informaci\u00f3: Reptes en l&#8217;Educaci\u00f3 Superior) \u00e9s una iniciativa innovadora d&#8217;Erasmus+ que reuneix un divers consorci d&#8217;universitats de tot Europa per promoure la diversitat de g\u00e8nere i la igualtat dins de l&#8217;\u00e0mbit de la Biblioteconomia i Ci\u00e8ncies de la Informaci\u00f3 (LIS, per les seves sigles en angl\u00e8s). <\/p>\n\n\n\n<p><strong>P\u00e0gina de resultats Erasmus+<\/strong>: <a href=\"https:\/\/erasmus-plus.ec.europa.eu\/projects\/search\/details\/2024-1-ES01-KA220-HED-000246558\">https:\/\/erasmus-plus.ec.europa.eu\/projects\/search\/details\/2024-1-ES01-KA220-HED-000246558<\/a>. Refer\u00e8ncia del projecte: 2024-1-ES01-KA220-HED-000246558<\/p>\n\n\n\n<p>Coordinat per la <strong><a href=\"https:\/\/www.ub.edu\/portal\/web\/informacio-mitjans-audiovisuals\/\" data-type=\"link\" data-id=\"https:\/\/www.ub.edu\/portal\/web\/informacio-mitjans-audiovisuals\/\">Universitat de Barcelona<\/a><\/strong> a Espanya, GEDIS representa un esfor\u00e7 col\u00b7laboratiu que inclou:<\/p>\n\n\n\n<ul class=\"wp-block-list\">\n<li><strong><a href=\"https:\/\/www.uni-hildesheim.de\/fb3\/\" target=\"_blank\" rel=\"noreferrer noopener nofollow\">Universit\u00e4t Hildesheim<\/a><\/strong> (Alemanya)<\/li>\n\n\n\n<li><strong><a href=\"https:\/\/www.fh-kaernten.at\/\" target=\"_blank\" rel=\"noreferrer noopener nofollow\">FH K\u00e4rnten \u2013 gemeinn\u00fctzige Gesellschaft mbH<\/a><\/strong> (Austria)<\/li>\n\n\n\n<li><strong><a href=\"https:\/\/ff.unsa.ba\/index.php\/bs\/\" data-type=\"link\" data-id=\"https:\/\/ff.unsa.ba\/index.php\/bs\/\" target=\"_blank\" rel=\"noreferrer noopener nofollow\">Univerzitet u Sarajevu<\/a><\/strong> (B\u00f2snia i Hercegovina)<\/li>\n\n\n\n<li><strong><a href=\"https:\/\/www.ffos.unios.hr\/en\/\" data-type=\"link\" data-id=\"https:\/\/www.ffos.unios.hr\/en\/\" target=\"_blank\" rel=\"noreferrer noopener nofollow\">Sveu\u010dili\u0161te Josipa Jurja Strossmayera u Osijeku<\/a><\/strong> (Cro\u00e0cia)<\/li>\n\n\n\n<li><strong><a href=\"https:\/\/www.unizd.hr\/cimmar\/involved-departments\/department-of-information-sciences\" data-type=\"link\" data-id=\"https:\/\/www.unizd.hr\/cimmar\/involved-departments\/department-of-information-sciences\" target=\"_blank\" rel=\"noreferrer noopener nofollow\">Sveuciliste u Zadru<\/a><\/strong> (Cro\u00e0cia)<\/li>\n\n\n\n<li><strong><a href=\"https:\/\/www.slu.cz\/fpf\/en\/institutelibrary\" data-type=\"link\" data-id=\"https:\/\/www.slu.cz\/fpf\/en\/institutelibrary\" target=\"_blank\" rel=\"noreferrer noopener nofollow\">Slezsk\u00e1 Univerzita v Opav\u011b<\/a><\/strong> (Rep\u00fablica Txeca)<\/li>\n<\/ul>\n\n\n\n<p>Aquesta associaci\u00f3 transnacional t\u00e9 com a objectiu com\u00fa integrar la diversitat de g\u00e8nere com a compet\u00e8ncia clau en l&#8217;educaci\u00f3 de LIS, fomentant la inclusi\u00f3 i promovent pr\u00e0ctiques d&#8217;ensenyament innovadores.<\/p>\n\n\n\n<h4 class=\"wp-block-heading\">Context i antecedents<\/h4>\n\n\n\n<p>El projecte GEDIS respon al creixent reconeixement de la desigualtat de g\u00e8nere en l&#8217;educaci\u00f3, les ind\u00fastries culturals i els entorns professionals. A l&#8217;educaci\u00f3 superior, la inclusi\u00f3 d&#8217;una perspectiva de g\u00e8nere ha estat reconeguda com un factor crucial per abordar les barreres sist\u00e8miques cap a la igualtat. Tot i els avan\u00e7os, la diversitat de g\u00e8nere continua estant infrarepresentada en molts plans d&#8217;estudi universitaris, especialment en LIS, on els professionals exerceixen un paper crucial en la conformaci\u00f3 d&#8217;actituds socials a trav\u00e9s de la gesti\u00f3 de la informaci\u00f3 i la comunicaci\u00f3.<\/p>\n\n\n\n<p>El projecte es basa en l&#8217;\u00e8xit de la iniciativa <strong>GENDIMS<\/strong>, un esfor\u00e7 a petita escala llan\u00e7at per la Universitat de Barcelona l&#8217;any 2021. Ampliant el seu abast a un context internacional, GEDIS aprofita l&#8217;expertesa col\u00b7lectiva dels seus socis per impulsar un canvi significatiu en l&#8217;ensenyament, l&#8217;aprenentatge i la pr\u00e0ctica professional.<\/p>\n\n\n\n<h4 class=\"wp-block-heading\">Objectius<\/h4>\n\n\n\n<p>GEDIS est\u00e0 guiat pels seg\u00fcent objectius clau:<\/p>\n\n\n\n<ol start=\"1\" class=\"wp-block-list\">\n<li><strong>Integrar la diversitat de g\u00e8nere en els plans d&#8217;estudi de LIS:<\/strong> El projecte busca augmentar la consci\u00e8ncia i la comprensi\u00f3 dels problemes de g\u00e8nere entre estudiants, docents i bibliotecaris, fomentant pr\u00e0ctiques d&#8217;ensenyament m\u00e9s inclusives.<\/li>\n\n\n\n<li><strong>Desenvolupar eines i recursos pr\u00e0ctics:<\/strong> GEDIS t\u00e9 com a objectiu crear materials educatius oberts, incloent manuals i estudis de cas, que donin suport a la integraci\u00f3 de perspectives de g\u00e8nere en l&#8217;educaci\u00f3.<\/li>\n\n\n\n<li><strong>Promoure la col\u00b7laboraci\u00f3 i les xarxes:<\/strong> Reunint educadors, investigadors i bibliotecaris de diferents entorns culturals i educatius, el projecte fomenta una comunitat d&#8217;aprenentatge vibrant centrada en la igualtat de g\u00e8nere.<\/li>\n\n\n\n<li><strong>Garantir un impacte a llarg termini:<\/strong> Les activitats del projecte estan dissenyades per crear un canvi sostenible, equipant els participants amb les habilitats i coneixements necessaris per continuar avan\u00e7ant en la diversitat de g\u00e8nere m\u00e9s enll\u00e0 de la durada del projecte.<\/li>\n<\/ol>\n\n\n\n<h4 class=\"wp-block-heading\">Activitats i metodologia<\/h4>\n\n\n\n<p>El projecte GEDIS utilitza un enfocament integral que combina investigaci\u00f3, formaci\u00f3 i col\u00b7laboraci\u00f3:<\/p>\n\n\n\n<ul class=\"wp-block-list\">\n<li><strong>An\u00e0lisi curricular:<\/strong> El projecte comen\u00e7a amb una revisi\u00f3 detallada dels plans d&#8217;estudi existents de LIS a les institucions associades per identificar bretxes i oportunitats per integrar la diversitat de g\u00e8nere.<\/li>\n\n\n\n<li><strong>Consultes amb experts i grups focals:<\/strong> Les opinions d&#8217;experts, estudiants i professors informaran el desenvolupament d&#8217;estrat\u00e8gies i materials d&#8217;ensenyament.<\/li>\n\n\n\n<li><strong>Tallers de formaci\u00f3:<\/strong> El personal docent i els bibliotecaris participaran en tallers interactius per millorar la seva comprensi\u00f3 dels m\u00e8todes d&#8217;ensenyament i comunicaci\u00f3 sensibles al g\u00e8nere.<\/li>\n\n\n\n<li><strong>Desenvolupament de materials educatius:<\/strong> GEDIS produir\u00e0 recursos d&#8217;acc\u00e9s obert, incloent tres manuals dirigits a estudiants, professors i bibliotecaris, juntament amb un joc educatiu per promoure l&#8217;aprenentatge actiu.<\/li>\n\n\n\n<li><strong>Participaci\u00f3 estudiantil:<\/strong> Les escoles d&#8217;estiu i activitats col\u00b7laboratives empoderaran els estudiants per convertir-se en participants actius en la promoci\u00f3 de la igualtat de g\u00e8nere dins de les seves institucions.<\/li>\n\n\n\n<li><strong>Esdeveniments de difusi\u00f3:<\/strong> Els esdeveniments multiplicadors i confer\u00e8ncies mostraran els resultats del projecte, fomentant una adopci\u00f3 m\u00e9s \u00e0mplia de les seves troballes i eines.<\/li>\n<\/ul>\n\n\n\n<h4 class=\"wp-block-heading\">Resultats i impacte esperats<\/h4>\n\n\n\n<p>El projecte GEDIS preveu un impacte transformador en els paisatges acad\u00e8mics i professionals de LIS. Els principals resultats inclouen:<\/p>\n\n\n\n<ul class=\"wp-block-list\">\n<li><strong>Major sensibilitat de g\u00e8nere:<\/strong> Els estudiants, professors i bibliotecaris obtindran una major consci\u00e8ncia i comprensi\u00f3 dels problemes de g\u00e8nere, permetent-los abordar les desigualtats en els seus camps.<\/li>\n\n\n\n<li><strong>Pr\u00e0ctiques d&#8217;ensenyament millorades:<\/strong> Integrant la diversitat de g\u00e8nere en els plans d&#8217;estudi, el projecte ajudar\u00e0 els educadors a crear entorns d&#8217;aprenentatge m\u00e9s inclusius i equitatius.<\/li>\n\n\n\n<li><strong>Col\u00b7laboraci\u00f3 enfortida:<\/strong> La xarxa internacional entre socis fomentar\u00e0 l&#8217;intercanvi d&#8217;idees i bones pr\u00e0ctiques, enriquint l&#8217;experi\u00e8ncia educativa per a tots els participants.<\/li>\n\n\n\n<li><strong>Recursos sostenibles:<\/strong> Els materials educatius oberts desenvolupats a trav\u00e9s de GEDIS romandran accessibles, donant suport a esfor\u00e7os a llarg termini per promoure la diversitat de g\u00e8nere en l&#8217;educaci\u00f3 i m\u00e9s enll\u00e0.<\/li>\n<\/ul>\n\n\n\n<h4 class=\"wp-block-heading\">Beneficis a llarg termini<\/h4>\n\n\n\n<p>El projecte GEDIS t\u00e9 com a objectiu crear un efecte domin\u00f3 que s&#8217;estengui molt m\u00e9s enll\u00e0 de la durada del projecte. Integrant la diversitat de g\u00e8nere com un element central de l&#8217;educaci\u00f3 de LIS, el projecte prepara els estudiants per desafiar pr\u00e0ctiques discriminat\u00f2ries i contribuir a una societat m\u00e9s equitativa. El seu \u00e8mfasi en la col\u00b7laboraci\u00f3 i la innovaci\u00f3 assegura que les eines i estrat\u00e8gies desenvolupades continu\u00efn inspirant a educadors i professionals a tota Europa i m\u00e9s enll\u00e0.<\/p>\n\n\n\n<p>En abordar els reptes de la desigualtat de g\u00e8nere d&#8217;una manera integral i col\u00b7laborativa, GEDIS no nom\u00e9s recolza els objectius del programa Erasmus+, sin\u00f3 que tamb\u00e9 refor\u00e7a el paper de l&#8217;educaci\u00f3 superior com a motor de canvi social i inclusi\u00f3. El llegat del projecte ser\u00e0 una comunitat acad\u00e8mica i professional m\u00e9s inclusiva, equitativa i amb visi\u00f3 de futur.<\/p>\n\n\n\n<figure class=\"wp-block-image size-full\"><img loading=\"lazy\" decoding=\"async\" width=\"1024\" height=\"947\" src=\"https:\/\/www.ub.edu\/gedis\/wp-content\/uploads\/2025\/03\/image-7.png\" alt=\"Sobre el projecte GEDIS\" class=\"wp-image-679\" srcset=\"https:\/\/www.ub.edu\/gedis\/wp-content\/uploads\/2025\/03\/image-7.png 1024w, https:\/\/www.ub.edu\/gedis\/wp-content\/uploads\/2025\/03\/image-7-300x277.png 300w, https:\/\/www.ub.edu\/gedis\/wp-content\/uploads\/2025\/03\/image-7-768x710.png 768w\" sizes=\"auto, (max-width: 1024px) 100vw, 1024px\" \/><\/figure>\n","protected":false},"excerpt":{"rendered":"<p>El projecte GEDIS (Diversitat de G\u00e8nere en Ci\u00e8ncies de la Informaci\u00f3: Reptes en l&#8217;Educaci\u00f3 Superior) \u00e9s una iniciativa innovadora d&#8217;Erasmus+ &hellip; <\/p>\n","protected":false},"author":1,"featured_media":678,"parent":0,"menu_order":0,"comment_status":"closed","ping_status":"closed","template":"","meta":{"footnotes":""},"class_list":["post-179","page","type-page","status-publish","has-post-thumbnail","hentry","latest_post"],"yoast_head":"<!-- This site is optimized with the Yoast SEO plugin v26.2 - https:\/\/yoast.com\/wordpress\/plugins\/seo\/ -->\n<title>Sobre el projecte GEDIS - Gender Diversity in Information Science<\/title>\n<meta name=\"robots\" content=\"index, follow, max-snippet:-1, max-image-preview:large, max-video-preview:-1\" \/>\n<link rel=\"canonical\" href=\"https:\/\/www.ub.edu\/gedis\/ca\/sobre-gedis\/\" \/>\n<meta property=\"og:locale\" content=\"en_GB\" \/>\n<meta property=\"og:type\" content=\"article\" \/>\n<meta property=\"og:title\" content=\"Sobre el projecte GEDIS - Gender Diversity in Information Science\" \/>\n<meta property=\"og:description\" content=\"El projecte GEDIS (Diversitat de G\u00e8nere en Ci\u00e8ncies de la Informaci\u00f3: Reptes en l&#8217;Educaci\u00f3 Superior) \u00e9s una iniciativa innovadora d&#8217;Erasmus+ &hellip;\" \/>\n<meta property=\"og:url\" content=\"https:\/\/www.ub.edu\/gedis\/ca\/sobre-gedis\/\" \/>\n<meta property=\"og:site_name\" content=\"Gender Diversity in Information Science\" \/>\n<meta property=\"article:modified_time\" content=\"2025-03-28T11:04:21+00:00\" \/>\n<meta property=\"og:image\" content=\"https:\/\/www.ub.edu\/gedis\/wp-content\/uploads\/2025\/03\/image-6.png\" \/>\n\t<meta property=\"og:image:width\" content=\"837\" \/>\n\t<meta property=\"og:image:height\" content=\"458\" \/>\n\t<meta property=\"og:image:type\" content=\"image\/png\" \/>\n<meta name=\"twitter:card\" content=\"summary_large_image\" \/>\n<meta name=\"twitter:label1\" content=\"Estimated reading time\" \/>\n\t<meta name=\"twitter:data1\" content=\"5 minutes\" \/>\n<script type=\"application\/ld+json\" class=\"yoast-schema-graph\">{\"@context\":\"https:\/\/schema.org\",\"@graph\":[{\"@type\":\"WebPage\",\"@id\":\"https:\/\/www.ub.edu\/gedis\/ca\/sobre-gedis\/\",\"url\":\"https:\/\/www.ub.edu\/gedis\/ca\/sobre-gedis\/\",\"name\":\"Sobre el projecte GEDIS - Gender Diversity in Information Science\",\"isPartOf\":{\"@id\":\"https:\/\/www.ub.edu\/gedis\/#website\"},\"primaryImageOfPage\":{\"@id\":\"https:\/\/www.ub.edu\/gedis\/ca\/sobre-gedis\/#primaryimage\"},\"image\":{\"@id\":\"https:\/\/www.ub.edu\/gedis\/ca\/sobre-gedis\/#primaryimage\"},\"thumbnailUrl\":\"https:\/\/www.ub.edu\/gedis\/wp-content\/uploads\/2025\/03\/image-6.png\",\"datePublished\":\"2025-01-13T18:17:21+00:00\",\"dateModified\":\"2025-03-28T11:04:21+00:00\",\"breadcrumb\":{\"@id\":\"https:\/\/www.ub.edu\/gedis\/ca\/sobre-gedis\/#breadcrumb\"},\"inLanguage\":\"en-GB\",\"potentialAction\":[{\"@type\":\"ReadAction\",\"target\":[\"https:\/\/www.ub.edu\/gedis\/ca\/sobre-gedis\/\"]}]},{\"@type\":\"ImageObject\",\"inLanguage\":\"en-GB\",\"@id\":\"https:\/\/www.ub.edu\/gedis\/ca\/sobre-gedis\/#primaryimage\",\"url\":\"https:\/\/www.ub.edu\/gedis\/wp-content\/uploads\/2025\/03\/image-6.png\",\"contentUrl\":\"https:\/\/www.ub.edu\/gedis\/wp-content\/uploads\/2025\/03\/image-6.png\",\"width\":837,\"height\":458,\"caption\":\"Sobre el projecte GEDIS\"},{\"@type\":\"BreadcrumbList\",\"@id\":\"https:\/\/www.ub.edu\/gedis\/ca\/sobre-gedis\/#breadcrumb\",\"itemListElement\":[{\"@type\":\"ListItem\",\"position\":1,\"name\":\"Home\",\"item\":\"https:\/\/www.ub.edu\/gedis\/\"},{\"@type\":\"ListItem\",\"position\":2,\"name\":\"Sobre el projecte GEDIS\"}]},{\"@type\":\"WebSite\",\"@id\":\"https:\/\/www.ub.edu\/gedis\/#website\",\"url\":\"https:\/\/www.ub.edu\/gedis\/\",\"name\":\"Gender Diversity in Information Science\",\"description\":\"Challenges in Higher Education\",\"publisher\":{\"@id\":\"https:\/\/www.ub.edu\/gedis\/#organization\"},\"potentialAction\":[{\"@type\":\"SearchAction\",\"target\":{\"@type\":\"EntryPoint\",\"urlTemplate\":\"https:\/\/www.ub.edu\/gedis\/?s={search_term_string}\"},\"query-input\":{\"@type\":\"PropertyValueSpecification\",\"valueRequired\":true,\"valueName\":\"search_term_string\"}}],\"inLanguage\":\"en-GB\"},{\"@type\":\"Organization\",\"@id\":\"https:\/\/www.ub.edu\/gedis\/#organization\",\"name\":\"Gender Diversity in Information Science\",\"url\":\"https:\/\/www.ub.edu\/gedis\/\",\"logo\":{\"@type\":\"ImageObject\",\"inLanguage\":\"en-GB\",\"@id\":\"https:\/\/www.ub.edu\/gedis\/#\/schema\/logo\/image\/\",\"url\":\"https:\/\/www.ub.edu\/gedis\/wp-content\/uploads\/2025\/01\/cropped-logo_blau_150x150.png\",\"contentUrl\":\"https:\/\/www.ub.edu\/gedis\/wp-content\/uploads\/2025\/01\/cropped-logo_blau_150x150.png\",\"width\":145,\"height\":145,\"caption\":\"Gender Diversity in Information Science\"},\"image\":{\"@id\":\"https:\/\/www.ub.edu\/gedis\/#\/schema\/logo\/image\/\"}}]}<\/script>\n<!-- \/ Yoast SEO plugin. -->","yoast_head_json":{"title":"Sobre el projecte GEDIS - Gender Diversity in Information Science","robots":{"index":"index","follow":"follow","max-snippet":"max-snippet:-1","max-image-preview":"max-image-preview:large","max-video-preview":"max-video-preview:-1"},"canonical":"https:\/\/www.ub.edu\/gedis\/ca\/sobre-gedis\/","og_locale":"en_GB","og_type":"article","og_title":"Sobre el projecte GEDIS - Gender Diversity in Information Science","og_description":"El projecte GEDIS (Diversitat de G\u00e8nere en Ci\u00e8ncies de la Informaci\u00f3: Reptes en l&#8217;Educaci\u00f3 Superior) \u00e9s una iniciativa innovadora d&#8217;Erasmus+ &hellip;","og_url":"https:\/\/www.ub.edu\/gedis\/ca\/sobre-gedis\/","og_site_name":"Gender Diversity in Information Science","article_modified_time":"2025-03-28T11:04:21+00:00","og_image":[{"width":837,"height":458,"url":"https:\/\/www.ub.edu\/gedis\/wp-content\/uploads\/2025\/03\/image-6.png","type":"image\/png"}],"twitter_card":"summary_large_image","twitter_misc":{"Estimated reading time":"5 minutes"},"schema":{"@context":"https:\/\/schema.org","@graph":[{"@type":"WebPage","@id":"https:\/\/www.ub.edu\/gedis\/ca\/sobre-gedis\/","url":"https:\/\/www.ub.edu\/gedis\/ca\/sobre-gedis\/","name":"Sobre el projecte GEDIS - Gender Diversity in Information Science","isPartOf":{"@id":"https:\/\/www.ub.edu\/gedis\/#website"},"primaryImageOfPage":{"@id":"https:\/\/www.ub.edu\/gedis\/ca\/sobre-gedis\/#primaryimage"},"image":{"@id":"https:\/\/www.ub.edu\/gedis\/ca\/sobre-gedis\/#primaryimage"},"thumbnailUrl":"https:\/\/www.ub.edu\/gedis\/wp-content\/uploads\/2025\/03\/image-6.png","datePublished":"2025-01-13T18:17:21+00:00","dateModified":"2025-03-28T11:04:21+00:00","breadcrumb":{"@id":"https:\/\/www.ub.edu\/gedis\/ca\/sobre-gedis\/#breadcrumb"},"inLanguage":"en-GB","potentialAction":[{"@type":"ReadAction","target":["https:\/\/www.ub.edu\/gedis\/ca\/sobre-gedis\/"]}]},{"@type":"ImageObject","inLanguage":"en-GB","@id":"https:\/\/www.ub.edu\/gedis\/ca\/sobre-gedis\/#primaryimage","url":"https:\/\/www.ub.edu\/gedis\/wp-content\/uploads\/2025\/03\/image-6.png","contentUrl":"https:\/\/www.ub.edu\/gedis\/wp-content\/uploads\/2025\/03\/image-6.png","width":837,"height":458,"caption":"Sobre el projecte GEDIS"},{"@type":"BreadcrumbList","@id":"https:\/\/www.ub.edu\/gedis\/ca\/sobre-gedis\/#breadcrumb","itemListElement":[{"@type":"ListItem","position":1,"name":"Home","item":"https:\/\/www.ub.edu\/gedis\/"},{"@type":"ListItem","position":2,"name":"Sobre el projecte GEDIS"}]},{"@type":"WebSite","@id":"https:\/\/www.ub.edu\/gedis\/#website","url":"https:\/\/www.ub.edu\/gedis\/","name":"Gender Diversity in Information Science","description":"Challenges in Higher Education","publisher":{"@id":"https:\/\/www.ub.edu\/gedis\/#organization"},"potentialAction":[{"@type":"SearchAction","target":{"@type":"EntryPoint","urlTemplate":"https:\/\/www.ub.edu\/gedis\/?s={search_term_string}"},"query-input":{"@type":"PropertyValueSpecification","valueRequired":true,"valueName":"search_term_string"}}],"inLanguage":"en-GB"},{"@type":"Organization","@id":"https:\/\/www.ub.edu\/gedis\/#organization","name":"Gender Diversity in Information Science","url":"https:\/\/www.ub.edu\/gedis\/","logo":{"@type":"ImageObject","inLanguage":"en-GB","@id":"https:\/\/www.ub.edu\/gedis\/#\/schema\/logo\/image\/","url":"https:\/\/www.ub.edu\/gedis\/wp-content\/uploads\/2025\/01\/cropped-logo_blau_150x150.png","contentUrl":"https:\/\/www.ub.edu\/gedis\/wp-content\/uploads\/2025\/01\/cropped-logo_blau_150x150.png","width":145,"height":145,"caption":"Gender Diversity in Information Science"},"image":{"@id":"https:\/\/www.ub.edu\/gedis\/#\/schema\/logo\/image\/"}}]}},"_links":{"self":[{"href":"https:\/\/www.ub.edu\/gedis\/wp-json\/wp\/v2\/pages\/179","targetHints":{"allow":["GET"]}}],"collection":[{"href":"https:\/\/www.ub.edu\/gedis\/wp-json\/wp\/v2\/pages"}],"about":[{"href":"https:\/\/www.ub.edu\/gedis\/wp-json\/wp\/v2\/types\/page"}],"author":[{"embeddable":true,"href":"https:\/\/www.ub.edu\/gedis\/wp-json\/wp\/v2\/users\/1"}],"replies":[{"embeddable":true,"href":"https:\/\/www.ub.edu\/gedis\/wp-json\/wp\/v2\/comments?post=179"}],"version-history":[{"count":7,"href":"https:\/\/www.ub.edu\/gedis\/wp-json\/wp\/v2\/pages\/179\/revisions"}],"predecessor-version":[{"id":707,"href":"https:\/\/www.ub.edu\/gedis\/wp-json\/wp\/v2\/pages\/179\/revisions\/707"}],"wp:featuredmedia":[{"embeddable":true,"href":"https:\/\/www.ub.edu\/gedis\/wp-json\/wp\/v2\/media\/678"}],"wp:attachment":[{"href":"https:\/\/www.ub.edu\/gedis\/wp-json\/wp\/v2\/media?parent=179"}],"curies":[{"name":"wp","href":"https:\/\/api.w.org\/{rel}","templated":true}]}}