{"id":275,"date":"2025-01-13T20:35:42","date_gmt":"2025-01-13T19:35:42","guid":{"rendered":"https:\/\/www.ub.edu\/gedis\/?page_id=275"},"modified":"2025-04-18T09:28:50","modified_gmt":"2025-04-18T07:28:50","slug":"cile-projektu","status":"publish","type":"page","link":"https:\/\/www.ub.edu\/gedis\/cs\/cile-projektu\/","title":{"rendered":"C\u00edle projektu"},"content":{"rendered":"\n<h3 class=\"wp-block-heading has-medium-font-size\"><strong>Projekt GEDIS: Podpora genderov\u00e9 diverzity ve vysoko\u0161kolsk\u00e9m vzd\u011bl\u00e1v\u00e1n\u00ed<\/strong><\/h3>\n\n\n\n<p><strong>Projekt GEDIS<\/strong> (Gender Diversity in Information Science: Challenges in Higher Education) se zam\u011b\u0159uje na v\u011bt\u0161\u00ed inkluzivitu vysoko\u0161kolsk\u00e9ho vzd\u011bl\u00e1v\u00e1n\u00ed prost\u0159ednictv\u00edm podpory genderov\u00e9 diverzity. Jeho c\u00edlem je zlep\u0161it zp\u016fsob v\u00fduky a ch\u00e1p\u00e1n\u00ed genderov\u00e9 problematiky v oblasti knihovnictv\u00ed a informa\u010dn\u00ed v\u011bdy (LIS). Projekt propojuje my\u0161lenky z oblasti LIS a genderov\u00fdch studi\u00ed s c\u00edlem podpo\u0159it vhodn\u011bj\u0161\u00ed metody v\u00fduky a u\u010den\u00ed.<\/p>\n\n\n\n<p><\/p>\n\n\n\n<p class=\"has-medium-font-size\"><strong>C\u00edle a v\u00fdsledky<\/strong><\/p>\n\n\n\n<p>Projekt GEDIS m\u00e1 dva hlavn\u00ed c\u00edle:<\/p>\n\n\n\n<p>1. <strong>Pochopit, jak je genderov\u00e1 diverzita zahrnuta do vzd\u011bl\u00e1v\u00e1n\u00ed v oblasti LIS<\/strong> v sedmi r\u016fzn\u00fdch zem\u00edch. To zahrnuje zji\u0161t\u011bn\u00ed, co o tomto t\u00e9matu soud\u00ed studenstvo, vyu\u010duj\u00edc\u00ed a knihovny.<\/p>\n\n\n\n<p>2. <strong>Vytvo\u0159it u\u017eite\u010dn\u00e9 n\u00e1stroje a zdroje<\/strong>, kter\u00e9 pomohou za\u010dlenit genderovou diverzitu do univerzitn\u00edch kurz\u016f. D\u00edky t\u011bmto n\u00e1stroj\u016fm bude v\u00fduka inkluzivn\u011bj\u0161\u00ed a spravedliv\u011bj\u0161\u00ed pro v\u0161echny.<\/p>\n\n\n\n<p><\/p>\n\n\n\n<p>V r\u00e1mci t\u011bchto c\u00edl\u016f projekt:<\/p>\n\n\n\n<p>\u00b7 p\u0159ezkoum\u00e1 st\u00e1vaj\u00edc\u00ed v\u00fdukov\u00e9 pl\u00e1ny a zjist\u00ed, do jak\u00e9 m\u00edry se zam\u011b\u0159uj\u00ed na genderovou rozmanitost,<\/p>\n\n\n\n<p>\u00b7 zam\u011b\u0159\u00ed se na zku\u0161enosti studuj\u00edc\u00edch, vyu\u010duj\u00edc\u00edch a knihoven s genderovou diverzitou ve v\u00fduce,<\/p>\n\n\n\n<p>\u00b7 vyhled\u00e1 p\u0159\u00edklady osv\u011bd\u010den\u00fdch v\u00fdukov\u00fdch postup\u016f, kter\u00e9 zahrnuj\u00ed genderovou rozmanitost,<\/p>\n\n\n\n<p>\u00b7 vypracuje t\u0159i sady n\u00e1stroj\u016f s v\u00fdukov\u00fdmi materi\u00e1ly pro studuj\u00edc\u00ed, vyu\u010duj\u00edc\u00ed a knihovny. Ty budou obsahovat p\u0159\u00edklady, p\u0159\u00edpadov\u00e9 studie a aktivity, kter\u00e9 v\u0161em pomohou pochopit a aplikovat genderovou diverzitu ve vzd\u011bl\u00e1v\u00e1n\u00ed.<\/p>\n\n\n\n<p>V r\u00e1mci projektu vzniknou v\u00fdzkumn\u00e9 zpr\u00e1vy, \u0161kolen\u00ed, odborn\u00e9 \u010dl\u00e1nky a vzd\u011bl\u00e1vac\u00ed n\u00e1stroje. Tyto zdroje budou voln\u011b dostupn\u00e9 online pod otev\u0159enou licenc\u00ed, tak\u017ee je bude moci kdokoli pou\u017e\u00edt a dle sv\u00fdch pot\u0159eb upravit.<\/p>\n\n\n\n<p><\/p>\n\n\n\n<p class=\"has-medium-font-size\"><strong>Jak projekt napl\u0148uje kl\u00ed\u010dov\u00e9 priority<\/strong><\/p>\n\n\n\n<p><strong>Priorita 1: Budov\u00e1n\u00ed inkluzivn\u00edch syst\u00e9m\u016f vysoko\u0161kolsk\u00e9ho vzd\u011bl\u00e1v\u00e1n\u00ed<\/strong><\/p>\n\n\n\n<p>Projekt GEDIS pom\u00e1h\u00e1 vytv\u00e1\u0159et inkluzivn\u011bj\u0161\u00ed univerzitn\u00ed prost\u0159ed\u00ed prost\u0159ednictv\u00edm:<\/p>\n\n\n\n<p>\u00b7 anal\u00fdzy aktu\u00e1ln\u00edch v\u00fdukov\u00fdch pl\u00e1n\u016f s c\u00edlem naj\u00edt oblasti, kter\u00e9 je t\u0159eba zlep\u0161it,<\/p>\n\n\n\n<p>\u00b7 focus groups se studenstvem, vyu\u010duj\u00edc\u00edmi a dal\u0161\u00edmi odborn\u00edky s c\u00edlem shrom\u00e1\u017edit n\u00e1pady na lep\u0161\u00ed v\u00fdukov\u00e9 postupy,<\/p>\n\n\n\n<p>\u00b7 podpory spolupr\u00e1ce s knihovnami, aby se staly kl\u00ed\u010dov\u00fdmi akt\u00e9ry p\u0159i prosazov\u00e1n\u00ed genderov\u00e9 diverzity ve vzd\u011bl\u00e1v\u00e1n\u00ed,<\/p>\n\n\n\n<p>\u00b7 letn\u00edch \u0161kol pro studuj\u00edc\u00ed a dal\u0161\u00ed akce pro vyu\u010duj\u00edc\u00ed s c\u00edlem sd\u00edlet znalosti a dovednosti z t\u00e9to oblasti.<\/p>\n\n\n\n<p>T\u00edm, \u017ee se GEDIS zam\u011b\u0159uje na rozmanitost a rovnost, p\u0159isp\u00edv\u00e1 k c\u00edli Evropsk\u00e9 unie u\u010dinit vzd\u011bl\u00e1vac\u00ed syst\u00e9my spravedliv\u011bj\u0161\u00edmi a otev\u0159en\u011bj\u0161\u00edmi.<\/p>\n\n\n\n<p><strong>Priorita 2: Podpora inovativn\u00edch u\u010debn\u00edch a v\u00fdukov\u00fdch postup\u016f<\/strong><\/p>\n\n\n\n<p>Projekt GEDIS podporuje nov\u00e9 zp\u016fsoby v\u00fduky a u\u010den\u00ed t\u00edm, \u017ee:<\/p>\n\n\n\n<p>\u00b7 vyu\u017eije n\u00e1stroje LIS ke studiu genderov\u00fdch ot\u00e1zek, nap\u0159\u00edklad se zam\u011b\u0159\u00ed na to, jak \u010dasto jsou \u017eeny citov\u00e1ny v akademick\u00fdch zdroj\u00edch, nebo jak se na internetu \u0161\u00ed\u0159\u00ed nen\u00e1vistn\u00e9 projevy na z\u00e1klad\u011b gender,<\/p>\n\n\n\n<p>\u00b7 vytvo\u0159\u00ed interaktivn\u00ed vzd\u011bl\u00e1vac\u00ed materi\u00e1ly, nap\u0159\u00edklad hry, aby byla v\u00fduka genderov\u00e9 rozmanitosti poutav\u011bj\u0161\u00ed,<\/p>\n\n\n\n<p>\u00b7 podpo\u0159\u00ed vyu\u010duj\u00edc\u00ed, aby do sv\u00fdch kurz\u016f zahrnuli genderov\u00e1 t\u00e9mata s vyu\u017eit\u00edm modern\u00edch v\u00fdukov\u00fdch metod,<\/p>\n\n\n\n<p>\u00b7 nab\u00eddne zdroje, kter\u00e9 vyu\u017e\u00edvaj\u00ed digit\u00e1ln\u00ed n\u00e1stroje a software s otev\u0159en\u00fdm zdrojov\u00fdm k\u00f3dem, d\u00edky \u010demu\u017e jsou snadno dostupn\u00e9 a p\u0159izp\u016fsobiteln\u00e9.<\/p>\n\n\n\n<p>Tyto aktivity pom\u00e1haj\u00ed studentstvu i vyu\u010duj\u00edc\u00edm kriticky p\u0159em\u00fd\u0161let o genderov\u00e9 rozmanitosti a p\u0159in\u00e1\u0161ej\u00ed do v\u00fduky nov\u00e9 podn\u011bty.<\/p>\n\n\n\n<p><\/p>\n\n\n\n<p class=\"has-medium-font-size\"><strong>Pro\u010d je GEDIS d\u016fle\u017eit\u00fd<\/strong><\/p>\n\n\n\n<p>Genderov\u00e1 nerovnost je st\u00e1le velk\u00fdm probl\u00e9mem v mnoha oblastech, v\u010detn\u011b kulturn\u00edho pr\u016fmyslu a informa\u010dn\u00edch odv\u011btv\u00ed. \u017deny a minoritn\u00ed skupiny \u010dasto \u010del\u00ed p\u0159ek\u00e1\u017ek\u00e1m, kter\u00e9 jim br\u00e1n\u00ed v plnohodnotn\u00e9m zapojen\u00ed a uzn\u00e1n\u00ed. Univerzity mohou pomoci tyto probl\u00e9my \u0159e\u0161it t\u00edm, \u017ee nau\u010d\u00ed studenstvo uv\u011bdomovat si nespravedliv\u00e9 syst\u00e9my a vyz\u00fdvat spole\u010dnost ke zm\u011bn\u011b.<\/p>\n\n\n\n<p>Projekt GEDIS navazuje na \u00fasp\u011bch men\u0161\u00ed iniciativy s n\u00e1zvem <strong>GENDIMS<\/strong>, kter\u00e1 byla zah\u00e1jena na Barcelonsk\u00e9 univerzit\u011b v roce 2021. Projekt GENDIMS uk\u00e1zal, jak m\u016f\u017ee p\u0159id\u00e1n\u00ed genderov\u00e9 perspektivy do v\u00fdukov\u00fdch pl\u00e1n\u016f zlep\u0161it vzd\u011bl\u00e1v\u00e1n\u00ed. Nyn\u00ed GEDIS roz\u0161i\u0159uje tuto my\u0161lenku do dal\u0161\u00edch zem\u00ed a vytv\u00e1\u0159\u00ed s\u00ed\u0165 univerzit, kter\u00e9 spolupracuj\u00ed na podpo\u0159e genderov\u00e9 rozmanitosti ve v\u00fduce.<\/p>\n\n\n\n<p><\/p>\n\n\n\n<p class=\"has-medium-font-size\"><strong>Kl\u00ed\u010dov\u00e1 t\u00e9mata<\/strong><\/p>\n\n\n\n<p>Projekt GEDIS se zam\u011b\u0159uje na t\u0159i hlavn\u00ed tematick\u00e9 oblasti.<\/p>\n\n\n\n<p>\u00b7 <strong>Podpora genderov\u00e9 rovnosti<\/strong>: zlep\u0161en\u00edm zp\u016fsobu, jak\u00fdm je gender zahrnut do vzd\u011bl\u00e1v\u00e1n\u00ed v oblasti LIS.<\/p>\n\n\n\n<p>\u00b7 <strong>Inkluze a nediskriminace<\/strong>: zapojen\u00edm r\u016fzn\u00fdch skupin do projektu a naslouch\u00e1n\u00edm jejich podn\u011bt\u016fm.<\/p>\n\n\n\n<p>\u00b7 <strong>Rovnost pro LGBTQ+<\/strong>: otev\u00edr\u00e1n\u00edm ot\u00e1zek, kter\u00e9 se t\u00fdkaj\u00ed LGBTQ+ osob ve vzd\u011bl\u00e1v\u00e1n\u00ed a ve spole\u010dnosti.<\/p>\n\n\n\n<p><\/p>\n\n\n\n<p class=\"has-medium-font-size\"><strong>Dlouhodob\u00fd dopad projektu<\/strong><\/p>\n\n\n\n<p>Projektu GEDIS usiluje o dosa\u017een\u00ed trval\u00fdch zm\u011bn t\u00edm, \u017ee:<\/p>\n\n\n\n<p>\u00b7 u\u010d\u00ed studuj\u00edc\u00ed kriticky p\u0159em\u00fd\u0161let o genderov\u00fdch ot\u00e1zk\u00e1ch a aktivn\u011b jednat proti diskriminaci,<\/p>\n\n\n\n<p>\u00b7 poskytuje vyu\u010duj\u00edc\u00edm a knihovn\u00e1m n\u00e1stroje, kter\u00e9 pot\u0159ebuj\u00ed k podpo\u0159e genderov\u00e9 rozmanitosti ve sv\u00e9 pr\u00e1ci,<\/p>\n\n\n\n<p>\u00b7 vytv\u00e1\u0159\u00ed otev\u0159en\u00e9 zdroje, kter\u00e9 lze vyu\u017e\u00edt v mnoha r\u016fzn\u00fdch vzd\u011bl\u00e1vac\u00edch prost\u0159ed\u00edch.<\/p>\n\n\n\n<p>Podporou t\u00fdmov\u00e9 pr\u00e1ce nap\u0159\u00ed\u010d r\u016fzn\u00fdmi zem\u011bmi a obory pom\u00e1h\u00e1 GEDIS budovat rovn\u011bj\u0161\u00ed a inkluzivn\u011bj\u0161\u00ed syst\u00e9m vysoko\u0161kolsk\u00e9ho vzd\u011bl\u00e1v\u00e1n\u00ed. Podporuje rozvoj spravedliv\u011bj\u0161\u00edch v\u00fdukov\u00fdch postup\u016f a p\u0159ipravuje studentky a studenty na vytv\u00e1\u0159en\u00ed lep\u0161\u00ed a spravedliv\u011bj\u0161\u00ed spole\u010dnosti.<\/p>\n","protected":false},"excerpt":{"rendered":"<p>Projekt GEDIS: Podpora genderov\u00e9 diverzity ve vysoko\u0161kolsk\u00e9m vzd\u011bl\u00e1v\u00e1n\u00ed Projekt GEDIS (Gender Diversity in Information Science: Challenges in Higher Education) se &hellip; <\/p>\n","protected":false},"author":1,"featured_media":980,"parent":0,"menu_order":0,"comment_status":"closed","ping_status":"closed","template":"","meta":{"footnotes":""},"class_list":["post-275","page","type-page","status-publish","has-post-thumbnail","hentry","latest_post"],"yoast_head":"<!-- This site is optimized with the Yoast SEO plugin v26.2 - https:\/\/yoast.com\/wordpress\/plugins\/seo\/ -->\n<title>C\u00edle projektu - Gender Diversity in Information Science<\/title>\n<meta name=\"robots\" content=\"index, follow, max-snippet:-1, max-image-preview:large, max-video-preview:-1\" \/>\n<link rel=\"canonical\" href=\"https:\/\/www.ub.edu\/gedis\/cs\/cile-projektu\/\" \/>\n<meta property=\"og:locale\" content=\"en_GB\" \/>\n<meta property=\"og:type\" content=\"article\" \/>\n<meta property=\"og:title\" content=\"C\u00edle projektu - Gender Diversity in Information Science\" \/>\n<meta property=\"og:description\" content=\"Projekt GEDIS: Podpora genderov\u00e9 diverzity ve vysoko\u0161kolsk\u00e9m vzd\u011bl\u00e1v\u00e1n\u00ed Projekt GEDIS (Gender Diversity in Information Science: Challenges in Higher Education) se &hellip;\" \/>\n<meta property=\"og:url\" content=\"https:\/\/www.ub.edu\/gedis\/cs\/cile-projektu\/\" \/>\n<meta property=\"og:site_name\" content=\"Gender Diversity in Information Science\" \/>\n<meta property=\"article:modified_time\" content=\"2025-04-18T07:28:50+00:00\" \/>\n<meta property=\"og:image\" content=\"https:\/\/raw.githubusercontent.com\/gediseuproject\/gedis-media-repo\/main\/wordpress-images\/thumbnails\/Objectives-GEDIS-Project.jpg\" \/><meta property=\"og:image\" content=\"https:\/\/raw.githubusercontent.com\/gediseuproject\/gedis-media-repo\/main\/wordpress-images\/thumbnails\/Objectives-GEDIS-Project.jpg\" \/>\n\t<meta property=\"og:image:width\" content=\"837\" \/>\n\t<meta property=\"og:image:height\" content=\"458\" \/>\n\t<meta property=\"og:image:type\" content=\"image\/jpeg\" \/>\n<meta name=\"twitter:card\" content=\"summary_large_image\" \/>\n<meta name=\"twitter:image\" content=\"https:\/\/raw.githubusercontent.com\/gediseuproject\/gedis-media-repo\/main\/wordpress-images\/thumbnails\/Objectives-GEDIS-Project.jpg\" \/>\n<meta name=\"twitter:label1\" content=\"Estimated reading time\" \/>\n\t<meta name=\"twitter:data1\" content=\"5 minutes\" \/>\n<script type=\"application\/ld+json\" class=\"yoast-schema-graph\">{\"@context\":\"https:\/\/schema.org\",\"@graph\":[{\"@type\":\"WebPage\",\"@id\":\"https:\/\/www.ub.edu\/gedis\/cs\/cile-projektu\/\",\"url\":\"https:\/\/www.ub.edu\/gedis\/cs\/cile-projektu\/\",\"name\":\"C\u00edle projektu - Gender Diversity in Information Science\",\"isPartOf\":{\"@id\":\"https:\/\/www.ub.edu\/gedis\/#website\"},\"primaryImageOfPage\":{\"@id\":\"https:\/\/www.ub.edu\/gedis\/cs\/cile-projektu\/#primaryimage\"},\"image\":{\"@id\":\"https:\/\/www.ub.edu\/gedis\/cs\/cile-projektu\/#primaryimage\"},\"thumbnailUrl\":\"https:\/\/i2.wp.com\/raw.githubusercontent.com\/gediseuproject\/gedis-media-repo\/main\/wordpress-images\/thumbnails\/Objectives-GEDIS-Project.jpg?w=837&resize=837,458&ssl=1\",\"datePublished\":\"2025-01-13T19:35:42+00:00\",\"dateModified\":\"2025-04-18T07:28:50+00:00\",\"breadcrumb\":{\"@id\":\"https:\/\/www.ub.edu\/gedis\/cs\/cile-projektu\/#breadcrumb\"},\"inLanguage\":\"en-GB\",\"potentialAction\":[{\"@type\":\"ReadAction\",\"target\":[\"https:\/\/www.ub.edu\/gedis\/cs\/cile-projektu\/\"]}]},{\"@type\":\"ImageObject\",\"inLanguage\":\"en-GB\",\"@id\":\"https:\/\/www.ub.edu\/gedis\/cs\/cile-projektu\/#primaryimage\",\"url\":\"https:\/\/i2.wp.com\/raw.githubusercontent.com\/gediseuproject\/gedis-media-repo\/main\/wordpress-images\/thumbnails\/Objectives-GEDIS-Project.jpg?w=837&resize=837,458&ssl=1\",\"contentUrl\":\"https:\/\/i2.wp.com\/raw.githubusercontent.com\/gediseuproject\/gedis-media-repo\/main\/wordpress-images\/thumbnails\/Objectives-GEDIS-Project.jpg?w=837&resize=837,458&ssl=1\",\"width\":\"837\",\"height\":\"458\"},{\"@type\":\"BreadcrumbList\",\"@id\":\"https:\/\/www.ub.edu\/gedis\/cs\/cile-projektu\/#breadcrumb\",\"itemListElement\":[{\"@type\":\"ListItem\",\"position\":1,\"name\":\"Home\",\"item\":\"https:\/\/www.ub.edu\/gedis\/\"},{\"@type\":\"ListItem\",\"position\":2,\"name\":\"C\u00edle projektu\"}]},{\"@type\":\"WebSite\",\"@id\":\"https:\/\/www.ub.edu\/gedis\/#website\",\"url\":\"https:\/\/www.ub.edu\/gedis\/\",\"name\":\"Gender Diversity in Information Science\",\"description\":\"Challenges in Higher Education\",\"publisher\":{\"@id\":\"https:\/\/www.ub.edu\/gedis\/#organization\"},\"potentialAction\":[{\"@type\":\"SearchAction\",\"target\":{\"@type\":\"EntryPoint\",\"urlTemplate\":\"https:\/\/www.ub.edu\/gedis\/?s={search_term_string}\"},\"query-input\":{\"@type\":\"PropertyValueSpecification\",\"valueRequired\":true,\"valueName\":\"search_term_string\"}}],\"inLanguage\":\"en-GB\"},{\"@type\":\"Organization\",\"@id\":\"https:\/\/www.ub.edu\/gedis\/#organization\",\"name\":\"Gender Diversity in Information Science\",\"url\":\"https:\/\/www.ub.edu\/gedis\/\",\"logo\":{\"@type\":\"ImageObject\",\"inLanguage\":\"en-GB\",\"@id\":\"https:\/\/www.ub.edu\/gedis\/#\/schema\/logo\/image\/\",\"url\":\"https:\/\/www.ub.edu\/gedis\/wp-content\/uploads\/2025\/01\/cropped-logo_blau_150x150.png\",\"contentUrl\":\"https:\/\/www.ub.edu\/gedis\/wp-content\/uploads\/2025\/01\/cropped-logo_blau_150x150.png\",\"width\":145,\"height\":145,\"caption\":\"Gender Diversity in Information Science\"},\"image\":{\"@id\":\"https:\/\/www.ub.edu\/gedis\/#\/schema\/logo\/image\/\"}}]}<\/script>\n<!-- \/ Yoast SEO plugin. -->","yoast_head_json":{"title":"C\u00edle projektu - Gender Diversity in Information Science","robots":{"index":"index","follow":"follow","max-snippet":"max-snippet:-1","max-image-preview":"max-image-preview:large","max-video-preview":"max-video-preview:-1"},"canonical":"https:\/\/www.ub.edu\/gedis\/cs\/cile-projektu\/","og_locale":"en_GB","og_type":"article","og_title":"C\u00edle projektu - Gender Diversity in Information Science","og_description":"Projekt GEDIS: Podpora genderov\u00e9 diverzity ve vysoko\u0161kolsk\u00e9m vzd\u011bl\u00e1v\u00e1n\u00ed Projekt GEDIS (Gender Diversity in Information Science: Challenges in Higher Education) se &hellip;","og_url":"https:\/\/www.ub.edu\/gedis\/cs\/cile-projektu\/","og_site_name":"Gender Diversity in Information Science","article_modified_time":"2025-04-18T07:28:50+00:00","og_image":[{"url":"https:\/\/raw.githubusercontent.com\/gediseuproject\/gedis-media-repo\/main\/wordpress-images\/thumbnails\/Objectives-GEDIS-Project.jpg","type":"","width":"","height":""},{"width":837,"height":458,"url":"https:\/\/raw.githubusercontent.com\/gediseuproject\/gedis-media-repo\/main\/wordpress-images\/thumbnails\/Objectives-GEDIS-Project.jpg","type":"image\/jpeg"}],"twitter_card":"summary_large_image","twitter_image":"https:\/\/raw.githubusercontent.com\/gediseuproject\/gedis-media-repo\/main\/wordpress-images\/thumbnails\/Objectives-GEDIS-Project.jpg","twitter_misc":{"Estimated reading time":"5 minutes"},"schema":{"@context":"https:\/\/schema.org","@graph":[{"@type":"WebPage","@id":"https:\/\/www.ub.edu\/gedis\/cs\/cile-projektu\/","url":"https:\/\/www.ub.edu\/gedis\/cs\/cile-projektu\/","name":"C\u00edle projektu - Gender Diversity in Information Science","isPartOf":{"@id":"https:\/\/www.ub.edu\/gedis\/#website"},"primaryImageOfPage":{"@id":"https:\/\/www.ub.edu\/gedis\/cs\/cile-projektu\/#primaryimage"},"image":{"@id":"https:\/\/www.ub.edu\/gedis\/cs\/cile-projektu\/#primaryimage"},"thumbnailUrl":"https:\/\/i2.wp.com\/raw.githubusercontent.com\/gediseuproject\/gedis-media-repo\/main\/wordpress-images\/thumbnails\/Objectives-GEDIS-Project.jpg?w=837&resize=837,458&ssl=1","datePublished":"2025-01-13T19:35:42+00:00","dateModified":"2025-04-18T07:28:50+00:00","breadcrumb":{"@id":"https:\/\/www.ub.edu\/gedis\/cs\/cile-projektu\/#breadcrumb"},"inLanguage":"en-GB","potentialAction":[{"@type":"ReadAction","target":["https:\/\/www.ub.edu\/gedis\/cs\/cile-projektu\/"]}]},{"@type":"ImageObject","inLanguage":"en-GB","@id":"https:\/\/www.ub.edu\/gedis\/cs\/cile-projektu\/#primaryimage","url":"https:\/\/i2.wp.com\/raw.githubusercontent.com\/gediseuproject\/gedis-media-repo\/main\/wordpress-images\/thumbnails\/Objectives-GEDIS-Project.jpg?w=837&resize=837,458&ssl=1","contentUrl":"https:\/\/i2.wp.com\/raw.githubusercontent.com\/gediseuproject\/gedis-media-repo\/main\/wordpress-images\/thumbnails\/Objectives-GEDIS-Project.jpg?w=837&resize=837,458&ssl=1","width":"837","height":"458"},{"@type":"BreadcrumbList","@id":"https:\/\/www.ub.edu\/gedis\/cs\/cile-projektu\/#breadcrumb","itemListElement":[{"@type":"ListItem","position":1,"name":"Home","item":"https:\/\/www.ub.edu\/gedis\/"},{"@type":"ListItem","position":2,"name":"C\u00edle projektu"}]},{"@type":"WebSite","@id":"https:\/\/www.ub.edu\/gedis\/#website","url":"https:\/\/www.ub.edu\/gedis\/","name":"Gender Diversity in Information Science","description":"Challenges in Higher Education","publisher":{"@id":"https:\/\/www.ub.edu\/gedis\/#organization"},"potentialAction":[{"@type":"SearchAction","target":{"@type":"EntryPoint","urlTemplate":"https:\/\/www.ub.edu\/gedis\/?s={search_term_string}"},"query-input":{"@type":"PropertyValueSpecification","valueRequired":true,"valueName":"search_term_string"}}],"inLanguage":"en-GB"},{"@type":"Organization","@id":"https:\/\/www.ub.edu\/gedis\/#organization","name":"Gender Diversity in Information Science","url":"https:\/\/www.ub.edu\/gedis\/","logo":{"@type":"ImageObject","inLanguage":"en-GB","@id":"https:\/\/www.ub.edu\/gedis\/#\/schema\/logo\/image\/","url":"https:\/\/www.ub.edu\/gedis\/wp-content\/uploads\/2025\/01\/cropped-logo_blau_150x150.png","contentUrl":"https:\/\/www.ub.edu\/gedis\/wp-content\/uploads\/2025\/01\/cropped-logo_blau_150x150.png","width":145,"height":145,"caption":"Gender Diversity in Information Science"},"image":{"@id":"https:\/\/www.ub.edu\/gedis\/#\/schema\/logo\/image\/"}}]}},"_links":{"self":[{"href":"https:\/\/www.ub.edu\/gedis\/wp-json\/wp\/v2\/pages\/275","targetHints":{"allow":["GET"]}}],"collection":[{"href":"https:\/\/www.ub.edu\/gedis\/wp-json\/wp\/v2\/pages"}],"about":[{"href":"https:\/\/www.ub.edu\/gedis\/wp-json\/wp\/v2\/types\/page"}],"author":[{"embeddable":true,"href":"https:\/\/www.ub.edu\/gedis\/wp-json\/wp\/v2\/users\/1"}],"replies":[{"embeddable":true,"href":"https:\/\/www.ub.edu\/gedis\/wp-json\/wp\/v2\/comments?post=275"}],"version-history":[{"count":3,"href":"https:\/\/www.ub.edu\/gedis\/wp-json\/wp\/v2\/pages\/275\/revisions"}],"predecessor-version":[{"id":979,"href":"https:\/\/www.ub.edu\/gedis\/wp-json\/wp\/v2\/pages\/275\/revisions\/979"}],"wp:featuredmedia":[{"embeddable":true,"href":"https:\/\/www.ub.edu\/gedis\/wp-json\/wp\/v2\/media\/980"}],"wp:attachment":[{"href":"https:\/\/www.ub.edu\/gedis\/wp-json\/wp\/v2\/media?parent=275"}],"curies":[{"name":"wp","href":"https:\/\/api.w.org\/{rel}","templated":true}]}}