{"id":279,"date":"2025-01-13T20:36:45","date_gmt":"2025-01-13T19:36:45","guid":{"rendered":"https:\/\/www.ub.edu\/gedis\/?page_id=279"},"modified":"2025-03-28T12:11:07","modified_gmt":"2025-03-28T11:11:07","slug":"ciljevi-projekta-bih","status":"publish","type":"page","link":"https:\/\/www.ub.edu\/gedis\/bs\/ciljevi-projekta-bih\/","title":{"rendered":"Ciljevi projekta"},"content":{"rendered":"\n<h4 class=\"wp-block-heading\"><strong>GEDIS projekat: Promovisanje rodne raznolikosti u visokom obrazovanju<\/strong><\/h4>\n\n\n\n<p>Projekat GEDIS (<em>Gender Diversity in Information Science: Challenges in Higher Education<\/em>) fokusira se na pove\u0107anje inkluzivnosti u visokom obrazovanju kroz promovisanje rodne raznolikosti. Cilj mu je pobolj\u0161ati na\u010din na koji se rodna pitanja predaju i razumiju u oblasti bibliote\u010dkih i informacijskih nauka (LIS). Projekat kombinuje pristupe LIS-a i rodnih studija kako bi razvio bolje metode podu\u010davanja i u\u010denja.<\/p>\n\n\n\n<h3 class=\"wp-block-heading\"><strong>Ciljevi i rezultati<\/strong><\/h3>\n\n\n\n<p>Projekat GEDIS ima dva glavna cilja:<\/p>\n\n\n\n<ol class=\"wp-block-list\">\n<li><strong>Istra\u017eiti kako je rodna raznolikost uklju\u010dena u LIS obrazovanje<\/strong> u sedam razli\u010ditih zemalja, uklju\u010duju\u0107i mi\u0161ljenja studenata, profesora i bibliotekara o ovoj temi.<\/li>\n\n\n\n<li><strong>Razviti korisne alate i resurse<\/strong> koji poma\u017eu u uklju\u010divanju rodne raznolikosti u univerzitetske kurseve, \u010dine\u0107i obrazovanje inkluzivnijim i pravednijim za sve.<\/li>\n<\/ol>\n\n\n\n<p>Kako bi ostvario ove ciljeve, projekat uklju\u010duje sljede\u0107e aktivnosti:<\/p>\n\n\n\n<ul class=\"wp-block-list\">\n<li><strong>Analiza postoje\u0107ih nastavnih planova<\/strong> kako bi se utvrdilo koliko se fokusiraju na rodnu raznolikost.<\/li>\n\n\n\n<li><strong>Istra\u017eivanje iskustava studenata, profesora i bibliotekara<\/strong> u vezi s rodnom raznoliko\u0161\u0107u u obrazovanju.<\/li>\n\n\n\n<li><strong>Identifikacija primjera dobre prakse<\/strong> u nastavi koji ve\u0107 uklju\u010duju rodnu raznolikost.<\/li>\n\n\n\n<li><strong>Razvoj tri alata za u\u010denje<\/strong> sa materijalima za studente, profesore i bibliotekare, uklju\u010duju\u0107i primjere, studije slu\u010daja i aktivnosti koje poma\u017eu u razumijevanju i primjeni rodne raznolikosti u obrazovanju.<\/li>\n<\/ul>\n\n\n\n<p>Projekat \u0107e proizvesti izvje\u0161taje, obuke, istra\u017eiva\u010dke \u010dlanke i edukativne alate. Ovi resursi bi\u0107e besplatno dostupni putem otvorene licence kako bi ih svi mogli koristiti i prilago\u0111avati.<\/p>\n\n\n\n<h3 class=\"wp-block-heading\"><strong>Kako projekat ispunjava klju\u010dne prioritete<\/strong><\/h3>\n\n\n\n<h4 class=\"wp-block-heading\"><strong>Prioritet 1: Izgradnja inkluzivnih sistema visokog obrazovanja<\/strong><\/h4>\n\n\n\n<p>Projekat GEDIS doprinosi inkluzivnijim univerzitetima kroz:<\/p>\n\n\n\n<ul class=\"wp-block-list\">\n<li>Analizu trenutnih nastavnih planova radi identifikovanja oblasti za pobolj\u0161anje.<\/li>\n\n\n\n<li>Organizaciju fokus grupa sa studentima, profesorima i stru\u010dnjacima kako bi prikupio ideje za bolje nastavne prakse.<\/li>\n\n\n\n<li>Saradnju s bibliotekarima kako bi ih osna\u017eio kao klju\u010dne aktere u promovisanja rodne raznolikosti u obrazovanju.<\/li>\n\n\n\n<li>Organizaciju ljetnih \u0161kola za studente i doga\u0111aja za profesore radi razmjene znanja i vje\u0161tina.<\/li>\n<\/ul>\n\n\n\n<p>Fokusiraju\u0107i se na raznolikost i jednakost, GEDIS doprinosi cilju Evropske unije da obrazovni sistemi postanu pravedniji i otvoreniji.<\/p>\n\n\n\n<h4 class=\"wp-block-heading\"><strong>Prioritet 2: Podsticanje inovativnih metoda u\u010denja i podu\u010davanja<\/strong><\/h4>\n\n\n\n<p>Projekat GEDIS tako\u0111e promovi\u0161e nove na\u010dine u\u010denja i podu\u010davanja kroz:<\/p>\n\n\n\n<ul class=\"wp-block-list\">\n<li><strong>Kori\u0161tenje LIS alata<\/strong> za istra\u017eivanje rodnih pitanja, poput analize koliko su \u017eene citirane u akademskim radovima ili kako se rodno zasnovani govor mr\u017enje \u0161iri na internetu.<\/li>\n\n\n\n<li><strong>Razvoj interaktivnih obrazovnih materijala<\/strong>, uklju\u010duju\u0107i ozbiljnu igru (<em>serious game<\/em>), kako bi u\u010denje o rodnoj raznolikosti bilo zanimljivije.<\/li>\n\n\n\n<li><strong>Obuku profesora<\/strong> za uklju\u010divanje rodnih tema u kurseve koriste\u0107i savremene metode nastave.<\/li>\n\n\n\n<li><strong>Obezbje\u0111ivanje resursa zasnovanih na digitalnim alatima i softveru otvorenog koda<\/strong>, \u010dime se osigurava njihova dostupnost i prilagodljivost.<\/li>\n<\/ul>\n\n\n\n<p>Ove aktivnosti poma\u017eu studentima i profesorima da kriti\u010dki razmi\u0161ljaju o rodnoj raznolikosti i donose nove ideje u u\u010dionice.<\/p>\n\n\n\n<h3 class=\"wp-block-heading\"><strong>Za\u0161to je GEDIS va\u017ean?<\/strong><\/h3>\n\n\n\n<p>Rodna nejednakost i dalje predstavlja veliki problem u mnogim oblastima, uklju\u010duju\u0107i kulturne industrije i informacione sektore. \u017dene i pripadnici manjinskih grupa \u010desto se suo\u010davaju s preprekama u punom u\u010destvovanju i priznavanju njihovog rada. Univerziteti mogu pomo\u0107i u rje\u0161avanju ovih problema tako \u0161to \u0107e podu\u010davati studente kako da prepoznaju i izazovu nepravedne sisteme.<\/p>\n\n\n\n<p>Projekat GEDIS temelji se na uspjehu manje inicijative nazvane GENDIMS, koja je pokrenuta na Univerzitetu u Barseloni 2021. godine. GENDIMS je pokazao kako uklju\u010divanje rodne perspektive u nastavne planove mo\u017ee pobolj\u0161ati obrazovanje. Sada GEDIS pro\u0161iruje ovu ideju na druge zemlje, stvaraju\u0107i mre\u017eu univerziteta koji zajedno rade na promociji rodne raznolikosti.<\/p>\n\n\n\n<h3 class=\"wp-block-heading\"><strong>Klju\u010dne teme<\/strong><\/h3>\n\n\n\n<p>Projekat GEDIS fokusira se na tri glavne oblasti:<\/p>\n\n\n\n<ul class=\"wp-block-list\">\n<li><strong>Promovisanje rodne ravnopravnosti<\/strong>: unapre\u0111enjem na\u010dina na koji su rodna pitanja uklju\u010dena u LIS obrazovanje.<\/li>\n\n\n\n<li><strong>Inkluzija i nediskriminacija<\/strong>: uklju\u010divanjem razli\u010ditih grupa u projekat i uzimanjem u obzir njihovih stavova.<\/li>\n\n\n\n<li><strong>LGBTQ+ jednakost<\/strong>: razmatranjem problema koji poga\u0111aju LGBTQ+ osobe u obrazovanju i dru\u0161tvu.<\/li>\n<\/ul>\n\n\n\n<h3 class=\"wp-block-heading\"><strong>Dugoro\u010dni uticaj<\/strong><\/h3>\n\n\n\n<p>Projekat GEDIS te\u017ei postizanju trajnih promjena kroz:<\/p>\n\n\n\n<ul class=\"wp-block-list\">\n<li>Osposobljavanje studenata za kriti\u010dko promi\u0161ljanje o rodnim pitanjima i djelovanje protiv diskriminacije.<\/li>\n\n\n\n<li>Pru\u017eanje profesorima i bibliotekarima alata koji im omogu\u0107avaju podr\u0161ku rodnoj raznolikosti u njihovom radu.<\/li>\n\n\n\n<li>Stvaranje otvorenih obrazovnih resursa koji se mogu koristiti u razli\u010ditim obrazovnim okru\u017eenjima.<\/li>\n<\/ul>\n\n\n\n<p>Podsticanjem me\u0111unarodne i interdisciplinarne saradnje, GEDIS doprinosi izgradnji pravednijeg i inkluzivnijeg sistema visokog obrazovanja. Projekat podr\u017eava razvoj pravednijih nastavnih praksi i priprema studente za stvaranje boljeg, pravednijeg dru\u0161tva.<\/p>\n","protected":false},"excerpt":{"rendered":"<p>GEDIS projekat: Promovisanje rodne raznolikosti u visokom obrazovanju Projekat GEDIS (Gender Diversity in Information Science: Challenges in Higher Education) fokusira &hellip; <\/p>\n","protected":false},"author":1,"featured_media":704,"parent":0,"menu_order":0,"comment_status":"closed","ping_status":"closed","template":"","meta":{"footnotes":""},"class_list":["post-279","page","type-page","status-publish","has-post-thumbnail","hentry","latest_post"],"yoast_head":"<!-- This site is optimized with the Yoast SEO plugin v26.2 - https:\/\/yoast.com\/wordpress\/plugins\/seo\/ -->\n<title>Ciljevi projekta - Gender Diversity in Information Science<\/title>\n<meta name=\"robots\" content=\"index, follow, max-snippet:-1, max-image-preview:large, max-video-preview:-1\" \/>\n<link rel=\"canonical\" href=\"https:\/\/www.ub.edu\/gedis\/bs\/ciljevi-projekta-bih\/\" \/>\n<meta property=\"og:locale\" content=\"en_GB\" \/>\n<meta property=\"og:type\" content=\"article\" \/>\n<meta property=\"og:title\" content=\"Ciljevi projekta - Gender Diversity in Information Science\" \/>\n<meta property=\"og:description\" content=\"GEDIS projekat: Promovisanje rodne raznolikosti u visokom obrazovanju Projekat GEDIS (Gender Diversity in Information Science: Challenges in Higher Education) fokusira &hellip;\" \/>\n<meta property=\"og:url\" content=\"https:\/\/www.ub.edu\/gedis\/bs\/ciljevi-projekta-bih\/\" \/>\n<meta property=\"og:site_name\" content=\"Gender Diversity in Information Science\" \/>\n<meta property=\"article:modified_time\" content=\"2025-03-28T11:11:07+00:00\" \/>\n<meta property=\"og:image\" content=\"https:\/\/www.ub.edu\/gedis\/wp-content\/uploads\/2025\/03\/image-14.png\" \/>\n\t<meta property=\"og:image:width\" content=\"837\" \/>\n\t<meta property=\"og:image:height\" content=\"458\" \/>\n\t<meta property=\"og:image:type\" content=\"image\/png\" \/>\n<meta name=\"twitter:card\" content=\"summary_large_image\" \/>\n<meta name=\"twitter:label1\" content=\"Estimated reading time\" \/>\n\t<meta name=\"twitter:data1\" content=\"4 minutes\" \/>\n<script type=\"application\/ld+json\" class=\"yoast-schema-graph\">{\"@context\":\"https:\/\/schema.org\",\"@graph\":[{\"@type\":\"WebPage\",\"@id\":\"https:\/\/www.ub.edu\/gedis\/bs\/ciljevi-projekta-bih\/\",\"url\":\"https:\/\/www.ub.edu\/gedis\/bs\/ciljevi-projekta-bih\/\",\"name\":\"Ciljevi projekta - Gender Diversity in Information Science\",\"isPartOf\":{\"@id\":\"https:\/\/www.ub.edu\/gedis\/#website\"},\"primaryImageOfPage\":{\"@id\":\"https:\/\/www.ub.edu\/gedis\/bs\/ciljevi-projekta-bih\/#primaryimage\"},\"image\":{\"@id\":\"https:\/\/www.ub.edu\/gedis\/bs\/ciljevi-projekta-bih\/#primaryimage\"},\"thumbnailUrl\":\"https:\/\/www.ub.edu\/gedis\/wp-content\/uploads\/2025\/03\/image-14.png\",\"datePublished\":\"2025-01-13T19:36:45+00:00\",\"dateModified\":\"2025-03-28T11:11:07+00:00\",\"breadcrumb\":{\"@id\":\"https:\/\/www.ub.edu\/gedis\/bs\/ciljevi-projekta-bih\/#breadcrumb\"},\"inLanguage\":\"en-GB\",\"potentialAction\":[{\"@type\":\"ReadAction\",\"target\":[\"https:\/\/www.ub.edu\/gedis\/bs\/ciljevi-projekta-bih\/\"]}]},{\"@type\":\"ImageObject\",\"inLanguage\":\"en-GB\",\"@id\":\"https:\/\/www.ub.edu\/gedis\/bs\/ciljevi-projekta-bih\/#primaryimage\",\"url\":\"https:\/\/www.ub.edu\/gedis\/wp-content\/uploads\/2025\/03\/image-14.png\",\"contentUrl\":\"https:\/\/www.ub.edu\/gedis\/wp-content\/uploads\/2025\/03\/image-14.png\",\"width\":837,\"height\":458,\"caption\":\"Ciljevi projekta\"},{\"@type\":\"BreadcrumbList\",\"@id\":\"https:\/\/www.ub.edu\/gedis\/bs\/ciljevi-projekta-bih\/#breadcrumb\",\"itemListElement\":[{\"@type\":\"ListItem\",\"position\":1,\"name\":\"Home\",\"item\":\"https:\/\/www.ub.edu\/gedis\/\"},{\"@type\":\"ListItem\",\"position\":2,\"name\":\"Ciljevi projekta\"}]},{\"@type\":\"WebSite\",\"@id\":\"https:\/\/www.ub.edu\/gedis\/#website\",\"url\":\"https:\/\/www.ub.edu\/gedis\/\",\"name\":\"Gender Diversity in Information Science\",\"description\":\"Challenges in Higher Education\",\"publisher\":{\"@id\":\"https:\/\/www.ub.edu\/gedis\/#organization\"},\"potentialAction\":[{\"@type\":\"SearchAction\",\"target\":{\"@type\":\"EntryPoint\",\"urlTemplate\":\"https:\/\/www.ub.edu\/gedis\/?s={search_term_string}\"},\"query-input\":{\"@type\":\"PropertyValueSpecification\",\"valueRequired\":true,\"valueName\":\"search_term_string\"}}],\"inLanguage\":\"en-GB\"},{\"@type\":\"Organization\",\"@id\":\"https:\/\/www.ub.edu\/gedis\/#organization\",\"name\":\"Gender Diversity in Information Science\",\"url\":\"https:\/\/www.ub.edu\/gedis\/\",\"logo\":{\"@type\":\"ImageObject\",\"inLanguage\":\"en-GB\",\"@id\":\"https:\/\/www.ub.edu\/gedis\/#\/schema\/logo\/image\/\",\"url\":\"https:\/\/www.ub.edu\/gedis\/wp-content\/uploads\/2025\/01\/cropped-logo_blau_150x150.png\",\"contentUrl\":\"https:\/\/www.ub.edu\/gedis\/wp-content\/uploads\/2025\/01\/cropped-logo_blau_150x150.png\",\"width\":145,\"height\":145,\"caption\":\"Gender Diversity in Information Science\"},\"image\":{\"@id\":\"https:\/\/www.ub.edu\/gedis\/#\/schema\/logo\/image\/\"}}]}<\/script>\n<!-- \/ Yoast SEO plugin. -->","yoast_head_json":{"title":"Ciljevi projekta - Gender Diversity in Information Science","robots":{"index":"index","follow":"follow","max-snippet":"max-snippet:-1","max-image-preview":"max-image-preview:large","max-video-preview":"max-video-preview:-1"},"canonical":"https:\/\/www.ub.edu\/gedis\/bs\/ciljevi-projekta-bih\/","og_locale":"en_GB","og_type":"article","og_title":"Ciljevi projekta - Gender Diversity in Information Science","og_description":"GEDIS projekat: Promovisanje rodne raznolikosti u visokom obrazovanju Projekat GEDIS (Gender Diversity in Information Science: Challenges in Higher Education) fokusira &hellip;","og_url":"https:\/\/www.ub.edu\/gedis\/bs\/ciljevi-projekta-bih\/","og_site_name":"Gender Diversity in Information Science","article_modified_time":"2025-03-28T11:11:07+00:00","og_image":[{"width":837,"height":458,"url":"https:\/\/www.ub.edu\/gedis\/wp-content\/uploads\/2025\/03\/image-14.png","type":"image\/png"}],"twitter_card":"summary_large_image","twitter_misc":{"Estimated reading time":"4 minutes"},"schema":{"@context":"https:\/\/schema.org","@graph":[{"@type":"WebPage","@id":"https:\/\/www.ub.edu\/gedis\/bs\/ciljevi-projekta-bih\/","url":"https:\/\/www.ub.edu\/gedis\/bs\/ciljevi-projekta-bih\/","name":"Ciljevi projekta - Gender Diversity in Information Science","isPartOf":{"@id":"https:\/\/www.ub.edu\/gedis\/#website"},"primaryImageOfPage":{"@id":"https:\/\/www.ub.edu\/gedis\/bs\/ciljevi-projekta-bih\/#primaryimage"},"image":{"@id":"https:\/\/www.ub.edu\/gedis\/bs\/ciljevi-projekta-bih\/#primaryimage"},"thumbnailUrl":"https:\/\/www.ub.edu\/gedis\/wp-content\/uploads\/2025\/03\/image-14.png","datePublished":"2025-01-13T19:36:45+00:00","dateModified":"2025-03-28T11:11:07+00:00","breadcrumb":{"@id":"https:\/\/www.ub.edu\/gedis\/bs\/ciljevi-projekta-bih\/#breadcrumb"},"inLanguage":"en-GB","potentialAction":[{"@type":"ReadAction","target":["https:\/\/www.ub.edu\/gedis\/bs\/ciljevi-projekta-bih\/"]}]},{"@type":"ImageObject","inLanguage":"en-GB","@id":"https:\/\/www.ub.edu\/gedis\/bs\/ciljevi-projekta-bih\/#primaryimage","url":"https:\/\/www.ub.edu\/gedis\/wp-content\/uploads\/2025\/03\/image-14.png","contentUrl":"https:\/\/www.ub.edu\/gedis\/wp-content\/uploads\/2025\/03\/image-14.png","width":837,"height":458,"caption":"Ciljevi projekta"},{"@type":"BreadcrumbList","@id":"https:\/\/www.ub.edu\/gedis\/bs\/ciljevi-projekta-bih\/#breadcrumb","itemListElement":[{"@type":"ListItem","position":1,"name":"Home","item":"https:\/\/www.ub.edu\/gedis\/"},{"@type":"ListItem","position":2,"name":"Ciljevi projekta"}]},{"@type":"WebSite","@id":"https:\/\/www.ub.edu\/gedis\/#website","url":"https:\/\/www.ub.edu\/gedis\/","name":"Gender Diversity in Information Science","description":"Challenges in Higher Education","publisher":{"@id":"https:\/\/www.ub.edu\/gedis\/#organization"},"potentialAction":[{"@type":"SearchAction","target":{"@type":"EntryPoint","urlTemplate":"https:\/\/www.ub.edu\/gedis\/?s={search_term_string}"},"query-input":{"@type":"PropertyValueSpecification","valueRequired":true,"valueName":"search_term_string"}}],"inLanguage":"en-GB"},{"@type":"Organization","@id":"https:\/\/www.ub.edu\/gedis\/#organization","name":"Gender Diversity in Information Science","url":"https:\/\/www.ub.edu\/gedis\/","logo":{"@type":"ImageObject","inLanguage":"en-GB","@id":"https:\/\/www.ub.edu\/gedis\/#\/schema\/logo\/image\/","url":"https:\/\/www.ub.edu\/gedis\/wp-content\/uploads\/2025\/01\/cropped-logo_blau_150x150.png","contentUrl":"https:\/\/www.ub.edu\/gedis\/wp-content\/uploads\/2025\/01\/cropped-logo_blau_150x150.png","width":145,"height":145,"caption":"Gender Diversity in Information Science"},"image":{"@id":"https:\/\/www.ub.edu\/gedis\/#\/schema\/logo\/image\/"}}]}},"_links":{"self":[{"href":"https:\/\/www.ub.edu\/gedis\/wp-json\/wp\/v2\/pages\/279","targetHints":{"allow":["GET"]}}],"collection":[{"href":"https:\/\/www.ub.edu\/gedis\/wp-json\/wp\/v2\/pages"}],"about":[{"href":"https:\/\/www.ub.edu\/gedis\/wp-json\/wp\/v2\/types\/page"}],"author":[{"embeddable":true,"href":"https:\/\/www.ub.edu\/gedis\/wp-json\/wp\/v2\/users\/1"}],"replies":[{"embeddable":true,"href":"https:\/\/www.ub.edu\/gedis\/wp-json\/wp\/v2\/comments?post=279"}],"version-history":[{"count":3,"href":"https:\/\/www.ub.edu\/gedis\/wp-json\/wp\/v2\/pages\/279\/revisions"}],"predecessor-version":[{"id":716,"href":"https:\/\/www.ub.edu\/gedis\/wp-json\/wp\/v2\/pages\/279\/revisions\/716"}],"wp:featuredmedia":[{"embeddable":true,"href":"https:\/\/www.ub.edu\/gedis\/wp-json\/wp\/v2\/media\/704"}],"wp:attachment":[{"href":"https:\/\/www.ub.edu\/gedis\/wp-json\/wp\/v2\/media?parent=279"}],"curies":[{"name":"wp","href":"https:\/\/api.w.org\/{rel}","templated":true}]}}