{"id":3185,"date":"2023-05-09T16:22:55","date_gmt":"2023-05-09T14:22:55","guid":{"rendered":"https:\/\/www.ub.edu\/gehc\/?page_id=3185"},"modified":"2025-03-06T18:09:06","modified_gmt":"2025-03-06T16:09:06","slug":"tesis-doctorales-leidas","status":"publish","type":"page","link":"https:\/\/www.ub.edu\/gehc\/es\/tesis-doctorales-leidas\/","title":{"rendered":"Tesis"},"content":{"rendered":"<p>[et_pb_section fb_built=&#8221;1&#8243; _builder_version=&#8221;4.21.0&#8243; _module_preset=&#8221;default&#8221; background_image=&#8221;https:\/\/www.ub.edu\/gehc\/wp-content\/uploads\/2023\/05\/capcalera.jpg&#8221; collapsed=&#8221;on&#8221; global_colors_info=&#8221;{}&#8221;][et_pb_row _builder_version=&#8221;4.21.0&#8243; _module_preset=&#8221;default&#8221; global_colors_info=&#8221;{}&#8221;][et_pb_column type=&#8221;4_4&#8243; _builder_version=&#8221;4.21.0&#8243; _module_preset=&#8221;default&#8221; global_colors_info=&#8221;{}&#8221;][et_pb_text _builder_version=&#8221;4.21.0&#8243; _module_preset=&#8221;default&#8221; header_font_size=&#8221;2rem&#8221; header_font_size_tablet=&#8221;1.75rem&#8221; header_font_size_phone=&#8221;1.5rem&#8221; header_font_size_last_edited=&#8221;on|desktop&#8221; global_colors_info=&#8221;{}&#8221;]<\/p>\n<h1 style=\"text-align: center;\"><strong>Tesis doctorales le\u00eddas<br \/><\/strong><\/h1>\n<hr \/>\n<p>[\/et_pb_text][\/et_pb_column][\/et_pb_row][\/et_pb_section][et_pb_section fb_built=&#8221;1&#8243; _builder_version=&#8221;4.21.0&#8243; _module_preset=&#8221;default&#8221; collapsed=&#8221;off&#8221; global_colors_info=&#8221;{}&#8221;][et_pb_row column_structure=&#8221;1_4,3_4&#8243; _builder_version=&#8221;4.21.0&#8243; _module_preset=&#8221;default&#8221; global_colors_info=&#8221;{}&#8221;][et_pb_column type=&#8221;1_4&#8243; _builder_version=&#8221;4.21.0&#8243; _module_preset=&#8221;default&#8221; global_colors_info=&#8221;{}&#8221;][et_pb_image src=&#8221;https:\/\/www.ub.edu\/gehc\/wp-content\/uploads\/2023\/05\/TesiMeritxell.jpg&#8221; title_text=&#8221;TesiMeritxell&#8221; align_tablet=&#8221;center&#8221; align_phone=&#8221;center&#8221; align_last_edited=&#8221;on|desktop&#8221; _builder_version=&#8221;4.21.0&#8243; _module_preset=&#8221;default&#8221; width=&#8221;200px&#8221; custom_margin=&#8221;||||false|false&#8221; custom_margin_tablet=&#8221;||||false|false&#8221; custom_margin_phone=&#8221;||||false|false&#8221; custom_margin_last_edited=&#8221;on|phone&#8221; global_colors_info=&#8221;{}&#8221;][\/et_pb_image][\/et_pb_column][et_pb_column type=&#8221;3_4&#8243; _builder_version=&#8221;4.21.0&#8243; _module_preset=&#8221;default&#8221; global_colors_info=&#8221;{}&#8221;][et_pb_text _builder_version=&#8221;4.27.4&#8243; _module_preset=&#8221;default&#8221; header_2_text_color=&#8221;#8f292f&#8221; header_2_font_size=&#8221;1.2rem&#8221; custom_margin_tablet=&#8221;&#8221; custom_margin_phone=&#8221;&#8221; custom_margin_last_edited=&#8221;on|phone&#8221; hover_enabled=&#8221;0&#8243; global_colors_info=&#8221;{}&#8221; sticky_enabled=&#8221;0&#8243;]<\/p>\n<h2><strong>Cartograf\u00eda y transformaci\u00f3n del territorio en Catalu\u00f1a entre el antiguo r\u00e9gimen y la revoluci\u00f3n liberal (SS. XVIII-XIX): El papel de la familia Soler<\/strong><\/h2>\n<p><strong>Investigaci\u00f3n: <\/strong><a href=\"https:\/\/www.ub.edu\/gehc\/es\/investigadors\/gisbert-traveria-meritxell-2\/\">Gisbert Traveria, Meritxell<\/a><strong><br \/><\/strong><\/p>\n<p><strong>Direcci\u00f3n:<\/strong> <a href=\"https:\/\/www.ub.edu\/gehc\/es\/investigadors\/nadal-pique-francesc-2\/\">Nadal Piqu\u00e9, Francesc<\/a> y Casti, Emanuela<\/p>\n<p><strong>Le\u00edda:<\/strong> en el Departamento de Geograf\u00eda de la Universidad de Barcelona el 20 de junio de 2017<\/p>\n<p><strong>Publicada \u00edntegramente en formato digital en:<\/strong> <a href=\"https:\/\/www.tdx.cat\/handle\/10803\/462196\" target=\"_blank\" rel=\"noopener\">TDX<\/a> (Tesis Doctorals en Xarxa)<\/p>\n<p>[\/et_pb_text][\/et_pb_column][\/et_pb_row][et_pb_row _builder_version=&#8221;4.21.0&#8243; _module_preset=&#8221;default&#8221; custom_margin=&#8221;0px||0px||false|false&#8221; custom_padding=&#8221;0px||0px||false|false&#8221; collapsed=&#8221;on&#8221; global_colors_info=&#8221;{}&#8221;][et_pb_column type=&#8221;4_4&#8243; _builder_version=&#8221;4.21.0&#8243; _module_preset=&#8221;default&#8221; global_colors_info=&#8221;{}&#8221;][et_pb_divider divider_position=&#8221;center&#8221; _builder_version=&#8221;4.21.0&#8243; _module_preset=&#8221;default&#8221; global_colors_info=&#8221;{}&#8221;][\/et_pb_divider][\/et_pb_column][\/et_pb_row][et_pb_row column_structure=&#8221;1_4,3_4&#8243; _builder_version=&#8221;4.21.0&#8243; _module_preset=&#8221;default&#8221; global_colors_info=&#8221;{}&#8221;][et_pb_column type=&#8221;1_4&#8243; _builder_version=&#8221;4.21.0&#8243; _module_preset=&#8221;default&#8221; global_colors_info=&#8221;{}&#8221;][et_pb_image src=&#8221;https:\/\/www.ub.edu\/gehc\/wp-content\/uploads\/2023\/05\/Capdevila_HistoriaDeslindeFrontera.jpg&#8221; title_text=&#8221;Capdevila_HistoriaDeslindeFrontera&#8221; align_tablet=&#8221;center&#8221; align_phone=&#8221;center&#8221; align_last_edited=&#8221;on|desktop&#8221; _builder_version=&#8221;4.21.0&#8243; _module_preset=&#8221;default&#8221; width=&#8221;200px&#8221; custom_margin=&#8221;||||false|false&#8221; custom_margin_tablet=&#8221;||||false|false&#8221; custom_margin_phone=&#8221;||||false|false&#8221; custom_margin_last_edited=&#8221;on|phone&#8221; global_colors_info=&#8221;{}&#8221;][\/et_pb_image][\/et_pb_column][et_pb_column type=&#8221;3_4&#8243; _builder_version=&#8221;4.21.0&#8243; _module_preset=&#8221;default&#8221; global_colors_info=&#8221;{}&#8221;][et_pb_text _builder_version=&#8221;4.27.4&#8243; _module_preset=&#8221;default&#8221; header_2_text_color=&#8221;#8f292f&#8221; header_2_font_size=&#8221;1.2rem&#8221; custom_margin_tablet=&#8221;&#8221; custom_margin_phone=&#8221;&#8221; custom_margin_last_edited=&#8221;on|phone&#8221; hover_enabled=&#8221;0&#8243; global_colors_info=&#8221;{}&#8221; sticky_enabled=&#8221;0&#8243;]<\/p>\n<h2><strong>La delimitaci\u00f3n de la frontera hispanofrancesa (1659-1868)<\/strong><\/h2>\n<p><strong>Investigaci\u00f3n: <\/strong><a href=\"https:\/\/www.ub.edu\/gehc\/investigadors\/joan-capdevila-subirana-2\/\">Capdevila Subirana, Joan<\/a><strong><br \/><\/strong><\/p>\n<p><strong>Direcci\u00f3n:<\/strong> <a href=\"https:\/\/www.ub.edu\/gehc\/investigadors\/jose-luis-urteaga-gonzalez-2\/\">Urteaga Gonz\u00e1lez, Jos\u00e9 Luis<\/a><\/p>\n<p><strong>Le\u00edda:<\/strong> en el Departamento de Geograf\u00eda Humana de la Universidad de Barcelona el 27 de enero de 2012<\/p>\n<p><strong>Publicada \u00edntegramente en formato digital en: <\/strong><a href=\"https:\/\/www.tdx.cat\/handle\/10803\/69919\" target=\"_blank\" rel=\"noopener\">TDX<\/a> (Tesis Doctorals en Xarxa)<\/p>\n<p><strong>Publicada parcialmente en forma de libro en:<\/strong> <em>Historia del deslinde de la frontera hispano-francesa<\/em>. Madrid: Centro Nacional de Informaci\u00f3n Geogr\u00e1fica, 2009 [<a href=\"https:\/\/www.ub.edu\/gehc\/pdf\/Deslinde.pdf\" target=\"_blank\" rel=\"noopener\">PDF<\/a>]<\/p>\n<p>[\/et_pb_text][\/et_pb_column][\/et_pb_row][et_pb_row _builder_version=&#8221;4.21.0&#8243; _module_preset=&#8221;default&#8221; custom_margin=&#8221;0px||0px||false|false&#8221; custom_padding=&#8221;0px||0px||false|false&#8221; collapsed=&#8221;on&#8221; global_colors_info=&#8221;{}&#8221;][et_pb_column type=&#8221;4_4&#8243; _builder_version=&#8221;4.21.0&#8243; _module_preset=&#8221;default&#8221; global_colors_info=&#8221;{}&#8221;][et_pb_divider divider_position=&#8221;center&#8221; _builder_version=&#8221;4.21.0&#8243; _module_preset=&#8221;default&#8221; global_colors_info=&#8221;{}&#8221;][\/et_pb_divider][\/et_pb_column][\/et_pb_row][et_pb_row column_structure=&#8221;1_4,3_4&#8243; _builder_version=&#8221;4.21.0&#8243; _module_preset=&#8221;default&#8221; global_colors_info=&#8221;{}&#8221;][et_pb_column type=&#8221;1_4&#8243; _builder_version=&#8221;4.21.0&#8243; _module_preset=&#8221;default&#8221; global_colors_info=&#8221;{}&#8221;][et_pb_image src=&#8221;https:\/\/www.ub.edu\/gehc\/wp-content\/uploads\/2023\/05\/Montaner_MapesiCartografs.jpg&#8221; title_text=&#8221;Montaner_MapesiCartografs&#8221; align_tablet=&#8221;center&#8221; align_phone=&#8221;center&#8221; align_last_edited=&#8221;on|desktop&#8221; _builder_version=&#8221;4.21.0&#8243; _module_preset=&#8221;default&#8221; width=&#8221;200px&#8221; custom_margin=&#8221;||||false|false&#8221; custom_margin_tablet=&#8221;||||false|false&#8221; custom_margin_phone=&#8221;||||false|false&#8221; custom_margin_last_edited=&#8221;on|phone&#8221; global_colors_info=&#8221;{}&#8221;][\/et_pb_image][\/et_pb_column][et_pb_column type=&#8221;3_4&#8243; _builder_version=&#8221;4.21.0&#8243; _module_preset=&#8221;default&#8221; global_colors_info=&#8221;{}&#8221;][et_pb_text _builder_version=&#8221;4.27.4&#8243; _module_preset=&#8221;default&#8221; header_2_text_color=&#8221;#8f292f&#8221; header_2_font_size=&#8221;1.2rem&#8221; custom_margin_tablet=&#8221;&#8221; custom_margin_phone=&#8221;&#8221; custom_margin_last_edited=&#8221;on|phone&#8221; hover_enabled=&#8221;0&#8243; global_colors_info=&#8221;{}&#8221; sticky_enabled=&#8221;0&#8243;]<\/p>\n<h2><strong>La cartograf\u00eda topogr\u00e1fica realizada en Catalu\u00f1a: de las iniciativas de ra\u00edz privada a las propuestas de la Administraci\u00f3n catalana (1833-1941)<\/strong><\/h2>\n<p><strong>Investigaci\u00f3n: <\/strong><a href=\"https:\/\/www.ub.edu\/gehc\/investigadors\/m-carme-montaner-garcia-2\/\">Montaner Garc\u00eda, M. Carme<\/a><strong><br \/><\/strong><\/p>\n<p><strong>Direcci\u00f3n:<\/strong> <a href=\"https:\/\/www.ub.edu\/gehc\/investigadors\/nadal-pique-francesc\/\" data-wplink-edit=\"true\">Nadal Piqu\u00e9, Francesc<\/a><\/p>\n<p><strong>Le\u00edda: <\/strong>en el Departamento de Geograf\u00eda Humana de la Universidad de Barcelona el 19 de octubre de 1995<\/p>\n<p><strong>Publicada \u00edntegramente en forma de libro en:<\/strong><em> Mapes i cart\u00f2grafs a la Catalunya contempor\u00e0nia (1833-1941). Els inicis i la consolidaci\u00f3 de la cartografia topogr\u00e1fica<\/em>, Barcelona, Rafael Dalmau editor i Institut Cartogr\u00e0fic de Catalunya, 2000, 237 pp.<\/p>\n<p>[\/et_pb_text][\/et_pb_column][\/et_pb_row][et_pb_row _builder_version=&#8221;4.21.0&#8243; _module_preset=&#8221;default&#8221; custom_margin=&#8221;0px||0px||false|false&#8221; custom_padding=&#8221;0px||0px||false|false&#8221; collapsed=&#8221;on&#8221; global_colors_info=&#8221;{}&#8221;][et_pb_column type=&#8221;4_4&#8243; _builder_version=&#8221;4.21.0&#8243; _module_preset=&#8221;default&#8221; global_colors_info=&#8221;{}&#8221;][et_pb_divider divider_position=&#8221;center&#8221; _builder_version=&#8221;4.21.0&#8243; _module_preset=&#8221;default&#8221; global_colors_info=&#8221;{}&#8221;][\/et_pb_divider][\/et_pb_column][\/et_pb_row][et_pb_row column_structure=&#8221;1_4,3_4&#8243; _builder_version=&#8221;4.21.0&#8243; _module_preset=&#8221;default&#8221; global_colors_info=&#8221;{}&#8221;][et_pb_column type=&#8221;1_4&#8243; _builder_version=&#8221;4.21.0&#8243; _module_preset=&#8221;default&#8221; global_colors_info=&#8221;{}&#8221;][et_pb_image src=&#8221;https:\/\/www.ub.edu\/gehc\/wp-content\/uploads\/2023\/05\/Relao_Tesis.jpg&#8221; title_text=&#8221;Relao_Tesis&#8221; align_tablet=&#8221;center&#8221; align_phone=&#8221;center&#8221; align_last_edited=&#8221;on|desktop&#8221; _builder_version=&#8221;4.21.0&#8243; _module_preset=&#8221;default&#8221; width=&#8221;200px&#8221; custom_margin=&#8221;||||false|false&#8221; custom_margin_tablet=&#8221;||||false|false&#8221; custom_margin_phone=&#8221;||||false|false&#8221; custom_margin_last_edited=&#8221;on|phone&#8221; global_colors_info=&#8221;{}&#8221;][\/et_pb_image][\/et_pb_column][et_pb_column type=&#8221;3_4&#8243; _builder_version=&#8221;4.21.0&#8243; _module_preset=&#8221;default&#8221; global_colors_info=&#8221;{}&#8221;][et_pb_text admin_label=&#8221;Texto&#8221; _builder_version=&#8221;4.27.4&#8243; _module_preset=&#8221;default&#8221; header_2_text_color=&#8221;#8f292f&#8221; header_2_font_size=&#8221;1.2rem&#8221; custom_margin_tablet=&#8221;&#8221; custom_margin_phone=&#8221;&#8221; custom_margin_last_edited=&#8221;on|phone&#8221; hover_enabled=&#8221;0&#8243; global_colors_info=&#8221;{}&#8221; sticky_enabled=&#8221;0&#8243;]<\/p>\n<h2><strong>La idea de \u00c1frica en el mito y la realidad. Discurso cosmogr\u00e1fico y ciencia cartogr\u00e1fica en la Baja Edad Media y principios de la Europa Moderna<\/strong><\/h2>\n<p><strong>Investigaci\u00f3n: <\/strong>Rela\u00f1o Castillo, Francesc<strong><br \/><\/strong><\/p>\n<p><strong>Direcci\u00f3n:<\/strong> <a href=\"https:\/\/www.ub.edu\/gehc\/investigadors\/jose-luis-urteaga-gonzalez-2\/\">Urteaga Gonz\u00e1lez, Jos\u00e9 Luis<\/a><\/p>\n<p><strong>Le\u00edda:<\/strong> en European University Institute (Flor\u00e8ncia) en octubre de 1995<\/p>\n<p><strong>Publicada \u00edntegramente en forma de libro en:<\/strong><em> The shaping of Africa. Cosmographic discourse and cartographic science in late medieval and early modern Europe<\/em>, Alderhost (Anglaterra), Ashgate, 263 pp.<\/p>\n<p><strong>Publicada parcialmente en forma de libro en:<\/strong> <em>La emergencia de \u00c1frica como continente: un nuevo mundo a partir del viejo<\/em>, Lleida, Universitat de Lleida, 2000, 120 pp.<\/p>\n<p>[\/et_pb_text][\/et_pb_column][\/et_pb_row][\/et_pb_section]<\/p>\n","protected":false},"excerpt":{"rendered":"<p>Tesis doctorales le\u00eddas Cartograf\u00eda y transformaci\u00f3n del territorio en Catalu\u00f1a entre el antiguo r\u00e9gimen y la revoluci\u00f3n liberal (SS. XVIII-XIX): El papel de la familia Soler Investigaci\u00f3n: Gisbert Traveria, Meritxell Direcci\u00f3n: Nadal Piqu\u00e9, Francesc y Casti, Emanuela Le\u00edda: en el Departamento de Geograf\u00eda de la Universidad de Barcelona el 20 de junio de 2017 Publicada [&hellip;]<\/p>\n","protected":false},"author":2,"featured_media":0,"parent":0,"menu_order":0,"comment_status":"closed","ping_status":"closed","template":"","meta":{"_et_pb_use_builder":"on","_et_pb_old_content":"","_et_gb_content_width":"","_monsterinsights_skip_tracking":false,"_monsterinsights_sitenote_active":false,"_monsterinsights_sitenote_note":"","_monsterinsights_sitenote_category":0,"footnotes":""},"class_list":["post-3185","page","type-page","status-publish","hentry"],"yoast_head":"<!-- This site is optimized with the Yoast SEO plugin v27.5 - https:\/\/yoast.com\/product\/yoast-seo-wordpress\/ -->\n<title>Tesis - GEHC<\/title>\n<meta name=\"robots\" content=\"index, follow, max-snippet:-1, max-image-preview:large, max-video-preview:-1\" \/>\n<link rel=\"canonical\" href=\"https:\/\/www.ub.edu\/gehc\/es\/tesis-doctorales-leidas\/\" \/>\n<meta property=\"og:locale\" content=\"ca_ES\" \/>\n<meta property=\"og:type\" content=\"article\" \/>\n<meta property=\"og:title\" content=\"Tesis - GEHC\" \/>\n<meta property=\"og:description\" content=\"Tesis doctorales le\u00eddas Cartograf\u00eda y transformaci\u00f3n del territorio en Catalu\u00f1a entre el antiguo r\u00e9gimen y la revoluci\u00f3n liberal (SS. XVIII-XIX): El papel de la familia Soler Investigaci\u00f3n: Gisbert Traveria, Meritxell Direcci\u00f3n: Nadal Piqu\u00e9, Francesc y Casti, Emanuela Le\u00edda: en el Departamento de Geograf\u00eda de la Universidad de Barcelona el 20 de junio de 2017 Publicada [&hellip;]\" \/>\n<meta property=\"og:url\" content=\"https:\/\/www.ub.edu\/gehc\/es\/tesis-doctorales-leidas\/\" \/>\n<meta property=\"og:site_name\" content=\"GEHC\" \/>\n<meta property=\"article:modified_time\" content=\"2025-03-06T16:09:06+00:00\" \/>\n<meta name=\"twitter:card\" content=\"summary_large_image\" \/>\n<meta name=\"twitter:site\" content=\"@GehcMapa\" \/>\n<script type=\"application\/ld+json\" class=\"yoast-schema-graph\">{\"@context\":\"https:\\\/\\\/schema.org\",\"@graph\":[{\"@type\":\"WebPage\",\"@id\":\"https:\\\/\\\/www.ub.edu\\\/gehc\\\/es\\\/tesis-doctorales-leidas\\\/\",\"url\":\"https:\\\/\\\/www.ub.edu\\\/gehc\\\/es\\\/tesis-doctorales-leidas\\\/\",\"name\":\"Tesis - GEHC\",\"isPartOf\":{\"@id\":\"https:\\\/\\\/www.ub.edu\\\/gehc\\\/#website\"},\"datePublished\":\"2023-05-09T14:22:55+00:00\",\"dateModified\":\"2025-03-06T16:09:06+00:00\",\"breadcrumb\":{\"@id\":\"https:\\\/\\\/www.ub.edu\\\/gehc\\\/es\\\/tesis-doctorales-leidas\\\/#breadcrumb\"},\"inLanguage\":\"ca\",\"potentialAction\":[{\"@type\":\"ReadAction\",\"target\":[\"https:\\\/\\\/www.ub.edu\\\/gehc\\\/es\\\/tesis-doctorales-leidas\\\/\"]}]},{\"@type\":\"BreadcrumbList\",\"@id\":\"https:\\\/\\\/www.ub.edu\\\/gehc\\\/es\\\/tesis-doctorales-leidas\\\/#breadcrumb\",\"itemListElement\":[{\"@type\":\"ListItem\",\"position\":1,\"name\":\"Inici\",\"item\":\"https:\\\/\\\/www.ub.edu\\\/gehc\\\/\"},{\"@type\":\"ListItem\",\"position\":2,\"name\":\"Tesis\"}]},{\"@type\":\"WebSite\",\"@id\":\"https:\\\/\\\/www.ub.edu\\\/gehc\\\/#website\",\"url\":\"https:\\\/\\\/www.ub.edu\\\/gehc\\\/\",\"name\":\"GEHC\",\"description\":\"Grup d\u2019Estudis d\u2019Hist\u00f2ria de la Cartografia\",\"publisher\":{\"@id\":\"https:\\\/\\\/www.ub.edu\\\/gehc\\\/#organization\"},\"potentialAction\":[{\"@type\":\"SearchAction\",\"target\":{\"@type\":\"EntryPoint\",\"urlTemplate\":\"https:\\\/\\\/www.ub.edu\\\/gehc\\\/?s={search_term_string}\"},\"query-input\":{\"@type\":\"PropertyValueSpecification\",\"valueRequired\":true,\"valueName\":\"search_term_string\"}}],\"inLanguage\":\"ca\"},{\"@type\":\"Organization\",\"@id\":\"https:\\\/\\\/www.ub.edu\\\/gehc\\\/#organization\",\"name\":\"GEHC\",\"url\":\"https:\\\/\\\/www.ub.edu\\\/gehc\\\/\",\"logo\":{\"@type\":\"ImageObject\",\"inLanguage\":\"ca\",\"@id\":\"https:\\\/\\\/www.ub.edu\\\/gehc\\\/#\\\/schema\\\/logo\\\/image\\\/\",\"url\":\"https:\\\/\\\/www.ub.edu\\\/gehc\\\/wp-content\\\/uploads\\\/2023\\\/06\\\/Logotip-GEHC-01.png\",\"contentUrl\":\"https:\\\/\\\/www.ub.edu\\\/gehc\\\/wp-content\\\/uploads\\\/2023\\\/06\\\/Logotip-GEHC-01.png\",\"width\":2016,\"height\":889,\"caption\":\"GEHC\"},\"image\":{\"@id\":\"https:\\\/\\\/www.ub.edu\\\/gehc\\\/#\\\/schema\\\/logo\\\/image\\\/\"},\"sameAs\":[\"https:\\\/\\\/x.com\\\/GehcMapa\"]}]}<\/script>\n<!-- \/ Yoast SEO plugin. -->","yoast_head_json":{"title":"Tesis - GEHC","robots":{"index":"index","follow":"follow","max-snippet":"max-snippet:-1","max-image-preview":"max-image-preview:large","max-video-preview":"max-video-preview:-1"},"canonical":"https:\/\/www.ub.edu\/gehc\/es\/tesis-doctorales-leidas\/","og_locale":"ca_ES","og_type":"article","og_title":"Tesis - GEHC","og_description":"Tesis doctorales le\u00eddas Cartograf\u00eda y transformaci\u00f3n del territorio en Catalu\u00f1a entre el antiguo r\u00e9gimen y la revoluci\u00f3n liberal (SS. XVIII-XIX): El papel de la familia Soler Investigaci\u00f3n: Gisbert Traveria, Meritxell Direcci\u00f3n: Nadal Piqu\u00e9, Francesc y Casti, Emanuela Le\u00edda: en el Departamento de Geograf\u00eda de la Universidad de Barcelona el 20 de junio de 2017 Publicada [&hellip;]","og_url":"https:\/\/www.ub.edu\/gehc\/es\/tesis-doctorales-leidas\/","og_site_name":"GEHC","article_modified_time":"2025-03-06T16:09:06+00:00","twitter_card":"summary_large_image","twitter_site":"@GehcMapa","schema":{"@context":"https:\/\/schema.org","@graph":[{"@type":"WebPage","@id":"https:\/\/www.ub.edu\/gehc\/es\/tesis-doctorales-leidas\/","url":"https:\/\/www.ub.edu\/gehc\/es\/tesis-doctorales-leidas\/","name":"Tesis - GEHC","isPartOf":{"@id":"https:\/\/www.ub.edu\/gehc\/#website"},"datePublished":"2023-05-09T14:22:55+00:00","dateModified":"2025-03-06T16:09:06+00:00","breadcrumb":{"@id":"https:\/\/www.ub.edu\/gehc\/es\/tesis-doctorales-leidas\/#breadcrumb"},"inLanguage":"ca","potentialAction":[{"@type":"ReadAction","target":["https:\/\/www.ub.edu\/gehc\/es\/tesis-doctorales-leidas\/"]}]},{"@type":"BreadcrumbList","@id":"https:\/\/www.ub.edu\/gehc\/es\/tesis-doctorales-leidas\/#breadcrumb","itemListElement":[{"@type":"ListItem","position":1,"name":"Inici","item":"https:\/\/www.ub.edu\/gehc\/"},{"@type":"ListItem","position":2,"name":"Tesis"}]},{"@type":"WebSite","@id":"https:\/\/www.ub.edu\/gehc\/#website","url":"https:\/\/www.ub.edu\/gehc\/","name":"GEHC","description":"Grup d\u2019Estudis d\u2019Hist\u00f2ria de la Cartografia","publisher":{"@id":"https:\/\/www.ub.edu\/gehc\/#organization"},"potentialAction":[{"@type":"SearchAction","target":{"@type":"EntryPoint","urlTemplate":"https:\/\/www.ub.edu\/gehc\/?s={search_term_string}"},"query-input":{"@type":"PropertyValueSpecification","valueRequired":true,"valueName":"search_term_string"}}],"inLanguage":"ca"},{"@type":"Organization","@id":"https:\/\/www.ub.edu\/gehc\/#organization","name":"GEHC","url":"https:\/\/www.ub.edu\/gehc\/","logo":{"@type":"ImageObject","inLanguage":"ca","@id":"https:\/\/www.ub.edu\/gehc\/#\/schema\/logo\/image\/","url":"https:\/\/www.ub.edu\/gehc\/wp-content\/uploads\/2023\/06\/Logotip-GEHC-01.png","contentUrl":"https:\/\/www.ub.edu\/gehc\/wp-content\/uploads\/2023\/06\/Logotip-GEHC-01.png","width":2016,"height":889,"caption":"GEHC"},"image":{"@id":"https:\/\/www.ub.edu\/gehc\/#\/schema\/logo\/image\/"},"sameAs":["https:\/\/x.com\/GehcMapa"]}]}},"lang":"es","translations":{"es":3185,"ca":3055,"en":3193},"pll_sync_post":[],"_links":{"self":[{"href":"https:\/\/www.ub.edu\/gehc\/wp-json\/wp\/v2\/pages\/3185","targetHints":{"allow":["GET"]}}],"collection":[{"href":"https:\/\/www.ub.edu\/gehc\/wp-json\/wp\/v2\/pages"}],"about":[{"href":"https:\/\/www.ub.edu\/gehc\/wp-json\/wp\/v2\/types\/page"}],"author":[{"embeddable":true,"href":"https:\/\/www.ub.edu\/gehc\/wp-json\/wp\/v2\/users\/2"}],"replies":[{"embeddable":true,"href":"https:\/\/www.ub.edu\/gehc\/wp-json\/wp\/v2\/comments?post=3185"}],"version-history":[{"count":11,"href":"https:\/\/www.ub.edu\/gehc\/wp-json\/wp\/v2\/pages\/3185\/revisions"}],"predecessor-version":[{"id":5947,"href":"https:\/\/www.ub.edu\/gehc\/wp-json\/wp\/v2\/pages\/3185\/revisions\/5947"}],"wp:attachment":[{"href":"https:\/\/www.ub.edu\/gehc\/wp-json\/wp\/v2\/media?parent=3185"}],"curies":[{"name":"wp","href":"https:\/\/api.w.org\/{rel}","templated":true}]}}