{"id":3292,"date":"2023-05-16T12:23:05","date_gmt":"2023-05-16T10:23:05","guid":{"rendered":"https:\/\/www.ub.edu\/gehc\/?page_id=3292"},"modified":"2023-05-16T12:26:15","modified_gmt":"2023-05-16T10:26:15","slug":"privacy-policy","status":"publish","type":"page","link":"https:\/\/www.ub.edu\/gehc\/en\/privacy-policy\/","title":{"rendered":"Privacy policy"},"content":{"rendered":"<p>[et_pb_section fb_built=&#8221;1&#8243; admin_label=&#8221;section&#8221; _builder_version=&#8221;4.16&#8243; global_colors_info=&#8221;{}&#8221;][et_pb_row admin_label=&#8221;row&#8221; _builder_version=&#8221;4.16&#8243; background_size=&#8221;initial&#8221; background_position=&#8221;top_left&#8221; background_repeat=&#8221;repeat&#8221; global_colors_info=&#8221;{}&#8221;][et_pb_column type=&#8221;4_4&#8243; _builder_version=&#8221;4.16&#8243; custom_padding=&#8221;|||&#8221; global_colors_info=&#8221;{}&#8221; custom_padding__hover=&#8221;|||&#8221;][et_pb_text _builder_version=&#8221;4.21.0&#8243; _module_preset=&#8221;default&#8221; hover_enabled=&#8221;0&#8243; global_colors_info=&#8221;{}&#8221; sticky_enabled=&#8221;0&#8243;]<\/p>\n<h1>Privacy Policy<\/h1>\n<p>&nbsp;<\/p>\n<h3>Who we are:<\/h3>\n<p>Our website address is: https:\/\/www.ub.edu\/gehc<\/p>\n<h3>\u00a0<\/h3>\n<h3>Comments:<\/h3>\n<p>When visitors leave comments on the web, we collect the data displayed in the comments form, as well as the visitor&#8217;s IP address and browser user agent string to help detect <span class=\"hiddenGreenError\">spam<\/span>.<\/p>\n<p>An anonymous string created from your email address (also called a <span class=\"hiddenSpellError\">hash<\/span>) may be provided to the Gravatar service to see if you are using it. The privacy policy for the Gravatar service is available here: https:\/\/automattic.com\/privacy\/. After your comment is approved, your profile picture is visible to the public in the context of your comment.<\/p>\n<p>&nbsp;<\/p>\n<h3>Media:<\/h3>\n<p>If you upload images to the web, you should avoid uploading images with location data (GPS EXIF) included. Visitors to the web can download and extract any location data from images on the web.<\/p>\n<p>&nbsp;<\/p>\n<h3>Cookies:<\/h3>\n<p>If you leave a comment on our site you can choose to save your name, email address and website in cookies. This is for your convenience, so you don&#8217;t have to fill in your details again when you leave another comment. These cookies will last for one year.<\/p>\n<p>If you have an account and connect to this site, we will install a temporary cookie to determine if your browser accepts cookies. This cookie does not contain personal data and is deleted when you close the browser.<\/p>\n<p>When you log in, we will also install several cookies to save your login information and your screen display options. Access cookies last two days, and display options cookies last one year. If you select &#8220;Remember me&#8221;, your access will last for two weeks. If you exit your account, access cookies will be deleted.<\/p>\n<p>If you edit or publish an article, an additional cookie will be saved in your browser. This cookie does not include personal data and simply indicates the YEAR of the article you have just edited. Expires after 1 day.<\/p>\n<p>&nbsp;<\/p>\n<h3>Embedded content from other websites:<\/h3>\n<p>Articles on this site may include embedded content (eg videos, images, articles, etc.). Embedded content from other websites behaves exactly the same as if the visitor had visited the other website.<\/p>\n<p>These websites may collect data about you, use cookies, embed additional third-party tracking, and monitor your interaction with this embedded content, including tracking your interaction with the embedded content if you have an account and are connected to this website.<\/p>\n<p>&nbsp;<\/p>\n<h3>With whom we share your data:<\/h3>\n<p>If you request a password reset, your IP address will be included in the reset email.<\/p>\n<p>&nbsp;<\/p>\n<h3>How long do we keep your data:<\/h3>\n<p>If you leave a comment, the comment and its metadata are retained indefinitely. This is so that we can automatically recognize and approve successive comments, rather than keeping them in a moderation queue.<\/p>\n<p>For users who register on our website (if any), we also store the personal information they provide in their user profile. All users can view, edit or delete their personal information at any time (except that they cannot change their username). Web administrators can also view and edit this information.<\/p>\n<p>&nbsp;<\/p>\n<h3>What rights do you have over your data:<\/h3>\n<p>If you have an account or have left comments on this website, you can request to receive an export archive of the personal data we hold about you, including any data you have provided to us. You can also request that we delete any personal data we hold about you. This does not include any data that we are required to retain for administrative, legal or security purposes.<\/p>\n<p>&nbsp;<\/p>\n<h3>Where we send your data:<\/h3>\n<p>Visitor comments may be reviewed by an automatic spam detection service.<\/p>\n<p>[\/et_pb_text][\/et_pb_column][\/et_pb_row][\/et_pb_section]<\/p>\n","protected":false},"excerpt":{"rendered":"<p>Privacy Policy &nbsp; Who we are: Our website address is: https:\/\/www.ub.edu\/gehc \u00a0 Comments: When visitors leave comments on the web, we collect the data displayed in the comments form, as well as the visitor&#8217;s IP address and browser user agent string to help detect spam. An anonymous string created from your email address (also called [&hellip;]<\/p>\n","protected":false},"author":2,"featured_media":0,"parent":0,"menu_order":0,"comment_status":"closed","ping_status":"open","template":"","meta":{"_et_pb_use_builder":"on","_et_pb_old_content":"<!-- wp:heading -->\r\n<h2>Qui som<\/h2>\r\n<!-- \/wp:heading --><!-- wp:paragraph -->\r\n<p><strong class=\"privacy-policy-tutorial\">Text suggerit: <\/strong>La nostra adre\u00e7a web \u00e9s: http:\/\/hweb-x-0-fe-02.fe.cpd.local\/gehc\/nova.<\/p>\r\n<!-- \/wp:paragraph --><!-- wp:heading -->\r\n<h2>Comentaris<\/h2>\r\n<!-- \/wp:heading --><!-- wp:paragraph -->\r\n<p><strong class=\"privacy-policy-tutorial\">Text suggerit: <\/strong>Quan els visitants deixen comentaris a la web, recollim les dades que es mostren al formulari de contacte, aix\u00ed com l'adre\u00e7a IP del visitant i la cadena de l'agent de l'usuari del navegador per ajudar a la detecci\u00f3 de missatges brossa.<\/p>\r\n<!-- \/wp:paragraph --><!-- wp:paragraph -->\r\n<p>Una cadena anonimitzada creada a partir de l'adre\u00e7a electr\u00f2nica (tamb\u00e9 anomenat un hash) pot proporcionar-se al servei Gravatar per veure si l'esteu usant. La pol\u00edtica de privadesa del servei Gravatar est\u00e0 disponible aqu\u00ed: https:\/\/automattic.com\/privacy\/. Una vegada aprovat el comentari, la imatge del vostre perfil \u00e9s visible al p\u00fablic al context del comentari.<\/p>\r\n<!-- \/wp:paragraph --><!-- wp:heading -->\r\n<h2>M\u00e8dia<\/h2>\r\n<!-- \/wp:heading --><!-- wp:paragraph -->\r\n<p><strong class=\"privacy-policy-tutorial\">Text suggerit: <\/strong>Si pugeu imatges al lloc web, heu d'evitar pujar imatges que incloguin dades de geolocalitzaci\u00f3 (EXIF GPS) incrustades. Els visitants del lloc web poden baixar i extreure qualsevol informaci\u00f3 de les imatges de la web.<\/p>\r\n<!-- \/wp:paragraph --><!-- wp:heading -->\r\n<h2>Galetes<\/h2>\r\n<!-- \/wp:heading --><!-- wp:paragraph -->\r\n<p><strong class=\"privacy-policy-tutorial\">Text suggerit: <\/strong>Si deixeu un comentari en la p\u00e0gina web, podeu optar per desar el nom, l'adre\u00e7a electr\u00f2nica i el lloc web en les galetes. Aix\u00f2 \u00e9s per la vostra comoditat perqu\u00e8 no h\u00e0geu d'emplenar les dades de nou quan feu un altre comentari. Aquestes galetes duraran un any.<\/p>\r\n<!-- \/wp:paragraph --><!-- wp:paragraph -->\r\n<p>Si teniu un compte i inicieu sessi\u00f3 en aquesta p\u00e0gina web, es definir\u00e0 una galeta temporal per determinar si el navegador accepta galetes. Aquesta galeta no cont\u00e9 dades personals i es descartar\u00e0 quan tanqueu el navegador.<\/p>\r\n<!-- \/wp:paragraph --><!-- wp:paragraph -->\r\n<p>Quan inicieu sessi\u00f3, tamb\u00e9 es configuraran diverses galetes per desar la informaci\u00f3 d'inici de sessi\u00f3 i les opcions de visualitzaci\u00f3 de la pantalla. Les galeres d'inici de sessi\u00f3 duren dos dies, i les galetes de les opcions de pantalla duren un any. Si seleccioneu \"Recordeu-me\", l'inici de sessi\u00f3 persistir\u00e0 durant dues setmanes. Si finalitzeu la sessi\u00f3, les galetes d'inici de sessi\u00f3 seran suprimides.<\/p>\r\n<!-- \/wp:paragraph --><!-- wp:paragraph -->\r\n<p>Si editeu o publiqueu un article, una galeta addicional es desar\u00e0 al navegador. Aquesta galeta no inclou dades personals i simplement indica l'identificador de l'entrada que acabeu d'editar. Caduca despr\u00e9s d'1 dia.<\/p>\r\n<!-- \/wp:paragraph --><!-- wp:heading -->\r\n<h2>Contingut incrustat d'altres llocs web<\/h2>\r\n<!-- \/wp:heading --><!-- wp:paragraph -->\r\n<p><strong class=\"privacy-policy-tutorial\">Text suggerit: <\/strong>Els articles en aquesta p\u00e0gina web inclou contingut incrustat (per exemple, v\u00eddeos, imatges, articles, etc.). El contingut incrustat des d'altres p\u00e0gines web es comporta exactament de la mateixa manera com si el visitant estigu\u00e9s visitant l'altra p\u00e0gina web.<\/p>\r\n<!-- \/wp:paragraph --><!-- wp:paragraph -->\r\n<p>Aquestes p\u00e0gines web poden recollir dades sobre v\u00f3s, fer servir galetes, incrustar seguiment addicional de terceres parts, i monitorar la interacci\u00f3 amb el contingut incrustat, incloent-hi la tra\u00e7a de la interacci\u00f3 amb el contingut incrustat si teniu un compte i heu iniciat sessi\u00f3 en aquesta p\u00e0gina web.<\/p>\r\n<!-- \/wp:paragraph --><!-- wp:heading -->\r\n<h2>Amb qui compartim les vostres dades<\/h2>\r\n<!-- \/wp:heading --><!-- wp:paragraph -->\r\n<p><strong class=\"privacy-policy-tutorial\">Text suggerit: <\/strong>Si sol\u00b7liciteu un reinici de contrasenya, l'adre\u00e7a IP s'inclour\u00e0 en el correu electr\u00f2nic de reinicialitzaci\u00f3.<\/p>\r\n<!-- \/wp:paragraph --><!-- wp:heading -->\r\n<h2>Quant de temps retenim les dades<\/h2>\r\n<!-- \/wp:heading --><!-- wp:paragraph -->\r\n<p><strong class=\"privacy-policy-tutorial\">Text suggerit: <\/strong>Si deixeu un comentari, el comentari i les seves dades meta es retenen indefinidament. Aix\u00f2 \u00e9s per poder recon\u00e8ixer i aprovar autom\u00e0ticament qualsevol comentari de seguiment en lloc de mantenir-los en la cua de moderaci\u00f3.<\/p>\r\n<!-- \/wp:paragraph --><!-- wp:paragraph -->\r\n<p>Per als usuaris que es registren en la web (si hi ha), tamb\u00e9 emmagatzemem la informaci\u00f3 personal que proporcionen al seu perfil d'usuari. Tots els usuaris poden veure, editar o suprimir la seva informaci\u00f3 personal en qualsevol moment (excepte que no poden canviar el seu nom d'usuari). Els administradors de la p\u00e0gina web poden tamb\u00e9 editar aquesta informaci\u00f3.<\/p>\r\n<!-- \/wp:paragraph --><!-- wp:heading -->\r\n<h2>Quins drets teniu sobre les vostres dades<\/h2>\r\n<!-- \/wp:heading --><!-- wp:paragraph -->\r\n<p><strong class=\"privacy-policy-tutorial\">Text suggerit: <\/strong>Si teniu un compte en aquest lloc web o hi heu deixat comentaris, podeu demanar que us enviem un fitxer d'exportaci\u00f3 de les vostres dades personals, incloent-hi totes les dades que ens h\u00e0geu proporcionat. Tamb\u00e9 podeu demanar que esborrem qualsevol dada personal vostra que tinguem. Aix\u00f2 no inclou les dades que estiguem obligats a conservar amb prop\u00f2sits administratius, legals o de seguretat.<\/p>\r\n<!-- \/wp:paragraph --><!-- wp:heading -->\r\n<h2>On s'envien les vostres dades<\/h2>\r\n<!-- \/wp:heading --><!-- wp:paragraph -->\r\n<p><strong class=\"privacy-policy-tutorial\">Text suggerit: <\/strong>Els comentaris dels visitants han de ser comprovats mitjan\u00e7ant un servei de detecci\u00f3 de brossa automatitzat.<\/p>\r\n<!-- \/wp:paragraph -->","_et_gb_content_width":"","_monsterinsights_skip_tracking":false,"_monsterinsights_sitenote_active":false,"_monsterinsights_sitenote_note":"","_monsterinsights_sitenote_category":0,"footnotes":""},"class_list":["post-3292","page","type-page","status-publish","hentry"],"yoast_head":"<!-- This site is optimized with the Yoast SEO plugin v27.5 - https:\/\/yoast.com\/product\/yoast-seo-wordpress\/ -->\n<title>Privacy policy - GEHC<\/title>\n<meta name=\"robots\" content=\"index, follow, max-snippet:-1, max-image-preview:large, max-video-preview:-1\" \/>\n<link rel=\"canonical\" href=\"https:\/\/www.ub.edu\/gehc\/en\/privacy-policy\/\" \/>\n<meta property=\"og:locale\" content=\"ca_ES\" \/>\n<meta property=\"og:type\" content=\"article\" \/>\n<meta property=\"og:title\" content=\"Privacy policy - GEHC\" \/>\n<meta property=\"og:description\" content=\"Privacy Policy &nbsp; Who we are: Our website address is: https:\/\/www.ub.edu\/gehc \u00a0 Comments: When visitors leave comments on the web, we collect the data displayed in the comments form, as well as the visitor&#039;s IP address and browser user agent string to help detect spam. An anonymous string created from your email address (also called [&hellip;]\" \/>\n<meta property=\"og:url\" content=\"https:\/\/www.ub.edu\/gehc\/en\/privacy-policy\/\" \/>\n<meta property=\"og:site_name\" content=\"GEHC\" \/>\n<meta property=\"article:modified_time\" content=\"2023-05-16T10:26:15+00:00\" \/>\n<meta name=\"twitter:card\" content=\"summary_large_image\" \/>\n<meta name=\"twitter:site\" content=\"@GehcMapa\" \/>\n<script type=\"application\/ld+json\" class=\"yoast-schema-graph\">{\"@context\":\"https:\\\/\\\/schema.org\",\"@graph\":[{\"@type\":\"WebPage\",\"@id\":\"https:\\\/\\\/www.ub.edu\\\/gehc\\\/en\\\/privacy-policy\\\/\",\"url\":\"https:\\\/\\\/www.ub.edu\\\/gehc\\\/en\\\/privacy-policy\\\/\",\"name\":\"Privacy policy - GEHC\",\"isPartOf\":{\"@id\":\"https:\\\/\\\/www.ub.edu\\\/gehc\\\/#website\"},\"datePublished\":\"2023-05-16T10:23:05+00:00\",\"dateModified\":\"2023-05-16T10:26:15+00:00\",\"breadcrumb\":{\"@id\":\"https:\\\/\\\/www.ub.edu\\\/gehc\\\/en\\\/privacy-policy\\\/#breadcrumb\"},\"inLanguage\":\"ca\",\"potentialAction\":[{\"@type\":\"ReadAction\",\"target\":[\"https:\\\/\\\/www.ub.edu\\\/gehc\\\/en\\\/privacy-policy\\\/\"]}]},{\"@type\":\"BreadcrumbList\",\"@id\":\"https:\\\/\\\/www.ub.edu\\\/gehc\\\/en\\\/privacy-policy\\\/#breadcrumb\",\"itemListElement\":[{\"@type\":\"ListItem\",\"position\":1,\"name\":\"Inici\",\"item\":\"https:\\\/\\\/www.ub.edu\\\/gehc\\\/\"},{\"@type\":\"ListItem\",\"position\":2,\"name\":\"Privacy policy\"}]},{\"@type\":\"WebSite\",\"@id\":\"https:\\\/\\\/www.ub.edu\\\/gehc\\\/#website\",\"url\":\"https:\\\/\\\/www.ub.edu\\\/gehc\\\/\",\"name\":\"GEHC\",\"description\":\"Grup d\u2019Estudis d\u2019Hist\u00f2ria de la Cartografia\",\"publisher\":{\"@id\":\"https:\\\/\\\/www.ub.edu\\\/gehc\\\/#organization\"},\"potentialAction\":[{\"@type\":\"SearchAction\",\"target\":{\"@type\":\"EntryPoint\",\"urlTemplate\":\"https:\\\/\\\/www.ub.edu\\\/gehc\\\/?s={search_term_string}\"},\"query-input\":{\"@type\":\"PropertyValueSpecification\",\"valueRequired\":true,\"valueName\":\"search_term_string\"}}],\"inLanguage\":\"ca\"},{\"@type\":\"Organization\",\"@id\":\"https:\\\/\\\/www.ub.edu\\\/gehc\\\/#organization\",\"name\":\"GEHC\",\"url\":\"https:\\\/\\\/www.ub.edu\\\/gehc\\\/\",\"logo\":{\"@type\":\"ImageObject\",\"inLanguage\":\"ca\",\"@id\":\"https:\\\/\\\/www.ub.edu\\\/gehc\\\/#\\\/schema\\\/logo\\\/image\\\/\",\"url\":\"https:\\\/\\\/www.ub.edu\\\/gehc\\\/wp-content\\\/uploads\\\/2023\\\/06\\\/Logotip-GEHC-01.png\",\"contentUrl\":\"https:\\\/\\\/www.ub.edu\\\/gehc\\\/wp-content\\\/uploads\\\/2023\\\/06\\\/Logotip-GEHC-01.png\",\"width\":2016,\"height\":889,\"caption\":\"GEHC\"},\"image\":{\"@id\":\"https:\\\/\\\/www.ub.edu\\\/gehc\\\/#\\\/schema\\\/logo\\\/image\\\/\"},\"sameAs\":[\"https:\\\/\\\/x.com\\\/GehcMapa\"]}]}<\/script>\n<!-- \/ Yoast SEO plugin. -->","yoast_head_json":{"title":"Privacy policy - GEHC","robots":{"index":"index","follow":"follow","max-snippet":"max-snippet:-1","max-image-preview":"max-image-preview:large","max-video-preview":"max-video-preview:-1"},"canonical":"https:\/\/www.ub.edu\/gehc\/en\/privacy-policy\/","og_locale":"ca_ES","og_type":"article","og_title":"Privacy policy - GEHC","og_description":"Privacy Policy &nbsp; Who we are: Our website address is: https:\/\/www.ub.edu\/gehc \u00a0 Comments: When visitors leave comments on the web, we collect the data displayed in the comments form, as well as the visitor's IP address and browser user agent string to help detect spam. An anonymous string created from your email address (also called [&hellip;]","og_url":"https:\/\/www.ub.edu\/gehc\/en\/privacy-policy\/","og_site_name":"GEHC","article_modified_time":"2023-05-16T10:26:15+00:00","twitter_card":"summary_large_image","twitter_site":"@GehcMapa","schema":{"@context":"https:\/\/schema.org","@graph":[{"@type":"WebPage","@id":"https:\/\/www.ub.edu\/gehc\/en\/privacy-policy\/","url":"https:\/\/www.ub.edu\/gehc\/en\/privacy-policy\/","name":"Privacy policy - GEHC","isPartOf":{"@id":"https:\/\/www.ub.edu\/gehc\/#website"},"datePublished":"2023-05-16T10:23:05+00:00","dateModified":"2023-05-16T10:26:15+00:00","breadcrumb":{"@id":"https:\/\/www.ub.edu\/gehc\/en\/privacy-policy\/#breadcrumb"},"inLanguage":"ca","potentialAction":[{"@type":"ReadAction","target":["https:\/\/www.ub.edu\/gehc\/en\/privacy-policy\/"]}]},{"@type":"BreadcrumbList","@id":"https:\/\/www.ub.edu\/gehc\/en\/privacy-policy\/#breadcrumb","itemListElement":[{"@type":"ListItem","position":1,"name":"Inici","item":"https:\/\/www.ub.edu\/gehc\/"},{"@type":"ListItem","position":2,"name":"Privacy policy"}]},{"@type":"WebSite","@id":"https:\/\/www.ub.edu\/gehc\/#website","url":"https:\/\/www.ub.edu\/gehc\/","name":"GEHC","description":"Grup d\u2019Estudis d\u2019Hist\u00f2ria de la Cartografia","publisher":{"@id":"https:\/\/www.ub.edu\/gehc\/#organization"},"potentialAction":[{"@type":"SearchAction","target":{"@type":"EntryPoint","urlTemplate":"https:\/\/www.ub.edu\/gehc\/?s={search_term_string}"},"query-input":{"@type":"PropertyValueSpecification","valueRequired":true,"valueName":"search_term_string"}}],"inLanguage":"ca"},{"@type":"Organization","@id":"https:\/\/www.ub.edu\/gehc\/#organization","name":"GEHC","url":"https:\/\/www.ub.edu\/gehc\/","logo":{"@type":"ImageObject","inLanguage":"ca","@id":"https:\/\/www.ub.edu\/gehc\/#\/schema\/logo\/image\/","url":"https:\/\/www.ub.edu\/gehc\/wp-content\/uploads\/2023\/06\/Logotip-GEHC-01.png","contentUrl":"https:\/\/www.ub.edu\/gehc\/wp-content\/uploads\/2023\/06\/Logotip-GEHC-01.png","width":2016,"height":889,"caption":"GEHC"},"image":{"@id":"https:\/\/www.ub.edu\/gehc\/#\/schema\/logo\/image\/"},"sameAs":["https:\/\/x.com\/GehcMapa"]}]}},"lang":"en","translations":{"en":3292,"es":3287,"ca":3},"pll_sync_post":[],"_links":{"self":[{"href":"https:\/\/www.ub.edu\/gehc\/wp-json\/wp\/v2\/pages\/3292","targetHints":{"allow":["GET"]}}],"collection":[{"href":"https:\/\/www.ub.edu\/gehc\/wp-json\/wp\/v2\/pages"}],"about":[{"href":"https:\/\/www.ub.edu\/gehc\/wp-json\/wp\/v2\/types\/page"}],"author":[{"embeddable":true,"href":"https:\/\/www.ub.edu\/gehc\/wp-json\/wp\/v2\/users\/2"}],"replies":[{"embeddable":true,"href":"https:\/\/www.ub.edu\/gehc\/wp-json\/wp\/v2\/comments?post=3292"}],"version-history":[{"count":6,"href":"https:\/\/www.ub.edu\/gehc\/wp-json\/wp\/v2\/pages\/3292\/revisions"}],"predecessor-version":[{"id":3300,"href":"https:\/\/www.ub.edu\/gehc\/wp-json\/wp\/v2\/pages\/3292\/revisions\/3300"}],"wp:attachment":[{"href":"https:\/\/www.ub.edu\/gehc\/wp-json\/wp\/v2\/media?parent=3292"}],"curies":[{"name":"wp","href":"https:\/\/api.w.org\/{rel}","templated":true}]}}