{"id":388,"date":"2023-01-13T13:54:57","date_gmt":"2023-01-13T11:54:57","guid":{"rendered":"https:\/\/www.ub.edu\/gendims\/?page_id=388"},"modified":"2023-09-29T19:44:05","modified_gmt":"2023-09-29T17:44:05","slug":"cavgen_equip","status":"publish","type":"page","link":"https:\/\/www.ub.edu\/gendims\/es\/cavgen_equip\/","title":{"rendered":"Equipo"},"content":{"rendered":"\n<p>El proyecto <a href=\"https:\/\/www.ub.edu\/gendims\/cavgen_home\/\" data-type=\"URL\" data-id=\"https:\/\/www.ub.edu\/gendims\/cavgen_home\/\">CAVGEN<\/a> est\u00e1 formado por un equipo interdisciplinar de personal investigador y profesionales del \u00e1mbito de la comunicaci\u00f3n. Adem\u00e1s, cuenta con el apoyo y colaboraci\u00f3n de diferentes entidades, instituciones y\/o asociaciones. <\/p>\n\n\n\n<p><strong>Equipo<\/strong> <strong>de investigaci\u00f3n<\/strong><\/p>\n\n\n\n<ul><li><strong><a href=\"https:\/\/orcid.org\/0000-0002-9930-4930\" data-type=\"URL\" data-id=\"https:\/\/orcid.org\/0000-0002-9930-4930\">Maddalena Fedele<\/a><\/strong>. Investigadora Principal. Profesora Lectora de la Facultad de Informaci\u00f3n y Medios Audiovisuales de la Universitat de Barcelona.<\/li><li><strong><a href=\"https:\/\/orcid.org\/0000-0002-6065-5186\" data-type=\"URL\" data-id=\"https:\/\/orcid.org\/0000-0002-6065-5186\">Adrien Faure Carvallo<\/a><\/strong>. Investigador Postdoctoral de la Facultad de Informaci\u00f3n y Medios Audiovisuales de la Universitat de Barcelona.<\/li><li><strong><a href=\"https:\/\/orcid.org\/0000-0002-9037-8837\" data-type=\"URL\" data-id=\"https:\/\/orcid.org\/0000-0002-9037-8837\">N\u00faria Ferran-Ferrer<\/a><\/strong>. Profesora Agregada de la Facultad de Informaci\u00f3n y Medios Audiovisuales de la Universitat de Barcelona.<\/li><li><strong><a href=\"https:\/\/orcid.org\/0000-0003-1249-2623\" data-type=\"URL\" data-id=\"https:\/\/orcid.org\/0000-0003-1249-2623\">Hibai Lopez-Gonzalez<\/a><\/strong>. Profesor Lector Serra H\u00fanter de la Facultad de Informaci\u00f3n y Medios Audiovisuales de la Universitat de Barcelona.<\/li><li><strong><a href=\"https:\/\/orcid.org\/my-orcid?orcid=0000-0002-1217-9840\">Maria-Jose Masanet<\/a><\/strong>. Investigadora Principal. Profesora Agregada Serra H\u00fanter de la Facultad de Informaci\u00f3n y Medios Audiovisuales de la Universitat de Barcelona. <\/li><li><strong><a href=\"https:\/\/barrimedialab.com\/quienes-somos\/jose-miguel-tomasena\/\" data-type=\"URL\" data-id=\"https:\/\/barrimedialab.com\/quienes-somos\/jose-miguel-tomasena\/\">Jos\u00e9 Miguel Tomasena<\/a><\/strong>. Investigador Postdoctoral Margarita Salas de la Facultad de Informaci\u00f3n y Medios Audiovisuales de la Universitat de Barcelona y co-fundador del Barri Media Lab.  <\/li><li><strong><a href=\"https:\/\/orcid.org\/0000-0003-4447-151X\" data-type=\"URL\" data-id=\"https:\/\/orcid.org\/0000-0003-4447-151X\">Sergio Villanueva Baselga<\/a><\/strong>. Profesor Agregado de la Facultad de Informaci\u00f3n y Medios Audiovisuales de la Universitat de Barcelona.<\/li><\/ul>\n\n\n\n<hr>\n\n\n\n<p><strong>Equipo T\u00e9cnico<\/strong><\/p>\n\n\n\n<ul><li><strong>David Andreu Sol\u00e0<\/strong>. T\u00e9cnico Audiovisual del Proyecto CAVGEN de la Facultad de Informaci\u00f3n y Medios Audiovisuales de la Universitat de Barcelona.<\/li><li><strong>Jordi Sol\u00e0<\/strong>. Personal de la Oficina de Investigaci\u00f3n de la Facultad de Informaci\u00f3n y Medios Audiovisuales de la Universitat de Barcelona.<\/li><\/ul>\n\n\n\n<hr>\n\n\n\n<p><strong>Equipo Colaborador<\/strong><\/p>\n\n\n\n<ul><li><strong><a href=\"https:\/\/donesvisuals.cat\/usuaris\/salima-jirari\/\" data-type=\"URL\" data-id=\"https:\/\/donesvisuals.cat\/usuaris\/salima-jirari\/\">Salima Jirari<\/a><\/strong>. Secretaria de la Junta de Dones Visuals y Responsable de Distribuci\u00f3n del DocsBarcelona. <\/li><li><strong>Nila N\u00fa\u00f1ez<\/strong>. Directora y Montadora de Documentales y Ficci\u00f3n y Colaboradora de La Bonne.  <\/li><li><strong>Anna I\u00f1igo<\/strong>. Investigadora predoctoral de la Facultad de Informaci\u00f3n y Medios Audiovisuales de la Universitat de Barcelona.<\/li><\/ul>\n\n\n\n<hr>\n\n\n\n<p><strong>Comit\u00e9 Asesor<\/strong><\/p>\n\n\n\n<ul><li><strong>Sue Aran-Ramspott<\/strong>. Universitat Ramon Llull.<\/li><li><strong>Gerard Coll Planas<\/strong>. Universitat Central de Catalunya. <\/li><li><strong>Iolanda Tortajada<\/strong> Universitat Rovira i Virgili. <\/li><li><strong>Maria Gonz\u00e1lez-Aran<\/strong>. Centre Jove d&#8217;Atenci\u00f3 a les Sexualitats (CJAS).<\/li><\/ul>\n\n\n\n<hr>\n\n\n\n<p><strong>Investigadoras Visitantes<\/strong> <strong>en el Proyecto<\/strong><\/p>\n\n\n\n<ul><li><strong>Mariana Silva Moura<\/strong>. Universidade de S\u00e3o Paulo<\/li><\/ul>\n\n\n\n<hr>\n\n\n\n<p><strong>Entidades e Instituciones Paticipantes<\/strong><\/p>\n\n\n\n<figure class=\"wp-container-2 wp-block-gallery-1 wp-block-gallery has-nested-images columns-default is-cropped\">\n<figure class=\"wp-block-image size-large\"><img loading=\"lazy\" width=\"1024\" height=\"576\" data-id=\"525\"  src=\"https:\/\/www.ub.edu\/gendims\/wp-content\/uploads\/2023\/01\/Dones-Visuals.png\" alt=\"\" class=\"wp-image-525\" srcset=\"https:\/\/www.ub.edu\/gendims\/wp-content\/uploads\/2023\/01\/Dones-Visuals.png 1024w, https:\/\/www.ub.edu\/gendims\/wp-content\/uploads\/2023\/01\/Dones-Visuals-300x169.png 300w, https:\/\/www.ub.edu\/gendims\/wp-content\/uploads\/2023\/01\/Dones-Visuals-768x432.png 768w\" sizes=\"(max-width: 1024px) 100vw, 1024px\" \/><\/figure>\n<\/figure>\n\n\n\n<figure class=\"wp-block-image size-full is-resized\"><img loading=\"lazy\" src=\"https:\/\/www.ub.edu\/gendims\/wp-content\/uploads\/2023\/01\/La-Bonne.png\" alt=\"\" class=\"wp-image-526\" width=\"405\" height=\"203\"\/><\/figure>\n","protected":false},"excerpt":{"rendered":"<p>El proyecto CAVGEN est\u00e1 formado por un equipo interdisciplinar de personal investigador y profesionales del \u00e1mbito de la comunicaci\u00f3n. Adem\u00e1s, cuenta con el apoyo y colaboraci\u00f3n de diferentes entidades, instituciones y\/o asociaciones. Equipo de investigaci\u00f3n Maddalena Fedele. Investigadora Principal. Profesora Lectora de la Facultad de Informaci\u00f3n y Medios Audiovisuales de la Universitat de Barcelona. Adrien&hellip; <a class=\"more-link\" href=\"https:\/\/www.ub.edu\/gendims\/es\/cavgen_equip\/\">Continueu llegint <span class=\"screen-reader-text\">Equipo<\/span><\/a><\/p>\n","protected":false},"author":4,"featured_media":0,"parent":0,"menu_order":0,"comment_status":"closed","ping_status":"closed","template":"","meta":[],"_links":{"self":[{"href":"https:\/\/www.ub.edu\/gendims\/wp-json\/wp\/v2\/pages\/388"}],"collection":[{"href":"https:\/\/www.ub.edu\/gendims\/wp-json\/wp\/v2\/pages"}],"about":[{"href":"https:\/\/www.ub.edu\/gendims\/wp-json\/wp\/v2\/types\/page"}],"author":[{"embeddable":true,"href":"https:\/\/www.ub.edu\/gendims\/wp-json\/wp\/v2\/users\/4"}],"replies":[{"embeddable":true,"href":"https:\/\/www.ub.edu\/gendims\/wp-json\/wp\/v2\/comments?post=388"}],"version-history":[{"count":7,"href":"https:\/\/www.ub.edu\/gendims\/wp-json\/wp\/v2\/pages\/388\/revisions"}],"predecessor-version":[{"id":769,"href":"https:\/\/www.ub.edu\/gendims\/wp-json\/wp\/v2\/pages\/388\/revisions\/769"}],"wp:attachment":[{"href":"https:\/\/www.ub.edu\/gendims\/wp-json\/wp\/v2\/media?parent=388"}],"curies":[{"name":"wp","href":"https:\/\/api.w.org\/{rel}","templated":true}]}}