{"id":549,"date":"2023-01-31T23:46:06","date_gmt":"2023-01-31T21:46:06","guid":{"rendered":"https:\/\/www.ub.edu\/gendims\/gendims-espanol\/"},"modified":"2023-02-05T23:02:36","modified_gmt":"2023-02-05T21:02:36","slug":"gendims-espanol","status":"publish","type":"page","link":"https:\/\/www.ub.edu\/gendims\/es\/gendims-espanol\/","title":{"rendered":"GendIMS"},"content":{"rendered":"\n<p><strong>GendIMS<\/strong> (Gender Perspective in Information and Media Studies) es una iniciativa que nace del profesorado de la Facultad de Informaci\u00f3n y Medios Audiovisuales (FIMA) de la Universidad de Barcelona en 2020 y que es reconocido como <strong>Grupo de Innovaci\u00f3n Docente <\/strong>por el programa RIMDA de la Universidad de Barcelona en julio de 2022. El objetivo principal es <strong>incorporar la perspectiva de g\u00e9nero y LGBTI+ en la investigaci\u00f3n y la docencia de la FIMA<\/strong>. Para ello, construimos una comunidad de profesorado e investigadoras que crean proyectos de investigaci\u00f3n y docencia, colaboran y se apoyan en su d\u00eda a d\u00eda acad\u00e9mico.<\/p>\n\n\n\n<p>Todo esto se sit\u00faa en el contexto actual en el que las perspectivas de g\u00e9nero y LGBTI+ se han convertido en una l\u00ednea estrat\u00e9gica, tanto en el sistema universitario catal\u00e1n en general como de la UB y de la FIMA en particular. Desde <strong>GendIMS<\/strong> hacemos una apuesta urgente y decidida por incorporar estas perspectivas tanto a la investigaci\u00f3n como a la docencia y, para ello, dise\u00f1amos y llevamos a cabo diferentes proyectos que favorecen la reflexi\u00f3n y actitud cr\u00edtica y, sobre todo, promueven la transformaci\u00f3n social . Nuestro objetivo final es profundizar en el estudio y la reflexi\u00f3n en torno al g\u00e9nero y las sexualidades en los \u00e1mbitos de la informaci\u00f3n, la comunicaci\u00f3n y la cultura. Por eso hacemos hincapi\u00e9 en las relaciones de poder y violencia que se pueden establecer en estos entornos y dedicamos una especial atenci\u00f3n a las diferencias ya la diversidad.<\/p>\n\n\n\n<p>Actualmente, <strong>GendIMS<\/strong> cuenta con cuatro proyectos financiados activos:<\/p>\n\n\n\n<ul><li>Gender Perspective Mentoring Program in Information &amp; Media Studies (GEMPIMS). Financiaci\u00f3n: Programa de Investigaci\u00f3n en Docencia Universitaria. REDICE-22. Universidad de Barcelona. 2022-23.<\/li><li>Creaci\u00f3n de Contenidos Audiovisuales Feministas: Fomentando la Cultura Audiovisual con Perspectiva de G\u00e9nero (CAVGEN). Financiaci\u00f3n: Ministerio de Igualdad. Instituto de las Mujeres. 2022.<\/li><li><a href=\"https:\/\/www.ub.edu\/wikiwomen\/\" data-type=\"URL\" data-id=\"https:\/\/www.ub.edu\/wikiwomen\/\">Women and Wikipedia (W&amp;W)<\/a>: An\u00e1lisis de la gender gap en la co-producci\u00f3n de la innovaci\u00f3n en las Wikipedias de Espa\u00f1a. Financiaci\u00f3n: Ministerio de Ciencia e Innovaci\u00f3n. Convocatoria 2020. Proyectos de I+D+I. 2021-2024.<\/li><li>Transmedia Gender &amp; LGBTI+ Literacy (TRANSGELIT). Financiaci\u00f3n: Ministerio de Ciencia e Innovaci\u00f3n. Convocatoria 2020. Proyectos de I+D+I. 2021-2024.<\/li><\/ul>\n\n\n\n<p>Tambi\u00e9n contamos con financiaci\u00f3n para la realizaci\u00f3n de una actividad de difusi\u00f3n:<\/p>\n\n\n\n<ul><li><a href=\"https:\/\/www.benasque.org\/2023media\/\">International Congress on Media, Gender and Sexualities: Representations, Literacies &amp; Audience<\/a>s. Financiaci\u00f3n: Ministerio de Igualdad. Instituto de las Mujeres. 2023<\/li><\/ul>\n\n\n\n<p><br>M\u00e1s de 15 profesoras y profesores de la FIMA participamos en estas investigaciones, conjuntamente con profesorado de otras facultades de la UB, como la Facultad de Educaci\u00f3n. Tambi\u00e9n participa profesorado de otras universidades como la Universidad Oberta de Catalunya, la Universidad Aut\u00f3noma de Barcelona y la Universidad Internacional de Valencia. Adem\u00e1s, colaboramos con diferentes entidades e instituciones como Mujeres Visuales, La Bonne, el Centro Joven de Atenci\u00f3n a las Sexualidades (CJAS), el Consejo de la Juventud de Barcelona (CJB) y el Consejo Nacional de Juventud de Barcelona ( CNJB).<\/p>\n\n\n\n<p>Por tanto, con <strong>GendIMS<\/strong> creamos una comunidad que colabora para construir un mundo m\u00e1s inclusivo y diverso.<\/p>\n","protected":false},"excerpt":{"rendered":"<p>GendIMS (Gender Perspective in Information and Media Studies) es una iniciativa que nace del profesorado de la Facultad de Informaci\u00f3n y Medios Audiovisuales (FIMA) de la Universidad de Barcelona en 2020 y que es reconocido como Grupo de Innovaci\u00f3n Docente por el programa RIMDA de la Universidad de Barcelona en julio de 2022. El objetivo&hellip; <a class=\"more-link\" href=\"https:\/\/www.ub.edu\/gendims\/es\/gendims-espanol\/\">Continueu llegint <span class=\"screen-reader-text\">GendIMS<\/span><\/a><\/p>\n","protected":false},"author":1,"featured_media":0,"parent":0,"menu_order":0,"comment_status":"closed","ping_status":"closed","template":"","meta":[],"_links":{"self":[{"href":"https:\/\/www.ub.edu\/gendims\/wp-json\/wp\/v2\/pages\/549"}],"collection":[{"href":"https:\/\/www.ub.edu\/gendims\/wp-json\/wp\/v2\/pages"}],"about":[{"href":"https:\/\/www.ub.edu\/gendims\/wp-json\/wp\/v2\/types\/page"}],"author":[{"embeddable":true,"href":"https:\/\/www.ub.edu\/gendims\/wp-json\/wp\/v2\/users\/1"}],"replies":[{"embeddable":true,"href":"https:\/\/www.ub.edu\/gendims\/wp-json\/wp\/v2\/comments?post=549"}],"version-history":[{"count":4,"href":"https:\/\/www.ub.edu\/gendims\/wp-json\/wp\/v2\/pages\/549\/revisions"}],"predecessor-version":[{"id":624,"href":"https:\/\/www.ub.edu\/gendims\/wp-json\/wp\/v2\/pages\/549\/revisions\/624"}],"wp:attachment":[{"href":"https:\/\/www.ub.edu\/gendims\/wp-json\/wp\/v2\/media?parent=549"}],"curies":[{"name":"wp","href":"https:\/\/api.w.org\/{rel}","templated":true}]}}