{"id":597,"date":"2023-02-05T21:45:12","date_gmt":"2023-02-05T19:45:12","guid":{"rendered":"https:\/\/www.ub.edu\/gendims\/?page_id=597"},"modified":"2023-09-29T18:39:28","modified_gmt":"2023-09-29T16:39:28","slug":"proyecto-cavgen","status":"publish","type":"page","link":"https:\/\/www.ub.edu\/gendims\/proyecto-cavgen\/","title":{"rendered":"CAVGEN"},"content":{"rendered":"\n<p>El projecte&nbsp;<strong>CAVGEN<\/strong>&nbsp;va n\u00e9ixer de la necessitat i la voluntat d&#8217;incorporar la perspectiva i igualtat de g\u00e8nere en la doc\u00e8ncia universit\u00e0ria, aix\u00ed com de promoure i fomentar la igualtat de g\u00e8nere en la cultura i la comunicaci\u00f3, en particular en la cultura audiovisual i la pr\u00f2pia creaci\u00f3 audiovisual. El seu objectiu principal \u00e9s crear continguts audiovisuals feministes relatius a la representaci\u00f3 i pres\u00e8ncia de les dones i els homes als mitjans audiovisuals i interactius. Aquests materials es divulgaran mitjan\u00e7ant la creaci\u00f3 d&#8217;un dip\u00f2sit digital d&#8217;acc\u00e9s obert (en aquest mateix web). El projecte&nbsp;CAVGEN&nbsp;es dirigeix, en primer lloc, al propi col\u00b7lectiu de l&#8217;estudiantat de l&#8217;\u00e0rea de la comunicaci\u00f3 i la cultura i, en segon lloc, a la societat en conjunt (professorat i alumnat de secund\u00e0ria, fam\u00edlies, joventuts, institucions educatives, institucions governamentals, etc.).<\/p>\n\n\n\n<p> 32\/4ACT\/21<\/p>\n\n\n\n<hr class=\"rosa\">\n\n\n\n<p><strong>Objetius<\/strong><\/p>\n\n\n\n<p>L&#8217;objectiu general del projecte \u00e9s crear <strong>continguts audiovisuals feministes<\/strong>, que siguin reflexions, an\u00e0lisis, experi\u00e8ncies, etc., relatives a la representaci\u00f3 ia la pres\u00e8ncia de les dones i els homes als mitjans audiovisuals i interactius. Els materials seran creats per l&#8217;estudiantat de la FIMA amb l&#8217;acompanyament del professorat i persones expertes.<\/p>\n\n\n\n<p>Aquest objectiu principal es pot desglossar en els objectius espec\u00edfics seg\u00fcents (OE):<\/p>\n\n\n\n<ul><li>OE1: Oferir activitats formatives en format taller per a l&#8217;estudiantat i el professorat de la FIMA, dutes a terme per persones expertes en la perspectiva feminista aplicada als mitjans audiovisuals;<\/li><li>OE2: Implicar l&#8217;estudiantat de la FIMA en la ideaci\u00f3 i la realitzaci\u00f3 de peces audiovisuals feministes, que tinguen en compte representacions medi\u00e0tiques de g\u00e8nere parit\u00e0ries i inclusives;<\/li><li>OE3: Aplicar la igualtat de g\u00e8nere en el propi proc\u00e9s creatiu i productiu dels materials audiovisuals, vetllant per la paritat als equips i fomentant les creacions de dones;<\/li><li>OE4: Contribuir a la incorporaci\u00f3 de la perspectiva de g\u00e8nere a diverses assignatures;<\/li><li>OE5: Fomentar la sensibilitzaci\u00f3 de la comunitat universit\u00e0ria en perspectiva de g\u00e8nere i feminista, mitjan\u00e7ant una jornada de divulgaci\u00f3 ad hoc (que inclogui xerrades, activitats, debats, projeccions, tallers, etc.);<\/li><li>OE6: Posar a l&#8217;abast d&#8217;agents educatius de secund\u00e0ria, estudiantat de secund\u00e0ria, joventuts en general, fam\u00edlies, institucions educatives formals i no formals, etc., els materials realitzats, generant aix\u00ed una acci\u00f3 de transfer\u00e8ncia a la societat.<\/li><li>OE7: Incidir en la professionalitzaci\u00f3 i l&#8217;emprenedoria de l&#8217;estudiantat de la Facultat, a trav\u00e9s de la participaci\u00f3 en el proc\u00e9s creatiu audiovisual, i gr\u00e0cies al suport del Centre de Producci\u00f3 i Emprenedoria Audiovisual (CPEA) de la FIMA.<\/li><\/ul>\n\n\n\n<hr class=\"rosa\">\n\n\n\n<p><strong>M\u00e8tode<\/strong><\/p>\n\n\n\n<p>El projecte <strong>CAVGEN<\/strong> consisteix en una proposta de recerca-acci\u00f3-participativa (Chevalier i Buckles, 2013) amb un enfocament etnogr\u00e0fic i, per tant, t\u00e9 una aproximaci\u00f3 metodol\u00f2gica eminentment qualitativa. Per aix\u00f2, a partir d&#8217;un apropament etnogr\u00e0fic es combinen diferents t\u00e8cniques qualitatives com ara l&#8217;observaci\u00f3 participant i els diaris de camp de les persones investigadores del projecte. Finalment, tamb\u00e9 s&#8217;utilitzaran t\u00e8cniques d&#8217;an\u00e0lisi qualitativa sociosemi\u00f2tica dels continguts medi\u00e0tics que es crearan durant la segona fase del projecte.<\/p>\n\n\n\n<hr class=\"rosa\">\n\n\n\n<p><strong>Fases<\/strong><\/p>\n\n\n\n<p>El projecte CAVGEN s&#8217;estructura en 4 fases que contemplen diferents accions i activitats, treball d&#8217;investigaci\u00f3 i estrat\u00e8gies de difusi\u00f3: <\/p>\n\n\n\n<p><strong>Fase 1<\/strong>. A la primera fase del projecte es duran a terme sis tallers de creaci\u00f3 audiovisual amb perspectiva feminista i de g\u00e8nere, a c\u00e0rrec de persones expertes de les entitats feministes que col\u00b7laboren en el projecte: Dones Visuals i La Bonne Centre de Cultura Audiovisual.<br><strong>Fase 2<\/strong>. A la segona fase del projecte es dur\u00e0 a terme la creaci\u00f3 de peces o p\u00edndoles audiovisuals i es dissenyar\u00e0 un repositori digital per a aquestes. Tot aix\u00f2 es desenvolupar\u00e0 dins el marc d&#8217;assignatures dels Graus de Comunicaci\u00f3 Audiovisual (CAV) i Gesti\u00f3 d&#8217;Informaci\u00f3 i Documentaci\u00f3 Digital (GIDD). I comptar\u00e0 amb el suport del Centre de Producci\u00f3 i Emprenedoria Audiovisual (CPEA) de la FIMA. Durant el proc\u00e9s creatiu tamb\u00e9 es dur\u00e0 a terme la recollida de les dades de l&#8217;observaci\u00f3 participant de les persones investigadores.<br><strong>Fase 3<\/strong>. A la tercera fase del projecte es realitzar\u00e0 l&#8217;an\u00e0lisi de les dades recollides a la fase anterior i de les peces realitzades.<br><strong>Fase 4<\/strong>. Finalment, a la darrera fase del projecte es duran a terme les accions de disseminaci\u00f3 del projecte: a) una Jornada de divulgaci\u00f3 en qu\u00e8 es presentar\u00e0 el propi projecte i les creacions audiovisuals derivades del mateix, i intervindran persones expertes de les universitats col\u00b7laboradores; b) la producci\u00f3 cient\u00edfica (redacci\u00f3 de 2 articles cient\u00edfics); i c) la divulgaci\u00f3 dels resultats a trav\u00e9s de canals institucionals i medi\u00e0tics generalistes.<\/p>\n\n\n\n<p>.<\/p>\n\n\n\n<figure class=\"wp-block-image size-large\"><img loading=\"lazy\" width=\"1024\" height=\"275\" src=\"https:\/\/www.ub.edu\/gendims\/wp-content\/uploads\/2023\/01\/Ministerio-Igualdad_Instituto-de-las-Mujeres-1024x275.jpeg\" alt=\"\" class=\"wp-image-518\" srcset=\"https:\/\/www.ub.edu\/gendims\/wp-content\/uploads\/2023\/01\/Ministerio-Igualdad_Instituto-de-las-Mujeres-1024x275.jpeg 1024w, https:\/\/www.ub.edu\/gendims\/wp-content\/uploads\/2023\/01\/Ministerio-Igualdad_Instituto-de-las-Mujeres-300x81.jpeg 300w, https:\/\/www.ub.edu\/gendims\/wp-content\/uploads\/2023\/01\/Ministerio-Igualdad_Instituto-de-las-Mujeres-768x206.jpeg 768w, https:\/\/www.ub.edu\/gendims\/wp-content\/uploads\/2023\/01\/Ministerio-Igualdad_Instituto-de-las-Mujeres-1536x412.jpeg 1536w, https:\/\/www.ub.edu\/gendims\/wp-content\/uploads\/2023\/01\/Ministerio-Igualdad_Instituto-de-las-Mujeres-1568x421.jpeg 1568w, https:\/\/www.ub.edu\/gendims\/wp-content\/uploads\/2023\/01\/Ministerio-Igualdad_Instituto-de-las-Mujeres.jpeg 1770w\" sizes=\"(max-width: 1024px) 100vw, 1024px\" \/><\/figure>\n\n\n\n<figure class=\"wp-container-2 wp-block-gallery-1 wp-block-gallery has-nested-images columns-default is-cropped\">\n<figure class=\"wp-block-image size-large\"><img loading=\"lazy\" width=\"1024\" height=\"527\" data-id=\"519\"  src=\"https:\/\/www.ub.edu\/gendims\/wp-content\/uploads\/2023\/01\/FIMA_transparent-1024x527.png\" alt=\"\" class=\"wp-image-519\" srcset=\"https:\/\/www.ub.edu\/gendims\/wp-content\/uploads\/2023\/01\/FIMA_transparent-1024x527.png 1024w, https:\/\/www.ub.edu\/gendims\/wp-content\/uploads\/2023\/01\/FIMA_transparent-300x154.png 300w, https:\/\/www.ub.edu\/gendims\/wp-content\/uploads\/2023\/01\/FIMA_transparent-768x395.png 768w, https:\/\/www.ub.edu\/gendims\/wp-content\/uploads\/2023\/01\/FIMA_transparent-1536x791.png 1536w, https:\/\/www.ub.edu\/gendims\/wp-content\/uploads\/2023\/01\/FIMA_transparent-2048x1054.png 2048w, https:\/\/www.ub.edu\/gendims\/wp-content\/uploads\/2023\/01\/FIMA_transparent-1568x807.png 1568w\" sizes=\"(max-width: 1024px) 100vw, 1024px\" \/><\/figure>\n<\/figure>\n\n\n\n<figure class=\"wp-block-image\"><img alt=\"\"\/><\/figure>\n","protected":false},"excerpt":{"rendered":"<p>El projecte&nbsp;CAVGEN&nbsp;va n\u00e9ixer de la necessitat i la voluntat d&#8217;incorporar la perspectiva i igualtat de g\u00e8nere en la doc\u00e8ncia universit\u00e0ria, aix\u00ed com de promoure i fomentar la igualtat de g\u00e8nere en la cultura i la comunicaci\u00f3, en particular en la cultura audiovisual i la pr\u00f2pia creaci\u00f3 audiovisual. El seu objectiu principal \u00e9s crear continguts audiovisuals&hellip; <a class=\"more-link\" href=\"https:\/\/www.ub.edu\/gendims\/proyecto-cavgen\/\">Continueu llegint <span class=\"screen-reader-text\">CAVGEN<\/span><\/a><\/p>\n","protected":false},"author":1,"featured_media":0,"parent":0,"menu_order":0,"comment_status":"closed","ping_status":"closed","template":"","meta":[],"_links":{"self":[{"href":"https:\/\/www.ub.edu\/gendims\/wp-json\/wp\/v2\/pages\/597"}],"collection":[{"href":"https:\/\/www.ub.edu\/gendims\/wp-json\/wp\/v2\/pages"}],"about":[{"href":"https:\/\/www.ub.edu\/gendims\/wp-json\/wp\/v2\/types\/page"}],"author":[{"embeddable":true,"href":"https:\/\/www.ub.edu\/gendims\/wp-json\/wp\/v2\/users\/1"}],"replies":[{"embeddable":true,"href":"https:\/\/www.ub.edu\/gendims\/wp-json\/wp\/v2\/comments?post=597"}],"version-history":[{"count":4,"href":"https:\/\/www.ub.edu\/gendims\/wp-json\/wp\/v2\/pages\/597\/revisions"}],"predecessor-version":[{"id":756,"href":"https:\/\/www.ub.edu\/gendims\/wp-json\/wp\/v2\/pages\/597\/revisions\/756"}],"wp:attachment":[{"href":"https:\/\/www.ub.edu\/gendims\/wp-json\/wp\/v2\/media?parent=597"}],"curies":[{"name":"wp","href":"https:\/\/api.w.org\/{rel}","templated":true}]}}