{"id":612,"date":"2023-02-05T22:47:27","date_gmt":"2023-02-05T20:47:27","guid":{"rendered":"https:\/\/www.ub.edu\/gendims\/?page_id=612"},"modified":"2023-02-05T22:47:28","modified_gmt":"2023-02-05T20:47:28","slug":"proyectos","status":"publish","type":"page","link":"https:\/\/www.ub.edu\/gendims\/es\/proyectos\/","title":{"rendered":"Proyectos"},"content":{"rendered":"\n<p><strong>Proyectos ACTIVOS<\/strong><\/p>\n\n\n\n<hr>\n\n\n\n<p>T\u00edtol:<strong><mark style=\"background-color:rgba(0, 0, 0, 0);color:#9954d4\" class=\"has-inline-color\"> <a href=\"https:\/\/www.benasque.org\/2023media\/\" data-type=\"URL\" data-id=\"https:\/\/www.benasque.org\/2023media\/\">International Congress on Media, Gender and Sexualities. Representations, Literacies and Audiences<\/a> <\/mark><\/strong><\/p>\n\n\n\n<p>Entitat: Facultat d\u2019Informaci\u00f3 i Mitjans Audiovisuals. Universitat de Barcelona. Finan\u00e7ament: Ministerio de Igualdad. Instituto de las Mujeres. Refer\u00e8ncia: <strong>5\/6ACT\/22<\/strong>. Import: 24.169,59 \u20ac. Duraci\u00f3: <strong>2023<\/strong>.<\/p>\n\n\n\n<p id=\"block-99f591a8-2c98-4ffb-a996-bd4df663fc27\">Investigadora Principal: <strong>Maria-Jose Masanet<\/strong>. Co-organitzadora: Mar\u00eda Teresa Soto-Sanfiel. Equip: Adriana Angulo-Brunet; V\u00edtor Blanco-Fern\u00e1ndez; Juan-Jos\u00e9 Bot\u00e9; Toni Caparr\u00f3s; Adrien Faure Carvallo; Maddalena Fedele, Laura Fern\u00e1ndez; Concepci\u00f3n Fuentes; Maria Gonz\u00e1lez; Beatriz Gonz\u00e1lez de Garay; Adriana Ibiti; Hibai L\u00f3pez-Gonz\u00e1lez; Maria Marcos-Ramos; Daniel Mourenza; Fernanda Pires de Sa; J. Roberto S\u00e1nchez-Reina; Juan-Jos\u00e9 S\u00e1nches-Soriano; Jos\u00e9 M. Tomasena; Luc\u00eda-Gloria V\u00e1zquez-Rodr\u00edguez; Rafael Ventura; Sergio Villanueva Baselga; Isabel Villegas-Sim\u00f3n. <\/p>\n\n\n\n<hr>\n\n\n\n<p>T\u00edtol:<strong> <mark style=\"background-color:rgba(0, 0, 0, 0);color:#9954d4\" class=\"has-inline-color\">GENPIMS: Gender perspective mentoring Program in Information and Media Studies<\/mark><\/strong><\/p>\n\n\n\n<p>Entitat: Facultat d\u2019Informaci\u00f3 i Mitjans Audiovisuals. Universitat de Barcelona. Finan\u00e7ament: <strong>Programa de Recerca en Doc\u00e8ncia Universit\u00e0ria. REDICE-22<\/strong>. Universitat de Barcelona. Refer\u00e8ncia: <strong>REDICE22-3367<\/strong>. Import: 1.850 \u20ac. Duraci\u00f3: <strong>2022-2023<\/strong>.<\/p>\n\n\n\n<p id=\"block-99f591a8-2c98-4ffb-a996-bd4df663fc27\">Investigadora Principal: <strong>Juan-Jos\u00e9 Bot\u00e9-Vericad<\/strong>. Equip Investigaci\u00f3: Margarida Carnic\u00e9 Mur, Maddalena Fedele, Maria  Jos\u00e9 Masanet, Aurora Vall i Anna Villarroya<\/p>\n\n\n\n<hr>\n\n\n\n<p>T\u00edtol:<strong> <mark style=\"background-color:rgba(0, 0, 0, 0);color:#9954d4\" class=\"has-inline-color\"><a href=\"https:\/\/www.ub.edu\/gendims\/cavgen_home\/\" data-type=\"URL\" data-id=\"https:\/\/www.ub.edu\/gendims\/cavgen_home\/\">Creaci\u00f3n de Contenidos Audiovisuales Feministas: Fomentando la Cultura Audiovisual con Perspectiva de G\u00e9nero (CAVGEN)<\/a><\/mark><\/strong><\/p>\n\n\n\n<p>Entitat: Facultat d\u2019Informaci\u00f3 i Mitjans Audiovisuals. Universitat de Barcelona. Finan\u00e7ament: <strong>Ministerio de Igualdad. Instituto de las Mujeres<\/strong>. Refer\u00e8ncia: <strong>32\/4ACT\/21<\/strong>. Import: 24.175,93 \u20ac. Duraci\u00f3: <strong>2022-2023<\/strong>.<\/p>\n\n\n\n<p id=\"block-99f591a8-2c98-4ffb-a996-bd4df663fc27\">Investigadora Principal: <strong>Maddalena Fedele<\/strong>. Equip Investigaci\u00f3: Adrien Faure, N\u00faria Ferran-Ferrer, Hibai L\u00f3pez-Gonz\u00e1lez, Maria-Jose Masanet, Jose Miguel Tomasena i Sergio Villanueva.<\/p>\n\n\n\n<hr>\n\n\n\n<p>T\u00edtol:<strong> <mark style=\"background-color:rgba(0, 0, 0, 0);color:#9954d4\" class=\"has-inline-color\"><a href=\"https:\/\/www.ub.edu\/wikiwomen\/\" data-type=\"URL\" data-id=\"https:\/\/www.ub.edu\/wikiwomen\/\">Women and Wikipedia (W&amp;W): Analysis of the gender gap in the co-production of knowledge in the Wikipedias of Spain<\/a><\/mark><\/strong><\/p>\n\n\n\n<p>Entitat: Facultat d\u2019Informaci\u00f3 i Mitjans Audiovisuals. Universitat de Barcelona. Finan\u00e7ament: <strong>Ministerio de Ciencia e Innovaci\u00f3n<\/strong>. Convocat\u00f2ria 2020. Projectes I+D+i. Generaci\u00f3 de Coneixement i Reptes de Recerca. Refer\u00e8ncia: <strong>PID2020-116936RA-I00<\/strong> \/ AEI \/ 10.13039\/501100011033. Import: 60.000,00 \u20ac. Duraci\u00f3: <strong>2021 &#8211; 2024<\/strong>.<\/p>\n\n\n\n<p>Investigadora Principal: <strong>N\u00faria Ferran-Ferrer<\/strong>. Equip Investigaci\u00f3: Juan-Jos\u00e9 Bot\u00e9 Vericad, Sonia Camarasa, Patricia Castellanos, Miquel Centelles, Maite Comalat, Laura Fern\u00e1ndez, Yessica Maci\u00e0, Juli\u00e0 Minguill\u00f3n, Marc Miquel, Julio Meneses, Xiaozhou Peng, Amadeu Pons, David Ram\u00edrez-Ordo\u00f1ez, Mariana Silva, Jordi Sol\u00e0, Aurora Vall, Fan Yan, Izaro Ziluaga. <\/p>\n\n\n\n<hr>\n\n\n\n<p>T\u00edtol:<strong> <\/strong><a href=\"https:\/\/www.ub.edu\/gendims\/transgelit_home\/\" data-type=\"URL\" data-id=\"https:\/\/www.ub.edu\/gendims\/transgelit_home\/\"><strong><mark style=\"background-color:rgba(0, 0, 0, 0);color:#9954d4\" class=\"has-inline-color\">Transmedia Gender &amp; LGBTI+ Literacy (TRANSGELIT)<\/mark><\/strong> <\/a><\/p>\n\n\n\n<p>Entitat: Facultat d\u2019Informaci\u00f3 i Mitjans Audiovisuals. Universitat de Barcelona. Finan\u00e7ament: <strong>Ministerio de Ciencia e Innovaci\u00f3<\/strong>n. Convocat\u00f2ria 2020. Projectes I+D+i. Generaci\u00f3 de Coneixement i Reptes de Recerca. Refer\u00e8ncia: <strong>PID2020-115579RA-I00<\/strong> \/ AEI \/ 10.13039\/501100011033. Import: 48.279,00 \u20ac. Duraci\u00f3: <strong>2021 &#8211; 2024<\/strong>.<\/p>\n\n\n\n<p>Investigadores Principals: <strong>Maria-Jose Masanet i Maddalena Fedele<\/strong>. Equip Investigaci\u00f3: Queralt Ayuso, V\u00edtor Blanco, Jordi Baroja, Juan-Jos\u00e9 Bot\u00e9-Vericad, Toni Caparr\u00f3s, Margarida Carnic\u00e9 Mur, Adrien Faure, Laura Fern\u00e1ndez, Concepci\u00f3n Fuentes, Maria Gonz\u00e1lez Aran, Laura Gr\u00e0cia i Jodar, Hibai L\u00f3pez-Gonz\u00e1lez, Laia Manresa, Carolina Mart\u00ed Pi\u00f1ol, Daniel Mourenza, Paula Ortiz, Fernanda Pires de Sa, Roberto S\u00e1nchez Reina, Anna Rodr\u00edguez Dur\u00e1n, Mariana Silva Moura, Jose Miguel Tomasena i Sergio Villanueva. <\/p>\n\n\n\n<hr class=\"rosa\">\n\n\n\n<p><strong>Projectes ACABATS<\/strong><\/p>\n\n\n\n<hr>\n\n\n\n<p>T\u00edtol:<strong> <mark style=\"background-color:rgba(0, 0, 0, 0);color:#9954d4\" class=\"has-inline-color\">Perspectiva de G\u00e8nere i LGBTI+: Revisi\u00f3 Sistem\u00e0tica de la Literatura a les \u00c0rees d&#8217;Informaci\u00f3 i Documentaci\u00f3 i Comunicaci\u00f3 Audiovisual<\/mark><\/strong><\/p>\n\n\n\n<p>Entitat: Facultat d\u2019Informaci\u00f3 i Mitjans Audiovisuals. Universitat de Barcelona. Finan\u00e7ament: <strong>Centre de Recerca en Informaci\u00f3, Comunicaci\u00f3 i Cultura (CRICC)<\/strong>. UB.&nbsp;Import: 2.000,00 \u20ac. Duraci\u00f3: <strong>2021 &#8211; 2022<\/strong>.<\/p>\n\n\n\n<p>Investigadores Principals: <strong>Juan-Jos\u00e9 Bot\u00e9 i Maddalena Fedele<\/strong>. Equip Investigaci\u00f3: Margarida Carnic\u00e9 Mur, N\u00faria Jornet Benito, Maria-Jose Masanet, Aurora Valls i Anna Villarroya<\/p>\n\n\n\n<hr>\n\n\n\n<p>T\u00edtol: <strong><mark style=\"background-color:rgba(0, 0, 0, 0);color:#9954d4\" class=\"has-inline-color\">Educaci\u00f3n Sexual Transmedia. J\u00f3venes Aprendiendo sobre la Sexualidad y las Relaciones Amorosas de Manera Informal en el Entorno Medi\u00e1tico<\/mark><\/strong><\/p>\n\n\n\n<p>Entitat: Facultat d\u2019Informaci\u00f3 i Mitjans Audiovisuals (Universitat de Barcelona) i Department of Culture and Media Studies (The New School, NY).  Finan\u00e7ament: Ayuda Jos\u00e9 Castillejos. <strong>Ministerio de Universidades<\/strong>. <strong>Fundaci\u00f3n Fulbright<\/strong>. Refer\u00e8ncia: <strong>CAS\/21\/00478<\/strong>. Import: 15.016,00 $. Duraci\u00f3: <strong>2022<\/strong><\/p>\n\n\n\n<p>Investigadores Principals: <strong>Maria-Jose Masanet<\/strong>. Equip Investigaci\u00f3: Kate Eichoorn. <\/p>\n\n\n\n<hr>\n\n\n\n<p>T\u00edtol: <strong><mark style=\"background-color:rgba(0, 0, 0, 0);color:#9954d4\" class=\"has-inline-color\">GENDIMS (Gender Perspective in Information and Media Studies): an\u00e0lisi i proposta<\/mark><\/strong><\/p>\n\n\n\n<p>Entitat: Facultat d\u2019Informaci\u00f3 i Mitjans Audiovisuals. Universitat de Barcelona. Finan\u00e7ament: <strong>Programa de Recerca en Doc\u00e8ncia Universit\u00e0ria. REDICE-20<\/strong>. Universitat de Barcelona. Refer\u00e8ncia: <strong>REDICE20-2542<\/strong>. Import: 2.400,00 \u20ac. Duraci\u00f3: <strong>2020 &#8211; 2021<\/strong>.<\/p>\n\n\n\n<p>Investigadores Principals: <strong>Maria-Jose Masanet i Anna Villarroya<\/strong>. Equip Investigaci\u00f3: Juan-Jos\u00e9 Bot\u00e9, Margarida Carnic\u00e9 Mur, Maddalena Fedele, N\u00faria Jornet Benito i Aurora Vall<\/p>\n\n\n\n<hr>\n\n\n\n<p>T\u00edtol:<strong> <mark style=\"background-color:rgba(0, 0, 0, 0);color:#9954d4\" class=\"has-inline-color\">Incorporant la Perspectiva de G\u00e8nere i LGBTI+ a la Doc\u00e8ncia de la FIMA<\/mark><\/strong><\/p>\n\n\n\n<p>Entitat: Facultat d\u2019Informaci\u00f3 i Mitjans Audiovisuals. Universitat de Barcelona. Finan\u00e7ament: <strong>Centre de Recerca en Informaci\u00f3, Comunicaci\u00f3 i Cultura (CRICC)<\/strong>. UB.&nbsp;Import: 1.500,00 \u20ac. Duraci\u00f3: <strong>2020 &#8211; 2021<\/strong>.<\/p>\n\n\n\n<p>Investigadores Principals: <strong>Maria-Jose Masanet i Anna Villarroya<\/strong>. Equip Investigaci\u00f3: Juan-Jos\u00e9 Bot\u00e9, Margarida Carnic\u00e9 Mur, Maddalena Fedele, N\u00faria Jornet Benito i Aurora Vall<\/p>\n","protected":false},"excerpt":{"rendered":"<p>Proyectos ACTIVOS T\u00edtol: International Congress on Media, Gender and Sexualities. Representations, Literacies and Audiences Entitat: Facultat d\u2019Informaci\u00f3 i Mitjans Audiovisuals. Universitat de Barcelona. Finan\u00e7ament: Ministerio de Igualdad. Instituto de las Mujeres. Refer\u00e8ncia: 5\/6ACT\/22. Import: 24.169,59 \u20ac. Duraci\u00f3: 2023. Investigadora Principal: Maria-Jose Masanet. Co-organitzadora: Mar\u00eda Teresa Soto-Sanfiel. Equip: Adriana Angulo-Brunet; V\u00edtor Blanco-Fern\u00e1ndez; Juan-Jos\u00e9 Bot\u00e9; Toni Caparr\u00f3s;&hellip; <a class=\"more-link\" href=\"https:\/\/www.ub.edu\/gendims\/es\/proyectos\/\">Continueu llegint <span class=\"screen-reader-text\">Proyectos<\/span><\/a><\/p>\n","protected":false},"author":1,"featured_media":0,"parent":0,"menu_order":0,"comment_status":"closed","ping_status":"closed","template":"","meta":[],"_links":{"self":[{"href":"https:\/\/www.ub.edu\/gendims\/wp-json\/wp\/v2\/pages\/612"}],"collection":[{"href":"https:\/\/www.ub.edu\/gendims\/wp-json\/wp\/v2\/pages"}],"about":[{"href":"https:\/\/www.ub.edu\/gendims\/wp-json\/wp\/v2\/types\/page"}],"author":[{"embeddable":true,"href":"https:\/\/www.ub.edu\/gendims\/wp-json\/wp\/v2\/users\/1"}],"replies":[{"embeddable":true,"href":"https:\/\/www.ub.edu\/gendims\/wp-json\/wp\/v2\/comments?post=612"}],"version-history":[{"count":2,"href":"https:\/\/www.ub.edu\/gendims\/wp-json\/wp\/v2\/pages\/612\/revisions"}],"predecessor-version":[{"id":614,"href":"https:\/\/www.ub.edu\/gendims\/wp-json\/wp\/v2\/pages\/612\/revisions\/614"}],"wp:attachment":[{"href":"https:\/\/www.ub.edu\/gendims\/wp-json\/wp\/v2\/media?parent=612"}],"curies":[{"name":"wp","href":"https:\/\/api.w.org\/{rel}","templated":true}]}}