{"id":644,"date":"2023-02-05T23:31:07","date_gmt":"2023-02-05T21:31:07","guid":{"rendered":"https:\/\/www.ub.edu\/gendims\/?page_id=644"},"modified":"2023-09-30T19:34:21","modified_gmt":"2023-09-30T17:34:21","slug":"eventos","status":"publish","type":"page","link":"https:\/\/www.ub.edu\/gendims\/es\/eventos\/","title":{"rendered":"Eventos"},"content":{"rendered":"\n<p class=\"has-large-font-size\"><strong><mark style=\"background-color:rgba(0, 0, 0, 0);color:#9954d4\" class=\"has-inline-color\">ACTOS 2023<\/mark><\/strong><\/p>\n\n\n\n<p><a href=\"https:\/\/www.ub.edu\/gendims\/creant-amb-perspectiva\/\" target=\"_blank\" rel=\"noreferrer noopener\">Creant amb perspectiva. Nous imaginaris i narratives a la Universitat.<\/a><\/p>\n\n\n\n<p><a href=\"https:\/\/www.benasque.org\/2023media\/\">International Congress on Media, Gender and Sexualities: Representations, Literacies and Audiences<\/a>.<\/p>\n\n\n\n<hr>\n\n\n\n<p class=\"has-large-font-size\"><strong><mark style=\"background-color:rgba(0, 0, 0, 0);color:#9954d4\" class=\"has-inline-color\">ACTOS 2022<\/mark><\/strong><\/p>\n\n\n\n<p><a href=\"https:\/\/www.ub.edu\/gendims\/dia-internacional-de-les-dones-2022\/\" data-type=\"URL\" data-id=\"https:\/\/www.ub.edu\/gendims\/dia-internacional-de-les-dones-2022\/\">Dia Internacional de les Dones<\/a>. D\u00f2na, vost\u00e8 no t\u00e9 res.<\/p>\n\n\n\n<p><a href=\"https:\/\/www.ub.edu\/gendims\/dia-de-la-radio-2022\/\" data-type=\"page\" data-id=\"299\">Dia Mundial de la R\u00e0dio<\/a>. #AmbDiversitat.<\/p>\n\n\n\n<hr>\n\n\n\n<p class=\"has-large-font-size\"><strong><mark style=\"background-color:rgba(0, 0, 0, 0);color:#9954d4\" class=\"has-inline-color\">ACTOS 2021<\/mark><\/strong><\/p>\n\n\n\n<p><a rel=\"noreferrer noopener\" href=\"https:\/\/www.ub.edu\/gendims\/dia-internacional-contra-la-lgtbfobia-2021\/\" target=\"_blank\">Dia Internacional contra la LGTB+f\u00f2bia<\/a>. #VisibilitatLGBTI: Personatges i Personalitats LGBTI+ als Mitjans de Comunicaci\u00f3.<\/p>\n\n\n\n<p><a rel=\"noreferrer noopener\" href=\"https:\/\/www.ub.edu\/gendims\/dia-internacional-de-les-dones-2021\/\" target=\"_blank\">Dia International de les Dones<\/a>. #AmbPerspectiva: G\u00e8nere i LGBTI+ a la Doc\u00e8ncia Universit\u00e0ria<\/p>\n\n\n\n<p> <\/p>\n","protected":false},"excerpt":{"rendered":"<p>ACTOS 2023 Creant amb perspectiva. Nous imaginaris i narratives a la Universitat. International Congress on Media, Gender and Sexualities: Representations, Literacies and Audiences. ACTOS 2022 Dia Internacional de les Dones. D\u00f2na, vost\u00e8 no t\u00e9 res. Dia Mundial de la R\u00e0dio. #AmbDiversitat. ACTOS 2021 Dia Internacional contra la LGTB+f\u00f2bia. #VisibilitatLGBTI: Personatges i Personalitats LGBTI+ als Mitjans&hellip; <a class=\"more-link\" href=\"https:\/\/www.ub.edu\/gendims\/es\/eventos\/\">Continueu llegint <span class=\"screen-reader-text\">Eventos<\/span><\/a><\/p>\n","protected":false},"author":4,"featured_media":0,"parent":0,"menu_order":0,"comment_status":"closed","ping_status":"closed","template":"","meta":[],"_links":{"self":[{"href":"https:\/\/www.ub.edu\/gendims\/wp-json\/wp\/v2\/pages\/644"}],"collection":[{"href":"https:\/\/www.ub.edu\/gendims\/wp-json\/wp\/v2\/pages"}],"about":[{"href":"https:\/\/www.ub.edu\/gendims\/wp-json\/wp\/v2\/types\/page"}],"author":[{"embeddable":true,"href":"https:\/\/www.ub.edu\/gendims\/wp-json\/wp\/v2\/users\/4"}],"replies":[{"embeddable":true,"href":"https:\/\/www.ub.edu\/gendims\/wp-json\/wp\/v2\/comments?post=644"}],"version-history":[{"count":7,"href":"https:\/\/www.ub.edu\/gendims\/wp-json\/wp\/v2\/pages\/644\/revisions"}],"predecessor-version":[{"id":796,"href":"https:\/\/www.ub.edu\/gendims\/wp-json\/wp\/v2\/pages\/644\/revisions\/796"}],"wp:attachment":[{"href":"https:\/\/www.ub.edu\/gendims\/wp-json\/wp\/v2\/media?parent=644"}],"curies":[{"name":"wp","href":"https:\/\/api.w.org\/{rel}","templated":true}]}}