{"id":4383,"date":"2024-03-08T19:48:44","date_gmt":"2024-03-08T18:48:44","guid":{"rendered":"https:\/\/www.ub.edu\/ger\/?page_id=4383"},"modified":"2026-03-04T15:31:39","modified_gmt":"2026-03-04T14:31:39","slug":"food-systems","status":"publish","type":"page","link":"https:\/\/www.ub.edu\/ger\/en\/investigation\/areas-of-research\/food-systems\/","title":{"rendered":"food systems"},"content":{"rendered":"<p>[et_pb_section fb_built=&#8221;1&#8243; fullwidth=&#8221;on&#8221; _builder_version=&#8221;4.16&#8243; animation_style=&#8221;slide&#8221; animation_direction=&#8221;top&#8221; animation_intensity_slide=&#8221;2%&#8221; animation_starting_opacity=&#8221;100%&#8221; global_colors_info=&#8221;{}&#8221;][et_pb_fullwidth_post_title meta=&#8221;off&#8221; _builder_version=&#8221;4.21.0&#8243; _module_preset=&#8221;default&#8221; title_font=&#8221;Actor|700||on|||||&#8221; title_text_align=&#8221;right&#8221; title_font_size=&#8221;37px&#8221; custom_padding=&#8221;27px|||||&#8221; border_width_bottom=&#8221;1px&#8221; global_colors_info=&#8221;{}&#8221;][\/et_pb_fullwidth_post_title][\/et_pb_section][et_pb_section fb_built=&#8221;1&#8243; admin_label=&#8221;Areas of research&#8221; _builder_version=&#8221;4.24.3&#8243; custom_padding=&#8221;28px||170px|||&#8221; global_colors_info=&#8221;{}&#8221;][et_pb_row column_structure=&#8221;1_2,1_2&#8243; admin_label=&#8221;Food Systems&#8221; _builder_version=&#8221;4.24.3&#8243; custom_margin=&#8221;1px|auto||auto||&#8221; global_colors_info=&#8221;{}&#8221;][et_pb_column type=&#8221;1_2&#8243; _builder_version=&#8221;4.16&#8243; custom_padding=&#8221;|||&#8221; global_colors_info=&#8221;{}&#8221; custom_padding__hover=&#8221;|||&#8221;][et_pb_image src=&#8221;https:\/\/www.ub.edu\/ger\/wp-content\/uploads\/2024\/02\/IMG-20220907-WA0007.jpg&#8221; title_text=&#8221;IMG-20220907-WA0007&#8243; _builder_version=&#8221;4.21.0&#8243; _module_preset=&#8221;default&#8221; custom_padding=&#8221;||240px||false|false&#8221; global_colors_info=&#8221;{}&#8221;][\/et_pb_image][\/et_pb_column][et_pb_column type=&#8221;1_2&#8243; _builder_version=&#8221;4.16&#8243; custom_padding=&#8221;|||&#8221; global_colors_info=&#8221;{}&#8221; custom_padding__hover=&#8221;|||&#8221;][et_pb_text admin_label=&#8221;Title&#8221; _builder_version=&#8221;4.21.0&#8243; text_font=&#8221;||||||||&#8221; header_font=&#8221;||||||||&#8221; header_2_font=&#8221;Actor|||||on|||&#8221; header_2_text_align=&#8221;left&#8221; header_2_font_size=&#8221;34px&#8221; header_2_line_height=&#8221;1.5em&#8221; header_3_font=&#8221;Actor||||||||&#8221; module_alignment=&#8221;center&#8221; custom_margin=&#8221;||15px|&#8221; custom_padding=&#8221;|||&#8221; animation_direction=&#8221;left&#8221; global_colors_info=&#8221;{}&#8221;]<\/p>\n<h3>Areas of research<\/h3>\n<hr \/>\n<h2>Food Systems<\/h2>\n<p>[\/et_pb_text][et_pb_text _builder_version=&#8221;4.27.5&#8243; text_font=&#8221;Actor||||||||&#8221; text_font_size=&#8221;16px&#8221; text_line_height=&#8221;1.8em&#8221; header_font=&#8221;Actor||||||||&#8221; header_text_align=&#8221;justify&#8221; header_3_font=&#8221;Actor||||||||&#8221; header_3_text_align=&#8221;justify&#8221; header_6_font=&#8221;Actor||||||||&#8221; text_orientation=&#8221;justified&#8221; animation_direction=&#8221;left&#8221; hover_enabled=&#8221;0&#8243; global_colors_info=&#8221;{}&#8221; sticky_enabled=&#8221;0&#8243;]<\/p>\n<p>Food production, distribution and consumption are inserted in contexts mediated by social hierarchies, political and economic contexts, cultural meanings and standardised symbolic relationships, as well as forms of relationship and\/or exploitation with the environment. This line of research focuses mainly on (1) Long chains of industrial food supply and the experience of grassroots workers. Often inserted in a context of structural vulnerability these workers, often racialized and sometimes illegalized migrants, receive in their body and in their mental health the consequences of an extractivist system; (2) The study of the relations between humans and the environment, and the options to alleviate the metabolic gap and the conditions of labor exploitation (such as agroecology).<\/p>\n<p>&nbsp;<\/p>\n<p><strong>The members who form this line of research are<\/strong><br \/><strong><u>Paula Escribano; Seth Holmes<\/u>; Susana Narotzky; Natalia Buier; Uzuri Aboitiz; Patricia Homs; Paul Sperneac-Wolfer; Luc\u00eda D\u00edez Sanju\u00e1n<\/strong><\/p>\n<p>[\/et_pb_text][\/et_pb_column][\/et_pb_row][et_pb_row column_structure=&#8221;1_6,1_6,1_6,1_6,1_6,1_6&#8243; admin_label=&#8221;botones l\u00ednies investigaci\u00f3&#8221; _builder_version=&#8221;4.24.2&#8243; _module_preset=&#8221;default&#8221; custom_margin=&#8221;40px||||false|false&#8221; global_colors_info=&#8221;{}&#8221;][et_pb_column type=&#8221;1_6&#8243; _builder_version=&#8221;4.24.2&#8243; _module_preset=&#8221;default&#8221; global_colors_info=&#8221;{}&#8221;][et_pb_button button_url=&#8221;https:\/\/www.ub.edu\/ger\/en\/investigation\/areas-of-research\/migrations-and-racial-capitalism\/&#8221; button_text=&#8221;migrations and racial capitalism&#8221; button_alignment=&#8221;left&#8221; admin_label=&#8221;M.C.R.&#8221; _builder_version=&#8221;4.24.3&#8243; _module_preset=&#8221;default&#8221; custom_button=&#8221;on&#8221; button_text_size=&#8221;14px&#8221; button_text_color=&#8221;#000000&#8243; button_border_width=&#8221;1px&#8221; button_border_color=&#8221;#E09900&#8243; button_border_radius=&#8221;28px&#8221; button_font=&#8221;Actor||||||||&#8221; button_icon=&#8221;&#x3d;||divi||400&#8243; button_icon_color=&#8221;#000000&#8243; global_colors_info=&#8221;{}&#8221; button_text_color__hover_enabled=&#8221;on|desktop&#8221; button_text_color__hover=&#8221;#E09900&#8243; button_icon_color__hover_enabled=&#8221;on|desktop&#8221; button_icon_color__hover=&#8221;#E09900&#8243;][\/et_pb_button][\/et_pb_column][et_pb_column type=&#8221;1_6&#8243; _builder_version=&#8221;4.24.2&#8243; _module_preset=&#8221;default&#8221; global_colors_info=&#8221;{}&#8221;][et_pb_button button_url=&#8221;https:\/\/www.ub.edu\/ger\/en\/investigation\/areas-of-research\/energy-transitions\/&#8221; button_text=&#8221;energy transitions&#8221; button_alignment=&#8221;left&#8221; admin_label=&#8221;T.E.&#8221; _builder_version=&#8221;4.24.3&#8243; _module_preset=&#8221;default&#8221; custom_button=&#8221;on&#8221; button_text_size=&#8221;14px&#8221; button_text_color=&#8221;#000000&#8243; button_border_width=&#8221;1px&#8221; button_border_color=&#8221;#E09900&#8243; button_border_radius=&#8221;28px&#8221; button_font=&#8221;Actor||||||||&#8221; button_icon=&#8221;&#x3d;||divi||400&#8243; button_icon_color=&#8221;#000000&#8243; global_colors_info=&#8221;{}&#8221; button_text_color__hover_enabled=&#8221;on|desktop&#8221; button_text_color__hover=&#8221;#E09900&#8243; button_icon_color__hover_enabled=&#8221;on|desktop&#8221; button_icon_color__hover=&#8221;#E09900&#8243;][\/et_pb_button][\/et_pb_column][et_pb_column type=&#8221;1_6&#8243; _builder_version=&#8221;4.24.2&#8243; _module_preset=&#8221;default&#8221; global_colors_info=&#8221;{}&#8221;][et_pb_button button_url=&#8221;https:\/\/www.ub.edu\/ger\/en\/investigation\/areas-of-research\/socio-ecological-conflicts\/&#8221; button_text=&#8221;socio-ecological conflicts&#8221; button_alignment=&#8221;left&#8221; admin_label=&#8221;C. SE.&#8221; _builder_version=&#8221;4.24.3&#8243; _module_preset=&#8221;default&#8221; custom_button=&#8221;on&#8221; button_text_size=&#8221;14px&#8221; button_text_color=&#8221;#000000&#8243; button_border_width=&#8221;1px&#8221; button_border_color=&#8221;#E09900&#8243; button_border_radius=&#8221;28px&#8221; button_font=&#8221;Actor||||||||&#8221; button_icon=&#8221;&#x3d;||divi||400&#8243; button_icon_color=&#8221;#000000&#8243; global_colors_info=&#8221;{}&#8221; button_text_color__hover_enabled=&#8221;on|desktop&#8221; button_text_color__hover=&#8221;#E09900&#8243; button_icon_color__hover_enabled=&#8221;on|desktop&#8221; button_icon_color__hover=&#8221;#E09900&#8243;][\/et_pb_button][\/et_pb_column][et_pb_column type=&#8221;1_6&#8243; _builder_version=&#8221;4.24.2&#8243; _module_preset=&#8221;default&#8221; global_colors_info=&#8221;{}&#8221;][et_pb_button button_url=&#8221;https:\/\/www.ub.edu\/ger\/en\/investigation\/areas-of-research\/popular-economies\/&#8221; button_text=&#8221;popular economies&#8221; button_alignment=&#8221;left&#8221; admin_label=&#8221;E.P.&#8221; _builder_version=&#8221;4.24.3&#8243; _module_preset=&#8221;default&#8221; custom_button=&#8221;on&#8221; button_text_size=&#8221;14px&#8221; button_text_color=&#8221;#000000&#8243; button_border_width=&#8221;1px&#8221; button_border_color=&#8221;#E09900&#8243; button_border_radius=&#8221;28px&#8221; button_font=&#8221;Actor||||||||&#8221; button_icon=&#8221;&#x3d;||divi||400&#8243; button_icon_color=&#8221;#000000&#8243; global_colors_info=&#8221;{}&#8221; button_text_color__hover_enabled=&#8221;on|desktop&#8221; button_text_color__hover=&#8221;#E09900&#8243; button_icon_color__hover_enabled=&#8221;on|desktop&#8221; button_icon_color__hover=&#8221;#E09900&#8243;][\/et_pb_button][\/et_pb_column][et_pb_column type=&#8221;1_6&#8243; _builder_version=&#8221;4.24.2&#8243; _module_preset=&#8221;default&#8221; global_colors_info=&#8221;{}&#8221;][et_pb_button button_url=&#8221;https:\/\/www.ub.edu\/ger\/en\/investigation\/areas-of-research\/social-reproduction-crisis\/&#8221; button_text=&#8221;social reproduction crisis&#8221; button_alignment=&#8221;left&#8221; admin_label=&#8221;C.R.S.&#8221; _builder_version=&#8221;4.24.3&#8243; _module_preset=&#8221;default&#8221; custom_button=&#8221;on&#8221; button_text_size=&#8221;14px&#8221; button_text_color=&#8221;#000000&#8243; button_border_width=&#8221;1px&#8221; button_border_color=&#8221;#E09900&#8243; button_border_radius=&#8221;28px&#8221; button_font=&#8221;Actor||||||||&#8221; button_icon=&#8221;&#x3d;||divi||400&#8243; button_icon_color=&#8221;#000000&#8243; global_colors_info=&#8221;{}&#8221; button_text_color__hover_enabled=&#8221;on|desktop&#8221; button_text_color__hover=&#8221;#E09900&#8243; button_icon_color__hover_enabled=&#8221;on|desktop&#8221; button_icon_color__hover=&#8221;#E09900&#8243;][\/et_pb_button][\/et_pb_column][et_pb_column type=&#8221;1_6&#8243; _builder_version=&#8221;4.24.2&#8243; _module_preset=&#8221;default&#8221; global_colors_info=&#8221;{}&#8221;][\/et_pb_column][\/et_pb_row][\/et_pb_section]<\/p>\n","protected":false},"excerpt":{"rendered":"<p>Areas of research Food Systems Food production, distribution and consumption are inserted in contexts mediated by social hierarchies, political and economic contexts, cultural meanings and standardised symbolic relationships, as well as forms of relationship and\/or exploitation with the environment. This line of research focuses mainly on (1) Long chains of industrial food supply and the [&hellip;]<\/p>\n","protected":false},"author":1,"featured_media":0,"parent":4119,"menu_order":5,"comment_status":"closed","ping_status":"closed","template":"","meta":{"_et_pb_use_builder":"on","_et_pb_old_content":"<p>[et_pb_section fb_built=\"1\" fullwidth=\"on\" _builder_version=\"4.16\" animation_style=\"slide\" animation_direction=\"top\" animation_intensity_slide=\"2%\" animation_starting_opacity=\"100%\" global_colors_info=\"{}\"][et_pb_fullwidth_post_title meta=\"off\" _builder_version=\"4.21.0\" _module_preset=\"default\" title_font=\"Actor|700||on|||||\" title_text_align=\"right\" title_font_size=\"37px\" custom_padding=\"27px|||||\" border_width_bottom=\"1px\" global_colors_info=\"{}\"][\/et_pb_fullwidth_post_title][\/et_pb_section][et_pb_section fb_built=\"1\" admin_label=\"L\u00ednies d'investigaci\u00f3\" _builder_version=\"4.21.0\" custom_padding=\"28px||170px|||\" global_colors_info=\"{}\"][et_pb_row column_structure=\"1_2,1_2\" admin_label=\"Sistemes Alimentaris\" _builder_version=\"4.24.2\" custom_margin=\"1px|auto||auto||\" global_colors_info=\"{}\"][et_pb_column type=\"1_2\" _builder_version=\"4.16\" custom_padding=\"|||\" global_colors_info=\"{}\" custom_padding__hover=\"|||\"][et_pb_image src=\"https:\/\/www.ub.edu\/ger\/wp-content\/uploads\/2024\/02\/IMG-20220907-WA0007.jpg\" title_text=\"IMG-20220907-WA0007\" _builder_version=\"4.21.0\" _module_preset=\"default\" custom_padding=\"||240px||false|false\" global_colors_info=\"{}\"][\/et_pb_image][\/et_pb_column][et_pb_column type=\"1_2\" _builder_version=\"4.16\" custom_padding=\"|||\" global_colors_info=\"{}\" custom_padding__hover=\"|||\"][et_pb_text admin_label=\"Title\" _builder_version=\"4.21.0\" text_font=\"||||||||\" header_font=\"||||||||\" header_2_font=\"Actor|||||on|||\" header_2_text_align=\"left\" header_2_font_size=\"34px\" header_2_line_height=\"1.5em\" header_3_font=\"Actor||||||||\" module_alignment=\"center\" custom_margin=\"||15px|\" custom_padding=\"|||\" animation_direction=\"left\" global_colors_info=\"{}\"]<\/p><h3>Areas of research<\/h3><hr \/><h2>Food Systems<\/h2><p>[\/et_pb_text][et_pb_text _builder_version=\"4.24.2\" text_font=\"Actor||||||||\" text_font_size=\"16px\" text_line_height=\"1.8em\" header_font=\"Actor||||||||\" header_text_align=\"justify\" header_3_font=\"Actor||||||||\" header_3_text_align=\"justify\" header_6_font=\"Actor||||||||\" text_orientation=\"justified\" animation_direction=\"left\" global_colors_info=\"{}\"]<\/p><p>Food production, distribution and consumption are inserted in contexts mediated by social hierarchies, political and economic contexts, cultural meanings and standardised symbolic relationships, as well as forms of relationship and\/or exploitation with the environment. This line of research focuses mainly on (1) Long chains of industrial food supply and the experience of grassroots workers. Often inserted in a context of structural vulnerability these workers, often racialized and sometimes illegalized migrants, receive in their body and in their mental health the consequences of an extractivist system; (2) The study of the relations between humans and the environment, and the options to alleviate the metabolic gap and the conditions of labor exploitation (such as agroecology).<\/p><p>\u00a0<\/p><p><strong>The members who form this line of research are<\/strong><br \/><strong><u>Paula Escribano; Seth Holmes<\/u>; Susana Narotzky; Natalia Buier; Uzuri Aboitiz; Patricia Homs; Paul Sperneac-Wolfer;<br \/><\/strong><\/p><p>[\/et_pb_text][\/et_pb_column][\/et_pb_row][et_pb_row column_structure=\"1_6,1_6,1_6,1_6,1_6,1_6\" admin_label=\"botones l\u00ednies investigaci\u00f3\" _builder_version=\"4.24.2\" _module_preset=\"default\" custom_margin=\"40px||||false|false\" global_colors_info=\"{}\"][et_pb_column type=\"1_6\" _builder_version=\"4.24.2\" _module_preset=\"default\" global_colors_info=\"{}\"][et_pb_button button_url=\"https:\/\/www.ub.edu\/ger\/investigacio\/linies-dinvestigacio\/migracions-i-capitalisme-racial\/\" button_text=\"migracions i capitalisme racial\" button_alignment=\"left\" admin_label=\"M.C.R.\" _builder_version=\"4.24.2\" _module_preset=\"default\" custom_button=\"on\" button_text_size=\"14px\" button_text_color=\"#000000\" button_border_width=\"1px\" button_border_color=\"#E09900\" button_border_radius=\"28px\" button_font=\"Actor||||||||\" button_icon=\"=||divi||400\" button_icon_color=\"#000000\" global_colors_info=\"{}\" button_text_color__hover_enabled=\"on|desktop\" button_text_color__hover=\"#E09900\" button_icon_color__hover_enabled=\"on|desktop\" button_icon_color__hover=\"#E09900\"][\/et_pb_button][\/et_pb_column][et_pb_column type=\"1_6\" _builder_version=\"4.24.2\" _module_preset=\"default\" global_colors_info=\"{}\"][et_pb_button button_url=\"https:\/\/www.ub.edu\/ger\/investigacio\/linies-dinvestigacio\/transicions-energetiques\/\" button_text=\"transicions energ\u00e8tiques\" button_alignment=\"left\" admin_label=\"T.E.\" _builder_version=\"4.24.2\" _module_preset=\"default\" custom_button=\"on\" button_text_size=\"14px\" button_text_color=\"#000000\" button_border_width=\"1px\" button_border_color=\"#E09900\" button_border_radius=\"28px\" button_font=\"Actor||||||||\" button_icon=\"=||divi||400\" button_icon_color=\"#000000\" hover_enabled=\"0\" global_colors_info=\"{}\" button_text_color__hover_enabled=\"on|desktop\" button_text_color__hover=\"#E09900\" button_icon_color__hover_enabled=\"on|desktop\" button_icon_color__hover=\"#E09900\" sticky_enabled=\"0\"][\/et_pb_button][\/et_pb_column][et_pb_column type=\"1_6\" _builder_version=\"4.24.2\" _module_preset=\"default\" global_colors_info=\"{}\"][et_pb_button button_url=\"https:\/\/www.ub.edu\/ger\/investigacio\/linies-dinvestigacio\/conflictes-socioecologics\/\" button_text=\"conflictes socioecol\u00f2gics\" button_alignment=\"left\" admin_label=\"C. SE.\" _builder_version=\"4.24.2\" _module_preset=\"default\" custom_button=\"on\" button_text_size=\"14px\" button_text_color=\"#000000\" button_border_width=\"1px\" button_border_color=\"#E09900\" button_border_radius=\"28px\" button_font=\"Actor||||||||\" button_icon=\"=||divi||400\" button_icon_color=\"#000000\" hover_enabled=\"0\" global_colors_info=\"{}\" button_text_color__hover_enabled=\"on|desktop\" button_text_color__hover=\"#E09900\" button_icon_color__hover_enabled=\"on|desktop\" button_icon_color__hover=\"#E09900\" sticky_enabled=\"0\"][\/et_pb_button][\/et_pb_column][et_pb_column type=\"1_6\" _builder_version=\"4.24.2\" _module_preset=\"default\" global_colors_info=\"{}\"][et_pb_button button_url=\"https:\/\/www.ub.edu\/ger\/investigacio\/linies-dinvestigacio\/economies-populars\/\" button_text=\"economies populars\" button_alignment=\"left\" admin_label=\"E.P.\" _builder_version=\"4.24.2\" _module_preset=\"default\" custom_button=\"on\" button_text_size=\"14px\" button_text_color=\"#000000\" button_border_width=\"1px\" button_border_color=\"#E09900\" button_border_radius=\"28px\" button_font=\"Actor||||||||\" button_icon=\"=||divi||400\" button_icon_color=\"#000000\" hover_enabled=\"0\" global_colors_info=\"{}\" button_text_color__hover_enabled=\"on|desktop\" button_text_color__hover=\"#E09900\" button_icon_color__hover_enabled=\"on|desktop\" button_icon_color__hover=\"#E09900\" sticky_enabled=\"0\"][\/et_pb_button][\/et_pb_column][et_pb_column type=\"1_6\" _builder_version=\"4.24.2\" _module_preset=\"default\" global_colors_info=\"{}\"][et_pb_button button_url=\"https:\/\/www.ub.edu\/ger\/investigacio\/linies-dinvestigacio\/crisis-de-reproduccio-social\/\" button_text=\"crisis reproducci\u00f3 social\" button_alignment=\"left\" admin_label=\"C.R.S.\" _builder_version=\"4.24.2\" _module_preset=\"default\" custom_button=\"on\" button_text_size=\"14px\" button_text_color=\"#000000\" button_border_width=\"1px\" button_border_color=\"#E09900\" button_border_radius=\"28px\" button_font=\"Actor||||||||\" button_icon=\"=||divi||400\" button_icon_color=\"#000000\" hover_enabled=\"0\" global_colors_info=\"{}\" button_text_color__hover_enabled=\"on|desktop\" button_text_color__hover=\"#E09900\" button_icon_color__hover_enabled=\"on|desktop\" button_icon_color__hover=\"#E09900\" sticky_enabled=\"0\"][\/et_pb_button][\/et_pb_column][et_pb_column type=\"1_6\" _builder_version=\"4.24.2\" _module_preset=\"default\" global_colors_info=\"{}\"][\/et_pb_column][\/et_pb_row][\/et_pb_section]<\/p>","_et_gb_content_width":"","footnotes":""},"class_list":["post-4383","page","type-page","status-publish","hentry"],"_links":{"self":[{"href":"https:\/\/www.ub.edu\/ger\/en\/wp-json\/wp\/v2\/pages\/4383","targetHints":{"allow":["GET"]}}],"collection":[{"href":"https:\/\/www.ub.edu\/ger\/en\/wp-json\/wp\/v2\/pages"}],"about":[{"href":"https:\/\/www.ub.edu\/ger\/en\/wp-json\/wp\/v2\/types\/page"}],"author":[{"embeddable":true,"href":"https:\/\/www.ub.edu\/ger\/en\/wp-json\/wp\/v2\/users\/1"}],"replies":[{"embeddable":true,"href":"https:\/\/www.ub.edu\/ger\/en\/wp-json\/wp\/v2\/comments?post=4383"}],"version-history":[{"count":7,"href":"https:\/\/www.ub.edu\/ger\/en\/wp-json\/wp\/v2\/pages\/4383\/revisions"}],"predecessor-version":[{"id":6750,"href":"https:\/\/www.ub.edu\/ger\/en\/wp-json\/wp\/v2\/pages\/4383\/revisions\/6750"}],"up":[{"embeddable":true,"href":"https:\/\/www.ub.edu\/ger\/en\/wp-json\/wp\/v2\/pages\/4119"}],"wp:attachment":[{"href":"https:\/\/www.ub.edu\/ger\/en\/wp-json\/wp\/v2\/media?parent=4383"}],"curies":[{"name":"wp","href":"https:\/\/api.w.org\/{rel}","templated":true}]}}