{"id":4307,"date":"2024-03-08T18:05:23","date_gmt":"2024-03-08T17:05:23","guid":{"rendered":"https:\/\/www.ub.edu\/ger\/?page_id=4307"},"modified":"2026-03-04T14:42:55","modified_gmt":"2026-03-04T13:42:55","slug":"migraciones-y-capitalismo-racial","status":"publish","type":"page","link":"https:\/\/www.ub.edu\/ger\/es\/investigacio\/lineas-de-investigacion\/migraciones-y-capitalismo-racial\/","title":{"rendered":"migraciones y capitalismo racial"},"content":{"rendered":"<p>[et_pb_section fb_built=\u00bb1&#8243; fullwidth=\u00bbon\u00bb _builder_version=\u00bb4.16&#8243; animation_style=\u00bbslide\u00bb animation_direction=\u00bbtop\u00bb animation_intensity_slide=\u00bb2%\u00bb animation_starting_opacity=\u00bb100%\u00bb global_colors_info=\u00bb{}\u00bb][et_pb_fullwidth_post_title meta=\u00bboff\u00bb _builder_version=\u00bb4.21.0&#8243; _module_preset=\u00bbdefault\u00bb title_font=\u00bbActor|700||on|||||\u00bb title_text_align=\u00bbright\u00bb title_font_size=\u00bb37px\u00bb custom_padding=\u00bb27px|||||\u00bb border_width_bottom=\u00bb1px\u00bb global_colors_info=\u00bb{}\u00bb][\/et_pb_fullwidth_post_title][\/et_pb_section][et_pb_section fb_built=\u00bb1&#8243; admin_label=\u00bbL\u00edneas de investigaci\u00f3n\u00bb _builder_version=\u00bb4.24.3&#8243; custom_padding=\u00bb28px||170px|||\u00bb global_colors_info=\u00bb{}\u00bb][et_pb_row column_structure=\u00bb1_2,1_2&#8243; admin_label=\u00bbMigraciones y capitalismo racial\u00bb _builder_version=\u00bb4.24.3&#8243; custom_margin=\u00bb1px|auto||auto||\u00bb global_colors_info=\u00bb{}\u00bb][et_pb_column type=\u00bb1_2&#8243; _builder_version=\u00bb4.16&#8243; custom_padding=\u00bb|||\u00bb global_colors_info=\u00bb{}\u00bb custom_padding__hover=\u00bb|||\u00bb][et_pb_image src=\u00bbhttps:\/\/www.ub.edu\/ger\/wp-content\/uploads\/2024\/02\/lundsteen-enclosuredisplacements-scaled.jpg\u00bb title_text=\u00bblundsteen-enclosuredisplacements\u00bb _builder_version=\u00bb4.21.0&#8243; _module_preset=\u00bbdefault\u00bb custom_padding=\u00bb||240px||false|false\u00bb global_colors_info=\u00bb{}\u00bb][\/et_pb_image][\/et_pb_column][et_pb_column type=\u00bb1_2&#8243; _builder_version=\u00bb4.16&#8243; custom_padding=\u00bb|||\u00bb global_colors_info=\u00bb{}\u00bb custom_padding__hover=\u00bb|||\u00bb][et_pb_text admin_label=\u00bbTitle\u00bb _builder_version=\u00bb4.24.3&#8243; text_font=\u00bb||||||||\u00bb header_font=\u00bb||||||||\u00bb header_2_font=\u00bbActor|||||on|||\u00bb header_2_text_align=\u00bbleft\u00bb header_2_font_size=\u00bb34px\u00bb header_2_line_height=\u00bb1.5em\u00bb header_3_font=\u00bbActor||||||||\u00bb module_alignment=\u00bbcenter\u00bb custom_margin=\u00bb||15px|\u00bb custom_padding=\u00bb|||\u00bb animation_direction=\u00bbleft\u00bb global_colors_info=\u00bb{}\u00bb]<\/p>\n<h3>L\u00edneas de investigaci\u00f3n<\/h3>\n<hr \/>\n<h2>Migraciones y Capitalismo Racial<\/h2>\n<p>[\/et_pb_text][et_pb_text _builder_version=\u00bb4.27.5&#8243; text_font=\u00bbActor||||||||\u00bb text_font_size=\u00bb16px\u00bb text_line_height=\u00bb1.8em\u00bb header_font=\u00bbActor||||||||\u00bb header_text_align=\u00bbjustify\u00bb header_3_font=\u00bbActor||||||||\u00bb header_3_text_align=\u00bbjustify\u00bb header_6_font=\u00bbActor||||||||\u00bb text_orientation=\u00bbjustified\u00bb animation_direction=\u00bbleft\u00bb hover_enabled=\u00bb0&#8243; global_colors_info=\u00bb{}\u00bb sticky_enabled=\u00bb0&#8243;]<\/p>\n<p>Igual que el racismo, los movimientos migratorios contempor\u00e1neos est\u00e1n \u00edntimamente ligados con el sistema capitalista. Por eso mismo, proponemos estudiar cualquier fen\u00f3meno relacionado con las migraciones y el llamado capitalismo racial de una forma integral y relacionada. En particular, nos interesa estudios, debates e investigaciones sobre las fronteras, la fronterizaci\u00f3n, los nacionalismos, el racismo estructural e institucional, los movimientos migratorios y su asentamiento, los conflictos sociales ligados a \u00e9ste, y, en general, todas las formas en qu\u00e9 el racismo est\u00e1 imbricado con el capitalismo y el papel que el Estado y la Academia ocupa en su (re)producci\u00f3n.<\/p>\n<p>&nbsp;<\/p>\n<p><strong>Los miembros que integran esta l\u00ednea de investigaci\u00f3n son<\/strong><br \/><strong><u>Martin Lundsteen<\/u>; Susana Narotzky; Natalia Buier; Seth Holmes; Doris Buu-Sao; Giacomo Loperfido; Paul Sperneac-Wolfer; Fernanda Sciessere; Wiebke Thomas; Linn Biorklund<\/strong><\/p>\n<p>[\/et_pb_text][\/et_pb_column][\/et_pb_row][et_pb_row column_structure=\u00bb1_6,1_6,1_6,1_6,1_6,1_6&#8243; admin_label=\u00bbbotones l\u00ednies investigaci\u00f3\u00bb _builder_version=\u00bb4.24.2&#8243; _module_preset=\u00bbdefault\u00bb custom_margin=\u00bb40px||||false|false\u00bb global_colors_info=\u00bb{}\u00bb][et_pb_column type=\u00bb1_6&#8243; _builder_version=\u00bb4.24.2&#8243; _module_preset=\u00bbdefault\u00bb global_colors_info=\u00bb{}\u00bb][et_pb_button button_url=\u00bbhttps:\/\/www.ub.edu\/ger\/es\/investigacio\/lineas-de-investigacion\/transiciones-energeticas\/\u00bb button_text=\u00bbtransiciones energ\u00e9ticas\u00bb button_alignment=\u00bbleft\u00bb admin_label=\u00bbT.E.\u00bb _builder_version=\u00bb4.24.3&#8243; _module_preset=\u00bbdefault\u00bb custom_button=\u00bbon\u00bb button_text_size=\u00bb14px\u00bb button_text_color=\u00bb#000000&#8243; button_border_width=\u00bb1px\u00bb button_border_color=\u00bb#E09900&#8243; button_border_radius=\u00bb28px\u00bb button_font=\u00bbActor||||||||\u00bb button_icon=\u00bb&#x3d;||divi||400&#8243; button_icon_color=\u00bb#000000&#8243; global_colors_info=\u00bb{}\u00bb button_text_color__hover_enabled=\u00bbon|desktop\u00bb button_text_color__hover=\u00bb#E09900&#8243; button_icon_color__hover_enabled=\u00bbon|desktop\u00bb button_icon_color__hover=\u00bb#E09900&#8243;][\/et_pb_button][\/et_pb_column][et_pb_column type=\u00bb1_6&#8243; _builder_version=\u00bb4.24.2&#8243; _module_preset=\u00bbdefault\u00bb global_colors_info=\u00bb{}\u00bb][et_pb_button button_url=\u00bbhttps:\/\/www.ub.edu\/ger\/es\/investigacio\/lineas-de-investigacion\/conflictos-socioecologicos\/\u00bb button_text=\u00bbconflictos socioecol\u00f3gicos\u00bb button_alignment=\u00bbleft\u00bb admin_label=\u00bbC.SE.\u00bb _builder_version=\u00bb4.24.3&#8243; _module_preset=\u00bbdefault\u00bb custom_button=\u00bbon\u00bb button_text_size=\u00bb14px\u00bb button_text_color=\u00bb#000000&#8243; button_border_width=\u00bb1px\u00bb button_border_color=\u00bb#E09900&#8243; button_border_radius=\u00bb28px\u00bb button_font=\u00bbActor||||||||\u00bb button_icon=\u00bb&#x3d;||divi||400&#8243; button_icon_color=\u00bb#000000&#8243; global_colors_info=\u00bb{}\u00bb button_text_color__hover_enabled=\u00bbon|desktop\u00bb button_text_color__hover=\u00bb#E09900&#8243; button_icon_color__hover_enabled=\u00bbon|desktop\u00bb button_icon_color__hover=\u00bb#E09900&#8243;][\/et_pb_button][\/et_pb_column][et_pb_column type=\u00bb1_6&#8243; _builder_version=\u00bb4.24.2&#8243; _module_preset=\u00bbdefault\u00bb global_colors_info=\u00bb{}\u00bb][et_pb_button button_url=\u00bbhttps:\/\/www.ub.edu\/ger\/es\/investigacio\/lineas-de-investigacion\/economias-populares\/\u00bb button_text=\u00bbeconom\u00edas populares\u00bb button_alignment=\u00bbleft\u00bb admin_label=\u00bbE.P.\u00bb _builder_version=\u00bb4.24.3&#8243; _module_preset=\u00bbdefault\u00bb custom_button=\u00bbon\u00bb button_text_size=\u00bb14px\u00bb button_text_color=\u00bb#000000&#8243; button_border_width=\u00bb1px\u00bb button_border_color=\u00bb#E09900&#8243; button_border_radius=\u00bb28px\u00bb button_font=\u00bbActor||||||||\u00bb button_icon=\u00bb&#x3d;||divi||400&#8243; button_icon_color=\u00bb#000000&#8243; global_colors_info=\u00bb{}\u00bb button_text_color__hover_enabled=\u00bbon|desktop\u00bb button_text_color__hover=\u00bb#E09900&#8243; button_icon_color__hover_enabled=\u00bbon|desktop\u00bb button_icon_color__hover=\u00bb#E09900&#8243;][\/et_pb_button][\/et_pb_column][et_pb_column type=\u00bb1_6&#8243; _builder_version=\u00bb4.24.2&#8243; _module_preset=\u00bbdefault\u00bb global_colors_info=\u00bb{}\u00bb][et_pb_button button_url=\u00bbhttps:\/\/www.ub.edu\/ger\/es\/investigacio\/lineas-de-investigacion\/sistemas-alimentarios\/\u00bb button_text=\u00bbsistemas alimentarios\u00bb button_alignment=\u00bbleft\u00bb admin_label=\u00bbS.A.\u00bb _builder_version=\u00bb4.24.3&#8243; _module_preset=\u00bbdefault\u00bb custom_button=\u00bbon\u00bb button_text_size=\u00bb14px\u00bb button_text_color=\u00bb#000000&#8243; button_border_width=\u00bb1px\u00bb button_border_color=\u00bb#E09900&#8243; button_border_radius=\u00bb28px\u00bb button_font=\u00bbActor||||||||\u00bb button_icon=\u00bb&#x3d;||divi||400&#8243; button_icon_color=\u00bb#000000&#8243; global_colors_info=\u00bb{}\u00bb button_text_color__hover_enabled=\u00bbon|desktop\u00bb button_text_color__hover=\u00bb#E09900&#8243; button_icon_color__hover_enabled=\u00bbon|desktop\u00bb button_icon_color__hover=\u00bb#E09900&#8243;][\/et_pb_button][\/et_pb_column][et_pb_column type=\u00bb1_6&#8243; _builder_version=\u00bb4.24.2&#8243; _module_preset=\u00bbdefault\u00bb global_colors_info=\u00bb{}\u00bb][et_pb_button button_url=\u00bbhttps:\/\/www.ub.edu\/ger\/es\/investigacio\/lineas-de-investigacion\/crisis-de-reproduccion-social\/\u00bb button_text=\u00bbcrisis reproducci\u00f3n social\u00bb button_alignment=\u00bbleft\u00bb admin_label=\u00bbC.R.S.\u00bb _builder_version=\u00bb4.24.3&#8243; _module_preset=\u00bbdefault\u00bb custom_button=\u00bbon\u00bb button_text_size=\u00bb14px\u00bb button_text_color=\u00bb#000000&#8243; button_border_width=\u00bb1px\u00bb button_border_color=\u00bb#E09900&#8243; button_border_radius=\u00bb28px\u00bb button_font=\u00bbActor||||||||\u00bb button_icon=\u00bb&#x3d;||divi||400&#8243; button_icon_color=\u00bb#000000&#8243; global_colors_info=\u00bb{}\u00bb button_text_color__hover_enabled=\u00bbon|desktop\u00bb button_text_color__hover=\u00bb#E09900&#8243; button_icon_color__hover_enabled=\u00bbon|desktop\u00bb button_icon_color__hover=\u00bb#E09900&#8243;][\/et_pb_button][\/et_pb_column][et_pb_column type=\u00bb1_6&#8243; _builder_version=\u00bb4.24.2&#8243; _module_preset=\u00bbdefault\u00bb global_colors_info=\u00bb{}\u00bb][\/et_pb_column][\/et_pb_row][\/et_pb_section]<\/p>\n","protected":false},"excerpt":{"rendered":"<p>L\u00edneas de investigaci\u00f3n Migraciones y Capitalismo RacialIgual que el racismo, los movimientos migratorios contempor\u00e1neos est\u00e1n \u00edntimamente ligados con el sistema capitalista. Por eso mismo, proponemos estudiar cualquier fen\u00f3meno relacionado con las migraciones y el llamado capitalismo racial de una forma integral y relacionada. En particular, nos interesa estudios, debates e investigaciones sobre las fronteras, la [&hellip;]<\/p>\n","protected":false},"author":1,"featured_media":0,"parent":4113,"menu_order":1,"comment_status":"closed","ping_status":"closed","template":"","meta":{"_et_pb_use_builder":"on","_et_pb_old_content":"<p>[et_pb_section fb_built=\"1\" fullwidth=\"on\" _builder_version=\"4.16\" animation_style=\"slide\" animation_direction=\"top\" animation_intensity_slide=\"2%\" animation_starting_opacity=\"100%\" global_colors_info=\"{}\"][et_pb_fullwidth_post_title meta=\"off\" _builder_version=\"4.21.0\" _module_preset=\"default\" title_font=\"Actor|700||on|||||\" title_text_align=\"right\" title_font_size=\"37px\" custom_padding=\"27px|||||\" border_width_bottom=\"1px\" global_colors_info=\"{}\"][\/et_pb_fullwidth_post_title][\/et_pb_section][et_pb_section fb_built=\"1\" admin_label=\"L\u00ednies d'investigaci\u00f3\" _builder_version=\"4.21.0\" custom_padding=\"28px||170px|||\" global_colors_info=\"{}\"][et_pb_row column_structure=\"1_2,1_2\" admin_label=\"Migracions i Capitalisme Racial\" _builder_version=\"4.21.0\" custom_margin=\"1px|auto||auto||\" global_colors_info=\"{}\"][et_pb_column type=\"1_2\" _builder_version=\"4.16\" custom_padding=\"|||\" global_colors_info=\"{}\" custom_padding__hover=\"|||\"][et_pb_image src=\"https:\/\/www.ub.edu\/ger\/wp-content\/uploads\/2024\/02\/lundsteen-enclosuredisplacements-scaled.jpg\" title_text=\"lundsteen-enclosuredisplacements\" _builder_version=\"4.21.0\" _module_preset=\"default\" custom_padding=\"||240px||false|false\" global_colors_info=\"{}\"][\/et_pb_image][\/et_pb_column][et_pb_column type=\"1_2\" _builder_version=\"4.16\" custom_padding=\"|||\" global_colors_info=\"{}\" custom_padding__hover=\"|||\"][et_pb_text admin_label=\"Title\" _builder_version=\"4.21.0\" text_font=\"||||||||\" header_font=\"||||||||\" header_2_font=\"Actor|||||on|||\" header_2_text_align=\"left\" header_2_font_size=\"34px\" header_2_line_height=\"1.5em\" header_3_font=\"Actor||||||||\" module_alignment=\"center\" custom_margin=\"||15px|\" custom_padding=\"|||\" animation_direction=\"left\" global_colors_info=\"{}\"]<\/p><h3>L\u00ednies d'investigaci\u00f3<\/h3><hr \/><h2>Migracions i Capitalisme Racial<\/h2><p>[\/et_pb_text][et_pb_text _builder_version=\"4.24.2\" text_font=\"Actor||||||||\" text_font_size=\"16px\" text_line_height=\"1.8em\" header_font=\"Actor||||||||\" header_text_align=\"justify\" header_3_font=\"Actor||||||||\" header_3_text_align=\"justify\" header_6_font=\"Actor||||||||\" text_orientation=\"justified\" animation_direction=\"left\" global_colors_info=\"{}\"]<\/p><p>Com el racisme, els moviments migratoris contemporanis estan \u00edntimament lligats amb el sistema capitalista. Per aix\u00f2 mateix, proposem estudiar qualsevol fenomen relacionat amb les migracions i l'anomenat capitalisme racial de manera integral i relacionada. En particular, ens interessa estudis, debats i investigacions sobre les fronteres, la fronteritzaci\u00f3, els nacionalismes, el racisme estructural i institucional, els moviments migratoris i el seu assentament, els conflictes socials lligats a aquest, i, en general, totes les formes en qu\u00e8 el racisme est\u00e0 imbricat amb el capitalisme i el paper que l'Estat i l'Acad\u00e8mia ocupa en la seva (re)producci\u00f3.<\/p><p>\u00a0<\/p><p><strong>Els membres que integren aquesta l\u00ednia de recerca s\u00f3n<\/strong><br \/><strong><u>Martin Lundsteen<\/u>; Susana Narotzky; Natalia Buier; Seth Holmes; Doris Buu-Sao; Giacomo Loperfido; Paul Sperneac-Wolfer; Fernanda Sciessere;<br \/><\/strong><\/p><p>[\/et_pb_text][\/et_pb_column][\/et_pb_row][et_pb_row column_structure=\"1_6,1_6,1_6,1_6,1_6,1_6\" admin_label=\"botones l\u00ednies investigaci\u00f3\" _builder_version=\"4.24.2\" _module_preset=\"default\" custom_margin=\"40px||||false|false\" global_colors_info=\"{}\"][et_pb_column type=\"1_6\" _builder_version=\"4.24.2\" _module_preset=\"default\" global_colors_info=\"{}\"][et_pb_button button_url=\"https:\/\/www.ub.edu\/ger\/investigacio\/linies-dinvestigacio\/transicions-energetiques\/\" button_text=\"transicions energ\u00e8tiques\" button_alignment=\"left\" admin_label=\"T.E.\" _builder_version=\"4.24.2\" _module_preset=\"default\" custom_button=\"on\" button_text_size=\"14px\" button_text_color=\"#000000\" button_border_width=\"1px\" button_border_color=\"#E09900\" button_border_radius=\"28px\" button_font=\"Actor||||||||\" button_icon=\"=||divi||400\" button_icon_color=\"#000000\" hover_enabled=\"0\" global_colors_info=\"{}\" button_text_color__hover_enabled=\"on|desktop\" button_text_color__hover=\"#E09900\" button_icon_color__hover_enabled=\"on|desktop\" button_icon_color__hover=\"#E09900\" sticky_enabled=\"0\"][\/et_pb_button][\/et_pb_column][et_pb_column type=\"1_6\" _builder_version=\"4.24.2\" _module_preset=\"default\" global_colors_info=\"{}\"][et_pb_button button_url=\"https:\/\/www.ub.edu\/ger\/investigacio\/linies-dinvestigacio\/conflictes-socioecologics\/\" button_text=\"conflictes socioecol\u00f2gics\" button_alignment=\"left\" admin_label=\"C.SE.\" _builder_version=\"4.24.2\" _module_preset=\"default\" custom_button=\"on\" button_text_size=\"14px\" button_text_color=\"#000000\" button_border_width=\"1px\" button_border_color=\"#E09900\" button_border_radius=\"28px\" button_font=\"Actor||||||||\" button_icon=\"=||divi||400\" button_icon_color=\"#000000\" hover_enabled=\"0\" global_colors_info=\"{}\" button_text_color__hover_enabled=\"on|desktop\" button_text_color__hover=\"#E09900\" button_icon_color__hover_enabled=\"on|desktop\" button_icon_color__hover=\"#E09900\" sticky_enabled=\"0\"][\/et_pb_button][\/et_pb_column][et_pb_column type=\"1_6\" _builder_version=\"4.24.2\" _module_preset=\"default\" global_colors_info=\"{}\"][et_pb_button button_url=\"https:\/\/www.ub.edu\/ger\/investigacio\/linies-dinvestigacio\/economies-populars\/\" button_text=\"economies populars\" button_alignment=\"left\" admin_label=\"E.P.\" _builder_version=\"4.24.2\" _module_preset=\"default\" custom_button=\"on\" button_text_size=\"14px\" button_text_color=\"#000000\" button_border_width=\"1px\" button_border_color=\"#E09900\" button_border_radius=\"28px\" button_font=\"Actor||||||||\" button_icon=\"=||divi||400\" button_icon_color=\"#000000\" hover_enabled=\"0\" global_colors_info=\"{}\" button_text_color__hover_enabled=\"on|desktop\" button_text_color__hover=\"#E09900\" button_icon_color__hover_enabled=\"on|desktop\" button_icon_color__hover=\"#E09900\" sticky_enabled=\"0\"][\/et_pb_button][\/et_pb_column][et_pb_column type=\"1_6\" _builder_version=\"4.24.2\" _module_preset=\"default\" global_colors_info=\"{}\"][et_pb_button button_url=\"https:\/\/www.ub.edu\/ger\/investigacio\/linies-dinvestigacio\/sistemes-alimentaris\/\" button_text=\"sistemes alimentaris\" button_alignment=\"left\" admin_label=\"S.A.\" _builder_version=\"4.24.2\" _module_preset=\"default\" custom_button=\"on\" button_text_size=\"14px\" button_text_color=\"#000000\" button_border_width=\"1px\" button_border_color=\"#E09900\" button_border_radius=\"28px\" button_font=\"Actor||||||||\" button_icon=\"=||divi||400\" button_icon_color=\"#000000\" hover_enabled=\"0\" global_colors_info=\"{}\" button_text_color__hover_enabled=\"on|desktop\" button_text_color__hover=\"#E09900\" button_icon_color__hover_enabled=\"on|desktop\" button_icon_color__hover=\"#E09900\" sticky_enabled=\"0\"][\/et_pb_button][\/et_pb_column][et_pb_column type=\"1_6\" _builder_version=\"4.24.2\" _module_preset=\"default\" global_colors_info=\"{}\"][et_pb_button button_url=\"https:\/\/www.ub.edu\/ger\/investigacio\/linies-dinvestigacio\/crisis-de-reproduccio-social\/\" button_text=\"crisis reproducci\u00f3 social\" button_alignment=\"left\" admin_label=\"C.R.S.\" _builder_version=\"4.24.2\" _module_preset=\"default\" custom_button=\"on\" button_text_size=\"14px\" button_text_color=\"#000000\" button_border_width=\"1px\" button_border_color=\"#E09900\" button_border_radius=\"28px\" button_font=\"Actor||||||||\" button_icon=\"=||divi||400\" button_icon_color=\"#000000\" hover_enabled=\"0\" global_colors_info=\"{}\" button_text_color__hover_enabled=\"on|desktop\" button_text_color__hover=\"#E09900\" button_icon_color__hover_enabled=\"on|desktop\" button_icon_color__hover=\"#E09900\" sticky_enabled=\"0\"][\/et_pb_button][\/et_pb_column][et_pb_column type=\"1_6\" _builder_version=\"4.24.2\" _module_preset=\"default\" global_colors_info=\"{}\"][\/et_pb_column][\/et_pb_row][\/et_pb_section]<\/p>","_et_gb_content_width":"","footnotes":""},"class_list":["post-4307","page","type-page","status-publish","hentry"],"_links":{"self":[{"href":"https:\/\/www.ub.edu\/ger\/es\/wp-json\/wp\/v2\/pages\/4307","targetHints":{"allow":["GET"]}}],"collection":[{"href":"https:\/\/www.ub.edu\/ger\/es\/wp-json\/wp\/v2\/pages"}],"about":[{"href":"https:\/\/www.ub.edu\/ger\/es\/wp-json\/wp\/v2\/types\/page"}],"author":[{"embeddable":true,"href":"https:\/\/www.ub.edu\/ger\/es\/wp-json\/wp\/v2\/users\/1"}],"replies":[{"embeddable":true,"href":"https:\/\/www.ub.edu\/ger\/es\/wp-json\/wp\/v2\/comments?post=4307"}],"version-history":[{"count":12,"href":"https:\/\/www.ub.edu\/ger\/es\/wp-json\/wp\/v2\/pages\/4307\/revisions"}],"predecessor-version":[{"id":6732,"href":"https:\/\/www.ub.edu\/ger\/es\/wp-json\/wp\/v2\/pages\/4307\/revisions\/6732"}],"up":[{"embeddable":true,"href":"https:\/\/www.ub.edu\/ger\/es\/wp-json\/wp\/v2\/pages\/4113"}],"wp:attachment":[{"href":"https:\/\/www.ub.edu\/ger\/es\/wp-json\/wp\/v2\/media?parent=4307"}],"curies":[{"name":"wp","href":"https:\/\/api.w.org\/{rel}","templated":true}]}}