{"id":12,"date":"2022-11-21T11:15:50","date_gmt":"2022-11-21T11:15:50","guid":{"rendered":"http:\/\/https:\/\/www.ub.edu\/gesdi\/?page_id=12"},"modified":"2023-10-05T16:47:09","modified_gmt":"2023-10-05T16:47:09","slug":"proyectos","status":"publish","type":"page","link":"https:\/\/www.ub.edu\/gesdi\/proyectos","title":{"rendered":"Transferencia"},"content":{"rendered":"\t\t<div data-elementor-type=\"wp-page\" data-elementor-id=\"12\" class=\"elementor elementor-12\">\n\t\t\t\t\t\t<section class=\"elementor-section elementor-top-section elementor-element elementor-element-11e2a1e elementor-section-boxed elementor-section-height-default elementor-section-height-default\" data-id=\"11e2a1e\" data-element_type=\"section\">\n\t\t\t\t\t\t<div class=\"elementor-container elementor-column-gap-default\">\n\t\t\t\t\t<div class=\"elementor-column elementor-col-33 elementor-top-column elementor-element elementor-element-0c9540a\" data-id=\"0c9540a\" data-element_type=\"column\" data-settings=\"{&quot;background_background&quot;:&quot;classic&quot;}\">\n\t\t\t<div class=\"elementor-widget-wrap elementor-element-populated\">\n\t\t\t\t\t\t<div class=\"elementor-element elementor-element-79eebda elementor-widget elementor-widget-heading\" data-id=\"79eebda\" data-element_type=\"widget\" data-widget_type=\"heading.default\">\n\t\t\t\t<div class=\"elementor-widget-container\">\n\t\t\t<h2 class=\"elementor-heading-title elementor-size-default\">Actividades de transferencia<\/h2>\t\t<\/div>\n\t\t\t\t<\/div>\n\t\t\t\t<div class=\"elementor-element elementor-element-17a9f2d elementor-widget elementor-widget-spacer\" data-id=\"17a9f2d\" data-element_type=\"widget\" data-widget_type=\"spacer.default\">\n\t\t\t\t<div class=\"elementor-widget-container\">\n\t\t\t\t\t<div class=\"elementor-spacer\">\n\t\t\t<div class=\"elementor-spacer-inner\"><\/div>\n\t\t<\/div>\n\t\t\t\t<\/div>\n\t\t\t\t<\/div>\n\t\t\t\t\t<\/div>\n\t\t<\/div>\n\t\t\t\t<div class=\"elementor-column elementor-col-33 elementor-top-column elementor-element elementor-element-617336e\" data-id=\"617336e\" data-element_type=\"column\" data-settings=\"{&quot;background_background&quot;:&quot;classic&quot;}\">\n\t\t\t<div class=\"elementor-widget-wrap elementor-element-populated\">\n\t\t\t\t\t\t<div class=\"elementor-element elementor-element-77f8091 elementor-widget elementor-widget-text-editor\" data-id=\"77f8091\" data-element_type=\"widget\" data-widget_type=\"text-editor.default\">\n\t\t\t\t<div class=\"elementor-widget-container\">\n\t\t\t\t\t\t\t<p>El grupo GESDI desarrolla diferentes actividades de transferencia de la investigaci\u00f3n que desarrollan a la comunidad.<\/p>\t\t\t\t\t\t<\/div>\n\t\t\t\t<\/div>\n\t\t\t\t<div class=\"elementor-element elementor-element-46d1445 elementor-mobile-align-center elementor-align-center elementor-widget elementor-widget-button\" data-id=\"46d1445\" data-element_type=\"widget\" data-widget_type=\"button.default\">\n\t\t\t\t<div class=\"elementor-widget-container\">\n\t\t\t\t\t<div class=\"elementor-button-wrapper\">\n\t\t\t<a class=\"elementor-button elementor-button-link elementor-size-sm\" href=\"https:\/\/www.ub.edu\/gesdi\/publicaciones\/actividades-de-investigaciongesdi\">\n\t\t\t\t\t\t<span class=\"elementor-button-content-wrapper\">\n\t\t\t\t\t\t\t\t\t<span class=\"elementor-button-text\">Leer m\u00e1s <\/span>\n\t\t\t\t\t<\/span>\n\t\t\t\t\t<\/a>\n\t\t<\/div>\n\t\t\t\t<\/div>\n\t\t\t\t<\/div>\n\t\t\t\t\t<\/div>\n\t\t<\/div>\n\t\t\t\t<div class=\"elementor-column elementor-col-33 elementor-top-column elementor-element elementor-element-cd6d68d\" data-id=\"cd6d68d\" data-element_type=\"column\">\n\t\t\t<div class=\"elementor-widget-wrap elementor-element-populated\">\n\t\t\t\t\t\t<div class=\"elementor-element elementor-element-50e610d elementor-widget elementor-widget-spacer\" data-id=\"50e610d\" data-element_type=\"widget\" data-widget_type=\"spacer.default\">\n\t\t\t\t<div class=\"elementor-widget-container\">\n\t\t\t\t\t<div class=\"elementor-spacer\">\n\t\t\t<div class=\"elementor-spacer-inner\"><\/div>\n\t\t<\/div>\n\t\t\t\t<\/div>\n\t\t\t\t<\/div>\n\t\t\t\t<div class=\"elementor-element elementor-element-2be2939 elementor-widget elementor-widget-image\" data-id=\"2be2939\" data-element_type=\"widget\" data-widget_type=\"image.default\">\n\t\t\t\t<div class=\"elementor-widget-container\">\n\t\t\t\t\t\t\t\t\t\t\t\t\t<img fetchpriority=\"high\" decoding=\"async\" width=\"800\" height=\"450\" src=\"https:\/\/www.ub.edu\/gesdi\/wp-content\/uploads\/2022\/12\/Diseno-sin-titulo-1024x576.jpeg\" class=\"attachment-large size-large wp-image-713\" alt=\"\" srcset=\"https:\/\/www.ub.edu\/gesdi\/wp-content\/uploads\/2022\/12\/Diseno-sin-titulo-1024x576.jpeg 1024w, https:\/\/www.ub.edu\/gesdi\/wp-content\/uploads\/2022\/12\/Diseno-sin-titulo-300x169.jpeg 300w, https:\/\/www.ub.edu\/gesdi\/wp-content\/uploads\/2022\/12\/Diseno-sin-titulo-768x432.jpeg 768w, https:\/\/www.ub.edu\/gesdi\/wp-content\/uploads\/2022\/12\/Diseno-sin-titulo-1536x864.jpeg 1536w, https:\/\/www.ub.edu\/gesdi\/wp-content\/uploads\/2022\/12\/Diseno-sin-titulo.jpeg 1920w\" sizes=\"(max-width: 800px) 100vw, 800px\" \/>\t\t\t\t\t\t\t\t\t\t\t\t\t<\/div>\n\t\t\t\t<\/div>\n\t\t\t\t\t<\/div>\n\t\t<\/div>\n\t\t\t\t\t<\/div>\n\t\t<\/section>\n\t\t\t\t<section class=\"elementor-section elementor-top-section elementor-element elementor-element-f282ed9 elementor-section-boxed elementor-section-height-default elementor-section-height-default\" data-id=\"f282ed9\" data-element_type=\"section\">\n\t\t\t\t\t\t<div class=\"elementor-container elementor-column-gap-default\">\n\t\t\t\t\t<div class=\"elementor-column elementor-col-33 elementor-top-column elementor-element elementor-element-02c362c\" data-id=\"02c362c\" data-element_type=\"column\" data-settings=\"{&quot;background_background&quot;:&quot;classic&quot;}\">\n\t\t\t<div class=\"elementor-widget-wrap elementor-element-populated\">\n\t\t\t\t\t\t<div class=\"elementor-element elementor-element-2fcdbfb elementor-widget elementor-widget-heading\" data-id=\"2fcdbfb\" data-element_type=\"widget\" data-widget_type=\"heading.default\">\n\t\t\t\t<div class=\"elementor-widget-container\">\n\t\t\t<h2 class=\"elementor-heading-title elementor-size-default\">Actividades de formaci\u00f3n<\/h2>\t\t<\/div>\n\t\t\t\t<\/div>\n\t\t\t\t<div class=\"elementor-element elementor-element-ec7e3d8 elementor-widget elementor-widget-spacer\" data-id=\"ec7e3d8\" data-element_type=\"widget\" data-widget_type=\"spacer.default\">\n\t\t\t\t<div class=\"elementor-widget-container\">\n\t\t\t\t\t<div class=\"elementor-spacer\">\n\t\t\t<div class=\"elementor-spacer-inner\"><\/div>\n\t\t<\/div>\n\t\t\t\t<\/div>\n\t\t\t\t<\/div>\n\t\t\t\t\t<\/div>\n\t\t<\/div>\n\t\t\t\t<div class=\"elementor-column elementor-col-33 elementor-top-column elementor-element elementor-element-4ea4ed1\" data-id=\"4ea4ed1\" data-element_type=\"column\" data-settings=\"{&quot;background_background&quot;:&quot;classic&quot;}\">\n\t\t\t<div class=\"elementor-widget-wrap elementor-element-populated\">\n\t\t\t\t\t\t<div class=\"elementor-element elementor-element-f4d66f9 elementor-widget elementor-widget-text-editor\" data-id=\"f4d66f9\" data-element_type=\"widget\" data-widget_type=\"text-editor.default\">\n\t\t\t\t<div class=\"elementor-widget-container\">\n\t\t\t\t\t\t\t<p>El equipo del GESDI participa como docentes del <span class=\"TextRun Highlight SCXW135171856 BCX0\" lang=\"ES-ES\" xml:lang=\"ES-ES\" data-contrast=\"auto\"><span class=\"NormalTextRun SCXW135171856 BCX0\">M\u00e1ster <\/span><span class=\"NormalTextRun SCXW135171856 BCX0\">Interuniversitario<\/span><span class=\"NormalTextRun SCXW135171856 BCX0\"> en Migraciones <\/span><span class=\"NormalTextRun SpellingErrorV2Themed SCXW135171856 BCX0\">Contemporaneas (CER-Migracions). Adicionalmente ofrece formaci\u00f3n especializada en el abordaje jur\u00eddico de las migraciones y el refugio<\/span><\/span><span class=\"EOP SCXW135171856 BCX0\" data-ccp-props=\"{&quot;201341983&quot;:0,&quot;335559740&quot;:259}\">\u00a0<\/span><\/p>\t\t\t\t\t\t<\/div>\n\t\t\t\t<\/div>\n\t\t\t\t<div class=\"elementor-element elementor-element-b459312 elementor-mobile-align-center elementor-align-center elementor-widget elementor-widget-button\" data-id=\"b459312\" data-element_type=\"widget\" data-widget_type=\"button.default\">\n\t\t\t\t<div class=\"elementor-widget-container\">\n\t\t\t\t\t<div class=\"elementor-button-wrapper\">\n\t\t\t<a class=\"elementor-button elementor-button-link elementor-size-sm\" href=\"https:\/\/www.ub.edu\/gesdi\/proyectos\/formacion\">\n\t\t\t\t\t\t<span class=\"elementor-button-content-wrapper\">\n\t\t\t\t\t\t\t\t\t<span class=\"elementor-button-text\">Leer m\u00e1s <\/span>\n\t\t\t\t\t<\/span>\n\t\t\t\t\t<\/a>\n\t\t<\/div>\n\t\t\t\t<\/div>\n\t\t\t\t<\/div>\n\t\t\t\t\t<\/div>\n\t\t<\/div>\n\t\t\t\t<div class=\"elementor-column elementor-col-33 elementor-top-column elementor-element elementor-element-d71d082\" data-id=\"d71d082\" data-element_type=\"column\">\n\t\t\t<div class=\"elementor-widget-wrap elementor-element-populated\">\n\t\t\t\t\t\t<div class=\"elementor-element elementor-element-d898ada elementor-widget elementor-widget-spacer\" data-id=\"d898ada\" data-element_type=\"widget\" data-widget_type=\"spacer.default\">\n\t\t\t\t<div class=\"elementor-widget-container\">\n\t\t\t\t\t<div class=\"elementor-spacer\">\n\t\t\t<div class=\"elementor-spacer-inner\"><\/div>\n\t\t<\/div>\n\t\t\t\t<\/div>\n\t\t\t\t<\/div>\n\t\t\t\t<div class=\"elementor-element elementor-element-216dbab elementor-widget elementor-widget-image\" data-id=\"216dbab\" data-element_type=\"widget\" data-widget_type=\"image.default\">\n\t\t\t\t<div class=\"elementor-widget-container\">\n\t\t\t\t\t\t\t\t\t\t\t\t\t<img decoding=\"async\" width=\"800\" height=\"450\" src=\"https:\/\/www.ub.edu\/gesdi\/wp-content\/uploads\/2022\/12\/Diseno-sin-titulo-2-1024x576.png\" class=\"attachment-large size-large wp-image-714\" alt=\"\" srcset=\"https:\/\/www.ub.edu\/gesdi\/wp-content\/uploads\/2022\/12\/Diseno-sin-titulo-2-1024x576.png 1024w, https:\/\/www.ub.edu\/gesdi\/wp-content\/uploads\/2022\/12\/Diseno-sin-titulo-2-300x169.png 300w, https:\/\/www.ub.edu\/gesdi\/wp-content\/uploads\/2022\/12\/Diseno-sin-titulo-2-768x432.png 768w, https:\/\/www.ub.edu\/gesdi\/wp-content\/uploads\/2022\/12\/Diseno-sin-titulo-2-1536x864.png 1536w, https:\/\/www.ub.edu\/gesdi\/wp-content\/uploads\/2022\/12\/Diseno-sin-titulo-2.png 1920w\" sizes=\"(max-width: 800px) 100vw, 800px\" \/>\t\t\t\t\t\t\t\t\t\t\t\t\t<\/div>\n\t\t\t\t<\/div>\n\t\t\t\t\t<\/div>\n\t\t<\/div>\n\t\t\t\t\t<\/div>\n\t\t<\/section>\n\t\t\t\t<section class=\"elementor-section elementor-top-section elementor-element elementor-element-c141d4d elementor-section-boxed elementor-section-height-default elementor-section-height-default\" data-id=\"c141d4d\" data-element_type=\"section\">\n\t\t\t\t\t\t<div class=\"elementor-container elementor-column-gap-default\">\n\t\t\t\t\t<div class=\"elementor-column elementor-col-100 elementor-top-column elementor-element elementor-element-bf43126\" data-id=\"bf43126\" data-element_type=\"column\">\n\t\t\t<div class=\"elementor-widget-wrap elementor-element-populated\">\n\t\t\t\t\t\t<div class=\"elementor-element elementor-element-e9bbe7c elementor-widget elementor-widget-spacer\" data-id=\"e9bbe7c\" data-element_type=\"widget\" data-widget_type=\"spacer.default\">\n\t\t\t\t<div class=\"elementor-widget-container\">\n\t\t\t\t\t<div class=\"elementor-spacer\">\n\t\t\t<div class=\"elementor-spacer-inner\"><\/div>\n\t\t<\/div>\n\t\t\t\t<\/div>\n\t\t\t\t<\/div>\n\t\t\t\t<div class=\"elementor-element elementor-element-eed31a0 elementor-mobile-align-center elementor-align-center elementor-widget elementor-widget-button\" data-id=\"eed31a0\" data-element_type=\"widget\" data-widget_type=\"button.default\">\n\t\t\t\t<div class=\"elementor-widget-container\">\n\t\t\t\t\t<div class=\"elementor-button-wrapper\">\n\t\t\t<a class=\"elementor-button elementor-button-link elementor-size-sm\" href=\"https:\/\/www.ub.edu\/gesdi\/proyectos\">\n\t\t\t\t\t\t<span class=\"elementor-button-content-wrapper\">\n\t\t\t\t\t\t\t\t\t<span class=\"elementor-button-text\">volver <\/span>\n\t\t\t\t\t<\/span>\n\t\t\t\t\t<\/a>\n\t\t<\/div>\n\t\t\t\t<\/div>\n\t\t\t\t<\/div>\n\t\t\t\t<div class=\"elementor-element elementor-element-8813855 elementor-widget elementor-widget-spacer\" data-id=\"8813855\" data-element_type=\"widget\" data-widget_type=\"spacer.default\">\n\t\t\t\t<div class=\"elementor-widget-container\">\n\t\t\t\t\t<div class=\"elementor-spacer\">\n\t\t\t<div class=\"elementor-spacer-inner\"><\/div>\n\t\t<\/div>\n\t\t\t\t<\/div>\n\t\t\t\t<\/div>\n\t\t\t\t<div class=\"elementor-element elementor-element-13fbe80 elementor-widget elementor-widget-spacer\" data-id=\"13fbe80\" data-element_type=\"widget\" data-widget_type=\"spacer.default\">\n\t\t\t\t<div class=\"elementor-widget-container\">\n\t\t\t\t\t<div class=\"elementor-spacer\">\n\t\t\t<div class=\"elementor-spacer-inner\"><\/div>\n\t\t<\/div>\n\t\t\t\t<\/div>\n\t\t\t\t<\/div>\n\t\t\t\t\t<\/div>\n\t\t<\/div>\n\t\t\t\t\t<\/div>\n\t\t<\/section>\n\t\t\t\t<\/div>\n\t\t","protected":false},"excerpt":{"rendered":"<p>Actividades de transferencia El grupo GESDI desarrolla diferentes actividades de transferencia de la investigaci\u00f3n que desarrollan a la comunidad. Leer m\u00e1s Actividades de formaci\u00f3n El equipo del GESDI participa como docentes del M\u00e1ster Interuniversitario en Migraciones Contemporaneas (CER-Migracions). Adicionalmente ofrece formaci\u00f3n especializada en el abordaje jur\u00eddico de las migraciones y el refugio\u00a0 Leer m\u00e1s volver<\/p>\n","protected":false},"author":1,"featured_media":0,"parent":0,"menu_order":0,"comment_status":"closed","ping_status":"closed","template":"elementor_theme","meta":{"footnotes":""},"class_list":["post-12","page","type-page","status-publish","hentry"],"_links":{"self":[{"href":"https:\/\/www.ub.edu\/gesdi\/wp-json\/wp\/v2\/pages\/12","targetHints":{"allow":["GET"]}}],"collection":[{"href":"https:\/\/www.ub.edu\/gesdi\/wp-json\/wp\/v2\/pages"}],"about":[{"href":"https:\/\/www.ub.edu\/gesdi\/wp-json\/wp\/v2\/types\/page"}],"author":[{"embeddable":true,"href":"https:\/\/www.ub.edu\/gesdi\/wp-json\/wp\/v2\/users\/1"}],"replies":[{"embeddable":true,"href":"https:\/\/www.ub.edu\/gesdi\/wp-json\/wp\/v2\/comments?post=12"}],"version-history":[{"count":90,"href":"https:\/\/www.ub.edu\/gesdi\/wp-json\/wp\/v2\/pages\/12\/revisions"}],"predecessor-version":[{"id":1574,"href":"https:\/\/www.ub.edu\/gesdi\/wp-json\/wp\/v2\/pages\/12\/revisions\/1574"}],"wp:attachment":[{"href":"https:\/\/www.ub.edu\/gesdi\/wp-json\/wp\/v2\/media?parent=12"}],"curies":[{"name":"wp","href":"https:\/\/api.w.org\/{rel}","templated":true}]}}