{"id":1295,"date":"2023-10-01T16:43:21","date_gmt":"2023-10-01T16:43:21","guid":{"rendered":"https:\/\/www.ub.edu\/gesdi\/?page_id=1295"},"modified":"2023-10-11T09:07:02","modified_gmt":"2023-10-11T09:07:02","slug":"activitats-de-recerca","status":"publish","type":"page","link":"https:\/\/www.ub.edu\/gesdi\/ca\/activitats-de-recerca","title":{"rendered":"Activitats de recerca"},"content":{"rendered":"\t\t<div data-elementor-type=\"wp-page\" data-elementor-id=\"1295\" class=\"elementor elementor-1295\">\n\t\t\t\t\t\t<section class=\"elementor-section elementor-top-section elementor-element elementor-element-5cdce9b2 elementor-section-content-middle elementor-section-boxed elementor-section-height-default elementor-section-height-default\" data-id=\"5cdce9b2\" data-element_type=\"section\">\n\t\t\t\t\t\t<div class=\"elementor-container elementor-column-gap-no\">\n\t\t\t\t\t<div class=\"elementor-column elementor-col-100 elementor-top-column elementor-element elementor-element-f065142\" data-id=\"f065142\" data-element_type=\"column\">\n\t\t\t<div class=\"elementor-widget-wrap elementor-element-populated\">\n\t\t\t\t\t\t<div class=\"elementor-element elementor-element-241f2c14 elementor-widget elementor-widget-heading\" data-id=\"241f2c14\" data-element_type=\"widget\" data-widget_type=\"heading.default\">\n\t\t\t\t<div class=\"elementor-widget-container\">\n\t\t\t<h1 class=\"elementor-heading-title elementor-size-default\">activitats de recerca<\/h1>\t\t<\/div>\n\t\t\t\t<\/div>\n\t\t\t\t<div class=\"elementor-element elementor-element-75893de elementor-widget elementor-widget-spacer\" data-id=\"75893de\" data-element_type=\"widget\" data-widget_type=\"spacer.default\">\n\t\t\t\t<div class=\"elementor-widget-container\">\n\t\t\t\t\t<div class=\"elementor-spacer\">\n\t\t\t<div class=\"elementor-spacer-inner\"><\/div>\n\t\t<\/div>\n\t\t\t\t<\/div>\n\t\t\t\t<\/div>\n\t\t\t\t<div class=\"elementor-element elementor-element-2706cc2 elementor-grid-3 elementor-grid-tablet-2 elementor-grid-mobile-1 elementor-posts--thumbnail-top elementor-card-shadow-yes elementor-posts__hover-gradient elementor-widget elementor-widget-posts\" data-id=\"2706cc2\" data-element_type=\"widget\" data-settings=\"{&quot;cards_columns&quot;:&quot;3&quot;,&quot;cards_columns_tablet&quot;:&quot;2&quot;,&quot;cards_columns_mobile&quot;:&quot;1&quot;,&quot;cards_row_gap&quot;:{&quot;unit&quot;:&quot;px&quot;,&quot;size&quot;:35,&quot;sizes&quot;:[]},&quot;cards_row_gap_tablet&quot;:{&quot;unit&quot;:&quot;px&quot;,&quot;size&quot;:&quot;&quot;,&quot;sizes&quot;:[]},&quot;cards_row_gap_mobile&quot;:{&quot;unit&quot;:&quot;px&quot;,&quot;size&quot;:&quot;&quot;,&quot;sizes&quot;:[]}}\" data-widget_type=\"posts.cards\">\n\t\t\t\t<div class=\"elementor-widget-container\">\n\t\t\t\t\t<div class=\"elementor-posts-container elementor-posts elementor-posts--skin-cards elementor-grid\">\n\t\t\t\t<article class=\"elementor-post elementor-grid-item post-795 post type-post status-publish format-standard has-post-thumbnail hentry category-actividades-de-investigacion\">\n\t\t\t<div class=\"elementor-post__card\">\n\t\t\t\t<a class=\"elementor-post__thumbnail__link\" href=\"https:\/\/www.ub.edu\/gesdi\/seminario-migraciones-y-sistema-penal-una-aproximacion-gesdi-ub\" target=\"_blank\"><div class=\"elementor-post__thumbnail\"><img fetchpriority=\"high\" decoding=\"async\" width=\"800\" height=\"600\" src=\"https:\/\/www.ub.edu\/gesdi\/wp-content\/uploads\/2023\/01\/Diseno-sin-titulo.jpeg\" class=\"attachment-large size-large wp-image-797\" alt=\"\" srcset=\"https:\/\/www.ub.edu\/gesdi\/wp-content\/uploads\/2023\/01\/Diseno-sin-titulo.jpeg 1024w, https:\/\/www.ub.edu\/gesdi\/wp-content\/uploads\/2023\/01\/Diseno-sin-titulo-300x225.jpeg 300w, https:\/\/www.ub.edu\/gesdi\/wp-content\/uploads\/2023\/01\/Diseno-sin-titulo-768x576.jpeg 768w\" sizes=\"(max-width: 800px) 100vw, 800px\" \/><\/div><\/a>\n\t\t\t\t<div class=\"elementor-post__text\">\n\t\t\t\t<h3 class=\"elementor-post__title\">\n\t\t\t<a href=\"https:\/\/www.ub.edu\/gesdi\/seminario-migraciones-y-sistema-penal-una-aproximacion-gesdi-ub\" target=&quot;_blank&quot;>\n\t\t\t\t<strong>Seminario \u00abMigraciones y sistema penal: una aproximaci\u00f3n\u00bb (GESDI-UB)<\/strong>\u00a0\t\t\t<\/a>\n\t\t<\/h3>\n\t\t\t\t<div class=\"elementor-post__excerpt\">\n\t\t\t<p>El lunes 30 de mayo de 2022 se llev\u00f3 a cabo el seminario \u00abInmigraci\u00f3n y Derecho penal\u00bb, en el marco del ciclo de seminarios del Grupo de Estudios sobre derechos\t\t<\/div>\n\t\t\n\t\t<a class=\"elementor-post__read-more\" href=\"https:\/\/www.ub.edu\/gesdi\/seminario-migraciones-y-sistema-penal-una-aproximacion-gesdi-ub\" aria-label=\"Read more about &lt;strong&gt;Seminario \u00abMigraciones y sistema penal: una aproximaci\u00f3n\u00bb (GESDI-UB)&lt;\/strong&gt;\u00a0\" target=\"_blank\">\n\t\t\tLeer m\u00e1s \u00bb\t\t<\/a>\n\n\t\t\t\t<\/div>\n\t\t\t\t\t<\/div>\n\t\t<\/article>\n\t\t\t\t<article class=\"elementor-post elementor-grid-item post-792 post type-post status-publish format-standard has-post-thumbnail hentry category-actividades-de-investigacion\">\n\t\t\t<div class=\"elementor-post__card\">\n\t\t\t\t<a class=\"elementor-post__thumbnail__link\" href=\"https:\/\/www.ub.edu\/gesdi\/seminario-agencias-comunitarias-de-inmigracion-y-asilo-en-la-union-europea-euaa-y-frontex-asi-como-los-mecanismos-de-exigencia-de-accountability-gesdi-ub\" target=\"_blank\"><div class=\"elementor-post__thumbnail\"><img decoding=\"async\" width=\"800\" height=\"600\" src=\"https:\/\/www.ub.edu\/gesdi\/wp-content\/uploads\/2023\/01\/Diseno-sin-titulo-2.png\" class=\"attachment-large size-large wp-image-793\" alt=\"\" srcset=\"https:\/\/www.ub.edu\/gesdi\/wp-content\/uploads\/2023\/01\/Diseno-sin-titulo-2.png 1024w, https:\/\/www.ub.edu\/gesdi\/wp-content\/uploads\/2023\/01\/Diseno-sin-titulo-2-300x225.png 300w, https:\/\/www.ub.edu\/gesdi\/wp-content\/uploads\/2023\/01\/Diseno-sin-titulo-2-768x576.png 768w\" sizes=\"(max-width: 800px) 100vw, 800px\" \/><\/div><\/a>\n\t\t\t\t<div class=\"elementor-post__text\">\n\t\t\t\t<h3 class=\"elementor-post__title\">\n\t\t\t<a href=\"https:\/\/www.ub.edu\/gesdi\/seminario-agencias-comunitarias-de-inmigracion-y-asilo-en-la-union-europea-euaa-y-frontex-asi-como-los-mecanismos-de-exigencia-de-accountability-gesdi-ub\" target=&quot;_blank&quot;>\n\t\t\t\t<strong>Seminario \u00abAgencias comunitarias de Inmigraci\u00f3n y Asilo en la Uni\u00f3n Europea (EUAA y Frontex), as\u00ed como los mecanismos de exigencia de accountability\u00bb (GESDI-UB)<\/strong>\u00a0\t\t\t<\/a>\n\t\t<\/h3>\n\t\t\t\t<div class=\"elementor-post__excerpt\">\n\t\t\t<p>El jueves 7 de abril de 2022 se llev\u00f3 a cabo el seminario \u00abAgencias comunitarias de Inmigraci\u00f3n y Asilo en la Uni\u00f3n Europea (EUAA y Frontex), as\u00ed como los mecanismos\t\t<\/div>\n\t\t\n\t\t<a class=\"elementor-post__read-more\" href=\"https:\/\/www.ub.edu\/gesdi\/seminario-agencias-comunitarias-de-inmigracion-y-asilo-en-la-union-europea-euaa-y-frontex-asi-como-los-mecanismos-de-exigencia-de-accountability-gesdi-ub\" aria-label=\"Read more about &lt;strong&gt;Seminario \u00abAgencias comunitarias de Inmigraci\u00f3n y Asilo en la Uni\u00f3n Europea (EUAA y Frontex), as\u00ed como los mecanismos de exigencia de accountability\u00bb (GESDI-UB)&lt;\/strong&gt;\u00a0\" target=\"_blank\">\n\t\t\tLeer m\u00e1s \u00bb\t\t<\/a>\n\n\t\t\t\t<\/div>\n\t\t\t\t\t<\/div>\n\t\t<\/article>\n\t\t\t\t<article class=\"elementor-post elementor-grid-item post-789 post type-post status-publish format-standard has-post-thumbnail hentry category-actividades-de-investigacion\">\n\t\t\t<div class=\"elementor-post__card\">\n\t\t\t\t<a class=\"elementor-post__thumbnail__link\" href=\"https:\/\/www.ub.edu\/gesdi\/mesa-redonda-proteccion-internacional-y-movimientos-migratorios-forzados-por-razones-medioambientales\" target=\"_blank\"><div class=\"elementor-post__thumbnail\"><img decoding=\"async\" width=\"800\" height=\"600\" src=\"https:\/\/www.ub.edu\/gesdi\/wp-content\/uploads\/2023\/01\/Diseno-sin-titulo-1.png\" class=\"attachment-large size-large wp-image-790\" alt=\"\" srcset=\"https:\/\/www.ub.edu\/gesdi\/wp-content\/uploads\/2023\/01\/Diseno-sin-titulo-1.png 1024w, https:\/\/www.ub.edu\/gesdi\/wp-content\/uploads\/2023\/01\/Diseno-sin-titulo-1-300x225.png 300w, https:\/\/www.ub.edu\/gesdi\/wp-content\/uploads\/2023\/01\/Diseno-sin-titulo-1-768x576.png 768w\" sizes=\"(max-width: 800px) 100vw, 800px\" \/><\/div><\/a>\n\t\t\t\t<div class=\"elementor-post__text\">\n\t\t\t\t<h3 class=\"elementor-post__title\">\n\t\t\t<a href=\"https:\/\/www.ub.edu\/gesdi\/mesa-redonda-proteccion-internacional-y-movimientos-migratorios-forzados-por-razones-medioambientales\" target=&quot;_blank&quot;>\n\t\t\t\t<strong>Mesa redonda \u00abProtecci\u00f3n internacional y movimientos migratorios forzados por razones medioambientales\u00bb<\/strong>\t\t\t<\/a>\n\t\t<\/h3>\n\t\t\t\t<div class=\"elementor-post__excerpt\">\n\t\t\t<p>El mi\u00e9rcoles 16 de marzo de 2022 se llev\u00f3 la mesa redonda \u201cProtecci\u00f3n internacional y movimientos migratorios forzados por razones medioambientales\u201d, organizado en una colaboraci\u00f3n entre el Observatori de Dret\t\t<\/div>\n\t\t\n\t\t<a class=\"elementor-post__read-more\" href=\"https:\/\/www.ub.edu\/gesdi\/mesa-redonda-proteccion-internacional-y-movimientos-migratorios-forzados-por-razones-medioambientales\" aria-label=\"Read more about &lt;strong&gt;Mesa redonda \u00abProtecci\u00f3n internacional y movimientos migratorios forzados por razones medioambientales\u00bb&lt;\/strong&gt;\" target=\"_blank\">\n\t\t\tLeer m\u00e1s \u00bb\t\t<\/a>\n\n\t\t\t\t<\/div>\n\t\t\t\t\t<\/div>\n\t\t<\/article>\n\t\t\t\t<article class=\"elementor-post elementor-grid-item post-776 post type-post status-publish format-standard has-post-thumbnail hentry category-actividades-de-investigacion\">\n\t\t\t<div class=\"elementor-post__card\">\n\t\t\t\t<a class=\"elementor-post__thumbnail__link\" href=\"https:\/\/www.ub.edu\/gesdi\/conversatorio-refugiados-ucranianos-y-reaccion-de-la-ue-estado-de-la-cuestion-gesdi-ub\" target=\"_blank\"><div class=\"elementor-post__thumbnail\"><img loading=\"lazy\" decoding=\"async\" width=\"800\" height=\"600\" src=\"https:\/\/www.ub.edu\/gesdi\/wp-content\/uploads\/2023\/01\/Seminario-.png\" class=\"attachment-large size-large wp-image-777\" alt=\"\" srcset=\"https:\/\/www.ub.edu\/gesdi\/wp-content\/uploads\/2023\/01\/Seminario-.png 1024w, https:\/\/www.ub.edu\/gesdi\/wp-content\/uploads\/2023\/01\/Seminario--300x225.png 300w, https:\/\/www.ub.edu\/gesdi\/wp-content\/uploads\/2023\/01\/Seminario--768x576.png 768w\" sizes=\"(max-width: 800px) 100vw, 800px\" \/><\/div><\/a>\n\t\t\t\t<div class=\"elementor-post__text\">\n\t\t\t\t<h3 class=\"elementor-post__title\">\n\t\t\t<a href=\"https:\/\/www.ub.edu\/gesdi\/conversatorio-refugiados-ucranianos-y-reaccion-de-la-ue-estado-de-la-cuestion-gesdi-ub\" target=&quot;_blank&quot;>\n\t\t\t\t<strong>Conversatorio \u00abRefugiados ucranianos y reacci\u00f3n de la UE: estado de la cuesti\u00f3n\u00bb (GESDI-UB)<\/strong>\u00a0\t\t\t<\/a>\n\t\t<\/h3>\n\t\t\t\t<div class=\"elementor-post__excerpt\">\n\t\t\t<p>El pasado jueves 3 de marzo, a las 14h hemos realizado un Conversatorio sobre \u201cRefugiados ucranianos y reacci\u00f3n de la UE: estado de la cuesti\u00f3n\u201d para poner en com\u00fan la\t\t<\/div>\n\t\t\n\t\t<a class=\"elementor-post__read-more\" href=\"https:\/\/www.ub.edu\/gesdi\/conversatorio-refugiados-ucranianos-y-reaccion-de-la-ue-estado-de-la-cuestion-gesdi-ub\" aria-label=\"Read more about &lt;strong&gt;Conversatorio \u00abRefugiados ucranianos y reacci\u00f3n de la UE: estado de la cuesti\u00f3n\u00bb (GESDI-UB)&lt;\/strong&gt;\u00a0\" target=\"_blank\">\n\t\t\tLeer m\u00e1s \u00bb\t\t<\/a>\n\n\t\t\t\t<\/div>\n\t\t\t\t\t<\/div>\n\t\t<\/article>\n\t\t\t\t<\/div>\n\t\t\n\t\t\t\t<\/div>\n\t\t\t\t<\/div>\n\t\t\t\t\t<\/div>\n\t\t<\/div>\n\t\t\t\t\t<\/div>\n\t\t<\/section>\n\t\t\t\t<section class=\"elementor-section elementor-top-section elementor-element elementor-element-6a18ea7 elementor-section-boxed elementor-section-height-default elementor-section-height-default\" data-id=\"6a18ea7\" data-element_type=\"section\">\n\t\t\t\t\t\t<div class=\"elementor-container elementor-column-gap-default\">\n\t\t\t\t\t<div class=\"elementor-column elementor-col-100 elementor-top-column elementor-element elementor-element-1fa42e5\" data-id=\"1fa42e5\" data-element_type=\"column\">\n\t\t\t<div class=\"elementor-widget-wrap elementor-element-populated\">\n\t\t\t\t\t\t<div class=\"elementor-element elementor-element-4161af9 elementor-mobile-align-center elementor-align-center elementor-widget elementor-widget-button\" data-id=\"4161af9\" data-element_type=\"widget\" data-widget_type=\"button.default\">\n\t\t\t\t<div class=\"elementor-widget-container\">\n\t\t\t\t\t<div class=\"elementor-button-wrapper\">\n\t\t\t<a class=\"elementor-button elementor-button-link elementor-size-sm\" href=\"https:\/\/www.ub.edu\/gesdi\/en\/research\">\n\t\t\t\t\t\t<span class=\"elementor-button-content-wrapper\">\n\t\t\t\t\t\t\t\t\t<span class=\"elementor-button-text\">tornar<\/span>\n\t\t\t\t\t<\/span>\n\t\t\t\t\t<\/a>\n\t\t<\/div>\n\t\t\t\t<\/div>\n\t\t\t\t<\/div>\n\t\t\t\t\t<\/div>\n\t\t<\/div>\n\t\t\t\t\t<\/div>\n\t\t<\/section>\n\t\t\t\t<section class=\"elementor-section elementor-top-section elementor-element elementor-element-32aea3c elementor-section-boxed elementor-section-height-default elementor-section-height-default\" data-id=\"32aea3c\" data-element_type=\"section\">\n\t\t\t\t\t\t<div class=\"elementor-container elementor-column-gap-default\">\n\t\t\t\t\t<div class=\"elementor-column elementor-col-100 elementor-top-column elementor-element elementor-element-22a1329\" data-id=\"22a1329\" data-element_type=\"column\">\n\t\t\t<div class=\"elementor-widget-wrap elementor-element-populated\">\n\t\t\t\t\t\t<div class=\"elementor-element elementor-element-6c2a0a2 elementor-widget elementor-widget-spacer\" data-id=\"6c2a0a2\" data-element_type=\"widget\" data-widget_type=\"spacer.default\">\n\t\t\t\t<div class=\"elementor-widget-container\">\n\t\t\t\t\t<div class=\"elementor-spacer\">\n\t\t\t<div class=\"elementor-spacer-inner\"><\/div>\n\t\t<\/div>\n\t\t\t\t<\/div>\n\t\t\t\t<\/div>\n\t\t\t\t\t<\/div>\n\t\t<\/div>\n\t\t\t\t\t<\/div>\n\t\t<\/section>\n\t\t\t\t<section class=\"elementor-section elementor-top-section elementor-element elementor-element-00dad11 elementor-section-boxed elementor-section-height-default elementor-section-height-default\" data-id=\"00dad11\" data-element_type=\"section\">\n\t\t\t\t\t\t<div class=\"elementor-container elementor-column-gap-default\">\n\t\t\t\t\t<div class=\"elementor-column elementor-col-50 elementor-top-column elementor-element elementor-element-e136a45\" data-id=\"e136a45\" data-element_type=\"column\">\n\t\t\t<div class=\"elementor-widget-wrap\">\n\t\t\t\t\t\t\t<\/div>\n\t\t<\/div>\n\t\t\t\t<div class=\"elementor-column elementor-col-50 elementor-top-column elementor-element elementor-element-e0b3f7d\" data-id=\"e0b3f7d\" data-element_type=\"column\">\n\t\t\t<div class=\"elementor-widget-wrap\">\n\t\t\t\t\t\t\t<\/div>\n\t\t<\/div>\n\t\t\t\t\t<\/div>\n\t\t<\/section>\n\t\t\t\t<\/div>\n\t\t","protected":false},"excerpt":{"rendered":"<p>activitats de recerca tornar<\/p>\n","protected":false},"author":1,"featured_media":0,"parent":0,"menu_order":0,"comment_status":"closed","ping_status":"closed","template":"elementor_theme","meta":{"footnotes":""},"class_list":["post-1295","page","type-page","status-publish","hentry"],"_links":{"self":[{"href":"https:\/\/www.ub.edu\/gesdi\/wp-json\/wp\/v2\/pages\/1295","targetHints":{"allow":["GET"]}}],"collection":[{"href":"https:\/\/www.ub.edu\/gesdi\/wp-json\/wp\/v2\/pages"}],"about":[{"href":"https:\/\/www.ub.edu\/gesdi\/wp-json\/wp\/v2\/types\/page"}],"author":[{"embeddable":true,"href":"https:\/\/www.ub.edu\/gesdi\/wp-json\/wp\/v2\/users\/1"}],"replies":[{"embeddable":true,"href":"https:\/\/www.ub.edu\/gesdi\/wp-json\/wp\/v2\/comments?post=1295"}],"version-history":[{"count":8,"href":"https:\/\/www.ub.edu\/gesdi\/wp-json\/wp\/v2\/pages\/1295\/revisions"}],"predecessor-version":[{"id":1444,"href":"https:\/\/www.ub.edu\/gesdi\/wp-json\/wp\/v2\/pages\/1295\/revisions\/1444"}],"wp:attachment":[{"href":"https:\/\/www.ub.edu\/gesdi\/wp-json\/wp\/v2\/media?parent=1295"}],"curies":[{"name":"wp","href":"https:\/\/api.w.org\/{rel}","templated":true}]}}