{"id":1347,"date":"2023-10-01T17:36:00","date_gmt":"2023-10-01T17:36:00","guid":{"rendered":"https:\/\/www.ub.edu\/gesdi\/?page_id=1347"},"modified":"2023-10-11T09:03:24","modified_gmt":"2023-10-11T09:03:24","slug":"projectes","status":"publish","type":"page","link":"https:\/\/www.ub.edu\/gesdi\/ca\/projectes","title":{"rendered":"Projectes"},"content":{"rendered":"\t\t<div data-elementor-type=\"wp-page\" data-elementor-id=\"1347\" class=\"elementor elementor-1347\">\n\t\t\t\t\t\t<section class=\"elementor-section elementor-top-section elementor-element elementor-element-2ddc2b9 elementor-section-boxed elementor-section-height-default elementor-section-height-default\" data-id=\"2ddc2b9\" data-element_type=\"section\">\n\t\t\t\t\t\t<div class=\"elementor-container elementor-column-gap-default\">\n\t\t\t\t\t<div class=\"elementor-column elementor-col-100 elementor-top-column elementor-element elementor-element-d1b0fac\" data-id=\"d1b0fac\" data-element_type=\"column\">\n\t\t\t<div class=\"elementor-widget-wrap\">\n\t\t\t\t\t\t\t<\/div>\n\t\t<\/div>\n\t\t\t\t\t<\/div>\n\t\t<\/section>\n\t\t\t\t<section class=\"elementor-section elementor-top-section elementor-element elementor-element-ff4937b elementor-section-boxed elementor-section-height-default elementor-section-height-default\" data-id=\"ff4937b\" data-element_type=\"section\">\n\t\t\t\t\t\t<div class=\"elementor-container elementor-column-gap-default\">\n\t\t\t\t\t<div class=\"elementor-column elementor-col-33 elementor-top-column elementor-element elementor-element-ee20d9c\" data-id=\"ee20d9c\" data-element_type=\"column\" data-settings=\"{&quot;background_background&quot;:&quot;classic&quot;}\">\n\t\t\t<div class=\"elementor-widget-wrap elementor-element-populated\">\n\t\t\t\t\t\t<div class=\"elementor-element elementor-element-678bd3a elementor-widget elementor-widget-heading\" data-id=\"678bd3a\" data-element_type=\"widget\" data-widget_type=\"heading.default\">\n\t\t\t\t<div class=\"elementor-widget-container\">\n\t\t\t<h2 class=\"elementor-heading-title elementor-size-default\">Projectes<\/h2>\t\t<\/div>\n\t\t\t\t<\/div>\n\t\t\t\t\t<\/div>\n\t\t<\/div>\n\t\t\t\t<div class=\"elementor-column elementor-col-66 elementor-top-column elementor-element elementor-element-e36f899\" data-id=\"e36f899\" data-element_type=\"column\">\n\t\t\t<div class=\"elementor-widget-wrap elementor-element-populated\">\n\t\t\t\t\t\t<div class=\"elementor-element elementor-element-3bfc338 elementor-widget elementor-widget-shortcode\" data-id=\"3bfc338\" data-element_type=\"widget\" data-widget_type=\"shortcode.default\">\n\t\t\t\t<div class=\"elementor-widget-container\">\n\t\t\t\t\t<div class=\"elementor-shortcode\">\n<table id=\"tablepress-1\" class=\"tablepress tablepress-id-1\">\n<thead>\n<tr class=\"row-1\">\n\t<th class=\"column-1\">A\u00f1os de ejecuci\u00f3n <\/th><th class=\"column-2\">Nombre del proyecto  <\/th><th class=\"column-3\">Investigadores\/as principales <\/th><th class=\"column-4\">Referencias <\/th><th class=\"column-5\">Link a la web propia  <\/th>\n<\/tr>\n<\/thead>\n<tbody>\n<tr class=\"row-2\">\n\t<td class=\"column-1\">2020-2022 <\/td><td class=\"column-2\">Finding ways out to forced marriages: prevention, protection and support tools for practitioners across Europe. FM-OUT! <\/td><td class=\"column-3\">S\u00f2nia Parella<br \/>\nDavid Moya <\/td><td class=\"column-4\">Programme REC European Commmission <\/td><td class=\"column-5\"><a href=\"https:\/\/www.fmout.eu\/\" rel=\"noopener\" target=\"_blank\">FM-OUT<\/a><\/td>\n<\/tr>\n<tr class=\"row-3\">\n\t<td class=\"column-1\">2019-2022 <\/td><td class=\"column-2\">Forced and arranged marriages among migrant communities in Spain: unravelling meanings and risk factors to build comprehensive models of intervention and prevention. FORMARISK <\/td><td class=\"column-3\">S\u00f2nia Parella<br \/>\nDavid Moya <\/td><td class=\"column-4\">Proyecto financiado por el Ministerio de Ciencia, Innovaci\u00f3n y Universidades - Proyectos de I+D+I re Referencia del proyecto: RTI2018-095300-B-I00 <\/td><td class=\"column-5\"><a href=\"https:\/\/formarisk.es\/\" rel=\"noopener\" target=\"_blank\">Formarisk<\/a><\/td>\n<\/tr>\n<tr class=\"row-4\">\n\t<td class=\"column-1\">2022-2026 <\/td><td class=\"column-2\">Unintentional discrimination detected and racism reveal and Deactivate (UNDERTERRED) <\/td><td class=\"column-3\">S\u00f2nia Parella<br \/>\nDavid Moya <\/td><td class=\"column-4\">Horizon Europe (HORIZON-CL2-2022-TRANSFORMATIONS-01-08) <\/td><td class=\"column-5\"><\/td>\n<\/tr>\n<tr class=\"row-5\">\n\t<td class=\"column-1\">2023-2026 <\/td><td class=\"column-2\">Catalunya, terra d'asil: enfortim i defensem la instituci\u00f3 de l'asil a Catalunya pels drets de les persones despla\u00e7ades for\u00e7osament i per a construir una societat m\u00e9s justa, inclusiva i intercultural (Catalunya) <\/td><td class=\"column-3\">David Moya<\/td><td class=\"column-4\">Ag\u00e8ncia Catalana de Cooperaci\u00f3 al Desenvolupament<\/td><td class=\"column-5\"><\/td>\n<\/tr>\n<tr class=\"row-6\">\n\t<td class=\"column-1\">2023-2026 <\/td><td class=\"column-2\">Dret a migrar i refugi: el cam\u00ed impossible (Catalunya) <\/td><td class=\"column-3\">David Moya<\/td><td class=\"column-4\">Ag\u00e8ncia Catalana de Cooperaci\u00f3 al Desenvolupament <\/td><td class=\"column-5\"><\/td>\n<\/tr>\n<\/tbody>\n<\/table>\n<\/div>\n\t\t\t\t<\/div>\n\t\t\t\t<\/div>\n\t\t\t\t\t<\/div>\n\t\t<\/div>\n\t\t\t\t\t<\/div>\n\t\t<\/section>\n\t\t\t\t<section class=\"elementor-section elementor-top-section elementor-element elementor-element-2cfe9e4 elementor-section-boxed elementor-section-height-default elementor-section-height-default\" data-id=\"2cfe9e4\" data-element_type=\"section\">\n\t\t\t\t\t\t<div class=\"elementor-container elementor-column-gap-default\">\n\t\t\t\t\t<div class=\"elementor-column elementor-col-100 elementor-top-column elementor-element elementor-element-4b8016d\" data-id=\"4b8016d\" data-element_type=\"column\">\n\t\t\t<div class=\"elementor-widget-wrap elementor-element-populated\">\n\t\t\t\t\t\t<div class=\"elementor-element elementor-element-4b7b499 elementor-widget elementor-widget-spacer\" data-id=\"4b7b499\" data-element_type=\"widget\" data-widget_type=\"spacer.default\">\n\t\t\t\t<div class=\"elementor-widget-container\">\n\t\t\t\t\t<div class=\"elementor-spacer\">\n\t\t\t<div class=\"elementor-spacer-inner\"><\/div>\n\t\t<\/div>\n\t\t\t\t<\/div>\n\t\t\t\t<\/div>\n\t\t\t\t\t<\/div>\n\t\t<\/div>\n\t\t\t\t\t<\/div>\n\t\t<\/section>\n\t\t\t\t<section class=\"elementor-section elementor-top-section elementor-element elementor-element-0be9d13 elementor-section-boxed elementor-section-height-default elementor-section-height-default\" data-id=\"0be9d13\" data-element_type=\"section\">\n\t\t\t\t\t\t<div class=\"elementor-container elementor-column-gap-default\">\n\t\t\t\t\t<div class=\"elementor-column elementor-col-33 elementor-top-column elementor-element elementor-element-a96912a\" data-id=\"a96912a\" data-element_type=\"column\" data-settings=\"{&quot;background_background&quot;:&quot;classic&quot;}\">\n\t\t\t<div class=\"elementor-widget-wrap elementor-element-populated\">\n\t\t\t\t\t\t<div class=\"elementor-element elementor-element-8d04fa5 elementor-widget elementor-widget-heading\" data-id=\"8d04fa5\" data-element_type=\"widget\" data-widget_type=\"heading.default\">\n\t\t\t\t<div class=\"elementor-widget-container\">\n\t\t\t<h2 class=\"elementor-heading-title elementor-size-default\">Convenis<\/h2>\t\t<\/div>\n\t\t\t\t<\/div>\n\t\t\t\t\t<\/div>\n\t\t<\/div>\n\t\t\t\t<div class=\"elementor-column elementor-col-66 elementor-top-column elementor-element elementor-element-b515e32\" data-id=\"b515e32\" data-element_type=\"column\">\n\t\t\t<div class=\"elementor-widget-wrap elementor-element-populated\">\n\t\t\t\t\t\t<div class=\"elementor-element elementor-element-f49e7fc elementor-widget elementor-widget-shortcode\" data-id=\"f49e7fc\" data-element_type=\"widget\" data-widget_type=\"shortcode.default\">\n\t\t\t\t<div class=\"elementor-widget-container\">\n\t\t\t\t\t<div class=\"elementor-shortcode\">\n<table id=\"tablepress-2\" class=\"tablepress tablepress-id-2\">\n<thead>\n<tr class=\"row-1\">\n\t<th class=\"column-1\">A\u00f1os de ejecuci\u00f3n <\/th><th class=\"column-2\">Nombre del proyecto  <\/th><th class=\"column-3\">Investigadores\/as principales <\/th><th class=\"column-4\">Referencias <\/th>\n<\/tr>\n<\/thead>\n<tbody>\n<tr class=\"row-2\">\n\t<td class=\"column-1\">2022 <\/td><td class=\"column-2\">Corredors humanitaris i protecci\u00f3 internacional: conceptualitzaci\u00f3 i operativitzaci\u00f3 <\/td><td class=\"column-3\">David Moya <\/td><td class=\"column-4\">Ag\u00e8ncia Catalana de la Cooperaci\u00f3 (Generalitat de Catalunya) <\/td>\n<\/tr>\n<tr class=\"row-3\">\n\t<td class=\"column-1\">2020 <\/td><td class=\"column-2\">Final Evaluation of the EU-China Dialogue on Migration and Mobility Support (MMSP) <\/td><td class=\"column-3\">David Moya <\/td><td class=\"column-4\">European External Action Service (EEAS) <\/td>\n<\/tr>\n<tr class=\"row-4\">\n\t<td class=\"column-1\">2019-2020<\/td><td class=\"column-2\">Estudi jur\u00eddic sobre els problemes d'acc\u00e9s dels menors i joves estrangers no acompanyats (MENA) a la formaci\u00f3 laboral i al mercat de treball aix\u00ed i les possibles solucions alternatives a aquests problemes <\/td><td class=\"column-3\">David Moya <\/td><td class=\"column-4\">Fundaci\u00f3 INTERMEDIA, per compte de la Xarxa d\u2019Entitats, Consorci de Serveis Socials, Generalitat i Ajuntament de Barcelona <\/td>\n<\/tr>\n<tr class=\"row-5\">\n\t<td class=\"column-1\">2018-2019 <\/td><td class=\"column-2\">Guide for Georgians on their legal status in Spain <\/td><td class=\"column-3\">David Moya<\/td><td class=\"column-4\"><\/td>\n<\/tr>\n<tr class=\"row-6\">\n\t<td class=\"column-1\">2018-2021<\/td><td class=\"column-2\">Las v\u00edas de acceso legales y seguras a la protecci\u00f3n internacional en Europa y Espa\u00f1a. Una prospectiva.<\/td><td class=\"column-3\">David Moya <\/td><td class=\"column-4\">Associaci\u00f3 StopMaremortum <\/td>\n<\/tr>\n<tr class=\"row-7\">\n\t<td class=\"column-1\">2017 <\/td><td class=\"column-2\">An\u00e0lisi sobre les condicions d\u2019acc\u00e9s de les persones estrangeres a l\u2019ocupaci\u00f3 p\u00fablica a Catalunya, i de les reformes normatives necess\u00e0ries per a assegurar-ne l\u2019acc\u00e9s <\/td><td class=\"column-3\">David Moya <\/td><td class=\"column-4\">Generalitat de Catalunya <\/td>\n<\/tr>\n<tr class=\"row-8\">\n\t<td class=\"column-1\"><\/td><td class=\"column-2\"><\/td><td class=\"column-3\"><\/td><td class=\"column-4\"><\/td>\n<\/tr>\n<tr class=\"row-9\">\n\t<td class=\"column-1\"><\/td><td class=\"column-2\"><\/td><td class=\"column-3\"><\/td><td class=\"column-4\"><\/td>\n<\/tr>\n<\/tbody>\n<\/table>\n<\/div>\n\t\t\t\t<\/div>\n\t\t\t\t<\/div>\n\t\t\t\t\t<\/div>\n\t\t<\/div>\n\t\t\t\t\t<\/div>\n\t\t<\/section>\n\t\t\t\t<section class=\"elementor-section elementor-top-section elementor-element elementor-element-45b7b53 elementor-section-boxed elementor-section-height-default elementor-section-height-default\" data-id=\"45b7b53\" data-element_type=\"section\">\n\t\t\t\t\t\t<div class=\"elementor-container elementor-column-gap-default\">\n\t\t\t\t\t<div class=\"elementor-column elementor-col-100 elementor-top-column elementor-element elementor-element-ea36c6f\" data-id=\"ea36c6f\" data-element_type=\"column\">\n\t\t\t<div class=\"elementor-widget-wrap elementor-element-populated\">\n\t\t\t\t\t\t<div class=\"elementor-element elementor-element-04f5ef5 elementor-widget elementor-widget-spacer\" data-id=\"04f5ef5\" data-element_type=\"widget\" data-widget_type=\"spacer.default\">\n\t\t\t\t<div class=\"elementor-widget-container\">\n\t\t\t\t\t<div class=\"elementor-spacer\">\n\t\t\t<div class=\"elementor-spacer-inner\"><\/div>\n\t\t<\/div>\n\t\t\t\t<\/div>\n\t\t\t\t<\/div>\n\t\t\t\t<div class=\"elementor-element elementor-element-ac2bedf elementor-mobile-align-center elementor-align-center elementor-widget elementor-widget-button\" data-id=\"ac2bedf\" data-element_type=\"widget\" data-widget_type=\"button.default\">\n\t\t\t\t<div class=\"elementor-widget-container\">\n\t\t\t\t\t<div class=\"elementor-button-wrapper\">\n\t\t\t<a class=\"elementor-button elementor-button-link elementor-size-sm\" href=\"https:\/\/www.ub.edu\/gesdi\/ca\/investigacio?preview_id=1094&#038;preview_nonce=1d9756f652&#038;preview=true\">\n\t\t\t\t\t\t<span class=\"elementor-button-content-wrapper\">\n\t\t\t\t\t\t\t\t\t<span class=\"elementor-button-text\">Tornar<\/span>\n\t\t\t\t\t<\/span>\n\t\t\t\t\t<\/a>\n\t\t<\/div>\n\t\t\t\t<\/div>\n\t\t\t\t<\/div>\n\t\t\t\t<div class=\"elementor-element elementor-element-0c53a54 elementor-widget elementor-widget-spacer\" data-id=\"0c53a54\" data-element_type=\"widget\" data-widget_type=\"spacer.default\">\n\t\t\t\t<div class=\"elementor-widget-container\">\n\t\t\t\t\t<div class=\"elementor-spacer\">\n\t\t\t<div class=\"elementor-spacer-inner\"><\/div>\n\t\t<\/div>\n\t\t\t\t<\/div>\n\t\t\t\t<\/div>\n\t\t\t\t\t<\/div>\n\t\t<\/div>\n\t\t\t\t\t<\/div>\n\t\t<\/section>\n\t\t\t\t<\/div>\n\t\t","protected":false},"excerpt":{"rendered":"<p>Projectes Convenis Tornar<\/p>\n","protected":false},"author":1,"featured_media":0,"parent":0,"menu_order":0,"comment_status":"closed","ping_status":"closed","template":"elementor_theme","meta":{"footnotes":""},"class_list":["post-1347","page","type-page","status-publish","hentry"],"_links":{"self":[{"href":"https:\/\/www.ub.edu\/gesdi\/wp-json\/wp\/v2\/pages\/1347","targetHints":{"allow":["GET"]}}],"collection":[{"href":"https:\/\/www.ub.edu\/gesdi\/wp-json\/wp\/v2\/pages"}],"about":[{"href":"https:\/\/www.ub.edu\/gesdi\/wp-json\/wp\/v2\/types\/page"}],"author":[{"embeddable":true,"href":"https:\/\/www.ub.edu\/gesdi\/wp-json\/wp\/v2\/users\/1"}],"replies":[{"embeddable":true,"href":"https:\/\/www.ub.edu\/gesdi\/wp-json\/wp\/v2\/comments?post=1347"}],"version-history":[{"count":8,"href":"https:\/\/www.ub.edu\/gesdi\/wp-json\/wp\/v2\/pages\/1347\/revisions"}],"predecessor-version":[{"id":1442,"href":"https:\/\/www.ub.edu\/gesdi\/wp-json\/wp\/v2\/pages\/1347\/revisions\/1442"}],"wp:attachment":[{"href":"https:\/\/www.ub.edu\/gesdi\/wp-json\/wp\/v2\/media?parent=1347"}],"curies":[{"name":"wp","href":"https:\/\/api.w.org\/{rel}","templated":true}]}}