{"id":1391,"date":"2023-10-04T08:20:21","date_gmt":"2023-10-04T08:20:21","guid":{"rendered":"https:\/\/www.ub.edu\/gesdi\/?page_id=1391"},"modified":"2023-10-04T08:22:01","modified_gmt":"2023-10-04T08:22:01","slug":"publications","status":"publish","type":"page","link":"https:\/\/www.ub.edu\/gesdi\/en\/research\/publications","title":{"rendered":"Publications"},"content":{"rendered":"\t\t<div data-elementor-type=\"wp-page\" data-elementor-id=\"1391\" class=\"elementor elementor-1391\">\n\t\t\t\t\t\t<section class=\"elementor-section elementor-top-section elementor-element elementor-element-f81c5de elementor-section-boxed elementor-section-height-default elementor-section-height-default\" data-id=\"f81c5de\" data-element_type=\"section\">\n\t\t\t\t\t\t<div class=\"elementor-container elementor-column-gap-default\">\n\t\t\t\t\t<div class=\"elementor-column elementor-col-100 elementor-top-column elementor-element elementor-element-53d6568\" data-id=\"53d6568\" data-element_type=\"column\">\n\t\t\t<div class=\"elementor-widget-wrap\">\n\t\t\t\t\t\t\t<\/div>\n\t\t<\/div>\n\t\t\t\t\t<\/div>\n\t\t<\/section>\n\t\t\t\t<section class=\"elementor-section elementor-top-section elementor-element elementor-element-1c5b7f2c elementor-section-content-middle elementor-section-boxed elementor-section-height-default elementor-section-height-default\" data-id=\"1c5b7f2c\" data-element_type=\"section\">\n\t\t\t\t\t\t<div class=\"elementor-container elementor-column-gap-no\">\n\t\t\t\t\t<div class=\"elementor-column elementor-col-100 elementor-top-column elementor-element elementor-element-6dbe4169\" data-id=\"6dbe4169\" data-element_type=\"column\">\n\t\t\t<div class=\"elementor-widget-wrap elementor-element-populated\">\n\t\t\t\t\t\t<div class=\"elementor-element elementor-element-25620472 elementor-widget elementor-widget-heading\" data-id=\"25620472\" data-element_type=\"widget\" data-widget_type=\"heading.default\">\n\t\t\t\t<div class=\"elementor-widget-container\">\n\t\t\t<h1 class=\"elementor-heading-title elementor-size-default\">Publications<\/h1>\t\t<\/div>\n\t\t\t\t<\/div>\n\t\t\t\t<div class=\"elementor-element elementor-element-cc9bc81 elementor-widget elementor-widget-spacer\" data-id=\"cc9bc81\" data-element_type=\"widget\" data-widget_type=\"spacer.default\">\n\t\t\t\t<div class=\"elementor-widget-container\">\n\t\t\t\t\t<div class=\"elementor-spacer\">\n\t\t\t<div class=\"elementor-spacer-inner\"><\/div>\n\t\t<\/div>\n\t\t\t\t<\/div>\n\t\t\t\t<\/div>\n\t\t\t\t<div class=\"elementor-element elementor-element-24cd189 elementor-posts__hover-none elementor-grid-3 elementor-grid-tablet-2 elementor-grid-mobile-1 elementor-posts--thumbnail-top elementor-widget elementor-widget-posts\" data-id=\"24cd189\" data-element_type=\"widget\" data-settings=\"{&quot;cards_row_gap&quot;:{&quot;unit&quot;:&quot;px&quot;,&quot;size&quot;:61,&quot;sizes&quot;:[]},&quot;cards_columns&quot;:&quot;3&quot;,&quot;cards_columns_tablet&quot;:&quot;2&quot;,&quot;cards_columns_mobile&quot;:&quot;1&quot;,&quot;cards_row_gap_tablet&quot;:{&quot;unit&quot;:&quot;px&quot;,&quot;size&quot;:&quot;&quot;,&quot;sizes&quot;:[]},&quot;cards_row_gap_mobile&quot;:{&quot;unit&quot;:&quot;px&quot;,&quot;size&quot;:&quot;&quot;,&quot;sizes&quot;:[]}}\" data-widget_type=\"posts.cards\">\n\t\t\t\t<div class=\"elementor-widget-container\">\n\t\t\t\t\t<div class=\"elementor-posts-container elementor-posts elementor-posts--skin-cards elementor-grid\">\n\t\t\t\t<article class=\"elementor-post elementor-grid-item post-1728 post type-post status-publish format-standard has-post-thumbnail hentry category-publicaciones\">\n\t\t\t<div class=\"elementor-post__card\">\n\t\t\t\t<a class=\"elementor-post__thumbnail__link\" href=\"https:\/\/www.ub.edu\/gesdi\/informe-sobre-el-marco-normativo-del-trabajo-de-hogar\" ><div class=\"elementor-post__thumbnail\"><img fetchpriority=\"high\" decoding=\"async\" width=\"768\" height=\"387\" src=\"https:\/\/www.ub.edu\/gesdi\/wp-content\/uploads\/2025\/09\/Portada-IMU-Vulnework-768x387.jpg\" class=\"attachment-medium_large size-medium_large wp-image-1727\" alt=\"\" srcset=\"https:\/\/www.ub.edu\/gesdi\/wp-content\/uploads\/2025\/09\/Portada-IMU-Vulnework-768x387.jpg 768w, https:\/\/www.ub.edu\/gesdi\/wp-content\/uploads\/2025\/09\/Portada-IMU-Vulnework-300x151.jpg 300w, https:\/\/www.ub.edu\/gesdi\/wp-content\/uploads\/2025\/09\/Portada-IMU-Vulnework-1024x516.jpg 1024w, https:\/\/www.ub.edu\/gesdi\/wp-content\/uploads\/2025\/09\/Portada-IMU-Vulnework.jpg 1160w\" sizes=\"(max-width: 768px) 100vw, 768px\" \/><\/div><\/a>\n\t\t\t\t<div class=\"elementor-post__text\">\n\t\t\t\t<h3 class=\"elementor-post__title\">\n\t\t\t<a href=\"https:\/\/www.ub.edu\/gesdi\/informe-sobre-el-marco-normativo-del-trabajo-de-hogar\" >\n\t\t\t\tInforme sobre el marco normativo del trabajo de hogar\t\t\t<\/a>\n\t\t<\/h3>\n\t\t\t\t<div class=\"elementor-post__excerpt\">\n\t\t\t<p>Equipo GESDI En el marco del Proyecto No Estamos Todas: Estudio de las implicaciones de la irregularidad en las empleadas dom\u00e9sticas internas y transfronterizas. Propuesta de intervenci\u00f3n desde un enfoque<\/p>\n\t\t<\/div>\n\t\t\n\t\t<a class=\"elementor-post__read-more\" href=\"https:\/\/www.ub.edu\/gesdi\/informe-sobre-el-marco-normativo-del-trabajo-de-hogar\" aria-label=\"Read more about Informe sobre el marco normativo del trabajo de hogar\" >\n\t\t\tLeer m\u00e1s \u00bb\t\t<\/a>\n\n\t\t\t\t<\/div>\n\t\t\t\t\t<\/div>\n\t\t<\/article>\n\t\t\t\t<article class=\"elementor-post elementor-grid-item post-693 post type-post status-publish format-standard has-post-thumbnail hentry category-publicaciones\">\n\t\t\t<div class=\"elementor-post__card\">\n\t\t\t\t<a class=\"elementor-post__thumbnail__link\" href=\"https:\/\/www.ub.edu\/gesdi\/anuario-cidob-de-la-inmigracion-2020\" ><div class=\"elementor-post__thumbnail\"><img decoding=\"async\" width=\"266\" height=\"240\" src=\"https:\/\/www.ub.edu\/gesdi\/wp-content\/uploads\/2022\/11\/1613500917023.jpg\" class=\"attachment-medium_large size-medium_large wp-image-136\" alt=\"\" \/><\/div><\/a>\n\t\t\t\t<div class=\"elementor-post__text\">\n\t\t\t\t<h3 class=\"elementor-post__title\">\n\t\t\t<a href=\"https:\/\/www.ub.edu\/gesdi\/anuario-cidob-de-la-inmigracion-2020\" >\n\t\t\t\tAnuario CIDOB de la Inmigraci\u00f3n 2020\t\t\t<\/a>\n\t\t<\/h3>\n\t\t\t\t<div class=\"elementor-post__excerpt\">\n\t\t\t<p>Analiza los efectos de la pandemia del COVID19 en la movilidad y pol\u00edticas migratorias, as\u00ed como sobre la poblaci\u00f3n inmigrada, ocup\u00e1ndose principalmente de Espa\u00f1a, pero tambi\u00e9n de Europa y, en\t\t<\/div>\n\t\t\n\t\t<a class=\"elementor-post__read-more\" href=\"https:\/\/www.ub.edu\/gesdi\/anuario-cidob-de-la-inmigracion-2020\" aria-label=\"Read more about Anuario CIDOB de la Inmigraci\u00f3n 2020\" >\n\t\t\tLeer m\u00e1s \u00bb\t\t<\/a>\n\n\t\t\t\t<\/div>\n\t\t\t\t\t<\/div>\n\t\t<\/article>\n\t\t\t\t<article class=\"elementor-post elementor-grid-item post-421 post type-post status-publish format-standard has-post-thumbnail hentry category-publicaciones\">\n\t\t\t<div class=\"elementor-post__card\">\n\t\t\t\t<a class=\"elementor-post__thumbnail__link\" href=\"https:\/\/www.ub.edu\/gesdi\/aliens-before-the-european-court-of-human-rights-2\" ><div class=\"elementor-post__thumbnail\"><img decoding=\"async\" width=\"200\" height=\"305\" src=\"https:\/\/www.ub.edu\/gesdi\/wp-content\/uploads\/2022\/12\/coverimage.webp\" class=\"attachment-medium_large size-medium_large wp-image-379\" alt=\"\" srcset=\"https:\/\/www.ub.edu\/gesdi\/wp-content\/uploads\/2022\/12\/coverimage.webp 200w, https:\/\/www.ub.edu\/gesdi\/wp-content\/uploads\/2022\/12\/coverimage-197x300.webp 197w\" sizes=\"(max-width: 200px) 100vw, 200px\" \/><\/div><\/a>\n\t\t\t\t<div class=\"elementor-post__text\">\n\t\t\t\t<h3 class=\"elementor-post__title\">\n\t\t\t<a href=\"https:\/\/www.ub.edu\/gesdi\/aliens-before-the-european-court-of-human-rights-2\" >\n\t\t\t\tAliens before the European Court of Human Rights\t\t\t<\/a>\n\t\t<\/h3>\n\t\t\t\t<div class=\"elementor-post__excerpt\">\n\t\t\t<p>This volume conducts an in-depth analysis of the ECtHR\u2019s case law in the area of migration and asylum, exploring the role of the Court in this area of law. Each\t\t<\/div>\n\t\t\n\t\t<a class=\"elementor-post__read-more\" href=\"https:\/\/www.ub.edu\/gesdi\/aliens-before-the-european-court-of-human-rights-2\" aria-label=\"Read more about Aliens before the European Court of Human Rights\" >\n\t\t\tLeer m\u00e1s \u00bb\t\t<\/a>\n\n\t\t\t\t<\/div>\n\t\t\t\t\t<\/div>\n\t\t<\/article>\n\t\t\t\t<\/div>\n\t\t\n\t\t\t\t<\/div>\n\t\t\t\t<\/div>\n\t\t\t\t\t<\/div>\n\t\t<\/div>\n\t\t\t\t\t<\/div>\n\t\t<\/section>\n\t\t\t\t<section class=\"elementor-section elementor-top-section elementor-element elementor-element-1839cbc elementor-section-boxed elementor-section-height-default elementor-section-height-default\" data-id=\"1839cbc\" data-element_type=\"section\">\n\t\t\t\t\t\t<div class=\"elementor-container elementor-column-gap-default\">\n\t\t\t\t\t<div class=\"elementor-column elementor-col-100 elementor-top-column elementor-element elementor-element-7cffd7a\" data-id=\"7cffd7a\" data-element_type=\"column\">\n\t\t\t<div class=\"elementor-widget-wrap elementor-element-populated\">\n\t\t\t\t\t\t<div class=\"elementor-element elementor-element-884e388 elementor-mobile-align-center elementor-align-center elementor-widget elementor-widget-button\" data-id=\"884e388\" data-element_type=\"widget\" data-widget_type=\"button.default\">\n\t\t\t\t<div class=\"elementor-widget-container\">\n\t\t\t\t\t<div class=\"elementor-button-wrapper\">\n\t\t\t<a class=\"elementor-button elementor-button-link elementor-size-sm\" href=\"https:\/\/www.ub.edu\/gesdi\/en\/research\">\n\t\t\t\t\t\t<span class=\"elementor-button-content-wrapper\">\n\t\t\t\t\t\t\t\t\t<span class=\"elementor-button-text\">Return<\/span>\n\t\t\t\t\t<\/span>\n\t\t\t\t\t<\/a>\n\t\t<\/div>\n\t\t\t\t<\/div>\n\t\t\t\t<\/div>\n\t\t\t\t\t<\/div>\n\t\t<\/div>\n\t\t\t\t\t<\/div>\n\t\t<\/section>\n\t\t\t\t<\/div>\n\t\t","protected":false},"excerpt":{"rendered":"<p>Publications Return<\/p>\n","protected":false},"author":1,"featured_media":0,"parent":1095,"menu_order":0,"comment_status":"closed","ping_status":"closed","template":"elementor_theme","meta":{"footnotes":""},"class_list":["post-1391","page","type-page","status-publish","hentry"],"_links":{"self":[{"href":"https:\/\/www.ub.edu\/gesdi\/wp-json\/wp\/v2\/pages\/1391","targetHints":{"allow":["GET"]}}],"collection":[{"href":"https:\/\/www.ub.edu\/gesdi\/wp-json\/wp\/v2\/pages"}],"about":[{"href":"https:\/\/www.ub.edu\/gesdi\/wp-json\/wp\/v2\/types\/page"}],"author":[{"embeddable":true,"href":"https:\/\/www.ub.edu\/gesdi\/wp-json\/wp\/v2\/users\/1"}],"replies":[{"embeddable":true,"href":"https:\/\/www.ub.edu\/gesdi\/wp-json\/wp\/v2\/comments?post=1391"}],"version-history":[{"count":7,"href":"https:\/\/www.ub.edu\/gesdi\/wp-json\/wp\/v2\/pages\/1391\/revisions"}],"predecessor-version":[{"id":1398,"href":"https:\/\/www.ub.edu\/gesdi\/wp-json\/wp\/v2\/pages\/1391\/revisions\/1398"}],"up":[{"embeddable":true,"href":"https:\/\/www.ub.edu\/gesdi\/wp-json\/wp\/v2\/pages\/1095"}],"wp:attachment":[{"href":"https:\/\/www.ub.edu\/gesdi\/wp-json\/wp\/v2\/media?parent=1391"}],"curies":[{"name":"wp","href":"https:\/\/api.w.org\/{rel}","templated":true}]}}