{"id":680,"date":"2022-12-19T22:07:31","date_gmt":"2022-12-19T22:07:31","guid":{"rendered":"http:\/\/https:\/\/www.ub.edu\/gesdi\/?page_id=680"},"modified":"2023-05-31T11:22:51","modified_gmt":"2023-05-31T11:22:51","slug":"tabla-de-convenios","status":"publish","type":"page","link":"https:\/\/www.ub.edu\/gesdi\/publicaciones\/tabla-de-convenios","title":{"rendered":"Tabla de convenios"},"content":{"rendered":"\t\t<div data-elementor-type=\"wp-page\" data-elementor-id=\"680\" class=\"elementor elementor-680\">\n\t\t\t\t\t\t<section class=\"elementor-section elementor-top-section elementor-element elementor-element-27c5120 elementor-section-boxed elementor-section-height-default elementor-section-height-default\" data-id=\"27c5120\" data-element_type=\"section\">\n\t\t\t\t\t\t<div class=\"elementor-container elementor-column-gap-default\">\n\t\t\t\t\t<div class=\"elementor-column elementor-col-100 elementor-top-column elementor-element elementor-element-2901f50\" data-id=\"2901f50\" data-element_type=\"column\">\n\t\t\t<div class=\"elementor-widget-wrap elementor-element-populated\">\n\t\t\t\t\t\t<div class=\"elementor-element elementor-element-73d2859 elementor-widget elementor-widget-heading\" data-id=\"73d2859\" data-element_type=\"widget\" data-widget_type=\"heading.default\">\n\t\t\t\t<div class=\"elementor-widget-container\">\n\t\t\t<h2 class=\"elementor-heading-title elementor-size-default\">Actividades de transferencia<\/h2>\t\t<\/div>\n\t\t\t\t<\/div>\n\t\t\t\t<div class=\"elementor-element elementor-element-80d7ddf elementor-widget elementor-widget-shortcode\" data-id=\"80d7ddf\" data-element_type=\"widget\" data-widget_type=\"shortcode.default\">\n\t\t\t\t<div class=\"elementor-widget-container\">\n\t\t\t\t\t<div class=\"elementor-shortcode\">\n<table id=\"tablepress-2\" class=\"tablepress tablepress-id-2\">\n<thead>\n<tr class=\"row-1\">\n\t<th class=\"column-1\">A\u00f1os de ejecuci\u00f3n <\/th><th class=\"column-2\">Nombre del proyecto  <\/th><th class=\"column-3\">Investigadores\/as principales <\/th><th class=\"column-4\">Referencias <\/th>\n<\/tr>\n<\/thead>\n<tbody>\n<tr class=\"row-2\">\n\t<td class=\"column-1\">2022 <\/td><td class=\"column-2\">Corredors humanitaris i protecci\u00f3 internacional: conceptualitzaci\u00f3 i operativitzaci\u00f3 <\/td><td class=\"column-3\">David Moya <\/td><td class=\"column-4\">Ag\u00e8ncia Catalana de la Cooperaci\u00f3 (Generalitat de Catalunya) <\/td>\n<\/tr>\n<tr class=\"row-3\">\n\t<td class=\"column-1\">2020 <\/td><td class=\"column-2\">Final Evaluation of the EU-China Dialogue on Migration and Mobility Support (MMSP) <\/td><td class=\"column-3\">David Moya <\/td><td class=\"column-4\">European External Action Service (EEAS) <\/td>\n<\/tr>\n<tr class=\"row-4\">\n\t<td class=\"column-1\">2019-2020<\/td><td class=\"column-2\">Estudi jur\u00eddic sobre els problemes d'acc\u00e9s dels menors i joves estrangers no acompanyats (MENA) a la formaci\u00f3 laboral i al mercat de treball aix\u00ed i les possibles solucions alternatives a aquests problemes <\/td><td class=\"column-3\">David Moya <\/td><td class=\"column-4\">Fundaci\u00f3 INTERMEDIA, per compte de la Xarxa d\u2019Entitats, Consorci de Serveis Socials, Generalitat i Ajuntament de Barcelona <\/td>\n<\/tr>\n<tr class=\"row-5\">\n\t<td class=\"column-1\">2018-2019 <\/td><td class=\"column-2\">Guide for Georgians on their legal status in Spain <\/td><td class=\"column-3\">David Moya<\/td><td class=\"column-4\"><\/td>\n<\/tr>\n<tr class=\"row-6\">\n\t<td class=\"column-1\">2018-2021<\/td><td class=\"column-2\">Las v\u00edas de acceso legales y seguras a la protecci\u00f3n internacional en Europa y Espa\u00f1a. Una prospectiva.<\/td><td class=\"column-3\">David Moya <\/td><td class=\"column-4\">Associaci\u00f3 StopMaremortum <\/td>\n<\/tr>\n<tr class=\"row-7\">\n\t<td class=\"column-1\">2017 <\/td><td class=\"column-2\">An\u00e0lisi sobre les condicions d\u2019acc\u00e9s de les persones estrangeres a l\u2019ocupaci\u00f3 p\u00fablica a Catalunya, i de les reformes normatives necess\u00e0ries per a assegurar-ne l\u2019acc\u00e9s <\/td><td class=\"column-3\">David Moya <\/td><td class=\"column-4\">Generalitat de Catalunya <\/td>\n<\/tr>\n<tr class=\"row-8\">\n\t<td class=\"column-1\"><\/td><td class=\"column-2\"><\/td><td class=\"column-3\"><\/td><td class=\"column-4\"><\/td>\n<\/tr>\n<tr class=\"row-9\">\n\t<td class=\"column-1\"><\/td><td class=\"column-2\"><\/td><td class=\"column-3\"><\/td><td class=\"column-4\"><\/td>\n<\/tr>\n<\/tbody>\n<\/table>\n<!-- #tablepress-2 from cache --><\/div>\n\t\t\t\t<\/div>\n\t\t\t\t<\/div>\n\t\t\t\t<div class=\"elementor-element elementor-element-b5a2d92 elementor-widget elementor-widget-spacer\" data-id=\"b5a2d92\" data-element_type=\"widget\" data-widget_type=\"spacer.default\">\n\t\t\t\t<div class=\"elementor-widget-container\">\n\t\t\t\t\t<div class=\"elementor-spacer\">\n\t\t\t<div class=\"elementor-spacer-inner\"><\/div>\n\t\t<\/div>\n\t\t\t\t<\/div>\n\t\t\t\t<\/div>\n\t\t\t\t<div class=\"elementor-element elementor-element-a328586 elementor-align-center elementor-mobile-align-center elementor-widget elementor-widget-button\" data-id=\"a328586\" data-element_type=\"widget\" data-widget_type=\"button.default\">\n\t\t\t\t<div class=\"elementor-widget-container\">\n\t\t\t\t\t<div class=\"elementor-button-wrapper\">\n\t\t\t<a class=\"elementor-button elementor-button-link elementor-size-sm\" href=\"http:\/\/https:\/\/www.ub.edu\/gesdi\/publicaciones?preview_id=10&#038;preview_nonce=b8e041b174&#038;preview=true\">\n\t\t\t\t\t\t<span class=\"elementor-button-content-wrapper\">\n\t\t\t\t\t\t\t\t\t<span class=\"elementor-button-text\">Volver<\/span>\n\t\t\t\t\t<\/span>\n\t\t\t\t\t<\/a>\n\t\t<\/div>\n\t\t\t\t<\/div>\n\t\t\t\t<\/div>\n\t\t\t\t<div class=\"elementor-element elementor-element-59a69b4 elementor-widget elementor-widget-spacer\" data-id=\"59a69b4\" data-element_type=\"widget\" data-widget_type=\"spacer.default\">\n\t\t\t\t<div class=\"elementor-widget-container\">\n\t\t\t\t\t<div class=\"elementor-spacer\">\n\t\t\t<div class=\"elementor-spacer-inner\"><\/div>\n\t\t<\/div>\n\t\t\t\t<\/div>\n\t\t\t\t<\/div>\n\t\t\t\t\t<\/div>\n\t\t<\/div>\n\t\t\t\t\t<\/div>\n\t\t<\/section>\n\t\t\t\t<\/div>\n\t\t","protected":false},"excerpt":{"rendered":"<p>Actividades de transferencia Volver<\/p>\n","protected":false},"author":1,"featured_media":0,"parent":10,"menu_order":0,"comment_status":"closed","ping_status":"closed","template":"elementor_theme","meta":{"footnotes":""},"class_list":["post-680","page","type-page","status-publish","hentry"],"_links":{"self":[{"href":"https:\/\/www.ub.edu\/gesdi\/wp-json\/wp\/v2\/pages\/680","targetHints":{"allow":["GET"]}}],"collection":[{"href":"https:\/\/www.ub.edu\/gesdi\/wp-json\/wp\/v2\/pages"}],"about":[{"href":"https:\/\/www.ub.edu\/gesdi\/wp-json\/wp\/v2\/types\/page"}],"author":[{"embeddable":true,"href":"https:\/\/www.ub.edu\/gesdi\/wp-json\/wp\/v2\/users\/1"}],"replies":[{"embeddable":true,"href":"https:\/\/www.ub.edu\/gesdi\/wp-json\/wp\/v2\/comments?post=680"}],"version-history":[{"count":14,"href":"https:\/\/www.ub.edu\/gesdi\/wp-json\/wp\/v2\/pages\/680\/revisions"}],"predecessor-version":[{"id":762,"href":"https:\/\/www.ub.edu\/gesdi\/wp-json\/wp\/v2\/pages\/680\/revisions\/762"}],"up":[{"embeddable":true,"href":"https:\/\/www.ub.edu\/gesdi\/wp-json\/wp\/v2\/pages\/10"}],"wp:attachment":[{"href":"https:\/\/www.ub.edu\/gesdi\/wp-json\/wp\/v2\/media?parent=680"}],"curies":[{"name":"wp","href":"https:\/\/api.w.org\/{rel}","templated":true}]}}