{"id":2,"date":"2023-01-10T12:40:57","date_gmt":"2023-01-10T10:40:57","guid":{"rendered":"http:\/\/webfe07.fe.cpd.local\/gidea\/?page_id=2"},"modified":"2023-01-19T12:45:48","modified_gmt":"2023-01-19T10:45:48","slug":"presentacio","status":"publish","type":"page","link":"https:\/\/www.ub.edu\/gidea\/","title":{"rendered":"Presentaci\u00f3"},"content":{"rendered":"\n<p>G\u00b7IDEA,\u00a0<strong>grup d&#8217;innovaci\u00f3 docent reconegut i consolidat<\/strong>\u00a0<strong>per la Universitat de Barcelona<\/strong> (Codi UB:\u00a0GINDOC-UB\/038), sorgeix amb la finalitat de dissenyar, crear i implantar nous recursos did\u00e0ctics en suport digital i multim\u00e8dia mitjan\u00e7ant l\u2019\u00fas de les noves tecnologies, per tal de millorar els aprenentatges dels estudiants en relaci\u00f3 a la presa de decisions empresarials, intentant escur\u00e7ar la dist\u00e0ncia entre la teoria i la pr\u00e0ctica professional.<\/p>\n\n\n\n<p>Els professors investigadors membres d\u2019aquest grup d\u2019innovaci\u00f3 docent considerem fonamental intentar minimitzar l&#8217;actual separaci\u00f3 existent entre els conceptes te\u00f2rics vistos a les aules i la realitat empresarial, per tal d&#8217;apropar al m\u00e0xim als estudiants a la seva vida professional futura, millorant els aprenentages en relaci\u00f3 a la sempre complexa presa de decisions empresarials.<\/p>\n\n\n\n<p>Aix\u00f2 ens motiva a proposar noves maneres d&#8217;aprenentatge per als estudiants i a modificar els tradicionals patrons de doc\u00e8ncia presencial (en la que el docent \u00e9s el protagonista), per tal de fer participar el m\u00e0xim possible els estudiants i que siguin ells mateixos els actors principals de la seva formaci\u00f3. A m\u00e9s, cal que aprofitem els aven\u00e7os tecnol\u00f2gics al nostre abast per tal de, per una part millorar la doc\u00e8ncia presencial, per\u00f2 tamb\u00e9 per facilitar la semipresencialitat amb noves eines d&#8217;aprenentatge virtual.<\/p>\n\n\n\n<p>Considerem imprescindible l&#8217;adaptaci\u00f3 i la creaci\u00f3 de nous recursos did\u00e0ctics en suport digital per a les assignatures de l&#8217;\u00e0rea d&#8217;Organitzaci\u00f3 d&#8217;Empreses on tenim el gran repte de formar futurs gestors d&#8217;empreses i no disposem de laboratoris de pr\u00e0ctiques, per la qual cosa hem d&#8217;intentar ser m\u00e9s imaginatius que mai.<\/p>\n\n\n\n<p>Els objectius com a\u00a0grup d&#8217;innovaci\u00f3 docent G\u00b7IDEA s\u00f3n els de continuar reflexionant i millorant la doc\u00e8ncia en els \u00e0mbits en els que treballa l&#8217;equip d&#8217;investigadors. Aix\u00ed, els objectius del grup segueixen sent els d&#8217;apropar la realitat empresarial a les aules, tot\u00a0escur\u00e7ant la dist\u00e0ncia entre la teoria i la pr\u00e0ctica professional, amb la creaci\u00f3 de materials docents o altres eines did\u00e0ctiques, per tal de millorar els aprenentatges dels estudiants: <\/p>\n\n\n\n<p>1.Millorar la formaci\u00f3 dels estudiants,<br>2.Millorar el rendiment acad\u00e8mic dels estudiants.<\/p>\n","protected":false},"excerpt":{"rendered":"<p>G\u00b7IDEA,\u00a0grup d&#8217;innovaci\u00f3 docent reconegut i consolidat\u00a0per la Universitat de Barcelona (Codi UB:\u00a0GINDOC-UB\/038), sorgeix amb la finalitat de dissenyar, crear i implantar nous recursos did\u00e0ctics en suport digital i multim\u00e8dia mitjan\u00e7ant l\u2019\u00fas de les noves tecnologies,<\/p>\n","protected":false},"author":2,"featured_media":0,"parent":0,"menu_order":0,"comment_status":"closed","ping_status":"open","template":"","meta":{"footnotes":""},"class_list":["post-2","page","type-page","status-publish","hentry"],"_links":{"self":[{"href":"https:\/\/www.ub.edu\/gidea\/wp-json\/wp\/v2\/pages\/2","targetHints":{"allow":["GET"]}}],"collection":[{"href":"https:\/\/www.ub.edu\/gidea\/wp-json\/wp\/v2\/pages"}],"about":[{"href":"https:\/\/www.ub.edu\/gidea\/wp-json\/wp\/v2\/types\/page"}],"author":[{"embeddable":true,"href":"https:\/\/www.ub.edu\/gidea\/wp-json\/wp\/v2\/users\/2"}],"replies":[{"embeddable":true,"href":"https:\/\/www.ub.edu\/gidea\/wp-json\/wp\/v2\/comments?post=2"}],"version-history":[{"count":4,"href":"https:\/\/www.ub.edu\/gidea\/wp-json\/wp\/v2\/pages\/2\/revisions"}],"predecessor-version":[{"id":105,"href":"https:\/\/www.ub.edu\/gidea\/wp-json\/wp\/v2\/pages\/2\/revisions\/105"}],"wp:attachment":[{"href":"https:\/\/www.ub.edu\/gidea\/wp-json\/wp\/v2\/media?parent=2"}],"curies":[{"name":"wp","href":"https:\/\/api.w.org\/{rel}","templated":true}]}}