{"id":2065,"date":"2025-04-28T10:18:22","date_gmt":"2025-04-28T08:18:22","guid":{"rendered":"https:\/\/www.ub.edu\/gr1p\/?page_id=2065"},"modified":"2026-02-10T16:33:28","modified_gmt":"2026-02-10T15:33:28","slug":"projecte_ciutadania_com_salut_mental","status":"publish","type":"page","link":"https:\/\/www.ub.edu\/gr1p\/es\/projecte_ciutadania_com_salut_mental\/","title":{"rendered":"Ciudadan\u00eda como Salud Mental"},"content":{"rendered":"<p>Un proyecto innovador para integrar la ciudadan\u00eda en la pr\u00e1ctica de la salud mental.<\/p>\n<h2><strong>Sobre el proyecto<\/strong><\/h2>\n<p>El proyecto <strong>Ciudadan\u00eda como Salud Mental<\/strong>, financiado por la <a href=\"https:\/\/www.aei.gob.es\/convocatorias\/buscador-convocatorias\/proyectos-generacion-conocimiento-2021\">Convocatoria de Proyectos de Generaci\u00f3n de Conocimiento 2021 de la Agencia Estatal de Investigaci\u00f3n<\/a>, explora c\u00f3mo la salud mental est\u00e1 intr\u00ednsecamente ligada a la ciudadan\u00eda. Definimos la ciudadan\u00eda como la conexi\u00f3n de las personas con cinco dimensiones clave: <strong>derechos, responsabilidades, roles, recursos y relaciones<\/strong>. Nuestro objetivo es transformar la pr\u00e1ctica de la salud mental hacia un enfoque basado en derechos, reduciendo el estigma asociado al malestar ps\u00edquico.<\/p>\n<h3><strong>Objetivos del proyecto<\/strong><\/h3>\n<ul>\n<li><strong>Explorar<\/strong> el concepto de ciudadan\u00eda y su relaci\u00f3n con la salud mental.<\/li>\n<li><strong>Validar<\/strong> una medida de ciudadan\u00eda adaptada al contexto espa\u00f1ol mediante investigaci\u00f3n participativa.<\/li>\n<li><strong>Desarrollar<\/strong> un manual de sensibilizaci\u00f3n escalable para profesionales de la salud.<\/li>\n<li><strong>Implementar<\/strong> intervenciones de sensibilizaci\u00f3n en entornos cl\u00ednicos reales.<\/li>\n<\/ul>\n<h3><strong>Resultados<\/strong><\/h3>\n<h4><strong>Exploraci\u00f3n del concepto<\/strong><\/h4>\n<p>Hemos realizado 26 grupos focales con organizaciones de personas usuarias, familiares y profesionales, identificando temas clave como autonom\u00eda, sentido de pertenencia y marginalizaci\u00f3n.<\/p>\n<h4><strong>Validaci\u00f3n del instrumento<\/strong><\/h4>\n<p>80 definiciones de ciudadan\u00eda fueron analizadas en 8 sesiones de mapeo conceptual, avanzando en la validaci\u00f3n de una medida adaptada a nuestro contexto.<\/p>\n<h4><strong>Manual de sensibilizaci\u00f3n<\/strong><\/h4>\n<p>En primavera de 2024, un comit\u00e9 de elaboraci\u00f3n formado por personas usuarias, familiares y profesionales celebr\u00f3 dos reuniones para desarrollar un manual que ser\u00e1 escalable a otros contextos.<\/p>\n<h4><strong>Formaci\u00f3n de profesionales<\/strong><\/h4>\n<p>Estamos implementando actividades formativas con profesionales de la salud en entornos cl\u00ednicos reales.<\/p>\n<h2><strong>\u00a1\u00danete a nuestra iniciativa!<\/strong><\/h2>\n<p>Estamos llevando a cabo <a href=\"https:\/\/www.ub.edu\/gr1p\/wp-content\/uploads\/Dossier-Ciudadania-como-salud-mental.pdf\"><strong>actividades formativas<\/strong><\/a> con profesionales de la salud mental para promover un enfoque basado en la ciudadan\u00eda. Si est\u00e1s interesado\/a en participar o deseas m\u00e1s informaci\u00f3n, <a href=\"mailto:fjeiroa@gmail.com\">contacta con nosotras.<\/a><\/p>\n<h2><strong>Nuestro equipo<\/strong><\/h2>\n<p><a href=\"https:\/\/orcid.org\/0000-0002-4163-6545\">Francisco Jos\u00e9 Eiro\u00e1-Orosa<\/a><\/p>\n<p>Investigador Principal<\/p>\n<p><a href=\"https:\/\/orcid.org\/0000-0002-7712-2423\">Anna Ballesteros Urp\u00ed<\/a><\/p>\n<p>Investigadora<\/p>\n<p><a href=\"https:\/\/orcid.org\/0009-0001-7435-1722\">Diana Gonzalez Ma\u00f1as<\/a><\/p>\n<p>T\u00e9cnica<\/p>\n<h2><strong>Publicaciones destacadas<\/strong><\/h2>\n<p>Eiroa-Orosa, F. J., y Gonzalez-Ma\u00f1as, D. (2025). <a href=\"https:\/\/doi.org\/10.1080\/10720537.2025.2609970\">Building Citizenship: An Experiential Awareness Intervention for Mental Health Professionals<\/a>.\u00a0<em>Journal of Constructivist Psychology<\/em>. [<a href=\"https:\/\/www.ub.edu\/gr1p\/wp-content\/uploads\/Eiroa_Orosa_Gonzalez_Manas_2025_Journal_Constructivist_Psychology.pdf\">Postprint<\/a>]<\/p>\n<p>Gonzalez-Ma\u00f1as, D. &amp; Eiroa-Orosa, F. J. (2025). <a href=\"https:\/\/www.ub.edu\/gr1p\/wp-content\/uploads\/Gonzalez_Manas_Eiroa_Orosa_2025_Ciudadania_como_Salud_Mental.pdf\"><em>Ciudadan\u00eda como salud mental: Hacia una redefinici\u00f3n de los objetivos en salud mental. Gu\u00eda para la implementaci\u00f3n de intervenciones de concienciaci\u00f3n basadas en el modelo de Ciudadan\u00eda<\/em><\/a>. Grupo de Investigaci\u00f3n en Salud Mental en Primera Persona.<\/p>\n<p>Eiroa-Orosa, F. J., y Seibel, C. (2025). <a href=\"https:\/\/doi.org\/10.1037\/prj0000672\">Predictors of the Impact of Rights- and Recovery-Oriented Training for Mental Health Professionals<\/a>.\u00a0<em>Psychiatric Rehabilitation Journal<\/em>. [<a href=\"https:\/\/www.ub.edu\/gr1p\/wp-content\/uploads\/Eiroa_Orosa_Seibel_2025_Psychiatric-Rehabilitation-Journal.pdf\">Postprint<\/a>]<\/p>\n<p>Ball, C., y Eiroa-Orosa, F. J. (2024).\u00a0<a href=\"https:\/\/doi.org\/10.1017\/ipm.2024.66\">A Meta-Synthesis of qualitative studies on Citizenship and Mental Health<\/a>.\u00a0<em>Irish Journal of Psychological Medicine<\/em>. [<a href=\"https:\/\/www.cambridge.org\/core\/services\/aop-cambridge-core\/content\/view\/65BB116D8D4EE517543C350CC51D66A0\/S0790966724000661a.pdf\/a-meta-synthesis-of-qualitative-studies-on-citizenship-and-mental-health.pdf\">Open access<\/a>]<\/p>\n<p>Eiroa-Orosa, F. J., y Pradillo-Caimari, C. (2024). <a href=\"https:\/\/doi.org\/10.1017\/ipm.2024.36\">A qualitative study exploring mental health professionals\u2019 perspectives, opinions, and attitudes on the state of service users\u2019 rights<\/a>.\u00a0<em>Irish Journal of Psychological Medicine<\/em>. [<a href=\"https:\/\/www.cambridge.org\/core\/services\/aop-cambridge-core\/content\/view\/3EAE840724493A4B3C83B51776FE876C\/S0790966724000363a.pdf\/a-qualitative-study-exploring-mental-health-professionals-perspectives-opinions-and-attitudes-on-the-state-of-service-users-rights.pdf\">Open access<\/a>]<\/p>\n<p>Eiroa-Orosa, F. J. (2023).\u00a0<a href=\"https:\/\/doi.org\/10.1108\/JPMH-09-2022-0089\">Citizenship as mental health. A study protocol for a randomised trial of awareness interventions for mental health professionals<\/a>.\u00a0<em>Journal of Public Mental Health<\/em>, 22(3), 117\u2013126. [<a href=\"https:\/\/www.ub.edu\/gr1p\/wp-content\/uploads\/Eiroa-Orosa_2023_Journal-of-Public-Mental-Health.pdf\">Postprint<\/a>]<\/p>\n<p>Eiroa-Orosa, F. J., y MacIntyre, G. (2023).\u00a0<a href=\"https:\/\/doi.org\/10.3389\/fpsyg.2023.1169159\">Editorial: From individual to collective: bridging the gap between clinical practice and public policies<\/a>.\u00a0<em>Frontiers in Psychology<\/em>, 14. [<a href=\"https:\/\/www.frontiersin.org\/journals\/psychology\/articles\/10.3389\/fpsyg.2023.1169159\/full\">Open access<\/a>]<\/p>\n<p>Eiroa-Orosa, F. J., Nord-Baade, S. L., y Rowe, M. (2022).\u00a0<a href=\"http:\/\/www.wapr.org\/wp-content\/uploads\/2022\/12\/eiroa_orosa_et_al.pdf\">Citizenship-based care: Where it stands and where it might go<\/a>.\u00a0<em>WAPR Bulletin, 49<\/em>(December), 37\u201344. [<a href=\"http:\/\/www.wapr.org\/wp-content\/uploads\/2022\/12\/eiroa_orosa_et_al.pdf\">Open access<\/a>]<\/p>","protected":false},"excerpt":{"rendered":"<p>Un proyecto innovador para integrar la ciudadan\u00eda en la pr\u00e1ctica de la salud mental. Sobre el proyecto El proyecto Ciudadan\u00eda como Salud [&hellip;]<\/p>\n","protected":false},"author":6,"featured_media":0,"parent":0,"menu_order":0,"comment_status":"closed","ping_status":"closed","template":"","meta":{"footnotes":""},"class_list":["post-2065","page","type-page","status-publish","hentry"],"_links":{"self":[{"href":"https:\/\/www.ub.edu\/gr1p\/es\/wp-json\/wp\/v2\/pages\/2065","targetHints":{"allow":["GET"]}}],"collection":[{"href":"https:\/\/www.ub.edu\/gr1p\/es\/wp-json\/wp\/v2\/pages"}],"about":[{"href":"https:\/\/www.ub.edu\/gr1p\/es\/wp-json\/wp\/v2\/types\/page"}],"author":[{"embeddable":true,"href":"https:\/\/www.ub.edu\/gr1p\/es\/wp-json\/wp\/v2\/users\/6"}],"replies":[{"embeddable":true,"href":"https:\/\/www.ub.edu\/gr1p\/es\/wp-json\/wp\/v2\/comments?post=2065"}],"version-history":[{"count":20,"href":"https:\/\/www.ub.edu\/gr1p\/es\/wp-json\/wp\/v2\/pages\/2065\/revisions"}],"predecessor-version":[{"id":2174,"href":"https:\/\/www.ub.edu\/gr1p\/es\/wp-json\/wp\/v2\/pages\/2065\/revisions\/2174"}],"wp:attachment":[{"href":"https:\/\/www.ub.edu\/gr1p\/es\/wp-json\/wp\/v2\/media?parent=2065"}],"curies":[{"name":"wp","href":"https:\/\/api.w.org\/{rel}","templated":true}]}}