{"id":2203,"date":"2026-03-02T10:10:11","date_gmt":"2026-03-02T09:10:11","guid":{"rendered":"https:\/\/www.ub.edu\/gr1p\/?page_id=2203"},"modified":"2026-03-15T09:34:37","modified_gmt":"2026-03-15T08:34:37","slug":"livecitizenship","status":"publish","type":"page","link":"https:\/\/www.ub.edu\/gr1p\/es\/livecitizenship\/","title":{"rendered":"LiveCitizenship"},"content":{"rendered":"<p><\/p>\n<h1>Un proyecto innovador para empoderar a personas con experiencia propia en salud mental mediante el marco de la ciudadan\u00eda.<\/h1>\n<h2><strong>Sobre el proyecto<\/strong><\/h2>\n<p>El proyecto <strong>LiveCitizenship<\/strong>, financiado por la <a href=\"https:\/\/www.aei.gob.es\/\">Convocatoria de Proyectos de Generaci\u00f3n de Conocimiento 2024<\/a> de la Agencia Estatal de Investigaci\u00f3n, tiene como objetivo empoderar a personas con experiencia propia en salud mental (personas usuarias, trabajadores\/as de apoyo entre pares y activistas en primera persona). Mediante un proceso de investigaci\u00f3n participativa, el proyecto utiliza el <strong>marco de la Ciudadan\u00eda<\/strong> \u2014basado en las 5Rs: derechos, responsabilidades, roles, recursos y relaciones\u2014 para transformar estos conceptos en herramientas pr\u00e1cticas y estrategias digitales. Nuestro objetivo es reforzar los caminos de recuperaci\u00f3n hacia una plena pertenencia a la sociedad, fomentando la autonom\u00eda y la inclusi\u00f3n social.<\/p>\n<h3><strong>Objetivos del proyecto<\/strong><\/h3>\n<ul>\n<li><strong>Explorar la aplicabilidad<\/strong> del marco de la ciudadan\u00eda en el dise\u00f1o de v\u00edas de recuperaci\u00f3n mediante talleres de co-dise\u00f1o con personas con experiencia propia.<\/li>\n<li><strong>Implementar un programa de formaci\u00f3n y sensibilizaci\u00f3n liderado por pares<\/strong> para empoderar a los participantes y mejorar sus resultados de recuperaci\u00f3n.<\/li>\n<li><strong>Co-dise\u00f1ar y validar una herramienta reflexiva<\/strong> que integre el marco de ciudadan\u00eda con la <strong>Inteligencia Artificial<\/strong> para evaluar trayectorias de recuperaci\u00f3n personalizadas.<\/li>\n<li><strong>Medir el impacto<\/strong> de estas intervenciones en el empoderamiento y la inclusi\u00f3n social.<\/li>\n<li><strong>Difundir los resultados<\/strong> entre entidades de personas usuarias, familias y profesionales para promover pr\u00e1cticas basadas en la ciudadan\u00eda.<\/li>\n<\/ul>\n<h3><strong>Fases y Resultados<\/strong><\/h3>\n<h4><strong>Talleres de Co-dise\u00f1o<\/strong><\/h4>\n<p>Colaboraci\u00f3n directa con 15 participantes (personas usuarias, activistas y trabajadores\/as de apoyo) para adaptar el marco de ciudadan\u00eda a sus necesidades reales y definir los contenidos de la formaci\u00f3n.<\/p>\n<h4><strong>Formaci\u00f3n Liderada por Pares<\/strong><\/h4>\n<p>Basada en los principios TLC3 (contacto dirigido, local, cre\u00edble y continuo), donde activistas y trabajadores de apoyo entre iguales imparten la formaci\u00f3n para fomentar la autogesti\u00f3n de derechos y roles.<\/p>\n<h4><strong>Herramienta Reflexiva de IA<\/strong><\/h4>\n<p>Desarrollo de un libro de trabajo y un <strong>chatbot<\/strong> alimentado por narrativas reales que ayudar\u00e1 a las personas usuarias a reflexionar sobre su recuperaci\u00f3n y ciudadan\u00eda.<\/p>\n<h4><strong>Estudios de Viabilidad<\/strong><\/h4>\n<p>Realizaci\u00f3n de estudios experimentales para validar la eficacia y la facilidad de uso de las herramientas desarrolladas.<\/p>\n<h2>\u00a1\u00danete a nuestra iniciativa!<\/h2>\n<p>Estamos buscando personas con experiencia propia en salud mental, trabajadores\/as de apoyo entre iguales y activistas que quieran participar en nuestros talleres de co-dise\u00f1o y programas de formaci\u00f3n. Si quieres formar parte de este cambio hacia un modelo de recuperaci\u00f3n basado en la ciudadan\u00eda, <a href=\"mailto:fjeiroa@gmail.com\">contacta con nosotros<\/a>.<\/p>\n<h2><strong>Nuestro equipo<\/strong><\/h2>\n<p><a href=\"https:\/\/www.ub.edu\/ipcs\/es\/equip\/francisco-jose-eiroa-orosa\" target=\"_blank\" rel=\"noopener\">Francisco Jos\u00e9 Eiro\u00e1-Orosa<\/a><br \/>\nInvestigador Principal<\/p>\n<p><a href=\"https:\/\/www.ub.edu\/gr1p\/equip\/diana-gonzalez-manas\" target=\"_blank\" rel=\"noopener\">Diana Gonz\u00e1lez Ma\u00f1as<\/a><br \/>\nCoordinaci\u00f3n y ejecuci\u00f3n de los talleres de co-dise\u00f1o<\/p>\n<p><a href=\"https:\/\/orcid.org\/0000-0002-7712-2423\" target=\"_blank\" rel=\"noopener\">Anna Ballesteros-Urpi<\/a><br \/>\nEnlace con el sistema de atenci\u00f3n en salud mental<\/p>\n<p><a href=\"https:\/\/medicine.yale.edu\/profile\/michael-rowe\" target=\"_blank\" rel=\"noopener\">Michael Rowe (Yale University)<\/a><br \/>\nAsesor cient\u00edfico<\/p>","protected":false},"excerpt":{"rendered":"<p>Un proyecto innovador para empoderar a personas con experiencia propia en salud mental mediante el marco de la ciudadan\u00eda. Sobre el proyecto [&hellip;]<\/p>\n","protected":false},"author":1,"featured_media":0,"parent":0,"menu_order":0,"comment_status":"closed","ping_status":"closed","template":"","meta":{"footnotes":""},"class_list":["post-2203","page","type-page","status-publish","hentry"],"_links":{"self":[{"href":"https:\/\/www.ub.edu\/gr1p\/es\/wp-json\/wp\/v2\/pages\/2203","targetHints":{"allow":["GET"]}}],"collection":[{"href":"https:\/\/www.ub.edu\/gr1p\/es\/wp-json\/wp\/v2\/pages"}],"about":[{"href":"https:\/\/www.ub.edu\/gr1p\/es\/wp-json\/wp\/v2\/types\/page"}],"author":[{"embeddable":true,"href":"https:\/\/www.ub.edu\/gr1p\/es\/wp-json\/wp\/v2\/users\/1"}],"replies":[{"embeddable":true,"href":"https:\/\/www.ub.edu\/gr1p\/es\/wp-json\/wp\/v2\/comments?post=2203"}],"version-history":[{"count":8,"href":"https:\/\/www.ub.edu\/gr1p\/es\/wp-json\/wp\/v2\/pages\/2203\/revisions"}],"predecessor-version":[{"id":2234,"href":"https:\/\/www.ub.edu\/gr1p\/es\/wp-json\/wp\/v2\/pages\/2203\/revisions\/2234"}],"wp:attachment":[{"href":"https:\/\/www.ub.edu\/gr1p\/es\/wp-json\/wp\/v2\/media?parent=2203"}],"curies":[{"name":"wp","href":"https:\/\/api.w.org\/{rel}","templated":true}]}}