{"id":915,"date":"2021-10-01T12:10:22","date_gmt":"2021-10-01T10:10:22","guid":{"rendered":"http:\/\/gr1p.cat\/?page_id=915"},"modified":"2026-02-10T16:35:49","modified_gmt":"2026-02-10T15:35:49","slug":"professionals","status":"publish","type":"page","link":"https:\/\/www.ub.edu\/gr1p\/es\/professionals\/","title":{"rendered":"Profesionales"},"content":{"rendered":"<p>Hemos contribuido a la capacitaci\u00f3n de m\u00e1s de 1000 profesionales del sector para adaptarse al nuevo modelo de atenci\u00f3n centrado en la persona, en sus derechos humanos y de ciudadan\u00eda. Dise\u00f1amos actividades formativas para profesionales del \u00e1mbito de atenci\u00f3n e investigaci\u00f3n en salud mental adaptadas a sus necesidades y las particulares de su perfil profesional. Ofrecemos asesoramiento y colaboramos en el desarrollo, implementaci\u00f3n y evaluaci\u00f3n de vuestros proyectos nuevos o en proceso de transformaci\u00f3n. <a href=\"mailto:fjeiroa@gmail.com\">Cons\u00faltanos<\/a>.<\/p>\n<h3 style=\"text-align: center;\"><strong>Actividades formativas<\/strong><\/h3>\n<h4><strong data-start=\"0\" data-end=\"32\">Ciudadan\u00eda como salud mental<\/strong><\/h4>\n<p data-start=\"36\" data-end=\"450\">Actividad formativa dirigida a todos los perfiles profesionales de los servicios de salud mental y adicciones. Consta de un m\u00f3dulo te\u00f3rico de 4 horas y un m\u00f3dulo experiencial de 4 horas. Un total de 8 horas formativas orientadas a que cualquier intervenci\u00f3n en salud mental tenga como objetivo que las personas usuarias disfruten de una ciudadan\u00eda plena. Al finalizar, los equipos profesionales ser\u00e1n capaces de:<\/p>\n<ul>\n<li>Concebir el modelo de ciudadan\u00eda como una manera alternativa de entender la pr\u00e1ctica en salud mental.<\/li>\n<li>Analizar las implicaciones del paso de un modelo basado en la reducci\u00f3n de s\u00edntomas a uno basado en el acompa\u00f1amiento hacia una ciudadan\u00eda plena.<\/li>\n<li>Identificar elementos de la pr\u00e1ctica profesional correspondientes a las diferentes dimensiones de ciudadan\u00eda.<\/li>\n<li>Aplicar intervenciones basadas en el modelo de ciudadan\u00eda en la pr\u00e1ctica cotidiana.<\/li>\n<\/ul>\n<p style=\"text-align: center;\"><a href=\"https:\/\/www.ub.edu\/gr1p\/wp-content\/uploads\/Gonzalez_Manas_Eiroa_Orosa_2025_Ciudadania_como_Salud_Mental.pdf\">DESCARGA EL MANUAL DEL CURSO<\/a><\/p>\n<p data-start=\"911\" data-end=\"932\" data-is-last-node=\"\" data-is-only-node=\"\">Acreditado por:<\/p>\n<p data-start=\"911\" data-end=\"932\" data-is-last-node=\"\" data-is-only-node=\"\"><img loading=\"lazy\" decoding=\"async\" class=\"alignnone wp-image-1036\" src=\"http:\/\/gr1p.cat\/wp-content\/uploads\/2021\/10\/foto_cccc-300x98.jpg\" alt=\"\" width=\"306\" height=\"100\" srcset=\"https:\/\/www.ub.edu\/gr1p\/wp-content\/uploads\/2021\/10\/foto_cccc-300x98.jpg 300w, https:\/\/www.ub.edu\/gr1p\/wp-content\/uploads\/2021\/10\/foto_cccc.jpg 470w\" sizes=\"auto, (max-width: 306px) 100vw, 306px\" \/><img loading=\"lazy\" decoding=\"async\" class=\"\" src=\"https:\/\/mpspapas.files.wordpress.com\/2012\/10\/consell-catalc3a0-de-formacic3b3-continuada-de-les-professions-sanitc3a0ries.jpg?w=348\" alt=\"Consell Catal\u00e0 de Formaci\u00f3 Continuada de les Professions Sanit\u00e0ries \u2013 mpspapas\" width=\"95\" height=\"100\" \/><\/p>\n<h4><strong>M\u00e1s all\u00e1 de la recuperaci\u00f3n, hacia una atenci\u00f3n en salud mental basada en derechos<\/strong><\/h4>\n<p>Este curso est\u00e1 dirigido a profesionales de atenci\u00f3n directa en servicios de salud mental i adicciones. Consta de 4 m\u00f3dulos con una duraci\u00f3n prevista de 8h lectivas m\u00e1s material complementario.<\/p>\n<ul>\n<li>Alternativas al diagn\u00f3stico: De las nosolog\u00edas a la experiencia compartida.<\/li>\n<li>Formulaci\u00f3n y establecimiento de objetivos: De la disminuci\u00f3n de s\u00edntomas a la Recuperaci\u00f3n.<\/li>\n<li>Atenci\u00f3n en salud mental basada en derechos: pr\u00e1cticas colaborativas, respecto de preferencias y voluntades anticipadas.<\/li>\n<li>Fomento del apoyo mutuo: Integrando la figura en el sistema.<\/li>\n<\/ul>\n<p style=\"text-align: center;\"><a href=\"https:\/\/www.ub.edu\/gr1p\/wp-content\/uploads\/Eiroa_Porxas_Sanchez_2021_Mas_alla_recuperacion_alumnado.pdf\">DESCARGA EL MANUAL DEL CURSO<\/a><\/p>\n<p>Acreditado por:<\/p>\n<p><img loading=\"lazy\" decoding=\"async\" class=\"alignnone wp-image-1035\" src=\"http:\/\/gr1p.cat\/wp-content\/uploads\/2021\/10\/AEN-300x300.jpg\" alt=\"\" width=\"100\" height=\"100\" srcset=\"https:\/\/www.ub.edu\/gr1p\/wp-content\/uploads\/2021\/10\/AEN-300x300.jpg 300w, https:\/\/www.ub.edu\/gr1p\/wp-content\/uploads\/2021\/10\/AEN-150x150.jpg 150w, https:\/\/www.ub.edu\/gr1p\/wp-content\/uploads\/2021\/10\/AEN.jpg 400w\" sizes=\"auto, (max-width: 100px) 100vw, 100px\" \/> <img loading=\"lazy\" decoding=\"async\" class=\"alignnone wp-image-1036\" src=\"http:\/\/gr1p.cat\/wp-content\/uploads\/2021\/10\/foto_cccc-300x98.jpg\" alt=\"\" width=\"306\" height=\"100\" srcset=\"https:\/\/www.ub.edu\/gr1p\/wp-content\/uploads\/2021\/10\/foto_cccc-300x98.jpg 300w, https:\/\/www.ub.edu\/gr1p\/wp-content\/uploads\/2021\/10\/foto_cccc.jpg 470w\" sizes=\"auto, (max-width: 306px) 100vw, 306px\" \/><img loading=\"lazy\" decoding=\"async\" class=\"\" src=\"https:\/\/mpspapas.files.wordpress.com\/2012\/10\/consell-catalc3a0-de-formacic3b3-continuada-de-les-professions-sanitc3a0ries.jpg?w=348\" alt=\"Consell Catal\u00e0 de Formaci\u00f3 Continuada de les Professions Sanit\u00e0ries \u2013 mpspapas\" width=\"95\" height=\"100\" \/><\/p>\n<p>&nbsp;<\/p>\n<h4><strong>Formaci\u00f3n en Recuperaci\u00f3n y pr\u00e1cticas colaborativas<\/strong><\/h4>\n<p>Actividad orientada a ofrecer un espacio de dialogo y reflexi\u00f3n, a partir de los contenidos ofrecidos y la experiencia profesional, para la implementaci\u00f3n del cambio de modelo en la atenci\u00f3n a la salud mental i adicciones en distintos dispositivos o recursos.<\/p>\n<ul>\n<li>Abordaje cr\u00edtico: sistemas nosol\u00f3gicos y tratamientos basados en el abordaje de s\u00edntomas.<\/li>\n<li>El concepto de Recuperaci\u00f3n, los antecedentes del movimiento, sus principios y cr\u00edticas.<\/li>\n<li>Formulaci\u00f3n y establecimiento de objetivos basados en la recuperaci\u00f3n.<\/li>\n<li>Intervenciones basadas en el ejercicio de la ciudadan\u00eda.<\/li>\n<li>Marco legal actual, basado en apoyos.<\/li>\n<li>Herramientas para el respeto a la autonom\u00eda en las decisiones (PDA, VA, Planes de crisis)<\/li>\n<li>Modelo de recuperaci\u00f3n y ciudadan\u00eda en recursos residenciales, limitaciones y fortalezas.<\/li>\n<li>Necesidades espec\u00edficas en el entorno laboral para la adaptaci\u00f3n al modelo de recuperaci\u00f3n.<\/li>\n<\/ul>\n<p>&nbsp;<\/p>\n<h4 data-start=\"178\" data-end=\"709\"><strong data-start=\"178\" data-end=\"244\">Integraci\u00f3n del apoyo entre iguales en equipos de salud mental<\/strong><\/h4>\n<p data-start=\"178\" data-end=\"709\">Actividad dirigida a profesionales de equipos de salud mental y adicciones que deseen incorporar de manera efectiva la figura del apoyo entre iguales en sus servicios. La formaci\u00f3n combina contenidos te\u00f3ricos y pr\u00e1cticos con espacios de reflexi\u00f3n para favorecer una implementaci\u00f3n sostenible y respetuosa con los principios de la recuperaci\u00f3n y los derechos humanos. Al finalizar el curso, se espera que los equipos profesionales sean capaces de:<\/p>\n<ul>\n<li data-start=\"178\" data-end=\"709\">Reconocer el valor a\u00f1adido del apoyo entre iguales en la pr\u00e1ctica cl\u00ednica y comunitaria.<\/li>\n<li data-start=\"178\" data-end=\"709\">Incorporar herramientas pr\u00e1cticas para integrar a un agente de apoyo entre iguales en sus equipos.<\/li>\n<li data-start=\"178\" data-end=\"709\">Identificar resistencias y generar condiciones organizativas para una colaboraci\u00f3n efectiva.<\/li>\n<li data-start=\"178\" data-end=\"709\">Evaluar y adaptar la experiencia a las necesidades de su contexto institucional.<\/li>\n<\/ul>\n<p data-start=\"1664\" data-end=\"1746\">\n<p><\/p>","protected":false},"excerpt":{"rendered":"<p>Hemos contribuido a la capacitaci\u00f3n de m\u00e1s de 1000 profesionales del sector para adaptarse al nuevo modelo de atenci\u00f3n centrado en la [&hellip;]<\/p>\n","protected":false},"author":1,"featured_media":0,"parent":0,"menu_order":0,"comment_status":"closed","ping_status":"closed","template":"","meta":{"footnotes":""},"class_list":["post-915","page","type-page","status-publish","hentry"],"_links":{"self":[{"href":"https:\/\/www.ub.edu\/gr1p\/es\/wp-json\/wp\/v2\/pages\/915","targetHints":{"allow":["GET"]}}],"collection":[{"href":"https:\/\/www.ub.edu\/gr1p\/es\/wp-json\/wp\/v2\/pages"}],"about":[{"href":"https:\/\/www.ub.edu\/gr1p\/es\/wp-json\/wp\/v2\/types\/page"}],"author":[{"embeddable":true,"href":"https:\/\/www.ub.edu\/gr1p\/es\/wp-json\/wp\/v2\/users\/1"}],"replies":[{"embeddable":true,"href":"https:\/\/www.ub.edu\/gr1p\/es\/wp-json\/wp\/v2\/comments?post=915"}],"version-history":[{"count":9,"href":"https:\/\/www.ub.edu\/gr1p\/es\/wp-json\/wp\/v2\/pages\/915\/revisions"}],"predecessor-version":[{"id":2175,"href":"https:\/\/www.ub.edu\/gr1p\/es\/wp-json\/wp\/v2\/pages\/915\/revisions\/2175"}],"wp:attachment":[{"href":"https:\/\/www.ub.edu\/gr1p\/es\/wp-json\/wp\/v2\/media?parent=915"}],"curies":[{"name":"wp","href":"https:\/\/api.w.org\/{rel}","templated":true}]}}