{"id":917,"date":"2021-10-05T21:48:30","date_gmt":"2021-10-05T19:48:30","guid":{"rendered":"http:\/\/gr1p.cat\/?page_id=917"},"modified":"2026-03-05T11:34:25","modified_gmt":"2026-03-05T10:34:25","slug":"recerca","status":"publish","type":"page","link":"https:\/\/www.ub.edu\/gr1p\/es\/recerca\/","title":{"rendered":"Investigaci\u00f3n"},"content":{"rendered":"<p>Uno de los objetivos principales de nuestra entidad es que la investigaci\u00f3n contemple la perspectiva de las personas que han experimentado alg\u00fan tipo de afecci\u00f3n de tipo psicosocial. Creemos que la investigaci\u00f3n participativa es una herramienta esencial y estamos comprometidas con su promoci\u00f3n en el \u00e1mbito de la salud mental y adicciones.<\/p>\n<h3 style=\"text-align: center;\"><strong>Actividades formativas<\/strong><\/h3>\n<h4><strong>Formaci\u00f3n en investigaci\u00f3n participativa<\/strong><\/h4>\n<p>Destinada a todas aquellas personas vinculadas a proyectos del \u00e1mbito de la salud mental i adicciones, en especial a aquellas implicadas en investigaci\u00f3n. Se trata de una formaci\u00f3n pensada para orientar a quienes pretenden incorporar la perspectiva de la primera persona en sus proyectos, o introducir la investigaci\u00f3n participativa en sus entidades.<\/p>\n<ul>\n<li>Los movimientos de personas usuarias: influencia en la evoluci\u00f3n hist\u00f3rica de la atenci\u00f3n a la salud mental.<\/li>\n<li>El movimiento de la Recuperaci\u00f3n.<\/li>\n<li>La ciudadan\u00eda como transformaci\u00f3n de los objetivos terap\u00e9uticos.<\/li>\n<li>Dise\u00f1os participativos y co-investigaci\u00f3n.<\/li>\n<li>Ensayos cl\u00ednicos basados en preferencias.<\/li>\n<li>Coproducci\u00f3n de resultados.<\/li>\n<li>Aspectos anal\u00edticos.<\/li>\n<\/ul>\n<p>&nbsp;<\/p>\n<p>Ofrecemos a continuaci\u00f3n una c\u00e1psula de esta actividad formativa realizada en el contexto de los <a href=\"https:\/\/vimeo.com\/user156469481\">Breakfast &amp; Learn<\/a> de la <a href=\"https:\/\/tecsam.org\">Red TECSAM<\/a>.<\/p>\n<p>&nbsp;<\/p>\n<p><iframe loading=\"lazy\" width=\"560\" height=\"315\" src=\"https:\/\/www.youtube.com\/embed\/6Gli-kwqwpg?si=sIDcmF5lW_bCPUnI\" title=\"YouTube video player\" frameborder=\"0\" allow=\"accelerometer; autoplay; clipboard-write; encrypted-media; gyroscope; picture-in-picture; web-share\" referrerpolicy=\"strict-origin-when-cross-origin\" allowfullscreen><\/iframe><\/p>","protected":false},"excerpt":{"rendered":"<p>Uno de los objetivos principales de nuestra entidad es que la investigaci\u00f3n contemple la perspectiva de las personas que han experimentado alg\u00fan [&hellip;]<\/p>\n","protected":false},"author":1,"featured_media":0,"parent":0,"menu_order":0,"comment_status":"closed","ping_status":"closed","template":"","meta":{"footnotes":""},"class_list":["post-917","page","type-page","status-publish","hentry"],"_links":{"self":[{"href":"https:\/\/www.ub.edu\/gr1p\/es\/wp-json\/wp\/v2\/pages\/917","targetHints":{"allow":["GET"]}}],"collection":[{"href":"https:\/\/www.ub.edu\/gr1p\/es\/wp-json\/wp\/v2\/pages"}],"about":[{"href":"https:\/\/www.ub.edu\/gr1p\/es\/wp-json\/wp\/v2\/types\/page"}],"author":[{"embeddable":true,"href":"https:\/\/www.ub.edu\/gr1p\/es\/wp-json\/wp\/v2\/users\/1"}],"replies":[{"embeddable":true,"href":"https:\/\/www.ub.edu\/gr1p\/es\/wp-json\/wp\/v2\/comments?post=917"}],"version-history":[{"count":1,"href":"https:\/\/www.ub.edu\/gr1p\/es\/wp-json\/wp\/v2\/pages\/917\/revisions"}],"predecessor-version":[{"id":2227,"href":"https:\/\/www.ub.edu\/gr1p\/es\/wp-json\/wp\/v2\/pages\/917\/revisions\/2227"}],"wp:attachment":[{"href":"https:\/\/www.ub.edu\/gr1p\/es\/wp-json\/wp\/v2\/media?parent=917"}],"curies":[{"name":"wp","href":"https:\/\/api.w.org\/{rel}","templated":true}]}}