{"id":1191,"date":"2021-11-24T16:59:32","date_gmt":"2021-11-24T14:59:32","guid":{"rendered":"http:\/\/gr1p.cat\/?page_id=1191"},"modified":"2026-03-05T11:39:17","modified_gmt":"2026-03-05T10:39:17","slug":"collaboracions-docents","status":"publish","type":"page","link":"https:\/\/www.ub.edu\/gr1p\/collaboracions-docents\/","title":{"rendered":"Col\u00b7laboracions Docents"},"content":{"rendered":"<p>Participem en formacions peri\u00f2diques de sensibilitzaci\u00f3 i capacitaci\u00f3 organitzades per diferents entitats acad\u00e8miques i de l&#8217;\u00e0mbit aplicat.<\/p>\n<h3 style=\"text-align: center;\"><strong>Activitats formatives<\/strong><\/h3>\n<h4><img loading=\"lazy\" decoding=\"async\" class=\"wp-image-1194 size-medium alignright\" style=\"font-weight: 400;\" src=\"http:\/\/gr1p.cat\/wp-content\/uploads\/2021\/11\/MIR-PIR-EIR-300x225.jpg\" alt=\"\" width=\"300\" height=\"225\" srcset=\"https:\/\/www.ub.edu\/gr1p\/wp-content\/uploads\/2021\/11\/MIR-PIR-EIR-300x225.jpg 300w, https:\/\/www.ub.edu\/gr1p\/wp-content\/uploads\/2021\/11\/MIR-PIR-EIR-1024x768.jpg 1024w, https:\/\/www.ub.edu\/gr1p\/wp-content\/uploads\/2021\/11\/MIR-PIR-EIR-768x576.jpg 768w, https:\/\/www.ub.edu\/gr1p\/wp-content\/uploads\/2021\/11\/MIR-PIR-EIR-1536x1152.jpg 1536w, https:\/\/www.ub.edu\/gr1p\/wp-content\/uploads\/2021\/11\/MIR-PIR-EIR.jpg 1600w\" sizes=\"auto, (max-width: 300px) 100vw, 300px\" \/>Formaci\u00f3 en salut mental per a residents de formacions sanit\u00e0ries especialitzades<\/h4>\n<p>Adre\u00e7ada a residents de primer any de les especialitats de psiquiatria, psicologia i infermeria.\u00a0 S&#8217;imparteix a la academia de ci\u00e8ncies mediques de Catalunya i Balears, i participem de manera conjunta amb\u00a0 entitats en primera persona de la <a href=\"https:\/\/veus.cat\/es\/inicio\/\" target=\"_blank\" rel=\"noopener\">Federaci\u00f3 Veus<\/a> i <a href=\"https:\/\/activament.org\/es\/\" target=\"_blank\" rel=\"noopener\">Activ<\/a><a href=\"https:\/\/activament.org\/es\/\" target=\"_blank\" rel=\"noopener\">ament<\/a>, i de familiars <a href=\"https:\/\/www.salutmental.org\/\" target=\"_blank\" rel=\"noopener\">Federaci\u00f3 Salut Mental Catalunya<\/a>.\u00a0Consta de 2 sessions que agrupen contingut te\u00f2ric, relacionat amb el model de Recuperaci\u00f3 i drets, i testimonis de persones amb experi\u00e8ncia pr\u00f2pia.<\/p>\n<h4>M\u00e0ster en salut mental comunit\u00e0ria<\/h4>\n<p>&nbsp;<\/p>\n<p><a href=\"http:\/\/www.mastersaludmentalcomunitaria.com\/\" target=\"_blank\" rel=\"noopener\"><img loading=\"lazy\" decoding=\"async\" class=\"alignnone size-medium wp-image-1195\" src=\"http:\/\/gr1p.cat\/wp-content\/uploads\/2021\/11\/R-300x71.png\" alt=\"\" width=\"300\" height=\"71\" srcset=\"https:\/\/www.ub.edu\/gr1p\/wp-content\/uploads\/2021\/11\/R-300x71.png 300w, https:\/\/www.ub.edu\/gr1p\/wp-content\/uploads\/2021\/11\/R.png 339w\" sizes=\"auto, (max-width: 300px) 100vw, 300px\" \/><\/a><\/p>\n<p>&nbsp;<\/p>\n<h4>M\u00e0ster El Valor de les cures en Salut Mental<\/h4>\n<p>El programa del m\u00e0ster es fonamenta en l\u2019anomenat model de recuperaci\u00f3, que suposa un canvi organitzatiu en el sistema d\u2019atenci\u00f3 a la salut mental, a trav\u00e9s de processos terap\u00e8utics espec\u00edfics, dissenyats per a cada persona, que en facilitin l\u2019apoderament respecte a la presa de decisions en el tractament, la participaci\u00f3 en la planificaci\u00f3 d\u2019activitats i l\u2019avaluaci\u00f3 dels serveis.<br \/>\nM\u00e0ster propi del <a href=\"https:\/\/www.pssjd.org\/master-el-valor-de-les-cures-en-salut-mental-inscripcions-obertes-2\" target=\"_blank\" rel=\"noopener\">Campus docent de l&#8217;Hospital Sant Joan de D\u00e9u<\/a> adre\u00e7at a professionals de l&#8217;\u00e0mbit de la salut.<\/p>\n<p><a href=\"https:\/\/www.pssjd.org\/2021\/master-el-valor-de-les-cures-en-salut-mental-inscripcions-obertes\"><img loading=\"lazy\" decoding=\"async\" class=\"alignnone size-medium wp-image-1287\" src=\"http:\/\/gr1p.cat\/wp-content\/uploads\/2022\/04\/SJdDCD-300x169.png\" alt=\"\" width=\"300\" height=\"169\" srcset=\"https:\/\/www.ub.edu\/gr1p\/wp-content\/uploads\/2022\/04\/SJdDCD-300x169.png 300w, https:\/\/www.ub.edu\/gr1p\/wp-content\/uploads\/2022\/04\/SJdDCD.png 354w\" sizes=\"auto, (max-width: 300px) 100vw, 300px\" \/><\/a><a href=\"https:\/\/www.pssjd.org\/2021\/master-el-valor-de-les-cures-en-salut-mental-inscripcions-obertes\"><img loading=\"lazy\" decoding=\"async\" class=\"alignnone size-medium wp-image-1288\" src=\"http:\/\/gr1p.cat\/wp-content\/uploads\/2022\/04\/UB-300x300.png\" alt=\"\" width=\"300\" height=\"300\" srcset=\"https:\/\/www.ub.edu\/gr1p\/wp-content\/uploads\/2022\/04\/UB-300x300.png 300w, https:\/\/www.ub.edu\/gr1p\/wp-content\/uploads\/2022\/04\/UB-150x150.png 150w, https:\/\/www.ub.edu\/gr1p\/wp-content\/uploads\/2022\/04\/UB-768x768.png 768w, https:\/\/www.ub.edu\/gr1p\/wp-content\/uploads\/2022\/04\/UB.png 1000w\" sizes=\"auto, (max-width: 300px) 100vw, 300px\" \/><\/a><\/p>\n<h4>Laboratoris de psiquiatria. Universitat Internacional de Catalunya.<\/h4>\n<p>&nbsp;<\/p>\n<p><img decoding=\"async\" src=\"https:\/\/upload.wikimedia.org\/wikipedia\/commons\/f\/f9\/Universitat_Internacional_de_Catalunya_UIC_Barcelona.png\" alt=\"Fitxer:Universitat Internacional de Catalunya UIC Barcelona.png -  Viquip\u00e8dia, l'enciclop\u00e8dia lliure\" \/><\/p>","protected":false},"excerpt":{"rendered":"<p>Participem en formacions peri\u00f2diques de sensibilitzaci\u00f3 i capacitaci\u00f3 organitzades per diferents entitats acad\u00e8miques i de l&#8217;\u00e0mbit aplicat. Activitats formatives Formaci\u00f3 en salut [&hellip;]<\/p>\n","protected":false},"author":1,"featured_media":0,"parent":0,"menu_order":0,"comment_status":"closed","ping_status":"closed","template":"","meta":{"footnotes":""},"class_list":["post-1191","page","type-page","status-publish","hentry"],"_links":{"self":[{"href":"https:\/\/www.ub.edu\/gr1p\/wp-json\/wp\/v2\/pages\/1191","targetHints":{"allow":["GET"]}}],"collection":[{"href":"https:\/\/www.ub.edu\/gr1p\/wp-json\/wp\/v2\/pages"}],"about":[{"href":"https:\/\/www.ub.edu\/gr1p\/wp-json\/wp\/v2\/types\/page"}],"author":[{"embeddable":true,"href":"https:\/\/www.ub.edu\/gr1p\/wp-json\/wp\/v2\/users\/1"}],"replies":[{"embeddable":true,"href":"https:\/\/www.ub.edu\/gr1p\/wp-json\/wp\/v2\/comments?post=1191"}],"version-history":[{"count":2,"href":"https:\/\/www.ub.edu\/gr1p\/wp-json\/wp\/v2\/pages\/1191\/revisions"}],"predecessor-version":[{"id":2229,"href":"https:\/\/www.ub.edu\/gr1p\/wp-json\/wp\/v2\/pages\/1191\/revisions\/2229"}],"wp:attachment":[{"href":"https:\/\/www.ub.edu\/gr1p\/wp-json\/wp\/v2\/media?parent=1191"}],"curies":[{"name":"wp","href":"https:\/\/api.w.org\/{rel}","templated":true}]}}