{"id":1449,"date":"2022-12-30T18:02:15","date_gmt":"2022-12-30T16:02:15","guid":{"rendered":"http:\/\/gr1p.cat\/?page_id=1449"},"modified":"2024-03-24T16:51:15","modified_gmt":"2024-03-24T15:51:15","slug":"transparencia","status":"publish","type":"page","link":"https:\/\/www.ub.edu\/gr1p\/transparencia\/","title":{"rendered":"Transpar\u00e8ncia"},"content":{"rendered":"<p>El grup de recerca de salut mental en primera persona es va constituir formalment com a entitat en 2018, encara que ja havia iniciat la seva traject\u00f2ria com a projecte de l&#8217;Observatori de Drets de la Federaci\u00f3 Veus constitu\u00efda en 2014 amb el qual mantenim una estreta col\u00b7laboraci\u00f3 com a entitat federada. Som una associaci\u00f3 sense \u00e0nim de lucre pel que estem subjectes a la llei d&#8217;associacionisme de Catalunya. Disposem de n\u00famero d&#8217;identificaci\u00f3 fiscal, G67333088, i estem inscrites en el registre d&#8217;entitats de la Generalitat de Catalunya amb n\u00famero 63976.<\/p>\n<p>En els nostres estatuts es pot consultar la missi\u00f3 i objectius de l&#8217;associaci\u00f3<\/p>\n<a href=\"https:\/\/www.ub.edu\/gr1p\/wp-content\/uploads\/model_estatuts_assoc_grup_recerca_1a.pdf\" class=\"pdfemb-viewer\" style=\"\" data-width=\"max\" data-height=\"max\" data-toolbar=\"bottom\" data-toolbar-fixed=\"off\">model_estatuts_assoc_grup_recerca_1a<\/a>\n<h4><span style=\"color: #000080;\">Transpar\u00e8ncia econ\u00f2mica<\/span><\/h4>\n<ul>\n<li><a href=\"http:\/\/gr1p.cat\/wp-content\/uploads\/2021_GR1P.pdf\" target=\"_blank\" rel=\"noopener\">2021\u00a0 \u00a0<\/a><\/li>\n<li><a href=\"http:\/\/gr1p.cat\/wp-content\/uploads\/2020_GR1P.pdf\" target=\"_blank\" rel=\"noopener\">2020<\/a><\/li>\n<li><a href=\"http:\/\/gr1p.cat\/wp-content\/uploads\/2019_GR1P.pdf\" target=\"_blank\" rel=\"noopener\">2019<\/a><\/li>\n<\/ul>\n<p>&nbsp;<\/p>","protected":false},"excerpt":{"rendered":"<p>El grup de recerca de salut mental en primera persona es va constituir formalment com a entitat en 2018, encara que ja [&hellip;]<\/p>\n","protected":false},"author":1,"featured_media":0,"parent":0,"menu_order":0,"comment_status":"closed","ping_status":"closed","template":"","meta":{"footnotes":""},"class_list":["post-1449","page","type-page","status-publish","hentry"],"_links":{"self":[{"href":"https:\/\/www.ub.edu\/gr1p\/wp-json\/wp\/v2\/pages\/1449","targetHints":{"allow":["GET"]}}],"collection":[{"href":"https:\/\/www.ub.edu\/gr1p\/wp-json\/wp\/v2\/pages"}],"about":[{"href":"https:\/\/www.ub.edu\/gr1p\/wp-json\/wp\/v2\/types\/page"}],"author":[{"embeddable":true,"href":"https:\/\/www.ub.edu\/gr1p\/wp-json\/wp\/v2\/users\/1"}],"replies":[{"embeddable":true,"href":"https:\/\/www.ub.edu\/gr1p\/wp-json\/wp\/v2\/comments?post=1449"}],"version-history":[{"count":1,"href":"https:\/\/www.ub.edu\/gr1p\/wp-json\/wp\/v2\/pages\/1449\/revisions"}],"predecessor-version":[{"id":1800,"href":"https:\/\/www.ub.edu\/gr1p\/wp-json\/wp\/v2\/pages\/1449\/revisions\/1800"}],"wp:attachment":[{"href":"https:\/\/www.ub.edu\/gr1p\/wp-json\/wp\/v2\/media?parent=1449"}],"curies":[{"name":"wp","href":"https:\/\/api.w.org\/{rel}","templated":true}]}}