{"id":521,"date":"2019-04-08T12:02:59","date_gmt":"2019-04-08T11:02:59","guid":{"rendered":"http:\/\/www.ub.edu\/psychocontext\/?page_id=8"},"modified":"2019-04-08T12:02:59","modified_gmt":"2019-04-08T11:02:59","slug":"home","status":"publish","type":"page","link":"https:\/\/www.ub.edu\/gr1p\/","title":{"rendered":"Inici"},"content":{"rendered":"<p>L&#8217;objectiu principal de la nostra associaci\u00f3 \u00e9s que la producci\u00f3 de coneixement en salut mental contempli la perspectiva de les mateixes persones que han viscut una experi\u00e8ncia de patiment psicosocial.<\/p>\n<p>Per aconseguir les seves finalitats, l\u2019associaci\u00f3 realitza les seg\u00fcents activitats:<\/p>\n<ul>\n<li>Recerca sobre les experi\u00e8ncies de patiment mental des de la perspectiva de les persones afectades.<\/li>\n<li>Formaci\u00f3 tant entre persones amb experi\u00e8ncia pr\u00f2pia, professionals de la salut mental i professionals de l\u2019\u00e0mbit sociosanitari, i qualsevol persona interessada en ampliar els seus coneixements sobre aquests temes.<\/li>\n<li>Oferir assessorament a les entitats del camp de la salut mental que vulguin incorporar la mirada en primera persona en la seva idiosincr\u00e0sia.<\/li>\n<li>Divulgaci\u00f3 a tota la poblaci\u00f3 sobre temes de salut mental des de la perspectiva en primera persona.<\/li>\n<\/ul>\n<p><\/p>","protected":false},"excerpt":{"rendered":"<p>L&#8217;objectiu principal de la nostra associaci\u00f3 \u00e9s que la producci\u00f3 de coneixement en salut mental contempli la perspectiva de les mateixes persones [&hellip;]<\/p>\n","protected":false},"author":1,"featured_media":0,"parent":0,"menu_order":0,"comment_status":"closed","ping_status":"closed","template":"","meta":{"footnotes":""},"class_list":["post-521","page","type-page","status-publish","hentry"],"_links":{"self":[{"href":"https:\/\/www.ub.edu\/gr1p\/wp-json\/wp\/v2\/pages\/521","targetHints":{"allow":["GET"]}}],"collection":[{"href":"https:\/\/www.ub.edu\/gr1p\/wp-json\/wp\/v2\/pages"}],"about":[{"href":"https:\/\/www.ub.edu\/gr1p\/wp-json\/wp\/v2\/types\/page"}],"author":[{"embeddable":true,"href":"https:\/\/www.ub.edu\/gr1p\/wp-json\/wp\/v2\/users\/1"}],"replies":[{"embeddable":true,"href":"https:\/\/www.ub.edu\/gr1p\/wp-json\/wp\/v2\/comments?post=521"}],"version-history":[{"count":0,"href":"https:\/\/www.ub.edu\/gr1p\/wp-json\/wp\/v2\/pages\/521\/revisions"}],"wp:attachment":[{"href":"https:\/\/www.ub.edu\/gr1p\/wp-json\/wp\/v2\/media?parent=521"}],"curies":[{"name":"wp","href":"https:\/\/api.w.org\/{rel}","templated":true}]}}