{"id":895,"date":"2021-09-29T11:30:58","date_gmt":"2021-09-29T09:30:58","guid":{"rendered":"http:\/\/gr1p.cat\/?page_id=895"},"modified":"2021-09-29T11:30:58","modified_gmt":"2021-09-29T09:30:58","slug":"formacio","status":"publish","type":"page","link":"https:\/\/www.ub.edu\/gr1p\/formacio\/","title":{"rendered":"Formaci\u00f3"},"content":{"rendered":"<p><img loading=\"lazy\" decoding=\"async\" class=\"size-medium wp-image-1069 alignleft\" src=\"http:\/\/gr1p.cat\/wp-content\/uploads\/2021\/10\/Bombilla-300x182.jpg\" alt=\"\" width=\"300\" height=\"182\" srcset=\"https:\/\/www.ub.edu\/gr1p\/wp-content\/uploads\/2021\/10\/Bombilla-300x182.jpg 300w, https:\/\/www.ub.edu\/gr1p\/wp-content\/uploads\/2021\/10\/Bombilla-1024x623.jpg 1024w, https:\/\/www.ub.edu\/gr1p\/wp-content\/uploads\/2021\/10\/Bombilla-768x467.jpg 768w, https:\/\/www.ub.edu\/gr1p\/wp-content\/uploads\/2021\/10\/Bombilla-1536x934.jpg 1536w, https:\/\/www.ub.edu\/gr1p\/wp-content\/uploads\/2021\/10\/Bombilla-2048x1245.jpg 2048w\" sizes=\"auto, (max-width: 300px) 100vw, 300px\" \/>La nostra voluntat de contribuir a un canvi de paradigma en salut mental ens ha portat a anar m\u00e9s enll\u00e0 de la investigaci\u00f3 i divulgaci\u00f3, incorporant la formaci\u00f3 entre els nostres projectes. Oferim activitats formatives adaptades a diferents perfils de participants, dissenyant activitats a mida partint de qualsevol demanda.<\/p>\n<p>&nbsp;<\/p>","protected":false},"excerpt":{"rendered":"<p>La nostra voluntat de contribuir a un canvi de paradigma en salut mental ens ha portat a anar m\u00e9s enll\u00e0 de la [&hellip;]<\/p>\n","protected":false},"author":1,"featured_media":0,"parent":0,"menu_order":0,"comment_status":"closed","ping_status":"closed","template":"","meta":{"footnotes":""},"class_list":["post-895","page","type-page","status-publish","hentry"],"_links":{"self":[{"href":"https:\/\/www.ub.edu\/gr1p\/wp-json\/wp\/v2\/pages\/895","targetHints":{"allow":["GET"]}}],"collection":[{"href":"https:\/\/www.ub.edu\/gr1p\/wp-json\/wp\/v2\/pages"}],"about":[{"href":"https:\/\/www.ub.edu\/gr1p\/wp-json\/wp\/v2\/types\/page"}],"author":[{"embeddable":true,"href":"https:\/\/www.ub.edu\/gr1p\/wp-json\/wp\/v2\/users\/1"}],"replies":[{"embeddable":true,"href":"https:\/\/www.ub.edu\/gr1p\/wp-json\/wp\/v2\/comments?post=895"}],"version-history":[{"count":0,"href":"https:\/\/www.ub.edu\/gr1p\/wp-json\/wp\/v2\/pages\/895\/revisions"}],"wp:attachment":[{"href":"https:\/\/www.ub.edu\/gr1p\/wp-json\/wp\/v2\/media?parent=895"}],"curies":[{"name":"wp","href":"https:\/\/api.w.org\/{rel}","templated":true}]}}