{"id":915,"date":"2021-10-01T12:10:22","date_gmt":"2021-10-01T10:10:22","guid":{"rendered":"http:\/\/gr1p.cat\/?page_id=915"},"modified":"2026-02-10T16:35:49","modified_gmt":"2026-02-10T15:35:49","slug":"professionals","status":"publish","type":"page","link":"https:\/\/www.ub.edu\/gr1p\/professionals\/","title":{"rendered":"Professionals"},"content":{"rendered":"<p>Hem contribu\u00eft a la capacitaci\u00f3 de m\u00e9s de 1000 professionals del sector per a adaptar-se al nou model d&#8217;atenci\u00f3 centrat en la persona, en els drets humans i de ciutadania. Dissenyem activitats formatives per a professionals de l&#8217;\u00e0mbit d&#8217;atenci\u00f3 i recerca en salut mental, adaptades a les necessitats dels diferents perfils professionals. Oferim assessorament i col\u00b7laborem en el desenvolupament, implementaci\u00f3, i avaluaci\u00f3 de projectes nous o en proc\u00e9s de transformaci\u00f3.\u00a0 <a href=\"mailto:fjeiroa@gmail.com\">Consulta&#8217;ns<\/a>.<\/p>\n<h3 style=\"text-align: center;\"><strong>Activitats formatives<\/strong><\/h3>\n<h4>Ciutadania com a salut mental<\/h4>\n<p>Activitat formativa adre\u00e7ada a tots els perfils professionals de serveis de salut mental i addiccions. Consta d&#8217;un m\u00f2dul te\u00f2ric de 4 hores i un m\u00f2dul experiencial de 4 hores. Un total de 8 hores formatives orientades a que qualsevol intervenci\u00f3 en salut mental tingui com a objectiu que les persones usu\u00e0ries gaudeixin d\u2019una ciutadania plena. En acabar, els equips professionals seran capa\u00e7os de:<\/p>\n<ul>\n<li>Concebre el model de ciutadania com una manera alternativa d\u2019entendre la pr\u00e0ctica en salut mental.<\/li>\n<li>Analitzar les implicacions del pas d\u2019un model basat en la reducci\u00f3 de s\u00edmptomes a un de basat en l\u2019acompanyament cap a una ciutadania plena.<\/li>\n<li>Identificar elements de la pr\u00e0ctica professional corresponents a les diferents dimensions de ciutadania.<\/li>\n<li>Aplicar intervencions basades en el model de ciutadania a la pr\u00e0ctica quotidiana.<\/li>\n<\/ul>\n<p style=\"text-align: center;\"><a href=\"https:\/\/www.ub.edu\/gr1p\/wp-content\/uploads\/Gonzalez_Manas_Eiroa_Orosa_2025_Ciudadania_como_Salud_Mental.pdf\">DESCARREGA EL MANUAL DEL CURS<\/a><\/p>\n<p>Acreditat per:<\/p>\n<p><img loading=\"lazy\" decoding=\"async\" class=\"alignnone wp-image-1036\" src=\"http:\/\/gr1p.cat\/wp-content\/uploads\/2021\/10\/foto_cccc-300x98.jpg\" alt=\"\" width=\"306\" height=\"100\" srcset=\"https:\/\/www.ub.edu\/gr1p\/wp-content\/uploads\/2021\/10\/foto_cccc-300x98.jpg 300w, https:\/\/www.ub.edu\/gr1p\/wp-content\/uploads\/2021\/10\/foto_cccc.jpg 470w\" sizes=\"auto, (max-width: 306px) 100vw, 306px\" \/><img loading=\"lazy\" decoding=\"async\" class=\"\" src=\"https:\/\/mpspapas.files.wordpress.com\/2012\/10\/consell-catalc3a0-de-formacic3b3-continuada-de-les-professions-sanitc3a0ries.jpg?w=348\" alt=\"Consell Catal\u00e0 de Formaci\u00f3 Continuada de les Professions Sanit\u00e0ries \u2013 mpspapas\" width=\"95\" height=\"100\" \/><\/p>\n<h4><strong>M\u00e9s enll\u00e0 de la recuperaci\u00f3, cap a una atenci\u00f3 en salut mental basada en drets<\/strong><\/h4>\n<p>Aquest curs va adre\u00e7at a professionals d&#8217;atenci\u00f3 directa en serveis de salut mental i addiccions. Consta de 4 m\u00f2duls amb una durada prevista de 8h lectives, m\u00e9s material complementari.<\/p>\n<ul>\n<li>Alternatives al diagn\u00f2stic: De les nosologies a l&#8217;experi\u00e8ncia compartida.<\/li>\n<li>Formulaci\u00f3 i establiment d&#8217;objectius: De la disminuci\u00f3 de s\u00edmptomes a la Recuperaci\u00f3.<\/li>\n<li>Atenci\u00f3 en salut mental basada en drets: pr\u00e0ctiques col\u00b7laboratives, respecte de prefer\u00e8ncies i voluntats anticipades.<\/li>\n<li>Foment del suport mutu: Integrant la figura en el sistema.<\/li>\n<\/ul>\n<p style=\"text-align: center;\"><a href=\"https:\/\/www.ub.edu\/gr1p\/wp-content\/uploads\/Eiroa_Porxas_Sanchez_2021_Mas_alla_recuperacion_alumnado.pdf\">DESCARREGA EL MANUAL DEL CURS<\/a><\/p>\n<p>Acreditat per:<\/p>\n<p><img loading=\"lazy\" decoding=\"async\" class=\"alignnone wp-image-1035\" src=\"http:\/\/gr1p.cat\/wp-content\/uploads\/2021\/10\/AEN-300x300.jpg\" alt=\"\" width=\"100\" height=\"100\" srcset=\"https:\/\/www.ub.edu\/gr1p\/wp-content\/uploads\/2021\/10\/AEN-300x300.jpg 300w, https:\/\/www.ub.edu\/gr1p\/wp-content\/uploads\/2021\/10\/AEN-150x150.jpg 150w, https:\/\/www.ub.edu\/gr1p\/wp-content\/uploads\/2021\/10\/AEN.jpg 400w\" sizes=\"auto, (max-width: 100px) 100vw, 100px\" \/> <img loading=\"lazy\" decoding=\"async\" class=\"alignnone wp-image-1036\" src=\"http:\/\/gr1p.cat\/wp-content\/uploads\/2021\/10\/foto_cccc-300x98.jpg\" alt=\"\" width=\"306\" height=\"100\" srcset=\"https:\/\/www.ub.edu\/gr1p\/wp-content\/uploads\/2021\/10\/foto_cccc-300x98.jpg 300w, https:\/\/www.ub.edu\/gr1p\/wp-content\/uploads\/2021\/10\/foto_cccc.jpg 470w\" sizes=\"auto, (max-width: 306px) 100vw, 306px\" \/><img loading=\"lazy\" decoding=\"async\" class=\"\" src=\"https:\/\/mpspapas.files.wordpress.com\/2012\/10\/consell-catalc3a0-de-formacic3b3-continuada-de-les-professions-sanitc3a0ries.jpg?w=348\" alt=\"Consell Catal\u00e0 de Formaci\u00f3 Continuada de les Professions Sanit\u00e0ries \u2013 mpspapas\" width=\"95\" height=\"100\" \/><\/p>\n<p>&nbsp;<\/p>\n<h4><strong>Formaci\u00f3 en Recuperaci\u00f3 i pr\u00e0ctiques col\u00b7laboratives<\/strong><\/h4>\n<p>Activitat orientada a oferir un espai de di\u00e0leg i reflexi\u00f3, a partir dels continguts i l&#8217;experi\u00e8ncia professional de les participants, per a facilitar la implementaci\u00f3 del canvi de model en l&#8217;atenci\u00f3 a la salut mental i addiccions en diferents dispositius o recursos.<\/p>\n<ul>\n<li>Abordatge cr\u00edtic: sistemes nosol\u00f2gics i tractaments basats en l&#8217;abordatge de s\u00edmptomes.<\/li>\n<li>El concepte de Recuperaci\u00f3, els antecedents del moviment, els seus principis i cr\u00edtiques.<\/li>\n<li>Formulaci\u00f3 i establiment d&#8217;objectius basats en la recuperaci\u00f3.<\/li>\n<li>Intervencions basades en l&#8217;exercici de la ciutadania.<\/li>\n<li>Marc legal actual, basat en suports.<\/li>\n<li>Eines per al respecte a l&#8217;autonomia en les decisions (PDA, VA, Plans de crisis)<\/li>\n<li>Model de recuperaci\u00f3 i ciutadania en recursos residencials, limitacions i fortaleses.<\/li>\n<li>Necessitats espec\u00edfiques en l&#8217;entorn laboral per a l&#8217;adaptaci\u00f3 al model de recuperaci\u00f3.<\/li>\n<\/ul>\n<p>&nbsp;<\/p>\n<h4 data-start=\"72\" data-end=\"138\"><strong data-start=\"72\" data-end=\"136\">Integraci\u00f3 del suport entre iguals en equips de salut mental<\/strong><\/h4>\n<p data-start=\"140\" data-end=\"573\">Activitat adre\u00e7ada a professionals d\u2019equips de salut mental i addiccions que vulguin incorporar de manera efectiva la figura del suport entre iguals als seus serveis. La formaci\u00f3 combina continguts te\u00f2rics i pr\u00e0ctics amb espais de reflexi\u00f3 per afavorir una implementaci\u00f3 sostenible i respectuosa amb els principis de la recuperaci\u00f3 i els drets humans. En finalitzar el curs, s\u2019espera que els equips professionals siguin capa\u00e7os de:<\/p>\n<ul>\n<li data-start=\"577\" data-end=\"670\">Recone\u0300ixer el valor afegit del suport entre iguals en la pra\u0300ctica cli\u0301nica i comunit\u00e0ria.<\/li>\n<li data-start=\"673\" data-end=\"765\">Incorporar eines pra\u0300ctiques per integrar un agent de suport entre iguals als seus equips.<\/li>\n<li data-start=\"768\" data-end=\"864\">Identificar resist\u00e8ncies i generar condicions organitzatives per a una col\u00b7laboraci\u00f3 efectiva.<\/li>\n<li data-start=\"867\" data-end=\"949\">Avaluar i adaptar l\u2019experi\u00e8ncia a les necessitats del seu context institucional.<\/li>\n<\/ul>\n<p><\/p>","protected":false},"excerpt":{"rendered":"<p>Hem contribu\u00eft a la capacitaci\u00f3 de m\u00e9s de 1000 professionals del sector per a adaptar-se al nou model d&#8217;atenci\u00f3 centrat en la [&hellip;]<\/p>\n","protected":false},"author":1,"featured_media":0,"parent":0,"menu_order":0,"comment_status":"closed","ping_status":"closed","template":"","meta":{"footnotes":""},"class_list":["post-915","page","type-page","status-publish","hentry"],"_links":{"self":[{"href":"https:\/\/www.ub.edu\/gr1p\/wp-json\/wp\/v2\/pages\/915","targetHints":{"allow":["GET"]}}],"collection":[{"href":"https:\/\/www.ub.edu\/gr1p\/wp-json\/wp\/v2\/pages"}],"about":[{"href":"https:\/\/www.ub.edu\/gr1p\/wp-json\/wp\/v2\/types\/page"}],"author":[{"embeddable":true,"href":"https:\/\/www.ub.edu\/gr1p\/wp-json\/wp\/v2\/users\/1"}],"replies":[{"embeddable":true,"href":"https:\/\/www.ub.edu\/gr1p\/wp-json\/wp\/v2\/comments?post=915"}],"version-history":[{"count":9,"href":"https:\/\/www.ub.edu\/gr1p\/wp-json\/wp\/v2\/pages\/915\/revisions"}],"predecessor-version":[{"id":2175,"href":"https:\/\/www.ub.edu\/gr1p\/wp-json\/wp\/v2\/pages\/915\/revisions\/2175"}],"wp:attachment":[{"href":"https:\/\/www.ub.edu\/gr1p\/wp-json\/wp\/v2\/media?parent=915"}],"curies":[{"name":"wp","href":"https:\/\/api.w.org\/{rel}","templated":true}]}}