{"id":917,"date":"2021-10-05T21:48:30","date_gmt":"2021-10-05T19:48:30","guid":{"rendered":"http:\/\/gr1p.cat\/?page_id=917"},"modified":"2026-03-05T11:34:25","modified_gmt":"2026-03-05T10:34:25","slug":"recerca","status":"publish","type":"page","link":"https:\/\/www.ub.edu\/gr1p\/recerca\/","title":{"rendered":"Recerca"},"content":{"rendered":"<p>Un dels objectius principals de la nostra entitat \u00e9s que la recerca contempli la perspectiva de les persones que han experimentat algun tipus d&#8217;afecci\u00f3 psicosocial. Creiem que la recerca participativa \u00e9s una eina essencial i estem compromeses amb la seva promoci\u00f3 en l&#8217;\u00e0mbit de la salut mental i addiccions.<\/p>\n<h3 style=\"text-align: center;\"><strong>Activitats formatives<\/strong><\/h3>\n<h4><strong>Formaci\u00f3 en recerca participativa<\/strong><\/h4>\n<p>Destinada a totes aquelles persones vinculades a projectes de l&#8217;\u00e0mbit de la salut mental i addiccions, especialment a aquelles implicades en recerca. Es tracta d&#8217;una formaci\u00f3 pensada per a orientar als qui pretenen incorporar la perspectiva de la primera persona en els seus projectes, o introduir la recerca participativa en les seves entitats.<\/p>\n<ul>\n<li>Els moviments de persones usu\u00e0ries: influ\u00e8ncia en l&#8217;evoluci\u00f3 hist\u00f2rica de l&#8217;atenci\u00f3 a la salut mental.<\/li>\n<li>El moviment de la Recuperaci\u00f3.<\/li>\n<li>La ciutadania com a transformaci\u00f3 dels objectius terap\u00e8utics.<\/li>\n<li>Dissenys participatius i co-recerca.<\/li>\n<li>Assajos cl\u00ednics basats en prefer\u00e8ncies.<\/li>\n<li>Coproducci\u00f3 de resultats.<\/li>\n<li>Aspectes anal\u00edtics.<\/li>\n<\/ul>\n<p>&nbsp;<\/p>\n<p>Oferim a continuaci\u00f3 una c\u00e0psula d\u00b4aquesta activitat formativa realitzada en el context dels <a href=\"https:\/\/vimeo.com\/user156469481\">Breakfast &amp; Learn<\/a> de la <a href=\"https:\/\/tecsam.org\">Xarxa TECSAM<\/a>.<\/p>\n<p>&nbsp;<\/p>\n<p><iframe loading=\"lazy\" width=\"560\" height=\"315\" src=\"https:\/\/www.youtube.com\/embed\/6Gli-kwqwpg?si=sIDcmF5lW_bCPUnI\" title=\"YouTube video player\" frameborder=\"0\" allow=\"accelerometer; autoplay; clipboard-write; encrypted-media; gyroscope; picture-in-picture; web-share\" referrerpolicy=\"strict-origin-when-cross-origin\" allowfullscreen><\/iframe><\/p>","protected":false},"excerpt":{"rendered":"<p>Un dels objectius principals de la nostra entitat \u00e9s que la recerca contempli la perspectiva de les persones que han experimentat algun [&hellip;]<\/p>\n","protected":false},"author":1,"featured_media":0,"parent":0,"menu_order":0,"comment_status":"closed","ping_status":"closed","template":"","meta":{"footnotes":""},"class_list":["post-917","page","type-page","status-publish","hentry"],"_links":{"self":[{"href":"https:\/\/www.ub.edu\/gr1p\/wp-json\/wp\/v2\/pages\/917","targetHints":{"allow":["GET"]}}],"collection":[{"href":"https:\/\/www.ub.edu\/gr1p\/wp-json\/wp\/v2\/pages"}],"about":[{"href":"https:\/\/www.ub.edu\/gr1p\/wp-json\/wp\/v2\/types\/page"}],"author":[{"embeddable":true,"href":"https:\/\/www.ub.edu\/gr1p\/wp-json\/wp\/v2\/users\/1"}],"replies":[{"embeddable":true,"href":"https:\/\/www.ub.edu\/gr1p\/wp-json\/wp\/v2\/comments?post=917"}],"version-history":[{"count":1,"href":"https:\/\/www.ub.edu\/gr1p\/wp-json\/wp\/v2\/pages\/917\/revisions"}],"predecessor-version":[{"id":2227,"href":"https:\/\/www.ub.edu\/gr1p\/wp-json\/wp\/v2\/pages\/917\/revisions\/2227"}],"wp:attachment":[{"href":"https:\/\/www.ub.edu\/gr1p\/wp-json\/wp\/v2\/media?parent=917"}],"curies":[{"name":"wp","href":"https:\/\/api.w.org\/{rel}","templated":true}]}}