{"id":206,"date":"2022-07-12T12:19:40","date_gmt":"2022-07-12T10:19:40","guid":{"rendered":"https:\/\/www.ub.edu\/gracmon\/?page_id=206"},"modified":"2023-05-23T12:11:33","modified_gmt":"2023-05-23T10:11:33","slug":"linies-de-recerca","status":"publish","type":"page","link":"https:\/\/www.ub.edu\/gracmon\/linies-de-recerca\/","title":{"rendered":"L\u00ednies de recerca"},"content":{"rendered":"<p>[et_pb_section fb_built=&#8221;1&#8243; fullwidth=&#8221;on&#8221; admin_label=&#8221;T\u00edtol&#8221; _builder_version=&#8221;4.16&#8243; _module_preset=&#8221;default&#8221; animation_style=&#8221;slide&#8221; animation_direction=&#8221;top&#8221; animation_intensity_slide=&#8221;2%&#8221; animation_starting_opacity=&#8221;100%&#8221; locked=&#8221;off&#8221; global_colors_info=&#8221;{}&#8221;][et_pb_fullwidth_post_title meta=&#8221;off&#8221; featured_image=&#8221;off&#8221; _builder_version=&#8221;4.21.0&#8243; _module_preset=&#8221;default&#8221; title_font_size=&#8221;55px&#8221; title_font_size_tablet=&#8221;55px&#8221; title_font_size_phone=&#8221;50px&#8221; title_font_size_last_edited=&#8221;on|phone&#8221; text_shadow_style=&#8221;preset5&#8243; global_colors_info=&#8221;{}&#8221;][\/et_pb_fullwidth_post_title][\/et_pb_section][et_pb_section fb_built=&#8221;1&#8243; _builder_version=&#8221;4.17.4&#8243; _module_preset=&#8221;default&#8221; global_colors_info=&#8221;{}&#8221;][et_pb_row column_structure=&#8221;2_5,3_5&#8243; _builder_version=&#8221;4.17.4&#8243; _module_preset=&#8221;default&#8221; global_colors_info=&#8221;{}&#8221; admin_label=&#8221;Arts \u00e8poca&#8230;&#8221;][et_pb_column type=&#8221;2_5&#8243; _builder_version=&#8221;4.17.4&#8243; _module_preset=&#8221;default&#8221; global_colors_info=&#8221;{}&#8221;][et_pb_image src=&#8221;https:\/\/www.ub.edu\/gracmon\/wp-content\/uploads\/2022\/11\/Riquer-paviment.jpg&#8221; title_text=&#8221;Riquer, paviment&#8221; _builder_version=&#8221;4.18.0&#8243; _module_preset=&#8221;default&#8221; global_colors_info=&#8221;{}&#8221;][\/et_pb_image][\/et_pb_column][et_pb_column type=&#8221;3_5&#8243; _builder_version=&#8221;4.17.4&#8243; _module_preset=&#8221;default&#8221; global_colors_info=&#8221;{}&#8221;][et_pb_text _builder_version=&#8221;4.18.0&#8243; _module_preset=&#8221;default&#8221; global_colors_info=&#8221;{}&#8221; admin_label=&#8221;Les arts en l\u2019\u00e8poca&#8230;.&#8221;]<\/p>\n<h2><strong>Les arts en l\u2019\u00e8poca del Modernisme i el Noucentisme<\/strong><\/h2>\n<p>Es tracta d\u2019un ampli ventall d\u2019aspectes, dins d\u2019aquest marc cronol\u00f2gic, que inclou des de l\u2019arquitectura, l\u2019escultura, la pintura, les arts decoratives i aplicades, la fotografia o les arts de l\u2019espectacle. Es t\u00e9 inter\u00e9s en aquells temes i autors poc estudiats, sobretot referents a les arts decoratives i a les arts visuals.<\/p>\n<p>[\/et_pb_text][\/et_pb_column][\/et_pb_row][et_pb_row column_structure=&#8221;3_5,2_5&#8243; _builder_version=&#8221;4.17.4&#8243; _module_preset=&#8221;default&#8221; global_colors_info=&#8221;{}&#8221; admin_label=&#8221;Art i natura&#8221;][et_pb_column type=&#8221;3_5&#8243; _builder_version=&#8221;4.17.4&#8243; _module_preset=&#8221;default&#8221; global_colors_info=&#8221;{}&#8221;][et_pb_text _builder_version=&#8221;4.18.0&#8243; _module_preset=&#8221;default&#8221; global_colors_info=&#8221;{}&#8221;]<\/p>\n<h2><strong>Art i natura<br \/><\/strong><\/h2>\n<p>L\u2019estudi i an\u00e0lisi de la relaci\u00f3 de la naturalesa i les arts \u00e9s un dels camps interdisciplinaris que tant pel que fa als repertoris decoratius com a temes de forma i funci\u00f3 arquitect\u00f2nica \u00e9s un dels camps de recerca del grup.<\/p>\n<p>[\/et_pb_text][\/et_pb_column][et_pb_column type=&#8221;2_5&#8243; _builder_version=&#8221;4.17.4&#8243; _module_preset=&#8221;default&#8221; global_colors_info=&#8221;{}&#8221;][et_pb_image src=&#8221;https:\/\/www.ub.edu\/gracmon\/wp-content\/uploads\/2023\/04\/Art-i-natura-2014-f.jpg&#8221; title_text=&#8221;Art i natura 2014 f&#8221; _builder_version=&#8221;4.19.1&#8243; _module_preset=&#8221;default&#8221; global_colors_info=&#8221;{}&#8221;][\/et_pb_image][\/et_pb_column][\/et_pb_row][et_pb_row column_structure=&#8221;2_5,3_5&#8243; _builder_version=&#8221;4.17.4&#8243; _module_preset=&#8221;default&#8221; global_colors_info=&#8221;{}&#8221; admin_label=&#8221;Hist\u00f2ria&#8230;&#8221;][et_pb_column type=&#8221;2_5&#8243; _builder_version=&#8221;4.17.4&#8243; _module_preset=&#8221;default&#8221; global_colors_info=&#8221;{}&#8221;][et_pb_image src=&#8221;https:\/\/www.ub.edu\/gracmon\/wp-content\/uploads\/2022\/11\/2014-Formacio-Sistema-Disseny-1.jpeg&#8221; title_text=&#8221;2014 Formacio Sistema Disseny&#8221; _builder_version=&#8221;4.18.0&#8243; _module_preset=&#8221;default&#8221; global_colors_info=&#8221;{}&#8221;][\/et_pb_image][\/et_pb_column][et_pb_column type=&#8221;3_5&#8243; _builder_version=&#8221;4.17.4&#8243; _module_preset=&#8221;default&#8221; global_colors_info=&#8221;{}&#8221;][et_pb_text _builder_version=&#8221;4.18.0&#8243; _module_preset=&#8221;default&#8221; global_colors_info=&#8221;{}&#8221;]<\/p>\n<h2><strong>Hist\u00f2ria i teoria del disseny<\/strong><\/h2>\n<p>Es treballa sobre la hist\u00f2ria i la cultura del disseny a Catalunya, des de m\u00faltiples aspectes com la identitat del disseny catal\u00e0, la teoria i la metodologia, l\u2019est\u00e8tica i la fenomenologia. Es fa una revisi\u00f3 de la hist\u00f2ria contempor\u00e0nia del disseny centrada en tres eixos: els sectors productius, els sistemes de consum i mediaci\u00f3 i l\u2019evoluci\u00f3 del discurs sobre el disseny a trav\u00e9s dels debats de les \u00faltimes d\u00e8cades.<\/p>\n<p>[\/et_pb_text][\/et_pb_column][\/et_pb_row][et_pb_row column_structure=&#8221;3_5,2_5&#8243; _builder_version=&#8221;4.17.4&#8243; _module_preset=&#8221;default&#8221; global_colors_info=&#8221;{}&#8221; admin_label=&#8221;Ciutat&#8221;][et_pb_column type=&#8221;3_5&#8243; _builder_version=&#8221;4.17.4&#8243; _module_preset=&#8221;default&#8221; global_colors_info=&#8221;{}&#8221;][et_pb_text _builder_version=&#8221;4.18.0&#8243; _module_preset=&#8221;default&#8221; global_colors_info=&#8221;{}&#8221;]<\/p>\n<h2><strong>La ciutat de Barcelona\/entre ciutats<\/strong><\/h2>\n<p>S\u2019estudia el paisatge cultural de la ciutat de Barcelona en comparaci\u00f3 amb altres ciutats europees i d\u2019Iberoam\u00e8rica, dins del context de la construcci\u00f3 de la metr\u00f2poli moderna, en una cronologia situada entre exposicions (Universal de Barcelona del 1888 i Internacional del 1929). S\u2019analitzen les arts i els elements art\u00edstics que singularitzen els espais urbans des de diferents punts de vista que ens ajuden a comprendre millor la dimensi\u00f3 paisag\u00edstica de la ciutat. L\u2019estudi del paisatge cultural s\u2019assimila als estudis d\u2019hist\u00f2ria cultural, que tenen en com\u00fa la preocupaci\u00f3 per all\u00f2 simb\u00f2lic i la seva interpretaci\u00f3.<\/p>\n<p>[\/et_pb_text][\/et_pb_column][et_pb_column type=&#8221;2_5&#8243; _builder_version=&#8221;4.17.4&#8243; _module_preset=&#8221;default&#8221; global_colors_info=&#8221;{}&#8221;][et_pb_image src=&#8221;https:\/\/www.ub.edu\/gracmon\/wp-content\/uploads\/2022\/11\/Entre-ciudades.jpg&#8221; title_text=&#8221;Entre-ciudades&#8221; _builder_version=&#8221;4.19.1&#8243; _module_preset=&#8221;default&#8221; global_colors_info=&#8221;{}&#8221;][\/et_pb_image][\/et_pb_column][\/et_pb_row][\/et_pb_section]<\/p>\n","protected":false},"excerpt":{"rendered":"<p>Les arts en l\u2019\u00e8poca del Modernisme i el Noucentisme Es tracta d\u2019un ampli ventall d\u2019aspectes, dins d\u2019aquest marc cronol\u00f2gic, que inclou des de l\u2019arquitectura, l\u2019escultura, la pintura, les arts decoratives i aplicades, la fotografia o les arts de l\u2019espectacle. Es t\u00e9 inter\u00e9s en aquells temes i autors poc estudiats, sobretot referents a les arts decoratives [&hellip;]<\/p>\n","protected":false},"author":1,"featured_media":0,"parent":0,"menu_order":0,"comment_status":"closed","ping_status":"closed","template":"","meta":{"_et_pb_use_builder":"on","_et_pb_old_content":"","_et_gb_content_width":""},"_links":{"self":[{"href":"https:\/\/www.ub.edu\/gracmon\/wp-json\/wp\/v2\/pages\/206"}],"collection":[{"href":"https:\/\/www.ub.edu\/gracmon\/wp-json\/wp\/v2\/pages"}],"about":[{"href":"https:\/\/www.ub.edu\/gracmon\/wp-json\/wp\/v2\/types\/page"}],"author":[{"embeddable":true,"href":"https:\/\/www.ub.edu\/gracmon\/wp-json\/wp\/v2\/users\/1"}],"replies":[{"embeddable":true,"href":"https:\/\/www.ub.edu\/gracmon\/wp-json\/wp\/v2\/comments?post=206"}],"version-history":[{"count":0,"href":"https:\/\/www.ub.edu\/gracmon\/wp-json\/wp\/v2\/pages\/206\/revisions"}],"wp:attachment":[{"href":"https:\/\/www.ub.edu\/gracmon\/wp-json\/wp\/v2\/media?parent=206"}],"curies":[{"name":"wp","href":"https:\/\/api.w.org\/{rel}","templated":true}]}}