{"id":293,"date":"2022-07-12T17:43:22","date_gmt":"2022-07-12T15:43:22","guid":{"rendered":"https:\/\/www.ub.edu\/gracmon\/?page_id=293"},"modified":"2026-03-24T11:45:10","modified_gmt":"2026-03-24T09:45:10","slug":"tesis-doctorals","status":"publish","type":"page","link":"https:\/\/www.ub.edu\/gracmon\/tesis-doctorals\/","title":{"rendered":"Tesis Doctorals"},"content":{"rendered":"<p>[et_pb_section fb_built=&#8221;1&#8243; fullwidth=&#8221;on&#8221; admin_label=&#8221;T\u00edtol&#8221; _builder_version=&#8221;4.16&#8243; _module_preset=&#8221;default&#8221; animation_style=&#8221;slide&#8221; animation_direction=&#8221;top&#8221; animation_intensity_slide=&#8221;2%&#8221; animation_starting_opacity=&#8221;100%&#8221; locked=&#8221;off&#8221; global_colors_info=&#8221;{}&#8221;][et_pb_fullwidth_post_title meta=&#8221;off&#8221; featured_image=&#8221;off&#8221; _builder_version=&#8221;4.17.4&#8243; _module_preset=&#8221;default&#8221; title_font_size=&#8221;55px&#8221; text_shadow_style=&#8221;preset5&#8243; global_colors_info=&#8221;{}&#8221;][\/et_pb_fullwidth_post_title][\/et_pb_section][et_pb_section fb_built=&#8221;1&#8243; _builder_version=&#8221;4.17.4&#8243; _module_preset=&#8221;default&#8221; global_colors_info=&#8221;{}&#8221;][et_pb_row _builder_version=&#8221;4.17.4&#8243; _module_preset=&#8221;default&#8221; collapsed=&#8221;off&#8221; global_colors_info=&#8221;{}&#8221;][et_pb_column type=&#8221;4_4&#8243; _builder_version=&#8221;4.17.4&#8243; _module_preset=&#8221;default&#8221; global_colors_info=&#8221;{}&#8221;][et_pb_text _builder_version=&#8221;4.21.0&#8243; _module_preset=&#8221;default&#8221; hover_enabled=&#8221;0&#8243; global_colors_info=&#8221;{}&#8221; admin_label=&#8221;Texto&#8221; sticky_enabled=&#8221;0&#8243;]<\/p>\n<h2>En curs<\/h2>\n<p>Nayara FERNANDES. <strong>La experiencia del exilio a trav\u00e9s de las lentes de Marcel Gir\u00f3: una investigaci\u00f3n sobre las relaciones entre la fotograf\u00eda brasile\u00f1a y catalana en el siglo XX.<\/strong> Directores: N\u00faria Peist (UB) i N\u00faria F. Rius (UPF). Universitat de Barcelona (en curs).<\/p>\n<p>Jos\u00e9 Ignacio CARRILLO MART\u00cdNEZ. <strong>Interiores de artistas musealizados. Casas-Museo de Catalu\u00f1a. Desde el movimiento de la Renaixen\u00e7a hasta nuestros d\u00edas.<\/strong> Directors: Teresa-M. Sala i Xavier Roig\u00e9. Universitat de Barcelona (en curs).<\/p>\n<p>Nerea HERN\u00c1NDEZ. <strong>Antoni Caba i la pintura acad\u00e8mica a la Catalunya del segle XIX: instituci\u00f3, pr\u00e0ctica i recepci\u00f3.<\/strong> Directora: Cristina Rodr\u00edguez-Samaniego. Universitat de Barcelona.<\/p>\n<p>Xavier SOLER. <strong>Josep Maria Barnadas i Mestres i l&#8217;escultura aplicada a l&#8217;arquitectura a Catalunya (1888-1929).<\/strong> Directors: Cristina Rodr\u00edguez Samaniego i F\u00e0tima L\u00f3pez Perez. (en curs).<\/p>\n<p>Esther DORADO LADERA. <strong>Actuacions d&#8217;acabament i reforma de les grans parr\u00f2quies g\u00f2tiques de la ciutat de Barcelona. El neog\u00f2tic a Santa Maria del Mar, Santa Maria del Pi i Sants M\u00e0rtirs Just i Pastor.<\/strong>\u00a0(T\u00edtol provisional): Directors: Joan Molet i Jacobo Vidal. Universitat de Barcelona. (en curs).<\/p>\n<p>Anna HERN\u00c1NDEZ TUDELA. <strong>L&#8217;arquitecte Joan Amig\u00f3 Barriga<\/strong> (t\u00edtol provisional). Directors: Joan Molet i Judith Urbano (UIC). Universitat Polit\u00e8cnica de Catalunya. (en curs).<\/p>\n<p>Mart\u00ed CARBONELL CATAL\u00c0. <strong>Arquitectura dom\u00e8stica del XIX.<\/strong> (t\u00edtol provisional). Director: Joan Molet. Universitat de Barcelona. (en curs).<\/p>\n<p>Paloma Cristina JIM\u00c9NEZ VEGA. <strong>El esdevenir de los lenguajes ornamentales europeos en cuatro ejemplos de arquitectura Art Nouveau y la ense\u00f1anza de la ornamentaci\u00f3n en la Ciudad de M\u00e9xico.<\/strong> Directors: Dra. Irma Patricia D\u00edaz Cayeros, Dra. F\u00e0tima L\u00f3pez P\u00e9rez i Mtra. Berta Tello Pe\u00f3n. Universidad Nacional Aut\u00f3noma de Mexico. (en curs 2026).<\/p>\n<p>Dido CARRE\u00d1O MU\u00d1IZ. <strong>Desarrollo de un modelo de visi\u00f3n artificial para la identificaci\u00f3n de especies vegetales en obras pict\u00f3ricas. Caso de uso: el modernismo catal\u00e1n<\/strong>. Directors: F\u00e0tima L\u00f3pez P\u00e9rez i Antoni Grau Saldes, Teresa-M. Sala (tutora). Universitat de Barcelona. (en curs 2029).<\/p>\n<p>Vera RENAU . <strong>El reconeixemnet d\u2019artistes catalans del primer ter\u00e7 del segle XX: estudi de casos i mediaci\u00f3 en el sistema art\u00edstic de la modernitat.<\/strong> Directors: Vicen\u00e7 Furi\u00f3 i Nuria Peist. Universitat de Barcelona (en curs).<\/p>\n<p>Ester GALLEGOS. <strong>Tr\u00e1nsitos intercontinentales: el artista peruano Carlos Baca-Flor y sus conexiones con la est\u00e9tica finisecular europea (1892-1919).<\/strong> Directora: Irene Gras. Universitat de Barcelona (en curs).<\/p>\n<p>Judith FAURA GONZ\u00c1LEZ. <strong>La aspiraci\u00f3n al lirismo en las ilustraciones de Francisco Bores (1898-1972): an\u00e1lisis de la obra gr\u00e1fica<\/strong><em>. <\/em>Directores: Cristina Rodr\u00edguez i Irene Gras. Universitat de Barcelona (en curs).<\/p>\n<p>&nbsp;<\/p>\n<h2>2023<\/h2>\n<p>C\u00e8lia CUENCA. <strong>La mirada \u00f3ptica. Espect\u00e1culos visuales y dispositivos \u00f3pticos en la Espa\u00f1a de los siglos XVIII y XIX. Arqueolog\u00eda de una cultura visual y material mediada a trav\u00e9s de la colecci\u00f3n de vistas \u00f3pticas del Museo del Cine de Girona.<\/strong> Directora: Teresa-M. Sala. Universitat de Barcelona. 2023.<\/p>\n<h2>\u00a0<\/h2>\n<h2>2021<\/h2>\n<p>Olga MARTI\u0301NEZ FAUS<strong><em>. Ple\u0300iades de metall. Julio Gonza\u0301lez, Pablo Gargallo, Pablo Picasso i l\u2019escultura meta\u0300l\u00b7lica no fosa entre Barcelona i Pari\u0301s (1876-1942).<\/em><\/strong> Directora: Cristina Rodr\u00edguez-Samaniego. Universidad de Barcelona. 2021.<\/p>\n<h2>2020<\/h2>\n<p>Esther BAR\u00d3N. <strong>El marxant Joan Merli i Pahissa (1901-1995) i el seu paper en la difusio\u0301 i promocio\u0301 de l\u2019art modern dels anys vint i trenta = El marchante Joan Merli i Pahissa (1901-1995) y su rol en la difusio\u0301n y promocio\u0301n del arte moderno de los an\u0303os veinte y treinta<\/strong><em>.<\/em> Directora: Cristina Rodr\u00edguez-Samaniego. Universidad de Barcelona. 2020.<\/p>\n<p>Clara BELTR\u00c1N CATAL\u00c1N. <strong>Oleguer Junyent i Sans, pintor-escen\u00f3grafo. Entre la tradici\u00f3n y la modernidad (1899-1936)<\/strong><em>. <\/em>Directora: Teresa-M. Sala. Universidad de Barcelona. 2020.<\/p>\n<p>Pablo S\u00c1NCHEZ. <strong>Arte y Ciudad: Alicante 1894-1936.<\/strong> Directores: Amadeo Serra y Teresa-M. Sala. Universidad de Valencia. 2020.<\/p>\n<h2>2018<\/h2>\n<p>Elina NORANDI. <strong>Tr\u00e1nsitos entre Par\u00eds y Barcelona en la primera mitad del siglo XX: obra y trayectoria de Olga Sacharoff.<\/strong> Directores: Teresa-M. Sala i Mar\u00eda-Milagros Rivera. Universitat de Barcelona. 2018.<\/p>\n<h2>2017<\/h2>\n<p>Laura MERCADER. <strong>En un principi era\u2026 Dibuix, figura i m\u00e0scara en l\u2019obra d\u2019Eugeni d\u2019Ors.<\/strong> Directora: Mireia Freixa. Universitat de Barcelona. 2017.<\/p>\n<h2>2016<\/h2>\n<p>Nat\u00e0lia ESQUINAS. <strong>Josep Llimona i el seu taller.<\/strong> Directora: cristina Rodr\u00edguez Samaniego. Universitat de Barcelona. 2016.<\/p>\n<p>Daniel PIFARR\u00c9. <strong>Els esgrafiats del Modernisme a Barcelona. Obres i repertoris ornamentals.<\/strong> Directora: Teresa-M. Sala. Universitat de Barcelona. 2016.<\/p>\n<p>Sergio FUENTES MIL\u00c0. <strong><em>Jos\u00e9 Dom\u00e9nech y Estap\u00e1 (1858-1917). Eclecticismo, arquitectura y modernidad.<\/em><\/strong> Directors: Joan Molet i Isabel Coll. Universitat de Barcelona. 2016.<\/p>\n<p>Eduard VALL\u00c8S. <strong>La influ\u00e8ncia de l\u2019art catal\u00e0 sobre Picasso a trav\u00e9s de dues generacions: Santiago Rusi\u00f1ol i Isidre Nonell com a paradigmes (1897-1904).<\/strong> Directora: Mireia Freixa. Universitat de Barcelona. 2016.<\/p>\n<p>Aitor QUINEY. <strong>Josep Triad\u00f3 Mayol (Barcelona 1870-1929).<\/strong> Directora: Teresa-M. Sala. Universitat de Barcelona. 2016.<\/p>\n<p>Juan Carlos BEJARANO. <strong>Iconos del yo. El autorretarto y la imagen del artista en Catalu\u00f1a bajo la influencia del simbolismo (1888-1910).<\/strong> Directora: Teresa-M. Sala. Universitat de Barcelona. 2016.<\/p>\n<p>Maria Catalina FERRER. <strong>El mite de l\u2019Illa Blanca: les imatges d\u2019Eivissa (1867-1919).<\/strong> Directora: Teresa-M. Sala. Universitat de Barcelona. 2016.<\/p>\n<h2>2015<\/h2>\n<p>Pau MEDRANO BIGAS. <strong>Los a\u00f1os olvidados de Bibendum. La etapa americana de Michelin en Milltown. Dise\u00f1o, ilustraci\u00f3n y publicidad en las compa\u00f1\u00edas del neum\u00e1tico (1900-1930).<br \/><\/strong>Directora: Anna Calvera. Universitat de Barcelona. 2015.<\/p>\n<p>Isabel CAMPl. <strong>Dise\u00f1o de producto en o XX: Un experimento narrativo.<\/strong> Directora: Anna Calvera. Universidad de Barcelona. 2015.<\/p>\n<p>Pilar CANO. <strong>Higiene y confort en los interiores dom\u00e9sticos del \u201cEixample\u201d de Barcelona (1888-1917). <\/strong>Directora: Mireia Freixa. Universitat de Barcelona. 2015.<\/p>\n<p>Marta SALIN\u00c9. <strong>El mosaic modernista a Catalunya (1888-1929) de la m\u00e0 de Llu\u00eds Bru i Salelles i l\u2019obra de Llu\u00eds Dom\u00e8nench i Montaner<\/strong>. Directora: Mireia Freixa. Universitat de Barcelona. 2015.<\/p>\n<p>Maria \u00c0ngels FORTEA. <strong>El Pop a la manera del disseny gr\u00e0fica catal\u00e0. El descobriment Pop del passat: dissenyadors-col.leccionistes<\/strong>. Directora: Anna Calvera. Universitat de Barcelona. 2015.<\/p>\n<h2>2013<\/h2>\n<p>Mar\u00eda OJUEL SOLSONA. <strong>Las exposiciones municipales de bellas artes e industrias art\u00edsticas de Barcelona (1888-1907)<\/strong><em>. <\/em>Directora: Mireia Freixa. Universitat de Barcelona. 2013.<\/p>\n<p>M\u00f2nica GIN\u00c9S BLASI. <strong>El col\u00b7leccionisme entre Catalunya i la Xina (1876-1895).<\/strong> Directora: Mireia Freixa. Universitat de Barcelona. 2013.<\/p>\n<p>Laura CASAL VALLS. <strong>La figura de la modista y los inicios de la alta costura en Barcelona: trayectoria profesional y producci\u00f3n de indumentaria femenina<\/strong><em>. <\/em>Directora: Mireia Freixa. Universitat de Barcelona, 2013.<\/p>\n<p>N\u00faria GIL FARR\u00c9. <strong>El taller de vitralls modernistes: Rigalt, Granell &amp; Cia (1890-1931).<\/strong> Directora: Mireia Freixa. Universitat de Barcelona. 2013.<\/p>\n<h2>2012<\/h2>\n<p>Teresa NAVAS. <strong>Planificaci\u00f3, construcci\u00f3 i mobilitat: la modernitzaci\u00f3 de la xarxa vi\u00e0ria a la regi\u00f3 de Barcelona. <\/strong>Directors: Mireia Freixa i Jaume Font. Universitat de Barcelona. 2012.<\/p>\n<p>Sofia ISUS. <strong>Josep Granyer (escultura i obra).<\/strong> Directora: Alicia Su\u00e1rez. Universitat de Barcelona. \u00a02012.<\/p>\n<p>Pere CAPELL\u00c0.\u00a0 <strong>Les joguines i les seves imatges en temps del modernisme. Barcelona-Palma i el model de Par\u00eds. <\/strong>Directora: Teresa-M. Sala. Universitat de Barcelona. 2012.<\/p>\n<p>F\u00e0tima L\u00d3PEZ. <strong>Ornamentaci\u00f3 vegetal i arquitectures de l\u2019oci a la Barcelona del 1900.<\/strong> Directora:\u00a0 Teresa-M. Sala. Universitat de Barcelona. 2012.<\/p>\n<h2>2011<\/h2>\n<p>Judith URBANO. <strong>L&#8217;arquitecte August Font (1845-1924).<\/strong> Directora\u00a0: Mireia Freixa. Universitat de Barcelona. 2011.<\/p>\n<p>Maria Barbara MARCHI. <strong>El Cercle de Sant Lluch 1893-2009: una hist\u00f2ria referent per la cultura barcelonina. <\/strong>Directora: Merc\u00e8 Vidal. Universitat de Barcelona. 2011.<\/p>\n<p>N\u00faria F. RIUS. <strong>Pau Audouard, fot\u00f2graf retratista de Barcelona. De la reputaci\u00f3 a l\u2019oblit (1856-1918). <\/strong>Directora: Teresa-M. Sala. Universitat de Barcelona. 2011.<\/p>\n<p>Hel\u00b7lena BARBOSA. <strong>Una hist\u00f3ria do design do cartaz portugu\u00eas do s\u00e9c.\u00a0 XVII ao s\u00e9c. XX.<\/strong> Directors: Anna Calvera i Vasco Branco (Universidade Aveiro). Universitat de Barcelona. 2011.<\/p>\n<p>Isabel FABREGATl. <strong>Ramon Pichot Giron\u00e8s (Barcelona 1871-Par\u00eds 1925).<\/strong> Directora: Alicia Su\u00e0rez. Universitat de Barcelona. 2011.<\/p>\n<h2>2010<\/h2>\n<p>Ottobrina VOCCOLI. <strong>La rinascita dell\u2019arte musiva in epoca moderna in Europa. La tradizione del mosaico in Italia, in Spagna e in Inghilterra.<\/strong> Directora: Mireia Freixa. Universitat de Barcelona. 2010.<\/p>\n<p>Ricard BRU<strong><em>. La pres\u00e8ncia del Jap\u00f3 a Barcelona fins a l\u2019Exposici\u00f3 Universal de 1888.<\/em><\/strong> Directora: Teresa-M. Sala. Universitat de Barcelona.\u00a0 2010.<\/p>\n<p>Irene GRAS. <strong>El decadentisme a Catalunya: interrelacions entre art i literatura.<\/strong> Directora: Teresa-M. Sala. Universitat de Barcelona. 2010.<\/p>\n<p>Antoni GALM\u00c9S. <strong>El teatre de putxinel.lis a Catalunya<\/strong><em>.<\/em> Director: Enric Ciurans. Universitat de Barcelona. 2010.<\/p>\n<p>Agust\u00edn C\u00d3COLA. <strong>El Barrio G\u00f3tico de Barcelona. Planificaci\u00f3n del pasado e imagen de marca.<\/strong> Director: Joan Molet. Universitat de Barcelona. 2010.<\/p>\n<p>Soledad LIA\u00d1O. <strong>Joan Rubi\u00f3 i Bellver en Mallorca. Arquitectura y Teor\u00eda.<\/strong> Directors: Mireia Freixa i Joan Domenge. Universitat de Barcelona. 2010.<\/p>\n<h2>2009<\/h2>\n<p>Daniel CID. <strong>Cases-Museu, intimitats revelades.<\/strong> Directora: Teresa-M. Sala. Universitat de Barcelona. 2009.<\/p>\n<h2>2008<\/h2>\n<p>Rosa POVEDANO I FERR\u00c9. <strong>Hist\u00f2ria de vida dels objectes. Aportacions del m\u00e8tode biogr\u00e0fic als estudis culturals del disseny: Hist\u00f2ria de vida de la batedora el\u00e8ctrica de bra\u00e7.<\/strong> Directors: Joan Pujadas (Universitat Rovira i Virgili) i Anna Calvera. Universitat Rovira i Virgili (Tarragona) i Universitat de Barcelona. 2008.<\/p>\n<h2>2006<\/h2>\n<p>Crsitina RODR\u00cdGUEZ SAMANIEGO. <strong>Joaquim Claret, escultor de la Mediterr\u00e0nia<\/strong><em>. <\/em>Directora: Merc\u00e8 Vidal. Universitat de Barcelona. 2006.<\/p>\n<h2>2000<\/h2>\n<p>Rossend CASANOVA. <strong>El Castell dels Tres Dragons. De Caf\u00e8-Restaurant a Museu de Zoologia (1887-2000). <\/strong>Directora: Mireia Freixa. Universitat de Barcelona. 2000.<\/p>\n<p>[\/et_pb_text][\/et_pb_column][\/et_pb_row][\/et_pb_section]<\/p>\n","protected":false},"excerpt":{"rendered":"<p>En curs Nayara FERNANDES. La experiencia del exilio a trav\u00e9s de las lentes de Marcel Gir\u00f3: una investigaci\u00f3n sobre las relaciones entre la fotograf\u00eda brasile\u00f1a y catalana en el siglo XX. Directores: N\u00faria Peist (UB) i N\u00faria F. Rius (UPF). Universitat de Barcelona (en curs). Jos\u00e9 Ignacio CARRILLO MART\u00cdNEZ. Interiores de artistas musealizados. Casas-Museo de [&hellip;]<\/p>\n","protected":false},"author":1,"featured_media":0,"parent":0,"menu_order":0,"comment_status":"closed","ping_status":"closed","template":"","meta":{"_et_pb_use_builder":"on","_et_pb_old_content":"","_et_gb_content_width":""},"_links":{"self":[{"href":"https:\/\/www.ub.edu\/gracmon\/wp-json\/wp\/v2\/pages\/293"}],"collection":[{"href":"https:\/\/www.ub.edu\/gracmon\/wp-json\/wp\/v2\/pages"}],"about":[{"href":"https:\/\/www.ub.edu\/gracmon\/wp-json\/wp\/v2\/types\/page"}],"author":[{"embeddable":true,"href":"https:\/\/www.ub.edu\/gracmon\/wp-json\/wp\/v2\/users\/1"}],"replies":[{"embeddable":true,"href":"https:\/\/www.ub.edu\/gracmon\/wp-json\/wp\/v2\/comments?post=293"}],"version-history":[{"count":10,"href":"https:\/\/www.ub.edu\/gracmon\/wp-json\/wp\/v2\/pages\/293\/revisions"}],"predecessor-version":[{"id":1573,"href":"https:\/\/www.ub.edu\/gracmon\/wp-json\/wp\/v2\/pages\/293\/revisions\/1573"}],"wp:attachment":[{"href":"https:\/\/www.ub.edu\/gracmon\/wp-json\/wp\/v2\/media?parent=293"}],"curies":[{"name":"wp","href":"https:\/\/api.w.org\/{rel}","templated":true}]}}