{"id":3762,"date":"2024-09-27T10:33:30","date_gmt":"2024-09-27T10:33:30","guid":{"rendered":"https:\/\/www.ub.edu\/gracpe\/?page_id=3762"},"modified":"2024-09-27T10:47:25","modified_gmt":"2024-09-27T10:47:25","slug":"llistat-jaciments-promac","status":"publish","type":"page","link":"https:\/\/www.ub.edu\/gracpe\/llistat-jaciments-promac\/","title":{"rendered":"Llistat jaciments PROMAC"},"content":{"rendered":"\t\t<div data-elementor-type=\"wp-page\" data-elementor-id=\"3762\" class=\"elementor elementor-3762\" data-elementor-settings=\"{&quot;ha_cmc_init_switcher&quot;:&quot;no&quot;}\" data-elementor-post-type=\"page\">\n\t\t\t\t<div data-pa-eq-height=\"{&quot;targetType&quot;:&quot;widget&quot;,&quot;target&quot;:&quot;&quot;,&quot;trigger&quot;:&quot;load&quot;,&quot;enableOn&quot;:[&quot;desktop&quot;,&quot;tablet&quot;,&quot;mobile&quot;]}\" class=\"elementor-element elementor-element-b74cb11 premium-equal-height-yes e-flex e-con-boxed wpr-particle-no wpr-jarallax-no wpr-parallax-no wpr-sticky-section-no wpr-equal-height-no e-con e-parent\" data-id=\"b74cb11\" data-element_type=\"container\" data-e-type=\"container\" data-settings=\"{&quot;background_background&quot;:&quot;classic&quot;,&quot;shape_divider_top&quot;:&quot;mountains&quot;,&quot;premium_eq_height_switcher&quot;:&quot;yes&quot;,&quot;_ha_eqh_enable&quot;:false}\">\n\t\t\t\t\t<div class=\"e-con-inner\">\n\t\t\t\t<div class=\"elementor-shape elementor-shape-top\" aria-hidden=\"true\" data-negative=\"false\">\n\t\t\t<svg xmlns=\"http:\/\/www.w3.org\/2000\/svg\" viewBox=\"0 0 1000 100\" preserveAspectRatio=\"none\">\n\t<path class=\"elementor-shape-fill\" opacity=\"0.33\" d=\"M473,67.3c-203.9,88.3-263.1-34-320.3,0C66,119.1,0,59.7,0,59.7V0h1000v59.7 c0,0-62.1,26.1-94.9,29.3c-32.8,3.3-62.8-12.3-75.8-22.1C806,49.6,745.3,8.7,694.9,4.7S492.4,59,473,67.3z\"\/>\n\t<path class=\"elementor-shape-fill\" opacity=\"0.66\" d=\"M734,67.3c-45.5,0-77.2-23.2-129.1-39.1c-28.6-8.7-150.3-10.1-254,39.1 s-91.7-34.4-149.2,0C115.7,118.3,0,39.8,0,39.8V0h1000v36.5c0,0-28.2-18.5-92.1-18.5C810.2,18.1,775.7,67.3,734,67.3z\"\/>\n\t<path class=\"elementor-shape-fill\" d=\"M766.1,28.9c-200-57.5-266,65.5-395.1,19.5C242,1.8,242,5.4,184.8,20.6C128,35.8,132.3,44.9,89.9,52.5C28.6,63.7,0,0,0,0 h1000c0,0-9.9,40.9-83.6,48.1S829.6,47,766.1,28.9z\"\/>\n<\/svg>\t\t<\/div>\n\t\t<div data-pa-eq-height=\"{&quot;targetType&quot;:&quot;widget&quot;,&quot;target&quot;:&quot;&quot;,&quot;trigger&quot;:&quot;load&quot;,&quot;enableOn&quot;:[&quot;desktop&quot;,&quot;tablet&quot;,&quot;mobile&quot;]}\" class=\"elementor-element elementor-element-81d6a13 e-con-full premium-equal-height-yes e-flex wpr-particle-no wpr-jarallax-no wpr-parallax-no wpr-sticky-section-no wpr-equal-height-no e-con e-child\" data-id=\"81d6a13\" data-element_type=\"container\" data-e-type=\"container\" data-settings=\"{&quot;premium_eq_height_switcher&quot;:&quot;yes&quot;,&quot;_ha_eqh_enable&quot;:false}\">\n\t\t\t\t<div class=\"elementor-element elementor-element-d63a83c elementor-widget elementor-widget-heading\" data-id=\"d63a83c\" data-element_type=\"widget\" data-e-type=\"widget\" data-widget_type=\"heading.default\">\n\t\t\t\t<div class=\"elementor-widget-container\">\n\t\t\t\t\t<h2 class=\"elementor-heading-title elementor-size-default\">Protohist\u00f2ria, Mediterrani Antic i Colonitzacions  ( PR\u00d2MAC )<\/h2>\t\t\t\t<\/div>\n\t\t\t\t<\/div>\n\t\t\t\t<\/div>\n\t\t\t\t\t<\/div>\n\t\t\t\t<\/div>\n\t\t<div class=\"elementor-element elementor-element-4fb9036 e-flex e-con-boxed wpr-particle-no wpr-jarallax-no wpr-parallax-no wpr-sticky-section-no wpr-equal-height-no e-con e-parent\" data-id=\"4fb9036\" data-element_type=\"container\" data-e-type=\"container\" data-settings=\"{&quot;_ha_eqh_enable&quot;:false}\">\n\t\t\t\t\t<div class=\"e-con-inner\">\n\t\t\t\t<div class=\"elementor-element elementor-element-590a3fb elementor-widget elementor-widget-heading\" data-id=\"590a3fb\" data-element_type=\"widget\" data-e-type=\"widget\" data-widget_type=\"heading.default\">\n\t\t\t\t<div class=\"elementor-widget-container\">\n\t\t\t\t\t<h2 class=\"elementor-heading-title elementor-size-default\">Llistat jaciments PROMAC<\/h2>\t\t\t\t<\/div>\n\t\t\t\t<\/div>\n\t\t\t\t\t<\/div>\n\t\t\t\t<\/div>\n\t\t<div class=\"elementor-element elementor-element-40285d7 e-flex e-con-boxed wpr-particle-no wpr-jarallax-no wpr-parallax-no wpr-sticky-section-no wpr-equal-height-no e-con e-parent\" data-id=\"40285d7\" data-element_type=\"container\" data-e-type=\"container\" data-settings=\"{&quot;_ha_eqh_enable&quot;:false}\">\n\t\t\t\t\t<div class=\"e-con-inner\">\n\t\t<div class=\"elementor-element elementor-element-b4b6c95 e-con-full e-flex wpr-particle-no wpr-jarallax-no wpr-parallax-no wpr-sticky-section-no wpr-equal-height-no e-con e-child\" data-id=\"b4b6c95\" data-element_type=\"container\" data-e-type=\"container\" data-settings=\"{&quot;_ha_eqh_enable&quot;:false}\">\n\t\t\t\t<div class=\"elementor-element elementor-element-4b7c69d elementor-widget elementor-widget-image\" data-id=\"4b7c69d\" data-element_type=\"widget\" data-e-type=\"widget\" data-widget_type=\"image.default\">\n\t\t\t\t<div class=\"elementor-widget-container\">\n\t\t\t\t\t\t\t\t\t\t\t\t\t\t\t\t<a href=\"https:\/\/www.ub.edu\/gracpe\/wp-content\/uploads\/2024\/04\/Mapa_NE_intervencions-PROMAC.jpg\" data-elementor-open-lightbox=\"yes\" data-elementor-lightbox-title=\"Mapa_NE_intervencions-PROMAC\" data-e-action-hash=\"#elementor-action%3Aaction%3Dlightbox%26settings%3DeyJpZCI6MjUzOSwidXJsIjoiaHR0cHM6XC9cL3d3dy51Yi5lZHVcL2dyYWNwZVwvd3AtY29udGVudFwvdXBsb2Fkc1wvMjAyNFwvMDRcL01hcGFfTkVfaW50ZXJ2ZW5jaW9ucy1QUk9NQUMuanBnIn0%3D\">\n\t\t\t\t\t\t\t<img fetchpriority=\"high\" decoding=\"async\" width=\"847\" height=\"1024\" src=\"https:\/\/www.ub.edu\/gracpe\/wp-content\/uploads\/2024\/04\/Mapa_NE_intervencions-PROMAC-847x1024.jpg\" class=\"attachment-large size-large wp-image-2539\" alt=\"\" srcset=\"https:\/\/www.ub.edu\/gracpe\/wp-content\/uploads\/2024\/04\/Mapa_NE_intervencions-PROMAC-847x1024.jpg 847w, https:\/\/www.ub.edu\/gracpe\/wp-content\/uploads\/2024\/04\/Mapa_NE_intervencions-PROMAC-248x300.jpg 248w, https:\/\/www.ub.edu\/gracpe\/wp-content\/uploads\/2024\/04\/Mapa_NE_intervencions-PROMAC-768x928.jpg 768w, https:\/\/www.ub.edu\/gracpe\/wp-content\/uploads\/2024\/04\/Mapa_NE_intervencions-PROMAC.jpg 1158w\" sizes=\"(max-width: 847px) 100vw, 847px\" \/>\t\t\t\t\t\t\t\t<\/a>\n\t\t\t\t\t\t\t\t\t\t\t\t\t\t\t<\/div>\n\t\t\t\t<\/div>\n\t\t\t\t<\/div>\n\t\t<div class=\"elementor-element elementor-element-ca66ea7 e-con-full e-flex wpr-particle-no wpr-jarallax-no wpr-parallax-no wpr-sticky-section-no wpr-equal-height-no e-con e-child\" data-id=\"ca66ea7\" data-element_type=\"container\" data-e-type=\"container\" data-settings=\"{&quot;_ha_eqh_enable&quot;:false}\">\n\t\t\t\t<div class=\"elementor-element elementor-element-d2ad888 elementor-widget elementor-widget-text-editor\" data-id=\"d2ad888\" data-element_type=\"widget\" data-e-type=\"widget\" data-widget_type=\"text-editor.default\">\n\t\t\t\t<div class=\"elementor-widget-container\">\n\t\t\t\t\t\t\t\t\t<p><strong><em>La formaci\u00f3, desenvolupament i dissoluci\u00f3 de la cultura ib\u00e8rica al curs inferior de l&#8217;Ebre <\/em><\/strong><strong>CLT\/2022\/ARQ001SOLC\/179<\/strong><\/p><ol><li>Esquarterades (Ulldecona, Montsi\u00e0)<\/li><li>Castellot de la Roca Roja (Benifallet, Baix Ebre)<\/li><li>Coll del Moro (Gandesa, Terra Alta)<\/li><li>Castellet de Banyoles (Tivissa, Ribera d\u2019Ebre)<\/li><li>Coll del Moro de la Serra d\u2019Almos (Tivissa, Ribera d\u2019Ebre)<\/li><li>El Calvari (El Molar, Priorat)<\/li><li>Castellons (Flix, Ribera d\u2019Ebre)<\/li><\/ol><p><strong><em>El canvi sociocultural de Cesset\u00e0nia oriental durant la protohist\u00f2ria i l&#8217;\u00e8poca romana republicana <\/em><\/strong><strong>CLT\/2022\/<\/strong><strong>ARQ001SO\/174<\/strong><\/p><ol start=\"8\"><li>Puig del Cocodril (Subirats, Alt Pened\u00e8s)<\/li><li>Font de la Canya (Avinyonet del Pened\u00e8s, Alt Pened\u00e8s)<\/li><li>Timba de Santa B\u00e0rbara (Castellet i la Gornal, Alt Pened\u00e8s i l&#8217;Arbo\u00e7, Baix Pened\u00e8s)<\/li><li>Mota de Sant Pere (Cubelles, El Garraf)<\/li><li>Ciutadella d\u2019Alorda Park (Calafell, Baix Pened\u00e8s)<\/li><li>Masies de Sant Miquel (Banyeres del Pened\u00e8s, Baix Pened\u00e8s)<\/li><li>El Castellar (La Llacuna, Anoia)<\/li><li>Terrisseria ib\u00e8rica de la Font dels Igols (Pontons, Alt Pened\u00e8s)<\/li><li>Terrisseria de les Hortes de Cal Pons (Pontons, Alt Pened\u00e8s)<\/li><\/ol><p><strong><em>Caracter\u00edstiques i evoluci\u00f3 del poblament d\u2019\u00e8poca ib\u00e8rica (ilerg\u00e8cia oriental) i \u00e8poca romana a l\u2019Urgell<\/em><\/strong><\/p><ol start=\"17\"><li>Els Estinclells (Verd\u00fa, Urgell)<\/li><li>La Pleta (Belianes, Urgell)<\/li><\/ol><p><strong><em>Estrat\u00e8gies d\u2019ocupaci\u00f3 del territori al Solson\u00e8s i Bages (Lacet\u00e0nia) durant la protohist\u00f2ria i l\u2019antiguitat<\/em><\/strong><\/p><ol start=\"19\"><li>Anseresa (Olius, Solson\u00e8s)<\/li><li>Castellvell (Olius, Solson\u00e8s)<\/li><li>Sant Miquel de Sorba (Montmajor, Bergued\u00e0)<\/li><li>El Cogull\u00f3 (Sallent, Bages)<\/li><\/ol><p><strong>Caracterizaci\u00f3n social y funcional de los asentamientos urbanos de la Iberia septentrional PID2019-106224GB-I00<\/strong><\/p><ol start=\"23\"><li>Puig de Sant Andreu (Ullastret, Baix Empord\u00e0)<\/li><li>Burriac (Cabrera de Mar, Maresme)<\/li><li>Masies de Sant Miquel (Banyeres del Pened\u00e8s, Baix Pened\u00e8s)<\/li><li>Coll del Moro (Gandesa, Terra Alta)<\/li><li>Castellet de Banyoles (Tivissa, Ribera d\u2019Ebre)<\/li><\/ol><p><strong><em>Guerra i conflicte al nord-est de la pen\u00ednsula Ib\u00e8rica en \u00e8poca romana republicana (segles III-I aC) <\/em><\/strong><strong>CLT009\/18\/00031<\/strong><\/p><ol start=\"25\"><li>Traiguera (Baix Maestrat, Castell\u00f3)<\/li><li>Les Aixalelles (Asc\u00f3, Ribera d\u2019Ebre)<\/li><li>Prospecci\u00f3 de la batalla d\u2019<em>Ilerda<\/em> (sud del Segri\u00e0)<\/li><li>Santa Maria d\u2019Escarp (Massalcoreig, Segri\u00e0)<\/li><li>El Vilar (Valls, Alt Camp)<\/li><\/ol>\t\t\t\t\t\t\t\t<\/div>\n\t\t\t\t<\/div>\n\t\t\t\t<\/div>\n\t\t\t\t\t<\/div>\n\t\t\t\t<\/div>\n\t\t\t\t<\/div>\n\t\t","protected":false},"excerpt":{"rendered":"<p>Protohist\u00f2ria, Mediterrani Antic i Colonitzacions ( PR\u00d2MAC ) Llistat jaciments PROMAC La formaci\u00f3, desenvolupament i dissoluci\u00f3 de la cultura ib\u00e8rica al curs inferior de l&#8217;Ebre CLT\/2022\/ARQ001SOLC\/179 Esquarterades (Ulldecona, Montsi\u00e0) Castellot de la Roca Roja (Benifallet, Baix Ebre) Coll del Moro (Gandesa, Terra Alta) Castellet de Banyoles (Tivissa, Ribera d\u2019Ebre) Coll del Moro de la Serra d\u2019Almos (Tivissa, Ribera d\u2019Ebre) El Calvari (El Molar, Priorat) Castellons (Flix, Ribera d\u2019Ebre) El canvi sociocultural de Cesset\u00e0nia oriental durant la protohist\u00f2ria i l&#8217;\u00e8poca romana republicana CLT\/2022\/ARQ001SO\/174 Puig del Cocodril (Subirats, Alt Pened\u00e8s) Font de la Canya (Avinyonet del Pened\u00e8s, Alt Pened\u00e8s) Timba de Santa B\u00e0rbara (Castellet i la Gornal, Alt Pened\u00e8s i l&#8217;Arbo\u00e7, Baix Pened\u00e8s) Mota de Sant Pere (Cubelles, El Garraf) Ciutadella d\u2019Alorda Park (Calafell, Baix Pened\u00e8s) Masies de Sant Miquel (Banyeres del Pened\u00e8s, Baix Pened\u00e8s) El Castellar (La Llacuna, Anoia) Terrisseria ib\u00e8rica de la Font dels Igols (Pontons, Alt Pened\u00e8s) Terrisseria de les Hortes de Cal Pons (Pontons, Alt Pened\u00e8s) Caracter\u00edstiques i evoluci\u00f3 del poblament d\u2019\u00e8poca ib\u00e8rica (ilerg\u00e8cia oriental) i \u00e8poca romana a l\u2019Urgell Els Estinclells (Verd\u00fa, Urgell) La Pleta (Belianes, Urgell) Estrat\u00e8gies d\u2019ocupaci\u00f3 del territori al Solson\u00e8s i Bages (Lacet\u00e0nia) durant la protohist\u00f2ria i l\u2019antiguitat Anseresa (Olius, Solson\u00e8s) Castellvell (Olius, Solson\u00e8s) Sant Miquel de Sorba (Montmajor, Bergued\u00e0) El Cogull\u00f3 (Sallent, Bages) Caracterizaci\u00f3n social y funcional de los asentamientos urbanos de la Iberia septentrional PID2019-106224GB-I00 Puig de Sant Andreu (Ullastret, Baix Empord\u00e0) Burriac (Cabrera de Mar, Maresme) Masies de Sant Miquel (Banyeres del Pened\u00e8s, Baix Pened\u00e8s) Coll del Moro (Gandesa, Terra Alta) Castellet de Banyoles (Tivissa, Ribera d\u2019Ebre) Guerra i conflicte al nord-est de la pen\u00ednsula Ib\u00e8rica en \u00e8poca romana republicana (segles III-I aC) CLT009\/18\/00031 Traiguera (Baix Maestrat, Castell\u00f3) Les Aixalelles (Asc\u00f3, Ribera d\u2019Ebre) Prospecci\u00f3 de la batalla d\u2019Ilerda (sud del Segri\u00e0) Santa Maria d\u2019Escarp (Massalcoreig, Segri\u00e0) El Vilar (Valls, Alt Camp)<\/p>\n","protected":false},"author":9,"featured_media":0,"parent":0,"menu_order":0,"comment_status":"closed","ping_status":"closed","template":"elementor_header_footer","meta":{"inline_featured_image":false,"site-sidebar-layout":"no-sidebar","site-content-layout":"page-builder","ast-site-content-layout":"full-width-container","site-content-style":"default","site-sidebar-style":"default","ast-global-header-display":"","ast-banner-title-visibility":"","ast-main-header-display":"","ast-hfb-above-header-display":"","ast-hfb-below-header-display":"","ast-hfb-mobile-header-display":"","site-post-title":"disabled","ast-breadcrumbs-content":"","ast-featured-img":"disabled","footer-sml-layout":"","ast-disable-related-posts":"","theme-transparent-header-meta":"","adv-header-id-meta":"","stick-header-meta":"","header-above-stick-meta":"","header-main-stick-meta":"","header-below-stick-meta":"","astra-migrate-meta-layouts":"set","ast-page-background-enabled":"default","ast-page-background-meta":{"desktop":{"background-color":"","background-image":"","background-repeat":"repeat","background-position":"center center","background-size":"auto","background-attachment":"scroll","background-type":"","background-media":"","overlay-type":"","overlay-color":"","overlay-opacity":"","overlay-gradient":""},"tablet":{"background-color":"","background-image":"","background-repeat":"repeat","background-position":"center center","background-size":"auto","background-attachment":"scroll","background-type":"","background-media":"","overlay-type":"","overlay-color":"","overlay-opacity":"","overlay-gradient":""},"mobile":{"background-color":"","background-image":"","background-repeat":"repeat","background-position":"center center","background-size":"auto","background-attachment":"scroll","background-type":"","background-media":"","overlay-type":"","overlay-color":"","overlay-opacity":"","overlay-gradient":""}},"ast-content-background-meta":{"desktop":{"background-color":"var(--ast-global-color-5)","background-image":"","background-repeat":"repeat","background-position":"center center","background-size":"auto","background-attachment":"scroll","background-type":"","background-media":"","overlay-type":"","overlay-color":"","overlay-opacity":"","overlay-gradient":""},"tablet":{"background-color":"var(--ast-global-color-5)","background-image":"","background-repeat":"repeat","background-position":"center center","background-size":"auto","background-attachment":"scroll","background-type":"","background-media":"","overlay-type":"","overlay-color":"","overlay-opacity":"","overlay-gradient":""},"mobile":{"background-color":"var(--ast-global-color-5)","background-image":"","background-repeat":"repeat","background-position":"center center","background-size":"auto","background-attachment":"scroll","background-type":"","background-media":"","overlay-type":"","overlay-color":"","overlay-opacity":"","overlay-gradient":""}},"footnotes":""},"class_list":["post-3762","page","type-page","status-publish","hentry"],"rttpg_featured_image_url":null,"rttpg_author":{"display_name":"Soco","author_link":"https:\/\/www.ub.edu\/gracpe\/author\/soco\/"},"rttpg_comment":0,"rttpg_category":null,"rttpg_excerpt":"Protohist\u00f2ria, Mediterrani Antic i Colonitzacions ( PR\u00d2MAC ) Llistat jaciments PROMAC La formaci\u00f3, desenvolupament i dissoluci\u00f3 de la cultura ib\u00e8rica al curs inferior de l&#8217;Ebre CLT\/2022\/ARQ001SOLC\/179 Esquarterades (Ulldecona, Montsi\u00e0) Castellot de la Roca Roja (Benifallet, Baix Ebre) Coll del Moro (Gandesa, Terra Alta) Castellet de Banyoles (Tivissa, Ribera d\u2019Ebre) Coll del Moro de la Serra&hellip;","_links":{"self":[{"href":"https:\/\/www.ub.edu\/gracpe\/wp-json\/wp\/v2\/pages\/3762","targetHints":{"allow":["GET"]}}],"collection":[{"href":"https:\/\/www.ub.edu\/gracpe\/wp-json\/wp\/v2\/pages"}],"about":[{"href":"https:\/\/www.ub.edu\/gracpe\/wp-json\/wp\/v2\/types\/page"}],"author":[{"embeddable":true,"href":"https:\/\/www.ub.edu\/gracpe\/wp-json\/wp\/v2\/users\/9"}],"replies":[{"embeddable":true,"href":"https:\/\/www.ub.edu\/gracpe\/wp-json\/wp\/v2\/comments?post=3762"}],"version-history":[{"count":11,"href":"https:\/\/www.ub.edu\/gracpe\/wp-json\/wp\/v2\/pages\/3762\/revisions"}],"predecessor-version":[{"id":3774,"href":"https:\/\/www.ub.edu\/gracpe\/wp-json\/wp\/v2\/pages\/3762\/revisions\/3774"}],"wp:attachment":[{"href":"https:\/\/www.ub.edu\/gracpe\/wp-json\/wp\/v2\/media?parent=3762"}],"curies":[{"name":"wp","href":"https:\/\/api.w.org\/{rel}","templated":true}]}}