{"id":2915,"date":"2021-11-18T15:46:24","date_gmt":"2021-11-18T15:46:24","guid":{"rendered":"https:\/\/www.ub.edu\/grapa\/?page_id=2915"},"modified":"2024-12-10T21:09:17","modified_gmt":"2024-12-10T21:09:17","slug":"projectes","status":"publish","type":"page","link":"https:\/\/www.ub.edu\/grapa\/projectes\/","title":{"rendered":"Projectes de recerca"},"content":{"rendered":"<p>[et_pb_section fb_built=\u00bb1&#8243; admin_label=\u00bbProyectos\u00bb _builder_version=\u00bb4.16&#8243; custom_padding=\u00bb||100px||false|false\u00bb global_colors_info=\u00bb{}\u00bb][et_pb_row column_structure=\u00bb1_2,1_2&#8243; make_equal=\u00bbon\u00bb admin_label=\u00bbTarjetas l\u00edneas\u00bb _builder_version=\u00bb4.16&#8243; _module_preset=\u00bbdefault\u00bb width=\u00bb100%\u00bb width_tablet=\u00bb100%\u00bb width_phone=\u00bb100%\u00bb width_last_edited=\u00bbon|phone\u00bb custom_padding=\u00bb0px|||||\u00bb locked=\u00bboff\u00bb global_colors_info=\u00bb{}\u00bb][et_pb_column type=\u00bb1_2&#8243; module_class=\u00bbbotones-inline\u00bb admin_label=\u00bbTarjeta 01&#8243; _builder_version=\u00bb4.16&#8243; _module_preset=\u00bbdefault\u00bb custom_padding=\u00bb40px|51px|40px|51px|true|true\u00bb custom_padding_tablet=\u00bb40px|51px|40px|51px|true|true\u00bb custom_padding_phone=\u00bb|10px||10px|true|true\u00bb custom_padding_last_edited=\u00bbon|phone\u00bb global_colors_info=\u00bb{}\u00bb][et_pb_blurb use_icon=\u00bbon\u00bb font_icon=\u00bb&#xe021;||divi||400&#8243; icon_color=\u00bb#FFFFFF\u00bb image_icon_background_color=\u00bb#1972B2&#8243; image_icon_width=\u00bb54px\u00bb admin_label=\u00bbIcono\u00bb _builder_version=\u00bb4.16&#8243; _module_preset=\u00bbdefault\u00bb image_icon_custom_padding=\u00bb25px|25px|25px|25px|false|false\u00bb max_height=\u00bb100px\u00bb custom_margin=\u00bb0px|0px|0px|0px|false|false\u00bb custom_padding=\u00bb0px|0px|0px|0px|false|false\u00bb border_radii_image=\u00bbon|100%|100%|100%|100%\u00bb icon_font_size=\u00bb54px\u00bb use_circle=\u00bbon\u00bb circle_color=\u00bb#6090c4&#8243; global_colors_info=\u00bb{}\u00bb image_icon_background_color__sticky_enabled=\u00bb#2ea3f2&#8243; image_icon_background_color__sticky=\u00bb#2ea3f2&#8243;][\/et_pb_blurb][et_pb_text admin_label=\u00bbTitulo\u00bb _builder_version=\u00bb4.16&#8243; _module_preset=\u00bbdefault\u00bb text_font=\u00bb||||||||\u00bb text_font_size=\u00bb20px\u00bb header_2_font=\u00bb|300|||||||\u00bb header_2_font_size=\u00bb35px\u00bb text_orientation=\u00bbcenter\u00bb global_colors_info=\u00bb{}\u00bb]<\/p>\n<h2>Funci\u00f3 P\u00fablica<\/h2>\n<p>[\/et_pb_text][et_pb_text admin_label=\u00bbConsultar\u00bb module_class=\u00bbsubrayado\u00bb _builder_version=\u00bb4.16&#8243; _module_preset=\u00bbdefault\u00bb text_font_size=\u00bb13px\u00bb text_orientation=\u00bbcenter\u00bb custom_padding=\u00bb2px|||||\u00bb custom_css_main_element=\u00bbmargin-top: 0px !important;||padding: 0px !important;\u00bb border_width_top=\u00bb1px\u00bb border_color_top=\u00bb#dddddd\u00bb border_width_bottom=\u00bb1px\u00bb border_color_bottom=\u00bb#dddddd\u00bb global_colors_info=\u00bb{}\u00bb]<\/p>\n<p><a href=\"#projectesfp\" title=\"Veure projectes\">PROJECTES<\/a> <a href=\"#tesisfp\" title=\"Veure tesis\">TESIS<\/a><a href=\"..\/resultats\/informes\" title=\"Ver informes\"><\/a><\/p>\n<p>[\/et_pb_text][et_pb_text admin_label=\u00bbTexto\u00bb _builder_version=\u00bb4.16&#8243; _module_preset=\u00bbdefault\u00bb text_font=\u00bb||||||||\u00bb text_orientation=\u00bbjustified\u00bb min_height=\u00bb145px\u00bb global_colors_info=\u00bb{}\u00bb]<\/p>\n<p><span>Essencialment l&#8217;an\u00e0lisi de la productivitat de l&#8217;empleat p\u00fablic, de la configuraci\u00f3 d&#8217;una gesti\u00f3 del personal basada en objectius, de les din\u00e0miques avaluatives del rendiment i dels problemes que comporta l&#8217;absentisme.\u200b<\/span><\/p>\n<p>[\/et_pb_text][\/et_pb_column][et_pb_column type=\u00bb1_2&#8243; module_class=\u00bbbotones-inline\u00bb admin_label=\u00bbTarjeta 02&#8243; _builder_version=\u00bb4.16&#8243; _module_preset=\u00bbdefault\u00bb custom_padding=\u00bb40px|51px|40px|51px|true|true\u00bb custom_padding_tablet=\u00bb\u00bb custom_padding_phone=\u00bb|10px||10px|true|true\u00bb custom_padding_last_edited=\u00bbon|phone\u00bb global_colors_info=\u00bb{}\u00bb][et_pb_blurb use_icon=\u00bbon\u00bb font_icon=\u00bb&#xe0f6;||divi||400&#8243; icon_color=\u00bb#FFFFFF\u00bb image_icon_background_color=\u00bb#1972B2&#8243; image_icon_width=\u00bb54px\u00bb admin_label=\u00bbIcono\u00bb _builder_version=\u00bb4.16&#8243; _module_preset=\u00bbdefault\u00bb image_icon_custom_padding=\u00bb25px|25px|25px|25px|false|false\u00bb max_height=\u00bb100px\u00bb custom_margin=\u00bb0px|0px|0px|0px|false|false\u00bb custom_padding=\u00bb0px|0px|0px|0px|false|false\u00bb border_radii_image=\u00bbon|100%|100%|100%|100%\u00bb icon_font_size=\u00bb54px\u00bb use_circle=\u00bbon\u00bb circle_color=\u00bb#61c68a\u00bb global_colors_info=\u00bb{}\u00bb image_icon_background_color__sticky_enabled=\u00bb#2ea3f2&#8243; image_icon_background_color__sticky=\u00bb#2ea3f2&#8243;][\/et_pb_blurb][et_pb_text admin_label=\u00bbTitulo\u00bb _builder_version=\u00bb4.16&#8243; _module_preset=\u00bbdefault\u00bb text_font=\u00bb||||||||\u00bb text_font_size=\u00bb20px\u00bb header_2_font=\u00bb|300|||||||\u00bb header_2_font_size=\u00bb35px\u00bb text_orientation=\u00bbcenter\u00bb global_colors_info=\u00bb{}\u00bb]<\/p>\n<h2>Seguretat i Defensa<\/h2>\n<p>[\/et_pb_text][et_pb_text admin_label=\u00bbConsultar\u00bb module_class=\u00bbsubrayado\u00bb _builder_version=\u00bb4.16&#8243; _module_preset=\u00bbdefault\u00bb text_font_size=\u00bb13px\u00bb text_orientation=\u00bbcenter\u00bb custom_padding=\u00bb2px|||||\u00bb custom_css_main_element=\u00bbmargin-top: 0px !important;||padding: 0px !important;\u00bb border_width_top=\u00bb1px\u00bb border_color_top=\u00bb#dddddd\u00bb border_width_bottom=\u00bb1px\u00bb border_color_bottom=\u00bb#dddddd\u00bb global_colors_info=\u00bb{}\u00bb]<\/p>\n<p><a href=\"#sdprojectes\" title=\"Veure projectes\">PROJECTES<\/a>\u00a0<a href=\"#sdtesis\" title=\"Veure tesis\">TESIS<\/a><\/p>\n<p>[\/et_pb_text][et_pb_text admin_label=\u00bbTexto\u00bb _builder_version=\u00bb4.16&#8243; _module_preset=\u00bbdefault\u00bb text_orientation=\u00bbjustified\u00bb min_height=\u00bb145px\u00bb global_colors_info=\u00bb{}\u00bb]<\/p>\n<p><span>Estudis sobre l&#8217;estructura, funcions i mecanismes de control dels serveis d&#8217;intel \u00b7 lig\u00e8ncia, les forces armades i les forces i cossos de seguretat de l&#8217;Estat. An\u00e0lisi de la privatitzaci\u00f3 de les funcions p\u00fabliques de seguretat i de les relacions civils militars.\u200b<\/span><\/p>\n<p>[\/et_pb_text][\/et_pb_column][\/et_pb_row][et_pb_row admin_label=\u00bbFunci\u00f3n p\u00fablica\u00bb module_id=\u00bbfuncionpublica\u00bb _builder_version=\u00bb4.16&#8243; background_size=\u00bbinitial\u00bb background_position=\u00bbtop_left\u00bb background_repeat=\u00bbrepeat\u00bb width=\u00bb100%\u00bb width_tablet=\u00bb100%\u00bb width_phone=\u00bb100%\u00bb width_last_edited=\u00bbon|desktop\u00bb module_alignment=\u00bbcenter\u00bb custom_padding=\u00bb0px|||||\u00bb global_colors_info=\u00bb{}\u00bb][et_pb_column type=\u00bb4_4&#8243; _builder_version=\u00bb4.16&#8243; custom_padding=\u00bb|||\u00bb global_colors_info=\u00bb{}\u00bb custom_padding__hover=\u00bb|||\u00bb][et_pb_text admin_label=\u00bbProyectos\u00bb module_id=\u00bbprojectesfp\u00bb _builder_version=\u00bb4.24.2&#8243; hover_enabled=\u00bb0&#8243; global_colors_info=\u00bb{}\u00bb sticky_enabled=\u00bb0&#8243;]<\/p>\n<h2>1.- Funci\u00f3 P\u00fablica:<\/h2>\n<h3>Projectes de recerca<\/h3>\n<p><strong>\u00abDebilidades y fortalezas en el proceso selectivo para los empleos de Cabo y Guardia del Cuerpo de la Guardia Civil\u00bb<\/strong> (2019-2020)<br \/>Founding: Jefatura de Ense\u00f1anza de la Guardia Civil (JE\/02\/tt\/19)<br \/>Researchers: Rafa Mart\u00ednez + 1<\/p>\n<p><strong>\u00abFactores de \u00e9xito en la implementaci\u00f3n de la evaluaci\u00f3n del desempe\u00f1o. La experiencia de evaluados y evaluadores\u00bb <\/strong>(2014-2015)<br \/>Finan\u00e7ament: Instituto Nacional de Administraci\u00f3n P\u00fablica (2014\/0000000195)<br \/>Investigadors: Rafa Mart\u00ednez + 1<\/p>\n<p><strong>\u00abIniciatives i solucions per combatre l&#8217;absentisme de l&#8217;empleat p\u00fablic catal\u00e0\u00bb <\/strong>(2011-2012)<br \/>Finan\u00e7ament: Escuela de Administraci\u00f3n P\u00fablica de Catalu\u00f1a (2011EAPC07)<br \/>Investigadors: Rafa Mart\u00ednez + 1<\/p>\n<p><strong>\u00abL&#8217;avaluaci\u00f3 i el complement de productivitat de l&#8217;empleat p\u00fablic catal\u00e0\u00bb<\/strong> (2010-2011)<br \/>Finan\u00e7ament: Escuela de Administraci\u00f3n P\u00fablica de Catalu\u00f1a (2012RICIP13)<br \/>Investigadors: Rafa Mart\u00ednez +1<\/p>\n<p>[\/et_pb_text][et_pb_text admin_label=\u00bbTesis\u00bb module_id=\u00bbtesisfp\u00bb _builder_version=\u00bb4.16&#8243; global_colors_info=\u00bb{}\u00bb]<\/p>\n<h3>Mem\u00f2ries doctorals defensades<\/h3>\n<p><strong>\u00abLa evaluaci\u00f3n de la productividad del empleado p\u00fablico en Catalu\u00f1a\u00bb<\/strong><br \/>\u200bDirector: Rafa Mart\u00ednez<br \/>Doctorand: Pep Jan\u00e9<\/p>\n<blockquote>\n<p>De l&#8217;acompliment individual al rendiment del col\u00b7lectiu, es busca con\u00e8ixer qu\u00e8 \u00e9s la productivitat de l&#8217;empleat p\u00fablic i com cal avaluar-la. Per a aix\u00f2 s&#8217;analitzen els mecanismes que s&#8217;han emprat en el context de les administracions catalanes i els m\u00e9s innovadors en el context internacional, i es contrasten amb les respostes a un q\u00fcestionari ad hoc sobre productivitat i avaluaci\u00f3, per obtenir una proposta de model ideal. De la comparaci\u00f3 entre aquest tipus ideal i el que es va implementar a la Generalitat de Catalunya s&#8217;obtindran les propostes de millora per aquesta administraci\u00f3.<\/p>\n<\/blockquote>\n<h3>Tesis en elaboraci\u00f3<\/h3>\n<p>[En construcci\u00f3]<\/p>\n<p>[\/et_pb_text][\/et_pb_column][\/et_pb_row][et_pb_row admin_label=\u00bbSeparador\u00bb _builder_version=\u00bb4.16&#8243; _module_preset=\u00bbdefault\u00bb background_size=\u00bbinitial\u00bb background_position=\u00bbtop_left\u00bb background_repeat=\u00bbrepeat\u00bb width=\u00bb100%\u00bb width_tablet=\u00bb100%\u00bb width_phone=\u00bb100%\u00bb width_last_edited=\u00bbon|desktop\u00bb module_alignment=\u00bbcenter\u00bb custom_padding=\u00bb0px|||||\u00bb global_colors_info=\u00bb{}\u00bb][et_pb_column type=\u00bb4_4&#8243; _builder_version=\u00bb4.16&#8243; _module_preset=\u00bbdefault\u00bb global_colors_info=\u00bb{}\u00bb][et_pb_divider color=\u00bb#6090c4&#8243; divider_style=\u00bbdashed\u00bb divider_position=\u00bbcenter\u00bb _builder_version=\u00bb4.16&#8243; _module_preset=\u00bbdefault\u00bb global_colors_info=\u00bb{}\u00bb][\/et_pb_divider][\/et_pb_column][\/et_pb_row][et_pb_row admin_label=\u00bbSeguridad y defensa\u00bb module_id=\u00bbseguridadydefensa\u00bb _builder_version=\u00bb4.16&#8243; background_size=\u00bbinitial\u00bb background_position=\u00bbtop_left\u00bb background_repeat=\u00bbrepeat\u00bb width=\u00bb100%\u00bb width_tablet=\u00bb100%\u00bb width_phone=\u00bb100%\u00bb width_last_edited=\u00bbon|desktop\u00bb module_alignment=\u00bbcenter\u00bb custom_padding=\u00bb0px|||||\u00bb global_colors_info=\u00bb{}\u00bb][et_pb_column type=\u00bb4_4&#8243; _builder_version=\u00bb4.16&#8243; custom_padding=\u00bb|||\u00bb global_colors_info=\u00bb{}\u00bb custom_padding__hover=\u00bb|||\u00bb][et_pb_text admin_label=\u00bbProyectos\u00bb module_id=\u00bbsdprojectes\u00bb _builder_version=\u00bb4.16&#8243; global_colors_info=\u00bb{}\u00bb]<\/p>\n<h2>2.- Seguretat i Defensa:<\/h2>\n<h3>Projectes de recerca<\/h3>\n<p><strong>\u00abOfficer and Commander in international peace operations\u00bb (2013-2015)<\/strong><br \/>Finan\u00e7ament: Mando de Adiestramiento y Doctrina del Ej\u00e9rcito de Tierra (2013)<br \/>Investigadors: Mari\u00e9n Dur\u00e1n + 4<br \/><strong>\u00abLli\u00e7ons apreses de les guerres asim\u00e8triques\u00bb (2010-2011)<\/strong><br \/>Finan\u00e7ament: Instituto Catal\u00e1n Internacional por la Paz (2010EAPC08)<br \/>Investigadors: Rafa Mart\u00ednez + 6<br \/><strong>\u00abConsolidaci\u00f3n democr\u00e1tica de las Fuerzas Armadas del Sur de Am\u00e9rica Latina\u00bb &#8211; Fase III\u200b\u200b (2009)<\/strong><br \/>Finan\u00e7ament: Direcci\u00f3n general de Relaciones Institucionales de la Defensa del Ministerio de Defensa (150\/01)<br \/>Investigadors: Rafa Mart\u00ednez + 5<br \/><strong>\u00abConsolidaci\u00f3n democr\u00e1tica de las Fuerzas Armadas del Sur de Am\u00e9rica Latina\u00bb &#8211; Fase II (2008)<\/strong><br \/>Finan\u00e7ament: Direcci\u00f3n general de Relaciones Institucionales de la Defensa del Ministerio de Defensa (34A)<br \/>Investigadors: Rafa Mart\u00ednez + 5<br \/><strong>\u00abConsolidaci\u00f3n democr\u00e1tica de las Fuerzas Armadas del Sur de Am\u00e9rica Latina\u00bb &#8211; Fase I (2007)<\/strong><br \/>Finan\u00e7ament: Direcci\u00f3n general de Relaciones Institucionales de la Defensa del Ministerio de Defensa (125\/23A)<br \/>Investigadors: Rafa Mart\u00ednez + 5<br \/><strong>\u00abPerfil socioecon\u00f3mico de los alumnos de la Escola de Policia de Catalunya y problemas de adaptaci\u00f3n al per\u00edodo de formaci\u00f3n que ello genera\u00bb (2005)<\/strong><br \/>Finan\u00e7ament: Escuela de Policia de Catalu\u00f1a (303286 FBG)<br \/>Investigadors: Rafa Mart\u00ednez y Xavier Coller +6<br \/><strong>\u00abThe cultural Gap between military and society\u00bb (2004-2005)<\/strong><br \/>Finan\u00e7ament: Instituto Espa\u00f1ol de Estudios Estrat\u00e9gicos (303181 FBG)<br \/>Investigadors: Rafa Mart\u00ednez + 6<br \/><strong>\u00abPropuestas para una pol\u00edtica de inteligencia: \u00bfreto interestatal o comunitario?\u00bb (2001-2004)<\/strong><br \/>Finan\u00e7ament: Instituto Universitario \u00abGeneral Guti\u00e9rrez Mellado\u00bb (2002\/03)<br \/>Investigadors: Miguel Revenga + 5<br \/><strong>\u00abLas limitaciones a los derechos fundamentales de los miembros de las FAS\u00bb (2000)<\/strong><br \/>Finan\u00e7ament: Instituto Universitario \u00abGeneral Guti\u00e9rrez Mellado\u00bb (2002\/05)<br \/>Investigadors: Carlos Garrido L\u00f3pez + 3.<\/p>\n<p>[\/et_pb_text][et_pb_text admin_label=\u00bbTesis\u00bb module_id=\u00bbsdtesis\u00bb _builder_version=\u00bb4.16&#8243; global_colors_info=\u00bb{}\u00bb]<\/p>\n<h3>Mem\u00f2ries doctorals defensades<\/h3>\n<p><strong>\u00abEl Impacto de la ense\u00f1anza militar en el proceso de consolidaci\u00f3n democr\u00e1tica de las fuerzas armadas\u00bb<\/strong><br \/>Directors: Juli\u00e1n Casanova Ruiz (Universidad de Zaragoza) y Pilar Mart\u00ednez (Universidad de Nantes)<br \/>Doctoranda: Isabel Ad\u00e9<\/p>\n<blockquote>\n<p>L&#8217;objectiu \u00e9s determinar la influ\u00e8ncia de l&#8217;ensenyament militar en la consolidaci\u00f3 democr\u00e0tica de les Forces Armades a partir de l&#8217;an\u00e0lisi de les reformes dutes a terme durant els anys en qu\u00e8 Narc\u00eds Serra va ocupar la cartera de Defensa (1982-1991). Amb l&#8217;Academia General Militar com a estudi de cas, es pret\u00e9n exposar quins van ser els principals reptes i \u00e8xits en el proc\u00e9s de democratitzaci\u00f3 de la formaci\u00f3 militar. Aix\u00ed com la seva influ\u00e8ncia en la transformaci\u00f3 de la mentalitat militar i, per tant, en les relacions civils-militars.<\/p>\n<\/blockquote>\n<h3>Tesis en elaboraci\u00f3<\/h3>\n<p><strong>\u00abDel control civil a la administraci\u00f3n militar: el caso de las Fuerzas Armadas de El Salvador\u00bb<\/strong><br \/>Director: Rafa\u00a0Mart\u00ednez<br \/>Doctorand: Rafael Molina Gabriel<\/p>\n<blockquote>\n<p>Una an\u00e0lisi dels canvis institucionals de les Forces Armades Salvadorenques per poder observar el proc\u00e9s de consolidaci\u00f3 democr\u00e0tica i poder afirmar si s&#8217;han convertit o no en administraci\u00f3 militar.<\/p>\n<\/blockquote>\n<p>[\/et_pb_text][\/et_pb_column][\/et_pb_row][\/et_pb_section]<\/p>\n","protected":false},"excerpt":{"rendered":"<p>Funci\u00f3 P\u00fablicaPROJECTES TESISEssencialment l&#8217;an\u00e0lisi de la productivitat de l&#8217;empleat p\u00fablic, de la configuraci\u00f3 d&#8217;una gesti\u00f3 del personal basada en objectius, de les din\u00e0miques avaluatives del rendiment i dels problemes que comporta l&#8217;absentisme.\u200bSeguretat i DefensaPROJECTES\u00a0TESISEstudis sobre l&#8217;estructura, funcions i mecanismes de control dels serveis d&#8217;intel \u00b7 lig\u00e8ncia, les forces armades i les forces i cossos de [&hellip;]<\/p>\n","protected":false},"author":3,"featured_media":0,"parent":0,"menu_order":0,"comment_status":"closed","ping_status":"closed","template":"","meta":{"_et_pb_use_builder":"on","_et_pb_old_content":"","_et_gb_content_width":"","footnotes":""},"class_list":["post-2915","page","type-page","status-publish","hentry"],"_links":{"self":[{"href":"https:\/\/www.ub.edu\/grapa\/wp-json\/wp\/v2\/pages\/2915","targetHints":{"allow":["GET"]}}],"collection":[{"href":"https:\/\/www.ub.edu\/grapa\/wp-json\/wp\/v2\/pages"}],"about":[{"href":"https:\/\/www.ub.edu\/grapa\/wp-json\/wp\/v2\/types\/page"}],"author":[{"embeddable":true,"href":"https:\/\/www.ub.edu\/grapa\/wp-json\/wp\/v2\/users\/3"}],"replies":[{"embeddable":true,"href":"https:\/\/www.ub.edu\/grapa\/wp-json\/wp\/v2\/comments?post=2915"}],"version-history":[{"count":3,"href":"https:\/\/www.ub.edu\/grapa\/wp-json\/wp\/v2\/pages\/2915\/revisions"}],"predecessor-version":[{"id":5537,"href":"https:\/\/www.ub.edu\/grapa\/wp-json\/wp\/v2\/pages\/2915\/revisions\/5537"}],"wp:attachment":[{"href":"https:\/\/www.ub.edu\/grapa\/wp-json\/wp\/v2\/media?parent=2915"}],"curies":[{"name":"wp","href":"https:\/\/api.w.org\/{rel}","templated":true}]}}