{"id":3435,"date":"2021-11-19T13:57:41","date_gmt":"2021-11-19T13:57:41","guid":{"rendered":"https:\/\/www.ub.edu\/grapa\/?page_id=3435"},"modified":"2023-10-08T08:17:01","modified_gmt":"2023-10-08T08:17:01","slug":"rafaelmartinez","status":"publish","type":"page","link":"https:\/\/www.ub.edu\/grapa\/equipo\/rafaelmartinez\/","title":{"rendered":"Ficha Rafa Mart\u00ednez"},"content":{"rendered":"<p>[et_pb_section fb_built=\u00bb1&#8243; admin_label=\u00bbFicha miembro\u00bb _builder_version=\u00bb4.13.1&#8243; _module_preset=\u00bbdefault\u00bb global_colors_info=\u00bb{}\u00bb][et_pb_row column_structure=\u00bb1_5,3_5,1_5&#8243; use_custom_gutter=\u00bbon\u00bb gutter_width=\u00bb1&#8243; make_equal=\u00bbon\u00bb admin_label=\u00bbEncabezado\u00bb _builder_version=\u00bb4.13.1&#8243; _module_preset=\u00bbdefault\u00bb background_color=\u00bb#FFFFFF\u00bb width_tablet=\u00bb90%\u00bb width_phone=\u00bb85%\u00bb width_last_edited=\u00bbon|phone\u00bb animation_style=\u00bbfade\u00bb animation_direction=\u00bbtop\u00bb border_width_bottom=\u00bb1px\u00bb border_color_bottom=\u00bb#000000&#8243; border_style_bottom=\u00bbdotted\u00bb collapsed=\u00bbon\u00bb global_colors_info=\u00bb{}\u00bb width__hover_enabled=\u00bboff|desktop\u00bb][et_pb_column type=\u00bb1_5&#8243; admin_label=\u00bbFoto\u00bb _builder_version=\u00bb4.10.7&#8243; _module_preset=\u00bbdefault\u00bb global_colors_info=\u00bb{}\u00bb][et_pb_image src=\u00bbhttps:\/\/www.ub.edu\/grapa\/wp-content\/uploads\/2021\/11\/perfil_rafamartinez.jpg\u00bb alt=\u00bbRafa Mart\u00ednez\u00bb title_text=\u00bbperfil_rafamartinez\u00bb align=\u00bbcenter\u00bb align_tablet=\u00bbcenter\u00bb align_phone=\u00bbcenter\u00bb align_last_edited=\u00bbon|tablet\u00bb _builder_version=\u00bb4.13.1&#8243; _module_preset=\u00bbdefault\u00bb max_width=\u00bb200px\u00bb border_radii=\u00bbon|586px|586px|586px|586px\u00bb border_width_all=\u00bb4px\u00bb border_color_all=\u00bb#a8a8a8&#8243; border_style_all=\u00bbdouble\u00bb global_colors_info=\u00bb{}\u00bb][\/et_pb_image][\/et_pb_column][et_pb_column type=\u00bb3_5&#8243; admin_label=\u00bbDatos\u00bb _builder_version=\u00bb4.10.7&#8243; _module_preset=\u00bbdefault\u00bb custom_padding_tablet=\u00bb\u00bb custom_padding_phone=\u00bb\u00bb custom_padding_last_edited=\u00bbon|tablet\u00bb global_colors_info=\u00bb{}\u00bb][et_pb_text admin_label=\u00bbNombre\u00bb _builder_version=\u00bb4.13.1&#8243; _module_preset=\u00bbdefault\u00bb custom_margin_tablet=\u00bb20px||||false|false\u00bb custom_margin_phone=\u00bb\u00bb custom_margin_last_edited=\u00bbon|phone\u00bb text_orientation_tablet=\u00bbcenter\u00bb text_orientation_phone=\u00bbleft\u00bb text_orientation_last_edited=\u00bbon|tablet\u00bb global_colors_info=\u00bb{}\u00bb]<\/p>\n<p><span style=\"font-size: xx-large;\">Dr. Rafael Mart\u00ednez Mart\u00ednez<\/span><\/p>\n<p>[\/et_pb_text][et_pb_text admin_label=\u00bbCargo\u00bb _builder_version=\u00bb4.13.1&#8243; _module_preset=\u00bbdefault\u00bb text_font=\u00bb|300|||||||\u00bb text_orientation_tablet=\u00bbcenter\u00bb text_orientation_phone=\u00bbleft\u00bb text_orientation_last_edited=\u00bbon|phone\u00bb global_colors_info=\u00bb{}\u00bb]<\/p>\n<p>Catedr\u00e1tico de Ciencia Pol\u00edtica y de la Administraci\u00f3n<\/p>\n<p>[\/et_pb_text][et_pb_blurb use_icon=\u00bbon\u00bb font_icon=\u00bb&#xe010;||divi||400&#8243; icon_color=\u00bb#FFFFFF\u00bb image_icon_background_color=\u00bb#1972B2&#8243; icon_placement=\u00bbleft\u00bb image_icon_width=\u00bb16px\u00bb admin_label=\u00bbMail\u00bb _builder_version=\u00bb4.13.1&#8243; _module_preset=\u00bbdefault\u00bb image_icon_custom_padding=\u00bb8px|8px|8px|8px|false|false\u00bb max_width=\u00bb35px\u00bb module_alignment=\u00bbleft\u00bb custom_margin=\u00bb10px||||false|false\u00bb custom_padding=\u00bb||||false|false\u00bb custom_padding_tablet=\u00bb|||42%|false|false\u00bb custom_padding_phone=\u00bb|||0%|false|false\u00bb custom_padding_last_edited=\u00bbon|tablet\u00bb hover_transition_duration=\u00bb500ms\u00bb link_option_url=\u00bbmailto:\u00bb custom_css_main_element=\u00bbdisplay: inline-block;\u00bb border_radii_image=\u00bbon|100%|100%|100%|100%\u00bb use_circle=\u00bbon\u00bb circle_color=\u00bb#b7b7b7&#8243; circle_color__hover=\u00bb#6090c4&#8243; circle_color__hover_enabled=\u00bbon|desktop\u00bb global_colors_info=\u00bb{}\u00bb icon_color__hover_enabled=\u00bbon|hover\u00bb icon_color__hover=\u00bb#FFFFFF\u00bb image_icon_background_color__hover=\u00bb#62A6EA\u00bb image_icon_background_color__hover_enabled=\u00bbon|desktop\u00bb image_icon_background_color__sticky_enabled=\u00bb#2ea3f2&#8243; image_icon_background_color__sticky=\u00bb#2ea3f2&#8243;][\/et_pb_blurb][et_pb_blurb use_icon=\u00bbon\u00bb font_icon=\u00bb&#xe0e3;||divi||400&#8243; icon_color=\u00bb#FFFFFF\u00bb image_icon_background_color=\u00bb#1972B2&#8243; icon_placement=\u00bbleft\u00bb image_icon_width=\u00bb16px\u00bb admin_label=\u00bbWeb\u00bb _builder_version=\u00bb4.13.1&#8243; _module_preset=\u00bbdefault\u00bb image_icon_custom_padding=\u00bb8px|8px|8px|8px|false|false\u00bb max_width=\u00bb35px\u00bb module_alignment=\u00bbleft\u00bb custom_padding=\u00bb||||false|false\u00bb custom_padding_tablet=\u00bb|||35px|false|false\u00bb custom_padding_phone=\u00bb|||0%|false|false\u00bb custom_padding_last_edited=\u00bbon|tablet\u00bb hover_transition_duration=\u00bb500ms\u00bb custom_css_main_element=\u00bbdisplay: inline-block;\u00bb border_radii_image=\u00bbon|100%|100%|100%|100%\u00bb use_circle=\u00bbon\u00bb circle_color=\u00bb#b7b7b7&#8243; circle_color__hover=\u00bb#6090c4&#8243; circle_color__hover_enabled=\u00bbon|desktop\u00bb global_colors_info=\u00bb{}\u00bb image_icon_background_color__hover=\u00bb#62A6EA\u00bb image_icon_background_color__hover_enabled=\u00bbon|desktop\u00bb image_icon_background_color__sticky_enabled=\u00bb#2ea3f2&#8243; image_icon_background_color__sticky=\u00bb#2ea3f2&#8243;][\/et_pb_blurb][et_pb_blurb use_icon=\u00bbon\u00bb font_icon=\u00bb&#x68;||divi||400&#8243; icon_color=\u00bb#FFFFFF\u00bb image_icon_background_color=\u00bb#1972B2&#8243; icon_placement=\u00bbleft\u00bb image_icon_width=\u00bb16px\u00bb admin_label=\u00bbCurriculum\u00bb _builder_version=\u00bb4.13.1&#8243; _dynamic_attributes=\u00bblink_option_url\u00bb _module_preset=\u00bbdefault\u00bb image_icon_custom_padding=\u00bb8px|8px|8px|8px|false|false\u00bb max_width=\u00bb35px\u00bb module_alignment=\u00bbleft\u00bb custom_padding=\u00bb||||false|false\u00bb custom_padding_tablet=\u00bb|||35px|false|false\u00bb custom_padding_phone=\u00bb|||0%|false|false\u00bb custom_padding_last_edited=\u00bbon|tablet\u00bb hover_transition_duration=\u00bb500ms\u00bb link_option_url=\u00bb@ET-DC@eyJkeW5hbWljIjp0cnVlLCJjb250ZW50IjoicG9zdF9saW5rX3VybF9hdHRhY2htZW50Iiwic2V0dGluZ3MiOnsicG9zdF9pZCI6IjQyOTgifX0=@\u00bb link_option_url_new_window=\u00bbon\u00bb custom_css_main_element=\u00bbdisplay: inline-block;\u00bb border_radii_image=\u00bbon|100%|100%|100%|100%\u00bb use_circle=\u00bbon\u00bb circle_color=\u00bb#b7b7b7&#8243; circle_color__hover=\u00bb#6090c4&#8243; circle_color__hover_enabled=\u00bbon|desktop\u00bb global_colors_info=\u00bb{}\u00bb image_icon_background_color__hover=\u00bb#62A6EA\u00bb image_icon_background_color__hover_enabled=\u00bbon|desktop\u00bb image_icon_background_color__sticky_enabled=\u00bb#2ea3f2&#8243; image_icon_background_color__sticky=\u00bb#2ea3f2&#8243;][\/et_pb_blurb][\/et_pb_column][et_pb_column type=\u00bb1_5&#8243; admin_label=\u00bbRelleno\u00bb _builder_version=\u00bb4.10.7&#8243; _module_preset=\u00bbdefault\u00bb global_colors_info=\u00bb{}\u00bb][\/et_pb_column][\/et_pb_row][et_pb_row admin_label=\u00bbCuerpo\u00bb _builder_version=\u00bb4.13.1&#8243; _module_preset=\u00bbdefault\u00bb width_tablet=\u00bb90%\u00bb width_phone=\u00bb85%\u00bb width_last_edited=\u00bbon|phone\u00bb custom_margin_tablet=\u00bb\u00bb custom_margin_phone=\u00bb\u00bb custom_margin_last_edited=\u00bbon|tablet\u00bb animation_style=\u00bbslide\u00bb animation_direction=\u00bbbottom\u00bb animation_delay=\u00bb300ms\u00bb animation_intensity_slide=\u00bb5%\u00bb animation_speed_curve=\u00bbease\u00bb global_colors_info=\u00bb{}\u00bb][et_pb_column type=\u00bb4_4&#8243; admin_label=\u00bbContenido\u00bb _builder_version=\u00bb4.10.7&#8243; _module_preset=\u00bbdefault\u00bb custom_padding=\u00bb50px|80px|50px|80px|true|true\u00bb custom_padding_tablet=\u00bb15px|0px|15px|0px|true|true\u00bb custom_padding_phone=\u00bb10px|0px|10px|0px|true|true\u00bb custom_padding_last_edited=\u00bbon|phone\u00bb global_colors_info=\u00bb{}\u00bb][et_pb_text admin_label=\u00bbBiograf\u00eda\u00bb _builder_version=\u00bb4.13.1&#8243; _module_preset=\u00bbdefault\u00bb text_orientation=\u00bbjustified\u00bb custom_margin=\u00bb||||false|false\u00bb custom_padding=\u00bb||||false|false\u00bb global_colors_info=\u00bb{}\u00bb]<\/p>\n<p>Melilla (Espa\u00f1a), 1965. Es Catedr\u00e1tico de Ciencia Pol\u00edtica y Administraci\u00edn de la Universidad de Barcelona. Tiene licenciatura en Derecho por la Universidad de Zaragoza (Espa\u00f1a) y la de Pau (Francia) y un DEA en Derecho P\u00fablico por esta \u00faltima y el doctorado en Derecho con una tesis sobre el Partido Socialista franc\u00e9s en la Universidad de Zaragoza. Gan\u00f3 el premio extraordinario de doctorado en el \u00e1rea de humanidades y ciencias sociales en la Universidad de Zaragoza a\u00f1o 1995 y el Premio Nacional de Investigaci\u00f3n de la Paz, Seguridad y Defensa del Ministerio de Defensa de 2003.<\/p>\n<p>Ha sido asistente de investigaci\u00f3n en las Universidades de Pau y Zaragoza; Profesor-tutor de la Universidad de Educaci\u00f3n a Distancia y Profesor-Colaborador de la Universidad Abierta de Catalu\u00f1a. Ha sido profesor visitante en la Universidad de Lyon II, Universidad Montpellier I, Universidad Cat\u00f3lica del Uruguay y Universidad Cat\u00f3lica Centroamericana en El Salvador. Ha sido investigador visitante en Fondation Nationale des Sciences Politiques in Paris (Francia) y en la Universidad de California-Riverside.<\/p>\n<p>Ha sido Vicerrector de la Universidad de Barcelona (2008-2009), Director de estudios de la licenciatura en ciencia pol\u00edtica de la UB (1998-2005), director de estudios de la licenciatura en derecho de la UB (2007-2008), Secretario del Departamento de Derecho Constitucional y Ciencia Pol\u00edtica (2008). Ha sido miembro del Advisory Board del RC24 Armed Forces and Society de la IPSA (2008-2014) y miembro del Advisory Board de la Secci\u00f3n Defense, Public Security and Democracy de LASA (2013-2015).<\/p>\n<p>Entre sus publicaciones m\u00e1s relevantes figuran los libros: Sistemas de gobierno, partidos y territorio (2000) con Ces\u00e1reo R. Aguilera de Prat (Ed. Tecnos), La elecci\u00f3n presidencial mediante Doble Vuelta en Am\u00e9rica Latina (2004) (Ed. ICPS), La seguridad desde las dos orillas (2006) con Joseph S. Tulchin (Ed. CIDOB), Los mandos de las Fuerzas armadas espa\u00f1olas del siglo XXI (2007), (Ed CIS), una obra que ha ganado el premio al mejor libro del a\u00f1o por la AECPA (Asociaci\u00f3n Espa\u00f1ola Ciencia Pol\u00edtica y de la Administraci\u00f3n) en 2007 y Debating Civil-Military Relations in Latin America (2013) con David Mares. Su art\u00edculo \u00abSubtipos de golpes de Estado: transformaciones recientes de un concepto del siglo XVII\u00bb publicado en 2014 en la Revista CIBOD d&#8217;Afers Internacionals obtuvo el &#8216;article award 2015&#8217; de LASA-Section Defense, Public Security and Democracy.<\/p>\n<p>[\/et_pb_text][et_pb_tabs admin_label=\u00bbObras y publicaciones\u00bb _builder_version=\u00bb4.13.1&#8243; _module_preset=\u00bbdefault\u00bb custom_margin=\u00bb50px||||false|false\u00bb hover_enabled=\u00bb0&#8243; body_font_size_tablet=\u00bb\u00bb body_font_size_phone=\u00bb12px\u00bb body_font_size_last_edited=\u00bbon|phone\u00bb body_line_height_tablet=\u00bb\u00bb body_line_height_phone=\u00bb\u00bb body_line_height_last_edited=\u00bbon|phone\u00bb body_ul_line_height_tablet=\u00bb\u00bb body_ul_line_height_phone=\u00bb1.5em\u00bb body_ul_line_height_last_edited=\u00bbon|phone\u00bb global_colors_info=\u00bb{}\u00bb sticky_enabled=\u00bb0&#8243;][et_pb_tab title=\u00bbLibros\u00bb _builder_version=\u00bb4.13.1&#8243; _module_preset=\u00bbdefault\u00bb global_colors_info=\u00bb{}\u00bb]<\/p>\n<ul>\n<li><strong>Sistemas de gobierno, partidos y territorio<\/strong> (2000)<br \/>con Ces\u00e1reo R. Aguilera de Prat (Ed. Tecnos)<\/li>\n<li><strong>La elecci\u00f3n presidencial mediante doble vuelta en Am\u00e9rica Latina (2004)<\/strong> (Ed. ICPS)<\/li>\n<li><strong>La seguridad desde las dos orillas<\/strong> (2006)<br \/>con Joseph S. Tulchin (Ed. CIDOB)<\/li>\n<li><strong>Los mandos de las Fuerzas armadas espa\u2013olas del siglo XXI<\/strong> (2007)<br \/>(Ed CIS)<\/li>\n<li><strong>Debating Civil-Military Relations in Latin America<\/strong> (2013)<br \/>con David Mares.<\/li>\n<\/ul>\n<p>[\/et_pb_tab][et_pb_tab title=\u00bbArt\u00edculos\u00bb _builder_version=\u00bb4.13.1&#8243; _module_preset=\u00bbdefault\u00bb global_colors_info=\u00bb{}\u00bb]<\/p>\n<ul>\n<li><strong>Experiencias de la participaci\u00f3n militar espa\u00f1ola en misiones internacionales: el caso de los oficiales del Ej\u00e9rcito de Tierra (1993-2015)<\/strong><br \/>Mari\u00e9n Dur\u00e1n Cenit, Isabel Ad\u00e9 Portero, Rafael Mart\u00ednez Mart\u00ednez, Adolfo Calatrava Garc\u00eda<br \/>Revista espa\u00f1ola de ciencia pol\u00edtica, ISSN 1575-6548, N\u00bc 42, 2016, p\u2021gs. 125-145<\/li>\n<li><strong>Ante la polisemia del t\u00e9rmino absentismo, un intento de concreci\u00f3n de las condiciones necesarias del concepto<\/strong><br \/>Rafael Martinez Martinez , Pep Jan\u00e9<br \/>Gesti\u00f3n y an\u00e1lisis de pol\u00edticas p\u00fablicas, ISSN 1134-6035, N\u00bc 11, 2014<\/li>\n<li><strong>Comparaci\u00f3n de gu\u00edas internacionales sobre p\u00farpura trombocitop\u00e9nica autoinmunitaria primaria<\/strong><br \/>Carlos Grande Garc\u00eda, Rafael Martinez Martinez , David Valcarcel Ferreiras<br \/>Medicina cl\u00ednica, ISSN 0025-7753, Vol. 143, N\u00bc. 9, 2014, p\u00e1gs. 408-419<\/li>\n<li><strong>Que lo urgente no relegue lo importante: absentismo vs. productividad<\/strong><br \/>Rafael Martinez Martinez <br \/>Revista catalana de dret p\u00fablic, ISSN-e 1885-8252, ISSN 1885-5709, N\u00bc. 48, 2014, p\u00e1gs. 134-151<\/li>\n<li><strong>La ciencia no es lugar para venganzas: una impagable leccin de rigor y generosidad de Juan Linz<\/strong><br \/>Rafael Martinez Martinez<br \/>Revista de estudios pol\u00edticos, ISSN 0048-7694, N\u00bc Extra 166, 2014 (Ejemplar dedicado a: Homenaje Juan J. Linz (1926-2013)), p\u00e1gs. 173-177<\/li>\n<li><strong>Experiencias de la participaci\u2014n militar espa\u2013ola en misiones internacionales (2000-2012)<\/strong><br \/>Rafael Martinez Martinez , Isabel Ad\u00e9 Portero, Mari\u00e9n Dur\u00e1n Cenit, Antonio Manuel D\u00edaz Fern\u00e1ndez<br \/>Revista espa\u00f1ola de ciencia pol\u00edtica, ISSN 1575-6548, N\u00bc 32, 2013, p\u00e1gs. 205-223<\/li>\n<li><strong>Reflexiones en torno al sistema de gobierno de las universidades ante el reto de la modernizaci\u2014n de la gobernanza universitaria<\/strong><br \/>Rafael Martinez Martinez <br \/>Revista catalana de dret p\u00fablic, ISSN-e 1885-8252, ISSN 1885-5709, N\u00bc. 44, 2012 (Ejemplar dedicado a: Canvi de model a la Universitat?), p\u00e1gs. 110-154<\/li>\n<li><strong>La percepci\u00f3n de militares de nueve pa\u00edses sobre c\u00f3mo funcionan y c\u00f3mo mejorar las &lt;&lt;Rules of Engagement&gt;&gt;<\/strong><br \/>Rafael Martinez Martinez <br \/>Revista espa\u00f1ola de derecho militar, ISSN 0034-9399, N\u00bc. 99, 2012, p\u00e1gs. 295-320<\/li>\n<li><strong>Las fuerzas armadas en Espa\u00f1a: \u00daltimo basti\u00f3n del franquismo?<\/strong><br \/>Rafael Martinez Martinez <br \/>Proleg\u00f3menos: Derechos y valores, ISSN-e 0121-182X, Vol. 14, N\u00bc. 28, 2011, p\u00e1gs. 103-120<\/li>\n<li><strong>Maras en Am\u00e9rica Latina y pandillas en Europa: Ni tan parecidas, ni tan distintas<\/strong><br \/>Rafael Martinez Martinez <br \/>Revista CIDOB d&#8217;afers internacionals, ISSN-e 1133-6595, N\u00bc. 81, 2008 (Ejemplar dedicado a: Maras y pandillas juveniles: dos mundos diferentes)<\/li>\n<li><strong>Les forces arm\u00e9es espagnoles: dernier bastion du franquisme?<\/strong><br \/>Rafael Martinez Martinez <br \/>Revue internationale de politique compar\u00e9e, ISSN 1370-0731, Vol. 15, N\u00bc. 1, 2008 (Ejemplar dedicado a: La d\u00e9mocratie face aux relations civils-militaires), p\u00e1gs. 35-53<\/li>\n<li><strong>Polonia 1989-1997: forma de gobierno, sistema electoral y sistema de partidos<\/strong><br \/>Gemma Sala, Rafael Martinez Martinez <br \/>Revista de estudios pol\u00edticos, ISSN 0048-7694, N\u00bc 100, 1998, p\u00e1gs. 311-335<\/li>\n<\/ul>\n<p>[\/et_pb_tab][\/et_pb_tabs][\/et_pb_column][\/et_pb_row][\/et_pb_section]<\/p>\n","protected":false},"excerpt":{"rendered":"<p>Dr. Rafael Mart\u00ednez Mart\u00ednezCatedr\u00e1tico de Ciencia Pol\u00edtica y de la Administraci\u00f3nMelilla (Espa\u00f1a), 1965. Es Catedr\u00e1tico de Ciencia Pol\u00edtica y Administraci\u00edn de la Universidad de Barcelona. Tiene licenciatura en Derecho por la Universidad de Zaragoza (Espa\u00f1a) y la de Pau (Francia) y un DEA en Derecho P\u00fablico por esta \u00faltima y el doctorado en Derecho con [&hellip;]<\/p>\n","protected":false},"author":3,"featured_media":0,"parent":2886,"menu_order":0,"comment_status":"closed","ping_status":"closed","template":"","meta":{"_et_pb_use_builder":"on","_et_pb_old_content":"","_et_gb_content_width":"","footnotes":""},"class_list":["post-3435","page","type-page","status-publish","hentry"],"_links":{"self":[{"href":"https:\/\/www.ub.edu\/grapa\/wp-json\/wp\/v2\/pages\/3435","targetHints":{"allow":["GET"]}}],"collection":[{"href":"https:\/\/www.ub.edu\/grapa\/wp-json\/wp\/v2\/pages"}],"about":[{"href":"https:\/\/www.ub.edu\/grapa\/wp-json\/wp\/v2\/types\/page"}],"author":[{"embeddable":true,"href":"https:\/\/www.ub.edu\/grapa\/wp-json\/wp\/v2\/users\/3"}],"replies":[{"embeddable":true,"href":"https:\/\/www.ub.edu\/grapa\/wp-json\/wp\/v2\/comments?post=3435"}],"version-history":[{"count":10,"href":"https:\/\/www.ub.edu\/grapa\/wp-json\/wp\/v2\/pages\/3435\/revisions"}],"predecessor-version":[{"id":5505,"href":"https:\/\/www.ub.edu\/grapa\/wp-json\/wp\/v2\/pages\/3435\/revisions\/5505"}],"up":[{"embeddable":true,"href":"https:\/\/www.ub.edu\/grapa\/wp-json\/wp\/v2\/pages\/2886"}],"wp:attachment":[{"href":"https:\/\/www.ub.edu\/grapa\/wp-json\/wp\/v2\/media?parent=3435"}],"curies":[{"name":"wp","href":"https:\/\/api.w.org\/{rel}","templated":true}]}}