{"id":3551,"date":"2021-11-19T19:55:29","date_gmt":"2021-11-19T19:55:29","guid":{"rendered":"https:\/\/www.ub.edu\/grapa\/?page_id=3551"},"modified":"2022-01-25T09:22:49","modified_gmt":"2022-01-25T09:22:49","slug":"media","status":"publish","type":"page","link":"https:\/\/www.ub.edu\/grapa\/resultados\/media\/","title":{"rendered":"Presencia en los medios"},"content":{"rendered":"\n[et_pb_section fb_built=\u00bb1&#8243; admin_label=\u00bbConferencias, seminarios y entrevistas\u00bb _builder_version=\u00bb4.13.1&#8243; _module_preset=\u00bbdefault\u00bb global_colors_info=\u00bb{}\u00bb theme_builder_area=\u00bbpost_content\u00bb][et_pb_row admin_label=\u00bbFunci\u00f3n p\u00fablica\u00bb module_id=\u00bbfuncionpublica\u00bb _builder_version=\u00bb4.13.1&#8243; _module_preset=\u00bbdefault\u00bb width=\u00bb100%\u00bb width_tablet=\u00bb100%\u00bb width_phone=\u00bb100%\u00bb width_last_edited=\u00bbon|phone\u00bb custom_padding=\u00bb0px||0px||false|false\u00bb collapsed=\u00bbon\u00bb global_colors_info=\u00bb{}\u00bb theme_builder_area=\u00bbpost_content\u00bb][et_pb_column type=\u00bb4_4&#8243; _builder_version=\u00bb4.13.1&#8243; _module_preset=\u00bbdefault\u00bb global_colors_info=\u00bb{}\u00bb theme_builder_area=\u00bbpost_content\u00bb][et_pb_text admin_label=\u00bbT\u00edtulo secci\u00f3n\u00bb _builder_version=\u00bb4.13.1&#8243; _module_preset=\u00bbdefault\u00bb global_colors_info=\u00bb{}\u00bb theme_builder_area=\u00bbpost_content\u00bb]<h2>Funci\u00f3n p\u00fablica<\/h2>[\/et_pb_text][et_pb_blurb title=\u00bbIV Congreso Internacional en Gobierno, Administraci\u00f3n y Pol\u00edticas P\u00fablicas 2013&#8243; image=\u00bbhttps:\/\/www.ub.edu\/grapa\/wp-content\/uploads\/2021\/11\/entrevista.jpg\u00bb icon_placement=\u00bbleft\u00bb content_max_width=\u00bb100%\u00bb admin_label=\u00bbPrograma\u00bb module_class=\u00bbprograma\u00bb _builder_version=\u00bb4.13.1&#8243; _module_preset=\u00bbdefault\u00bb custom_padding=\u00bb||20px||false|false\u00bb border_width_bottom=\u00bb1px\u00bb border_color_bottom=\u00bb#eaeaea\u00bb global_colors_info=\u00bb{}\u00bb theme_builder_area=\u00bbpost_content\u00bb]<p>En el marco del IV Congreso Internacional en Gobierno, Administraci\u00f3n y Pol\u00edticas P\u00fablicas 2013, celebrado en la sede del Instituto Nacional de Administraci\u00f3n P\u00fablica (INAP), el 23 y 24 de septiembre, Palmira Chavero entrevista al director de GRAPA, Rafael Mart\u00ednez.<\/p>\n<p>El <a href=\"http:\/\/www.youtube.com\/watch?v=BQSHwvaqyyk\" target=\"_blank\" rel=\"noopener\">v\u00eddeo<\/a><a href=\"http:\/\/www.youtube.com\/watch?v=BQSHwvaqyyk\" target=\"_blank\" rel=\"noopener\"> <\/a>est\u00e1 disponible en la web del <a href=\"http:\/\/www.gigapp.org\/es\/videos\/263-video-entrevista-a-rafael-martinez-martinez\" target=\"_blank\" rel=\"noopener\">GIGAPP<\/a>.<\/p>[\/et_pb_blurb][\/et_pb_column][\/et_pb_row][et_pb_row admin_label=\u00bbSeparador\u00bb _builder_version=\u00bb4.13.1&#8243; _module_preset=\u00bbdefault\u00bb background_size=\u00bbinitial\u00bb background_position=\u00bbtop_left\u00bb background_repeat=\u00bbrepeat\u00bb width=\u00bb100%\u00bb width_tablet=\u00bb100%\u00bb width_phone=\u00bb100%\u00bb width_last_edited=\u00bbon|desktop\u00bb module_alignment=\u00bbcenter\u00bb custom_padding=\u00bb75px||50px||false|false\u00bb collapsed=\u00bbon\u00bb global_colors_info=\u00bb{}\u00bb theme_builder_area=\u00bbpost_content\u00bb][et_pb_column type=\u00bb4_4&#8243; _builder_version=\u00bb4.12.1&#8243; _module_preset=\u00bbdefault\u00bb global_colors_info=\u00bb{}\u00bb theme_builder_area=\u00bbpost_content\u00bb][et_pb_divider color=\u00bb#6090c4&#8243; divider_style=\u00bbdashed\u00bb divider_position=\u00bbcenter\u00bb _builder_version=\u00bb4.11.4&#8243; _module_preset=\u00bbdefault\u00bb global_colors_info=\u00bb{}\u00bb theme_builder_area=\u00bbpost_content\u00bb][\/et_pb_divider][\/et_pb_column][\/et_pb_row][et_pb_row admin_label=\u00bbSeguridad y defensa\u00bb module_id=\u00bbseguridadydefensa\u00bb _builder_version=\u00bb4.13.1&#8243; _module_preset=\u00bbdefault\u00bb width=\u00bb100%\u00bb width_tablet=\u00bb100%\u00bb width_phone=\u00bb100%\u00bb width_last_edited=\u00bbon|phone\u00bb custom_padding=\u00bb0px||0px||false|false\u00bb collapsed=\u00bboff\u00bb global_colors_info=\u00bb{}\u00bb theme_builder_area=\u00bbpost_content\u00bb][et_pb_column type=\u00bb4_4&#8243; _builder_version=\u00bb4.13.1&#8243; _module_preset=\u00bbdefault\u00bb global_colors_info=\u00bb{}\u00bb theme_builder_area=\u00bbpost_content\u00bb][et_pb_text admin_label=\u00bbT\u00edtulo secci\u00f3n\u00bb _builder_version=\u00bb4.13.1&#8243; _module_preset=\u00bbdefault\u00bb global_colors_info=\u00bb{}\u00bb theme_builder_area=\u00bbpost_content\u00bb]<h2>Seguridad y defensa<\/h2>[\/et_pb_text][et_pb_blurb title=\u00bbEntrevista en Ag\u00e8ncia Catalana de Not\u00edcies (ACN)\u00bb image=\u00bbhttps:\/\/www.ub.edu\/grapa\/wp-content\/uploads\/2021\/11\/EntrevistaACN.jpg\u00bb icon_placement=\u00bbleft\u00bb content_max_width=\u00bb100%\u00bb admin_label=\u00bbPrograma\u00bb module_id=\u00bbacn\u00bb module_class=\u00bbprograma\u00bb _builder_version=\u00bb4.13.1&#8243; _module_preset=\u00bbdefault\u00bb custom_padding=\u00bb||20px||false|false\u00bb border_width_bottom=\u00bb1px\u00bb border_color_bottom=\u00bb#eaeaea\u00bb global_colors_info=\u00bb{}\u00bb theme_builder_area=\u00bbpost_content\u00bb]<p>Rafa\u00a0Mart\u00ednez es entrevistado por\u00a0la Ag\u00e8ncia\u00a0Catalana de Not\u00edcies\u00a0(ACN), el 10 de enero\u00a0de 2015, para hablar\u00a0sobre el terrorismo jihadista. Puede consultarse el audio y el video\u00a0en su <a href=\"http:\/\/www.acn.cat\/acn\/775097\/Societat\/audio\/jihadisme-seguretat-rafael-martinez-ub-expert-seguretat.html\" target=\"_blank\" rel=\"noopener\">web<\/a>.<\/p>[\/et_pb_blurb][et_pb_blurb title=\u00bbColoquio en el programa La Ramba en BTV\u00bb image=\u00bbhttps:\/\/www.ub.edu\/grapa\/wp-content\/uploads\/2021\/11\/Captura.jpg\u00bb icon_placement=\u00bbleft\u00bb content_max_width=\u00bb100%\u00bb admin_label=\u00bbPrograma\u00bb module_id=\u00bbramblabtv\u00bb module_class=\u00bbprograma\u00bb _builder_version=\u00bb4.13.1&#8243; _module_preset=\u00bbdefault\u00bb custom_padding=\u00bb||20px||false|false\u00bb border_width_bottom=\u00bb1px\u00bb border_color_bottom=\u00bb#eaeaea\u00bb global_colors_info=\u00bb{}\u00bb theme_builder_area=\u00bbpost_content\u00bb]<p>El director de GRAPA, Rafa Mart\u00ednez, particip\u00f3 el 7 de enero de 2015, en el<a href=\"http:\/\/www.btv.cat\/alacarta\/la-rambla\/36222\/?v=0.035977447871118784%3Fv%3D1420708808\" target=\"_blank\" rel=\"noopener\"> coloquio del programa de BTV, La Rambla<\/a>, para comentar los ataques\u00a0jihadistas en Paris.<\/p>[\/et_pb_blurb][et_pb_blurb title=\u00bbVII Seminario del Grupo de Investigaci\u00f3n Historia de Nuestro Tiempo\u00bb content_max_width=\u00bb100%\u00bb admin_label=\u00bbPrograma sin foto\u00bb module_class=\u00bbprograma_nf\u00bb _builder_version=\u00bb4.13.1&#8243; _module_preset=\u00bbdefault\u00bb custom_padding=\u00bb||20px||false|false\u00bb border_width_bottom=\u00bb1px\u00bb border_color_bottom=\u00bb#eaeaea\u00bb global_colors_info=\u00bb{}\u00bb theme_builder_area=\u00bbpost_content\u00bb]<p>En el VII Seminario del Grupo de Investigaci\u00f3n Historia de Nuestro Tiempo, &#8216;Le temps qu&#8217;on vit&#8217;, celebrado el \u00a012 de febrero de 2014, en la Universidad de La Rioja, <strong>Isabel Ad\u00e9<\/strong> imparti\u00f3 la sesi\u00f3n sobre \u00abLa reforma de la ense\u00f1anza militar en Espa\u00f1a: retos y logros en el proceso de consolidaci\u00f3n democr\u00e1tica\u00bb.<\/p>[\/et_pb_blurb][et_pb_blurb title=\u00bbEntrevista en %22Las noticias de las 10%22 en BTV\u00bb image=\u00bbhttps:\/\/www.ub.edu\/grapa\/wp-content\/uploads\/2021\/11\/Rafa_BTV.png\u00bb icon_placement=\u00bbleft\u00bb content_max_width=\u00bb100%\u00bb admin_label=\u00bbPrograma\u00bb module_class=\u00bbprograma\u00bb _builder_version=\u00bb4.13.1&#8243; _module_preset=\u00bbdefault\u00bb custom_padding=\u00bb||20px||false|false\u00bb border_width_bottom=\u00bb1px\u00bb border_color_bottom=\u00bb#eaeaea\u00bb global_colors_info=\u00bb{}\u00bb theme_builder_area=\u00bbpost_content\u00bb]<p>Los <a href=\"http:\/\/www.btv.cat\/informatius\/\" target=\"_blank\" rel=\"noopener\">servicios informativos de Barcelona Televisi\u00f3n<\/a> (BTV), en su programa \u00abLas noticias de las 10\u00bb, entrevistan a <strong>Rafael Mart\u00ednez<\/strong> para comentar c\u00f3mo act\u00faan los servicios\u00a0 secretos en el mundo<\/p>[\/et_pb_blurb][et_pb_blurb title=\u00bbSeminario \u201cLas Fuerzas Armadas en la sociedad democr\u00e1tica%22&#8243; content_max_width=\u00bb100%\u00bb admin_label=\u00bbPrograma sin foto\u00bb module_class=\u00bbprograma_nf\u00bb _builder_version=\u00bb4.13.1&#8243; _module_preset=\u00bbdefault\u00bb custom_padding=\u00bb||20px||false|false\u00bb hover_enabled=\u00bb0&#8243; border_width_bottom=\u00bb1px\u00bb border_color_bottom=\u00bb#eaeaea\u00bb global_colors_info=\u00bb{}\u00bb theme_builder_area=\u00bbpost_content\u00bb sticky_enabled=\u00bb0&#8243;]<p><strong>Rafael Mart\u00ednez<\/strong> presenta su ponencia: <strong>\u201cNuevos tiempos para las Fuerzas Armadas en democracia y nuevos perfiles de sus componentes\u201d<\/strong>, en el Seminario <a href=\"https:\/\/www.ub.edu\/grapa\/wp-content\/uploads\/2021\/11\/Programa.pdf\" target=\"_blank\" rel=\"noopener\">\u201cLas Fuerzas Armadas en la sociedad democr\u00e1tica\u00bb<\/a>, celebrado el 24 y 25 de octubre de 2013, en Barcelona. Actividad organizada por el Instituto de Ciencias Pol\u00edticas y Sociales (ICPS) con la colaboraci\u00f3n del Instituto Espa\u00f1ol de Estudios Estrat\u00e9gicos (<a href=\"http:\/\/www.ieee.es\/\" target=\"_blank\" rel=\"noopener\">IEEE<\/a>).<\/p>[\/et_pb_blurb][et_pb_blurb title=\u00bb Jornadas del Centro de Estudios por la paz JM Del\u00e0s (Just\u00edcia i Pau)\u00bb content_max_width=\u00bb100%\u00bb admin_label=\u00bbPrograma sin foto\u00bb module_class=\u00bbprograma_nf\u00bb _builder_version=\u00bb4.13.1&#8243; _module_preset=\u00bbdefault\u00bb custom_padding=\u00bb||20px||false|false\u00bb border_width_all=\u00bb0px\u00bb border_width_bottom=\u00bb1px\u00bb border_color_bottom=\u00bb#eaeaea\u00bb global_colors_info=\u00bb{}\u00bb theme_builder_area=\u00bbpost_content\u00bb]<p>En las <a href=\"https:\/\/www.ub.edu\/grapa\/wp-content\/uploads\/2021\/11\/diptic_jornades_defensa_cat.pdf\">Jornadas<\/a> del <a href=\"http:\/\/www.centredelas.org\/\" target=\"_blank\" rel=\"noopener\">Centro de Estudios por la paz JM Del\u00e0s<\/a> (<a href=\"https:\/\/www.justiciaipau.org\" target=\"_blank\" rel=\"noopener\">Just\u00edcia i Pau<\/a>), celebradas el 12 y 13 de diciembre de 2012, Rafael Mart\u00ednez participa en el debate: <a href=\"http:\/\/vimeo.com\/56831983\" target=\"_blank\" rel=\"noopener\">\u201c\u00bfQu\u00e9 defensa y seguridad para Catalu\u00f1a?\u00bb<\/a><\/p>[\/et_pb_blurb][et_pb_blurb title=\u00bbIV Jornadas sobre Pol\u00edtica y Seguridad Internacional\u00bb content_max_width=\u00bb100%\u00bb admin_label=\u00bbPrograma sin foto\u00bb module_class=\u00bbprograma_nf\u00bb _builder_version=\u00bb4.13.1&#8243; _module_preset=\u00bbdefault\u00bb custom_padding=\u00bb||20px||false|false\u00bb hover_enabled=\u00bb0&#8243; border_width_all=\u00bb0px\u00bb border_width_bottom=\u00bb1px\u00bb border_color_bottom=\u00bb#eaeaea\u00bb global_colors_info=\u00bb{}\u00bb theme_builder_area=\u00bbpost_content\u00bb sticky_enabled=\u00bb0&#8243;]<p>En las <a href=\"https:\/\/www.ub.edu\/grapa\/wp-content\/uploads\/2021\/11\/IV_Jornadas_UGranada.pdf\" target=\"_blank\" rel=\"noopener\">IV Jornadas sobre Pol\u00edtica y Seguridad Internacional<\/a>, celebradas en la Aula Magna de la Facultad de Ciencias Pol\u00edticas y Sociolog\u00eda, de la Universidad de Granada, del 24 al 26 de octubre de 2012, Rafael Mart\u00ednez imparti\u00f3 la conferencia: <a href=\"https:\/\/youtu.be\/-uDOMRnkNEA\" target=\"_blank\" rel=\"noopener\">\u201cLas reglas de enfrentamiento en los conflictos asim\u00e9tricos\u201d.<\/a><\/p>[\/et_pb_blurb][\/et_pb_column][\/et_pb_row][\/et_pb_section]\n","protected":false},"excerpt":{"rendered":"<p>Funci\u00f3n p\u00fablicaEn el marco del IV Congreso Internacional en Gobierno, Administraci\u00f3n y Pol\u00edticas P\u00fablicas 2013, celebrado en la sede del Instituto Nacional de Administraci\u00f3n P\u00fablica (INAP), el 23 y 24 de septiembre, Palmira Chavero entrevista al director de GRAPA, Rafael Mart\u00ednez. El v\u00eddeo est\u00e1 disponible en la web del GIGAPP.Seguridad y defensaRafa\u00a0Mart\u00ednez es entrevistado por\u00a0la [&hellip;]<\/p>\n","protected":false},"author":3,"featured_media":0,"parent":2890,"menu_order":0,"comment_status":"closed","ping_status":"closed","template":"","meta":{"_et_pb_use_builder":"on","_et_pb_old_content":"","_et_gb_content_width":"","footnotes":""},"class_list":["post-3551","page","type-page","status-publish","hentry"],"_links":{"self":[{"href":"https:\/\/www.ub.edu\/grapa\/wp-json\/wp\/v2\/pages\/3551","targetHints":{"allow":["GET"]}}],"collection":[{"href":"https:\/\/www.ub.edu\/grapa\/wp-json\/wp\/v2\/pages"}],"about":[{"href":"https:\/\/www.ub.edu\/grapa\/wp-json\/wp\/v2\/types\/page"}],"author":[{"embeddable":true,"href":"https:\/\/www.ub.edu\/grapa\/wp-json\/wp\/v2\/users\/3"}],"replies":[{"embeddable":true,"href":"https:\/\/www.ub.edu\/grapa\/wp-json\/wp\/v2\/comments?post=3551"}],"version-history":[{"count":1,"href":"https:\/\/www.ub.edu\/grapa\/wp-json\/wp\/v2\/pages\/3551\/revisions"}],"predecessor-version":[{"id":4653,"href":"https:\/\/www.ub.edu\/grapa\/wp-json\/wp\/v2\/pages\/3551\/revisions\/4653"}],"up":[{"embeddable":true,"href":"https:\/\/www.ub.edu\/grapa\/wp-json\/wp\/v2\/pages\/2890"}],"wp:attachment":[{"href":"https:\/\/www.ub.edu\/grapa\/wp-json\/wp\/v2\/media?parent=3551"}],"curies":[{"name":"wp","href":"https:\/\/api.w.org\/{rel}","templated":true}]}}