{"id":3745,"date":"2021-11-24T10:17:51","date_gmt":"2021-11-24T10:17:51","guid":{"rendered":"https:\/\/www.ub.edu\/grapa\/?page_id=3745"},"modified":"2023-10-08T08:54:10","modified_gmt":"2023-10-08T08:54:10","slug":"adolfocalatrava","status":"publish","type":"page","link":"https:\/\/www.ub.edu\/grapa\/equipo\/adolfocalatrava\/","title":{"rendered":"Ficha Adolfo Calatrava"},"content":{"rendered":"<p>[et_pb_section fb_built=\u00bb1&#8243; admin_label=\u00bbFicha miembro\u00bb _builder_version=\u00bb4.13.1&#8243; _module_preset=\u00bbdefault\u00bb global_colors_info=\u00bb{}\u00bb][et_pb_row column_structure=\u00bb1_5,3_5,1_5&#8243; use_custom_gutter=\u00bbon\u00bb gutter_width=\u00bb1&#8243; make_equal=\u00bbon\u00bb admin_label=\u00bbEncabezado\u00bb _builder_version=\u00bb4.13.1&#8243; _module_preset=\u00bbdefault\u00bb background_color=\u00bb#FFFFFF\u00bb width_tablet=\u00bb90%\u00bb width_phone=\u00bb85%\u00bb width_last_edited=\u00bbon|phone\u00bb animation_style=\u00bbfade\u00bb animation_direction=\u00bbtop\u00bb border_width_bottom=\u00bb1px\u00bb border_color_bottom=\u00bb#000000&#8243; border_style_bottom=\u00bbdotted\u00bb collapsed=\u00bbon\u00bb global_colors_info=\u00bb{}\u00bb width__hover_enabled=\u00bboff|desktop\u00bb][et_pb_column type=\u00bb1_5&#8243; admin_label=\u00bbFoto\u00bb _builder_version=\u00bb4.10.7&#8243; _module_preset=\u00bbdefault\u00bb global_colors_info=\u00bb{}\u00bb][et_pb_image src=\u00bbhttps:\/\/www.ub.edu\/grapa\/wp-content\/uploads\/2021\/11\/perfil_adolfocalatrava.jpg\u00bb alt=\u00bbRafa Mart\u00ednez\u00bb title_text=\u00bbperfil_adolfocalatrava\u00bb align=\u00bbcenter\u00bb align_tablet=\u00bbcenter\u00bb align_phone=\u00bbcenter\u00bb align_last_edited=\u00bbon|tablet\u00bb _builder_version=\u00bb4.13.1&#8243; _module_preset=\u00bbdefault\u00bb max_width=\u00bb200px\u00bb border_radii=\u00bbon|586px|586px|586px|586px\u00bb border_width_all=\u00bb4px\u00bb border_color_all=\u00bb#a8a8a8&#8243; border_style_all=\u00bbdouble\u00bb global_colors_info=\u00bb{}\u00bb][\/et_pb_image][\/et_pb_column][et_pb_column type=\u00bb3_5&#8243; admin_label=\u00bbDatos\u00bb _builder_version=\u00bb4.10.7&#8243; _module_preset=\u00bbdefault\u00bb custom_padding_tablet=\u00bb\u00bb custom_padding_phone=\u00bb\u00bb custom_padding_last_edited=\u00bbon|tablet\u00bb global_colors_info=\u00bb{}\u00bb][et_pb_text admin_label=\u00bbNombre\u00bb _builder_version=\u00bb4.13.1&#8243; _module_preset=\u00bbdefault\u00bb custom_margin_tablet=\u00bb20px||||false|false\u00bb custom_margin_phone=\u00bb\u00bb custom_margin_last_edited=\u00bbon|phone\u00bb text_orientation_tablet=\u00bbcenter\u00bb text_orientation_phone=\u00bbleft\u00bb text_orientation_last_edited=\u00bbon|tablet\u00bb global_colors_info=\u00bb{}\u00bb]<\/p>\n<p><span style=\"font-size: xx-large;\">Dr. Adolfo Calatrava Garc\u00eda<\/span><\/p>\n<p>[\/et_pb_text][et_pb_text admin_label=\u00bbCargo\u00bb _builder_version=\u00bb4.13.1&#8243; _module_preset=\u00bbdefault\u00bb text_font=\u00bb|300|||||||\u00bb text_orientation_tablet=\u00bbcenter\u00bb text_orientation_phone=\u00bbleft\u00bb text_orientation_last_edited=\u00bbon|phone\u00bb global_colors_info=\u00bb{}\u00bb]<\/p>\n<p>Doctor en Ciencia Pol\u00edtica y de la Administraci\u00f3n<\/p>\n<p>[\/et_pb_text][et_pb_blurb use_icon=\u00bbon\u00bb font_icon=\u00bb&#xe010;||divi||400&#8243; icon_color=\u00bb#FFFFFF\u00bb image_icon_background_color=\u00bb#1972B2&#8243; icon_placement=\u00bbleft\u00bb image_icon_width=\u00bb16px\u00bb admin_label=\u00bbMail\u00bb _builder_version=\u00bb4.13.1&#8243; _module_preset=\u00bbdefault\u00bb image_icon_custom_padding=\u00bb8px|8px|8px|8px|false|false\u00bb max_width=\u00bb35px\u00bb module_alignment=\u00bbleft\u00bb custom_margin=\u00bb10px||||false|false\u00bb custom_padding=\u00bb||||false|false\u00bb custom_padding_tablet=\u00bb|||42%|false|false\u00bb custom_padding_phone=\u00bb|||0%|false|false\u00bb custom_padding_last_edited=\u00bbon|tablet\u00bb hover_transition_duration=\u00bb500ms\u00bb link_option_url=\u00bbmailto:\u00bb custom_css_main_element=\u00bbdisplay: inline-block;\u00bb border_radii_image=\u00bbon|100%|100%|100%|100%\u00bb use_circle=\u00bbon\u00bb circle_color=\u00bb#b7b7b7&#8243; circle_color__hover=\u00bb#6090c4&#8243; circle_color__hover_enabled=\u00bbon|desktop\u00bb global_colors_info=\u00bb{}\u00bb icon_color__hover_enabled=\u00bbon|hover\u00bb icon_color__hover=\u00bb#FFFFFF\u00bb image_icon_background_color__hover=\u00bb#62A6EA\u00bb image_icon_background_color__hover_enabled=\u00bbon|desktop\u00bb image_icon_background_color__sticky_enabled=\u00bb#2ea3f2&#8243; image_icon_background_color__sticky=\u00bb#2ea3f2&#8243;][\/et_pb_blurb][et_pb_blurb use_icon=\u00bbon\u00bb font_icon=\u00bb&#xe0e3;||divi||400&#8243; icon_color=\u00bb#FFFFFF\u00bb image_icon_background_color=\u00bb#1972B2&#8243; icon_placement=\u00bbleft\u00bb image_icon_width=\u00bb16px\u00bb admin_label=\u00bbWeb\u00bb _builder_version=\u00bb4.13.1&#8243; _module_preset=\u00bbdefault\u00bb image_icon_custom_padding=\u00bb8px|8px|8px|8px|false|false\u00bb max_width=\u00bb35px\u00bb module_alignment=\u00bbleft\u00bb custom_padding=\u00bb||||false|false\u00bb custom_padding_tablet=\u00bb|||35px|false|false\u00bb custom_padding_phone=\u00bb|||0%|false|false\u00bb custom_padding_last_edited=\u00bbon|tablet\u00bb hover_transition_duration=\u00bb500ms\u00bb custom_css_main_element=\u00bbdisplay: inline-block;\u00bb border_radii_image=\u00bbon|100%|100%|100%|100%\u00bb use_circle=\u00bbon\u00bb circle_color=\u00bb#b7b7b7&#8243; circle_color__hover=\u00bb#6090c4&#8243; circle_color__hover_enabled=\u00bbon|desktop\u00bb global_colors_info=\u00bb{}\u00bb image_icon_background_color__hover=\u00bb#62A6EA\u00bb image_icon_background_color__hover_enabled=\u00bbon|desktop\u00bb image_icon_background_color__sticky_enabled=\u00bb#2ea3f2&#8243; image_icon_background_color__sticky=\u00bb#2ea3f2&#8243;][\/et_pb_blurb][et_pb_blurb use_icon=\u00bbon\u00bb font_icon=\u00bb&#x68;||divi||400&#8243; icon_color=\u00bb#FFFFFF\u00bb image_icon_background_color=\u00bb#1972B2&#8243; icon_placement=\u00bbleft\u00bb image_icon_width=\u00bb16px\u00bb admin_label=\u00bbCurriculum\u00bb _builder_version=\u00bb4.13.1&#8243; _dynamic_attributes=\u00bblink_option_url\u00bb _module_preset=\u00bbdefault\u00bb image_icon_custom_padding=\u00bb8px|8px|8px|8px|false|false\u00bb max_width=\u00bb35px\u00bb module_alignment=\u00bbleft\u00bb custom_padding=\u00bb||||false|false\u00bb custom_padding_tablet=\u00bb|||35px|false|false\u00bb custom_padding_phone=\u00bb|||0%|false|false\u00bb custom_padding_last_edited=\u00bbon|tablet\u00bb hover_transition_duration=\u00bb500ms\u00bb link_option_url=\u00bb@ET-DC@eyJkeW5hbWljIjp0cnVlLCJjb250ZW50IjoicG9zdF9saW5rX3VybF9hdHRhY2htZW50Iiwic2V0dGluZ3MiOnsicG9zdF9pZCI6IjQyOTgifX0=@\u00bb link_option_url_new_window=\u00bbon\u00bb custom_css_main_element=\u00bbdisplay: inline-block;\u00bb border_radii_image=\u00bbon|100%|100%|100%|100%\u00bb use_circle=\u00bbon\u00bb circle_color=\u00bb#b7b7b7&#8243; circle_color__hover=\u00bb#6090c4&#8243; circle_color__hover_enabled=\u00bbon|desktop\u00bb global_colors_info=\u00bb{}\u00bb image_icon_background_color__hover=\u00bb#62A6EA\u00bb image_icon_background_color__hover_enabled=\u00bbon|desktop\u00bb image_icon_background_color__sticky_enabled=\u00bb#2ea3f2&#8243; image_icon_background_color__sticky=\u00bb#2ea3f2&#8243;][\/et_pb_blurb][\/et_pb_column][et_pb_column type=\u00bb1_5&#8243; admin_label=\u00bbRelleno\u00bb _builder_version=\u00bb4.10.7&#8243; _module_preset=\u00bbdefault\u00bb global_colors_info=\u00bb{}\u00bb][\/et_pb_column][\/et_pb_row][et_pb_row admin_label=\u00bbCuerpo\u00bb _builder_version=\u00bb4.13.1&#8243; _module_preset=\u00bbdefault\u00bb width_tablet=\u00bb90%\u00bb width_phone=\u00bb85%\u00bb width_last_edited=\u00bbon|phone\u00bb custom_margin_tablet=\u00bb\u00bb custom_margin_phone=\u00bb\u00bb custom_margin_last_edited=\u00bbon|tablet\u00bb animation_style=\u00bbslide\u00bb animation_direction=\u00bbbottom\u00bb animation_delay=\u00bb300ms\u00bb animation_intensity_slide=\u00bb5%\u00bb animation_speed_curve=\u00bbease\u00bb global_colors_info=\u00bb{}\u00bb][et_pb_column type=\u00bb4_4&#8243; admin_label=\u00bbContenido\u00bb _builder_version=\u00bb4.10.7&#8243; _module_preset=\u00bbdefault\u00bb custom_padding=\u00bb50px|80px|50px|80px|true|true\u00bb custom_padding_tablet=\u00bb15px|0px|15px|0px|true|true\u00bb custom_padding_phone=\u00bb10px|0px|10px|0px|true|true\u00bb custom_padding_last_edited=\u00bbon|phone\u00bb global_colors_info=\u00bb{}\u00bb][et_pb_text admin_label=\u00bbBiograf\u00eda\u00bb _builder_version=\u00bb4.13.1&#8243; _module_preset=\u00bbdefault\u00bb text_orientation=\u00bbjustified\u00bb custom_margin=\u00bb||||false|false\u00bb custom_padding=\u00bb||||false|false\u00bb global_colors_info=\u00bb{}\u00bb]<\/p>\n<p>Doctor en Ciencia Pol\u00edtica y de la Administraci\u00f3n por la Universidad de Granada; diplomado de Estudios Avanzados en Econom\u00eda y Relaciones Internacionales por la Universidad Aut\u00f3noma de Madrid y licenciado en Historia por esta misma universidad. Igualmente tiene un m\u00e1ster en Estudios de Seguridad y Defensa por el Centro Superior de Estudios de la Defensa Nacional (CESEDEN) y la Universidad Complutense de Madrid, y posee diferente formaci\u00f3n de posgrado en el campo de la seguridad internacional, relaciones internacionales y pol\u00edticas p\u00fablicas.<\/p>\n<p>Actualmente es profesor ayudante doctor del Departamento de Relaciones Internacionales e Historia Global de la Universidad Complutense de Madrid y profesor asociado de la\u00a0American University\u00a0(Campus de Madrid). Anteriormente, ha sido profesor en la Universidad Antonio de Nebrija, en la Universidad Carlos III y en la Universidad de Granada. Tambi\u00e9n ha dado clase en diferentes m\u00e1steres y cursos de posgrado.<\/p>\n<p>Ha trabajado como Asesor en la Secretaria de Estado de Seguridad en el Ministerio del Interior; como asesor de formaci\u00f3n y t\u00e9cnico de proyectos en la Fundaci\u00f3n-Instituto Euro\u00e1rabe de Educaci\u00f3n y Formaci\u00f3n (INSTEA) y t\u00e9cnico en la Fundaci\u00f3n Euro\u00e1rabe de Altos Estudios (FUNDEA), ambas en Granada. De 2005 a 2009 fue analista del Observatorio Permanente del Ej\u00e9rcito de Tierra (OPET) del Mando de Adiestramiento y Doctrina (MADOC) y coordinador de la rama de colaboradores civiles del Observatorio.<\/p>\n<p>Ha sido investigador invitado en la\u00a0School of Social Sciences\u00a0de la Universidad de Cardiff; en el Ca\u00f1ada\u00a0Center for Spanish Studies\u00a0del Instituto Europeo de la\u00a0London School of Economics\u00a0y del Departamento de Ciencia Pol\u00edtica de la Universidad de\u00a0Tromso\u00a0en Noruega. \u00a0En 2007 fue becario del de la fundaci\u00f3n estadounidense German Marshall en el programa para j\u00f3venes l\u00edderes europeos\u00a0Memorial Marshall Fellowship.<\/p>\n<p>En la actualidad codirige el grupo de investigaci\u00f3n \u201cSeguridad, desarrollo y comunicaci\u00f3n en la Sociedad del Siglo XXI\u201d (SCD-XXI) de la universidad Complutense de Madrid (en fase de evaluaci\u00f3n) y es miembro de grupo de investigaci\u00f3n \u201cCiencia Pol\u00edtica y de la Administraci\u00f3n\u201d (SEJ-113) de la universidad de Granada.<\/p>\n<p>Sus l\u00edneas de investigaci\u00f3n se centran en dos \u00e1mbitos principales: por un lado, los estudios de seguridad internacional, geopol\u00edtica y transiciones pol\u00edticas en el espacio exsovi\u00e9tico y en el Mediterr\u00e1neo y Oriente Medio; y, por otro lado, los estudios sobre pol\u00edticas p\u00fablicas.<\/p>\n<p>En estas materias posee diferentes publicaciones acad\u00e9micas, tanto de investigaci\u00f3n como de docentes y ha presentado diferentes ponencias en congresos nacionales e internacionales. Tambi\u00e9n a participado en diversos proyectos de investigaci\u00f3n nacionales e internacionales.<\/p>\n<p>[\/et_pb_text][et_pb_tabs admin_label=\u00bbObras y publicaciones\u00bb _builder_version=\u00bb4.13.1&#8243; _module_preset=\u00bbdefault\u00bb custom_margin=\u00bb50px||||false|false\u00bb hover_enabled=\u00bb0&#8243; body_font_size_tablet=\u00bb\u00bb body_font_size_phone=\u00bb12px\u00bb body_font_size_last_edited=\u00bbon|phone\u00bb body_line_height_tablet=\u00bb\u00bb body_line_height_phone=\u00bb\u00bb body_line_height_last_edited=\u00bbon|phone\u00bb body_ul_line_height_tablet=\u00bb\u00bb body_ul_line_height_phone=\u00bb1.5em\u00bb body_ul_line_height_last_edited=\u00bbon|phone\u00bb global_colors_info=\u00bb{}\u00bb sticky_enabled=\u00bb0&#8243;][et_pb_tab title=\u00bbPublicaciones\u00bb _builder_version=\u00bb4.13.1&#8243; _module_preset=\u00bbdefault\u00bb hover_enabled=\u00bb0&#8243; global_colors_info=\u00bb{}\u00bb sticky_enabled=\u00bb0&#8243;]<\/p>\n<ul>\n<li><span>Lorem ipsum dolor sit amet, consectetur adipiscing elit. Vestibulum elementum tempus mauris, dapibus ultricies nibh dapibus ac. Integer in ligula elit. Morbi gravida faucibus sodales.<\/span><\/li>\n<li><span>Lorem ipsum dolor sit amet, consectetur adipiscing elit. Vestibulum elementum tempus mauris, dapibus ultricies nibh dapibus ac. Integer in ligula elit. Morbi gravida faucibus sodales.<\/span><\/li>\n<li><span>Lorem ipsum dolor sit amet, consectetur adipiscing elit. Vestibulum elementum tempus mauris, dapibus ultricies nibh dapibus ac. Integer in ligula elit. Morbi gravida faucibus sodales.<\/span><\/li>\n<\/ul>\n<p>[\/et_pb_tab][\/et_pb_tabs][\/et_pb_column][\/et_pb_row][\/et_pb_section]<\/p>\n","protected":false},"excerpt":{"rendered":"<p>Dr. Adolfo Calatrava Garc\u00edaDoctor en Ciencia Pol\u00edtica y de la Administraci\u00f3nDoctor en Ciencia Pol\u00edtica y de la Administraci\u00f3n por la Universidad de Granada; diplomado de Estudios Avanzados en Econom\u00eda y Relaciones Internacionales por la Universidad Aut\u00f3noma de Madrid y licenciado en Historia por esta misma universidad. Igualmente tiene un m\u00e1ster en Estudios de Seguridad y [&hellip;]<\/p>\n","protected":false},"author":3,"featured_media":0,"parent":2886,"menu_order":0,"comment_status":"closed","ping_status":"closed","template":"","meta":{"_et_pb_use_builder":"on","_et_pb_old_content":"","_et_gb_content_width":"","footnotes":""},"class_list":["post-3745","page","type-page","status-publish","hentry"],"_links":{"self":[{"href":"https:\/\/www.ub.edu\/grapa\/wp-json\/wp\/v2\/pages\/3745","targetHints":{"allow":["GET"]}}],"collection":[{"href":"https:\/\/www.ub.edu\/grapa\/wp-json\/wp\/v2\/pages"}],"about":[{"href":"https:\/\/www.ub.edu\/grapa\/wp-json\/wp\/v2\/types\/page"}],"author":[{"embeddable":true,"href":"https:\/\/www.ub.edu\/grapa\/wp-json\/wp\/v2\/users\/3"}],"replies":[{"embeddable":true,"href":"https:\/\/www.ub.edu\/grapa\/wp-json\/wp\/v2\/comments?post=3745"}],"version-history":[{"count":3,"href":"https:\/\/www.ub.edu\/grapa\/wp-json\/wp\/v2\/pages\/3745\/revisions"}],"predecessor-version":[{"id":5207,"href":"https:\/\/www.ub.edu\/grapa\/wp-json\/wp\/v2\/pages\/3745\/revisions\/5207"}],"up":[{"embeddable":true,"href":"https:\/\/www.ub.edu\/grapa\/wp-json\/wp\/v2\/pages\/2886"}],"wp:attachment":[{"href":"https:\/\/www.ub.edu\/grapa\/wp-json\/wp\/v2\/media?parent=3745"}],"curies":[{"name":"wp","href":"https:\/\/api.w.org\/{rel}","templated":true}]}}