{"id":3757,"date":"2021-11-24T12:04:03","date_gmt":"2021-11-24T12:04:03","guid":{"rendered":"https:\/\/www.ub.edu\/grapa\/?page_id=3757"},"modified":"2023-10-08T09:23:50","modified_gmt":"2023-10-08T09:23:50","slug":"fernandodopazo","status":"publish","type":"page","link":"https:\/\/www.ub.edu\/grapa\/equipo\/fernandodopazo\/","title":{"rendered":"Ficha Fernando Dopazo"},"content":{"rendered":"<p>[et_pb_section fb_built=\u00bb1&#8243; admin_label=\u00bbFicha miembro\u00bb _builder_version=\u00bb4.13.1&#8243; _module_preset=\u00bbdefault\u00bb global_colors_info=\u00bb{}\u00bb][et_pb_row column_structure=\u00bb1_5,3_5,1_5&#8243; use_custom_gutter=\u00bbon\u00bb gutter_width=\u00bb1&#8243; make_equal=\u00bbon\u00bb admin_label=\u00bbEncabezado\u00bb _builder_version=\u00bb4.13.1&#8243; _module_preset=\u00bbdefault\u00bb background_color=\u00bb#FFFFFF\u00bb width_tablet=\u00bb90%\u00bb width_phone=\u00bb85%\u00bb width_last_edited=\u00bbon|phone\u00bb animation_style=\u00bbfade\u00bb animation_direction=\u00bbtop\u00bb border_width_bottom=\u00bb1px\u00bb border_color_bottom=\u00bb#000000&#8243; border_style_bottom=\u00bbdotted\u00bb collapsed=\u00bbon\u00bb global_colors_info=\u00bb{}\u00bb width__hover_enabled=\u00bboff|desktop\u00bb][et_pb_column type=\u00bb1_5&#8243; admin_label=\u00bbFoto\u00bb _builder_version=\u00bb4.10.7&#8243; _module_preset=\u00bbdefault\u00bb global_colors_info=\u00bb{}\u00bb][et_pb_image src=\u00bbhttps:\/\/www.ub.edu\/grapa\/wp-content\/uploads\/2021\/11\/perfil_fernandodopazo.jpg\u00bb alt=\u00bbRafa Mart\u00ednez\u00bb title_text=\u00bbperfil_fernandodopazo\u00bb align=\u00bbcenter\u00bb align_tablet=\u00bbcenter\u00bb align_phone=\u00bbcenter\u00bb align_last_edited=\u00bbon|tablet\u00bb _builder_version=\u00bb4.13.1&#8243; _module_preset=\u00bbdefault\u00bb max_width=\u00bb200px\u00bb border_radii=\u00bbon|586px|586px|586px|586px\u00bb border_width_all=\u00bb4px\u00bb border_color_all=\u00bb#a8a8a8&#8243; border_style_all=\u00bbdouble\u00bb global_colors_info=\u00bb{}\u00bb][\/et_pb_image][\/et_pb_column][et_pb_column type=\u00bb3_5&#8243; admin_label=\u00bbDatos\u00bb _builder_version=\u00bb4.10.7&#8243; _module_preset=\u00bbdefault\u00bb custom_padding_tablet=\u00bb\u00bb custom_padding_phone=\u00bb\u00bb custom_padding_last_edited=\u00bbon|tablet\u00bb global_colors_info=\u00bb{}\u00bb][et_pb_text admin_label=\u00bbNombre\u00bb _builder_version=\u00bb4.13.1&#8243; _module_preset=\u00bbdefault\u00bb custom_margin_tablet=\u00bb20px||||false|false\u00bb custom_margin_phone=\u00bb\u00bb custom_margin_last_edited=\u00bbon|phone\u00bb text_orientation_tablet=\u00bbcenter\u00bb text_orientation_phone=\u00bbleft\u00bb text_orientation_last_edited=\u00bbon|tablet\u00bb global_colors_info=\u00bb{}\u00bb]<\/p>\n<p><span style=\"font-size: xx-large;\">Fernando Dopazo<\/span><\/p>\n<p>[\/et_pb_text][et_pb_text admin_label=\u00bbCargo\u00bb _builder_version=\u00bb4.13.1&#8243; _module_preset=\u00bbdefault\u00bb text_font=\u00bb|300|||||||\u00bb text_orientation_tablet=\u00bbcenter\u00bb text_orientation_phone=\u00bbleft\u00bb text_orientation_last_edited=\u00bbon|phone\u00bb global_colors_info=\u00bb{}\u00bb]<\/p>\n<p>Fundador de Pensares, consultora pol\u00edtica para Am\u00e9rica Latina.<\/p>\n<p>[\/et_pb_text][et_pb_blurb use_icon=\u00bbon\u00bb font_icon=\u00bb&#xe010;||divi||400&#8243; icon_color=\u00bb#FFFFFF\u00bb image_icon_background_color=\u00bb#1972B2&#8243; icon_placement=\u00bbleft\u00bb image_icon_width=\u00bb16px\u00bb admin_label=\u00bbMail\u00bb _builder_version=\u00bb4.13.1&#8243; _module_preset=\u00bbdefault\u00bb image_icon_custom_padding=\u00bb8px|8px|8px|8px|false|false\u00bb max_width=\u00bb35px\u00bb module_alignment=\u00bbleft\u00bb custom_margin=\u00bb10px||||false|false\u00bb custom_padding=\u00bb||||false|false\u00bb custom_padding_tablet=\u00bb|||42%|false|false\u00bb custom_padding_phone=\u00bb|||0%|false|false\u00bb custom_padding_last_edited=\u00bbon|tablet\u00bb hover_transition_duration=\u00bb500ms\u00bb link_option_url=\u00bbmailto:\u00bb custom_css_main_element=\u00bbdisplay: inline-block;\u00bb border_radii_image=\u00bbon|100%|100%|100%|100%\u00bb use_circle=\u00bbon\u00bb circle_color=\u00bb#b7b7b7&#8243; circle_color__hover=\u00bb#6090c4&#8243; circle_color__hover_enabled=\u00bbon|desktop\u00bb global_colors_info=\u00bb{}\u00bb icon_color__hover_enabled=\u00bbon|hover\u00bb icon_color__hover=\u00bb#FFFFFF\u00bb image_icon_background_color__hover=\u00bb#62A6EA\u00bb image_icon_background_color__hover_enabled=\u00bbon|desktop\u00bb image_icon_background_color__sticky_enabled=\u00bb#2ea3f2&#8243; image_icon_background_color__sticky=\u00bb#2ea3f2&#8243;][\/et_pb_blurb][et_pb_blurb use_icon=\u00bbon\u00bb font_icon=\u00bb&#xe0e3;||divi||400&#8243; icon_color=\u00bb#FFFFFF\u00bb image_icon_background_color=\u00bb#1972B2&#8243; icon_placement=\u00bbleft\u00bb image_icon_width=\u00bb16px\u00bb admin_label=\u00bbWeb\u00bb _builder_version=\u00bb4.13.1&#8243; _module_preset=\u00bbdefault\u00bb image_icon_custom_padding=\u00bb8px|8px|8px|8px|false|false\u00bb max_width=\u00bb35px\u00bb module_alignment=\u00bbleft\u00bb custom_padding=\u00bb||||false|false\u00bb custom_padding_tablet=\u00bb|||35px|false|false\u00bb custom_padding_phone=\u00bb|||0%|false|false\u00bb custom_padding_last_edited=\u00bbon|tablet\u00bb hover_transition_duration=\u00bb500ms\u00bb custom_css_main_element=\u00bbdisplay: inline-block;\u00bb border_radii_image=\u00bbon|100%|100%|100%|100%\u00bb use_circle=\u00bbon\u00bb circle_color=\u00bb#b7b7b7&#8243; circle_color__hover=\u00bb#6090c4&#8243; circle_color__hover_enabled=\u00bbon|desktop\u00bb global_colors_info=\u00bb{}\u00bb image_icon_background_color__hover=\u00bb#62A6EA\u00bb image_icon_background_color__hover_enabled=\u00bbon|desktop\u00bb image_icon_background_color__sticky_enabled=\u00bb#2ea3f2&#8243; image_icon_background_color__sticky=\u00bb#2ea3f2&#8243;][\/et_pb_blurb][et_pb_blurb use_icon=\u00bbon\u00bb font_icon=\u00bb&#x68;||divi||400&#8243; icon_color=\u00bb#FFFFFF\u00bb image_icon_background_color=\u00bb#1972B2&#8243; icon_placement=\u00bbleft\u00bb image_icon_width=\u00bb16px\u00bb admin_label=\u00bbCurriculum\u00bb _builder_version=\u00bb4.13.1&#8243; _module_preset=\u00bbdefault\u00bb image_icon_custom_padding=\u00bb8px|8px|8px|8px|false|false\u00bb max_width=\u00bb35px\u00bb module_alignment=\u00bbleft\u00bb custom_padding=\u00bb||||false|false\u00bb custom_padding_tablet=\u00bb|||35px|false|false\u00bb custom_padding_phone=\u00bb|||0%|false|false\u00bb custom_padding_last_edited=\u00bbon|tablet\u00bb hover_transition_duration=\u00bb500ms\u00bb custom_css_main_element=\u00bbdisplay: inline-block;\u00bb border_radii_image=\u00bbon|100%|100%|100%|100%\u00bb use_circle=\u00bbon\u00bb circle_color=\u00bb#b7b7b7&#8243; circle_color__hover=\u00bb#6090c4&#8243; circle_color__hover_enabled=\u00bbon|desktop\u00bb global_colors_info=\u00bb{}\u00bb image_icon_background_color__hover=\u00bb#62A6EA\u00bb image_icon_background_color__hover_enabled=\u00bbon|desktop\u00bb image_icon_background_color__sticky_enabled=\u00bb#2ea3f2&#8243; image_icon_background_color__sticky=\u00bb#2ea3f2&#8243;][\/et_pb_blurb][\/et_pb_column][et_pb_column type=\u00bb1_5&#8243; admin_label=\u00bbRelleno\u00bb _builder_version=\u00bb4.10.7&#8243; _module_preset=\u00bbdefault\u00bb global_colors_info=\u00bb{}\u00bb][\/et_pb_column][\/et_pb_row][et_pb_row admin_label=\u00bbCuerpo\u00bb _builder_version=\u00bb4.13.1&#8243; _module_preset=\u00bbdefault\u00bb width_tablet=\u00bb90%\u00bb width_phone=\u00bb85%\u00bb width_last_edited=\u00bbon|phone\u00bb custom_margin_tablet=\u00bb\u00bb custom_margin_phone=\u00bb\u00bb custom_margin_last_edited=\u00bbon|tablet\u00bb animation_style=\u00bbslide\u00bb animation_direction=\u00bbbottom\u00bb animation_delay=\u00bb300ms\u00bb animation_intensity_slide=\u00bb5%\u00bb animation_speed_curve=\u00bbease\u00bb global_colors_info=\u00bb{}\u00bb][et_pb_column type=\u00bb4_4&#8243; admin_label=\u00bbContenido\u00bb _builder_version=\u00bb4.10.7&#8243; _module_preset=\u00bbdefault\u00bb custom_padding=\u00bb50px|80px|50px|80px|true|true\u00bb custom_padding_tablet=\u00bb15px|0px|15px|0px|true|true\u00bb custom_padding_phone=\u00bb10px|0px|10px|0px|true|true\u00bb custom_padding_last_edited=\u00bbon|phone\u00bb global_colors_info=\u00bb{}\u00bb][et_pb_text admin_label=\u00bbBiograf\u00eda\u00bb _builder_version=\u00bb4.13.1&#8243; _module_preset=\u00bbdefault\u00bb text_orientation=\u00bbjustified\u00bb custom_margin=\u00bb||||false|false\u00bb custom_padding=\u00bb||||false|false\u00bb global_colors_info=\u00bb{}\u00bb]<\/p>\n<p>Abogado de la Universidad de Buenos Aires, con orientaci\u00f3n en Derecho Administrativo y Derecho Internacional P\u00fablico. Realiz\u00f3 estudios de postgrado en Administraci\u00f3n P\u00fablica y Ciencia Pol\u00edtica en la Universitat de Barcelona, donde obtuvo un Diploma de Estudios Avanzado en Ciencia Pol\u00edtica. En la actualidad realiza su tesis doctoral sobre los cambios del sistema partidos en la Argentina.<\/p>\n<p>Desde hace m\u00e1s de 15 a\u00f1os ha asesorado en asuntos p\u00fablicos y pol\u00edticos a autoridades de diferentes niveles en distintos pa\u00edses de Am\u00e9rica Latina y a organismos internacionales, en particular en temas de comunicaci\u00f3n gubernamental y electoral. Desde 2007, es Director de Pensamiento Regional Estrat\u00e9gico, empresa de consultor\u00eda de la cual es cofundador. A partir de 2010, dirige las operaciones de la firma en Centroam\u00e9rica.<\/p>\n<p>Desde 2012 ha intensificado su\u00a0actividad como estratega en campa\u00f1as electorales, municipales, legislativas y provinciales, en Argentina, Ecuador, Honduras, Colombia, Per\u00fa, Nicaragua y El Salvador; y como consultor en asuntos de comunicaci\u00f3n para instituciones p\u00fablicas en Honduras, Argentina, Ecuador.<\/p>\n<p>[\/et_pb_text][et_pb_tabs admin_label=\u00bbObras y publicaciones\u00bb _builder_version=\u00bb4.13.1&#8243; _module_preset=\u00bbdefault\u00bb custom_margin=\u00bb50px||||false|false\u00bb body_font_size_tablet=\u00bb\u00bb body_font_size_phone=\u00bb12px\u00bb body_font_size_last_edited=\u00bbon|phone\u00bb body_line_height_tablet=\u00bb\u00bb body_line_height_phone=\u00bb\u00bb body_line_height_last_edited=\u00bbon|phone\u00bb body_ul_line_height_tablet=\u00bb\u00bb body_ul_line_height_phone=\u00bb1.5em\u00bb body_ul_line_height_last_edited=\u00bbon|phone\u00bb global_colors_info=\u00bb{}\u00bb][et_pb_tab title=\u00bbLibros\u00bb _builder_version=\u00bb4.13.1&#8243; _module_preset=\u00bbdefault\u00bb global_colors_info=\u00bb{}\u00bb]<\/p>\n<ul>\n<li><strong>Obra<\/strong> (Fecha)<br \/>Autores, Editorial, ISBM<\/li>\n<\/ul>\n<p>[\/et_pb_tab][et_pb_tab title=\u00bbArt\u00edculos\u00bb _builder_version=\u00bb4.13.1&#8243; _module_preset=\u00bbdefault\u00bb global_colors_info=\u00bb{}\u00bb]<\/p>\n<ul>\n<li><strong>Art\u00edculo<\/strong><br \/>Datos del art\u00edculo<\/li>\n<\/ul>\n<p>[\/et_pb_tab][et_pb_tab title=\u00bbOtras publicaciones\u00bb _builder_version=\u00bb4.13.1&#8243; _module_preset=\u00bbdefault\u00bb hover_enabled=\u00bb0&#8243; global_colors_info=\u00bb{}\u00bb sticky_enabled=\u00bb0&#8243;]<\/p>\n<ul>\n<li><b>Publicaci\u00f3n<\/b><br \/>Datos de la publicaci\u00f3n<\/li>\n<\/ul>\n<p>[\/et_pb_tab][\/et_pb_tabs][\/et_pb_column][\/et_pb_row][\/et_pb_section]<\/p>\n","protected":false},"excerpt":{"rendered":"<p>Fernando DopazoFundador de Pensares, consultora pol\u00edtica para Am\u00e9rica Latina.Abogado de la Universidad de Buenos Aires, con orientaci\u00f3n en Derecho Administrativo y Derecho Internacional P\u00fablico. Realiz\u00f3 estudios de postgrado en Administraci\u00f3n P\u00fablica y Ciencia Pol\u00edtica en la Universitat de Barcelona, donde obtuvo un Diploma de Estudios Avanzado en Ciencia Pol\u00edtica. En la actualidad realiza su tesis [&hellip;]<\/p>\n","protected":false},"author":3,"featured_media":0,"parent":2886,"menu_order":0,"comment_status":"closed","ping_status":"closed","template":"","meta":{"_et_pb_use_builder":"on","_et_pb_old_content":"","_et_gb_content_width":"","footnotes":""},"class_list":["post-3757","page","type-page","status-publish","hentry"],"_links":{"self":[{"href":"https:\/\/www.ub.edu\/grapa\/wp-json\/wp\/v2\/pages\/3757","targetHints":{"allow":["GET"]}}],"collection":[{"href":"https:\/\/www.ub.edu\/grapa\/wp-json\/wp\/v2\/pages"}],"about":[{"href":"https:\/\/www.ub.edu\/grapa\/wp-json\/wp\/v2\/types\/page"}],"author":[{"embeddable":true,"href":"https:\/\/www.ub.edu\/grapa\/wp-json\/wp\/v2\/users\/3"}],"replies":[{"embeddable":true,"href":"https:\/\/www.ub.edu\/grapa\/wp-json\/wp\/v2\/comments?post=3757"}],"version-history":[{"count":2,"href":"https:\/\/www.ub.edu\/grapa\/wp-json\/wp\/v2\/pages\/3757\/revisions"}],"predecessor-version":[{"id":5229,"href":"https:\/\/www.ub.edu\/grapa\/wp-json\/wp\/v2\/pages\/3757\/revisions\/5229"}],"up":[{"embeddable":true,"href":"https:\/\/www.ub.edu\/grapa\/wp-json\/wp\/v2\/pages\/2886"}],"wp:attachment":[{"href":"https:\/\/www.ub.edu\/grapa\/wp-json\/wp\/v2\/media?parent=3757"}],"curies":[{"name":"wp","href":"https:\/\/api.w.org\/{rel}","templated":true}]}}