{"id":3764,"date":"2021-11-24T13:52:22","date_gmt":"2021-11-24T13:52:22","guid":{"rendered":"https:\/\/www.ub.edu\/grapa\/?page_id=3764"},"modified":"2023-10-09T21:40:34","modified_gmt":"2023-10-09T21:40:34","slug":"marienduran","status":"publish","type":"page","link":"https:\/\/www.ub.edu\/grapa\/equipo\/marienduran\/","title":{"rendered":"Ficha Mari\u00e9n Dur\u00e1n Cenit"},"content":{"rendered":"<p>[et_pb_section fb_built=\u00bb1&#8243; admin_label=\u00bbFicha miembro\u00bb _builder_version=\u00bb4.13.1&#8243; _module_preset=\u00bbdefault\u00bb global_colors_info=\u00bb{}\u00bb][et_pb_row column_structure=\u00bb1_5,3_5,1_5&#8243; use_custom_gutter=\u00bbon\u00bb gutter_width=\u00bb1&#8243; make_equal=\u00bbon\u00bb admin_label=\u00bbEncabezado\u00bb _builder_version=\u00bb4.13.1&#8243; _module_preset=\u00bbdefault\u00bb background_color=\u00bb#FFFFFF\u00bb width_tablet=\u00bb90%\u00bb width_phone=\u00bb85%\u00bb width_last_edited=\u00bbon|phone\u00bb animation_style=\u00bbfade\u00bb animation_direction=\u00bbtop\u00bb border_width_bottom=\u00bb1px\u00bb border_color_bottom=\u00bb#000000&#8243; border_style_bottom=\u00bbdotted\u00bb collapsed=\u00bbon\u00bb global_colors_info=\u00bb{}\u00bb width__hover_enabled=\u00bboff|desktop\u00bb][et_pb_column type=\u00bb1_5&#8243; admin_label=\u00bbFoto\u00bb _builder_version=\u00bb4.10.7&#8243; _module_preset=\u00bbdefault\u00bb global_colors_info=\u00bb{}\u00bb][et_pb_image src=\u00bbhttps:\/\/www.ub.edu\/grapa\/wp-content\/uploads\/2023\/10\/Marien.png\u00bb alt=\u00bbRafa Mart\u00ednez\u00bb title_text=\u00bbMarien\u00bb align=\u00bbcenter\u00bb align_tablet=\u00bbcenter\u00bb align_phone=\u00bbcenter\u00bb align_last_edited=\u00bbon|tablet\u00bb _builder_version=\u00bb4.13.1&#8243; _module_preset=\u00bbdefault\u00bb max_width=\u00bb200px\u00bb border_radii=\u00bbon|586px|586px|586px|586px\u00bb border_width_all=\u00bb4px\u00bb border_color_all=\u00bb#a8a8a8&#8243; border_style_all=\u00bbdouble\u00bb global_colors_info=\u00bb{}\u00bb][\/et_pb_image][\/et_pb_column][et_pb_column type=\u00bb3_5&#8243; admin_label=\u00bbDatos\u00bb _builder_version=\u00bb4.10.7&#8243; _module_preset=\u00bbdefault\u00bb custom_padding_tablet=\u00bb\u00bb custom_padding_phone=\u00bb\u00bb custom_padding_last_edited=\u00bbon|tablet\u00bb global_colors_info=\u00bb{}\u00bb][et_pb_text admin_label=\u00bbNombre\u00bb _builder_version=\u00bb4.13.1&#8243; _module_preset=\u00bbdefault\u00bb custom_margin_tablet=\u00bb20px||||false|false\u00bb custom_margin_phone=\u00bb\u00bb custom_margin_last_edited=\u00bbon|phone\u00bb text_orientation_tablet=\u00bbcenter\u00bb text_orientation_phone=\u00bbleft\u00bb text_orientation_last_edited=\u00bbon|tablet\u00bb global_colors_info=\u00bb{}\u00bb]<\/p>\n<p><span style=\"font-size: xx-large;\">Dra. Mari\u00e9n Dur\u00e1n Cenit<\/span><\/p>\n<p>[\/et_pb_text][et_pb_text admin_label=\u00bbCargo\u00bb _builder_version=\u00bb4.13.1&#8243; _module_preset=\u00bbdefault\u00bb text_font=\u00bb|300|||||||\u00bb hover_enabled=\u00bb0&#8243; text_orientation_tablet=\u00bbcenter\u00bb text_orientation_phone=\u00bbleft\u00bb text_orientation_last_edited=\u00bbon|phone\u00bb global_colors_info=\u00bb{}\u00bb sticky_enabled=\u00bb0&#8243;]<\/p>\n<p>Profesora Titular &#8211; Universidad de Granada<\/p>\n<p>[\/et_pb_text][et_pb_blurb use_icon=\u00bbon\u00bb font_icon=\u00bb&#xe010;||divi||400&#8243; icon_color=\u00bb#FFFFFF\u00bb image_icon_background_color=\u00bb#1972B2&#8243; icon_placement=\u00bbleft\u00bb image_icon_width=\u00bb16px\u00bb admin_label=\u00bbMail\u00bb _builder_version=\u00bb4.13.1&#8243; _module_preset=\u00bbdefault\u00bb image_icon_custom_padding=\u00bb8px|8px|8px|8px|false|false\u00bb max_width=\u00bb35px\u00bb module_alignment=\u00bbleft\u00bb custom_margin=\u00bb10px||||false|false\u00bb custom_padding=\u00bb||||false|false\u00bb custom_padding_tablet=\u00bb|||42%|false|false\u00bb custom_padding_phone=\u00bb|||0%|false|false\u00bb custom_padding_last_edited=\u00bbon|tablet\u00bb hover_transition_duration=\u00bb500ms\u00bb link_option_url=\u00bbmailto:mduranc@ugr.es\u00bb custom_css_main_element=\u00bbdisplay: inline-block;\u00bb border_radii_image=\u00bbon|100%|100%|100%|100%\u00bb use_circle=\u00bbon\u00bb circle_color=\u00bb#b7b7b7&#8243; circle_color__hover=\u00bb#6090c4&#8243; circle_color__hover_enabled=\u00bbon|desktop\u00bb global_colors_info=\u00bb{}\u00bb icon_color__hover_enabled=\u00bbon|hover\u00bb icon_color__hover=\u00bb#FFFFFF\u00bb image_icon_background_color__hover=\u00bb#62A6EA\u00bb image_icon_background_color__hover_enabled=\u00bbon|desktop\u00bb image_icon_background_color__sticky_enabled=\u00bb#2ea3f2&#8243; image_icon_background_color__sticky=\u00bb#2ea3f2&#8243;][\/et_pb_blurb][et_pb_blurb use_icon=\u00bbon\u00bb font_icon=\u00bb&#xe0e3;||divi||400&#8243; icon_color=\u00bb#FFFFFF\u00bb image_icon_background_color=\u00bb#1972B2&#8243; icon_placement=\u00bbleft\u00bb image_icon_width=\u00bb16px\u00bb admin_label=\u00bbWeb\u00bb _builder_version=\u00bb4.13.1&#8243; _module_preset=\u00bbdefault\u00bb image_icon_custom_padding=\u00bb8px|8px|8px|8px|false|false\u00bb max_width=\u00bb35px\u00bb module_alignment=\u00bbleft\u00bb custom_padding=\u00bb||||false|false\u00bb custom_padding_tablet=\u00bb|||35px|false|false\u00bb custom_padding_phone=\u00bb|||0%|false|false\u00bb custom_padding_last_edited=\u00bbon|tablet\u00bb hover_transition_duration=\u00bb500ms\u00bb custom_css_main_element=\u00bbdisplay: inline-block;\u00bb border_radii_image=\u00bbon|100%|100%|100%|100%\u00bb use_circle=\u00bbon\u00bb circle_color=\u00bb#b7b7b7&#8243; circle_color__hover=\u00bb#6090c4&#8243; circle_color__hover_enabled=\u00bbon|desktop\u00bb global_colors_info=\u00bb{}\u00bb image_icon_background_color__hover=\u00bb#62A6EA\u00bb image_icon_background_color__hover_enabled=\u00bbon|desktop\u00bb image_icon_background_color__sticky_enabled=\u00bb#2ea3f2&#8243; image_icon_background_color__sticky=\u00bb#2ea3f2&#8243;][\/et_pb_blurb][et_pb_blurb use_icon=\u00bbon\u00bb font_icon=\u00bb&#x68;||divi||400&#8243; icon_color=\u00bb#FFFFFF\u00bb image_icon_background_color=\u00bb#1972B2&#8243; icon_placement=\u00bbleft\u00bb image_icon_width=\u00bb16px\u00bb admin_label=\u00bbCurriculum\u00bb _builder_version=\u00bb4.13.1&#8243; _dynamic_attributes=\u00bblink_option_url\u00bb _module_preset=\u00bbdefault\u00bb image_icon_custom_padding=\u00bb8px|8px|8px|8px|false|false\u00bb max_width=\u00bb35px\u00bb module_alignment=\u00bbleft\u00bb custom_padding=\u00bb||||false|false\u00bb custom_padding_tablet=\u00bb|||35px|false|false\u00bb custom_padding_phone=\u00bb|||0%|false|false\u00bb custom_padding_last_edited=\u00bbon|tablet\u00bb hover_transition_duration=\u00bb500ms\u00bb link_option_url=\u00bb@ET-DC@eyJkeW5hbWljIjp0cnVlLCJjb250ZW50IjoicG9zdF9saW5rX3VybF9hdHRhY2htZW50Iiwic2V0dGluZ3MiOnsicG9zdF9pZCI6IjQyNzUifX0=@\u00bb link_option_url_new_window=\u00bbon\u00bb custom_css_main_element=\u00bbdisplay: inline-block;\u00bb border_radii_image=\u00bbon|100%|100%|100%|100%\u00bb use_circle=\u00bbon\u00bb circle_color=\u00bb#b7b7b7&#8243; circle_color__hover=\u00bb#6090c4&#8243; circle_color__hover_enabled=\u00bbon|desktop\u00bb global_colors_info=\u00bb{}\u00bb image_icon_background_color__hover=\u00bb#62A6EA\u00bb image_icon_background_color__hover_enabled=\u00bbon|desktop\u00bb image_icon_background_color__sticky_enabled=\u00bb#2ea3f2&#8243; image_icon_background_color__sticky=\u00bb#2ea3f2&#8243;][\/et_pb_blurb][\/et_pb_column][et_pb_column type=\u00bb1_5&#8243; admin_label=\u00bbRelleno\u00bb _builder_version=\u00bb4.10.7&#8243; _module_preset=\u00bbdefault\u00bb global_colors_info=\u00bb{}\u00bb][\/et_pb_column][\/et_pb_row][et_pb_row admin_label=\u00bbCuerpo\u00bb _builder_version=\u00bb4.13.1&#8243; _module_preset=\u00bbdefault\u00bb width_tablet=\u00bb90%\u00bb width_phone=\u00bb85%\u00bb width_last_edited=\u00bbon|phone\u00bb custom_margin_tablet=\u00bb\u00bb custom_margin_phone=\u00bb\u00bb custom_margin_last_edited=\u00bbon|tablet\u00bb animation_style=\u00bbslide\u00bb animation_direction=\u00bbbottom\u00bb animation_delay=\u00bb300ms\u00bb animation_intensity_slide=\u00bb5%\u00bb animation_speed_curve=\u00bbease\u00bb global_colors_info=\u00bb{}\u00bb][et_pb_column type=\u00bb4_4&#8243; admin_label=\u00bbContenido\u00bb _builder_version=\u00bb4.10.7&#8243; _module_preset=\u00bbdefault\u00bb custom_padding=\u00bb50px|80px|50px|80px|true|true\u00bb custom_padding_tablet=\u00bb15px|0px|15px|0px|true|true\u00bb custom_padding_phone=\u00bb10px|0px|10px|0px|true|true\u00bb custom_padding_last_edited=\u00bbon|phone\u00bb global_colors_info=\u00bb{}\u00bb][et_pb_text admin_label=\u00bbBiograf\u00eda\u00bb _builder_version=\u00bb4.13.1&#8243; _module_preset=\u00bbdefault\u00bb text_orientation=\u00bbjustified\u00bb custom_margin=\u00bb||||false|false\u00bb custom_padding=\u00bb||0px||false|false\u00bb global_colors_info=\u00bb{}\u00bb]<\/p>\n<p>Mari\u00e9n Dur\u00e1n es profesora titular de Universidad. Es profesora y coordinadora del Master oficial en Pensamiento Estrat\u00e9gico y Seguridad Global de la Universidad de Granada.<\/p>\n<p>Ha sido investigadora visitante en el Ca\u00f1ada Blanch Centre for Contemporary Spanish Studies (EU Institute) (2003 y 2005) y en el Centre for the Study of the Global Governance (2006) ambos de la London School of Economics and Politics; en el Norwegian Institute of International Affaires (Oslo) (2005); en la Boga\u00e7izi University (Estambul) (2007, 2009); en el Departamento de Ciencia Pol\u00edtica y Relaciones Internacionales de la Universidad Aut\u00f3noma de Madrid (2007) y en el Taller de Estudios Internacionales del Mediterr\u00e1neo (TEIM) de la Universidad Aut\u00f3noma de Madrid (2012). En 2015 fue seleccionada por el Departamento de Estado del Gobierno de los Estados Unidos, entre las diez mujeres l\u00edderes europeas para participar en el programa de liderazgo mundial (International Visitor Leadership Programme) \u201cWomen Leaders in Peace and Security\u201d (Diciembre 2015). Ha sido visiting scholar en el Department of War Studies, King\u2019s College London de febrero a julio de 2019 y en la Universidad de Oxford (Department of Politics and International relations) de febrero a julio de 2022 y de febrero a julio de 2023 dentro del Plan de Resiliencia.<\/p>\n<p>Ha participado en m\u00faltiples proyectos nacionales e internacionales relacionados con sus l\u00edneas de investigaci\u00f3n (seguridad internacional, conflictos armados y resoluci\u00f3n de conflictos relaciones civiles-militares, Fuerzas Armadas espa\u00f1olas y misiones internacionales) y sistemas pol\u00edticos de Oriente Medio (especialmente Turqu\u00eda). Los proyectos I+D nacionales giran en torno a cuestiones pol\u00edticas en Oriente Medio. Entre los proyectos internacionales o multinacionales, destaca en primer, lugar el proyecto Multinational Experiment MNE-6: \u201cCross-cultural awareness\u201d. En este proyecto que se desarroll\u00f3 en colaboraci\u00f3n entre el Ministerio de Defensa y la Universidad de Granada, la Dra. Dur\u00e1n fue coordinadora de una de las l\u00edneas de investigaci\u00f3n\u201d. En segundo lugar, destaca igualmente el proyecto europeo \u201cProblems of Europeanization and European perceptions of Turkey as a future member state (2008-2009)\u201d, dirigido por el profesor Hakan Yilmaz de la Universidad del B\u00f3sforo (Istanbul). Actualmente es miembro del proyecto I+D: \u201cRepensando el papel de las Fuerzas Armadas ante los nuevos desaf\u00edos de la seguridad\u201d. PID2019-108036GB-I00<\/p>\n<p>Ha sido tambi\u00e9n investigadora principal del proyecto de investigaci\u00f3n \u201cOfficer and Commander in Asymmetric Warfare Operations\u201d, (2015), financiado por el Centro Mixto de la Universidad de Granada y el MADOC y desarrollado en el contexto del European Research Group on Military and Society (ERGOMAS). Es miembro del Grupo de Estudios en Seguridad Internacional (GESI), del Working Group \u201cThe Military Profession\u201d del European Research Group on Military and Society (ERGOMAS), del Group of Research and Analysis on Public Administration (GRAPA), del Foro de Investigadores sobre el Mundo \u00c1rabe y Musulm\u00e1n (FIMAM) y del Taller de Estudios Internacionales del Mediterr\u00e1neo del Universidad Aut\u00f3noma de Madrid (TEIM) y secretaria acad\u00e9mica del Centro Mixto de la Universidad de Granada y el Mando de Adiestramiento y Doctrina del Ej\u00e9rcito (MADOC) desde noviembre de 2017 a julio de 2021.<\/p>\n<p>[\/et_pb_text][et_pb_tabs admin_label=\u00bbObras y publicaciones\u00bb _builder_version=\u00bb4.13.1&#8243; _module_preset=\u00bbdefault\u00bb custom_margin=\u00bb50px||||false|false\u00bb body_font_size_tablet=\u00bb\u00bb body_font_size_phone=\u00bb12px\u00bb body_font_size_last_edited=\u00bbon|phone\u00bb body_line_height_tablet=\u00bb\u00bb body_line_height_phone=\u00bb\u00bb body_line_height_last_edited=\u00bbon|phone\u00bb body_ul_line_height_tablet=\u00bb\u00bb body_ul_line_height_phone=\u00bb1.5em\u00bb body_ul_line_height_last_edited=\u00bbon|phone\u00bb global_colors_info=\u00bb{}\u00bb][et_pb_tab title=\u00bb\u00daltimas Publicaciones\u00bb _builder_version=\u00bb4.13.1&#8243; _module_preset=\u00bbdefault\u00bb global_colors_info=\u00bb{}\u00bb]<\/p>\n<ul>\n<li>Dur\u00e1n, M.; Exp\u00f3sito, E.; L\u00f3pez, G. y Mart\u00ednez, R. <strong>\u201cSpanish Military Deployments in the COVID19 Pandemic\u201d<\/strong> en COVID-19 and Comparative Domestic Military Deployments Oxford University Press (en prensa).<\/li>\n<li>Rodr\u00edguez L\u00f3pez, Guillermo y Dur\u00e1n Cenit, Marien. 2023. <strong>\u201cCultural Awareness in Security Force Assistance: The Spanish Army in Iraq (2015-2020)\u201d<\/strong>, Revista Espa\u00f1ola de investigaciones Sociol\u00f3gicas.<\/li>\n<li>Dur\u00e1n Cenit, Mari\u00e9n y Rodr\u00edguez L\u00f3pez Guillermo. 2023. <strong>\u201cAutocratization factors in Turkey, en David, Isabel and Topkamis, Kumru. Culture, Society and Political Economy in Turkey\u201d<\/strong>. Peter Lang Publications (forthcoming).<\/li>\n<li>Calatrava Garc\u00eda Adolfo y Dur\u00e1n Cenit, Mari\u00e9n. 2022. <strong>\u201cLas relaciones de cooperaci\u00f3n y rivalidad entre Turqu\u00eda y Siria: impacto del conflicto sirio en la pol\u00edtica exterior turca y las implicaciones internacionales\u201d<\/strong>. Revista de Estudios Internacionales del Mediterr\u00e1neo (REIM), no. 33. https:\/\/revistas.uam.es\/reim\/article\/view\/reim2022_33_02<\/li>\n<li>Dur\u00e1n, Mari\u00e9n &amp; Calatrava, Adolfo. 2021. <strong>\u201cMilitary interaction with local actors\u201d<\/strong> in Nuciari, Marina and Olivetta, Eraldo (Eds.): Leaders for Tomorrow Challenges for Military Leadership in the Age of Asymmetric Warfare. Springer.<\/li>\n<li>Dur\u00e1n, Mari\u00e9n. 2018. <strong>\u201cDual Presidentialization and Autocratization: Turkey at a Critical Crossroads\u201d<\/strong>, Mediterranean Quarterly, Special Issue.<\/li>\n<li>Dur\u00e1n, Mari\u00e9n &amp; Bados, V\u00edctor. 2017. <strong>The Political and Security Repercussions of the Islamic State in the MENA Region, in Szmolka<\/strong>, Inmaculada (Ed.), Political Change in the Middle East and North Africa, Edinburgh University Press, pp. 281- 300.<\/li>\n<li>Mart\u00ednez, Rafa &amp; Dur\u00e1n Mari\u00e9n. 2017. <strong>\u201cInternational Missions as a way to improve domestic civil-military relations. The Spanish case: 1989-2015. Democracy and Security<\/strong>, Vol. 13, n\u00ba 1. Pp. 1-23.<\/li>\n<\/ul>\n<hr \/>\n<ul>\n<li>Enlace google scholar: <a href=\"https:\/\/scholar.google.es\/citations?user=Tl4gtXIAAAAJ&amp;hl=en\" target=\"_blank\" rel=\"noopener\">https:\/\/scholar.google.es\/citations?user=Tl4gtXIAAAAJ&amp;hl=en<\/a><\/li>\n<\/ul>\n<p>[\/et_pb_tab][et_pb_tab title=\u00bbProyectos Nacionales\u00bb _builder_version=\u00bb4.13.1&#8243; _module_preset=\u00bbdefault\u00bb global_colors_info=\u00bb{}\u00bb]<\/p>\n<ul>\n<li>\u00a0\u201cLas\u00a0relaciones\u00a0Fas-ONGs:\u00a0repercusiones\u00a0en\u00a0las\u00a0Operaciones\u00a0de Paz\u201d,\u00a0durante\u00a0el\u00a0a\u00f1o\u00a02005.<\/li>\n<li>\u00a0\u201cActores\u00a0no\u00a0estatales\u00a0en la\u00a0seguridad\u201d,\u00a0a\u00f1o\u00a02006.<\/li>\n<li class=\"rtejustify\">\u00a0\u201cEl\u00a0an\u00e1lisis\u00a0de la\u00a0pol\u00edtica\u00a0europea\u00a0de\u00a0seguridad\u00a0y\u00a0defensa\u00a0desde\u00a0una\u00a0perspectiva\u00a0Mediterr\u00e1nea\u201d.<\/li>\n<\/ul>\n<p>[\/et_pb_tab][et_pb_tab title=\u00bbProyectos I+D\u00bb _builder_version=\u00bb4.13.1&#8243; _module_preset=\u00bbdefault\u00bb global_colors_info=\u00bb{}\u00bb]<\/p>\n<ul>\n<li><strong>\u201cRepensando el papel de las Fuerzas Armadas espa\u00f1olas ante los nuevos desaf\u00edos\u201d<\/strong>. PID2019-108036GB-I00 (2020-2024), financiado por el Ministerio de Ciencia e Innovaci\u00f3n. Investigador principal: Rafa Mart\u00ednez.<\/li>\n<li><strong>\u201cPersistencia del autoritarismo y procesos de cambio pol\u00edtico en el norte de \u00c1frica y Oriente Pr\u00f3ximo: consecuencias sobre los reg\u00edmenes pol\u00edticos y el escenario internacional\u201d<\/strong>. 2013-2016. Entidad financiadora: Ministerio de Econom\u00eda y Competitividad Investigadora principal: Inmaculada Szmolka. Universidad de Granada.<\/li>\n<li><strong>\u201cLas revueltas \u00e1rabes: actores pol\u00edticos emergentes y reconfiguraci\u00f3n de la esfera p\u00fablica en el Norte de \u00c1frica y oriente Medio\u201d<\/strong>. 2013-2016 (CSO2012-37779) Entidad financiadora: Ministerio de Ciencia e Innovaci\u00f3n Investigadores principal: Ignacio \u00c1lvarez-Ossorio Alvari\u00f1o. Universidad de Alicante<\/li>\n<li><strong> \u201cEstabilidad, gobernabilidad y cambio pol\u00edtico en Turqu\u00eda, Oriente Medio (2008-2012) y el Norte de \u00c1frica: impacto en la pol\u00edtica espa\u00f1ola hacia la regi\u00f3n\u201d<\/strong>.<\/li>\n<li><strong>\u201cSociedad civil y contestaci\u00f3n pol\u00edtica en Oriente Medio: Din\u00e1micas internas y estrategias externas\u201d<\/strong> (2010-2014).<\/li>\n<\/ul>\n<p>[\/et_pb_tab][et_pb_tab title=\u00bbProyectos Europeos\u00bb _builder_version=\u00bb4.13.1&#8243; _module_preset=\u00bbdefault\u00bb global_colors_info=\u00bb{}\u00bb]<\/p>\n<ul>\n<li class=\"rtejustify\">\u00a0Proyecto\u00a0europeo\u00a0liderado\u00a0por\u00a0la Universidad del\u00a0B\u00f3sforo: Problems of\u00a0Europeanization\u00a0and European perceptions of Turkey as a future member state (2008-2009).<\/li>\n<\/ul>\n<p>[\/et_pb_tab][et_pb_tab title=\u00bbProyectos Multinac.\u00bb _builder_version=\u00bb4.13.1&#8243; _module_preset=\u00bbdefault\u00bb global_colors_info=\u00bb{}\u00bb]<\/p>\n<ul>\n<li class=\"rtejustify\">Proyecto\u00a0Multinacional\u00a0MNE-6\u00a0\u201cCross-cultural awareness\u201d,\u00a0financiado\u00a0por\u00a0la Universidad de Granada y el\u00a0Ministerio\u00a0de\u00a0Defensa,\u00a0centrado\u00a0principalmente\u00a0en la\u00a0misi\u00f3n\u00a0internacional\u00a0de\u00a0Afganist\u00e1n.<\/li>\n<\/ul>\n<p>[\/et_pb_tab][\/et_pb_tabs][\/et_pb_column][\/et_pb_row][\/et_pb_section]<\/p>\n","protected":false},"excerpt":{"rendered":"<p>Dra. Mari\u00e9n Dur\u00e1n CenitProfesora Titular &#8211; Universidad de GranadaMari\u00e9n Dur\u00e1n es profesora titular de Universidad. Es profesora y coordinadora del Master oficial en Pensamiento Estrat\u00e9gico y Seguridad Global de la Universidad de Granada. Ha sido investigadora visitante en el Ca\u00f1ada Blanch Centre for Contemporary Spanish Studies (EU Institute) (2003 y 2005) y en el Centre [&hellip;]<\/p>\n","protected":false},"author":3,"featured_media":0,"parent":2886,"menu_order":0,"comment_status":"closed","ping_status":"closed","template":"","meta":{"_et_pb_use_builder":"on","_et_pb_old_content":"","_et_gb_content_width":"","footnotes":""},"class_list":["post-3764","page","type-page","status-publish","hentry"],"_links":{"self":[{"href":"https:\/\/www.ub.edu\/grapa\/wp-json\/wp\/v2\/pages\/3764","targetHints":{"allow":["GET"]}}],"collection":[{"href":"https:\/\/www.ub.edu\/grapa\/wp-json\/wp\/v2\/pages"}],"about":[{"href":"https:\/\/www.ub.edu\/grapa\/wp-json\/wp\/v2\/types\/page"}],"author":[{"embeddable":true,"href":"https:\/\/www.ub.edu\/grapa\/wp-json\/wp\/v2\/users\/3"}],"replies":[{"embeddable":true,"href":"https:\/\/www.ub.edu\/grapa\/wp-json\/wp\/v2\/comments?post=3764"}],"version-history":[{"count":7,"href":"https:\/\/www.ub.edu\/grapa\/wp-json\/wp\/v2\/pages\/3764\/revisions"}],"predecessor-version":[{"id":5338,"href":"https:\/\/www.ub.edu\/grapa\/wp-json\/wp\/v2\/pages\/3764\/revisions\/5338"}],"up":[{"embeddable":true,"href":"https:\/\/www.ub.edu\/grapa\/wp-json\/wp\/v2\/pages\/2886"}],"wp:attachment":[{"href":"https:\/\/www.ub.edu\/grapa\/wp-json\/wp\/v2\/media?parent=3764"}],"curies":[{"name":"wp","href":"https:\/\/api.w.org\/{rel}","templated":true}]}}