{"id":4247,"date":"2021-12-22T15:51:27","date_gmt":"2021-12-22T15:51:27","guid":{"rendered":"https:\/\/www.ub.edu\/grapa\/?page_id=4247"},"modified":"2023-10-08T16:41:57","modified_gmt":"2023-10-08T16:41:57","slug":"luisremiro","status":"publish","type":"page","link":"https:\/\/www.ub.edu\/grapa\/equipo\/luisremiro\/","title":{"rendered":"Ficha Lu\u00eds Remiro"},"content":{"rendered":"<p>[et_pb_section fb_built=\u00bb1&#8243; admin_label=\u00bbFicha miembro\u00bb _builder_version=\u00bb4.13.1&#8243; _module_preset=\u00bbdefault\u00bb global_colors_info=\u00bb{}\u00bb][et_pb_row column_structure=\u00bb1_5,3_5,1_5&#8243; use_custom_gutter=\u00bbon\u00bb gutter_width=\u00bb1&#8243; make_equal=\u00bbon\u00bb admin_label=\u00bbEncabezado\u00bb _builder_version=\u00bb4.13.1&#8243; _module_preset=\u00bbdefault\u00bb background_color=\u00bb#FFFFFF\u00bb width_tablet=\u00bb90%\u00bb width_phone=\u00bb85%\u00bb width_last_edited=\u00bbon|phone\u00bb animation_style=\u00bbfade\u00bb animation_direction=\u00bbtop\u00bb border_width_bottom=\u00bb1px\u00bb border_color_bottom=\u00bb#000000&#8243; border_style_bottom=\u00bbdotted\u00bb collapsed=\u00bboff\u00bb global_colors_info=\u00bb{}\u00bb width__hover_enabled=\u00bboff|desktop\u00bb][et_pb_column type=\u00bb1_5&#8243; admin_label=\u00bbFoto\u00bb _builder_version=\u00bb4.10.7&#8243; _module_preset=\u00bbdefault\u00bb global_colors_info=\u00bb{}\u00bb][et_pb_image src=\u00bbhttps:\/\/www.ub.edu\/grapa\/wp-content\/uploads\/2023\/04\/Remiro.Pernia.LuisMiguel_fotocv.jpg\u00bb alt=\u00bbRafa Mart\u00ednez\u00bb title_text=\u00bbRemiro.Pernia.LuisMiguel_fotocv\u00bb align=\u00bbcenter\u00bb align_tablet=\u00bbcenter\u00bb align_phone=\u00bbcenter\u00bb align_last_edited=\u00bbon|tablet\u00bb _builder_version=\u00bb4.13.1&#8243; _module_preset=\u00bbdefault\u00bb max_width=\u00bb200px\u00bb border_radii=\u00bbon|586px|586px|586px|586px\u00bb border_width_all=\u00bb4px\u00bb border_color_all=\u00bb#a8a8a8&#8243; border_style_all=\u00bbdouble\u00bb global_colors_info=\u00bb{}\u00bb][\/et_pb_image][\/et_pb_column][et_pb_column type=\u00bb3_5&#8243; admin_label=\u00bbDatos\u00bb _builder_version=\u00bb4.10.7&#8243; _module_preset=\u00bbdefault\u00bb custom_padding_tablet=\u00bb\u00bb custom_padding_phone=\u00bb\u00bb custom_padding_last_edited=\u00bbon|tablet\u00bb global_colors_info=\u00bb{}\u00bb][et_pb_text admin_label=\u00bbNombre\u00bb _builder_version=\u00bb4.13.1&#8243; _module_preset=\u00bbdefault\u00bb custom_margin_tablet=\u00bb20px||||false|false\u00bb custom_margin_phone=\u00bb\u00bb custom_margin_last_edited=\u00bbon|phone\u00bb text_orientation_tablet=\u00bbcenter\u00bb text_orientation_phone=\u00bbleft\u00bb text_orientation_last_edited=\u00bbon|tablet\u00bb global_colors_info=\u00bb{}\u00bb]<\/p>\n<p><span style=\"font-size: xx-large;\">Lu\u00eds Remiro<\/span><\/p>\n<p>[\/et_pb_text][et_pb_text admin_label=\u00bbCargo\u00bb _builder_version=\u00bb4.13.1&#8243; _module_preset=\u00bbdefault\u00bb text_font=\u00bb|300|||||||\u00bb text_orientation_tablet=\u00bbcenter\u00bb text_orientation_phone=\u00bbleft\u00bb text_orientation_last_edited=\u00bbon|phone\u00bb global_colors_info=\u00bb{}\u00bb]<\/p>\n<p>Investigador en formaci\u00f3n<\/p>\n<p>[\/et_pb_text][et_pb_blurb use_icon=\u00bbon\u00bb font_icon=\u00bb&#xe010;||divi||400&#8243; icon_color=\u00bb#FFFFFF\u00bb image_icon_background_color=\u00bb#1972B2&#8243; icon_placement=\u00bbleft\u00bb image_icon_width=\u00bb16px\u00bb admin_label=\u00bbMail\u00bb _builder_version=\u00bb4.13.1&#8243; _module_preset=\u00bbdefault\u00bb image_icon_custom_padding=\u00bb8px|8px|8px|8px|false|false\u00bb max_width=\u00bb35px\u00bb module_alignment=\u00bbleft\u00bb custom_margin=\u00bb10px||||false|false\u00bb custom_padding=\u00bb||||false|false\u00bb custom_padding_tablet=\u00bb|||42%|false|false\u00bb custom_padding_phone=\u00bb|||0%|false|false\u00bb custom_padding_last_edited=\u00bbon|tablet\u00bb hover_transition_duration=\u00bb500ms\u00bb link_option_url=\u00bbmailto:\u00bb custom_css_main_element=\u00bbdisplay: inline-block;\u00bb border_radii_image=\u00bbon|100%|100%|100%|100%\u00bb use_circle=\u00bbon\u00bb circle_color=\u00bb#b7b7b7&#8243; circle_color__hover=\u00bb#6090c4&#8243; circle_color__hover_enabled=\u00bbon|desktop\u00bb global_colors_info=\u00bb{}\u00bb icon_color__hover_enabled=\u00bbon|hover\u00bb icon_color__hover=\u00bb#FFFFFF\u00bb image_icon_background_color__hover=\u00bb#62A6EA\u00bb image_icon_background_color__hover_enabled=\u00bbon|desktop\u00bb image_icon_background_color__sticky_enabled=\u00bb#2ea3f2&#8243; image_icon_background_color__sticky=\u00bb#2ea3f2&#8243;][\/et_pb_blurb][et_pb_blurb use_icon=\u00bbon\u00bb font_icon=\u00bb&#xe0e3;||divi||400&#8243; icon_color=\u00bb#FFFFFF\u00bb image_icon_background_color=\u00bb#1972B2&#8243; icon_placement=\u00bbleft\u00bb image_icon_width=\u00bb16px\u00bb admin_label=\u00bbWeb\u00bb _builder_version=\u00bb4.13.1&#8243; _module_preset=\u00bbdefault\u00bb image_icon_custom_padding=\u00bb8px|8px|8px|8px|false|false\u00bb max_width=\u00bb35px\u00bb module_alignment=\u00bbleft\u00bb custom_padding=\u00bb||||false|false\u00bb custom_padding_tablet=\u00bb|||35px|false|false\u00bb custom_padding_phone=\u00bb|||0%|false|false\u00bb custom_padding_last_edited=\u00bbon|tablet\u00bb hover_transition_duration=\u00bb500ms\u00bb custom_css_main_element=\u00bbdisplay: inline-block;\u00bb border_radii_image=\u00bbon|100%|100%|100%|100%\u00bb use_circle=\u00bbon\u00bb circle_color=\u00bb#b7b7b7&#8243; circle_color__hover=\u00bb#6090c4&#8243; circle_color__hover_enabled=\u00bbon|desktop\u00bb global_colors_info=\u00bb{}\u00bb image_icon_background_color__hover=\u00bb#62A6EA\u00bb image_icon_background_color__hover_enabled=\u00bbon|desktop\u00bb image_icon_background_color__sticky_enabled=\u00bb#2ea3f2&#8243; image_icon_background_color__sticky=\u00bb#2ea3f2&#8243;][\/et_pb_blurb][et_pb_blurb use_icon=\u00bbon\u00bb font_icon=\u00bb&#x68;||divi||400&#8243; icon_color=\u00bb#FFFFFF\u00bb image_icon_background_color=\u00bb#1972B2&#8243; icon_placement=\u00bbleft\u00bb image_icon_width=\u00bb16px\u00bb admin_label=\u00bbCurriculum\u00bb _builder_version=\u00bb4.13.1&#8243; _module_preset=\u00bbdefault\u00bb image_icon_custom_padding=\u00bb8px|8px|8px|8px|false|false\u00bb max_width=\u00bb35px\u00bb module_alignment=\u00bbleft\u00bb custom_padding=\u00bb||||false|false\u00bb custom_padding_tablet=\u00bb|||35px|false|false\u00bb custom_padding_phone=\u00bb|||0%|false|false\u00bb custom_padding_last_edited=\u00bbon|tablet\u00bb hover_transition_duration=\u00bb500ms\u00bb custom_css_main_element=\u00bbdisplay: inline-block;\u00bb border_radii_image=\u00bbon|100%|100%|100%|100%\u00bb use_circle=\u00bbon\u00bb circle_color=\u00bb#b7b7b7&#8243; circle_color__hover=\u00bb#6090c4&#8243; circle_color__hover_enabled=\u00bbon|desktop\u00bb global_colors_info=\u00bb{}\u00bb image_icon_background_color__hover=\u00bb#62A6EA\u00bb image_icon_background_color__hover_enabled=\u00bbon|desktop\u00bb image_icon_background_color__sticky_enabled=\u00bb#2ea3f2&#8243; image_icon_background_color__sticky=\u00bb#2ea3f2&#8243;][\/et_pb_blurb][\/et_pb_column][et_pb_column type=\u00bb1_5&#8243; admin_label=\u00bbRelleno\u00bb _builder_version=\u00bb4.10.7&#8243; _module_preset=\u00bbdefault\u00bb global_colors_info=\u00bb{}\u00bb][\/et_pb_column][\/et_pb_row][et_pb_row admin_label=\u00bbCuerpo\u00bb _builder_version=\u00bb4.13.1&#8243; _module_preset=\u00bbdefault\u00bb width_tablet=\u00bb90%\u00bb width_phone=\u00bb85%\u00bb width_last_edited=\u00bbon|phone\u00bb custom_margin_tablet=\u00bb\u00bb custom_margin_phone=\u00bb\u00bb custom_margin_last_edited=\u00bbon|tablet\u00bb animation_style=\u00bbslide\u00bb animation_direction=\u00bbbottom\u00bb animation_delay=\u00bb300ms\u00bb animation_intensity_slide=\u00bb5%\u00bb animation_speed_curve=\u00bbease\u00bb global_colors_info=\u00bb{}\u00bb][et_pb_column type=\u00bb4_4&#8243; admin_label=\u00bbContenido\u00bb _builder_version=\u00bb4.10.7&#8243; _module_preset=\u00bbdefault\u00bb custom_padding=\u00bb50px|80px|50px|80px|true|true\u00bb custom_padding_tablet=\u00bb15px|0px|15px|0px|true|true\u00bb custom_padding_phone=\u00bb10px|0px|10px|0px|true|true\u00bb custom_padding_last_edited=\u00bbon|phone\u00bb global_colors_info=\u00bb{}\u00bb][et_pb_text admin_label=\u00bbBiograf\u00eda\u00bb _builder_version=\u00bb4.13.1&#8243; _module_preset=\u00bbdefault\u00bb text_orientation=\u00bbjustified\u00bb custom_margin=\u00bb||||false|false\u00bb custom_padding=\u00bb||0px||false|false\u00bb global_colors_info=\u00bb{}\u00bb]<\/p>\n<p>Soy investigador predoctoral en el Departamento de Ciencia Pol\u00edtica de la Universidad de Barcelona. Mis estudios de pregrado son en Ciencia Pol\u00edtica y Administraci\u00f3n con especializaci\u00f3n en Relaciones Internacionales en la Universidad Central de Venezuela. Mis principales intereses de investigaci\u00f3n son el comportamiento pol\u00edtico y los m\u00e9todos cuantitativos de investigaci\u00f3n. Espec\u00edficamente, me centro en la polarizaci\u00f3n afectiva y las actitudes de los votantes hacia las instituciones. Mi tesis se centra en qu\u00e9 factores institucionales e individuales impulsan la polarizaci\u00f3n afectiva y examina c\u00f3mo estas din\u00e1micas de polarizaci\u00f3n pueden ser problem\u00e1ticas para la calidad de las democracias contempor\u00e1neas.<\/p>\n<p>Tambi\u00e9n formo parte del proyecto de investigaci\u00f3n del plan nacional de I+D (2020-2023) del Ministerio de Ciencia espa\u00f1ol: \u00abRepensando el papel de las FAS ante los nuevos retos de seguridad\u00bb. He trabajado como analista de datos en la Agencia Catalana de Turismo de la Generalitat de Catalu\u00f1a (Espa\u00f1a, 2020-2021), y he sido director de la Oficina de Juventud del municipio de Los Salias (Venezuela, 2016-2017). Adem\u00e1s, colaboro regularmente en medios de comunicaci\u00f3n (online, radio y televisi\u00f3n) y foros para debatir sobre pol\u00edtica venezolana y comportamiento electoral.<\/p>\n<p>[\/et_pb_text][et_pb_tabs admin_label=\u00bbObras y publicaciones\u00bb _builder_version=\u00bb4.13.1&#8243; _module_preset=\u00bbdefault\u00bb custom_margin=\u00bb50px||||false|false\u00bb hover_enabled=\u00bb0&#8243; body_font_size_tablet=\u00bb\u00bb body_font_size_phone=\u00bb12px\u00bb body_font_size_last_edited=\u00bbon|phone\u00bb body_line_height_tablet=\u00bb\u00bb body_line_height_phone=\u00bb\u00bb body_line_height_last_edited=\u00bbon|phone\u00bb body_ul_line_height_tablet=\u00bb\u00bb body_ul_line_height_phone=\u00bb1.5em\u00bb body_ul_line_height_last_edited=\u00bbon|phone\u00bb global_colors_info=\u00bb{}\u00bb sticky_enabled=\u00bb0&#8243;][et_pb_tab title=\u00bbLibros\u00bb _builder_version=\u00bb4.13.1&#8243; _module_preset=\u00bbdefault\u00bb hover_enabled=\u00bb0&#8243; global_colors_info=\u00bb{}\u00bb sticky_enabled=\u00bb0&#8243;]<\/p>\n<ul>\n<li>XXX<\/li>\n<\/ul>\n<p>[\/et_pb_tab][et_pb_tab title=\u00bbArt\u00edculos\u00bb _builder_version=\u00bb4.13.1&#8243; _module_preset=\u00bbdefault\u00bb hover_enabled=\u00bb0&#8243; global_colors_info=\u00bb{}\u00bb sticky_enabled=\u00bb0&#8243;]<\/p>\n<ul>\n<li>XXX<\/li>\n<\/ul>\n<p>[\/et_pb_tab][et_pb_tab title=\u00bbOtras publicaciones\u00bb _builder_version=\u00bb4.13.1&#8243; _module_preset=\u00bbdefault\u00bb hover_enabled=\u00bb0&#8243; global_colors_info=\u00bb{}\u00bb sticky_enabled=\u00bb0&#8243;]<\/p>\n<ul>\n<li>XXX<\/li>\n<\/ul>\n<p>[\/et_pb_tab][\/et_pb_tabs][\/et_pb_column][\/et_pb_row][\/et_pb_section]<\/p>\n","protected":false},"excerpt":{"rendered":"<p>Lu\u00eds RemiroInvestigador en formaci\u00f3nSoy investigador predoctoral en el Departamento de Ciencia Pol\u00edtica de la Universidad de Barcelona. Mis estudios de pregrado son en Ciencia Pol\u00edtica y Administraci\u00f3n con especializaci\u00f3n en Relaciones Internacionales en la Universidad Central de Venezuela. Mis principales intereses de investigaci\u00f3n son el comportamiento pol\u00edtico y los m\u00e9todos cuantitativos de investigaci\u00f3n. Espec\u00edficamente, me [&hellip;]<\/p>\n","protected":false},"author":3,"featured_media":0,"parent":2886,"menu_order":0,"comment_status":"closed","ping_status":"closed","template":"","meta":{"_et_pb_use_builder":"on","_et_pb_old_content":"","_et_gb_content_width":"","footnotes":""},"class_list":["post-4247","page","type-page","status-publish","hentry"],"_links":{"self":[{"href":"https:\/\/www.ub.edu\/grapa\/wp-json\/wp\/v2\/pages\/4247","targetHints":{"allow":["GET"]}}],"collection":[{"href":"https:\/\/www.ub.edu\/grapa\/wp-json\/wp\/v2\/pages"}],"about":[{"href":"https:\/\/www.ub.edu\/grapa\/wp-json\/wp\/v2\/types\/page"}],"author":[{"embeddable":true,"href":"https:\/\/www.ub.edu\/grapa\/wp-json\/wp\/v2\/users\/3"}],"replies":[{"embeddable":true,"href":"https:\/\/www.ub.edu\/grapa\/wp-json\/wp\/v2\/comments?post=4247"}],"version-history":[{"count":5,"href":"https:\/\/www.ub.edu\/grapa\/wp-json\/wp\/v2\/pages\/4247\/revisions"}],"predecessor-version":[{"id":5275,"href":"https:\/\/www.ub.edu\/grapa\/wp-json\/wp\/v2\/pages\/4247\/revisions\/5275"}],"up":[{"embeddable":true,"href":"https:\/\/www.ub.edu\/grapa\/wp-json\/wp\/v2\/pages\/2886"}],"wp:attachment":[{"href":"https:\/\/www.ub.edu\/grapa\/wp-json\/wp\/v2\/media?parent=4247"}],"curies":[{"name":"wp","href":"https:\/\/api.w.org\/{rel}","templated":true}]}}