{"id":4268,"date":"2021-12-22T17:24:42","date_gmt":"2021-12-22T17:24:42","guid":{"rendered":"https:\/\/www.ub.edu\/grapa\/?page_id=4268"},"modified":"2022-01-25T18:04:57","modified_gmt":"2022-01-25T18:04:57","slug":"articles","status":"publish","type":"page","link":"https:\/\/www.ub.edu\/grapa\/researchresults\/articles\/","title":{"rendered":"Articles"},"content":{"rendered":"<p>[et_pb_section fb_built=\u00bb1&#8243; admin_label=\u00bbArt\u00edculos\u00bb module_id=\u00bbres\u00bb _builder_version=\u00bb4.13.1&#8243; custom_padding=\u00bb||100px||false|false\u00bb global_colors_info=\u00bb{}\u00bb theme_builder_area=\u00bbpost_content\u00bb][et_pb_row admin_label=\u00bbFunci\u00f3n p\u00fablica\u00bb module_id=\u00bbpublicservice\u00bb _builder_version=\u00bb4.13.1&#8243; background_size=\u00bbinitial\u00bb background_position=\u00bbtop_left\u00bb background_repeat=\u00bbrepeat\u00bb width=\u00bb100%\u00bb width_tablet=\u00bb100%\u00bb width_phone=\u00bb100%\u00bb width_last_edited=\u00bbon|desktop\u00bb module_alignment=\u00bbcenter\u00bb custom_padding=\u00bb0px|||||\u00bb global_colors_info=\u00bb{}\u00bb theme_builder_area=\u00bbpost_content\u00bb][et_pb_column type=\u00bb4_4&#8243; _builder_version=\u00bb3.25&#8243; custom_padding=\u00bb|||\u00bb global_colors_info=\u00bb{}\u00bb custom_padding__hover=\u00bb|||\u00bb theme_builder_area=\u00bbpost_content\u00bb][et_pb_text admin_label=\u00bbTexto editable\u00bb _builder_version=\u00bb4.13.1&#8243; global_colors_info=\u00bb{}\u00bb theme_builder_area=\u00bbpost_content\u00bb]<\/p>\n<h2>1.- Public Service:<\/h2>\n<ul>\n<li>Mart\u00ednez, R.; Jan\u00e9, P. <strong>\u201cEl absentismo. Un intento de concreci\u00f3n terminol\u00f3gica\u200b\u201d<\/strong>, Revista Gesti\u00f3n y An\u00e1lisis de Pol\u00edticas P\u00fablicas. Instituto Nacional de Administraci\u00f3n P\u00fablica. Madrid<\/li>\n<li>Mart\u00ednez, R.; Jan\u00e9, P. (2014) <strong>\u201cQue lo urgente no relegue lo importante: absentismo vs. productividad\u00bb<\/strong>. Revista catalana de dret p\u00fablic, n\u00ba. 48, pp. 134-151, DOI: 10.2436\/20.8030.01.25<\/li>\n<li>Mart\u00ednez, R.; Jan\u00e9, P. (2012) <strong>\u201cTipolog\u00eda de mecanismos de evaluaci\u00f3n de la productividad\u201d<\/strong>, Buen Gobierno, n\u00ba 13. M\u00e9jico, pp. 110-143\u00a0<\/li>\n<\/ul>\n<p>[\/et_pb_text][\/et_pb_column][\/et_pb_row][et_pb_row admin_label=\u00bbSeparador\u00bb _builder_version=\u00bb4.13.1&#8243; _module_preset=\u00bbdefault\u00bb background_size=\u00bbinitial\u00bb background_position=\u00bbtop_left\u00bb background_repeat=\u00bbrepeat\u00bb width=\u00bb100%\u00bb width_tablet=\u00bb100%\u00bb width_phone=\u00bb100%\u00bb width_last_edited=\u00bbon|desktop\u00bb module_alignment=\u00bbcenter\u00bb custom_padding=\u00bb0px|||||\u00bb global_colors_info=\u00bb{}\u00bb theme_builder_area=\u00bbpost_content\u00bb][et_pb_column type=\u00bb4_4&#8243; _builder_version=\u00bb4.12.1&#8243; _module_preset=\u00bbdefault\u00bb global_colors_info=\u00bb{}\u00bb theme_builder_area=\u00bbpost_content\u00bb][et_pb_divider color=\u00bb#6090c4&#8243; divider_style=\u00bbdashed\u00bb divider_position=\u00bbcenter\u00bb _builder_version=\u00bb4.11.4&#8243; _module_preset=\u00bbdefault\u00bb global_colors_info=\u00bb{}\u00bb theme_builder_area=\u00bbpost_content\u00bb][\/et_pb_divider][\/et_pb_column][\/et_pb_row][et_pb_row admin_label=\u00bbSeguridad y defensa\u00bb module_id=\u00bbsecurityanddefence\u00bb _builder_version=\u00bb4.13.1&#8243; background_size=\u00bbinitial\u00bb background_position=\u00bbtop_left\u00bb background_repeat=\u00bbrepeat\u00bb width=\u00bb100%\u00bb width_tablet=\u00bb100%\u00bb width_phone=\u00bb100%\u00bb width_last_edited=\u00bbon|desktop\u00bb module_alignment=\u00bbcenter\u00bb custom_padding=\u00bb0px|||||\u00bb hover_enabled=\u00bb0&#8243; global_colors_info=\u00bb{}\u00bb theme_builder_area=\u00bbpost_content\u00bb sticky_enabled=\u00bb0&#8243;][et_pb_column type=\u00bb4_4&#8243; _builder_version=\u00bb4.11.4&#8243; custom_padding=\u00bb|||\u00bb global_colors_info=\u00bb{}\u00bb custom_padding__hover=\u00bb|||\u00bb theme_builder_area=\u00bbpost_content\u00bb][et_pb_text admin_label=\u00bbTexto editable\u00bb _builder_version=\u00bb4.13.1&#8243; global_colors_info=\u00bb{}\u00bb theme_builder_area=\u00bbpost_content\u00bb]<\/p>\n<h2>2.- Security and Defence:<\/h2>\n<ul>\n<li>[under construction]<\/li>\n<\/ul>\n<p>[\/et_pb_text][\/et_pb_column][\/et_pb_row][\/et_pb_section]<\/p>\n","protected":false},"excerpt":{"rendered":"<p>1.- Public Service: Mart\u00ednez, R.; Jan\u00e9, P. \u201cEl absentismo. Un intento de concreci\u00f3n terminol\u00f3gica\u200b\u201d, Revista Gesti\u00f3n y An\u00e1lisis de Pol\u00edticas P\u00fablicas. Instituto Nacional de Administraci\u00f3n P\u00fablica. Madrid Mart\u00ednez, R.; Jan\u00e9, P. (2014) \u201cQue lo urgente no relegue lo importante: absentismo vs. productividad\u00bb. Revista catalana de dret p\u00fablic, n\u00ba. 48, pp. 134-151, DOI: 10.2436\/20.8030.01.25 Mart\u00ednez, R.; [&hellip;]<\/p>\n","protected":false},"author":3,"featured_media":0,"parent":4393,"menu_order":0,"comment_status":"closed","ping_status":"closed","template":"","meta":{"_et_pb_use_builder":"on","_et_pb_old_content":"","_et_gb_content_width":"","footnotes":""},"class_list":["post-4268","page","type-page","status-publish","hentry"],"_links":{"self":[{"href":"https:\/\/www.ub.edu\/grapa\/wp-json\/wp\/v2\/pages\/4268","targetHints":{"allow":["GET"]}}],"collection":[{"href":"https:\/\/www.ub.edu\/grapa\/wp-json\/wp\/v2\/pages"}],"about":[{"href":"https:\/\/www.ub.edu\/grapa\/wp-json\/wp\/v2\/types\/page"}],"author":[{"embeddable":true,"href":"https:\/\/www.ub.edu\/grapa\/wp-json\/wp\/v2\/users\/3"}],"replies":[{"embeddable":true,"href":"https:\/\/www.ub.edu\/grapa\/wp-json\/wp\/v2\/comments?post=4268"}],"version-history":[{"count":4,"href":"https:\/\/www.ub.edu\/grapa\/wp-json\/wp\/v2\/pages\/4268\/revisions"}],"predecessor-version":[{"id":4831,"href":"https:\/\/www.ub.edu\/grapa\/wp-json\/wp\/v2\/pages\/4268\/revisions\/4831"}],"up":[{"embeddable":true,"href":"https:\/\/www.ub.edu\/grapa\/wp-json\/wp\/v2\/pages\/4393"}],"wp:attachment":[{"href":"https:\/\/www.ub.edu\/grapa\/wp-json\/wp\/v2\/media?parent=4268"}],"curies":[{"name":"wp","href":"https:\/\/api.w.org\/{rel}","templated":true}]}}