{"id":4305,"date":"2021-12-23T10:03:29","date_gmt":"2021-12-23T10:03:29","guid":{"rendered":"https:\/\/www.ub.edu\/grapa\/?page_id=4305"},"modified":"2024-12-10T20:53:18","modified_gmt":"2024-12-10T20:53:18","slug":"pepjane","status":"publish","type":"page","link":"https:\/\/www.ub.edu\/grapa\/team\/pepjane\/","title":{"rendered":"Card Pep Jan\u00e9"},"content":{"rendered":"<p>[et_pb_section fb_built=\u00bb1&#8243; admin_label=\u00bbFicha miembro\u00bb _builder_version=\u00bb4.16&#8243; _module_preset=\u00bbdefault\u00bb global_colors_info=\u00bb{}\u00bb][et_pb_row column_structure=\u00bb1_5,3_5,1_5&#8243; use_custom_gutter=\u00bbon\u00bb gutter_width=\u00bb1&#8243; make_equal=\u00bbon\u00bb admin_label=\u00bbEncabezado\u00bb _builder_version=\u00bb4.16&#8243; _module_preset=\u00bbdefault\u00bb background_color=\u00bb#FFFFFF\u00bb width_tablet=\u00bb90%\u00bb width_phone=\u00bb85%\u00bb width_last_edited=\u00bbon|phone\u00bb animation_style=\u00bbfade\u00bb animation_direction=\u00bbtop\u00bb border_width_bottom=\u00bb1px\u00bb border_color_bottom=\u00bb#000000&#8243; border_style_bottom=\u00bbdotted\u00bb collapsed=\u00bboff\u00bb global_colors_info=\u00bb{}\u00bb width__hover_enabled=\u00bboff|desktop\u00bb][et_pb_column type=\u00bb1_5&#8243; admin_label=\u00bbFoto\u00bb _builder_version=\u00bb4.16&#8243; _module_preset=\u00bbdefault\u00bb global_colors_info=\u00bb{}\u00bb][et_pb_image src=\u00bbhttps:\/\/www.ub.edu\/grapa\/wp-content\/uploads\/2021\/11\/perfil_pepjane.jpg\u00bb alt=\u00bbRafa Mart\u00ednez\u00bb title_text=\u00bbperfil_pepjane\u00bb align=\u00bbcenter\u00bb align_tablet=\u00bbcenter\u00bb align_phone=\u00bbcenter\u00bb align_last_edited=\u00bbon|tablet\u00bb _builder_version=\u00bb4.16&#8243; _module_preset=\u00bbdefault\u00bb max_width=\u00bb200px\u00bb border_radii=\u00bbon|586px|586px|586px|586px\u00bb border_width_all=\u00bb4px\u00bb border_color_all=\u00bb#a8a8a8&#8243; border_style_all=\u00bbdouble\u00bb global_colors_info=\u00bb{}\u00bb][\/et_pb_image][\/et_pb_column][et_pb_column type=\u00bb3_5&#8243; admin_label=\u00bbDatos\u00bb _builder_version=\u00bb4.16&#8243; _module_preset=\u00bbdefault\u00bb custom_padding_tablet=\u00bb\u00bb custom_padding_phone=\u00bb\u00bb custom_padding_last_edited=\u00bbon|tablet\u00bb global_colors_info=\u00bb{}\u00bb][et_pb_text admin_label=\u00bbNombre\u00bb _builder_version=\u00bb4.16&#8243; _module_preset=\u00bbdefault\u00bb custom_margin_tablet=\u00bb20px||||false|false\u00bb custom_margin_phone=\u00bb\u00bb custom_margin_last_edited=\u00bbon|phone\u00bb text_orientation_tablet=\u00bbcenter\u00bb text_orientation_phone=\u00bbleft\u00bb text_orientation_last_edited=\u00bbon|tablet\u00bb global_colors_info=\u00bb{}\u00bb]<\/p>\n<p><span style=\"font-size: xx-large;\">Pep Jan\u00e9<\/span><\/p>\n<p>[\/et_pb_text][et_pb_text admin_label=\u00bbCargo\u00bb _builder_version=\u00bb4.16&#8243; _module_preset=\u00bbdefault\u00bb text_font=\u00bb|300|||||||\u00bb text_orientation_tablet=\u00bbcenter\u00bb text_orientation_phone=\u00bbleft\u00bb text_orientation_last_edited=\u00bbon|phone\u00bb global_colors_info=\u00bb{}\u00bb]<\/p>\n<p>Specialist at the Government of Catalonia<\/p>\n<p>[\/et_pb_text][et_pb_blurb use_icon=\u00bbon\u00bb font_icon=\u00bb&#xe010;||divi||400&#8243; icon_color=\u00bb#FFFFFF\u00bb image_icon_background_color=\u00bb#1972B2&#8243; icon_placement=\u00bbleft\u00bb image_icon_width=\u00bb16px\u00bb admin_label=\u00bbMail\u00bb _builder_version=\u00bb4.16&#8243; _module_preset=\u00bbdefault\u00bb image_icon_custom_padding=\u00bb8px|8px|8px|8px|false|false\u00bb max_width=\u00bb35px\u00bb module_alignment=\u00bbleft\u00bb custom_margin=\u00bb10px||||false|false\u00bb custom_padding=\u00bb||||false|false\u00bb custom_padding_tablet=\u00bb|||42%|false|false\u00bb custom_padding_phone=\u00bb|||0%|false|false\u00bb custom_padding_last_edited=\u00bbon|tablet\u00bb hover_transition_duration=\u00bb500ms\u00bb link_option_url=\u00bbmailto:pepjane@gmail.com\u00bb custom_css_main_element=\u00bbdisplay: inline-block;\u00bb border_radii_image=\u00bbon|100%|100%|100%|100%\u00bb use_circle=\u00bbon\u00bb circle_color=\u00bb#b7b7b7&#8243; circle_color__hover=\u00bb#6090c4&#8243; circle_color__hover_enabled=\u00bbon|desktop\u00bb global_colors_info=\u00bb{}\u00bb icon_color__hover_enabled=\u00bbon|hover\u00bb icon_color__hover=\u00bb#FFFFFF\u00bb image_icon_background_color__hover=\u00bb#62A6EA\u00bb image_icon_background_color__hover_enabled=\u00bbon|desktop\u00bb image_icon_background_color__sticky_enabled=\u00bb#2ea3f2&#8243; image_icon_background_color__sticky=\u00bb#2ea3f2&#8243;][\/et_pb_blurb][et_pb_blurb use_icon=\u00bbon\u00bb font_icon=\u00bb&#xe0e3;||divi||400&#8243; icon_color=\u00bb#FFFFFF\u00bb image_icon_background_color=\u00bb#1972B2&#8243; icon_placement=\u00bbleft\u00bb image_icon_width=\u00bb16px\u00bb admin_label=\u00bbWeb\u00bb _builder_version=\u00bb4.16&#8243; _module_preset=\u00bbdefault\u00bb image_icon_custom_padding=\u00bb8px|8px|8px|8px|false|false\u00bb max_width=\u00bb35px\u00bb module_alignment=\u00bbleft\u00bb custom_padding=\u00bb||||false|false\u00bb custom_padding_tablet=\u00bb|||35px|false|false\u00bb custom_padding_phone=\u00bb|||0%|false|false\u00bb custom_padding_last_edited=\u00bbon|tablet\u00bb hover_transition_duration=\u00bb500ms\u00bb custom_css_main_element=\u00bbdisplay: inline-block;\u00bb border_radii_image=\u00bbon|100%|100%|100%|100%\u00bb use_circle=\u00bbon\u00bb circle_color=\u00bb#b7b7b7&#8243; circle_color__hover=\u00bb#6090c4&#8243; circle_color__hover_enabled=\u00bbon|desktop\u00bb global_colors_info=\u00bb{}\u00bb image_icon_background_color__hover=\u00bb#62A6EA\u00bb image_icon_background_color__hover_enabled=\u00bbon|desktop\u00bb image_icon_background_color__sticky_enabled=\u00bb#2ea3f2&#8243; image_icon_background_color__sticky=\u00bb#2ea3f2&#8243;][\/et_pb_blurb][et_pb_blurb use_icon=\u00bbon\u00bb font_icon=\u00bb&#x68;||divi||400&#8243; icon_color=\u00bb#FFFFFF\u00bb image_icon_background_color=\u00bb#1972B2&#8243; icon_placement=\u00bbleft\u00bb image_icon_width=\u00bb16px\u00bb admin_label=\u00bbCurriculum\u00bb _builder_version=\u00bb4.16&#8243; _module_preset=\u00bbdefault\u00bb image_icon_custom_padding=\u00bb8px|8px|8px|8px|false|false\u00bb max_width=\u00bb35px\u00bb module_alignment=\u00bbleft\u00bb custom_padding=\u00bb||||false|false\u00bb custom_padding_tablet=\u00bb|||35px|false|false\u00bb custom_padding_phone=\u00bb|||0%|false|false\u00bb custom_padding_last_edited=\u00bbon|tablet\u00bb hover_transition_duration=\u00bb500ms\u00bb custom_css_main_element=\u00bbdisplay: inline-block;\u00bb border_radii_image=\u00bbon|100%|100%|100%|100%\u00bb use_circle=\u00bbon\u00bb circle_color=\u00bb#b7b7b7&#8243; circle_color__hover=\u00bb#6090c4&#8243; circle_color__hover_enabled=\u00bbon|desktop\u00bb global_colors_info=\u00bb{}\u00bb image_icon_background_color__hover=\u00bb#62A6EA\u00bb image_icon_background_color__hover_enabled=\u00bbon|desktop\u00bb image_icon_background_color__sticky_enabled=\u00bb#2ea3f2&#8243; image_icon_background_color__sticky=\u00bb#2ea3f2&#8243;][\/et_pb_blurb][\/et_pb_column][et_pb_column type=\u00bb1_5&#8243; admin_label=\u00bbRelleno\u00bb _builder_version=\u00bb4.16&#8243; _module_preset=\u00bbdefault\u00bb global_colors_info=\u00bb{}\u00bb][\/et_pb_column][\/et_pb_row][et_pb_row admin_label=\u00bbCuerpo\u00bb _builder_version=\u00bb4.16&#8243; _module_preset=\u00bbdefault\u00bb width_tablet=\u00bb90%\u00bb width_phone=\u00bb85%\u00bb width_last_edited=\u00bbon|phone\u00bb custom_margin_tablet=\u00bb\u00bb custom_margin_phone=\u00bb\u00bb custom_margin_last_edited=\u00bbon|tablet\u00bb animation_style=\u00bbslide\u00bb animation_direction=\u00bbbottom\u00bb animation_delay=\u00bb300ms\u00bb animation_intensity_slide=\u00bb5%\u00bb animation_speed_curve=\u00bbease\u00bb global_colors_info=\u00bb{}\u00bb][et_pb_column type=\u00bb4_4&#8243; admin_label=\u00bbContenido\u00bb _builder_version=\u00bb4.16&#8243; _module_preset=\u00bbdefault\u00bb custom_padding=\u00bb50px|80px|50px|80px|true|true\u00bb custom_padding_tablet=\u00bb15px|0px|15px|0px|true|true\u00bb custom_padding_phone=\u00bb10px|0px|10px|0px|true|true\u00bb custom_padding_last_edited=\u00bbon|phone\u00bb global_colors_info=\u00bb{}\u00bb][et_pb_text admin_label=\u00bbBiograf\u00eda\u00bb _builder_version=\u00bb4.16&#8243; _module_preset=\u00bbdefault\u00bb text_orientation=\u00bbjustified\u00bb custom_margin=\u00bb||||false|false\u00bb custom_padding=\u00bb||||false|false\u00bb global_colors_info=\u00bb{}\u00bb]<\/p>\n<p>(Barcelona, 1970) Doctor in Law and Political Science from the University of Barcelona; with the defense of the report \u201cThe evaluation of the productivity of the public employee: the case of the Administration of the Generalitat de Catalunya (2009-2014)\u201d. At the same University: Degree in Advanced Studies (DEA) with a report on \u00abinter-administrative relations in the field of public safety\u00bb, BA in Political Science and Public Administration (BA special award) and a degree in Public Administration and Management.<\/p>\n<p>Employed since 2001 in the Catalan regional and local administration. In recent years, holding various positions in the field of organization and human resources.<\/p>\n<p>[\/et_pb_text][et_pb_tabs admin_label=\u00bbObras y publicaciones\u00bb _builder_version=\u00bb4.24.2&#8243; _module_preset=\u00bbdefault\u00bb custom_margin=\u00bb50px||||false|false\u00bb body_font_size_tablet=\u00bb\u00bb body_font_size_phone=\u00bb12px\u00bb body_font_size_last_edited=\u00bbon|phone\u00bb body_line_height_tablet=\u00bb\u00bb body_line_height_phone=\u00bb\u00bb body_line_height_last_edited=\u00bbon|phone\u00bb body_ul_line_height_tablet=\u00bb\u00bb body_ul_line_height_phone=\u00bb1.5em\u00bb body_ul_line_height_last_edited=\u00bbon|phone\u00bb global_colors_info=\u00bb{}\u00bb][et_pb_tab title=\u00bbArticles\u00bb _builder_version=\u00bb4.16&#8243; _module_preset=\u00bbdefault\u00bb global_colors_info=\u00bb{}\u00bb]<\/p>\n<ul>\n<li>\n<p class=\"rtejustify\">Mart\u00ednez, Rafael; Jan\u00e9, Pep (2014)<span>\u00a0<\/span><strong>\u201cAnte la polisemia del t\u00e9rmino absentismo, un intento de concreci\u00f3n de las condiciones necesarias del concepto\u201d<\/strong><span>\u00a0<\/span>Revista Gesti\u00f3n y An\u00e1lisis de Pol\u00edticas P\u00fablicas. Nueva \u00c9poca, n\u00ba 11. Instituto Nacional de Administraci\u00f3n P\u00fablica.<\/p>\n<\/li>\n<li>\n<p class=\"rtejustify\">Mart\u00ednez, Rafael; Jan\u00e9, Pep (2014)<span>\u00a0<\/span><strong>\u201cQue lo urgente no relegue lo importante: absentismo\u00a0<em>vs<\/em>\u00a0productividad\u201d<\/strong>.<span>\u00a0<\/span><em>Revista Catalana de Dret P\u00fablic<\/em>,<span>\u00a0<\/span><span>n\u00ba. 48, pp. 134-151, DOI: 10.2436\/20.8030.01.25<\/span><\/p>\n<\/li>\n<li>\n<p class=\"rtejustify\">Mart\u00ednez, Rafael; Jan\u00e9, Pep (2012)<span>\u00a0<\/span><strong>\u201cTipolog\u00eda de mecanismos de evaluaci\u00f3n de la productividad\u201d<\/strong><span>\u00a0<\/span>Buen Gobierno, n\u00ba\u00a013. M\u00e9jico, pp. 110-143<\/p>\n<\/li>\n<\/ul>\n<p>[\/et_pb_tab][et_pb_tab title=\u00bbBooks\u00bb _builder_version=\u00bb4.16&#8243; _module_preset=\u00bbdefault\u00bb global_colors_info=\u00bb{}\u00bb]<\/p>\n<ul>\n<li><span>Mart\u00ednez, Rafael; Jan\u00e9, Pep (2013)<span>\u00a0<\/span><strong>\u201cIniciatives i solucions per combatre l\u2019absentisme de l\u2019empleat p\u00fablic catal\u00e0\u201d<\/strong>, en la colecci\u00f3n Estudis de Recerca Digitals. Escola d\u2019Administraci\u00f3 P\u00fablica de Catalunya. Barcelona. ISBN-13978-84-695-9384-4\u00a0<\/span><\/li>\n<\/ul>\n<p>[\/et_pb_tab][et_pb_tab title=\u00bbReports\u00bb _builder_version=\u00bb4.24.2&#8243; _module_preset=\u00bbdefault\u00bb hover_enabled=\u00bb0&#8243; global_colors_info=\u00bb{}\u00bb sticky_enabled=\u00bb0&#8243;]<\/p>\n<ul>\n<li>Mart\u00ednez, Rafael; Jan\u00e9, Pep (2020) <strong>Weaknesses and strengths in the selection process for the jobs of Corporal and Guard of the Civil Guard Corps<\/strong>. Head of Education of the Guardia Civil. Madrid\n<p>Mart\u00ednez, Rafael; Jan\u00e9, Pep (2015) <strong>Success factors in the implementation of performance evaluation. The experience of evaluated and evaluators<\/strong>. National Institute of Public Administration. Madrid<\/p>\n<p class=\"rtejustify\">Mart\u00ednez, Rafael; Jan\u00e9, Pep\u00a0(2013)<span><strong> Initiatives and solutions to combat absenteeism among Catalan public employees<\/strong>. School of Public Administration of Catalonia<\/span>. Barcelona<\/p>\n<\/li>\n<li>\n<p class=\"rtejustify\">Mart\u00ednez<span>, Rafael;\u00a0<\/span>Jan\u00e9<span>, Pep<\/span><span>\u00a0<\/span>(2013)<span><strong> Executive report on the results of the Q\u00fcestionari: Absentisme, Productivitat i Avaluaci\u00f3 de l&#8217;Empleat P\u00fablic<\/strong> (sent to participants)<\/span><\/p>\n<\/li>\n<li>\n<p class=\"rtejustify\">Mart\u00ednez<span>, Rafael;\u00a0<\/span>Jan\u00e9<span>, Pep<\/span><span>\u00a0<\/span>(2011)\u00a0<strong>The evaluation and productivity supplement of the Catalan public employee<\/strong>.\u00a0School of Public Administration of Catalonia. Barcelona<\/p>\n<\/li>\n<\/ul>\n<p>[\/et_pb_tab][et_pb_tab title=\u00bbPapers\u00bb _builder_version=\u00bb4.16&#8243; _module_preset=\u00bbdefault\u00bb global_colors_info=\u00bb{}\u00bb]<\/p>\n<ul>\n<li>\n<p class=\"rtejustify\"><strong>\u00abEl absentismo tras la reforma de la Administraci\u00f3n: reformulaci\u00f3n terminol\u00f3gica\u00bb<\/strong><span>\u00a0<\/span>V Congreso Internacional en Gobierno, Administraci\u00f3n y Pol\u00edticas P\u00fablicas (GIGAPP). 2014. Madrid<\/p>\n<\/li>\n<li>\n<p class=\"rtejustify\"><span><strong>\u201cEvaluaci\u00f3n del empleado p\u00fablico: \u00bfqu\u00e9 y para qu\u00e9 evaluamos?\u201d<\/strong>\u00a0IV Congreso Internacional en Gobierno, Administraci\u00f3n y Pol\u00edticas P\u00fablicas (GIGAPP). 2013. Madrid<\/span><\/p>\n<\/li>\n<li>\n<p class=\"rtejustify\"><span><\/span><span><strong>\u201cQue lo urgente no relegue lo importante: absentismo vs productividad\u201d<\/strong>\u00a0XI Congr\u00e9s de l\u2019Asociaci\u00f3n Espa\u00f1ola de Ciencia Pol\u00edtica (AECPA). 2013. Sevilla<\/span><\/p>\n<\/li>\n<li>\n<p class=\"rtejustify\"><span><\/span><span><strong>\u201cTipolog\u00eda de mecanismos de evaluaci\u00f3n de la productividad\u201d<\/strong>\u00a0III Congreso Internacional en Gobierno, Administraci\u00f3n y Pol\u00edticas P\u00fablicas (GIGAPP). 2012. Madrid<\/span><\/p>\n<\/li>\n<\/ul>\n<p>[\/et_pb_tab][\/et_pb_tabs][\/et_pb_column][\/et_pb_row][\/et_pb_section]<\/p>\n","protected":false},"excerpt":{"rendered":"<p>Pep Jan\u00e9Specialist at the Government of Catalonia(Barcelona, 1970) Doctor in Law and Political Science from the University of Barcelona; with the defense of the report \u201cThe evaluation of the productivity of the public employee: the case of the Administration of the Generalitat de Catalunya (2009-2014)\u201d. At the same University: Degree in Advanced Studies (DEA) with [&hellip;]<\/p>\n","protected":false},"author":3,"featured_media":0,"parent":2926,"menu_order":0,"comment_status":"closed","ping_status":"closed","template":"","meta":{"_et_pb_use_builder":"on","_et_pb_old_content":"","_et_gb_content_width":"","footnotes":""},"class_list":["post-4305","page","type-page","status-publish","hentry"],"_links":{"self":[{"href":"https:\/\/www.ub.edu\/grapa\/wp-json\/wp\/v2\/pages\/4305","targetHints":{"allow":["GET"]}}],"collection":[{"href":"https:\/\/www.ub.edu\/grapa\/wp-json\/wp\/v2\/pages"}],"about":[{"href":"https:\/\/www.ub.edu\/grapa\/wp-json\/wp\/v2\/types\/page"}],"author":[{"embeddable":true,"href":"https:\/\/www.ub.edu\/grapa\/wp-json\/wp\/v2\/users\/3"}],"replies":[{"embeddable":true,"href":"https:\/\/www.ub.edu\/grapa\/wp-json\/wp\/v2\/comments?post=4305"}],"version-history":[{"count":2,"href":"https:\/\/www.ub.edu\/grapa\/wp-json\/wp\/v2\/pages\/4305\/revisions"}],"predecessor-version":[{"id":5532,"href":"https:\/\/www.ub.edu\/grapa\/wp-json\/wp\/v2\/pages\/4305\/revisions\/5532"}],"up":[{"embeddable":true,"href":"https:\/\/www.ub.edu\/grapa\/wp-json\/wp\/v2\/pages\/2926"}],"wp:attachment":[{"href":"https:\/\/www.ub.edu\/grapa\/wp-json\/wp\/v2\/media?parent=4305"}],"curies":[{"name":"wp","href":"https:\/\/api.w.org\/{rel}","templated":true}]}}