{"id":4345,"date":"2021-12-27T13:13:00","date_gmt":"2021-12-27T13:13:00","guid":{"rendered":"https:\/\/www.ub.edu\/grapa\/?page_id=4345"},"modified":"2022-01-25T18:05:56","modified_gmt":"2022-01-25T18:05:56","slug":"papers","status":"publish","type":"page","link":"https:\/\/www.ub.edu\/grapa\/researchresults\/papers\/","title":{"rendered":"Papers"},"content":{"rendered":"<p>[et_pb_section fb_built=\u00bb1&#8243; admin_label=\u00bbPapers\u00bb module_id=\u00bbres\u00bb _builder_version=\u00bb4.13.1&#8243; custom_padding=\u00bb||100px||false|false\u00bb global_colors_info=\u00bb{}\u00bb theme_builder_area=\u00bbpost_content\u00bb][et_pb_row admin_label=\u00bbFunci\u00f3n p\u00fablica\u00bb module_id=\u00bbpublicservice\u00bb _builder_version=\u00bb4.13.1&#8243; background_size=\u00bbinitial\u00bb background_position=\u00bbtop_left\u00bb background_repeat=\u00bbrepeat\u00bb width=\u00bb100%\u00bb width_tablet=\u00bb100%\u00bb width_phone=\u00bb100%\u00bb width_last_edited=\u00bbon|desktop\u00bb module_alignment=\u00bbcenter\u00bb custom_padding=\u00bb0px|||||\u00bb collapsed=\u00bbon\u00bb global_colors_info=\u00bb{}\u00bb theme_builder_area=\u00bbpost_content\u00bb][et_pb_column type=\u00bb4_4&#8243; _builder_version=\u00bb3.25&#8243; custom_padding=\u00bb|||\u00bb global_colors_info=\u00bb{}\u00bb custom_padding__hover=\u00bb|||\u00bb theme_builder_area=\u00bbpost_content\u00bb][et_pb_text admin_label=\u00bbTexto editable\u00bb _builder_version=\u00bb4.13.1&#8243; global_colors_info=\u00bb{}\u00bb theme_builder_area=\u00bbpost_content\u00bb]<\/p>\n<h2>1.- Public Service<\/h2>\n<ul>\n<li>Jan\u00e9, Pep; Mart\u00ednez Rafael (2014) <strong><a href=\"http:\/\/gigapp.org\/es\/component\/jresearch\/?view=publication&amp;task=show&amp;id=1503#.VDr1lPlv7pA\" target=\"_blank\" rel=\"noopener\">\u00abEl absentismo tras la reforma de la Administraci\u00f3n: una reformulaci\u00f3n terminol\u00f3gica\u00bb<\/a><\/strong> at V International Conference on Government Administration and Public Policies (GIGAPP), at the headquarters of the Instituto Nacional de Administraci\u00f3n P\u00fablica (Madrid), from 29th september until 1st october. (<a href=\"https:\/\/www.ub.edu\/grapa\/resultados\/papers\/absentismo\/\">view slideshow<\/a>)<\/li>\n<li>Mart\u00ednez Mart\u00ednez, Rafael; Jan\u00e9, Pep (2013) <strong><a href=\"http:\/\/www.gigapp.org\/administrator\/components\/com_jresearch\/files\/publications\/A01-MARTINEZ-JANE-2013.pdf\" target=\"_blank\" rel=\"noopener\">\u00abEvaluaci\u00f3n del empleado p\u00fablico: \u00bfqu\u00e9 y para qu\u00e9 evaluamos?\u00bb<\/a><\/strong> at IV International Conference on Government Administration and Public Policies (GIGAPP), at the headquarters of Instituto Nacional de Administraci\u00f3n P\u00fablica (Madrid), on 23 and 24 September\u200b\u200b<\/li>\n<li>Mart\u00ednez Mart\u00ednez, Rafael; Jan\u00e9, Pep (2013) <strong><a href=\"http:\/\/www.aecpa.es\/congresos\/11\/ponencias\/522\/\" target=\"_blank\" rel=\"noopener\">\u00abQue lo urgente no relegue lo imporatnte: absentismo vs productividad\u00bb<\/a><\/strong>; at XI Congress of the Spanish Association of Political Science and Public Administration (AECPA): Politics in uncertain times, at the University Pablo de Olavide (Seville), from 18 to 20 September\u200b<\/li>\n<li>Mart\u00ednez Mart\u00ednez, Rafael; Jan\u00e9, Pep (2012) <strong><a href=\"http:\/\/www.gigapp.org\/administrator\/components\/com_jresearch\/files\/publications\/022%20MARTINEZ%20Y%20JANE.pdf\" target=\"_blank\" rel=\"noopener\">\u00abTipolog\u00eda de sistemas de avaluaci\u00f3n del empleado p\u00fablico\u00bb<\/a><\/strong> at III International Conference on Government Administration and Public Policies (GIGAPP), at the headquarters of the Foundation-Gregorio Mara\u00f1\u00f3n (Madrid), on 27 and 28 September\u200b\u200b<\/li>\n<\/ul>\n<p>[\/et_pb_text][\/et_pb_column][\/et_pb_row][et_pb_row admin_label=\u00bbSeparador\u00bb _builder_version=\u00bb4.13.1&#8243; _module_preset=\u00bbdefault\u00bb background_size=\u00bbinitial\u00bb background_position=\u00bbtop_left\u00bb background_repeat=\u00bbrepeat\u00bb width=\u00bb100%\u00bb width_tablet=\u00bb100%\u00bb width_phone=\u00bb100%\u00bb width_last_edited=\u00bbon|desktop\u00bb module_alignment=\u00bbcenter\u00bb custom_padding=\u00bb0px|||||\u00bb collapsed=\u00bbon\u00bb global_colors_info=\u00bb{}\u00bb theme_builder_area=\u00bbpost_content\u00bb][et_pb_column type=\u00bb4_4&#8243; _builder_version=\u00bb4.12.1&#8243; _module_preset=\u00bbdefault\u00bb global_colors_info=\u00bb{}\u00bb theme_builder_area=\u00bbpost_content\u00bb][et_pb_divider color=\u00bb#6090c4&#8243; divider_style=\u00bbdashed\u00bb divider_position=\u00bbcenter\u00bb _builder_version=\u00bb4.11.4&#8243; _module_preset=\u00bbdefault\u00bb global_colors_info=\u00bb{}\u00bb theme_builder_area=\u00bbpost_content\u00bb][\/et_pb_divider][\/et_pb_column][\/et_pb_row][et_pb_row admin_label=\u00bbSeguridad y defensa\u00bb module_id=\u00bbsecurityanddefence\u00bb _builder_version=\u00bb4.13.1&#8243; background_size=\u00bbinitial\u00bb background_position=\u00bbtop_left\u00bb background_repeat=\u00bbrepeat\u00bb width=\u00bb100%\u00bb width_tablet=\u00bb100%\u00bb width_phone=\u00bb100%\u00bb width_last_edited=\u00bbon|desktop\u00bb module_alignment=\u00bbcenter\u00bb custom_padding=\u00bb0px|||||\u00bb hover_enabled=\u00bb0&#8243; collapsed=\u00bboff\u00bb global_colors_info=\u00bb{}\u00bb theme_builder_area=\u00bbpost_content\u00bb sticky_enabled=\u00bb0&#8243;][et_pb_column type=\u00bb4_4&#8243; _builder_version=\u00bb4.11.4&#8243; custom_padding=\u00bb|||\u00bb global_colors_info=\u00bb{}\u00bb custom_padding__hover=\u00bb|||\u00bb theme_builder_area=\u00bbpost_content\u00bb][et_pb_text admin_label=\u00bbTexto editable\u00bb _builder_version=\u00bb4.13.1&#8243; global_colors_info=\u00bb{}\u00bb theme_builder_area=\u00bbpost_content\u00bb]<\/p>\n<h2>2.- Security and Defence<\/h2>\n<ul>\n<li>Ad\u00e9 Portero, Isabel (2014) <strong>\u00abLa reforma de la ense\u00f1anza militar en Espa\u00f1a y su impacto en la transformaci\u00f3n de las Fuerzas Armadas\u00bb<\/strong> en el I Congreso Internacional de Estudios Militares, celebrado en Granada, del 17 al 19 de septiembre.<\/li>\n<li>Dur\u00e1n, Marien; Mart\u00ednez, Rafael (2014) <strong>\u00abInternational missions as a way to improve the civil-military relations: the Spanish case (1989-2014)\u00bb<\/strong> en el I Congreso Internacional de Estudios Militares, celebrado en Granada, del 17 al 19 de septiembre.<\/li>\n<li>Ad\u00e9 Portero, Isabel (2013) <strong><a href=\"http:\/\/www.aecpa.es\/uploads\/files\/modules\/congress\/11\/papers\/876.pdf\" target=\"_blank\" rel=\"noopener\">\u00abLa ense\u00f1anza militar en el proceso de consolidaci\u00f3n democr\u00e1tica de las fuerzas armadas\u00bb<\/a><\/strong> at XI Congress of the Spanish Association of Political Science and Public Administration (AECPA): Politics in uncertain times, at the University Pablo de Olavide (Seville), from 18 to 20 September\u200b<\/li>\n<li>D\u00edaz Fern\u00e1ndez, Antonio (2011) <strong><a href=\"http:\/\/www.aecpa.es\/congresos\/10\/ponencias\/178\/\" target=\"_blank\" rel=\"noopener\">\u00ab\u00bfControlando lo incontrolable? Modelos de control parlamentario de los servicios de inteligencia\u00bb<\/a><\/strong> at X Congress of the Spanish Association of Political Science and Public Administration (AECPA): The policy network\u200b, at University of Murcia, from 7 to 9 September<\/li>\n<li>Ad\u00e9 Portero, Isabel (2011) <strong><a href=\"http:\/\/www.aecpa.es\/uploads\/files\/modules\/congress\/10\/papers\/588.pdf\" target=\"_blank\" rel=\"noopener\">\u00abLas fuerzas armadas en las transiciones democr\u00e1ticas: el caso de Espa\u00f1a y Chile y su aplicabilidad a los pa\u00edses \u00e1rabes\u200b\u00bb<\/a><\/strong> at X Congress of the Spanish Association of Political Science and Public Administration (AECPA): The policy network\u200b, at University of Murcia, from 7 to 9 September<\/li>\n<li>Figueres Moret, Sergi (2011) <strong><a href=\"http:\/\/www.aecpa.es\/congresos\/10\/ponencias\/364\/\" target=\"_blank\" rel=\"noopener\">\u00abAmenaza latente. Las maras en Barcelona. Evoluci\u00f3n y an\u00e1lisis\u00bb<\/a> <\/strong>at X Congress of the Spanish Association of Political Science and Public Administration (AECPA): The policy network\u200b, at University of Murcia, from 7 to 9 September<\/li>\n<li>Figueres Moret, Sergi (2011) <strong><a href=\"https:\/\/www.ub.edu\/grapa\/wp-content\/uploads\/2022\/01\/PartitsPoliticsCatalans_Seguretat.pdf\" target=\"_blank\" rel=\"noopener\">\u00abEls partits pol\u00edtics catalans i la seguretat. Estudi comparatiu de les diferents estrat\u00e8gies de seguretat internacional\u00bb<\/a><\/strong>. WP num. 293. Institut de Ci\u00e8ncies Pol\u00edtiques i Socials, Barcelona<\/li>\n<\/ul>\n<p>[\/et_pb_text][\/et_pb_column][\/et_pb_row][et_pb_row admin_label=\u00bbSeparador\u00bb _builder_version=\u00bb4.13.1&#8243; _module_preset=\u00bbdefault\u00bb background_size=\u00bbinitial\u00bb background_position=\u00bbtop_left\u00bb background_repeat=\u00bbrepeat\u00bb width=\u00bb100%\u00bb width_tablet=\u00bb100%\u00bb width_phone=\u00bb100%\u00bb width_last_edited=\u00bbon|desktop\u00bb module_alignment=\u00bbcenter\u00bb custom_padding=\u00bb0px|||||\u00bb collapsed=\u00bbon\u00bb global_colors_info=\u00bb{}\u00bb theme_builder_area=\u00bbpost_content\u00bb][et_pb_column type=\u00bb4_4&#8243; _builder_version=\u00bb4.12.1&#8243; _module_preset=\u00bbdefault\u00bb global_colors_info=\u00bb{}\u00bb theme_builder_area=\u00bbpost_content\u00bb][et_pb_divider color=\u00bb#6090c4&#8243; divider_style=\u00bbdashed\u00bb divider_position=\u00bbcenter\u00bb _builder_version=\u00bb4.11.4&#8243; _module_preset=\u00bbdefault\u00bb global_colors_info=\u00bb{}\u00bb theme_builder_area=\u00bbpost_content\u00bb][\/et_pb_divider][\/et_pb_column][\/et_pb_row][et_pb_row admin_label=\u00bbOtros\u00bb _builder_version=\u00bb4.13.1&#8243; background_size=\u00bbinitial\u00bb background_position=\u00bbtop_left\u00bb background_repeat=\u00bbrepeat\u00bb width=\u00bb100%\u00bb width_tablet=\u00bb100%\u00bb width_phone=\u00bb100%\u00bb width_last_edited=\u00bbon|desktop\u00bb module_alignment=\u00bbcenter\u00bb custom_padding=\u00bb0px|||||\u00bb collapsed=\u00bboff\u00bb global_colors_info=\u00bb{}\u00bb theme_builder_area=\u00bbpost_content\u00bb][et_pb_column type=\u00bb4_4&#8243; _builder_version=\u00bb4.11.4&#8243; custom_padding=\u00bb|||\u00bb global_colors_info=\u00bb{}\u00bb custom_padding__hover=\u00bb|||\u00bb theme_builder_area=\u00bbpost_content\u00bb][et_pb_text admin_label=\u00bbTexto editable\u00bb _builder_version=\u00bb4.13.1&#8243; global_colors_info=\u00bb{}\u00bb theme_builder_area=\u00bbpost_content\u00bb]<\/p>\n<ul>\n<li>Mart\u00ednez, Rafa (2014) <strong>\u00abCambio en la percepci\u00f3n social de las FAS a pesar de la estrategia comunicativa\u00bb<\/strong> en el III Congreso Internacional en Comunicaci\u00f3n Pol\u00edtica y Estrategias de Campa\u00f1a (ALICE), celebrado en Santiado de Compostela, del 24 al 27 de septiembre<\/li>\n<li>\u200bD\u00edaz, Antonio M. (2014) <strong>\u00abDe secretos a discretos: la pol\u00edtica de apertura de los servicios de inteligencia occidentales\u00bb<\/strong> en el III Congreso Internacional en Comunicaci\u00f3n Pol\u00edtica y Estrategias de Campa\u00f1a (ALICE), celebrado en Santiago de Compostela, del 24 al 27 de septiembre\u200b<\/li>\n<li>Dopazo, Fernando (2014) <strong>\u00abInseguridad y violencia en Honduras. \u00bfRealidad o mala comunicaci\u00f3n?\u00bb<\/strong> en el III Congreso Internacional en Comunicaci\u00f3n Pol\u00edtica y Estrategias de Campa\u00f1a (ALICE), celebrado en Santiago de Compostela, del 24 al 27 de septiembre<\/li>\n<li>Ad\u00e9 Portero, Isabel (2014) <strong><a href=\"http:\/\/www.alice-comunicacionpolitica.com\/files\/ponencias\/467-F5419605b4671410949211-ponencia-1.pdf\" target=\"_blank\" rel=\"noopener\">\u00abExiguo impacto medi\u00e1tico de una intensa reforma educativa militar\u00bb<\/a><\/strong> en el III Congreso Internacional en Comunicaci\u00f3n Pol\u00edtica y Estrategias de Campa\u00f1a (ALICE), celebrado en Santiago de Compostela, del 24 al 27 de septiembre<\/li>\n<li>L\u00f3pez, V\u00edctor (2014) <strong>\u00abLa inteligencia como arma comunicativa en la arena pol\u00edtica latinoamericana\u00bb<\/strong> en el III Congreso Internacional en Comunicaci\u00f3n Pol\u00edtica y Estrategias de Campa\u00f1a (ALICE), celebrado en Santiago de Compostela, del 24 al 27 de septiembre<\/li>\n<\/ul>\n<p>[\/et_pb_text][\/et_pb_column][\/et_pb_row][\/et_pb_section]<\/p>\n","protected":false},"excerpt":{"rendered":"<p>1.- Public Service Jan\u00e9, Pep; Mart\u00ednez Rafael (2014) \u00abEl absentismo tras la reforma de la Administraci\u00f3n: una reformulaci\u00f3n terminol\u00f3gica\u00bb at V International Conference on Government Administration and Public Policies (GIGAPP), at the headquarters of the Instituto Nacional de Administraci\u00f3n P\u00fablica (Madrid), from 29th september until 1st october. (view slideshow) Mart\u00ednez Mart\u00ednez, Rafael; Jan\u00e9, Pep (2013) [&hellip;]<\/p>\n","protected":false},"author":3,"featured_media":0,"parent":4393,"menu_order":0,"comment_status":"closed","ping_status":"closed","template":"","meta":{"_et_pb_use_builder":"on","_et_pb_old_content":"","_et_gb_content_width":"","footnotes":""},"class_list":["post-4345","page","type-page","status-publish","hentry"],"_links":{"self":[{"href":"https:\/\/www.ub.edu\/grapa\/wp-json\/wp\/v2\/pages\/4345","targetHints":{"allow":["GET"]}}],"collection":[{"href":"https:\/\/www.ub.edu\/grapa\/wp-json\/wp\/v2\/pages"}],"about":[{"href":"https:\/\/www.ub.edu\/grapa\/wp-json\/wp\/v2\/types\/page"}],"author":[{"embeddable":true,"href":"https:\/\/www.ub.edu\/grapa\/wp-json\/wp\/v2\/users\/3"}],"replies":[{"embeddable":true,"href":"https:\/\/www.ub.edu\/grapa\/wp-json\/wp\/v2\/comments?post=4345"}],"version-history":[{"count":6,"href":"https:\/\/www.ub.edu\/grapa\/wp-json\/wp\/v2\/pages\/4345\/revisions"}],"predecessor-version":[{"id":4832,"href":"https:\/\/www.ub.edu\/grapa\/wp-json\/wp\/v2\/pages\/4345\/revisions\/4832"}],"up":[{"embeddable":true,"href":"https:\/\/www.ub.edu\/grapa\/wp-json\/wp\/v2\/pages\/4393"}],"wp:attachment":[{"href":"https:\/\/www.ub.edu\/grapa\/wp-json\/wp\/v2\/media?parent=4345"}],"curies":[{"name":"wp","href":"https:\/\/api.w.org\/{rel}","templated":true}]}}